{"id":18961,"date":"2025-04-07T06:04:25","date_gmt":"2025-04-07T06:04:25","guid":{"rendered":"https:\/\/www.hydraulic-cylinders.net\/product\/boom-cylinder-for-caterpillar-large-excavator-e349dl\/"},"modified":"2025-04-07T06:04:27","modified_gmt":"2025-04-07T06:04:27","slug":"boom-cylinder-for-caterpillar-large-excavator-e349dl","status":"publish","type":"product","link":"https:\/\/www.hydraulic-cylinders.net\/et\/toode\/boom-cylinder-for-caterpillar-large-excavator-e349dl\/","title":{"rendered":"Caterpillar suure ekskavaatori E349DL poomi silinder"},"content":{"rendered":"<h1>Caterpillar suure ekskavaatori E349DL poomi silinder<\/h1>\n<h2>Toote \u00fclevaade<\/h2>\n<p>Caterpillari suure ekskavaatori E349DL poomi silinder on oluline komponent, mis on loodud rasketehnika t\u00f6\u00f6 efektiivsuse parandamiseks. See h\u00fcdrauliline silinder juhib spetsiaalselt ekskavaatori poomi liikumist, v\u00f5imaldades sellel sujuvalt t\u00f5sta, langetada ja kallutada. Selle silindri n\u00f5uetekohane toimimine on \u00fclioluline mitmesuguste materjalik\u00e4itlust\u00f6\u00f6de puhul, kuna see m\u00f5jutab otseselt ekskavaatori j\u00f5udlust keerulistes t\u00f6\u00f6keskkondades.<\/p>\n<p><img decoding=\"async\" src=\"https:\/\/www.hydraulic-cylinders.net\/wp-content\/uploads\/2025\/04\/songte-company-1.webp\" alt=\"Ekskavaatorite poomi silinder\"><\/p>\n<h2>Toote omadused<\/h2>\n<ul>\n<li><strong>Suur tugevus ja vastupidavus:<\/strong> See \u00fclitugevast terasest v\u00f5i alumiiniumist valmistatud poomi silinder on konstrueeritud taluma k\u00f5rget r\u00f5hku ja suuri koormusi ning on kohandatud karmidele t\u00f6\u00f6tingimustele. See on konstrueeritud kulumiskindlust ja korrosioonikindlust silmas pidades, pikendades seel\u00e4bi selle eluiga.<\/li>\n<li><strong>T\u00f5hus h\u00fcdrauliline t\u00f6\u00f6:<\/strong> H\u00fcdraulilise \u00f5li r\u00f5hu abil saavutab see sujuva teleskoopliikumise, reageerides kiiresti juhtimisk\u00e4sklustele, et pakkuda tugevaid t\u00f5uke- ja t\u00f5mbej\u00f5ude, mis sobivad raskete esemete ja keerukate \u00fclesannete k\u00e4sitsemiseks.<\/li>\n<li><strong>Saadaval on mitmesuguseid t\u00fc\u00fcpe:<\/strong> Valikute hulka kuuluvad \u00fchetoimelised (h\u00fcdrauliline ainult \u00fches suunas) v\u00f5i kahetoimelised (h\u00fcdrauliline m\u00f5lemas suunas) silindrid, et rahuldada erinevaid t\u00f6\u00f6vajadusi. M\u00f5ned mudelid on teleskoopilised, mis v\u00f5imaldab suuremat pikendamist ilma v\u00e4lism\u00f5\u00f5tmeid suurendamata, mis sobib ideaalselt ruumipiirangutega rakenduste jaoks.<\/li>\n<\/ul>\n<h2>Tootmisv\u00f5ime<\/h2>\n<p>Meie ettev\u00f5te on spetsialiseerunud nende h\u00fcdrosilindrite tootmisele, tagades, et meie tooted on ideaalsed asendajad olemasolevatele mudelitele.<\/p>\n<p><img decoding=\"async\" src=\"https:\/\/www.hydraulic-cylinders.net\/wp-content\/uploads\/2025\/04\/songte-cylinder-head-with-all-kinds-excavator-models.webp\" alt=\"Ekskavaatori silindripea\"><\/p>\n<h2>Poomi silindri rakendused<\/h2>\n<h3>Ehitustehnika<\/h3>\n<p>Ekskavaatorites on noole silinder oluline kaevamiseks, laadimiseks ja pinnase v\u00f5i prahi teisaldamiseks. See m\u00e4ngib olulist rolli nii kaevamisel kui ka ekskavaatoritel t\u00f5stmisel, tagades ehitust\u00f6\u00f6de efektiivsuse ja t\u00e4psuse.<\/p>\n<h3>P\u00f5llumajandustehnika<\/h3>\n<p>Esilaadurites kasutatavad noolesilindrid vastutavad mulla, heina ja muude materjalide kopa kogumise, t\u00f5stmise ja transportimise eest. Nende vastupidav konstruktsioon v\u00f5imaldab neil t\u00f5husalt toime tulla p\u00f5llumajandust\u00f6\u00f6de n\u00f5udmistega.<\/p>\n<h3>Ekskavaatorid<\/h3>\n<p>Noole silinder v\u00f5imaldab ekskavaatori kopal maasse tungida, h\u00f5lbustades kaevamisprotsessi. Selle t\u00e4psus ja v\u00f5imsus v\u00f5imaldavad operaatoritel t\u00e4ita keerukaid \u00fclesandeid erinevates pinnases.<\/p>\n<h3>Laadurid<\/h3>\n<p>Esilaadurites aitavad noolesilindrid koormaid t\u00f5husalt t\u00f5sta ja kallutada, mist\u00f5ttu on need ehitus- ja p\u00f5llumajanduskeskkonnas materjalide k\u00e4itlemisel h\u00e4davajalikud.<\/p>\n<h2>Projekteerimiskaalutlused ja valikukriteeriumid<\/h2>\n<h3>Kandev\u00f5ime<\/h3>\n<p>Poomi silinder peab olema konstrueeritud nii, et see taluks m\u00e4rkimisv\u00e4\u00e4rseid koormusi ilma ohutust v\u00f5i j\u00f5udlust kahjustamata. Sobiva kandev\u00f5imega silindri valimine tagab t\u00f6\u00f6kindluse ja pikaealisuse n\u00f5udlikes t\u00f6\u00f6keskkondades.<\/p>\n<h3>Tihendus<\/h3>\n<p>T\u00f5hus tihendus on h\u00fcdraulilise r\u00f5hu s\u00e4ilitamiseks ja lekete v\u00e4ltimiseks kriitilise t\u00e4htsusega. Vastupidavatest materjalidest valmistatud kvaliteetsed tihendid tagavad silindri t\u00f5husa t\u00f6\u00f6 pikas perspektiivis.<\/p>\n<h3>Vastupidavus<\/h3>\n<p>Tootmises kasutatavad materjalid peavad olema kulumis- ja korrosioonikindlad. See vastupidavus on pika kasutusea tagamiseks h\u00e4davajalik, eriti ehitusplatsidele iseloomulikes karmides tingimustes.<\/p>\n<h3>Ohutus<\/h3>\n<p>Ohutusfunktsioonid tuleks konstruktsiooni integreerida, et v\u00e4hendada t\u00f6\u00f6 ajal tekkivaid riske. See h\u00f5lmab \u00fcler\u00f5huventiile ja vastupidavat konstruktsiooni etten\u00e4gematute pingete talumiseks.<\/p>\n<h3>Hoolduse ligip\u00e4\u00e4setavus<\/h3>\n<p>Konstruktsioon peaks h\u00f5lbustama h\u00f5lpsat hooldust, v\u00f5imaldades kiireid kontrolle ja remonte. Ligip\u00e4\u00e4setavad komponendid v\u00e4hendavad seisakuid ja suurendavad tegevuse efektiivsust.<\/p>\n<p><img decoding=\"async\" src=\"https:\/\/www.hydraulic-cylinders.net\/wp-content\/uploads\/2025\/04\/songte-oil-pipes-and-spare-parts.webp\" alt=\"H\u00fcdrauliliste silindrite osad\"><\/p>\n<h2>Tihendus ja m\u00e4\u00e4rimine<\/h2>\n<p>H\u00fcdraulilise r\u00f5hu s\u00e4ilitamiseks ja lekete v\u00e4ltimiseks kasutatakse mitmesuguseid tihendeid, n\u00e4iteks kolvitihendeid ja varrastihendeid. Kulumiskindlatest materjalidest, nagu pol\u00fcuretaan ja nitriilkummi, valmistatud tihendid suurendavad vastupidavust. Silindri korpus ja keermestatud otsapinnad on peenelt t\u00f6\u00f6deldud, et parandada kulumiskindlust. Regulaarne m\u00e4\u00e4rimine h\u00fcdraulika\u00f5liga on h\u00e4davajalik sujuva t\u00f6\u00f6 s\u00e4ilitamiseks ja kahjustuste v\u00e4ltimiseks.<\/p>\n<h2>Regulaarne kontroll ja ennetav hooldus<\/h2>\n<ul>\n<li><strong>Rutiinsed kontrollid:<\/strong> Regulaarsed kontrollid aitavad varakult avastada v\u00f5imalikke probleeme, n\u00e4iteks lekkeid v\u00f5i ebatavalist kulumist, mis v\u00f5imaldab \u00f5igeaegset hooldust.<\/li>\n<li><strong>\u00d5ige m\u00e4\u00e4rimine:<\/strong> Silindri piisava m\u00e4\u00e4rimise tagamine v\u00e4hendab h\u00f5\u00f5rdumist ja kulumist, pikendades selle kasutusiga.<\/li>\n<li><strong>Tihendi vahetamine:<\/strong> Kulunud tihendite regulaarne vahetamine hoiab \u00e4ra h\u00fcdraulikavedeliku lekked ja s\u00e4ilitab s\u00fcsteemi t\u00f5hususe.<\/li>\n<\/ul>\n<h2>Paigaldusjuhised<\/h2>\n<p>Poomi silindri \u00f5ige paigaldamine on optimaalse j\u00f5udluse saavutamiseks \u00fclioluline. Alustage veendumisest, et k\u00f5ik komponendid on puhtad ja prahist vabad. Joondage silinder t\u00e4pselt kinnitusklambritega ja kasutage selle kinnitamiseks sobivaid kinnitustugesid. Pingutage k\u00f5ik poldid tootja m\u00e4\u00e4ratud p\u00f6\u00f6rdemomendiga, et v\u00e4ltida nende lahti tulemist t\u00f6\u00f6tamise ajal. P\u00e4rast paigaldamist tehke p\u00f5hjalik test, et veenduda silindri etten\u00e4htud otstarbel toimimises, kontrollides lekete v\u00f5i ebanormaalse t\u00f6\u00f6 m\u00e4rke.<\/p>\n<h2>Levinumad hooldust\u00f6\u00f6d<\/h2>\n<ul>\n<li><strong>Regulaarsed kontrollid:<\/strong> Sagedased kontrollid lekete, kulumise v\u00f5i kahjustuste suhtes on \u00fcliolulised. Silindri \u00f5ige joondamine paigaldamise ajal on t\u00f6\u00f6probleemide v\u00e4ltimiseks v\u00f5tmet\u00e4htsusega.<\/li>\n<li><strong>Sobiv m\u00e4\u00e4rimine:<\/strong> Kasutage soovitatud h\u00fcdraulika\u00f5li ja kandke seda piisavalt, et tagada sujuv t\u00f6\u00f6. See minimeerib kulumist ja pikendab silindri t\u00f6\u00f6iga.<\/li>\n<li><strong>Tihendi vahetamine:<\/strong> J\u00e4lgige tihendite terviklikkust regulaarselt ja vahetage need vastavalt vajadusele. See hoiab \u00e4ra h\u00fcdraulikavedeliku kadu ja s\u00e4ilitab s\u00fcsteemi efektiivsuse.<\/li>\n<\/ul>\n<p><img decoding=\"async\" src=\"https:\/\/www.hydraulic-cylinders.net\/wp-content\/uploads\/2025\/04\/songte-chushion-collar.webp\" alt=\"Padjakaelus\"><\/p>\n<h2>Ohutuskaalutlused ja keskkonnategurid<\/h2>\n<p>Poomi silindrite kasutamisel on \u00fclioluline j\u00e4rgida ohutusmeetmeid. Operaatorid peavad olema koolitatud \u00e4ra tundma h\u00fcdraulikas\u00fcsteemidega seotud ohte, n\u00e4iteks k\u00f5rgsurveolukordi v\u00f5i v\u00f5imalikke mehaanilisi rikkeid. Riskide maandamiseks tuleb kanda kaitsevarustust ja rangelt j\u00e4rgida ohutusprotokolle. Lisaks on \u00f6kos\u00fcsteemide kaitsmiseks olulised keskkonnakaalutlused, sealhulgas h\u00fcdraulikavedelike n\u00f5uetekohane k\u00f5rvaldamine ja lekete minimeerimine.<\/p>\n<h2>Rikete diagnoosimine ja levinud probleemid<\/h2>\n<ul>\n<li><strong>Leke:<\/strong> Tavaliselt tekib see kulunud tihenditest v\u00f5i kahjustatud liitmikest. Regulaarne kontroll aitab lekkeid varakult tuvastada.<\/li>\n<li><strong>Halb j\u00f5udlus:<\/strong> See v\u00f5ib viidata ebapiisavale m\u00e4\u00e4rimisele v\u00f5i madalale h\u00fcdraulikavedeliku tasemele. Regulaarsed kontrollid tagavad s\u00fcsteemi optimaalse t\u00f6\u00f6.<\/li>\n<li><strong>Ebatavalised helid:<\/strong> Krigisev v\u00f5i susisev heli v\u00f5ib viidata mehaanilistele probleemidele v\u00f5i \u00f5hule h\u00fcdraulikavoolikutes, mis n\u00f5uab viivitamatut uurimist.<\/li>\n<\/ul>\n<h2>Probleemide lahendamise n\u00e4pun\u00e4ited<\/h2>\n<p>Probleemide t\u00f5husaks diagnoosimiseks pidage logi k\u00f5igist t\u00f6\u00f6 ajal ilmnenud anomaaliatest. Kasutage seda logi mustrite tuvastamiseks, mis v\u00f5ivad viidata konkreetsetele probleemidele, v\u00f5imaldades sihip\u00e4rast t\u00f5rkeotsingut. N\u00e4iteks lekke tuvastamise korral kontrollige tihendeid ja liitmikke kahjustuste suhtes ning vajadusel vahetage need v\u00e4lja. Rakendage regulaarseid ennetavaid hooldusmeetmeid riskide maandamiseks, n\u00e4iteks regulaarne m\u00e4\u00e4rimine ja kontrollimine, et v\u00e4hendada tulevaste probleemide t\u00f5en\u00e4osust.<\/p>\n<p><img decoding=\"async\" src=\"https:\/\/www.hydraulic-cylinders.net\/wp-content\/uploads\/2025\/04\/songte-bushings-with-all-kinds-of-excavator-models.webp\" alt=\"Ekskavaatorite puksid\"><\/p>\n<h2>Ettev\u00f5tte \u00fclevaade<\/h2>\n<p>Oleme juhtiv asendush\u00fcdrauliliste silindrite tootja, pakkudes laia tootevalikut nii sise- kui ka rahvusvahelistele turgudele. Meie p\u00fchendumus tipptasemele ilmneb meie rangetes tootmisjuhtimise strateegiates, kasutades t\u00e4iustatud tootmistehnoloogiat ja oskuslikku personali. Pannes suurt r\u00f5hku kvaliteedikontrollile, tagame, et iga h\u00fcdrosilinder vastab k\u00f5rgeimatele j\u00f5udlus- ja t\u00f6\u00f6kindluse standarditele.<\/p>\n<p>Meie tootevalikut t\u00e4iendavad professionaalsed kohandamisteenused, mis v\u00f5imaldavad meil rahuldada klientide ainulaadseid vajadusi. Kasutame tipptasemel tootmisseadmeid ja pakume tugevat m\u00fc\u00fcgij\u00e4rgset teenindust, et oma kliente t\u00f5husalt toetada.<\/p>\n<p><img decoding=\"async\" src=\"https:\/\/www.hydraulic-cylinders.net\/wp-content\/uploads\/2025\/04\/songte-company-4.webp\" alt=\"Ettev\u00f5tte tootmisprotsess\"><\/p>\n<p><img decoding=\"async\" src=\"https:\/\/www.hydraulic-cylinders.net\/wp-content\/uploads\/2025\/04\/songte-company-3.webp\" alt=\"Ettev\u00f5tte \u00fclevaade\"><\/p>\n<p>Autor: lyl<\/p>","protected":false},"excerpt":{"rendered":"<p>Boom Cylinder For Caterpillar Large Excavator E349DL Product Overview The Boom Cylinder for Caterpillar Large Excavator E349DL is a vital component designed to enhance the operational efficiency of heavy machinery. This hydraulic cylinder specifically controls the movement of the excavator&#8217;s boom, allowing it to lift, lower, and tilt seamlessly. The proper functioning of this cylinder [&hellip;]<\/p>","protected":false},"featured_media":17873,"comment_status":"open","ping_status":"closed","template":"","meta":{"_et_pb_use_builder":"","_et_pb_old_content":"","_et_gb_content_width":""},"product_brand":[],"product_cat":[1546],"product_tag":[1547,1496],"class_list":{"0":"post-18961","1":"product","2":"type-product","3":"status-publish","4":"has-post-thumbnail","6":"product_cat-boom-cylinders","7":"product_tag-boom-cylinders","8":"product_tag-hydraulic-cylinders","10":"first","11":"instock","12":"shipping-taxable","13":"product-type-simple"},"amp_enabled":true,"_links":{"self":[{"href":"https:\/\/www.hydraulic-cylinders.net\/et\/wp-json\/wp\/v2\/product\/18961","targetHints":{"allow":["GET"]}}],"collection":[{"href":"https:\/\/www.hydraulic-cylinders.net\/et\/wp-json\/wp\/v2\/product"}],"about":[{"href":"https:\/\/www.hydraulic-cylinders.net\/et\/wp-json\/wp\/v2\/types\/product"}],"replies":[{"embeddable":true,"href":"https:\/\/www.hydraulic-cylinders.net\/et\/wp-json\/wp\/v2\/comments?post=18961"}],"wp:featuredmedia":[{"embeddable":true,"href":"https:\/\/www.hydraulic-cylinders.net\/et\/wp-json\/wp\/v2\/media\/17873"}],"wp:attachment":[{"href":"https:\/\/www.hydraulic-cylinders.net\/et\/wp-json\/wp\/v2\/media?parent=18961"}],"wp:term":[{"taxonomy":"product_brand","embeddable":true,"href":"https:\/\/www.hydraulic-cylinders.net\/et\/wp-json\/wp\/v2\/product_brand?post=18961"},{"taxonomy":"product_cat","embeddable":true,"href":"https:\/\/www.hydraulic-cylinders.net\/et\/wp-json\/wp\/v2\/product_cat?post=18961"},{"taxonomy":"product_tag","embeddable":true,"href":"https:\/\/www.hydraulic-cylinders.net\/et\/wp-json\/wp\/v2\/product_tag?post=18961"}],"curies":[{"name":"wp","href":"https:\/\/api.w.org\/{rel}","templated":true}]}}