{"id":18962,"date":"2025-04-07T06:04:27","date_gmt":"2025-04-07T06:04:27","guid":{"rendered":"https:\/\/www.hydraulic-cylinders.net\/product\/boom-cylinder-for-caterpillar-large-excavator-e349dz\/"},"modified":"2025-04-07T06:04:29","modified_gmt":"2025-04-07T06:04:29","slug":"boom-cylinder-for-caterpillar-large-excavator-e349dz","status":"publish","type":"product","link":"https:\/\/www.hydraulic-cylinders.net\/et\/toode\/boom-cylinder-for-caterpillar-large-excavator-e349dz\/","title":{"rendered":"Caterpillar suure ekskavaatori E349DZ poomi silinder"},"content":{"rendered":"<h1>Caterpillar suure ekskavaatori E349DZ poomi silinder<\/h1>\n<h2>Toote \u00fclevaade<\/h2>\n<p>Caterpillari suure ekskavaatori E349DZ poomi silinder on spetsiaalne h\u00fcdrauliline silinder, mis on loodud rasketehnika poomi liikumise juhtimiseks. See seadeldis on \u00fclioluline materjalide t\u00f5husaks k\u00e4sitsemiseks erinevates rakendustes, mist\u00f5ttu on see h\u00e4davajalik ehituse, p\u00f5llumajanduse ja muude rasketehnikat kasutavate sektorite operaatoritele.<\/p>\n<p><img decoding=\"async\" src=\"https:\/\/www.hydraulic-cylinders.net\/wp-content\/uploads\/2025\/04\/songte-company-1.webp\" alt=\"Poomi silinder\" \/><\/p>\n<h3>Kopasilindri m\u00e4\u00e4ratlus<\/h3>\n<p>Kopa silinder on h\u00fcdraulikas\u00fcsteemide oluline komponent, mis on spetsiaalselt loodud kaevamisseadmete, n\u00e4iteks ekskavaatorite, laadur-ekskavaatori ja esilaaduri liikumise juhtimiseks. See v\u00f5imaldab kopal t\u00f5sta, langetada ja kallutada, h\u00f5lbustades mitmesuguseid materjali k\u00e4itlemise \u00fclesandeid. Need h\u00fcdraulilised silindrid m\u00e4ngivad olulist rolli raskete masinate j\u00f5udluse parandamisel, pakkudes t\u00f6\u00f6 ajal t\u00e4pset juhtimist ja v\u00f5imsust.<\/p>\n<h2>Peamised omadused<\/h2>\n<ul>\n<li><strong>Suur tugevus ja vastupidavus:<\/strong> Tavaliselt valmistatud \u00fclitugevast terasest v\u00f5i alumiiniumist, mis talub k\u00f5rget r\u00f5hku ja suuri koormusi, mist\u00f5ttu sobivad need karmidesse t\u00f6\u00f6keskkondadesse. Kulumiskindlust ja korrosioonikindlust silmas pidades on need konstrueeritud pikendama toote eluiga.<\/li>\n<li><strong>T\u00f5hus h\u00fcdrauliline t\u00f6\u00f6:<\/strong> Kasutab sujuvaks pikendamiseks ja tagasit\u00f5mbamiseks h\u00fcdraulika\u00f5li r\u00f5hku, reageerides kiiresti operaatori k\u00e4sklustele, pakkudes samal ajal m\u00e4rkimisv\u00e4\u00e4rset t\u00f5uke- ja t\u00f5mbej\u00f5udu, mis sobib ideaalselt raskete koormate ja keerukate \u00fclesannete k\u00e4sitsemiseks.<\/li>\n<li><strong>Erinevad t\u00fc\u00fcbid:<\/strong> Saadaval \u00fchetoimelise (h\u00fcdrauliline t\u00f6\u00f6tab \u00fches suunas) v\u00f5i kahetoimelise (h\u00fcdrauliline t\u00f6\u00f6tab m\u00f5lemas suunas) konfiguratsioonina, et see vastaks erinevatele t\u00f6\u00f6vajadustele. Teatud mudelid on teleskoopilised, mis v\u00f5imaldab suuremat pikendamist ilma v\u00e4lism\u00f5\u00f5tmeid suurendamata, sobides ruumipiirangutega rakenduste jaoks.<\/li>\n<\/ul>\n<p>Me toodame seda toodet ja meie silindrid saavad neid h\u00fcdraulikas\u00fcsteeme ideaalselt asendada.<\/p>\n<p><img decoding=\"async\" src=\"https:\/\/www.hydraulic-cylinders.net\/wp-content\/uploads\/2025\/04\/songte-cylinder-head-with-all-kinds-excavator-models.webp\" alt=\"H\u00fcdraulilise silindri vahetamine\" \/><\/p>\n<h2>Rakendusstsenaariumid<\/h2>\n<h3>Ehitustehnika<\/h3>\n<p>Ekskavaatorites on noolesilindrid kriitilise t\u00e4htsusega kaevamisel, laadimisel ja pinnase v\u00f5i prahi teisaldamisel. Need pakuvad mehaanilist eelist, mis on vajalik k\u00f5va pinnase l\u00e4bimiseks ja suurte koormate t\u00f5stmiseks, muutes need ehitusplatsidel asendamatuks. Ekskavaatoritel toetab kopa silinder nii kaevamis- kui ka t\u00f5stefunktsioone, suurendades mitmek\u00fclgsust erinevates \u00fclesannetes.<\/p>\n<h3>P\u00f5llumajandustehnika<\/h3>\n<p>Esilaadurites kasutatavad noolesilindrid h\u00f5lbustavad mulla, heina ja muude materjalide kaevamist, t\u00f5stmist ja transportimist. Nende t\u00f5hus t\u00f6\u00f6 v\u00f5imaldab p\u00f5llumeestel optimeerida materjalik\u00e4itlust\u00f6id, parandades tootlikkust ja v\u00e4hendades t\u00f6\u00f6j\u00f5ukulusid.<\/p>\n<h3>Ekskavaatorid<\/h3>\n<p>Kopasilindrid v\u00f5imaldavad ekskavaatoritel t\u00f5husalt pinnasesse tungida, v\u00f5imaldades t\u00f5husat kaevamist. Nende disain tagab, et nad saavad hakkama pideva t\u00f6\u00f6 raskustega, ilma et see kahjustaks j\u00f5udlust.<\/p>\n<h3>Laadurid<\/h3>\n<p>Frontaallaadurites aitavad need silindrid koormaid t\u00f5husalt t\u00f5sta ja t\u00fchjendada. Nende h\u00fcdraulilised v\u00f5imalused tagavad suurte koguste sujuva k\u00e4sitsemise, muutes need v\u00e4\u00e4rtuslikuks nii ehitus- kui ka p\u00f5llumajanduskeskkonnas.<\/p>\n<h2>Kujunduskaalutlused<\/h2>\n<h3>Kandev\u00f5ime<\/h3>\n<p>Poomi silindrite projekteerimisel on kandev\u00f5ime esmat\u00e4htis kaalutlus. Silinder peab suutma maksimaalse koormusega t\u00f5rgeteta hakkama saada, tagades t\u00f6\u00f6 ohutuse ja efektiivsuse. Tootjad kasutavad sageli t\u00e4iustatud arvutustehnikaid ja materjalikatsetusi, et tagada silindrite vastupidavus p\u00f5llul esinevatele pingetele.<\/p>\n<h3>Tihendus<\/h3>\n<p>H\u00fcdrauliliste silindrite puhul on korralik tihendus \u00fclioluline lekete v\u00e4ltimiseks ja r\u00f5hu s\u00e4ilitamiseks. Kvaliteetsete tihendite, n\u00e4iteks vastupidavatest materjalidest (nt pol\u00fcuretaanist v\u00f5i nitriilkummist) valmistatud kolvi- ja varrastihendite kasutamine suurendab silindri t\u00f6\u00f6kindlust. H\u00e4sti tihendatud silinder v\u00e4hendab hooldusest tingitud seisakuid ja tegevuskulusid.<\/p>\n<h3>Vastupidavus<\/h3>\n<p>H\u00fcdrauliliste silindrite puhul on vastupidavus \u00fclioluline, kuna need t\u00f6\u00f6tavad karmides keskkondades. Tootjad kasutavad kulumise eest kaitsmiseks vastupidavaid materjale ja t\u00e4iustatud kattetehnoloogiaid, tagades pikaealisuse ja \u00fchtlase j\u00f5udluse aja jooksul.<\/p>\n<h3>Ohutus<\/h3>\n<p>H\u00fcdrauliliste silindrite projekteerimisel on olulised ohutusfunktsioonid, sealhulgas r\u00f5hukaitseventiilid ja \u00fclekoormuskaitse. Need meetmed aitavad v\u00e4ltida katastroofilisi rikkeid, mis v\u00f5ivad p\u00f5hjustada \u00f5nnetusi ehitusplatsil. Kasutaja ohutuse tagamiseks on projekteerimisetapis \u00fclioluline l\u00e4bi viia p\u00f5hjalik ohutustestimine ja j\u00e4rgida t\u00f6\u00f6stusstandardeid.<\/p>\n<h3>Hooldatavus<\/h3>\n<p>H\u00fcdrauliliste silindrite puhul on oluline, et neid oleks lihtne hooldada. Sellised omadused nagu lihtne juurdep\u00e4\u00e4s tihenditele ja m\u00e4\u00e4rimispunktidele v\u00f5imaldavad kiiret ja t\u00f5husat hooldust, minimeerides seisakuid. H\u00e4sti l\u00e4bim\u00f5eldud hooldusprotokoll aitab kaasa seadmete \u00fcldisele elueale ja j\u00f5udlusele.<\/p>\n<p><img decoding=\"async\" src=\"https:\/\/www.hydraulic-cylinders.net\/wp-content\/uploads\/2025\/04\/songte-oil-pipes-and-spare-parts.webp\" alt=\"H\u00fcdraulilise silindri hooldus\" \/><\/p>\n<h2>Tihendus ja m\u00e4\u00e4rimine<\/h2>\n<p>H\u00fcdrauliliste silindrite tihendamine ja m\u00e4\u00e4rimine on nende t\u00f5husa t\u00f6\u00f6 jaoks kriitilise t\u00e4htsusega. R\u00f5hu hoidmiseks ja lekete v\u00e4ltimiseks kasutatakse mitmesuguseid tihendeid, sealhulgas kolvitihendeid ja varrastihendeid. Kulumiskindlate materjalide, n\u00e4iteks pol\u00fcuretaani ja nitriilkummi valimine suurendab nende tihendite vastupidavust. Lisaks sellele t\u00f6\u00f6deldakse silindri korpust ja keermestatud otsasid kulumiskindluse parandamiseks t\u00e4ppist\u00f6\u00f6tlusega.<\/p>\n<p>Regulaarne m\u00e4\u00e4rimine on optimaalse j\u00f5udluse saavutamiseks \u00fclioluline. Operaatorid peaksid perioodiliselt kontrollima ja lisama h\u00fcdraulika\u00f5li, et tagada komponentide sujuv liikumine, v\u00e4ltida tarbetut kulumist ja pikendada silindri eluiga. H\u00e4sti hooldatud m\u00e4\u00e4rimiss\u00fcsteem suurendab h\u00fcdraulikatoimingute t\u00f5husust ja efektiivsust.<\/p>\n<h2>Regulaarne hooldus ja ennetavad meetmed<\/h2>\n<ul>\n<li><strong>Regulaarsed kontrollid:<\/strong> Tehke h\u00fcdrauliliste silindrite p\u00f5hjalik kontroll kulumise, lekete v\u00f5i kahjustuste suhtes. Probleemide varajane avastamine aitab v\u00e4ltida suuremaid probleeme hiljem.<\/li>\n<li><strong>\u00d5ige m\u00e4\u00e4rimine:<\/strong> Veenduge, et k\u00f5ik liikuvad osad oleksid piisavalt m\u00e4\u00e4ritud kvaliteetse h\u00fcdraulika\u00f5liga. See aitab v\u00e4hendada h\u00f5\u00f5rdumist ja kulumist, tagades sujuva t\u00f6\u00f6.<\/li>\n<li><strong>Tihendi vahetamine:<\/strong> Kontrollige regulaarselt tihendite kulumist ja vajadusel vahetage need v\u00e4lja. See on \u00fclioluline lekete v\u00e4ltimiseks ja h\u00fcdraulilise r\u00f5hu s\u00e4ilitamiseks.<\/li>\n<\/ul>\n<h2>Paigaldusjuhised<\/h2>\n<p>H\u00fcdrauliliste silindrite paigaldamisel j\u00e4rgige n\u00f5uetekohase toimimise tagamiseks j\u00e4rgmisi juhiseid:<\/p>\n<ol>\n<li><strong>Joondus:<\/strong> Veenduge, et silinder oleks kinnituspunktidega \u00f5igesti joondatud. Vale joondamine v\u00f5ib p\u00f5hjustada enneaegset kulumist ja kahjustusi.<\/li>\n<li><strong>Paigaldustugi:<\/strong> Kasutage silindri kindlale kohale kinnitamiseks sobivaid kinnitusklambreid. See tagab stabiilsuse ja hoiab \u00e4ra liikumise t\u00f6\u00f6tamise ajal.<\/li>\n<li><strong>H\u00fcdraulilised \u00fchendused:<\/strong> Veenduge, et k\u00f5ik h\u00fcdraulikavoolikud on kindlalt \u00fchendatud ja leketeta. Enne kasutamist kontrollige s\u00fcsteemi, et veenduda selle korrektses toimimises.<\/li>\n<li><strong>L\u00f5plikud kontrollid:<\/strong> Kontrollige paigaldust p\u00f5hjalikult, veendudes, et k\u00f5ik poldid ja \u00fchendused on tootja spetsifikatsioonide kohaselt pingutatud.<\/li>\n<\/ol>\n<h2>Levinumad hooldust\u00f6\u00f6d<\/h2>\n<ul>\n<li><strong>Regulaarsed kontrollid:<\/strong> H\u00fcdraulikas\u00fcsteemi sagedane hindamine lekete, kulumise v\u00f5i muude probleemide suhtes on oluline. Regulaarsed kontrollid aitavad tuvastada v\u00f5imalikke probleeme enne nende s\u00fcvenemist.<\/li>\n<li><strong>Sobiv m\u00e4\u00e4rimine:<\/strong> Veenduge, et m\u00e4\u00e4rimispunktides kasutatakse \u00f5iget t\u00fc\u00fcpi h\u00fcdraulika\u00f5li. N\u00f5uetekohane m\u00e4\u00e4rimine on h\u00fcdraulikasilindri efektiivsuse ja pikaealisuse s\u00e4ilitamiseks \u00fclioluline.<\/li>\n<li><strong>Tihendi vahetamine ja kalibreerimise kontrollimine:<\/strong> T\u00e4pse t\u00f6\u00f6 tagamiseks vahetage regulaarselt tihendeid ja kalibreerige s\u00fcsteemi. See hoiab \u00e4ra r\u00f5hukadu ja parandab j\u00f5udlust.<\/li>\n<\/ul>\n<h2>Ohutuskaalutlused<\/h2>\n<p>H\u00fcdrauliliste silindrite kasutamisel on ohutusmeetmed \u00fcliolulised. Operaatorid peaksid olema koolitatud h\u00fcdrauliliste s\u00fcsteemide \u00f5ige kasutamise ja k\u00e4sitsemise osas, et v\u00e4ltida \u00f5nnetusi. Lisaks tuleks s\u00fcsteemide ohutu toimimise tagamiseks teha regulaarset hooldust ja \u00fclevaatusi. H\u00fcdrauliliste riketega seotud riskide minimeerimiseks on soovitatav kasutada ka isikukaitsevahendeid.<\/p>\n<h2>Rikete diagnoosimine ja levinud probleemid<\/h2>\n<ul>\n<li><strong>Leke:<\/strong> \u00dcks levinumaid probleeme, mille p\u00f5hjuseks on sageli kulunud tihendid. H\u00fcdraulilise r\u00f5hu kadumise v\u00e4ltimiseks on vaja tihendeid kohe kontrollida ja vahetada.<\/li>\n<li><strong>Aeglane t\u00f6\u00f6:<\/strong> See v\u00f5ib viidata ebapiisavale h\u00fcdraulikavedelikule v\u00f5i s\u00fcsteemis olevale \u00f5hule. Kontrollige vedeliku taset ja vajadusel \u00f5hutage s\u00fcsteemi.<\/li>\n<li><strong>\u00dclekuumenemine:<\/strong> Liigne kuumus v\u00f5ib viidata \u00fclekoormusele v\u00f5i ebapiisavale m\u00e4\u00e4rimisele. J\u00e4lgige regulaarselt temperatuuri ja veenduge, et m\u00e4\u00e4rimine oleks piisav.<\/li>\n<\/ul>\n<h2>Veaotsingu n\u00e4pun\u00e4ited<\/h2>\n<p>H\u00fcdrauliliste silindrite probleemide t\u00f5husaks diagnoosimiseks ja lahendamiseks kaaluge j\u00e4rgmisi n\u00e4pun\u00e4iteid:<\/p>\n<ul>\n<li>Kontrollige regulaarselt vedeliku taset ja lisage vastavalt vajadusele. Madal vedeliku tase v\u00f5ib p\u00f5hjustada ebapiisavat r\u00f5hku ja t\u00f6\u00f6 ebaefektiivsust.<\/li>\n<li>J\u00e4lgige h\u00fcdros\u00fcsteemi toimimist. K\u00f5ik ebatavalised helid v\u00f5i t\u00f6\u00f6 muutused tuleks viivitamatult uurida.<\/li>\n<li>Rakendage ennetavaid hooldusmeetmeid, sealhulgas regulaarseid kontrolle, m\u00e4\u00e4rimist ja tihendite \u00f5igeaegset vahetamist, et minimeerida v\u00f5imalikke probleeme.<\/li>\n<\/ul>\n<p><img decoding=\"async\" src=\"https:\/\/www.hydraulic-cylinders.net\/wp-content\/uploads\/2025\/04\/songte-bushings-with-all-kinds-of-excavator-models.webp\" alt=\"H\u00fcdrauliliste silindrite t\u00f5rkeotsing\" \/><\/p>\n<h2>Ettev\u00f5tte \u00fclevaade<\/h2>\n<p>Oleme juhtiv asendush\u00fcdrauliliste silindrite tootja, pakkudes laia tootevalikut nii sise- kui ka rahvusvahelisel turul. Meie p\u00fchendumus tipptasemele ja t\u00e4psele tootmisele tagab, et rahuldame oma klientide mitmekesiseid vajadusi. Keskendudes kvaliteetsele tootmisele, kasutame oma v\u00f5imete t\u00e4iustatud tootmistehnikaid ja oskuslikku t\u00f6\u00f6j\u00f5udu.<\/p>\n<p>Meie tooteid toetab professionaalne sertifitseerimine ja pakume kohandatud teenuseid, et rahuldada klientide konkreetseid vajadusi. Meie tootmis\u00fcksused on varustatud tipptasemel masinapargi ja p\u00f5hjaliku kvaliteedikontrollis\u00fcsteemiga, mis tagab iga toote vastavuse rangetele standarditele. Lisaks pakume erakordset m\u00fc\u00fcgij\u00e4rgset tuge, tagades klientide rahulolu ja pikaajalised partnerlused.<\/p>\n<p><img decoding=\"async\" src=\"https:\/\/www.hydraulic-cylinders.net\/wp-content\/uploads\/2025\/04\/songte-company-4.webp\" alt=\"Ettev\u00f5tte \u00fclevaade\" \/><br \/>\n<img decoding=\"async\" src=\"https:\/\/www.hydraulic-cylinders.net\/wp-content\/uploads\/2025\/04\/songte-company-3.webp\" alt=\"Meie tootmis\u00fcksused\" \/><\/p>\n<p>Autor: lyl<\/p>","protected":false},"excerpt":{"rendered":"<p>Boom Cylinder For Caterpillar Large Excavator E349DZ Product Overview The Boom Cylinder for Caterpillar Large Excavator E349DZ is a specialized hydraulic cylinder designed to control the movement of the boom on heavy machinery. This apparatus is crucial in the efficient handling of materials in various applications, making it essential for operators in construction, agriculture, and [&hellip;]<\/p>","protected":false},"featured_media":17874,"comment_status":"open","ping_status":"closed","template":"","meta":{"_et_pb_use_builder":"","_et_pb_old_content":"","_et_gb_content_width":""},"product_brand":[],"product_cat":[1546],"product_tag":[1547,1496],"class_list":{"0":"post-18962","1":"product","2":"type-product","3":"status-publish","4":"has-post-thumbnail","6":"product_cat-boom-cylinders","7":"product_tag-boom-cylinders","8":"product_tag-hydraulic-cylinders","10":"first","11":"instock","12":"shipping-taxable","13":"product-type-simple"},"amp_enabled":true,"_links":{"self":[{"href":"https:\/\/www.hydraulic-cylinders.net\/et\/wp-json\/wp\/v2\/product\/18962","targetHints":{"allow":["GET"]}}],"collection":[{"href":"https:\/\/www.hydraulic-cylinders.net\/et\/wp-json\/wp\/v2\/product"}],"about":[{"href":"https:\/\/www.hydraulic-cylinders.net\/et\/wp-json\/wp\/v2\/types\/product"}],"replies":[{"embeddable":true,"href":"https:\/\/www.hydraulic-cylinders.net\/et\/wp-json\/wp\/v2\/comments?post=18962"}],"wp:featuredmedia":[{"embeddable":true,"href":"https:\/\/www.hydraulic-cylinders.net\/et\/wp-json\/wp\/v2\/media\/17874"}],"wp:attachment":[{"href":"https:\/\/www.hydraulic-cylinders.net\/et\/wp-json\/wp\/v2\/media?parent=18962"}],"wp:term":[{"taxonomy":"product_brand","embeddable":true,"href":"https:\/\/www.hydraulic-cylinders.net\/et\/wp-json\/wp\/v2\/product_brand?post=18962"},{"taxonomy":"product_cat","embeddable":true,"href":"https:\/\/www.hydraulic-cylinders.net\/et\/wp-json\/wp\/v2\/product_cat?post=18962"},{"taxonomy":"product_tag","embeddable":true,"href":"https:\/\/www.hydraulic-cylinders.net\/et\/wp-json\/wp\/v2\/product_tag?post=18962"}],"curies":[{"name":"wp","href":"https:\/\/api.w.org\/{rel}","templated":true}]}}