{"id":18971,"date":"2025-04-07T06:04:50","date_gmt":"2025-04-07T06:04:50","guid":{"rendered":"https:\/\/www.hydraulic-cylinders.net\/product\/boom-cylinder-for-caterpillar-large-excavator-e450\/"},"modified":"2025-04-07T06:04:53","modified_gmt":"2025-04-07T06:04:53","slug":"boom-cylinder-for-caterpillar-large-excavator-e450","status":"publish","type":"product","link":"https:\/\/www.hydraulic-cylinders.net\/et\/toode\/boom-cylinder-for-caterpillar-large-excavator-e450\/","title":{"rendered":"Caterpillar suure ekskavaatori E450 poomi silinder"},"content":{"rendered":"<h1>Caterpillar suure ekskavaatori E450 poomi silinder<\/h1>\n<h2>Poomi silindrite m\u00f5istmine<\/h2>\n<p>Noole silinder on h\u00fcdraulilise silindri t\u00fc\u00fcp, mis on spetsiaalselt loodud raskete masinate, n\u00e4iteks ekskavaatorite, koppide ja esilaadurite noole liikumise juhtimiseks. See v\u00f5imaldab noolel t\u00f5usta, langetada ja kallutada, h\u00f5lbustades materjalide k\u00e4itlemise \u00fclesandeid t\u00f5husalt. Noole silinder on h\u00fcdraulikas\u00fcsteemide oluline komponent, kuna see muundab h\u00fcdraulilise r\u00f5hu mehaaniliseks j\u00f5uks, v\u00f5imaldades ekskavaatori noole t\u00e4pset liikumist.<\/p>\n<p><img decoding=\"async\" src=\"https:\/\/www.hydraulic-cylinders.net\/wp-content\/uploads\/2025\/04\/songte-company-1.webp\" alt=\"Poomi silindri pilt\" \/><\/p>\n<h3>Poomi silindri p\u00f5hijooned<\/h3>\n<ul>\n<li><strong>Suur tugevus ja vastupidavus:<\/strong> Tavaliselt valmistatud \u00fclitugevast terasest v\u00f5i alumiiniumist, need silindrid taluvad k\u00f5rget r\u00f5hku ja suuri koormusi, mist\u00f5ttu sobivad need karmidesse t\u00f6\u00f6keskkondadesse.<\/li>\n<li><strong>T\u00f5hus h\u00fcdrauliline t\u00f6\u00f6:<\/strong> H\u00fcdraulilise \u00f5li r\u00f5hu kasutamine sujuvaks pikendamiseks ja tagasit\u00f5mbamiseks, mis v\u00f5imaldab kiiret reageerimist juhtimisk\u00e4sklustele ning pakub v\u00f5imsaid t\u00f5uke- ja t\u00f5mbev\u00f5imeid.<\/li>\n<li><strong>T\u00fc\u00fcpide mitmekesisus:<\/strong> Saadaval \u00fchetoimelise (kasutab h\u00fcdraulilist j\u00f5udu \u00fches suunas) v\u00f5i kahetoimelise (kasutab h\u00fcdraulilist j\u00f5udu m\u00f5lemas suunas) variandina, et rahuldada erinevaid t\u00f6\u00f6vajadusi. M\u00f5ned mudelid on teleskoopilised, mis v\u00f5imaldab suuremat pikendamist ilma v\u00e4lism\u00f5\u00f5tmeid suurendamata, mis sobib ideaalselt ruumikitsastes rakendustes.<\/li>\n<\/ul>\n<p>Me toodame kvaliteetseid poomi silindreid, mis asendavad ideaalselt olemasolevaid h\u00fcdrosilindreid.<\/p>\n<p><img decoding=\"async\" src=\"https:\/\/www.hydraulic-cylinders.net\/wp-content\/uploads\/2025\/04\/songte-cylinder-head-with-all-kinds-excavator-models.webp\" alt=\"Ekskavaatori mudelid\" \/><\/p>\n<h2>Poomi silindri rakendused<\/h2>\n<h3>Ehitustehnika<\/h3>\n<p>Ekskavaatorites on noolesilindrid \u00fcliolulised kaevamiseks, laadimiseks ja mulla v\u00f5i prahi teisaldamiseks. Need annavad kopale vajaliku j\u00f5u pinnasesse tungimiseks, muutes kaevamist\u00f6\u00f6d t\u00f5husaks. Ekskavaatorites abistavad need nii kaevamis- kui ka t\u00f5stet\u00f6\u00f6del, pakkudes mitmek\u00fclgset funktsionaalsust t\u00f6\u00f6platsidel.<\/p>\n<h3>P\u00f5llumajandustehnika<\/h3>\n<p>Esilaadurites on noolesilindrid olulised mulla, heina ja muude materjalide kopeerimiseks, t\u00f5stmiseks ja transportimiseks. Nende konstruktsioon tagab, et need laadurid suudavad t\u00e4ita mitmesuguseid \u00fclesandeid alates veoautode laadimisest kuni maapinna tasandamiseni, suurendades t\u00f5husalt p\u00f5llumajanduse tootlikkust.<\/p>\n<h3>Ekskavaatorid<\/h3>\n<p>Noolesilindrid v\u00f5imaldavad ekskavaatoritel kaevamistoiminguid teha, lastes kopal t\u00f5husalt pinnasesse tungida. See v\u00f5ime on \u00fclioluline mitmesuguste \u00fclesannete, sealhulgas kaevamise ja platsi ettevalmistamise jaoks, kus on vaja t\u00e4psust ja v\u00f5imsust.<\/p>\n<h3>Laadurid<\/h3>\n<p>Frontaallaadurites aitavad need silindrid koormaid t\u00f5husalt t\u00f5sta ja t\u00fchjendada. Need tagavad materjalide kiire teisaldamise \u00fchest kohast teise, h\u00f5lbustades kiiremat t\u00f6\u00f6d ehitusplatsidel.<\/p>\n<h2>Poomi silindrite projekteerimiskaalutlused<\/h2>\n<h3>Kandev\u00f5ime<\/h3>\n<p>Poomi silindri kandev\u00f5ime on selle konstruktsioonis kriitilise t\u00e4htsusega tegur. See peab suutma taluda maksimaalset raskust, millega see t\u00f6\u00f6tamise ajal kokku puutub, ilma et see kahjustaks ohutust v\u00f5i j\u00f5udlust. Insenerid peavad arvutama sobivad koormuspiirangud masina kavandatud kasutuse ja t\u00f6\u00f6keskkonna p\u00f5hjal.<\/p>\n<h3>Tihendus<\/h3>\n<p>T\u00f5hus tihendamine on \u00fclioluline h\u00fcdraulilise vedeliku lekete v\u00e4ltimiseks, mis v\u00f5ivad v\u00e4hendada j\u00f5udlust ja p\u00f5hjustada keskkonnaohtu. Tihendusmaterjalide, n\u00e4iteks pol\u00fcuretaani ja nitriilkummi, valik on oluline vastupidavuse ja h\u00fcdrauliliste vedelikega \u00fchilduvuse tagamiseks.<\/p>\n<h3>Vastupidavus<\/h3>\n<p>Poomi silindrite projekteerimisel on vastupidavus esmat\u00e4htis. Need peavad vastu pidama kulumisele ja rebenemisele karmides t\u00f6\u00f6tingimustes, sealhulgas kokkupuutel mustuse, niiskuse ja \u00e4\u00e4rmuslike temperatuuridega. Pikaealisuse suurendamiseks kasutatakse sageli kvaliteetseid materjale ja kaitsekatteid.<\/p>\n<h3>Ohutus<\/h3>\n<p>H\u00fcdrauliliste silindrite projekteerimisel on ohutusfunktsioonid olulised. Nende hulka v\u00f5ivad kuuluda \u00fclekoormuse v\u00e4ltimiseks ja ohutu t\u00f6\u00f6 tagamiseks erinevates tingimustes. Riskide maandamiseks on vajalikud regulaarsed ohutuskontrollid ja t\u00f6\u00f6protokollide j\u00e4rgimine.<\/p>\n<h3>Hooldus<\/h3>\n<p>Hoolduskaalutlused m\u00e4ngivad noolesilindrite projekteerimisel olulist rolli. See h\u00f5lmab h\u00f5lpsat juurdep\u00e4\u00e4su kontrollimiseks, remondiks ja kulunud komponentide vahetamiseks. H\u00e4sti disainitud silinder lihtsustab hooldust\u00f6id, tagades seadmete t\u00f6\u00f6korras ja t\u00f5husa toimimise.<\/p>\n<p><img decoding=\"async\" src=\"https:\/\/www.hydraulic-cylinders.net\/wp-content\/uploads\/2025\/04\/songte-oil-pipes-and-spare-parts.webp\" alt=\"H\u00fcdraulilised osad\" \/><\/p>\n<h2>Poomi silindrite tihendamine ja m\u00e4\u00e4rimine<\/h2>\n<p>Poomi silindrite optimaalseks t\u00f6\u00f6ks on \u00fclioluline korralik tihendamine ja m\u00e4\u00e4rimine. H\u00fcdraulilise vedeliku lekete v\u00e4ltimiseks kasutatakse mitmesuguseid tihenduskomponente, n\u00e4iteks kolvitihendeid ja vardatihendeid. Kulumiskindlatest materjalidest, nagu pol\u00fcuretaan ja nitriilkummi, valmistatud tihendid tagavad pikaealisuse ja t\u00f6\u00f6kindluse.<\/p>\n<p>Silindri ja keermestatud otsapinnad l\u00e4bivad kulumiskindluse suurendamiseks t\u00e4ppist\u00f6\u00f6tluse. Sujuva t\u00f6\u00f6 s\u00e4ilitamiseks, h\u00f5\u00f5rdumise v\u00e4hendamiseks ja silindri eluea pikendamiseks on vajalik regulaarne m\u00e4\u00e4rimine h\u00fcdraulika\u00f5liga.<\/p>\n<h2>Regulaarne kontroll ja ennetav hooldus<\/h2>\n<ul>\n<li><strong>Sagedased kontrollid:<\/strong> Kulumis- v\u00f5i kahjustusm\u00e4rkide tuvastamiseks on oluline regulaarne kontroll. See peaks h\u00f5lmama vedelikulekete, tihendite terviklikkuse ja silindri \u00fcldise seisukorra kontrollimist.<\/li>\n<li><strong>\u00d5ige m\u00e4\u00e4rimine:<\/strong> Silindri n\u00f5uetekohase m\u00e4\u00e4rimise tagamine \u00f5iget t\u00fc\u00fcpi ja koguse h\u00fcdraulika\u00f5liga on rikete v\u00e4ltimiseks ja j\u00f5udluse s\u00e4ilitamiseks \u00fclioluline.<\/li>\n<li><strong>Tihendi vahetamine:<\/strong> Lekete v\u00e4ltimiseks ja efektiivsuse s\u00e4ilitamiseks tuleks tihendeid perioodiliselt vahetada vastavalt kasutamisele ja keskkonnatingimustele.<\/li>\n<\/ul>\n<h2>N\u00f5uetekohased paigaldusjuhised<\/h2>\n<p>Poomi silindri \u00f5ige paigaldamine on selle j\u00f5udluse ja pikaealisuse seisukohalt kriitilise t\u00e4htsusega. Alustage silindri \u00f5igest joondamisest kinnitusklambritega, et v\u00e4ltida tihendite ja \u00fchenduste liigset pinget. Kasutage silindri kinnitamiseks sobivaid kinnitusklambreid, mis v\u00f5imaldavad optimaalset liikumist ja toimimist.<\/p>\n<p>Samuti on oluline kontrollida k\u00f5igi h\u00fcdrauliliste \u00fchenduste tihedust, et v\u00e4ltida lekkeid. P\u00e4rast paigaldamist tehke enne seadme kasutuselev\u00f5ttu p\u00f5hjalik kontroll, et veenduda k\u00f5ige korrektses toimimises.<\/p>\n<h2>Levinumad hooldust\u00f6\u00f6d<\/h2>\n<ul>\n<li><strong>Regulaarne kontroll:<\/strong> Regulaarsete kontrollide tegemine kulumis-, lekete- ja kahjustuste tunnuste suhtes tagab, et k\u00f5ik v\u00f5imalikud probleemid lahendatakse kiiresti.<\/li>\n<li><strong>\u00d5ige m\u00e4\u00e4rimine:<\/strong> Silindri regulaarne m\u00e4\u00e4rimine aitab s\u00e4ilitada sujuvat t\u00f6\u00f6d ja pikendada selle eluiga. See h\u00f5lmab silindrisse vastavalt vajadusele \u00f5iget t\u00fc\u00fcpi h\u00fcdraulika\u00f5li lisamist.<\/li>\n<li><strong>Tihendi vahetamine ja kalibreerimise kontrollimine:<\/strong> Silindri efektiivsuse s\u00e4ilitamiseks on oluline perioodiliselt tihendeid vahetada ja kalibreerimist kontrollida. See protsess h\u00f5lmab k\u00f5igi komponentide \u00f5ige joondamise tagamist optimaalse toimimise tagamiseks.<\/li>\n<\/ul>\n<h2>Ohutuskaalutlused ja keskkonnategurid<\/h2>\n<p>Poomisilindrite kasutamisel on ohutusmeetmed \u00fcliolulised. Operaatorid peaksid olema koolitatud h\u00fcdraulikaseadmete \u00f5igeks kasutamiseks, et minimeerida riske. Lisaks tagab masinate k\u00e4sitsemisel sobivate isikukaitsevahendite (IKV) kasutamine ohutuma t\u00f6\u00f6keskkonna.<\/p>\n<h2>Veaotsing ja levinud probleemid<\/h2>\n<ul>\n<li><strong>H\u00fcdraulilise vedeliku lekked:<\/strong> Kui m\u00e4rkate h\u00fcdraulikavedeliku leket, kontrollige tihendeid ja \u00fchendusi kahjustuste v\u00f5i kulumise suhtes. Kulunud tihendite \u00f5igeaegne vahetamine aitab edasisi lekkeid v\u00e4ltida.<\/li>\n<li><strong>Halb j\u00f5udlus:<\/strong> Kui poomi silinder ei reageeri \u00f5igesti, kontrollige vedeliku taset ja otsige h\u00fcdraulikas\u00fcsteemist \u00f5hku, mis v\u00f5ib vajada \u00f5hutamist.<\/li>\n<li><strong>\u00dclekuumenemine:<\/strong> Kui h\u00fcdros\u00fcsteem kuumeneb \u00fcle, kontrollige h\u00fcdrovoolikute ummistusi v\u00f5i ebapiisavat vedelikutaset, mis v\u00f5ib p\u00f5hjustada t\u00f6\u00f6probleeme.<\/li>\n<\/ul>\n<h2>Veaotsingu n\u00e4pun\u00e4ited<\/h2>\n<p>Poomi silindri probleemide t\u00f5husaks diagnoosimiseks ja lahendamiseks on oluline j\u00e4rgida s\u00fcstemaatilist l\u00e4henemisviisi. Alustage visuaalse kontrolliga, et tuvastada ilmseid lekkeid v\u00f5i kahjustusi. Kontrollige kindlasti h\u00fcdraulikavedeliku taset ning voolikute ja \u00fchenduste seisukorda. Regulaarne hooldus aitab tuvastada potentsiaalseid probleeme enne nende s\u00fcvenemist, tagades teie seadmete pikaealisuse ja t\u00f5hususe.<\/p>\n<p><img decoding=\"async\" src=\"https:\/\/www.hydraulic-cylinders.net\/wp-content\/uploads\/2025\/04\/songte-bushings-with-all-kinds-of-excavator-models.webp\" alt=\"Ekskavaatorite puksid\" \/><\/p>\n<h2>Meie ettev\u00f5ttest<\/h2>\n<p>Oleme juhtiv asendush\u00fcdrauliliste silindrite tootja, pakkudes laia tootevalikut nii sise- kui ka rahvusvahelistele turgudele. Meie p\u00fchendumust tipptasemele toetab t\u00e4iustatud tootmisstrateegia, mis kasutab oskuslikke tehnilisi oskusi, t\u00e4iustatud digitaalseid tootmisseadmeid ja professionaalseid testimiss\u00fcsteeme.<\/p>\n<p>T\u00e4iustame pidevalt oma tootmisplatvormi, tagades samal ajal kvaliteetsed tootmisliinid. Meie v\u00f5imekus v\u00f5imaldab meil rahuldada klientide mitmekesiseid vajadusi t\u00f5husalt ja t\u00e4pselt, s\u00e4ilitades samal ajal k\u00f5rged kvaliteedi-, efektiivsus- ja t\u00e4psusstandardid.<\/p>\n<p><img decoding=\"async\" src=\"https:\/\/www.hydraulic-cylinders.net\/wp-content\/uploads\/2025\/04\/songte-company-4.webp\" alt=\"Ettev\u00f5tte \u00fclevaade\" \/><br \/>\n<img decoding=\"async\" src=\"https:\/\/www.hydraulic-cylinders.net\/wp-content\/uploads\/2025\/04\/songte-company-3.webp\" alt=\"Tootmis\u00fcksus\" \/><\/p>\n<p>Meie fookusvaldkondade hulka kuuluvad spetsialiseeritud tootmine, rahvusvahelised sertifikaadid, kohandatud teenused, t\u00e4iustatud tootmisseadmed ja erakordne m\u00fc\u00fcgij\u00e4rgne tugi.<\/p>\n<p>Autor: lyl<\/p>","protected":false},"excerpt":{"rendered":"<p>Boom Cylinder For Caterpillar Large Excavator E450 Understanding Boom Cylinders A boom cylinder is a type of hydraulic cylinder specifically designed to control the movement of the boom on heavy machinery like excavators, backhoes, and front loaders. It enables the boom to lift, lower, and tilt, facilitating material handling tasks efficiently. The boom cylinder is [&hellip;]<\/p>","protected":false},"featured_media":17868,"comment_status":"open","ping_status":"closed","template":"","meta":{"_et_pb_use_builder":"","_et_pb_old_content":"","_et_gb_content_width":""},"product_brand":[],"product_cat":[1546],"product_tag":[1547,1496],"class_list":{"0":"post-18971","1":"product","2":"type-product","3":"status-publish","4":"has-post-thumbnail","6":"product_cat-boom-cylinders","7":"product_tag-boom-cylinders","8":"product_tag-hydraulic-cylinders","10":"first","11":"instock","12":"shipping-taxable","13":"product-type-simple"},"amp_enabled":true,"_links":{"self":[{"href":"https:\/\/www.hydraulic-cylinders.net\/et\/wp-json\/wp\/v2\/product\/18971","targetHints":{"allow":["GET"]}}],"collection":[{"href":"https:\/\/www.hydraulic-cylinders.net\/et\/wp-json\/wp\/v2\/product"}],"about":[{"href":"https:\/\/www.hydraulic-cylinders.net\/et\/wp-json\/wp\/v2\/types\/product"}],"replies":[{"embeddable":true,"href":"https:\/\/www.hydraulic-cylinders.net\/et\/wp-json\/wp\/v2\/comments?post=18971"}],"wp:featuredmedia":[{"embeddable":true,"href":"https:\/\/www.hydraulic-cylinders.net\/et\/wp-json\/wp\/v2\/media\/17868"}],"wp:attachment":[{"href":"https:\/\/www.hydraulic-cylinders.net\/et\/wp-json\/wp\/v2\/media?parent=18971"}],"wp:term":[{"taxonomy":"product_brand","embeddable":true,"href":"https:\/\/www.hydraulic-cylinders.net\/et\/wp-json\/wp\/v2\/product_brand?post=18971"},{"taxonomy":"product_cat","embeddable":true,"href":"https:\/\/www.hydraulic-cylinders.net\/et\/wp-json\/wp\/v2\/product_cat?post=18971"},{"taxonomy":"product_tag","embeddable":true,"href":"https:\/\/www.hydraulic-cylinders.net\/et\/wp-json\/wp\/v2\/product_tag?post=18971"}],"curies":[{"name":"wp","href":"https:\/\/api.w.org\/{rel}","templated":true}]}}