{"id":18973,"date":"2025-04-07T06:04:55","date_gmt":"2025-04-07T06:04:55","guid":{"rendered":"https:\/\/www.hydraulic-cylinders.net\/product\/boom-cylinder-for-caterpillar-large-excavator-e330d-330l\/"},"modified":"2025-04-07T06:04:57","modified_gmt":"2025-04-07T06:04:57","slug":"boom-cylinder-for-caterpillar-large-excavator-e330d-330l","status":"publish","type":"product","link":"https:\/\/www.hydraulic-cylinders.net\/et\/toode\/boom-cylinder-for-caterpillar-large-excavator-e330d-330l\/","title":{"rendered":"Caterpillar suure ekskavaatori E330D\/330L poomi silinder"},"content":{"rendered":"<h1>Caterpillar suure ekskavaatori E330D\/330L poomi silinder<\/h1>\n<h2>Sissejuhatus poomi silindrisse<\/h2>\n<p>Noole silinder on rasketehnika h\u00fcdraulikas\u00fcsteemide oluline komponent, eriti ekskavaatorites nagu Caterpillar E330D ja 330L. See on spetsiaalselt loodud noole liikumise juhtimiseks, v\u00f5imaldades kopa t\u00f5husat kasutamist, v\u00f5imaldades sellel vastavalt vajadusele t\u00f5sta, langetada ja kallutada erinevate materjalik\u00e4itlust\u00f6\u00f6de jaoks. See h\u00fcdrosilinder m\u00e4ngib olulist rolli soovitud t\u00e4psuse ja v\u00f5imsuse saavutamisel, mis on vajalik materjalide kaevamiseks, laadimiseks ja transportimiseks.<\/p>\n<p><img decoding=\"async\" src=\"https:\/\/www.hydraulic-cylinders.net\/wp-content\/uploads\/2025\/04\/songte-company-1.webp\" alt=\"Poomi silinder\"><\/p>\n<h3>Poomi silindri funktsioon ja rakendus<\/h3>\n<p>Poomi silinder on h\u00fcdrauliline silinder, mis on spetsialiseerunud kopa liikumise juhtimisele rasketes masinates, n\u00e4iteks ekskavaatorites, laadur-ekskavaatorites ja esilaadurites. See on loodud t\u00f5stmiseks, langetamiseks ja kallutamiseks, h\u00f5lbustades materjalide k\u00e4itlemise \u00fclesandeid. H\u00fcdraulikas\u00fcsteem kasutab r\u00f5hu all olevat vedelikku sujuvate ja kontrollitud liikumiste tagamiseks, muutes selle h\u00e4davajalikuks ehitus- ja p\u00f5llumajandusrakendustes.<\/p>\n<h2>Poomi silindri p\u00f5hijooned<\/h2>\n<ul>\n<li><strong>Suur tugevus ja vastupidavus:<\/strong> K\u00f5rgtugevast terasest v\u00f5i alumiiniumist valmistatud poomi silinder talub k\u00f5rget r\u00f5hku ja suuri koormusi, mist\u00f5ttu sobib see karmideks t\u00f6\u00f6keskkondadeks.<\/li>\n<li><strong>T\u00f5hus h\u00fcdrauliline t\u00f6\u00f6:<\/strong> Kasutab sujuvaks pikendamiseks ja tagasit\u00f5mbamiseks h\u00fcdraulika\u00f5li r\u00f5hku, mis v\u00f5imaldab kiiret reageerimist operaatori k\u00e4skudele, pakkudes samal ajal m\u00e4rkimisv\u00e4\u00e4rset t\u00f5uke- ja t\u00f5mbej\u00f5udu.<\/li>\n<li><strong>T\u00fc\u00fcpide mitmekesisus:<\/strong> Saadaval \u00fche- v\u00f5i kahetoimelise konfiguratsioonina, et see vastaks erinevatele t\u00f6\u00f6n\u00f5uetele. M\u00f5ned mudelid on teleskoopilised, mis v\u00f5imaldab suuremat ulatust ilma \u00fcldm\u00f5\u00f5tmeid suurendamata.<\/li>\n<li><strong>T\u00e4ppistehnika:<\/strong> Keeruka insenerit\u00f6\u00f6 abil loodud optimaalse j\u00f5udluse tagamiseks, suurendades raskete masinate t\u00f6\u00f6 efektiivsust.<\/li>\n<li><strong>Kohandatud lahendused:<\/strong> Meie tootmisprotsess v\u00f5imaldab toota noolesilindreid, mis asendavad ideaalselt olemasolevaid h\u00fcdrosilindreid, tagades sujuva integratsiooni.<\/li>\n<\/ul>\n<p><img decoding=\"async\" src=\"https:\/\/www.hydraulic-cylinders.net\/wp-content\/uploads\/2025\/04\/songte-cylinder-head-with-all-kinds-excavator-models.webp\" alt=\"Poomi silindri mudelid\"><\/p>\n<h2>Poomi silindri rakendused<\/h2>\n<h3>Ehitustehnika<\/h3>\n<p>Ekskavaatorites on noolesilinder \u00fclioluline kaevamiseks, laadimiseks ja mulla v\u00f5i prahi teisaldamiseks. See v\u00f5imaldab kopal t\u00f5husalt pinnasesse tungida, h\u00f5lbustades kaevamisprotsessi. Ka ekskavaatorlaaduritel on noolesilinder kasulik, kuna see aitab nii kaevamis- kui ka t\u00f5stet\u00f6\u00f6del, tagades materjali t\u00f5husa laadimise ja transportimise.<\/p>\n<h3>P\u00f5llumajandustehnika<\/h3>\n<p>Esilaadurites on noole silinder oluline mulla, heina ja muude materjalide kopeerimiseks, t\u00f5stmiseks ja transportimiseks. Selle h\u00fcdraulilised v\u00f5imalused v\u00f5imaldavad raskete koormate k\u00e4sitsemist, muutes sellised \u00fclesanded nagu k\u00fcndmine ja vedamine hallatavamaks ja t\u00f5husamaks.<\/p>\n<h3>Ekskavaatorid<\/h3>\n<p>Noole silinder v\u00f5imaldab kopal pinnasesse tungida, suurendades kaevamiss\u00fcgavust ja ekskavaatorite efektiivsust. See h\u00fcdrauliline komponent tagab, et operaatorid saavad kaevamistoiminguid t\u00e4pselt teha, mis on ehitus- ja haljastusprojektides \u00fclioluline.<\/p>\n<h3>Laadurid<\/h3>\n<p>Esilaaduritel aitab noole silinder koormaid t\u00f5husalt t\u00f5sta ja maha laadida. See annab vajaliku j\u00f5u raskete materjalide t\u00f5stmiseks ja t\u00e4pseks paigutamiseks vajalikku kohta, sujuvamaks muutes t\u00f6\u00f6d ehitusplatsidel.<\/p>\n<h2>Kujunduskaalutlused<\/h2>\n<h3>Kandev\u00f5ime<\/h3>\n<p>Noolesilindri projekteerimisel on kandev\u00f5ime esmat\u00e4htis kaalutlus. See m\u00e4\u00e4rab, kui suure raskusega silinder ohutult t\u00f6\u00f6tada suudab, tagades, et see vastab rasketehnika rakenduste n\u00f5uetele. Suurem kandev\u00f5ime v\u00f5imaldab \u00fclesannete puhul suuremat mitmek\u00fclgsust, kuid n\u00f5uab hoolikat projekteerimist, et s\u00e4ilitada konstruktsiooni terviklikkus surve all.<\/p>\n<h3>Tihendus ja vastupidavus<\/h3>\n<p>H\u00fcdrauliliste silindrite puhul on tihendamine \u00fclioluline, et v\u00e4ltida vedeliku lekkeid ja tagada t\u00f6\u00f6 efektiivsus. Kvaliteetsed tihendid, mis on valmistatud sellistest materjalidest nagu pol\u00fcuretaan v\u00f5i nitriilkummi, on vajalikud kulumisele vastupidamiseks ja r\u00f5hu s\u00e4ilitamiseks. N\u00f5uetekohane tihendamine aitab kaasa ka vastupidavusele, kuna see minimeerib h\u00fcdraulilise vedeliku saastumise ohtu ja tagab pikaajalise j\u00f5udluse.<\/p>\n<h3>Ohutus<\/h3>\n<p>\u00d5nnetuste ja rikete v\u00e4ltimiseks tuleb noolesilindrite konstruktsiooni integreerida ohutusfunktsioonid. See h\u00f5lmab kaitseklappe ja r\u00f5hualanduss\u00fcsteeme, mis kaitsevad \u00fclekoormuse ja j\u00e4rskude r\u00f5huk\u00f5ikumiste eest. Regulaarne testimine ja ohutusstandardite j\u00e4rgimine on projekteerimisprotsessis h\u00e4davajalikud, et tagada usaldusv\u00e4\u00e4rne t\u00f6\u00f6 erinevates keskkondades.<\/p>\n<h3>Hoolduse ligip\u00e4\u00e4setavus<\/h3>\n<p>Lihtsalt hooldatav konstruktsioon on poomi silindri pikaealisuse jaoks \u00fclioluline. Komponentidele peaks olema juurdep\u00e4\u00e4s regulaarseteks kontrollideks ja remondiks. See h\u00f5lmab tihendite ja liitmike l\u00e4bim\u00f5eldud paigutust, mis v\u00f5imaldab t\u00f5husat m\u00e4\u00e4rimist ja vajadusel vahetamist. Hooldust h\u00f5lbustav konstruktsioon v\u00e4hendab seisakuid ja suurendab t\u00f6\u00f6 efektiivsust.<\/p>\n<p><img decoding=\"async\" src=\"https:\/\/www.hydraulic-cylinders.net\/wp-content\/uploads\/2025\/04\/songte-oil-pipes-and-spare-parts.webp\" alt=\"H\u00fcdrauliliste silindrite osad\"><\/p>\n<h2>Tihendus ja m\u00e4\u00e4rimine<\/h2>\n<p>Poomi silindri terviklikkus s\u00f5ltub suuresti t\u00f5husast tihendusest ja m\u00e4\u00e4rimisest. H\u00fcdraulikavedeliku lekke v\u00e4ltimiseks kasutatakse mitmesuguseid tihendeid, sealhulgas kolvi- ja varrastihendeid. Vastupidavatest materjalidest, n\u00e4iteks pol\u00fcuretaanist v\u00f5i nitriilkummist, valmistatud tihendite valimine suurendab kulumiskindlust, pikendades silindri eluiga. Silindri korpus ja keermestatud otsapinnad l\u00e4bivad t\u00e4pse t\u00f6\u00f6tlemise, et parandada kulumiskindlust, tagades t\u00f6\u00f6tamise ajal tiheda tihendi. Sujuva t\u00f6\u00f6 s\u00e4ilitamiseks ja liikuvate osade kulumise v\u00e4ltimiseks on vaja regulaarset m\u00e4\u00e4rimist sobiva h\u00fcdraulika\u00f5liga.<\/p>\n<h2>Ennetavad hooldusmeetmed<\/h2>\n<ul>\n<li><strong>Regulaarsed kontrollid:<\/strong> Tehke perioodilisi kontrolle kulumise v\u00f5i kahjustuste m\u00e4rke tuvastamiseks. See h\u00f5lmab lekete, pragude v\u00f5i korrosiooni visuaalset kontrolli.<\/li>\n<li><strong>\u00d5igeaegne m\u00e4\u00e4rimine:<\/strong> Veenduge, et h\u00fcdraulika\u00f5li taset regulaarselt t\u00e4iendatakse ja et k\u00f5ik liikuvad osad on piisavalt m\u00e4\u00e4ritud, et v\u00e4ltida h\u00f5\u00f5rdumist ja kulumist.<\/li>\n<li><strong>Tihendi vahetamine:<\/strong> J\u00e4lgige tihendite seisukorda ja vahetage need h\u00fcdraulilise terviklikkuse s\u00e4ilitamiseks v\u00e4lja, kui ilmnevad halvenemise tunnused.<\/li>\n<\/ul>\n<h2>Paigaldusjuhised<\/h2>\n<p>Poomi silindri \u00f5ige paigaldamine on optimaalse j\u00f5udluse saavutamiseks \u00fclioluline. Alustage veendumaks, et masina kinnituspunktid on puhtad ja prahist vabad. Joondage silinder kinnituspunktidega, veendudes, et see on sirge ja \u00f5igesti paigutatud. Kasutage silindri kinnitamiseks sobivaid kinnitusklambreid, et v\u00e4ltida selle liikumist t\u00f6\u00f6tamise ajal. P\u00e4rast paigaldamist kontrollige, kas k\u00f5ik h\u00fcdraulilised \u00fchendused on tihedad ja lekkevabad. P\u00e4rast paigaldamist testige silindri t\u00f6\u00f6d madala r\u00f5hu all enne t\u00f6\u00f6tasemele t\u00f5stmist, veendudes, et k\u00f5ik toimib sujuvalt.<\/p>\n<h2>Levinumad hooldust\u00f6\u00f6d<\/h2>\n<h3>Regulaarsed kontrollid<\/h3>\n<p>Regulaarsed kontrollid on \u00fcliolulised, et tagada noole silindri t\u00f5hus t\u00f6\u00f6. Otsige kulumism\u00e4rke, n\u00e4iteks \u00f5lilekkeid v\u00f5i f\u00fc\u00fcsilisi kahjustusi, ja tegelege probleemidega kohe, et v\u00e4ltida edasisi probleeme. Hooldusp\u00e4eviku pidamine aitab j\u00e4lgida kontrollimisi ja remondit\u00f6id, tagades, et \u00fckski detail ei j\u00e4\u00e4ks t\u00e4helepanuta.<\/p>\n<h3>Sobiv m\u00e4\u00e4rimine<\/h3>\n<p>Poomi silindri toimimise s\u00e4ilitamiseks on oluline \u00f5ige m\u00e4\u00e4rimine. Kasutage soovitatud h\u00fcdraulika\u00f5li ja veenduge, et selle tase oleks piisav. Vajadusel kandke m\u00e4\u00e4rdeainet k\u00f5igile liikuvatele osadele, et minimeerida kulumist ja parandada j\u00f5udlust. Koostage j\u00e4rjepidevuse tagamiseks kasutusp\u00f5hine m\u00e4\u00e4rimisgraafik.<\/p>\n<h3>Tihendi vahetamine ja kalibreerimise kontrollimine<\/h3>\n<p>Tihendite vahetamine kulumisj\u00e4lgede ilmnemisel on h\u00fcdraulikas\u00fcsteemi terviklikkuse s\u00e4ilitamiseks \u00fclioluline. Regulaarsed kalibreerimiskontrollid tagavad silindri t\u00f6\u00f6tamise kindlaksm\u00e4\u00e4ratud parameetrite piires, mis on suure j\u00f5udlusega masinate puhul oluline. Planeerige need kontrollid osana tavap\u00e4rasest hooldusprogrammist, et v\u00e4ltida ootamatuid rikkeid.<\/p>\n<p><img decoding=\"async\" src=\"https:\/\/www.hydraulic-cylinders.net\/wp-content\/uploads\/2025\/04\/songte-chushion-collar.webp\" alt=\"H\u00fcdraulilise silindri paigaldamine\"><\/p>\n<h2>Ohutuskaalutlused ja keskkonnategurid<\/h2>\n<p>Ohutusmeetmete rakendamine noolesilindrite kasutamisel on \u00f5nnetuste v\u00e4ltimiseks \u00fclioluline. Operaatorid peaksid olema koolitatud masina n\u00f5uetekohaseks k\u00e4sitsemiseks ja teadlikud h\u00fcdraulikas\u00fcsteemidega seotud v\u00f5imalikest riskidest. Regulaarne hooldus ja \u00fclevaatused aitavad tuvastada v\u00f5imalikke ohte, tagades keskkonna ohutuse k\u00f5igile asjaosalistele. Lisaks tuleks p\u00f6\u00f6rata t\u00e4helepanu h\u00fcdraulikavedelike ja komponentide utiliseerimisele, et minimeerida keskkonnam\u00f5ju.<\/p>\n<h2>Rikete diagnoosimine ja levinud probleemid<\/h2>\n<ul>\n<li><strong>H\u00fcdraulilise vedeliku lekked:<\/strong> Tavaliselt p\u00f5hjustatud kulunud tihenditest v\u00f5i kahjustatud liitmikest. Kontrollige ja vajadusel vahetage tihendid v\u00e4lja.<\/li>\n<li><strong>V\u00e4hendatud silindri j\u00f5udlus:<\/strong> V\u00f5ib viidata ummistustele v\u00f5i madalale h\u00fcdraulikavedeliku tasemele. Kontrollige takistusi ja veenduge, et vedeliku tase on piisav.<\/li>\n<li><strong>Ebatavalised helid t\u00f6\u00f6tamise ajal:<\/strong> V\u00f5ib viidata sisemisele kulumisele v\u00f5i rikkele. Uurige kohe, et v\u00e4ltida edasisi kahjustusi.<\/li>\n<\/ul>\n<h2>Veaotsingu n\u00e4pun\u00e4ited ja lahendused<\/h2>\n<p>Poomi silindri probleemide t\u00f5husaks diagnoosimiseks peaksid operaatorid pidama j\u00f5udlusprobleemide kohta \u00fcksikasjalikku logi. Kui kahtlustatakse h\u00fcdraulikavedeliku lekkeid, kontrollige tihendeid ja liitmikke kahjustuste suhtes. V\u00e4henenud j\u00f5udluse korral kontrollige ummistusi v\u00f5i veenduge, et h\u00fcdraulikavedelikku on \u00f5iges koguses. S\u00fcsteemi regulaarne tervisekontroll aitab probleeme varakult avastada, minimeerides seisakuid ja remondikulusid. V\u00f5imalike probleemide tuvastamine ja lahendamine enne nende s\u00fcvenemist on t\u00f6\u00f6 efektiivsuse s\u00e4ilitamiseks \u00fclioluline.<\/p>\n<p><img decoding=\"async\" src=\"https:\/\/www.hydraulic-cylinders.net\/wp-content\/uploads\/2025\/04\/songte-bushings-with-all-kinds-of-excavator-models.webp\" alt=\"H\u00fcdrauliliste silindrite komponendid\"><\/p>\n<h2>Meie ettev\u00f5ttest<\/h2>\n<p>Oleme juhtiv asendush\u00fcdrauliliste silindrite tootja, pakkudes laia tootevalikut nii sise- kui ka rahvusvahelistele turgudele. Meie p\u00fchendumus kvaliteedi tipptasemele koos t\u00e4iustatud tootmisstrateegiaga positsioneerib meid \u00fcheks h\u00fcdrosilindrite juhtivaks tootjaks ja hulgim\u00fc\u00fcjaks. Keskendudes suurele t\u00f5hususele ja t\u00e4psusele, t\u00e4iustame pidevalt oma tootmisplatvormi kvalifitseeritud t\u00f6\u00f6j\u00f5u, t\u00e4iustatud digitaalsete seadmete ja rangete testimiss\u00fcsteemide abil. Meie loovus ja v\u00f5imekus v\u00f5imaldavad meil t\u00f5husalt rahuldada klientide mitmekesiseid vajadusi.<\/p>\n<h3>Professionaalsus ja rahvusvaheline sertifitseerimine<\/h3>\n<p>Meie tooted vastavad rahvusvahelistele sertifikaatidele, tagades vastavuse \u00fclemaailmsetele kvaliteedi- ja ohutusstandarditele. See p\u00fchendumus professionaalsusele peegeldub meie tootmisprotsessides, kus t\u00e4psus ja t\u00f6\u00f6kindlus on esikohal.<\/p>\n<h3>Kohandatud teenused ja tootmisseadmed<\/h3>\n<p>Pakume konkreetsetele vajadustele vastavaid erilahendusi, kasutades tipptasemel tootmisseadmeid efektiivsuse suurendamiseks ja k\u00f5rge tootekvaliteedi tagamiseks. Meie tootmisv\u00f5imsused on loodud kiiresti kohanema muutuvate n\u00f5udmistega.<\/p>\n<h3>M\u00fc\u00fcgij\u00e4rgne teenindus<\/h3>\n<p>Oleme uhked oma erakordse m\u00fc\u00fcgij\u00e4rgse teeninduse \u00fcle, tagades oma klientidele vajaliku toe kogu meie toodete eluts\u00fckli v\u00e4ltel. Meie meeskond on p\u00fchendunud k\u00f5igi murede v\u00f5i k\u00fcsimuste kiirele lahendamisele.<\/p>\n<p><img decoding=\"async\" src=\"https:\/\/www.hydraulic-cylinders.net\/wp-content\/uploads\/2025\/04\/songte-company-4.webp\" alt=\"Ettev\u00f5tte \u00fclevaade\"><br \/>\n<img decoding=\"async\" src=\"https:\/\/www.hydraulic-cylinders.net\/wp-content\/uploads\/2025\/04\/songte-company-3.webp\" alt=\"Tootmis\u00fcksus\"><\/p>\n<p>Autor: lyl<\/p>","protected":false},"excerpt":{"rendered":"<p>Boom Cylinder For Caterpillar Large Excavator E330D\/330L Introduction to Boom Cylinder The Boom Cylinder is an essential component of hydraulic systems used in heavy machinery, particularly in excavators like the Caterpillar E330D and 330L. Specifically designed to control the movement of the boom, it allows for efficient operation of the bucket, enabling it to lift, [&hellip;]<\/p>","protected":false},"featured_media":17870,"comment_status":"open","ping_status":"closed","template":"","meta":{"_et_pb_use_builder":"","_et_pb_old_content":"","_et_gb_content_width":""},"product_brand":[],"product_cat":[1546],"product_tag":[1547,1496],"class_list":{"0":"post-18973","1":"product","2":"type-product","3":"status-publish","4":"has-post-thumbnail","6":"product_cat-boom-cylinders","7":"product_tag-boom-cylinders","8":"product_tag-hydraulic-cylinders","10":"first","11":"instock","12":"shipping-taxable","13":"product-type-simple"},"amp_enabled":true,"_links":{"self":[{"href":"https:\/\/www.hydraulic-cylinders.net\/et\/wp-json\/wp\/v2\/product\/18973","targetHints":{"allow":["GET"]}}],"collection":[{"href":"https:\/\/www.hydraulic-cylinders.net\/et\/wp-json\/wp\/v2\/product"}],"about":[{"href":"https:\/\/www.hydraulic-cylinders.net\/et\/wp-json\/wp\/v2\/types\/product"}],"replies":[{"embeddable":true,"href":"https:\/\/www.hydraulic-cylinders.net\/et\/wp-json\/wp\/v2\/comments?post=18973"}],"wp:featuredmedia":[{"embeddable":true,"href":"https:\/\/www.hydraulic-cylinders.net\/et\/wp-json\/wp\/v2\/media\/17870"}],"wp:attachment":[{"href":"https:\/\/www.hydraulic-cylinders.net\/et\/wp-json\/wp\/v2\/media?parent=18973"}],"wp:term":[{"taxonomy":"product_brand","embeddable":true,"href":"https:\/\/www.hydraulic-cylinders.net\/et\/wp-json\/wp\/v2\/product_brand?post=18973"},{"taxonomy":"product_cat","embeddable":true,"href":"https:\/\/www.hydraulic-cylinders.net\/et\/wp-json\/wp\/v2\/product_cat?post=18973"},{"taxonomy":"product_tag","embeddable":true,"href":"https:\/\/www.hydraulic-cylinders.net\/et\/wp-json\/wp\/v2\/product_tag?post=18973"}],"curies":[{"name":"wp","href":"https:\/\/api.w.org\/{rel}","templated":true}]}}