{"id":18974,"date":"2025-04-07T06:04:58","date_gmt":"2025-04-07T06:04:58","guid":{"rendered":"https:\/\/www.hydraulic-cylinders.net\/product\/boom-cylinder-for-caterpillar-large-excavator-e349d\/"},"modified":"2025-04-07T06:05:00","modified_gmt":"2025-04-07T06:05:00","slug":"boom-cylinder-for-caterpillar-large-excavator-e349d","status":"publish","type":"product","link":"https:\/\/www.hydraulic-cylinders.net\/et\/toode\/boom-cylinder-for-caterpillar-large-excavator-e349d\/","title":{"rendered":"Caterpillar suure ekskavaatori E349D poomi silinder"},"content":{"rendered":"<h1>Caterpillar suure ekskavaatori E349D poomi silinder<\/h1>\n<h2>Sissejuhatus poomi silindrisse<\/h2>\n<p>Noole silinder on oluline h\u00fcdrauliline komponent, mis on spetsiaalselt loodud rasketehnika, eriti Caterpillar E349D ekskavaatori jaoks. See h\u00fcdrauliline silinder vastutab noole liikumise juhtimise eest, v\u00f5imaldades ekskavaatoril oma p\u00f5hifunktsioone t\u00e4pselt ja t\u00f5husalt t\u00e4ita. Noole silinder h\u00f5lbustab noole t\u00f5stmist, langetamist ja kallutamist, mis on ehitus- ja kaevamisrakendustes mitmesuguste materjalide k\u00e4itlemise \u00fclesannete puhul \u00fclioluline.<\/p>\n<p><img decoding=\"async\" src=\"https:\/\/www.hydraulic-cylinders.net\/wp-content\/uploads\/2025\/04\/songte-company-1.webp\" alt=\"Poomi silindri pilt\"><\/p>\n<h3>Definitsioon ja \u00fclevaade<\/h3>\n<p>H\u00fcdraulilised silindrid, sealhulgas noole silinder, on mehaanilised seadmed, mis muudavad h\u00fcdraulilise energia mehaaniliseks energiaks. Noole silindri puhul v\u00f5imaldab see ekskavaatori noole liigendamist. See liikumine v\u00f5imaldab operaatoritel materjale t\u00f5husalt kaevata, t\u00f5sta ja transportida. H\u00fcdraulikas\u00fcsteem kasutab liikumise loomiseks survestatud vedelikku, mis v\u00f5imaldab sujuvat ja kontrollitud t\u00f6\u00f6d, mis on oluline keerukate \u00fclesannete puhul, kus t\u00e4psus on v\u00f5tmet\u00e4htsusega.<\/p>\n<h2>Poomi silindri omadused<\/h2>\n<ul>\n<li><strong>Suur tugevus ja vastupidavus:<\/strong> Tavaliselt valmistatud \u00fclitugevast terasest v\u00f5i alumiiniumist, et taluda k\u00f5rget r\u00f5hku ja suuri koormusi, tagades pikaealisuse karmides t\u00f6\u00f6keskkondades.<\/li>\n<li><strong>T\u00f5hus h\u00fcdrauliline t\u00f6\u00f6:<\/strong> Kasutab sujuva pikenduse ja tagasit\u00f5mbamise saavutamiseks h\u00fcdraulika\u00f5li r\u00f5hku, mis tagab kiire reageerimise operaatori k\u00e4skudele ning m\u00e4rkimisv\u00e4\u00e4rse t\u00f5uke- ja t\u00f5mbej\u00f5u.<\/li>\n<li><strong>Erinevad t\u00fc\u00fcbid:<\/strong> Saadaval \u00fche- v\u00f5i kahetoimelise konstruktsioonina, et rahuldada erinevaid t\u00f6\u00f6vajadusi, m\u00f5nel mudelil on teleskoopkonstruktsioon, mis v\u00f5imaldab suuremat ulatust ilma v\u00e4lism\u00f5\u00f5tmeid suurendamata.<\/li>\n<li><strong>T\u00e4iustatud kulumiskindlus:<\/strong> Projekteeritud kulumis- ja korrosioonikindlust silmas pidades, pikendades toote eluiga n\u00f5udlikes tingimustes.<\/li>\n<li><strong>Lihtne hooldus:<\/strong> Lihtsaks hooldamiseks loodud, v\u00f5imaldades kiireid kontrolle ja rutiinset hooldust optimaalse t\u00f6\u00f6 tagamiseks.<\/li>\n<\/ul>\n<h2>Tootmisv\u00f5imalused<\/h2>\n<p>Meil on v\u00f5imekus toota poomi silindrit ja teisi h\u00fcdraulilisi silindreid, mis asendavad ideaalselt olemasolevaid mudeleid. Meie tooted on disainitud t\u00e4psust ja kvaliteeti silmas pidades, tagades \u00fchilduvuse ja j\u00f5udluse, mis vastab t\u00f6\u00f6stusstandarditele v\u00f5i \u00fcletab neid.<\/p>\n<p><img decoding=\"async\" src=\"https:\/\/www.hydraulic-cylinders.net\/wp-content\/uploads\/2025\/04\/songte-cylinder-head-with-all-kinds-excavator-models.webp\" alt=\"Ekskavaatorimudelite silindrid\"><\/p>\n<h2>Rakendusstsenaariumid<\/h2>\n<h3>Ehitustehnika<\/h3>\n<p>Ehitusmasinates, n\u00e4iteks ekskavaatorites, on noolesilindrid \u00fcliolulised kaevamiseks, laadimiseks ja mulla v\u00f5i prahi teisaldamiseks. Nende silindrite pakutav t\u00e4pne juhtimine v\u00f5imaldab operaatoritel t\u00e4ita keerukaid \u00fclesandeid, suurendades tootlikkust ehitusplatsil.<\/p>\n<h3>P\u00f5llumajandustehnika<\/h3>\n<p>Poomi silindreid kasutatakse ka esilaadurites, kus need aitavad mulda, heina ja muid materjale k\u00fchveldada, t\u00f5sta ja transportida, muutes need p\u00f5llumajandust\u00f6\u00f6des asendamatuks.<\/p>\n<h3>Ekskavaatorid<\/h3>\n<p>Ekskavaatorites h\u00f5lbustab noole silinder kaevamistoiminguid, v\u00f5imaldades kopal t\u00f5husalt pinnasesse tungida, mis on kaevet\u00f6\u00f6de puhul \u00fclioluline.<\/p>\n<h3>Laadurid<\/h3>\n<p>Esilaadurites aitavad noolesilindrid koormaid t\u00f5husalt t\u00f5sta ja t\u00fchjendada, mis on oluline materjalik\u00e4itlust\u00f6\u00f6de jaoks erinevates t\u00f6\u00f6stusharudes.<\/p>\n<h2>Kujunduskaalutlused<\/h2>\n<h3>Kandev\u00f5ime<\/h3>\n<p>\u00dcks peamisi kaalutlusi noole silindri projekteerimisel on selle kandev\u00f5ime. See peab suutma taluda koormuste raskust ja pinget, ilma et see kahjustaks ohutust v\u00f5i j\u00f5udlust. See n\u00f5uab materjalide ja inseneritavade hoolikat valimist, et tagada silindri taluvus t\u00f6\u00f6 ajal esinevate d\u00fcnaamiliste j\u00f5udude suhtes.<\/p>\n<h3>Tihendusv\u00f5ime<\/h3>\n<p>T\u00f5hus tihendamine on h\u00fcdraulilise vedeliku lekke v\u00e4ltimiseks ja t\u00f6\u00f6 efektiivsuse tagamiseks \u00fclioluline. Tihendite ja tihendivalikul tuleb arvestada t\u00f6\u00f6keskkonna, temperatuurik\u00f5ikumiste ja kasutatava h\u00fcdraulilise vedeliku t\u00fc\u00fcbiga. Kvaliteetsed tihendid v\u00f5ivad h\u00fcdrosilindri eluiga oluliselt pikendada.<\/p>\n<h3>Vastupidavus<\/h3>\n<p>Poomi silindri vastupidavus on \u00fclioluline, arvestades selle raskeid t\u00f6\u00f6tingimusi. Sellised tegurid nagu materjalivalik, pinnat\u00f6\u00f6tlus ja konstruktsiooniomadused m\u00e4ngivad vastupidavuse suurendamisel kriitilist rolli, v\u00f5imaldades silindril taluda abrasiivseid materjale ja s\u00f6\u00f6vitavaid elemente.<\/p>\n<h3>Turvaelemendid<\/h3>\n<p>H\u00fcdrauliliste silindrite projekteerimisel on ohutus esmat\u00e4htis. Selliste omaduste nagu r\u00f5hukaitseventiilide ja purunevate ketaste lisamine aitab \u00e4ra hoida katastroofilisi rikkeid, tagades nii operaatorite kui ka masinate ohutuse t\u00f6\u00f6tamise ajal.<\/p>\n<h3>Hoolduse ligip\u00e4\u00e4setavus<\/h3>\n<p>H\u00fcdrauliliste silindrite puhul on oluline hooldusele ligip\u00e4\u00e4setavuse tagamine. Lihtsat kontrolli ja hooldust v\u00f5imaldavate funktsioonide lisamine v\u00f5ib v\u00e4hendada seisakuid ja pikendada seadmete t\u00f6\u00f6iga.<\/p>\n<p><img decoding=\"async\" src=\"https:\/\/www.hydraulic-cylinders.net\/wp-content\/uploads\/2025\/04\/songte-oil-pipes-and-spare-parts.webp\" alt=\"H\u00fcdraulilised osad ja tihendid\"><\/p>\n<h2>Tihendus ja m\u00e4\u00e4rimine<\/h2>\n<p>H\u00fcdrauliliste silindrite t\u00f5husa t\u00f6\u00f6 tagamiseks on \u00fclioluline korralik tihendamine ja m\u00e4\u00e4rimine. H\u00fcdraulilise terviklikkuse s\u00e4ilitamisel m\u00e4ngivad olulist rolli mitmesugused tihenduskomponendid, n\u00e4iteks kolvitihendid ja varrastihendid. Kulumise vastupidamiseks kasutatakse sageli vastupidavatest materjalidest, nagu pol\u00fcuretaan ja nitriilkummi, valmistatud tihendeid. Lisaks on silindri korpus ja keermestatud otsad kulumiskindluse suurendamiseks t\u00e4ppist\u00f6\u00f6deldud. Sujuva t\u00f6\u00f6 tagamiseks ja h\u00f5\u00f5rdumisest tingitud kahjustuste v\u00e4ltimiseks on vajalik regulaarne m\u00e4\u00e4rimine h\u00fcdraulika\u00f5liga.<\/p>\n<h2>Ennetavad hooldusmeetmed<\/h2>\n<ul>\n<li><strong>Regulaarsed kontrollid:<\/strong> Ballooni regulaarne kontrollimine kulumis-, lekete- v\u00f5i kahjustuste suhtes aitab tuvastada probleeme enne nende s\u00fcvenemist, tagades masina j\u00e4tkuva t\u00f6\u00f6kindluse.<\/li>\n<li><strong>M\u00e4\u00e4rimine:<\/strong> Silindri piisava m\u00e4\u00e4rimise tagamine v\u00e4hendab h\u00f5\u00f5rdumist ja kulumist, aidates kaasa komponendi \u00fcldisele pikaealisusele.<\/li>\n<li><strong>Tihendi vahetamine:<\/strong> Tihendite regulaarne kontrollimine ja vajadusel vahetamine hoiab \u00e4ra lekked ja hoiab silindris h\u00fcdraulilise r\u00f5hu stabiilsena.<\/li>\n<\/ul>\n<h2>Paigaldusjuhised<\/h2>\n<p>Poomi silindri \u00f5ige paigaldamine on selle j\u00f5udluse seisukohalt \u00fclioluline. Optimaalsete tulemuste saavutamiseks j\u00e4rgige neid juhiseid:<\/p>\n<ul>\n<li>Veenduge, et silinder oleks poomiga \u00f5igesti joondatud, et v\u00e4ltida valesti t\u00f6\u00f6tamist.<\/li>\n<li>Kasutage silindri kinnitamiseks sobivaid kinnitusklambreid, et minimeerida liikumist t\u00f6\u00f6tamise ajal.<\/li>\n<li>Enne kasutamist veenduge, et k\u00f5ik h\u00fcdraulilised \u00fchendused on kindlad ja leketeta.<\/li>\n<li>Kontrollige h\u00fcdraulika\u00f5li taset ja veenduge, et see vastab tootja spetsifikatsioonidele.<\/li>\n<li>P\u00e4rast paigaldamist tehke funktsionaalsustest, et veenduda silindri sujuvas t\u00f6\u00f6s.<\/li>\n<\/ul>\n<h2>Levinumad hooldust\u00f6\u00f6d<\/h2>\n<h3>Regulaarsed kontrollid<\/h3>\n<p>Poomi silindri regulaarne kontroll on oluline v\u00f5imalike probleemide varajaseks avastamiseks. See h\u00f5lmab lekke, kulumise v\u00f5i joondusvea kontrollimist. Silindri heas seisukorras hoidmine aitab oluliselt v\u00e4hendada t\u00f6\u00f6katkestuste ohtu.<\/p>\n<h3>Sobiv m\u00e4\u00e4rimine<\/h3>\n<p>H\u00fcdraulilise silindri sujuva t\u00f6\u00f6 tagamiseks on oluline \u00f5ige m\u00e4\u00e4rimine. \u00d5ige t\u00fc\u00fcbi ja koguse h\u00fcdraulika\u00f5li regulaarne kasutamine tagab tihendite t\u00f5hususe ja h\u00f5\u00f5rdumise minimeerimise, pikendades seel\u00e4bi silindri eluiga.<\/p>\n<h3>Tihendi vahetamine ja kalibreerimise kontrollimine<\/h3>\n<p>Aja jooksul v\u00f5ivad tihendid kuluda ja vajada v\u00e4ljavahetamist. Tihendite regulaarne kontrollimine kulumisj\u00e4lgede suhtes ja vajadusel v\u00e4ljavahetamine aitab s\u00e4ilitada h\u00fcdraulilist efektiivsust. Kalibreerimiskontrollid tagavad, et silinder t\u00f6\u00f6tab etten\u00e4htud parameetrite piires, ennetades v\u00f5imalikke kahjustusi ja tagades optimaalse j\u00f5udluse.<\/p>\n<p><img decoding=\"async\" src=\"https:\/\/www.hydraulic-cylinders.net\/wp-content\/uploads\/2025\/04\/songte-chushion-collar.webp\" alt=\"Padjakrae pilt\"><\/p>\n<h2>Ohutuskaalutlused<\/h2>\n<p>H\u00fcdrauliliste silindritega t\u00f6\u00f6tamisel on ohutusmeetmed \u00fcliolulised. Operaatorite n\u00f5uetekohane v\u00e4lja\u00f5pe, ohutusprotokollide j\u00e4rgimine ja isikukaitsevahendite (IKV) kasutamine on h\u00e4davajalikud. H\u00fcdraulilise s\u00fcsteemi k\u00f5igi ohutusfunktsioonide t\u00f6\u00f6korras oleku tagamine aitab v\u00e4ltida \u00f5nnetusi ja vigastusi t\u00f6\u00f6tamise ajal.<\/p>\n<h2>Rikete diagnoosimine ja levinud probleemid<\/h2>\n<ul>\n<li><strong>Leke:<\/strong> \u00dcks levinumaid probleeme on h\u00fcdraulikavedeliku leke, mis v\u00f5ib tuleneda kulunud tihenditest v\u00f5i kahjustatud komponentidest. Regulaarne kontroll aitab lekkeid kiiresti tuvastada ja k\u00f5rvaldada.<\/li>\n<li><strong>Halb j\u00f5udlus:<\/strong> Kui silinder ei ulatu v\u00e4lja ega t\u00f5mbu sisse sujuvalt, v\u00f5ib see viidata madalale h\u00fcdraulikavedeliku tasemele v\u00f5i sisemistele kahjustustele. Nende probleemide kiire t\u00f5rkeotsing on edasiste kahjustuste v\u00e4ltimiseks \u00fclioluline.<\/li>\n<li><strong>\u00dclekuumenemine:<\/strong> Liigne kuumus v\u00f5ib p\u00f5hjustada h\u00fcdraulikavedeliku lagunemist, mis omakorda halvendab j\u00f5udlust. T\u00f6\u00f6temperatuuride regulaarne j\u00e4lgimine aitab seda probleemi leevendada.<\/li>\n<\/ul>\n<h2>Veaotsingu n\u00e4pun\u00e4ited<\/h2>\n<p>Poomi silindri probleemide t\u00f5husaks diagnoosimiseks ja lahendamiseks kaaluge j\u00e4rgmisi n\u00e4pun\u00e4iteid:<\/p>\n<ul>\n<li>Tehke visuaalne kontroll kahjustuste v\u00f5i kulumise tunnuste suhtes.<\/li>\n<li>Kontrollige h\u00fcdraulikavedeliku taset ja lisage vastavalt vajadusele.<\/li>\n<li>Kontrollige tihendeid kulumisj\u00e4lgede suhtes ja vajadusel vahetage need v\u00e4lja.<\/li>\n<li>Ballooniga seotud konkreetsete probleemide korral vaadake tootja t\u00f5rkeotsingu juhiseid.<\/li>\n<\/ul>\n<p><img decoding=\"async\" src=\"https:\/\/www.hydraulic-cylinders.net\/wp-content\/uploads\/2025\/04\/songte-bushings-with-all-kinds-of-excavator-models.webp\" alt=\"Ekskavaatori mudelite puks\"><\/p>\n<h2>Ettev\u00f5tte \u00fclevaade<\/h2>\n<p>Oleme juhtiv asendush\u00fcdrauliliste silindrite tootja, pakkudes laia tootevalikut nii sise- kui ka rahvusvaheliste turgude vajaduste rahuldamiseks. Meie p\u00fchendumus tipptasemele kvaliteedis ja t\u00e4psetes tootmistavades on meid positsioneerinud usaldusv\u00e4\u00e4rse partnerina h\u00fcdrosilindrite t\u00f6\u00f6stuses. Kasutame t\u00e4iustatud tootmistehnoloogiaid, oskuslikku tehnilist personali ja tugevat kvaliteedi tagamise s\u00fcsteemi, et suurendada oma tootmisv\u00f5imalusi ja tagada meie toodete vastavus k\u00f5rgeimatele standarditele.<\/p>\n<p><img decoding=\"async\" src=\"https:\/\/www.hydraulic-cylinders.net\/wp-content\/uploads\/2025\/04\/songte-company-4.webp\" alt=\"Ettev\u00f5tte tootmis\u00fcksus\"><br \/>\n<img decoding=\"async\" src=\"https:\/\/www.hydraulic-cylinders.net\/wp-content\/uploads\/2025\/04\/songte-company-3.webp\" alt=\"Ettev\u00f5tte tootmisseadmed\"><\/p>\n<h3>Professionaalsus ja sertifikaadid<\/h3>\n<p>Meie meeskond koosneb k\u00f5rgelt kvalifitseeritud spetsialistidest, kes on p\u00fchendunud tipptasemel toodete pakkumisele. Meil \u200b\u200bon rahvusvahelised sertifikaadid, mis kinnitavad meie p\u00fchendumust kvaliteedile ja usaldusv\u00e4\u00e4rsusele, tagades klientidele usaldusv\u00e4\u00e4rsed tooted.<\/p>\n<h3>Kohandatud teenused<\/h3>\n<p>Pakume kohandatud h\u00fcdrauliliste silindrite lahendusi, mis on kohandatud vastavalt klientide konkreetsetele vajadustele, tagades, et suudame unikaalseid rakendusi t\u00f5husalt lahendada.<\/p>\n<h3>Tootmisseadmed<\/h3>\n<p>Kasutades tipptasemel tootmisseadmeid, s\u00e4ilitame oma tootmisprotsessides k\u00f5rgetasemelise tegevuse efektiivsuse ja t\u00e4psuse, h\u00f5lbustades kvaliteetsete toodete kiiret tarnimist.<\/p>\n<h3>M\u00fc\u00fcgij\u00e4rgne tugi<\/h3>\n<p>Meie p\u00fchendumus klientide rahulolule ulatub kaugemale m\u00fc\u00fcgist. Pakume igak\u00fclgset m\u00fc\u00fcgij\u00e4rgset tuge, sealhulgas hooldusn\u00f5ustamist ja t\u00f5rkeotsingu abi, et tagada meie klientidele toodete maksimaalne kasutamine.<\/p>\n<p>Autor: lyl<\/p>","protected":false},"excerpt":{"rendered":"<p>Boom Cylinder For Caterpillar Large Excavator E349D Introduction to Boom Cylinder The Boom Cylinder is an essential hydraulic component designed specifically for heavy machinery, particularly the Caterpillar E349D excavator. This hydraulic cylinder is responsible for controlling the movement of the boom, enabling the excavator to perform its primary functions with precision and efficiency. The boom [&hellip;]<\/p>","protected":false},"featured_media":17871,"comment_status":"open","ping_status":"closed","template":"","meta":{"_et_pb_use_builder":"","_et_pb_old_content":"","_et_gb_content_width":""},"product_brand":[],"product_cat":[1546],"product_tag":[1547,1496],"class_list":{"0":"post-18974","1":"product","2":"type-product","3":"status-publish","4":"has-post-thumbnail","6":"product_cat-boom-cylinders","7":"product_tag-boom-cylinders","8":"product_tag-hydraulic-cylinders","10":"first","11":"instock","12":"shipping-taxable","13":"product-type-simple"},"amp_enabled":true,"_links":{"self":[{"href":"https:\/\/www.hydraulic-cylinders.net\/et\/wp-json\/wp\/v2\/product\/18974","targetHints":{"allow":["GET"]}}],"collection":[{"href":"https:\/\/www.hydraulic-cylinders.net\/et\/wp-json\/wp\/v2\/product"}],"about":[{"href":"https:\/\/www.hydraulic-cylinders.net\/et\/wp-json\/wp\/v2\/types\/product"}],"replies":[{"embeddable":true,"href":"https:\/\/www.hydraulic-cylinders.net\/et\/wp-json\/wp\/v2\/comments?post=18974"}],"wp:featuredmedia":[{"embeddable":true,"href":"https:\/\/www.hydraulic-cylinders.net\/et\/wp-json\/wp\/v2\/media\/17871"}],"wp:attachment":[{"href":"https:\/\/www.hydraulic-cylinders.net\/et\/wp-json\/wp\/v2\/media?parent=18974"}],"wp:term":[{"taxonomy":"product_brand","embeddable":true,"href":"https:\/\/www.hydraulic-cylinders.net\/et\/wp-json\/wp\/v2\/product_brand?post=18974"},{"taxonomy":"product_cat","embeddable":true,"href":"https:\/\/www.hydraulic-cylinders.net\/et\/wp-json\/wp\/v2\/product_cat?post=18974"},{"taxonomy":"product_tag","embeddable":true,"href":"https:\/\/www.hydraulic-cylinders.net\/et\/wp-json\/wp\/v2\/product_tag?post=18974"}],"curies":[{"name":"wp","href":"https:\/\/api.w.org\/{rel}","templated":true}]}}