{"id":18975,"date":"2025-04-07T06:05:00","date_gmt":"2025-04-07T06:05:00","guid":{"rendered":"https:\/\/www.hydraulic-cylinders.net\/product\/boom-cylinder-for-caterpillar-large-excavator-e345dl\/"},"modified":"2025-04-07T06:05:21","modified_gmt":"2025-04-07T06:05:21","slug":"boom-cylinder-for-caterpillar-large-excavator-e345dl","status":"publish","type":"product","link":"https:\/\/www.hydraulic-cylinders.net\/et\/toode\/boom-cylinder-for-caterpillar-large-excavator-e345dl\/","title":{"rendered":"Caterpillar suure ekskavaatori E345DL poomi silinder"},"content":{"rendered":"<h1>Caterpillar suure ekskavaatori E345DL poomi silinder<\/h1>\n<h2>Sissejuhatus poomi silindrisse<\/h2>\n<p>Noole silinder on h\u00fcdraulikas\u00fcsteemides kriitilise t\u00e4htsusega komponent, mis on spetsiaalselt loodud raskete masinate, n\u00e4iteks ekskavaatorite, laadur-ekskavaatori ja esilaaduri koppade liikumise haldamiseks. See h\u00fcdrauliline silinder v\u00f5imaldab koppa t\u00f5sta, langetada ja kallutada, h\u00f5lbustades t\u00f5husaid materjalik\u00e4itlust\u00f6id. Noole silindrite disain ja funktsionaalsus on olulised kaevamisseadmete j\u00f5udluse optimeerimiseks.<\/p>\n<p>H\u00fcdraulilistes s\u00fcsteemides t\u00f6\u00f6tab noole silinder, muutes h\u00fcdraulilise r\u00f5hu mehaaniliseks j\u00f5uks, v\u00f5imaldades sujuvaid ja t\u00e4pseid liigutusi. See toiming on \u00fclioluline ehitus- ja lammutust\u00f6\u00f6del, kus on vaja raskeid esemeid t\u00f5sta ja materjale t\u00e4pselt paigutada. \u00d5ige noole silindri abil saavad operaatorid maksimeerida tootlikkust, minimeerides samal ajal seisakuid ja hooldusprobleeme.<\/p>\n<p><img decoding=\"async\" src=\"https:\/\/www.hydraulic-cylinders.net\/wp-content\/uploads\/2025\/04\/songte-company-1.webp\" alt=\"Poomi silinder\" \/><\/p>\n<h2>Poomi silindri omadused<\/h2>\n<ul>\n<li><strong>Suur tugevus ja vastupidavus:<\/strong> Tavaliselt \u00fclitugevast terasest v\u00f5i alumiiniumist valmistatud poomi silinder on konstrueeritud taluma k\u00f5rget r\u00f5hku ja suuri koormusi, mist\u00f5ttu sobib see ideaalselt karmidesse t\u00f6\u00f6keskkondadesse.<\/li>\n<li><strong>T\u00f5hus h\u00fcdrauliline t\u00f6\u00f6:<\/strong> Silinder kasutab sujuvaks pikendamiseks ja tagasit\u00f5mbamiseks h\u00fcdraulilist \u00f5lir\u00f5hku, mis tagab kiire reageerimise t\u00f6\u00f6k\u00e4skudele ja v\u00f5imsa t\u00f5uke- ja t\u00f5mbej\u00f5u.<\/li>\n<li><strong>Erinevad t\u00fc\u00fcbid:<\/strong> Saadaval \u00fchetoimelise (\u00fches suunas t\u00f6\u00f6tava) v\u00f5i kahetoimelise (m\u00f5lemas suunas t\u00f6\u00f6tava) poomi silindrina saab kohandada vastavalt erinevatele t\u00f6\u00f6vajadustele, sealhulgas teleskoopmudelite puhul, mis suurendavad ulatust ilma v\u00e4lism\u00f5\u00f5tmeid suurendamata.<\/li>\n<li><strong>Hoolduss\u00f5bralik disain:<\/strong> Poomi silindri konstruktsioon on arvestanud hoolduse lihtsusega, tagades selle t\u00f6\u00f6korras p\u00fcsimise minimaalse seisakuajaga.<\/li>\n<li><strong>Korrosioonikindlus:<\/strong> Erinevatele elementidele vastu pidama loodud poomisilindrid on varustatud omadustega, mis kaitsevad korrosiooni ja kulumise eest, pikendades seel\u00e4bi nende eluiga.<\/li>\n<\/ul>\n<p>Meie ettev\u00f5te toodab seda toodet rangete kvaliteedikontrollide all, tagades, et meie poomisilindrid on ideaalsed asendajad olemasolevatele h\u00fcdrosilindritele.<\/p>\n<p><img decoding=\"async\" src=\"https:\/\/www.hydraulic-cylinders.net\/wp-content\/uploads\/2025\/04\/songte-cylinder-head-with-all-kinds-excavator-models.webp\" alt=\"Ekskavaatori mudelid\" \/><\/p>\n<h2>Poomi silindri rakendused<\/h2>\n<h3>Ehitustehnika<\/h3>\n<p>Ekskavaatorites on noolesilindrid \u00fcliolulised kaevamiseks, laadimiseks ja mulla v\u00f5i prahi teisaldamiseks. Need v\u00f5imaldavad kopal t\u00f5husalt pinnasesse tungida, v\u00f5imaldades t\u00f5husat kaevet\u00f6\u00f6d. Noolesilindri konstruktsioon tagab, et see talub ehitusplatside raskusi, kus on tavalised rasked koormad ja ebatasased tingimused.<\/p>\n<h3>P\u00f5llumajandustehnika<\/h3>\n<p>Esilaadurites v\u00f5imaldavad noolesilindrid selliste materjalide nagu pinnas ja hein t\u00f5stmist, koputamist ja transportimist. Nende roll p\u00f5llumajandusmasinates on \u00fclioluline, kuna need parandavad masinate v\u00f5imet t\u00e4ita mitut \u00fclesannet, suurendades t\u00f5husalt tootlikkust taludes ja p\u00f5llumajandusmaadel.<\/p>\n<h3>Ekskavaatorid<\/h3>\n<p>Ekskavaatorites v\u00f5imaldab noole silinder kopal pinnasesse tungida, h\u00f5lbustades kaevamisprotsessi. Kopa asendi reguleerimise abil saavad operaatorid saavutada t\u00e4pse kaevamiss\u00fcgavuse ja -nurga, parandades kaevamist\u00f6\u00f6de \u00fcldist efektiivsust.<\/p>\n<h3>Laadurid<\/h3>\n<p>Esilaaduritel aitavad noolesilindrid koormaid t\u00f5husalt t\u00f5sta ja t\u00fchjendada. Nende v\u00f5imas pikendusv\u00f5imalus v\u00f5imaldab operaatoritel materjale h\u00f5lpsalt man\u00f6\u00f6verdada, sujuvamaks muutes laadimise ja mahalaadimise protsessi.<\/p>\n<h2>Projekteerimiskaalutlused ja valikukriteeriumid<\/h2>\n<h3>Kandev\u00f5ime<\/h3>\n<p>Poomi silindri valimisel on \u00fcks peamisi kaalutlusi selle kandev\u00f5ime. Silinder peab suutma taluda maksimaalset eeldatavat koormust, ilma et see ohustaks ohutust v\u00f5i j\u00f5udlust. Tootjad m\u00e4\u00e4ravad sageli koormusn\u00e4itajad ulatuslike testide p\u00f5hjal, tagades, et silinder talub raskete masinate t\u00f6\u00f6 \u00e4\u00e4rmuslikke tingimusi. Silindri sobiva kandev\u00f5ime m\u00e4\u00e4ramiseks on oluline m\u00f5ista k\u00e4ideldavate materjalide kaalu ja t\u00f6\u00f6sagedust.<\/p>\n<h3>Tihendusmehhanismid<\/h3>\n<p>T\u00f5hus tihendus on veel \u00fcks oluline projekteerimiskaalutlus. Poomi silinder peab olema varustatud kvaliteetsete tihenditega, et v\u00e4ltida h\u00fcdraulikavedeliku lekkeid, mis v\u00f5ivad v\u00e4hendada efektiivsust ja p\u00f5hjustada v\u00f5imalikke kahjustusi. Tihendite materjalid, n\u00e4iteks pol\u00fcuretaan v\u00f5i nitriilkummi, peavad olema kulumis- ja korrosioonikindlad, s\u00e4ilitades samal ajal usaldusv\u00e4\u00e4rse tihendi r\u00f5hu all. Nende tihendite hooldus on \u00fclioluline h\u00fcdraulikas\u00fcsteemi pikaajalise toimimise tagamiseks.<\/p>\n<h3>Vastupidavus<\/h3>\n<p>Poomi silindri valimisel on vastupidavus \u00fclioluline. Silinder peaks olema valmistatud materjalidest, mis taluvad karme t\u00f6\u00f6keskkondi, sealhulgas \u00e4\u00e4rmuslikke temperatuure, niiskust ja abrasiivseid materjale. Konstruktsioon peaks sisaldama omadusi, mis suurendavad kulumiskindlust, tagades, et silinder s\u00e4ilitab oma j\u00f5udluse n\u00f5udlikes tingimustes aja jooksul.<\/p>\n<h3>Turvaelemendid<\/h3>\n<p>H\u00fcdraulilistes s\u00fcsteemides on ohutus esmat\u00e4htis. Poomi silindri konstruktsioon peaks sisaldama ohutusfunktsioone, n\u00e4iteks r\u00f5huvabastusventiile, mis hoiavad \u00e4ra s\u00fcsteemi \u00fclekoormuse, ja vastupidavaid kinnituss\u00fcsteeme, mis tagavad masina k\u00fclge kindla kinnituse. Operaatorid peavad olema neist ohutusfunktsioonidest teadlikud ja tagama nende korrektse toimimise, et v\u00e4ltida \u00f5nnetusi ja vigastusi t\u00f6\u00f6kohal.<\/p>\n<h3>Hoolduse ligip\u00e4\u00e4setavus<\/h3>\n<p>Hoolduse lihtsus on samuti kriitilise t\u00e4htsusega disainikaalutlus. Poomi silinder peaks olema konstrueeritud nii, et komponentidele oleks rutiinsete kontrollide ja remondit\u00f6\u00f6de jaoks lihtne juurde p\u00e4\u00e4seda. See disainiaspekt aitab minimeerida seisakuid ja tagab masina t\u00f6\u00f6korras p\u00fcsimise, parandades l\u00f5ppkokkuv\u00f5ttes tootlikkust t\u00f6\u00f6platsidel. Tootjad peaksid kaaluma \u00fcksikasjalike hooldusjuhendite esitamist, milles on v\u00e4lja toodud hooldusprotseduurid ja -intervallid, aidates operaatoritel seadmeid optimaalses seisukorras hoida.<\/p>\n<p><img decoding=\"async\" src=\"https:\/\/www.hydraulic-cylinders.net\/wp-content\/uploads\/2025\/04\/songte-oil-pipes-and-spare-parts.webp\" alt=\"\u00d5litorud ja varuosad\" \/><\/p>\n<h2>Poomi silindri tihendamine ja m\u00e4\u00e4rimine<\/h2>\n<p>Poomi silindrite tihendamine ja m\u00e4\u00e4rimine on nende t\u00f5husa t\u00f6\u00f6 tagamiseks h\u00e4davajalik. H\u00fcdraulilise vedeliku hoidmisel m\u00e4ngivad olulist rolli mitmesugused tihenduskomponendid, n\u00e4iteks kolvi- ja varrastihendid. Vastupidavatest materjalidest, nagu pol\u00fcuretaan ja nitriilkummi, valmistatud tihendid pakuvad erakordset kulumiskindlust ning peavad vastu ehitus- ja t\u00f6\u00f6stuskeskkonna karmidele tingimustele.<\/p>\n<p>Silindri korpus ja keermestatud otsapinnad l\u00e4bivad t\u00e4ppist\u00f6\u00f6tluse, et parandada kulumiskindlust, mis on lekete minimeerimiseks ja silindri eluea pikendamiseks kriitilise t\u00e4htsusega. Sujuva t\u00f6\u00f6 tagamiseks ja liikuvate osade vahelise h\u00f5\u00f5rdumise v\u00e4hendamiseks on vajalik regulaarne m\u00e4\u00e4rimine sobiva h\u00fcdraulika\u00f5liga. Seda m\u00e4\u00e4rimist tuleks regulaarselt teha, et s\u00e4ilitada optimaalne j\u00f5udlus ja v\u00e4ltida v\u00f5imalikke kulumisega seotud probleeme.<\/p>\n<h2>Regulaarne kontroll ja ennetav hooldus<\/h2>\n<ul>\n<li><strong>Visuaalne kontroll:<\/strong> Tehke regulaarselt visuaalset kontrolli kulumise, lekete v\u00f5i kahjustuste m\u00e4rke. See aitab probleeme tuvastada enne, kui need t\u00f5sisemateks probleemideks eskaleeruvad.<\/li>\n<li><strong>M\u00e4\u00e4rimine:<\/strong> Veenduge, et k\u00f5ik liikuvad osad oleksid h\u00f5\u00f5rdumise ja kulumise v\u00e4hendamiseks piisavalt m\u00e4\u00e4ritud. Optimaalse j\u00f5udluse s\u00e4ilitamiseks planeerige m\u00e4\u00e4rimine vastavalt kasutussagedusele.<\/li>\n<li><strong>Tihendi vahetamine:<\/strong> Kontrollige regulaarselt tihendite seisukorda ja vahetage need vastavalt vajadusele, et v\u00e4ltida h\u00fcdraulikavedeliku lekkeid, mis v\u00f5ivad s\u00fcsteemi terviklikkust kahjustada.<\/li>\n<\/ul>\n<h2>Poomi silindri paigaldusjuhised<\/h2>\n<p>Poomi silindri \u00f5ige paigaldamine on selle optimaalse j\u00f5udluse ja pikaealisuse tagamiseks \u00fclioluline. Paigaldamise ajal j\u00e4rgige j\u00e4rgmisi samme:<\/p>\n<ol>\n<li><strong>Valmistage ette kinnituskoht:<\/strong> Enne paigaldamist puhastage kinnituskoht, et eemaldada praht v\u00f5i vana hermeetik, mis v\u00f5ib takistada \u00f5iget joondamist.<\/li>\n<li><strong>Silindri joondamine:<\/strong> Joondage h\u00fcdrosilinder hoolikalt kinnituspunktidega. Vajadusel kasutage t\u00e4psuse tagamiseks joondust\u00f6\u00f6riistu.<\/li>\n<li><strong>Silindri kinnitamine:<\/strong> Kasutage silindri kindlale kinnitamisele sobivaid kinnitusklambreid ja kinnitusvahendeid. Veenduge, et k\u00f5ik \u00fchendused on tihedalt kinni, et v\u00e4ltida silindri liikumist t\u00f6\u00f6tamise ajal.<\/li>\n<li><strong>\u00dchendage h\u00fcdraulilised voolikud:<\/strong> \u00dchendage h\u00fcdraulikavoolikud silindriga, veendudes, et need on lekete v\u00e4ltimiseks \u00f5igesti paigaldatud.<\/li>\n<li><strong>Testoperatsioon:<\/strong> P\u00e4rast paigaldamist tehke proovik\u00e4ivitus, et veenduda silindri ootusp\u00e4rases t\u00f6\u00f6s. Kontrollige lekkeid ja tehke vajadusel seadistusi.<\/li>\n<\/ol>\n<h2>Levinumad hooldust\u00f6\u00f6d<\/h2>\n<ul>\n<li><strong>Regulaarsed kontrollid:<\/strong> Planeerige regulaarseid kontrolle lekete, kulumise ja kahjustuste kontrollimiseks. Varajane avastamine aitab v\u00e4ltida kulukaid remondit\u00f6id.<\/li>\n<li><strong>\u00d5ige m\u00e4\u00e4rimine:<\/strong> Veenduge, et silinder on m\u00e4\u00e4ritud vastavalt tootja spetsifikatsioonidele, et s\u00e4ilitada sujuv t\u00f6\u00f6 ja pikendada kasutusiga.<\/li>\n<li><strong>Tihendi vahetamine:<\/strong> H\u00fcdraulikavedeliku lekke v\u00e4ltimiseks ja s\u00fcsteemi t\u00f5hususe s\u00e4ilitamiseks vahetage kulunud v\u00f5i kahjustatud tihendid viivitamatult v\u00e4lja.<\/li>\n<\/ul>\n<p>Silindri \u00f5ige paigaldamine ja joondamine on sujuva t\u00f6\u00f6 tagamiseks \u00fclioluline. Kasutage silindri kinnitamiseks sobivaid kinnitusklambreid ja veenduge, et k\u00f5ik h\u00fcdraulilised \u00fchendused on tihedalt kinni. Kontrollige, parandage ja vahetage regulaarselt komponente vastavalt vajadusele, et s\u00e4ilitada h\u00fcdraulikas\u00fcsteemi toimimine. Nende protseduuride j\u00e4rgimine v\u00f5ib teie poomi silindri eluiga oluliselt pikendada.<\/p>\n<p><img decoding=\"async\" src=\"https:\/\/www.hydraulic-cylinders.net\/wp-content\/uploads\/2025\/04\/songte-chushion-collar.webp\" alt=\"Padjakaelus\" \/><\/p>\n<h2>Ohutuskaalutlused ja keskkonnategurid<\/h2>\n<p>H\u00fcdraulilistes s\u00fcsteemides noolesilindrite kasutamisel on ohutusmeetmed \u00fcliolulised. Operaatorid peavad olema koolitatud m\u00f5istma h\u00fcdrauliliste masinatega seotud riske ja ohutusprotokollide j\u00e4rgimise olulisust. Isikukaitsevahendite (IKV) kasutamine on oluline t\u00f6\u00f6tajate kaitsmiseks v\u00f5imalike ohtude, n\u00e4iteks h\u00fcdraulikavedeliku lekete eest, mis v\u00f5ivad tekitada ohutusriske ja keskkonnaprobleeme.<\/p>\n<p>Samuti on oluline olla teadlik h\u00fcdraulilise vedeliku keskkonnam\u00f5just. H\u00fcdrauliliste vedelike n\u00f5uetekohane k\u00f5rvaldamine ja k\u00e4itlemine on vajalik pinnase ja veeallikate saastumise v\u00e4ltimiseks. Keskkonnaalaste eeskirjade ja parimate tavade j\u00e4rgimine aitab leevendada h\u00fcdraulikas\u00fcsteemide m\u00f5ju keskkonnale.<\/p>\n<h2>Rikete diagnoosimine ja levinud probleemid<\/h2>\n<ul>\n<li><strong>Vedeliku leke:<\/strong> See on \u00fcks levinumaid probleeme h\u00fcdrosilindritega. Kontrollige tihendeid ja \u00fchendusi kulumise v\u00f5i kahjustuste suhtes, mis v\u00f5ivad p\u00f5hjustada lekkeid.<\/li>\n<li><strong>Aeglane t\u00f6\u00f6:<\/strong> Kui silinder t\u00f6\u00f6tab aeglaselt, v\u00f5ib see viidata madalale h\u00fcdraulikavedeliku tasemele v\u00f5i h\u00fcdraulikapumba probleemile. Kontrollige vedeliku taset ja otsige pumpa probleemide korral.<\/li>\n<li><strong>Ebatavalised helid:<\/strong> Ebatavalised helid t\u00f6\u00f6tamise ajal v\u00f5ivad viidata mehaanilistele probleemidele, n\u00e4iteks kulunud laagritele v\u00f5i ebapiisavale m\u00e4\u00e4rimisele. Uurige m\u00fcra allikat ja v\u00f5tke tarvitusele parandusmeetmed.<\/li>\n<\/ul>\n<h2>Veaotsingu n\u00e4pun\u00e4ited ja lahendused<\/h2>\n<p>T\u00f5hus t\u00f5rkeotsing algab probleemi s\u00fcmptomite tuvastamisest. Vedeliku lekke korral kontrollige tihendeid ja liitmikke kahjustuste suhtes ning vajadusel vahetage need v\u00e4lja. Kui silinder t\u00f6\u00f6tab aeglaselt, kontrollige h\u00fcdraulikavedeliku taset ja t\u00e4itke see, kui see on madal. Lisaks kontrollige h\u00fcdraulikapumba j\u00f5udlusprobleeme.<\/p>\n<p>V\u00f5imalike probleemide minimeerimiseks koostage regulaarne hooldusgraafik, mis h\u00f5lmab \u00fclevaatusi, m\u00e4\u00e4rimist ja tuvastatud probleemide viivitamatut parandamist. Operaatorite koolitamine varajaste probleemide m\u00e4rkide \u00e4ratundmisel aitab veelgi v\u00e4hendada oluliste rikete ohtu.<\/p>\n<p><img decoding=\"async\" src=\"https:\/\/www.hydraulic-cylinders.net\/wp-content\/uploads\/2025\/04\/songte-bushings-with-all-kinds-of-excavator-models.webp\" alt=\"Ekskavaatorimudelite puksid\" \/><\/p>\n<h2>Meie ettev\u00f5ttest<\/h2>\n<p>Oleme juhtiv asendush\u00fcdrauliliste silindrite tootja ja hulgim\u00fc\u00fcja, pakkudes laia tootevalikut nii sise- kui ka rahvusvahelistel turgudel. Meie p\u00fchendumus tipptasemele peegeldub meie hoolikates tootmisjuhtimise strateegiates, mis kasutavad tipptehnoloogiat ja oskust\u00f6\u00f6j\u00f5udu.<\/p>\n<p>Meie rajatised on varustatud t\u00e4iustatud digitaalsete tootmisseadmete ja p\u00f5hjaliku kvaliteedikontrollis\u00fcsteemiga. See kombinatsioon v\u00f5imaldab meil pidevalt t\u00e4iustada oma tootmisv\u00f5imsust, rahuldades samal ajal t\u00f5husalt klientide mitmekesiseid vajadusi. Meie prioriteediks on k\u00f5rge efektiivsus, t\u00e4psus ja kvaliteet, et tagada meie toodete vastavus klientide ootustele.<\/p>\n<p>Lisaks tootmisv\u00f5imalustele pakume ka kliendi erin\u00f5uetele vastavaid eritellimusel teenuseid. Meie rahvusvahelised sertifikaadid kinnitavad meie p\u00fchendumust kvaliteedi- ja ohutusstandarditele. Pakume ka erakordset m\u00fc\u00fcgij\u00e4rgset tuge, tagades, et meie klientidel on juurdep\u00e4\u00e4s vajalikule abile kogu meie toodete eluts\u00fckli v\u00e4ltel.<\/p>\n<p><img decoding=\"async\" src=\"https:\/\/www.hydraulic-cylinders.net\/wp-content\/uploads\/2025\/04\/songte-company-4.webp\" alt=\"Ettev\u00f5tte pilt 1\" \/><br \/>\n<img decoding=\"async\" src=\"https:\/\/www.hydraulic-cylinders.net\/wp-content\/uploads\/2025\/04\/songte-company-3.webp\" alt=\"Ettev\u00f5tte pilt 2\" \/><\/p>\n<p>Autor: lyl<\/p>","protected":false},"excerpt":{"rendered":"<p>Boom Cylinder For Caterpillar Large Excavator E345DL Introduction to Boom Cylinder The Boom Cylinder is a critical component in hydraulic systems, specifically designed to manage the movement of buckets in heavy machinery such as excavators, backhoe loaders, and front loaders. This hydraulic cylinder enables the bucket to lift, lower, and tilt, facilitating efficient material handling [&hellip;]<\/p>","protected":false},"featured_media":17872,"comment_status":"open","ping_status":"closed","template":"","meta":{"_et_pb_use_builder":"","_et_pb_old_content":"","_et_gb_content_width":""},"product_brand":[],"product_cat":[1546],"product_tag":[1547,1496],"class_list":{"0":"post-18975","1":"product","2":"type-product","3":"status-publish","4":"has-post-thumbnail","6":"product_cat-boom-cylinders","7":"product_tag-boom-cylinders","8":"product_tag-hydraulic-cylinders","10":"first","11":"instock","12":"shipping-taxable","13":"product-type-simple"},"amp_enabled":true,"_links":{"self":[{"href":"https:\/\/www.hydraulic-cylinders.net\/et\/wp-json\/wp\/v2\/product\/18975","targetHints":{"allow":["GET"]}}],"collection":[{"href":"https:\/\/www.hydraulic-cylinders.net\/et\/wp-json\/wp\/v2\/product"}],"about":[{"href":"https:\/\/www.hydraulic-cylinders.net\/et\/wp-json\/wp\/v2\/types\/product"}],"replies":[{"embeddable":true,"href":"https:\/\/www.hydraulic-cylinders.net\/et\/wp-json\/wp\/v2\/comments?post=18975"}],"wp:featuredmedia":[{"embeddable":true,"href":"https:\/\/www.hydraulic-cylinders.net\/et\/wp-json\/wp\/v2\/media\/17872"}],"wp:attachment":[{"href":"https:\/\/www.hydraulic-cylinders.net\/et\/wp-json\/wp\/v2\/media?parent=18975"}],"wp:term":[{"taxonomy":"product_brand","embeddable":true,"href":"https:\/\/www.hydraulic-cylinders.net\/et\/wp-json\/wp\/v2\/product_brand?post=18975"},{"taxonomy":"product_cat","embeddable":true,"href":"https:\/\/www.hydraulic-cylinders.net\/et\/wp-json\/wp\/v2\/product_cat?post=18975"},{"taxonomy":"product_tag","embeddable":true,"href":"https:\/\/www.hydraulic-cylinders.net\/et\/wp-json\/wp\/v2\/product_tag?post=18975"}],"curies":[{"name":"wp","href":"https:\/\/api.w.org\/{rel}","templated":true}]}}