{"id":18980,"date":"2025-04-07T06:05:32","date_gmt":"2025-04-07T06:05:32","guid":{"rendered":"https:\/\/www.hydraulic-cylinders.net\/product\/boom-cylinder-for-caterpillar-wheel-excavator-m322d\/"},"modified":"2025-04-07T06:05:35","modified_gmt":"2025-04-07T06:05:35","slug":"boom-cylinder-for-caterpillar-wheel-excavator-m322d","status":"publish","type":"product","link":"https:\/\/www.hydraulic-cylinders.net\/et\/toode\/boom-cylinder-for-caterpillar-wheel-excavator-m322d\/","title":{"rendered":"Caterpillar ratasekskavaatori M322D poomi silinder"},"content":{"rendered":"<h1>Caterpillar ratasekskavaatori M322D poomi silinder<\/h1>\n<h2>Toote \u00fclevaade<\/h2>\n<p>Noole silinder on Caterpillari ratasekskavaatori M322D oluline komponent, mis on loodud noole k\u00e4e liikumise t\u00e4pseks ja t\u00f5husaks juhtimiseks. See h\u00fcdrauliline silinder v\u00f5imaldab noolt t\u00f5sta, langetada ja kallutada, mis on oluline mitmesuguste materjalik\u00e4itlust\u00f6\u00f6de jaoks. H\u00fcdraulikas\u00fcsteemi osana m\u00e4ngib noole silinder olulist rolli rasketehnika j\u00f5udluse parandamisel, pakkudes vajalikku j\u00f5udu raskete koormate ohutuks ja t\u00f5husaks k\u00e4sitsemiseks.<\/p>\n<p><img decoding=\"async\" src=\"https:\/\/www.hydraulic-cylinders.net\/wp-content\/uploads\/2025\/04\/songte-company-1.webp\" alt=\"Poomi silindri pilt\"><\/p>\n<h3>Poomi silindri m\u00e4\u00e4ratlus ja funktsioon<\/h3>\n<p>Poomi silinder on h\u00fcdraulilise silindri t\u00fc\u00fcp, mis on spetsiaalselt loodud poomi liikumise juhtimiseks erinevates rasketes masinates, n\u00e4iteks ekskavaatorites, laadur-ekskavaatorites ja esilaadurites. See v\u00f5imaldab operaatoritel t\u00e4ita selliseid \u00fclesandeid nagu poomi t\u00f5stmine, langetamine ja kallutamine, h\u00f5lbustades seel\u00e4bi t\u00f5husat materjali k\u00e4itlemist. H\u00fcdraulikas\u00fcsteem kasutab r\u00f5hu all olevat vedelikku sujuvate ja kontrollitud liikumiste tagamiseks, muutes selle ehitus- ja p\u00f5llumajandusrakendustes asendamatuks.<\/p>\n<h2>Poomi silindri p\u00f5hijooned<\/h2>\n<ul>\n<li><strong>Suur tugevus ja vastupidavus:<\/strong> K\u00f5rgtugevast terasest v\u00f5i alumiiniumist valmistatud poomi silinder on konstrueeritud taluma k\u00f5rget r\u00f5hku ja suuri koormusi, mist\u00f5ttu sobib see karmideks t\u00f6\u00f6tingimusteks, tagades samal ajal pikaealisuse kulumiskindluse ja korrosioonikaitse kaudu.<\/li>\n<li><strong>T\u00f5hus h\u00fcdrauliline t\u00f6\u00f6:<\/strong> Silinder kasutab sujuvaks pikendamiseks ja tagasit\u00f5mbamiseks h\u00fcdraulilise vedeliku r\u00f5hku, mis v\u00f5imaldab kiiret reageerimist operaatori k\u00e4skudele ning v\u00f5imsa t\u00f5uke- ja t\u00f5mbej\u00f5u pakkumist raskete ja keerukate \u00fclesannete t\u00e4itmiseks.<\/li>\n<li><strong>Saadaval on mitmesuguseid t\u00fc\u00fcpe:<\/strong> Valikute hulka kuuluvad \u00fchetoimelised (\u00fches suunas t\u00f6\u00f6tavad) v\u00f5i kahetoimelised (m\u00f5lemas suunas t\u00f6\u00f6tavad) silindrid, mis vastavad erinevatele t\u00f6\u00f6vajadustele. M\u00f5ned mudelid on teleskoopilised, v\u00f5imaldades suuremat ulatust ilma v\u00e4lism\u00f5\u00f5tmeid suurendamata, mis sobib ideaalselt ruumikitsastes rakendustes.<\/li>\n<li><strong>Kohandatud tootmine:<\/strong> Saame seda toodet toota olemasolevate h\u00fcdrosilindrite ideaalseks asendamiseks, tagades \u00fchilduvuse ja j\u00f5udluse.<\/li>\n<\/ul>\n<p><img decoding=\"async\" src=\"https:\/\/www.hydraulic-cylinders.net\/wp-content\/uploads\/2025\/04\/songte-cylinder-head-with-all-kinds-excavator-models.webp\" alt=\"Ekskavaatori \u00fchilduvus\"><\/p>\n<h2>Poomi silindri rakendused<\/h2>\n<h3>Ehitustehnika<\/h3>\n<p>Ekskavaatorites on noole silindrid \u00fcliolulised kaevamiseks, laadimiseks ja mulla v\u00f5i prahi teisaldamiseks. Need annavad noolele vajaliku j\u00f5u pinnasesse tungimiseks, muutes kaevamist\u00f6\u00f6d t\u00f5husamaks. Ekskavaatoritel abistavad need nii kaevamis- kui ka t\u00f5stet\u00f6\u00f6del, suurendades ehitusplatside tootlikkust.<\/p>\n<h3>P\u00f5llumajandustehnika<\/h3>\n<p>Esilaadurites on noolesilindrid h\u00e4davajalikud mulla, heina ja muude materjalide kopeerimiseks, t\u00f5stmiseks ja transportimiseks. Nende vastupidav konstruktsioon tagab, et need saavad hakkama p\u00f5llumajanduses sageli esinevate n\u00f5udlike \u00fclesannetega, pakkudes operaatoritele usaldusv\u00e4\u00e4rset j\u00f5udlust mitmesuguste rakenduste jaoks.<\/p>\n<h3>Ekskavaatorid<\/h3>\n<p>Ekskavaatori poomi silindrid v\u00f5imaldavad kopal maasse tungida, h\u00f5lbustades seel\u00e4bi t\u00f5husat kaevamist. H\u00fcdrauliline j\u00f5ud v\u00f5imaldab operaatoritel ekskavaatorit t\u00e4pselt man\u00f6\u00f6verdada, optimeerides j\u00f5udlust erinevates kaevet\u00f6\u00f6des.<\/p>\n<h3>Laadurid<\/h3>\n<p>Esilaaduritel aitavad noolesilindrid koormaid t\u00f5husalt t\u00f5sta ja t\u00fchjendada. Nende tugevus ja reageerimisv\u00f5ime muudavad need asendamatuks raskete raskuste t\u00f5stmise ja materjalide ladustamisega seotud \u00fclesannete puhul, tagades sujuva t\u00f6\u00f6.<\/p>\n<h2>Projekteerimiskaalutlused ja valikukriteeriumid<\/h2>\n<h3>Kandev\u00f5ime<\/h3>\n<p>Poomi silindri projekteerimisel on kandev\u00f5ime kriitilise t\u00e4htsusega tegur. See m\u00e4\u00e4rab, kui palju raskust silinder ohutult t\u00f5sta ja langetada suudab. Tootjad viivad sageli l\u00e4bi rangeid katseid, et tagada silindrite vastavus erinevate masinate ja rakenduste n\u00f5utavatele spetsifikatsioonidele.<\/p>\n<h3>Tihendus ja vastupidavus<\/h3>\n<p>T\u00f5hus tihendamine on \u00fclioluline h\u00fcdraulilise vedeliku lekete v\u00e4ltimiseks, mis v\u00f5ivad v\u00e4hendada efektiivsust ja p\u00f5hjustada v\u00f5imalikke kahjustusi. Kvaliteetsete tihendite valimine sellistest materjalidest nagu pol\u00fcuretaan ja nitriilkummi tagab pikaealisuse ja t\u00f6\u00f6kindluse n\u00f5udlikes keskkondades.<\/p>\n<h3>Turvaelemendid<\/h3>\n<p>Ohutus on poomi silindrite konstruktsioonis esmat\u00e4htis. \u00dclekoormuse ja s\u00fcsteemi rikete v\u00e4ltimiseks on sisse ehitatud sellised omadused nagu kaitseklapid ja r\u00f5hualandusklapid, mis tagavad kasutaja ohutuse t\u00f6\u00f6 ajal.<\/p>\n<h3>Hooldus ja hooldatavus<\/h3>\n<p>Lihtsaks hoolduseks m\u00f5eldud projekteerimine on poomi silindri pikaealisuse tagamiseks \u00fclioluline. Ligip\u00e4\u00e4setavate hoolduspunktide ja selgete hoolduskontrollide n\u00e4idikute lisamine aitab operaatoritel regulaarselt hooldust teha, pikendades silindri eluiga.<\/p>\n<p><img decoding=\"async\" src=\"https:\/\/www.hydraulic-cylinders.net\/wp-content\/uploads\/2025\/04\/songte-oil-pipes-and-spare-parts.webp\" alt=\"H\u00fcdraulilised komponendid\"><\/p>\n<h2>Tihendus ja m\u00e4\u00e4rimine<\/h2>\n<p>Erinevate tihenduskomponentide, n\u00e4iteks kolvi- ja vardatihendite kasutamine on h\u00fcdrauliliste silindrite terviklikkuse s\u00e4ilitamiseks \u00fclioluline. Vastupidavuse ja j\u00f5udluse suurendamiseks valitakse kulumiskindlatest materjalidest, n\u00e4iteks pol\u00fcuretaanist ja nitriilkummist, valmistatud tihendid. Silindri korpuse ja keermestatud otste pinnaviimistlus on hoolikalt t\u00f6\u00f6deldud, et parandada kulumiskindlust ja tagada tihendite tihendite tihe sobivus. Regulaarne m\u00e4\u00e4rimine h\u00fcdraulika\u00f5liga on oluline h\u00f5\u00f5rdumise ja kulumise minimeerimiseks, aidates kaasa h\u00fcdraulikas\u00fcsteemi \u00fcldisele efektiivsusele.<\/p>\n<h2>Regulaarne kontroll ja ennetav hooldus<\/h2>\n<ul>\n<li><strong>Regulaarsed kontrollid:<\/strong> H\u00fcdrauliliste silindrite regulaarsete kontrollide tegemine on oluline, et tuvastada k\u00f5ik kulumise, lekke v\u00f5i kahjustuste tunnused. Varajane avastamine aitab \u00e4ra hoida t\u00f5siseid rikkeid ja pikendada seadmete eluiga.<\/li>\n<li><strong>Ennetav hooldus:<\/strong> Ennetava hooldusgraafiku rakendamine aitab tagada, et k\u00f5ik h\u00fcdraulikas\u00fcsteemi komponendid toimivad korrektselt, v\u00e4hendades ootamatute seisakute ohtu.<\/li>\n<li><strong>M\u00e4\u00e4rimiskontrollid:<\/strong> Sujuva t\u00f6\u00f6 ja pikaealisuse tagamiseks on oluline tagada h\u00fcdraulika\u00f5li \u00f5ige tase ja tihendite hea m\u00e4\u00e4rimine.<\/li>\n<\/ul>\n<h2>Paigaldusjuhised<\/h2>\n<p>Poomi silindri \u00f5ige paigaldamine on optimaalse j\u00f5udluse saavutamiseks \u00fclioluline. Alustuseks veenduge, et silinder ja selle komponendid on puhtad ja prahist vabad. Joondage silinder \u00f5igesti, veendudes, et see on kinnitusklambritega paralleelne. Kasutage silindri kinnitamiseks sobivaid kinnitusklambreid. Pingutage k\u00f5iki kinnitusdetaile soovitatud p\u00f6\u00f6rdemomendi spetsifikatsioonidega, et v\u00e4ltida nende lahtitulekut t\u00f6\u00f6tamise ajal. P\u00e4rast paigaldamist tehke enne seadme kasutuselev\u00f5ttu p\u00f5hjalik kontroll, et veenduda joondatuses ja toimimises.<\/p>\n<h2>Levinumad hooldust\u00f6\u00f6d<\/h2>\n<ul>\n<li><strong>Regulaarsed kontrollid:<\/strong> Planeerige rutiinsed kontrollid poomi silindri ja \u00fcmbritsevate komponentide seisukorra hindamiseks. See h\u00f5lmab lekete, kulumise ja joondusprobleemide kontrollimist.<\/li>\n<li><strong>\u00d5ige m\u00e4\u00e4rimine:<\/strong> Veenduge, et h\u00fcdraulika\u00f5li tase on piisav ja tihendid on piisavalt m\u00e4\u00e4ritud, et v\u00e4ltida liikuvate osade h\u00f5\u00f5rdumist ja kulumist.<\/li>\n<li><strong>Tihendi vahetamine:<\/strong> Kontrollige regulaarselt tihendeid kulumise v\u00f5i kahjustuste suhtes. Optimaalse j\u00f5udluse s\u00e4ilitamiseks ja lekete v\u00e4ltimiseks vahetage tihendid vastavalt vajadusele.<\/li>\n<\/ul>\n<h2>Ohutuskaalutlused ja keskkonnategurid<\/h2>\n<p>H\u00fcdrauliliste silindrite kasutamisel on ohutusmeetmed \u00fcliolulised. Operaatorid peaksid alati olema koolitatud ja teadlikud h\u00fcdrauliliste seadmetega seotud v\u00f5imalikest ohtudest. Isikukaitsevahendite (IKV) n\u00f5uetekohane kasutamine on riskide minimeerimiseks h\u00e4davajalik. Lisaks tuleks h\u00fcdrauliliste komponentide eluea pikendamiseks t\u00f6\u00f6tamise ja ladustamise ajal arvestada keskkonnateguritega, nagu kokkupuude \u00e4\u00e4rmuslike temperatuuride ja s\u00f6\u00f6vitavate ainetega.<\/p>\n<h2>Rikete diagnoosimine ja levinud probleemid<\/h2>\n<ul>\n<li><strong>H\u00fcdraulilise vedeliku lekked:<\/strong> Lekkeid v\u00f5ib sageli otsida kulunud tihenditest v\u00f5i kahjustatud voolikutest. Regulaarne kontroll aitab lekkeid varakult tuvastada, ennetades edasisi kahjustusi.<\/li>\n<li><strong>V\u00e4hendatud v\u00f5imsus v\u00f5i reageerimisv\u00f5ime:<\/strong> Kui poomi silinder reageerib aeglaselt, v\u00f5ib see viidata madalale h\u00fcdraulikavedeliku tasemele v\u00f5i \u00f5hule h\u00fcdraulikas\u00fcsteemis. S\u00fcsteemi \u00f5hutamine ja \u00f5ige vedelikutaseme tagamine v\u00f5ivad need probleemid lahendada.<\/li>\n<li><strong>\u00dclekuumenemine:<\/strong> \u00dclekuumenemine v\u00f5ib tuleneda liigsest kasutamisest v\u00f5i ebapiisavast m\u00e4\u00e4rimisest. Temperatuuri j\u00e4lgimine ja piisava m\u00e4\u00e4rimise tagamine aitavad \u00fclekuumenemist v\u00e4ltida.<\/li>\n<\/ul>\n<h2>Veaotsingu n\u00e4pun\u00e4ited<\/h2>\n<p>Poomi silindri probleemide t\u00f5husaks diagnoosimiseks ja lahendamiseks peaksid operaatorid j\u00e4rgima s\u00fcstemaatilisi t\u00f5rkeotsingu protseduure. Alustage h\u00fcdraulikavedeliku taseme kontrollimisest ja lekete otsimisest. Seej\u00e4rel kontrollige tihendeid ja voolikuid kulumis- v\u00f5i kahjustuste suhtes. Regulaarsed hooldustavad, n\u00e4iteks tihendite m\u00e4\u00e4rimine ja kulunud komponentide vahetamine, aitavad potentsiaalseid probleeme veelgi minimeerida. Struktureeritud hooldusgraafiku rakendamine aitab probleeme varakult avastada, tagades sujuva t\u00f6\u00f6 ja pikendades poomi silindri eluiga.<\/p>\n<p><img decoding=\"async\" src=\"https:\/\/www.hydraulic-cylinders.net\/wp-content\/uploads\/2025\/04\/songte-bushings-with-all-kinds-of-excavator-models.webp\" alt=\"Ekskavaatori puksid\"><\/p>\n<h2>Meie ettev\u00f5ttest<\/h2>\n<p>Oleme juhtiv asendush\u00fcdrauliliste silindrite tootja, pakkudes laia tootevalikut nii sise- kui ka v\u00e4listurule. Meie p\u00fchendumus tipptasemele ilmneb meie t\u00e4iustatud tootmisprotsessides ja rangetes kvaliteedikontrolli meetmetes. Kasutame t\u00e4iustatud tootmistehnoloogiaid, oskuslikke spetsialiste ja rangeid testimiss\u00fcsteeme oma tootmisv\u00f5imaluste t\u00e4iustamiseks. Keskendudes k\u00f5rgele t\u00f5hususele, t\u00e4psusele ja kvaliteedile, p\u00fc\u00fcame rahuldada oma klientide mitmekesiseid vajadusi.<\/p>\n<p><img decoding=\"async\" src=\"https:\/\/www.hydraulic-cylinders.net\/wp-content\/uploads\/2025\/04\/songte-company-4.webp\" alt=\"Ettev\u00f5tte pilt 1\"><br \/>\n<img decoding=\"async\" src=\"https:\/\/www.hydraulic-cylinders.net\/wp-content\/uploads\/2025\/04\/songte-company-3.webp\" alt=\"Ettev\u00f5tte pilt 2\"><\/p>\n<p>Meie p\u00fchendumus professionaalsusele, rahvusvahelised sertifikaadid, kohandatud teenused, tipptasemel tootmisseadmed ja usaldusv\u00e4\u00e4rne m\u00fc\u00fcgij\u00e4rgne tugi eristavad meid h\u00fcdrosilindrite t\u00f6\u00f6stuses.<\/p>\n<p>Autor: lyl<\/p>","protected":false},"excerpt":{"rendered":"<p>Boom Cylinder For Caterpillar Wheel Excavator M322D Product Overview The Boom Cylinder is a crucial component for the Caterpillar Wheel Excavator M322D, designed to control the movement of the boom arm with precision and efficiency. This hydraulic cylinder enables the boom to elevate, lower, and tilt, which is essential for various material handling tasks. As [&hellip;]<\/p>","protected":false},"featured_media":17877,"comment_status":"open","ping_status":"closed","template":"","meta":{"_et_pb_use_builder":"","_et_pb_old_content":"","_et_gb_content_width":""},"product_brand":[],"product_cat":[1546],"product_tag":[1547,1496],"class_list":{"0":"post-18980","1":"product","2":"type-product","3":"status-publish","4":"has-post-thumbnail","6":"product_cat-boom-cylinders","7":"product_tag-boom-cylinders","8":"product_tag-hydraulic-cylinders","10":"first","11":"instock","12":"shipping-taxable","13":"product-type-simple"},"amp_enabled":true,"_links":{"self":[{"href":"https:\/\/www.hydraulic-cylinders.net\/et\/wp-json\/wp\/v2\/product\/18980","targetHints":{"allow":["GET"]}}],"collection":[{"href":"https:\/\/www.hydraulic-cylinders.net\/et\/wp-json\/wp\/v2\/product"}],"about":[{"href":"https:\/\/www.hydraulic-cylinders.net\/et\/wp-json\/wp\/v2\/types\/product"}],"replies":[{"embeddable":true,"href":"https:\/\/www.hydraulic-cylinders.net\/et\/wp-json\/wp\/v2\/comments?post=18980"}],"wp:featuredmedia":[{"embeddable":true,"href":"https:\/\/www.hydraulic-cylinders.net\/et\/wp-json\/wp\/v2\/media\/17877"}],"wp:attachment":[{"href":"https:\/\/www.hydraulic-cylinders.net\/et\/wp-json\/wp\/v2\/media?parent=18980"}],"wp:term":[{"taxonomy":"product_brand","embeddable":true,"href":"https:\/\/www.hydraulic-cylinders.net\/et\/wp-json\/wp\/v2\/product_brand?post=18980"},{"taxonomy":"product_cat","embeddable":true,"href":"https:\/\/www.hydraulic-cylinders.net\/et\/wp-json\/wp\/v2\/product_cat?post=18980"},{"taxonomy":"product_tag","embeddable":true,"href":"https:\/\/www.hydraulic-cylinders.net\/et\/wp-json\/wp\/v2\/product_tag?post=18980"}],"curies":[{"name":"wp","href":"https:\/\/api.w.org\/{rel}","templated":true}]}}