{"id":18984,"date":"2025-04-07T06:05:44","date_gmt":"2025-04-07T06:05:44","guid":{"rendered":"https:\/\/www.hydraulic-cylinders.net\/product\/boom-cylinder-for-doosan-small-excavator-dh55g\/"},"modified":"2025-04-07T06:05:46","modified_gmt":"2025-04-07T06:05:46","slug":"boom-cylinder-for-doosan-small-excavator-dh55g","status":"publish","type":"product","link":"https:\/\/www.hydraulic-cylinders.net\/et\/toode\/boom-cylinder-for-doosan-small-excavator-dh55g\/","title":{"rendered":"Doosan v\u00e4ikeekskavaatori DH55G poomi silinder"},"content":{"rendered":"<h1>Doosan v\u00e4ikeekskavaatori DH55G poomi silinder<\/h1>\n<h2>Poomi silindrite \u00fclevaade<\/h2>\n<p>Noole silinder on spetsiaalne h\u00fcdrauliline silinder, mis on loodud noole liikumise juhtimiseks erinevates rasketes masinates, n\u00e4iteks ekskavaatorites, laadur-ekskavaatorites ja esilaadurites. See h\u00fcdrauliline komponent v\u00f5imaldab noolel t\u00f5sta, langetada ja kallutada, h\u00f5lbustades t\u00f5husaid materjalik\u00e4itlust\u00f6id. H\u00fcdraulilistes s\u00fcsteemides m\u00e4ngib noole silinder keskset rolli, muutes h\u00fcdraulilise r\u00f5hu mehaaniliseks j\u00f5uks, et saavutada t\u00e4psed liigutused. Tavaliselt valmistatud \u00fclitugevatest materjalidest, on need silindrid konstrueeritud vastu pidama n\u00f5udlike t\u00f6\u00f6keskkondade raskustele. Nende konstruktsioonis on arvestatud kulumiskindluse ja korrosioonikindlusega, maksimeerides nende t\u00f6\u00f6iga.<\/p>\n<p><img decoding=\"async\" src=\"https:\/\/www.hydraulic-cylinders.net\/wp-content\/uploads\/2025\/04\/songte-company-1.webp\" alt=\"Poomi silinder\"><\/p>\n<h2>Poomi silindri omadused<\/h2>\n<ul>\n<li><strong>Suur tugevus ja vastupidavus:<\/strong> Tavaliselt valmistatud \u00fclitugevast terasest v\u00f5i alumiiniumist, mis talub k\u00f5rget r\u00f5hku ja suuri koormusi ning on loodud vastu pidama karmidele t\u00f6\u00f6tingimustele.<\/li>\n<li><strong>T\u00f5hus h\u00fcdrauliline t\u00f6\u00f6:<\/strong> Kasutab sujuvaks pikendamiseks ja tagasit\u00f5mbamiseks h\u00fcdraulika\u00f5li r\u00f5hku, reageerib kiiresti juhtimisk\u00e4sklustele ning pakub tugevat t\u00f5uke- ja t\u00f5mbej\u00f5udu, mis sobib raskete ja keerukate \u00fclesannete jaoks.<\/li>\n<li><strong>Erinevad t\u00fc\u00fcbid:<\/strong> Saadaval \u00fchetoimelise (h\u00fcdrauliline \u00fches suunas) v\u00f5i kahetoimelise (h\u00fcdrauliline m\u00f5lemas suunas) konfiguratsioonina, et rahuldada erinevaid t\u00f6\u00f6vajadusi, m\u00f5nedel mudelitel on teleskoopkonstruktsioonid suurema ulatuse tagamiseks ilma v\u00e4lism\u00f5\u00f5tmeid suurendamata.<\/li>\n<\/ul>\n<h2>Meie tootmisv\u00f5imalused<\/h2>\n<p>Meil on v\u00f5imekus seda toodet toota ja meie pakkumised suudavad turul olemasolevaid h\u00fcdrosilindreid ideaalselt asendada.<\/p>\n<p><img decoding=\"async\" src=\"https:\/\/www.hydraulic-cylinders.net\/wp-content\/uploads\/2025\/04\/songte-cylinder-head-with-all-kinds-excavator-models.webp\" alt=\"Silindripea\"><\/p>\n<h2>Poomi silindri rakendused<\/h2>\n<h3>Ehitustehnika<\/h3>\n<p>Ekskavaatorites on noolesilindrid \u00fcliolulised kaevamisel, laadimisel ja mulla v\u00f5i prahi teisaldamisel. Need annavad vajaliku j\u00f5u kopa t\u00f5stmiseks ja t\u00e4pseks positsioneerimiseks, muutes need ehitust\u00f6\u00f6del asendamatuks. Ekskavaatoritel ei aita noolesilinder mitte ainult kaevamisel, vaid ka materjalide t\u00f5stmisel, suurendades masina mitmek\u00fclgsust.<\/p>\n<h3>P\u00f5llumajandustehnika<\/h3>\n<p>Esilaadurite puhul h\u00f5lbustavad noolesilindrid mulla, heina ja muude materjalide laadimist, t\u00f5stmist ja transportimist. Nende vastupidav konstruktsioon tagab, et need taluvad p\u00f5llumajandust\u00f6\u00f6dega seotud koormusi, parandades p\u00f5llumajandustegevuse t\u00f5husust.<\/p>\n<h3>Ekskavaatorid<\/h3>\n<p>Ekskavaatorites v\u00f5imaldab noole silinder kopal t\u00f5husalt pinnasesse tungida, muutes kaevamist\u00f6\u00f6d palju lihtsamaks ja t\u00f5husamaks. H\u00fcdrauliline toime tagab rakendatava j\u00f5u \u00fchtluse, maksimeerides kaevamisj\u00f5udlust.<\/p>\n<h3>Laadurid<\/h3>\n<p>Esilaaduritel on noolesilindrid koormate t\u00f5husaks t\u00f5stmiseks ja t\u00fchjendamiseks h\u00e4davajalikud. Need v\u00f5imaldavad operaatoril koppa t\u00f5sta ja kallutada, tagades materjalide t\u00f5husa ja ohutu teisaldamise.<\/p>\n<h2>Projekteerimiskaalutlused ja valikukriteeriumid<\/h2>\n<h3>Kandev\u00f5ime<\/h3>\n<p>Poomi silindri valimisel on kandev\u00f5ime m\u00f5istmine kriitilise t\u00e4htsusega. Silinder peab suutma taluda t\u00f6\u00f6 ajal eeldatavat maksimaalset koormust ilma rikkeohuta. See h\u00f5lmab materjalide t\u00f5husaks t\u00f5stmiseks ja teisaldamiseks vajaliku h\u00fcdraulilise r\u00f5hu hindamist.<\/p>\n<h3>Tihendus<\/h3>\n<p>Tihendus on oluline h\u00fcdraulilise vedeliku terviklikkuse s\u00e4ilitamiseks ja lekete v\u00e4ltimiseks. Kvaliteetne tihend kaitseb silindrit v\u00e4liste saasteainete eest ja tagab optimaalse j\u00f5udluse aja jooksul. Vastupidavatest materjalidest, n\u00e4iteks pol\u00fcuretaanist v\u00f5i nitriilkummist, valmistatud tihendite valimine v\u00f5ib silindri eluiga oluliselt pikendada.<\/p>\n<h3>Vastupidavus<\/h3>\n<p>Vastupidavus on noole silindri valimisel v\u00f5tmetegur. See peaks olema konstrueeritud vastu pidama karmidele tingimustele ja korduvatele t\u00f6\u00f6ts\u00fcklitele. Materjali valik ja tootmisprotsessid m\u00e4ngivad silindri vastupidavuse m\u00e4\u00e4ramisel olulist rolli.<\/p>\n<h3>Ohutus<\/h3>\n<p>Ohutusfunktsioonid peaksid alati olema prioriteet. Poomi silindri konstruktsioon peab sisaldama mehhanisme, mis takistavad juhuslikku vabanemist ja tagavad poomi sujuva toimimise etten\u00e4htud liikumisulatuses. Ohutusmeetmed, n\u00e4iteks \u00fcler\u00f5huventiilid, aitavad kaitsta \u00fclekoormuse eest.<\/p>\n<h3>Hooldus<\/h3>\n<p>Hoolduse lihtsus on veel \u00fcks oluline kaalutlus. Konstruktsioon peaks v\u00f5imaldama lihtsaid kontrolli- ja hooldusprotseduure, et hoida h\u00fcdraulikas\u00fcsteemi optimaalses t\u00f6\u00f6korras. See h\u00f5lmab h\u00f5lpsat juurdep\u00e4\u00e4su tihenditele, m\u00e4\u00e4rimispunktidele ja h\u00fcdraulika\u00fchendustele.<\/p>\n<p><img decoding=\"async\" src=\"https:\/\/www.hydraulic-cylinders.net\/wp-content\/uploads\/2025\/04\/songte-oil-pipes-and-spare-parts.webp\" alt=\"\u00d5litorud ja varuosad\"><\/p>\n<h2>Tihendus ja m\u00e4\u00e4rimine<\/h2>\n<p>T\u00f5hus tihendamine ja m\u00e4\u00e4rimine on poomi silindrite pikaajaliseks t\u00f6\u00f6ks \u00fcliolulised. Vastupidavuse tagamiseks tuleb valida kulumiskindlatest materjalidest, n\u00e4iteks pol\u00fcuretaanist v\u00f5i nitriilkummist, mitmesuguseid tihenduskomponente, n\u00e4iteks kolvi- ja varrastihendeid. Silindri ava ja keermestatud otsapinnad tuleks peenelt t\u00f6\u00f6delda, et suurendada kulumiskindlust, v\u00e4hendades lekete ja rikete ohtu aja jooksul. Sujuva t\u00f6\u00f6 s\u00e4ilitamiseks ja liikuvate osade kulumise v\u00e4ltimiseks on oluline regulaarselt sissepritsida sobivas koguses h\u00fcdraulika\u00f5li m\u00e4\u00e4rimiseks.<\/p>\n<h2>Regulaarne kontroll ja ennetavad hooldusmeetmed<\/h2>\n<ul>\n<li><strong>Sagedased kontrollid:<\/strong> Tehke regulaarseid kontrolle, et tuvastada kulumise, lekete v\u00f5i kahjustuste m\u00e4rke. Varajane tuvastamine aitab ennetada suuremaid rikkeid.<\/li>\n<li><strong>\u00d5ige m\u00e4\u00e4rimine:<\/strong> Veenduge, et k\u00f5ik liikuvad osad oleksid tootja spetsifikatsioonide kohaselt piisavalt m\u00e4\u00e4ritud, et v\u00e4ltida liigset kulumist.<\/li>\n<li><strong>Tihendi vahetamine:<\/strong> Kontrollige regulaarselt tihendite kulumist ja vahetage need vastavalt vajadusele, et s\u00e4ilitada h\u00fcdrauliline terviklikkus ja v\u00e4ltida vedeliku lekkeid.<\/li>\n<\/ul>\n<h2>N\u00f5uetekohased paigaldusjuhised<\/h2>\n<p>Optimaalse j\u00f5udluse tagamiseks j\u00e4rgige neid paigaldusjuhiseid. Esiteks veenduge, et h\u00fcdrosilinder on masina kinnituspunktidega \u00f5igesti joondatud. Vale joondamine v\u00f5ib p\u00f5hjustada enneaegset kulumist v\u00f5i riket. Kasutage silindri kinnitamiseks sobivaid kinnitusklambreid, mis v\u00f5imaldavad n\u00f5uetekohast t\u00f6\u00f6d ilma h\u00fcdros\u00fcsteemile liigse koormuseta. P\u00e4rast paigaldamist on enne masina kasutuselev\u00f5ttu oluline s\u00fcsteem \u00f5hku lasta ja kontrollida lekete suhtes. Tutvuge k\u00f5igi liitmike n\u00f5utavate p\u00f6\u00f6rdemomentide spetsifikatsioonidega, et tagada turvaline ja ohutu paigaldus.<\/p>\n<h2>Levinumad hooldust\u00f6\u00f6d<\/h2>\n<h3>Regulaarsed kontrollid<\/h3>\n<p>Regulaarsed kontrollid on potentsiaalsete probleemide tuvastamiseks enne nende s\u00fcvenemist \u00fcliolulised. Otsige \u00f5lilekke m\u00e4rke, ebatavalisi helisid v\u00f5i v\u00e4henenud j\u00f5udlust. Koostage rutiinne kontrolligraafik, et tagada poomi silindri t\u00f5hus ja ohutu t\u00f6\u00f6.<\/p>\n<h3>Sobiv m\u00e4\u00e4rimine<\/h3>\n<p>H\u00fcdraulilise silindri pikaealisuse tagamiseks on oluline \u00f5ige m\u00e4\u00e4rimine. Kasutage soovitatud t\u00fc\u00fcpi h\u00fcdraulika\u00f5li ja veenduge, et see oleks \u00f5ige tasemeni t\u00e4idetud. See aitab v\u00e4hendada sisemiste komponentide h\u00f5\u00f5rdumist ja kulumist, soodustades sujuvat t\u00f6\u00f6d.<\/p>\n<h3>Tihendi vahetamine ja kalibreerimise kontrollimine<\/h3>\n<p>Kulunud tihendite vahetamine on h\u00fcdraulilise r\u00f5hu s\u00e4ilitamiseks ja lekete v\u00e4ltimiseks kriitilise t\u00e4htsusega. Lisaks on vaja regulaarseid kalibreerimiskontrolle, et tagada s\u00fcsteemi toimimine soovitud spetsifikatsioonide piires, aidates v\u00e4ltida joondamisvigu ja t\u00f6\u00f6 ebaefektiivsust.<\/p>\n<p><img decoding=\"async\" src=\"https:\/\/www.hydraulic-cylinders.net\/wp-content\/uploads\/2025\/04\/songte-chushion-collar.webp\" alt=\"Padjakaelus\"><\/p>\n<h2>Ohutuskaalutlused ja keskkonnategurid<\/h2>\n<p>H\u00fcdrauliliste silindrite kasutamisel on ohutusmeetmed \u00fcliolulised. Veenduge alati, et operaatorid on koolitatud ohutu k\u00e4sitsemise tavade osas, et minimeerida \u00f5nnetusi. Regulaarsed ohutusauditid ja seadmete kontrollid aitavad tuvastada v\u00f5imalikke ohte. Lisaks arvestage keskkonnateguritega, nagu vedelike k\u00f5rvaldamine ja v\u00f5imalikud lekked, ning rakendage strateegiaid kahjulike m\u00f5jude leevendamiseks.<\/p>\n<h2>Levinud probleemide t\u00f5rkeotsing<\/h2>\n<ul>\n<li><strong>Leke:<\/strong> Kui poomi silinder lekib h\u00fcdraulikavedelikku, kontrollige kulunud tihendeid v\u00f5i lahtisi \u00fchendusi. Probleemi v\u00f5ib lahendada liitmike pingutamine v\u00f5i tihendite vahetamine.<\/li>\n<li><strong>V\u00e4hendatud j\u00f5udlus:<\/strong> H\u00fcdraulilise v\u00f5imsuse v\u00e4henemine v\u00f5ib viidata madalale h\u00fcdraulikavedeliku tasemele v\u00f5i s\u00fcsteemis olevale \u00f5hule. Veenduge, et h\u00fcdraulikavedelikku on lisatud ja vajadusel \u00f5hutage s\u00fcsteemi.<\/li>\n<li><strong>Ebatavalised helid:<\/strong> Imelikud helid t\u00f6\u00f6tamise ajal v\u00f5ivad viidata mehaanilisele rikkele v\u00f5i m\u00e4\u00e4rimise puudumisele. Uurige ja k\u00f5rvaldage k\u00f5ik kulumis- v\u00f5i kahjustuste m\u00e4rgid kohe.<\/li>\n<\/ul>\n<p>Regulaarse hooldusgraafiku koostamine aitab neid probleeme v\u00e4ltida, tagades h\u00fcdrosilindri optimaalse j\u00f5udluse ja pikaealisuse.<\/p>\n<p><img decoding=\"async\" src=\"https:\/\/www.hydraulic-cylinders.net\/wp-content\/uploads\/2025\/04\/songte-bushings-with-all-kinds-of-excavator-models.webp\" alt=\"Puksid ekskavaatorimudelitega\"><\/p>\n<h2>Meie ettev\u00f5ttest<\/h2>\n<p>Oleme juhtiv asendush\u00fcdrauliliste silindrite tootja, pakkudes laia tootevalikut. Olles \u00fcks juhtivaid tootjaid ja hulgim\u00fc\u00fcjaid nii sise- kui ka rahvusvahelistel turgudel, seame esikohale tipptasemel kvaliteedi. Meie t\u00e4iustatud tootmisstrateegiad tuginevad t\u00e4iustatud tootmisjuhtimise l\u00e4henemisviisile, kasutades \u00e4ra oskuslikku personali, tipptasemel digitaalseid tootmisseadmeid ja professionaalseid testimiss\u00fcsteeme. T\u00e4iustame pidevalt oma tootmisplatvormi, tagades kindla tootekvaliteedi. P\u00fc\u00fcame rahuldada oma klientide mitmekesiseid vajadusi, j\u00e4rgides k\u00f5rget efektiivsust, t\u00e4psust ja kvaliteeti.<\/p>\n<p><img decoding=\"async\" src=\"https:\/\/www.hydraulic-cylinders.net\/wp-content\/uploads\/2025\/04\/songte-company-4.webp\" alt=\"Ettev\u00f5tte pilt 4\"><br \/>\n<img decoding=\"async\" src=\"https:\/\/www.hydraulic-cylinders.net\/wp-content\/uploads\/2025\/04\/songte-company-3.webp\" alt=\"Ettev\u00f5tte pilt 3\"><\/p>\n<p>Meie p\u00fchendumus professionaalsusele, rahvusvahelistele sertifikaatidele, kohandatud teenustele, t\u00e4iustatud tootmisseadmetele ja usaldusv\u00e4\u00e4rsele m\u00fc\u00fcgij\u00e4rgsele toele eristab meid selles valdkonnas.<\/p>\n<p>Autor: lyl<\/p>","protected":false},"excerpt":{"rendered":"<p>Boom Cylinder For Doosan Small Excavator DH55G Overview of Boom Cylinders The boom cylinder is a specialized hydraulic cylinder designed to control the movement of the boom in various heavy machinery such as excavators, backhoe loaders, and front loaders. This hydraulic component enables the boom to lift, lower, and tilt, facilitating efficient material handling tasks. [&hellip;]<\/p>","protected":false},"featured_media":17881,"comment_status":"open","ping_status":"closed","template":"","meta":{"_et_pb_use_builder":"","_et_pb_old_content":"","_et_gb_content_width":""},"product_brand":[],"product_cat":[1546],"product_tag":[1547,1496],"class_list":{"0":"post-18984","1":"product","2":"type-product","3":"status-publish","4":"has-post-thumbnail","6":"product_cat-boom-cylinders","7":"product_tag-boom-cylinders","8":"product_tag-hydraulic-cylinders","10":"first","11":"instock","12":"shipping-taxable","13":"product-type-simple"},"amp_enabled":true,"_links":{"self":[{"href":"https:\/\/www.hydraulic-cylinders.net\/et\/wp-json\/wp\/v2\/product\/18984","targetHints":{"allow":["GET"]}}],"collection":[{"href":"https:\/\/www.hydraulic-cylinders.net\/et\/wp-json\/wp\/v2\/product"}],"about":[{"href":"https:\/\/www.hydraulic-cylinders.net\/et\/wp-json\/wp\/v2\/types\/product"}],"replies":[{"embeddable":true,"href":"https:\/\/www.hydraulic-cylinders.net\/et\/wp-json\/wp\/v2\/comments?post=18984"}],"wp:featuredmedia":[{"embeddable":true,"href":"https:\/\/www.hydraulic-cylinders.net\/et\/wp-json\/wp\/v2\/media\/17881"}],"wp:attachment":[{"href":"https:\/\/www.hydraulic-cylinders.net\/et\/wp-json\/wp\/v2\/media?parent=18984"}],"wp:term":[{"taxonomy":"product_brand","embeddable":true,"href":"https:\/\/www.hydraulic-cylinders.net\/et\/wp-json\/wp\/v2\/product_brand?post=18984"},{"taxonomy":"product_cat","embeddable":true,"href":"https:\/\/www.hydraulic-cylinders.net\/et\/wp-json\/wp\/v2\/product_cat?post=18984"},{"taxonomy":"product_tag","embeddable":true,"href":"https:\/\/www.hydraulic-cylinders.net\/et\/wp-json\/wp\/v2\/product_tag?post=18984"}],"curies":[{"name":"wp","href":"https:\/\/api.w.org\/{rel}","templated":true}]}}