{"id":18998,"date":"2025-04-07T06:06:26","date_gmt":"2025-04-07T06:06:26","guid":{"rendered":"https:\/\/www.hydraulic-cylinders.net\/product\/boom-cylinder-for-doosan-middle-excavator-dh215-9e-2\/"},"modified":"2025-04-07T06:06:29","modified_gmt":"2025-04-07T06:06:29","slug":"boom-cylinder-for-doosan-middle-excavator-dh215-9e-2","status":"publish","type":"product","link":"https:\/\/www.hydraulic-cylinders.net\/et\/toode\/boom-cylinder-for-doosan-middle-excavator-dh215-9e-2\/","title":{"rendered":"Doosani keskmise ekskavaatori DH215-9E poomi silinder"},"content":{"rendered":"<h1>Doosani keskmise ekskavaatori DH215-9E poomi silinder<\/h1>\n<h2>Sissejuhatus poomi silindritesse<\/h2>\n<p>Poomi silinder on h\u00fcdraulilise silindri t\u00fc\u00fcp, mis on spetsiaalselt loodud mitmesuguste raskete masinate, n\u00e4iteks ekskavaatorite, laadur-ekskavaatori ja esilaaduri koppade liikumise juhtimiseks. Need silindrid v\u00f5imaldavad koppa t\u00f5sta, langetada ja kallutada, h\u00f5lbustades t\u00f5husaid materjalik\u00e4itlust\u00f6id. Nende silindrite t\u00f6\u00f6 on h\u00fcdraulikas\u00fcsteemides \u00fclioluline, kus need muudavad h\u00fcdraulilise vedeliku r\u00f5hu mehaaniliseks j\u00f5uks, v\u00f5imaldades t\u00e4psust kaevamisel ja koorma haldamisel.<\/p>\n<p><img decoding=\"async\" src=\"https:\/\/www.hydraulic-cylinders.net\/wp-content\/uploads\/2025\/04\/songte-company-1.webp\" alt=\"Poomi silindri pilt\"><\/p>\n<h3>Funktsionaalsus ja rakendus<\/h3>\n<p>H\u00fcdraulilise s\u00fcsteemi kontekstis m\u00e4ngivad noolesilindrid lahutamatut rolli. Need v\u00f5imaldavad rasketehnika operaatoritel h\u00f5lpsalt t\u00e4ita keerulisi \u00fclesandeid, nagu kaevamine, t\u00f5stmine ja koormate teisaldamine erinevatel maastikel. H\u00fcdraulilised noolesilindrid t\u00f6\u00f6tavad nii, et lasevad vedelikul enda sees liikuda, luues kontrollitud liikumise, mis on kaevamisprotsesside efektiivsuse jaoks h\u00e4davajalik.<\/p>\n<h2>Poomi silindri omadused<\/h2>\n<ul>\n<li><strong>Suur tugevus ja vastupidavus:<\/strong> Need \u00fclitugevast terasest v\u00f5i alumiiniumist valmistatud silindrid taluvad k\u00f5rget r\u00f5hku ja suuri koormusi, mist\u00f5ttu sobivad need karmidesse t\u00f6\u00f6keskkondadesse.<\/li>\n<li><strong>T\u00f5hus h\u00fcdrauliline t\u00f6\u00f6:<\/strong> H\u00fcdraulilise \u00f5li r\u00f5hu abil v\u00f5imaldavad silindrid sujuvat teleskoopliikumist ja kiiret reageerimist juhi k\u00e4skudele.<\/li>\n<li><strong>Erinevad t\u00fc\u00fcbid:<\/strong> Saadaval \u00fche- ja kahetoimelise konfiguratsioonina, et see vastaks erinevatele t\u00f6\u00f6n\u00f5uetele, m\u00f5nedel mudelitel on teleskoopkonstruktsioonid suurema ulatuse tagamiseks.<\/li>\n<li><strong>Korrosioonikindlus:<\/strong> Valmistatud kulumis- ja korrosioonikindlatest materjalidest, pikendades toote eluiga ja tagades usaldusv\u00e4\u00e4rse j\u00f5udluse.<\/li>\n<li><strong>Lihtne hooldus:<\/strong> Loodud hoolduse lihtsust silmas pidades, tagades pikaealisuse ja p\u00fcsiva t\u00f6\u00f6efektiivsuse.<\/li>\n<\/ul>\n<h2>Tootmisv\u00f5imekus<\/h2>\n<p>Meie silmapaistev tegevus on tippkvaliteediga poomisilindrite tootmine, mis sobivad ideaalselt olemasolevate h\u00fcdrauliliste silindrite asendamiseks. Meie tooted on konstrueeritud vastama klientide erivajadustele, tagades samal ajal k\u00f5rge efektiivsuse ja t\u00f6\u00f6kindluse.<\/p>\n<p><img decoding=\"async\" src=\"https:\/\/www.hydraulic-cylinders.net\/wp-content\/uploads\/2025\/04\/songte-cylinder-head-with-all-kinds-excavator-models.webp\" alt=\"Silindritooted\"><\/p>\n<h2>Rakendusstsenaariumid<\/h2>\n<h3>Ehitustehnika<\/h3>\n<p>Ekskavaatorites on noolesilindrid \u00fcliolulised kaevamiseks, laadimiseks ja mulla v\u00f5i prahi teisaldamiseks. Need h\u00f5lbustavad s\u00fcgavale maasse kaevamist, v\u00f5imaldades operaatoritel \u00fclesandeid t\u00f5husalt t\u00e4ita. Ekskavaator-laadurites aitavad need silindrid nii kaevamisel kui ka t\u00f5stmisel, mis on mitmek\u00fclgsete ehitust\u00f6\u00f6de jaoks h\u00e4davajalik.<\/p>\n<h3>P\u00f5llumajandustehnika<\/h3>\n<p>Esilaadurid kasutavad mulla, heina ja muude materjalide kopeerimiseks, t\u00f5stmiseks ja transportimiseks noolesilindreid. Nende vastupidav konstruktsioon v\u00f5imaldab raskete p\u00f5llumajandussaaduste t\u00f5husat k\u00e4sitsemist, parandades p\u00f5llumajandust\u00f6\u00f6de tootlikkust.<\/p>\n<h3>Ekskavaatorid<\/h3>\n<p>Noole silinder v\u00f5imaldab kopal pinnasesse tungida, v\u00f5imaldades t\u00f5husat kaevamist. See v\u00f5ime on kriitilise t\u00e4htsusega kaevet\u00f6\u00f6del, kus erinevates pinnasetingimustes navigeerimiseks on vaja t\u00e4psust ja v\u00f5imsust.<\/p>\n<h3>Laadurid<\/h3>\n<p>Frontaallaaduritel aitavad noolesilindrid koormaid t\u00f5sta ja maha laadida, suurendades kauba k\u00e4itlemise efektiivsust. Nende konstruktsioon v\u00f5imaldab sujuvat t\u00f6\u00f6d, muutes need laadimis- ja mahalaadimist\u00f6\u00f6del asendamatuks.<\/p>\n<h2>Projekteerimiskaalutlused ja valikukriteeriumid<\/h2>\n<h3>Kandev\u00f5ime<\/h3>\n<p>Noole silindri valimisel on oluline arvestada selle kandev\u00f5imega. See m\u00e4\u00e4rab maksimaalse raskuse, mida silinder suudab taluda ilma ohutust v\u00f5i funktsionaalsust kahjustamata. Suure mahutavusega silindrid on olulised rasketes rakendustes, tagades, et need suudavad kanda t\u00f5stetavate koormate raskust.<\/p>\n<h3>Tihendusv\u00f5ime<\/h3>\n<p>T\u00f5hus tihendamine on \u00fclioluline h\u00fcdraulilise vedeliku lekete v\u00e4ltimiseks ja silindri optimaalse r\u00f5hu s\u00e4ilitamiseks. Kvaliteetsed tihendid, mis on valmistatud sellistest materjalidest nagu pol\u00fcuretaan ja nitriilkummi, tagavad pikaealisuse ja t\u00f5husa t\u00f6\u00f6. Tihendite regulaarne kontrollimine on oluline vedeliku kadude v\u00e4ltimiseks ja j\u00f5udluse s\u00e4ilitamiseks.<\/p>\n<h3>Vastupidavus<\/h3>\n<p>Vastupidavus on v\u00f5tmetegur, eriti karmides t\u00f6\u00f6tingimustes. H\u00e4sti disainitud noole silinder peaks olema kulumiskindel, korrosioonikindel ja vastupidav keskkonnateguritele. See tagab silindri pikaajalise t\u00f6\u00f6v\u00f5ime, v\u00e4hendades vajadust sagedase vahetamise j\u00e4rele.<\/p>\n<h3>Turvaelemendid<\/h3>\n<p>Ohutusmehhanismid on t\u00f6\u00f6 ajal \u00f5nnetuste v\u00e4ltimiseks h\u00e4davajalikud. Balloonidel peaksid olema sellised omadused nagu \u00fclekoormuse v\u00e4ltimiseks m\u00f5eldud \u00fcler\u00f5huventiilid ja s\u00fcsteemid, mis minimeerivad katastroofiliste rikete ohtu. Ohutus peaks projekteerimisel alati olema prioriteet.<\/p>\n<h3>Hooldatavus<\/h3>\n<p>Lihtsalt hooldatava silindri valimine v\u00f5ib oluliselt v\u00e4hendada seisakuid t\u00f6\u00f6s. Lihtsa kontrolli, m\u00e4\u00e4rimise ja osade vahetamise funktsioonid suurendavad t\u00f6\u00f6 efektiivsust ja pikendavad toote eluiga.<\/p>\n<p><img decoding=\"async\" src=\"https:\/\/www.hydraulic-cylinders.net\/wp-content\/uploads\/2025\/04\/songte-oil-pipes-and-spare-parts.webp\" alt=\"H\u00fcdrauliliste silindrite osad\"><\/p>\n<h2>Tihendus ja m\u00e4\u00e4rimine<\/h2>\n<p>Erinevate tihenduskomponentide, n\u00e4iteks kolvi- ja vardatihendite kasutamine on poomi silindri terviklikkuse s\u00e4ilitamiseks \u00fclioluline. Vastupidavatest materjalidest, nagu pol\u00fcuretaan ja nitriilkummi, valmistatud tihendid pakuvad suurep\u00e4rast kulumiskindlust ja v\u00e4ldivad lekkeid. Silindri korpus ja keermestatud otsad on l\u00e4binud t\u00e4ppist\u00f6\u00f6tluse, et suurendada kulumiskindlust, tagades silindri sujuva t\u00f6\u00f6 pikas perspektiivis.<\/p>\n<p>Regulaarne m\u00e4\u00e4rimine sobiva h\u00fcdraulika\u00f5liga on oluline sujuva t\u00f6\u00f6 tagamiseks ja kulumise v\u00e4ltimiseks. Operaatorid peaksid j\u00e4rgima hooldusgraafikut, et vajadusel h\u00fcdraulika\u00f5li lisada, hoides silindrid t\u00f5husalt t\u00f6\u00f6korras.<\/p>\n<h2>Ennetavad hooldusmeetmed<\/h2>\n<ul>\n<li><strong>Regulaarsed kontrollid:<\/strong> Ohutu t\u00f6\u00f6 tagamiseks tehke poomi silindril regulaarseid kontrolle kulumise, lekete v\u00f5i kahjustuste suhtes.<\/li>\n<li><strong>\u00d5ige m\u00e4\u00e4rimine:<\/strong> H\u00fcdrauliliste komponentide sujuva t\u00f6\u00f6 tagamiseks ja kulumise v\u00e4hendamiseks j\u00e4rgige j\u00e4rjepidevaid m\u00e4\u00e4rimisgraafikuid.<\/li>\n<li><strong>Tihendi vahetamine:<\/strong> J\u00e4lgige tihendite toimimist ja vahetage vajadusel tihendeid, et v\u00e4ltida vedeliku lekkeid ja s\u00e4ilitada r\u00f5hk.<\/li>\n<\/ul>\n<h2>Paigaldusjuhised<\/h2>\n<p>Poomi silindri \u00f5ige paigaldamine on optimaalse j\u00f5udluse saavutamiseks h\u00e4davajalik. Alustage veendumaks, et kinnitusklambrid on silindriga \u00f5igesti joondatud. Kasutage silindri kinnitamiseks sobivaid kinnitusvahendeid, veendudes, et see on kindlalt ja l\u00f5tkuvabalt kinnitatud. Oluline on silinder t\u00e4pselt joondada, et v\u00e4ltida h\u00fcdraulikas\u00fcsteemile liigset koormust.<\/p>\n<p>P\u00e4rast paigaldamist \u00fchendage h\u00fcdraulikavoolikud ettevaatlikult, veendudes, et poleks keerdusid ega painutusi, mis v\u00f5iksid vedeliku voolu takistada. P\u00e4rast \u00fchendamist \u00f5hutage s\u00fcsteemist \u00f5hk, et tagada sujuv t\u00f6\u00f6. V\u00f5imalike probleemide v\u00e4ltimiseks lugege alati tootja juhiseid konkreetsete paigaldusjuhiste kohta.<\/p>\n<h2>Hooldus\u00fclesanded<\/h2>\n<ul>\n<li><strong>Regulaarsed kontrollid:<\/strong> Veenduge, et poomi silinder on lekete ja kahjustusteta. Kontrollige tihendite ja muude komponentide kulumisj\u00e4lgi.<\/li>\n<li><strong>Sobiv m\u00e4\u00e4rimine:<\/strong> Kehtestage m\u00e4\u00e4rimisrutiin, tagades, et h\u00fcdraulika\u00f5li tase oleks alati \u00f5ige t\u00f5husa t\u00f6\u00f6 tagamiseks.<\/li>\n<li><strong>Tihendi vahetamine:<\/strong> J\u00e4lgige tihendite terviklikkust ja vahetage need vajadusel v\u00e4lja, et s\u00e4ilitada funktsionaalsus ja v\u00e4ltida lekkeid.<\/li>\n<\/ul>\n<h2>Ohutuskaalutlused ja keskkonnategurid<\/h2>\n<p>Ohutusmeetmete rakendamine t\u00f6\u00f6tamise ajal on noolesilindrite kasutamisel \u00fclioluline. Operaatorid peaksid olema koolitatud ohutu k\u00e4sitsemise tavade osas, sealhulgas kaitsevahendite \u00f5ige kasutamise ja h\u00fcdraulikas\u00fcsteemidega seotud riskide m\u00f5istmise osas. Olulist rolli m\u00e4ngivad ka keskkonnakaalutlused \u2013 h\u00fcdraulikavedelike keskkonda lekkimise v\u00e4ltimine aitab kaitsta \u00f6kos\u00fcsteeme.<\/p>\n<h2>Rikete diagnoosimine ja levinud probleemid<\/h2>\n<ul>\n<li><strong>Vedeliku lekked:<\/strong> Kontrollige h\u00fcdraulikavedeliku lekete m\u00e4rke, mis v\u00f5ivad viidata tihendite v\u00f5i \u00fchenduste probleemidele. Kontrollige tihendeid regulaarselt ja vahetage need kulumise korral v\u00e4lja.<\/li>\n<li><strong>Halb j\u00f5udlus:<\/strong> Kui silinder ei reageeri t\u00f5husalt, kontrollige h\u00fcdraulikavedeliku taset ja otsige s\u00fcsteemist \u00f5hku. S\u00fcsteemi \u00f5hutamine v\u00f5ib olla vajalik.<\/li>\n<li><strong>Ebatavalised helid:<\/strong> T\u00f6\u00f6tamise ajal tekkivad m\u00fcrad v\u00f5ivad viidata sisemistele probleemidele. Kontrollige silindrit kahjustuste v\u00f5i kulumise suhtes, mis v\u00f5ivad vajada parandamist.<\/li>\n<\/ul>\n<p>Regulaarne hooldus ja nendele probleemidele \u00f5igeaegne t\u00e4helepanu p\u00f6\u00f6ramine aitavad \u00e4ra hoida suuremate probleemide teket, tagades poomi silindri heas t\u00f6\u00f6korras p\u00fcsimise.<\/p>\n<p><img decoding=\"async\" src=\"https:\/\/www.hydraulic-cylinders.net\/wp-content\/uploads\/2025\/04\/songte-bushings-with-all-kinds-of-excavator-models.webp\" alt=\"Pukstooted\"><\/p>\n<h2>Ettev\u00f5tte \u00fclevaade<\/h2>\n<p>Oleme juhtiv asendush\u00fcdrauliliste silindrite tootja ja hulgim\u00fc\u00fcja. Meie ulatuslik tootevalik on teinud meist nii sise- kui ka rahvusvahelistel turgudel v\u00f5tmetegija. Meie prioriteediks on kvaliteet, rakendades tipptasemel tootmise tagamiseks t\u00e4pseid tootmisjuhtimise strateegiaid.<\/p>\n<p>Meie p\u00fchendumust tipptasemele toetavad t\u00e4iustatud tootmisseadmed, oskuslik tehniline personal ja ranged testimiss\u00fcsteemid, mis v\u00f5imaldavad meil oma tootmisv\u00f5imsust pidevalt t\u00e4iustada. Keskendudes k\u00f5rgele efektiivsusele, t\u00e4psusele ja kvaliteedile, p\u00fc\u00fcame rahuldada oma klientide mitmekesiseid vajadusi.<\/p>\n<p><img decoding=\"async\" src=\"https:\/\/www.hydraulic-cylinders.net\/wp-content\/uploads\/2025\/04\/songte-company-4.webp\" alt=\"Ettev\u00f5tte \u00fclevaate pilt\"><br \/>\n<img decoding=\"async\" src=\"https:\/\/www.hydraulic-cylinders.net\/wp-content\/uploads\/2025\/04\/songte-company-3.webp\" alt=\"Ettev\u00f5tte tootmise kuvand\"><\/p>\n<p>Autor: lyl<\/p>","protected":false},"excerpt":{"rendered":"<p>Boom Cylinder For Doosan Middle Excavator DH215-9E Introduction to Boom Cylinders A boom cylinder is a type of hydraulic cylinder specifically designed to control the movement of buckets in various heavy machinery, such as excavators, backhoe loaders, and front loaders. These cylinders enable the bucket to lift, lower, and tilt, facilitating efficient material handling tasks. [&hellip;]<\/p>","protected":false},"featured_media":17880,"comment_status":"open","ping_status":"closed","template":"","meta":{"_et_pb_use_builder":"","_et_pb_old_content":"","_et_gb_content_width":""},"product_brand":[],"product_cat":[1546],"product_tag":[1547,1496],"class_list":{"0":"post-18998","1":"product","2":"type-product","3":"status-publish","4":"has-post-thumbnail","6":"product_cat-boom-cylinders","7":"product_tag-boom-cylinders","8":"product_tag-hydraulic-cylinders","10":"first","11":"instock","12":"shipping-taxable","13":"product-type-simple"},"amp_enabled":true,"_links":{"self":[{"href":"https:\/\/www.hydraulic-cylinders.net\/et\/wp-json\/wp\/v2\/product\/18998","targetHints":{"allow":["GET"]}}],"collection":[{"href":"https:\/\/www.hydraulic-cylinders.net\/et\/wp-json\/wp\/v2\/product"}],"about":[{"href":"https:\/\/www.hydraulic-cylinders.net\/et\/wp-json\/wp\/v2\/types\/product"}],"replies":[{"embeddable":true,"href":"https:\/\/www.hydraulic-cylinders.net\/et\/wp-json\/wp\/v2\/comments?post=18998"}],"wp:featuredmedia":[{"embeddable":true,"href":"https:\/\/www.hydraulic-cylinders.net\/et\/wp-json\/wp\/v2\/media\/17880"}],"wp:attachment":[{"href":"https:\/\/www.hydraulic-cylinders.net\/et\/wp-json\/wp\/v2\/media?parent=18998"}],"wp:term":[{"taxonomy":"product_brand","embeddable":true,"href":"https:\/\/www.hydraulic-cylinders.net\/et\/wp-json\/wp\/v2\/product_brand?post=18998"},{"taxonomy":"product_cat","embeddable":true,"href":"https:\/\/www.hydraulic-cylinders.net\/et\/wp-json\/wp\/v2\/product_cat?post=18998"},{"taxonomy":"product_tag","embeddable":true,"href":"https:\/\/www.hydraulic-cylinders.net\/et\/wp-json\/wp\/v2\/product_tag?post=18998"}],"curies":[{"name":"wp","href":"https:\/\/api.w.org\/{rel}","templated":true}]}}