{"id":1900,"date":"2023-10-19T06:38:44","date_gmt":"2023-10-19T06:38:44","guid":{"rendered":"https:\/\/hydraulic-cylinders.net\/?post_type=product&#038;p=1900"},"modified":"2025-04-11T03:43:26","modified_gmt":"2025-04-11T03:43:26","slug":"open-tbm-torque-cylinder","status":"publish","type":"product","link":"https:\/\/www.hydraulic-cylinders.net\/et\/toode\/open-tbm-torque-cylinder\/","title":{"rendered":"Avatud TBM-i p\u00f6\u00f6rdemomendi silinder"},"content":{"rendered":"<h1 style=\"text-align: center;\"><strong>Avatud TBM-i p\u00f6\u00f6rdemomendi silinder<\/strong><\/h1>\n<p><img loading=\"lazy\" decoding=\"async\" class=\"aligncenter wp-image-1901\" src=\"https:\/\/hydraulic-cylinders.net\/wp-content\/uploads\/2023\/10\/torque-cylinder-1-300x300.webp\" alt=\"\" width=\"400\" height=\"400\" \/><\/p>\n<p>Avatud TBM-i p\u00f6\u00f6rdemomendi silinder on tipptasemel h\u00fcdrauliline komponent, mis on loodud erakordse v\u00f5imsuse ja t\u00e4psuse tagamiseks tunnelipuurimist\u00f6\u00f6del. See spetsiaalne silinder m\u00e4ngib olulist rolli tunnelipuurimismasinale (TBM) p\u00f6\u00f6rdemomendi andmisel, v\u00f5imaldades t\u00f5husat kaevamist erinevates geoloogilistes formatsioonides. Selles informatiivses artiklis uurime avatud TBM-i p\u00f6\u00f6rdemomendi silindri peamisi omadusi, kasutusmeetodeid ja hooldusjuhiseid.<\/p>\n<p>Avatud TBM-i p\u00f6\u00f6rdemomendi silinder on v\u00f5imas h\u00fcdrauliline komponent, mis suurendab tunnelipuurimise efektiivsust ja t\u00e4psust. Oma suure p\u00f6\u00f6rdemomendi, t\u00e4pse juhtimise, vastupidavuse ja ohutusfunktsioonidega tagab see silinder tunnelite sujuva ja usaldusv\u00e4\u00e4rse kaevamise. Soovitatavate kasutusmeetodite ja regulaarsete hooldustavade j\u00e4rgimisel pakub avatud TBM-i p\u00f6\u00f6rdemomendi silinder j\u00e4tkuvalt suurep\u00e4rast j\u00f5udlust, aidates kaasa tunneliprojektide edule. Kogege avatud TBM-i p\u00f6\u00f6rdemomendi silindri v\u00f5imsust ja t\u00e4psust, mis muudab tunnelipuurimise toiminguid v\u00f5rratu efektiivsusega.<\/p>\n<p>Avatud TBM-i p\u00f6\u00f6rdemomendi silindri peamised omadused:<\/p>\n<ul>\n<li>Suur p\u00f6\u00f6rdemoment: Avatud kaevandusmasina p\u00f6\u00f6rdemomendi silinder uhkeldab muljetavaldava p\u00f6\u00f6rdemomendiga, mis v\u00f5imaldab kaevandusmasinal keeruliste pinnasetingimustega h\u00f5lpsalt toime tulla. Selle vastupidav disain ja t\u00e4pne projekteerimine tagavad optimaalse p\u00f6\u00f6rdemomendi \u00fclekande, v\u00f5imaldades t\u00f5husat kaevamist ja projekti ajakava l\u00fchendamist.<\/li>\n<li>T\u00e4pne kontroll ja t\u00e4psus: T\u00e4iustatud h\u00fcdraulikas\u00fcsteemidega varustatud silinder pakub t\u00e4pset juhtimist TBM-i rakendatava p\u00f6\u00f6rdemomendi \u00fcle. Operaatorid saavad p\u00f6\u00f6rdemomenti reguleerida vastavalt erinevate geoloogiliste formatsioonide erin\u00f5uetele, tagades t\u00e4pse ja t\u00f5husa kaevamise.<\/li>\n<li>Vastupidavus ja t\u00f6\u00f6kindlus: Kvaliteetsetest materjalidest valmistatud avatud TBM-p\u00f6\u00f6rdemomendi silinder on konstrueeritud vastu pidama tunnelipuurimise n\u00f5udlikele tingimustele. See talub suuri koormusi, vibratsiooni ja l\u00f6\u00f6ke, pakkudes pikaajalist vastupidavust, minimeerides seisakuid ja v\u00e4hendades hoolduskulusid.<\/li>\n<li>Ohutusfunktsioonid: Avatud TBM-i p\u00f6\u00f6rdemomendi silinder sisaldab ohutusfunktsioone, nagu \u00fclekoormuskaitse ja avariipeatusmehhanismid. Need funktsioonid aitavad v\u00e4ltida liigset p\u00f6\u00f6rdemomenti ja tagavad TBM-i operaatorite ohutuse, minimeerides seadmete kahjustamise ohtu.<\/li>\n<\/ul>\n<h2><strong>Avatud TBM-i p\u00f6\u00f6rdemomendi silindri parameeter:<\/strong><\/h2>\n<table border=\"1\" cellspacing=\"0\" cellpadding=\"0\">\n<tbody>\n<tr>\n<td>Toote nimi<\/td>\n<td>Avatud tunneli puurmasina p\u00f6\u00f6rdemomendi silinder<\/td>\n<\/tr>\n<tr>\n<td>Omadused:<\/td>\n<td>Kasutatakse tunnelipuurimismasina suuna reguleerimiseks ja l\u00f5ikepea p\u00f6\u00f6rdemomendi edastamiseks<\/td>\n<\/tr>\n<tr>\n<td>Ava l\u00e4bim\u00f5\u00f5t:<\/td>\n<td>220 mm\uff5e450 mm<\/td>\n<\/tr>\n<tr>\n<td>Varda l\u00e4bim\u00f5\u00f5t:<\/td>\n<td>125 mm\uff5e260 mm<br \/>\nK\u00e4ik 200 mm\uff5e260 mm<\/td>\n<\/tr>\n<tr>\n<td>R\u00f5hk:<\/td>\n<td>kuni 35 MPa<\/td>\n<\/tr>\n<tr>\n<td>Rakendused:<\/td>\n<td>Avatud tunneli puurmasin<\/td>\n<\/tr>\n<\/tbody>\n<\/table>\n<h2><strong>Avatud TBM-silindri rakendus:<\/strong><\/h2>\n<p><img loading=\"lazy\" decoding=\"async\" class=\"alignnone wp-image-1899 size-full\" src=\"https:\/\/hydraulic-cylinders.net\/wp-content\/uploads\/2023\/10\/open-tbm-cylinder-1.webp\" alt=\"\" width=\"709\" height=\"473\" srcset=\"https:\/\/hydraulic-cylinders.net\/wp-content\/uploads\/2023\/10\/open-tbm-cylinder-1.webp 709w, https:\/\/hydraulic-cylinders.net\/wp-content\/uploads\/2023\/10\/open-tbm-cylinder-1-480x320.webp 480w\" sizes=\"(min-width: 0px) and (max-width: 480px) 480px, (min-width: 481px) 709px, 100vw\" \/><\/p>\n<h2><strong>Avatud TBM-i p\u00f6\u00f6rdemomendi silindri kasutusmeetod<\/strong><strong>:<\/strong><\/h2>\n<ul>\n<li><strong>Silindri paigaldamine:<\/strong>\u00a0 Paigaldage avatud TBM-i p\u00f6\u00f6rdemomendi silinder vastavalt tootja juhistele. Veenduge \u00f5iges joonduses ja kindlas kinnituses TBM-i konstruktsiooni k\u00fclge, kasutades sobivaid kinnitusklambreid v\u00f5i tarvikuid.<\/li>\n<li><strong>H\u00fcdraulikas\u00fcsteemi integreerimine:<\/strong> \u00dchendage silinder TBM-i h\u00fcdros\u00fcsteemiga, kasutades \u00fchilduvaid voolikuid ja liitmikke. Veenduge, et k\u00f5ik \u00fchendused on kindlad, lekkevabad ja piisavalt pingutatud, et tagada optimaalne h\u00fcdrauliline j\u00f5udlus.<\/li>\n<li><strong>P\u00f6\u00f6rdemomendi reguleerimine:<\/strong>\u00a0 Tutvuge avatud TBM-i p\u00f6\u00f6rdemomendi silindri spetsiifiliste juhtnuppudega. Need juhtnupud reguleerivad p\u00f6\u00f6rdemomenti, v\u00f5imaldades TBM-i kaevamisj\u00f5u t\u00e4pset juhtimist. Kohandage p\u00f6\u00f6rdemomenti vastavalt pinnase tingimustele ja kaevamisn\u00f5uetele.<\/li>\n<li><strong>Ohutusabin\u00f5ud:<\/strong>\u00a0 J\u00e4rgige k\u00f5iki TBM-i tootja esitatud ohutusprotokolle ja juhiseid. Veenduge, et operaatorid on koolitatud TBM-i ja avatud TBM-i p\u00f6\u00f6rdemomendisilindri ohutuks kasutamiseks. Kontrollige regulaarselt ohutusmehhanisme ja tehke soovituslikku hooldust, et tagada n\u00f5uetekohane toimimine.<\/li>\n<\/ul>\n<h2><strong>Kuidas traktori h\u00fcdrosilindrit \u00f5hutada?<\/strong><\/h2>\n<p>Traktori h\u00fcdrosilindri \u00f5hutamine on oluline h\u00fcdros\u00fcsteemi n\u00f5uetekohase toimimise ja j\u00f5udluse s\u00e4ilitamiseks. Siin on samm-sammult juhend h\u00fcdrosilindri \u00f5hutamiseks:<\/p>\n<ol>\n<li><strong>Ohutus ennek\u00f5ike:<\/strong> Enne alustamist veenduge, et traktor on v\u00e4lja l\u00fclitatud, mootor on jahtunud ja h\u00fcdros\u00fcsteem on r\u00f5huvaba. Samuti pange selga sobivad isikukaitsevahendid, n\u00e4iteks kindad ja kaitseprillid.<\/li>\n<li><strong>Leidke \u00f5hutusventiil:<\/strong> Tuvastage h\u00fcdrosilindri \u00f5hutusventiil. \u00d5hutusventiil on tavaliselt v\u00e4ike kruvi v\u00f5i ventiil, mis asub silindri korpusel v\u00f5i h\u00fcdraulika\u00fchenduste l\u00e4hedal.<\/li>\n<li><strong>Kogumismahuti ettevalmistamine:<\/strong> Asetage \u00f5hutusventiili alla sobiv anum, et koguda \u00f5hutusprotsessi k\u00e4igus lekkiv h\u00fcdraulikavedelik.<\/li>\n<li><strong>Ava \u00f5hutusventiil:<\/strong> Sobiva mutriv\u00f5tme v\u00f5i t\u00f6\u00f6riista abil avage \u00f5hutusventiil ettevaatlikult, keerates seda vastup\u00e4eva. See laseb \u00f5hul ja v\u00f5imalikul l\u00f5ksus oleval vedelikul v\u00e4lja p\u00e4\u00e4seda.<\/li>\n<li><strong>K\u00e4ivitage mootor:<\/strong> K\u00e4ivitage traktori mootor ja laske sellel t\u00fchik\u00e4igul t\u00f6\u00f6tada. See toiming aktiveerib h\u00fcdropumba, mis v\u00f5imaldab vedelikul s\u00fcsteemis voolata.<\/li>\n<li><strong>H\u00fcdraulilise juhtseadme kasutamine:<\/strong> L\u00fclitage sisse h\u00fcdrauliline juhtseade, mis juhib silindrit, mida soovite \u00f5hutada. Liigutage juhtseadet soovitud toimingust olenevalt v\u00e4lja- v\u00f5i sissel\u00fckatud asendisse. See aitab luua h\u00fcdraulilist r\u00f5hku ja suruda silindrist kinni j\u00e4\u00e4nud \u00f5hu v\u00e4lja.<\/li>\n<li><strong>J\u00e4lgige vedeliku voolu:<\/strong> J\u00e4lgige vedeliku voolamist v\u00e4ljalaskeklapist. Alguses v\u00f5ite n\u00e4ha \u00f5humulle, kuid \u00f5hutusprotsessi j\u00e4tkudes peaks vedelik muutuma \u00fchtlaseks ja \u00f5huvabaks. Laske vedelikul m\u00f5nda aega voolata, et kogu \u00f5hk oleks v\u00e4ljunud.<\/li>\n<li><strong>Sulgege \u00f5hutusventiil:<\/strong> Kui vedelik voolab sujuvalt ja ilma \u00f5humullideta, sulgege \u00f5hutusventiil, keerates seda p\u00e4rip\u00e4eva. Olge ettevaatlik, et te seda \u00fcle ei pingutaks.<\/li>\n<li><strong>Kontrollige h\u00fcdraulikavedeliku taset:<\/strong> Kontrollige traktori h\u00fcdraulikavedeliku taset paagis. Vajadusel lisage soovitatud h\u00fcdraulikavedelikku, et hoida \u00f5ige tase. H\u00fcdraulikavedeliku \u00f5ige t\u00fc\u00fcbi ja spetsifikatsioonide kohta vaadake traktori kasutusjuhendit.<\/li>\n<li><strong>Testoperatsioon:<\/strong> Kui h\u00fcdrosilinder on \u00f5hutatud ja h\u00fcdrovedeliku tase kontrollitud, testige traktori h\u00fcdros\u00fcsteemi, kasutades \u00f5hutatud silindri juhtnuppu. J\u00e4lgige silindri j\u00f5udlust. See peaks t\u00f6\u00f6tama sujuvalt ja pakkuma piisavat j\u00f5udu.<\/li>\n<li><strong>Vajadusel korrake:<\/strong> M\u00f5nel juhul v\u00f5ivad kangekaelsed \u00f5humullid vajada mitut \u00f5hutusts\u00fcklit. Kui m\u00e4rkate s\u00fcsteemis endiselt \u00f5hku v\u00f5i j\u00f5udlus on halb, korrake \u00f5hutusprotsessi.<\/li>\n<\/ol>\n<h2><strong>Tehase v\u00f5imekus ja suutlikkus:<\/strong><\/h2>\n<h3>(1) Kokkupanek<\/h3>\n<p>Meil on esmaklassiline s\u00f5ltumatu teadus- ja arendustegevuse montaa\u017eiplatvorm. H\u00fcdrosilindrite tootmist\u00f6\u00f6kojas on neli poolautomaatset t\u00f5stesilindrite koosteliini ja \u00fcks automaatne kallutussilindrite koosteliin, mille kavandatud aastane tootmisv\u00f5imsus on 1 miljon t\u00fckki. Spetsiaalsete silindrite t\u00f6\u00f6koda on varustatud erinevate spetsifikatsioonidega poolautomaatse puhastusmontaa\u017eis\u00fcsteemiga, mille kavandatud aastane tootmisv\u00f5imsus on 200 000 ja mis on varustatud kuulsate CNC-t\u00f6\u00f6tlemisseadmete, mehaanilise t\u00f6\u00f6tlemise keskuse, suure t\u00e4psusega silindrite t\u00f6\u00f6tlemise eriseadmete, robotkeevitusmasina, automaatse puhastusmasina, automaatse silindri kokkupanemise masina ja automaatse v\u00e4rvimise tootmisliiniga. Olemasolevad kriitilised seadmed rohkem kui 300 komplekti (komplekti). Seadmete ressursside optimaalne jaotamine ja t\u00f5hus kasutamine tagavad toodete t\u00e4psusn\u00f5uded ja vastavad toodete kvaliteedin\u00f5uetele.<\/p>\n<p><img loading=\"lazy\" decoding=\"async\" class=\"alignnone wp-image-626\" src=\"https:\/\/hydraulic-cylinders.net\/wp-content\/uploads\/2023\/08\/hydraulic-cylinder-product-1-300x158.webp\" alt=\"\" width=\"495\" height=\"260\" srcset=\"https:\/\/hydraulic-cylinders.net\/wp-content\/uploads\/2023\/08\/hydraulic-cylinder-product-1-300x158.webp 495w, https:\/\/hydraulic-cylinders.net\/wp-content\/uploads\/2023\/08\/hydraulic-cylinder-product-1-480x252.webp 480w\" sizes=\"(min-width: 0px) and (max-width: 480px) 480px, (min-width: 481px) 495px, 100vw\" \/> <img loading=\"lazy\" decoding=\"async\" class=\"alignnone wp-image-627\" src=\"https:\/\/hydraulic-cylinders.net\/wp-content\/uploads\/2023\/08\/hydraulic-cylinder-product-2-300x189.webp\" alt=\"\" width=\"413\" height=\"260\" \/><\/p>\n<h3>(2) T\u00f6\u00f6tlemine<\/h3>\n<p>T\u00f6\u00f6deldav t\u00f6\u00f6koda on varustatud kohandatud kallutatud r\u00f6\u00f6pse treipingi keskuse, mehaanilise keskuse, kiire lihvimismasina, keevitusroboti ja muude seotud seadmetega, mis suudavad t\u00f6\u00f6delda silindritorusid, mille maksimaalne sisel\u00e4bim\u00f5\u00f5t on 400 mm ja maksimaalne pikkus on 6 meetrit.<\/p>\n<p><img loading=\"lazy\" decoding=\"async\" class=\"alignnone wp-image-628 size-large\" src=\"https:\/\/hydraulic-cylinders.net\/wp-content\/uploads\/2023\/08\/hydraulic-cylinder-product-3-1024x391.webp\" alt=\"\" width=\"1024\" height=\"391\" srcset=\"https:\/\/hydraulic-cylinders.net\/wp-content\/uploads\/2023\/08\/hydraulic-cylinder-product-3-980x374.webp 980w, https:\/\/hydraulic-cylinders.net\/wp-content\/uploads\/2023\/08\/hydraulic-cylinder-product-3-480x183.webp 480w\" sizes=\"(min-width: 0px) and (max-width: 480px) 480px, (min-width: 481px) and (max-width: 980px) 980px, (min-width: 981px) 1024px, 100vw\" \/><\/p>\n<h3>(3) Keevitamine<\/h3>\n<p><img loading=\"lazy\" decoding=\"async\" class=\"alignnone wp-image-629 size-large\" src=\"https:\/\/hydraulic-cylinders.net\/wp-content\/uploads\/2023\/08\/hydraulic-cylinder-product-4-1024x510.webp\" alt=\"\" width=\"1024\" height=\"510\" srcset=\"https:\/\/hydraulic-cylinders.net\/wp-content\/uploads\/2023\/08\/hydraulic-cylinder-product-4-980x488.webp 980w, https:\/\/hydraulic-cylinders.net\/wp-content\/uploads\/2023\/08\/hydraulic-cylinder-product-4-480x239.webp 480w\" sizes=\"(min-width: 0px) and (max-width: 480px) 480px, (min-width: 481px) and (max-width: 980px) 980px, (min-width: 981px) 1024px, 100vw\" \/><\/p>\n<h3>(4) V\u00e4rvimine ja katmine<\/h3>\n<p>V\u00e4ikese ja keskmise suurusega silindri automaatse veep\u00f5hise v\u00e4rvipinnakattega liinide abil, et saavutada automaatne robotlaadimine ja mahalaadimine ning automaatne pihustamine, projekteerimisv\u00f5imsus 4000 t\u00fckki vahetuse kohta;<br \/>\nMeil on ka poolautomaatne suurte balloonide v\u00e4rvimise tootmisliin, mis t\u00f6\u00f6tab j\u00f5ukettaga ja mille projekteerimisv\u00f5imsus on 60 kasti \u00fche vahetuse kohta.<\/p>\n<p><img loading=\"lazy\" decoding=\"async\" class=\"alignnone wp-image-630\" src=\"https:\/\/hydraulic-cylinders.net\/wp-content\/uploads\/2023\/08\/hydraulic-cylinder-product-5-300x213.webp\" alt=\"\" width=\"366\" height=\"260\" \/> <img loading=\"lazy\" decoding=\"async\" class=\"alignnone wp-image-631\" src=\"https:\/\/hydraulic-cylinders.net\/wp-content\/uploads\/2023\/08\/hydraulic-cylinder-product-6-300x225.webp\" alt=\"\" width=\"347\" height=\"260\" \/><\/p>\n<h3>(5) Testimine<\/h3>\n<p>Meil on esmaklassilised kontrolliseadmed ja katsestendid, et tagada silindri j\u00f5udlus vastavus n\u00f5uetele.<\/p>\n<p><img loading=\"lazy\" decoding=\"async\" class=\"alignnone wp-image-632\" src=\"https:\/\/hydraulic-cylinders.net\/wp-content\/uploads\/2023\/08\/hydraulic-cylinder-product-8-300x200.webp\" alt=\"\" width=\"389\" height=\"260\" \/><\/p>\n<p>&nbsp;<\/p>\n<p>&nbsp;<\/p>\n<p>Oleme \u00fcks parimaid h\u00fcdrosilindrite tootjaid. Pakume laia valikut h\u00fcdrosilindreid. Pakume ka vastavaid... <a href=\"https:\/\/hzpt.com\/agricultural-pto-gearbox\/\" target=\"_blank\" rel=\"noopener\">p\u00f5llumajanduslikud k\u00e4igukastid<\/a>. Oleme eksportinud oma tooteid klientidele \u00fcle maailma ja teeninud hea maine t\u00e4nu meie suurep\u00e4rasele tootekvaliteedile ja m\u00fc\u00fcgij\u00e4rgsele teenindusele. Me tervitame kliente kodus ja v\u00e4lismaal, et v\u00f5tta meiega \u00fchendust, et pidada l\u00e4bir\u00e4\u00e4kimisi \u00e4ri, vahetada teavet ja <a href=\"https:\/\/www.hydraulic-cylinders.net\/et\/contact-us\/\">teha meiega koost\u00f6\u00f6d<\/a>!<\/p>\n<p>&nbsp;<\/p>","protected":false},"excerpt":{"rendered":"<p>Open TBM Torque Cylinder The open TBM torque cylinder is a cutting-edge hydraulic component designed to deliver exceptional power and precision in tunnel boring operations. This specialized cylinder plays a vital role in providing torque force to the tunnel boring machine (TBM), enabling efficient excavation through various geological formations. In this informative article, we will [&hellip;]<\/p>","protected":false},"featured_media":1902,"comment_status":"open","ping_status":"closed","template":"","meta":{"_et_pb_use_builder":"","_et_pb_old_content":"","_et_gb_content_width":""},"product_brand":[],"product_cat":[1550,1519],"product_tag":[1380],"class_list":{"0":"post-1900","1":"product","2":"type-product","3":"status-publish","4":"has-post-thumbnail","6":"product_cat-double-acting-hydraulic-cylinder","7":"product_cat-shield-machine-hydraulic-cylinders","8":"product_tag-hydraulic-cylinder","10":"first","11":"instock","12":"shipping-taxable","13":"product-type-simple"},"amp_enabled":true,"_links":{"self":[{"href":"https:\/\/www.hydraulic-cylinders.net\/et\/wp-json\/wp\/v2\/product\/1900","targetHints":{"allow":["GET"]}}],"collection":[{"href":"https:\/\/www.hydraulic-cylinders.net\/et\/wp-json\/wp\/v2\/product"}],"about":[{"href":"https:\/\/www.hydraulic-cylinders.net\/et\/wp-json\/wp\/v2\/types\/product"}],"replies":[{"embeddable":true,"href":"https:\/\/www.hydraulic-cylinders.net\/et\/wp-json\/wp\/v2\/comments?post=1900"}],"wp:featuredmedia":[{"embeddable":true,"href":"https:\/\/www.hydraulic-cylinders.net\/et\/wp-json\/wp\/v2\/media\/1902"}],"wp:attachment":[{"href":"https:\/\/www.hydraulic-cylinders.net\/et\/wp-json\/wp\/v2\/media?parent=1900"}],"wp:term":[{"taxonomy":"product_brand","embeddable":true,"href":"https:\/\/www.hydraulic-cylinders.net\/et\/wp-json\/wp\/v2\/product_brand?post=1900"},{"taxonomy":"product_cat","embeddable":true,"href":"https:\/\/www.hydraulic-cylinders.net\/et\/wp-json\/wp\/v2\/product_cat?post=1900"},{"taxonomy":"product_tag","embeddable":true,"href":"https:\/\/www.hydraulic-cylinders.net\/et\/wp-json\/wp\/v2\/product_tag?post=1900"}],"curies":[{"name":"wp","href":"https:\/\/api.w.org\/{rel}","templated":true}]}}