{"id":19000,"date":"2025-04-07T06:06:31","date_gmt":"2025-04-07T06:06:31","guid":{"rendered":"https:\/\/www.hydraulic-cylinders.net\/product\/boom-cylinder-for-doosan-middle-excavator-dh225lc-9\/"},"modified":"2025-04-07T06:06:34","modified_gmt":"2025-04-07T06:06:34","slug":"boom-cylinder-for-doosan-middle-excavator-dh225lc-9","status":"publish","type":"product","link":"https:\/\/www.hydraulic-cylinders.net\/et\/toode\/boom-cylinder-for-doosan-middle-excavator-dh225lc-9\/","title":{"rendered":"Doosani keskmise ekskavaatori DH225LC-9 poomi silinder"},"content":{"rendered":"<h1>Doosani keskmise ekskavaatori DH225LC-9 poomi silinder<\/h1>\n<h2>Poomi silindri m\u00f5istmine<\/h2>\n<p>Noole silinder on oluline h\u00fcdrauliline komponent, mis on spetsiaalselt loodud kopa liikumise juhtimiseks rasketel masinatel, n\u00e4iteks ekskavaatoritel, laadur-ekskavaatoritel ja esilaaduritel. See h\u00fcdrauliline silinder v\u00f5imaldab kopa t\u00f5stmist, langetamist ja kallutamist, h\u00f5lbustades mitmesuguseid materjali k\u00e4itlemise \u00fclesandeid. P\u00f5him\u00f5tteliselt m\u00e4ngib noole silinder ekskavaatorite h\u00fcdros\u00fcsteemis olulist rolli, v\u00f5imaldades t\u00e4pset juhtimist ja suurendades t\u00f6\u00f6 efektiivsust.<\/p>\n<p><img decoding=\"async\" src=\"https:\/\/www.hydraulic-cylinders.net\/wp-content\/uploads\/2025\/04\/songte-company-1.webp\" alt=\"Poomi silindri pilt\" \/><\/p>\n<h3>Poomi silindri omadused<\/h3>\n<ul>\n<li><strong>Suur tugevus ja vastupidavus:<\/strong> K\u00f5rgtugevast terasest v\u00f5i alumiiniumist valmistatud poomi silinder on loodud taluma k\u00f5rget r\u00f5hku ja suuri koormusi, mist\u00f5ttu sobib see karmideks t\u00f6\u00f6tingimusteks.<\/li>\n<li><strong>T\u00f5hus h\u00fcdrauliline t\u00f6\u00f6:<\/strong> Poomi silinder tagab h\u00fcdraulika\u00f5li r\u00f5hu abil sujuva pikendus- ja tagasit\u00f5mbamisliigutuse, v\u00f5imaldades kiiret reageerimist juhi k\u00e4skudele ning v\u00f5imsaid t\u00f5uke- ja t\u00f5mbej\u00f5ude.<\/li>\n<li><strong>Erinevad t\u00fc\u00fcbid:<\/strong> Saadaval \u00fchetoimelise (h\u00fcdraulika abil \u00fches suunas) v\u00f5i kahetoimelise (h\u00fcdraulika abil m\u00f5lemas suunas) konfiguratsioonina, et rahuldada erinevaid t\u00f6\u00f6vajadusi, m\u00f5nedel mudelitel on teleskoopkonstruktsioonid, mis v\u00f5imaldavad suuremat ulatust ilma v\u00e4lism\u00f5\u00f5tmeid suurendamata.<\/li>\n<\/ul>\n<p>Meie toodame seda toodet ja meie pakkumised suudavad ideaalselt asendada mitmesuguseid h\u00fcdraulilisi silindreid.<\/p>\n<p><img decoding=\"async\" src=\"https:\/\/www.hydraulic-cylinders.net\/wp-content\/uploads\/2025\/04\/songte-cylinder-head-with-all-kinds-excavator-models.webp\" alt=\"Ekskavaatori mudelid\" \/><\/p>\n<h2>Poomi silindri rakendused<\/h2>\n<h3>Ehitustehnika<\/h3>\n<p>Ekskavaatorites on noolesilindrid h\u00e4davajalikud kaevamiseks, laadimiseks ja pinnase v\u00f5i prahi teisaldamiseks. Need v\u00f5imaldavad kopal t\u00f5husalt pinnasesse tungida, tagades raskete materjalide t\u00f5husa kaevamise. Ekskavaator-laadurites abistavad need silindrid nii kaevamis- kui ka t\u00f5stet\u00f6\u00f6del, suurendades mitmek\u00fclgsust t\u00f6\u00f6platsil.<\/p>\n<h3>P\u00f5llumajandustehnika<\/h3>\n<p>Esilaadurites kasutatavad noolesilindrid on olulised mulla, heina ja muude materjalide kopeerimiseks, t\u00f5stmiseks ja transportimiseks. Nende konstruktsioon v\u00f5imaldab p\u00f5llumajandussaaduste t\u00f5husat k\u00e4sitsemist, aidates kaasa p\u00f5llumajandustegevuse tootlikkusele.<\/p>\n<h3>Ekskavaatorid<\/h3>\n<p>Ekskavaatorite noole silinder h\u00f5lbustab kaevamist, v\u00f5imaldades kopal pinnasesse tungida. See funktsioon on kaevet\u00f6\u00f6de puhul \u00fclioluline, muutes selle kaevandus- ja ehitustegevuse v\u00f5tmekomponendiks.<\/p>\n<h3>Laadurid<\/h3>\n<p>Esilaaduritel aitavad poomisilindrid materjale t\u00f5husalt t\u00f5sta ja t\u00fchjendada. Nende vastupidav konstruktsioon v\u00f5imaldab k\u00e4sitseda m\u00e4rkimisv\u00e4\u00e4rseid koormaid, tagades materjalide t\u00f5husa teisaldamise erinevatel maastikel.<\/p>\n<h2>Projekteerimiskaalutlused ja valikukriteeriumid<\/h2>\n<h3>Kandev\u00f5ime<\/h3>\n<p>Poomi silindri kandev\u00f5ime on kriitilise t\u00e4htsusega projekteerimiskaalutlus. See peaks olema vastavuses masina t\u00f6\u00f6n\u00f5uetega, et tagada ohutus ja efektiivsus. Ebapiisav kandev\u00f5ime v\u00f5ib p\u00f5hjustada katastroofilisi rikkeid, samas kui liiga vastupidav konstruktsioon v\u00f5ib kaasa tuua tarbetuid kulusid.<\/p>\n<h3>Tihendus<\/h3>\n<p>T\u00f5hus tihendamine on oluline h\u00fcdraulilise vedeliku lekke v\u00e4ltimiseks, mis v\u00f5ib j\u00f5udlust kahjustada. Kvaliteetsed tihendid, n\u00e4iteks kolvitihendid ja varrastihendid, mis on valmistatud vastupidavatest materjalidest nagu pol\u00fcuretaan ja nitriilkummi, on pikaealisuse ja efektiivsuse tagamiseks \u00fcliolulised.<\/p>\n<h3>Vastupidavus<\/h3>\n<p>Poomisilindrite projekteerimisel on vastupidavus esmat\u00e4htis, kuna need puutuvad kokku \u00e4\u00e4rmuslike tingimustega. Kasutatavad materjalid peavad olema kulumis- ja korrosioonikindlad, pikendades seel\u00e4bi silindri eluiga ja v\u00e4hendades hoolduskulusid.<\/p>\n<h3>Ohutus<\/h3>\n<p>Poomi silindrite konstruktsiooni tuleb integreerida ohutusfunktsioonid, et kaitsta operaatoreid ja masinaid. See h\u00f5lmab r\u00f5huvabastusventiile ja vastupidavaid kinnituss\u00fcsteeme, et tagada stabiilsus t\u00f6\u00f6 ajal.<\/p>\n<h3>Hooldus<\/h3>\n<p>Hoolduse lihtsus on noolesilindrite projekteerimisel \u00fclioluline tegur. Komponentidele peaks olema lihtne juurdep\u00e4\u00e4s kontrollimiseks, m\u00e4\u00e4rimiseks ja vahetamiseks, et minimeerida seisakuid ja suurendada tootlikkust.<\/p>\n<p><img decoding=\"async\" src=\"https:\/\/www.hydraulic-cylinders.net\/wp-content\/uploads\/2025\/04\/songte-oil-pipes-and-spare-parts.webp\" alt=\"H\u00fcdraulilised osad\" \/><\/p>\n<h2>Tihendus ja m\u00e4\u00e4rimine<\/h2>\n<p>Poomi silindrites kasutatakse mitmesuguseid tihendeid, sealhulgas kolvitihendeid ja vardatihendeid, mis on h\u00fcdraulilise vedeliku kadude v\u00e4ltimiseks kriitilise t\u00e4htsusega. Kulumiskindlatest materjalidest, n\u00e4iteks pol\u00fcuretaanist ja nitriilkummist, valmistatud tihendid tagavad vastupidavuse, mida on vaja ka karmides tingimustes. Lisaks on silindri korpus ja keermestatud otsapinnad peenelt t\u00f6\u00f6deldud, et suurendada kulumiskindlust. Optimaalse j\u00f5udluse s\u00e4ilitamiseks on vajalik regulaarne m\u00e4\u00e4rimine h\u00fcdraulika\u00f5liga, kuna see minimeerib liikuvate osade h\u00f5\u00f5rdumist ja kulumist.<\/p>\n<h2>Ennetavad hooldusmeetmed<\/h2>\n<ul>\n<li><strong>Regulaarne kontroll:<\/strong> Kontrollige regulaarselt poomi silindrit kulumise, lekete v\u00f5i kahjustuste suhtes. See ennetav l\u00e4henemisviis aitab probleeme tuvastada enne, kui need olulisteks eskaleeruvad.<\/li>\n<li><strong>Sobiv m\u00e4\u00e4rimine:<\/strong> Ensure that the hydraulic oil is adequately filled and that lubrication is performed as per the manufacturer&#8217;s recommendations to maintain smooth operation.<\/li>\n<li><strong>Tihendi vahetamine:<\/strong> Kontrollige regulaarselt tihendite kulumist ja vahetage need vastavalt vajadusele, et v\u00e4ltida vedeliku lekkeid ja s\u00e4ilitada j\u00f5udlus.<\/li>\n<\/ul>\n<h2>Paigaldusjuhised<\/h2>\n<p>\u00d5ige paigaldus on poomi silindri optimaalse j\u00f5udluse tagamiseks \u00fclioluline. Veenduge, et silinder oleks kinnituspunktidega \u00f5igesti joondatud, et v\u00e4ltida t\u00f6\u00f6tamise ajal valesti joondamist. Kasutage silindri kinnitamiseks ja stabiilsuse tagamiseks sobivaid kinnitusklambreid. Eduka paigalduse tagamiseks j\u00e4rgige tootja juhiseid p\u00f6\u00f6rdemomendi s\u00e4tete ja paigaldusprotseduuride kohta. Kontrollige p\u00e4rast paigaldamist regulaarselt joondamist, et s\u00e4ilitada \u00fchtlane j\u00f5udlus ja v\u00e4ltida enneaegset kulumist.<\/p>\n<h2>Levinumad hooldust\u00f6\u00f6d<\/h2>\n<ul>\n<li><strong>Regulaarsed kontrollid:<\/strong> Silindri komponentide regulaarne kontrollimine kulumise v\u00f5i kahjustuste m\u00e4rke avastamiseks on \u00fclioluline. Probleemide varajane avastamine aitab v\u00e4ltida kulukaid remondit\u00f6id ja seisakuid.<\/li>\n<li><strong>\u00d5ige m\u00e4\u00e4rimine:<\/strong> H\u00fcdraulika\u00f5li piisav tase ja regulaarne m\u00e4\u00e4rimine on poomi silindri pikaealisuse tagamiseks h\u00e4davajalik. Piisav m\u00e4\u00e4rimine minimeerib h\u00f5\u00f5rdumist ja oluliste komponentide kulumist.<\/li>\n<li><strong>Tihendi vahetamine:<\/strong> H\u00fcdraulikavedeliku lekke v\u00e4ltimiseks, mis v\u00f5ib s\u00fcsteemi j\u00f5udlust kahjustada, on oluline regulaarselt kontrollida tihendite terviklikkust ja vajadusel neid vahetada.<\/li>\n<\/ul>\n<p><img decoding=\"async\" src=\"https:\/\/www.hydraulic-cylinders.net\/wp-content\/uploads\/2025\/04\/songte-chushion-collar.webp\" alt=\"Padjakaelus\" \/><\/p>\n<h2>Ohutus- ja keskkonnakaalutlused<\/h2>\n<p>Poomi silindrite kasutamisel on oluline rakendada ohutusmeetmeid, et kaitsta operaatoreid ja keskkonda. See h\u00f5lmab n\u00f5uetekohaste ohutusprotokollide j\u00e4rgimist t\u00f6\u00f6tamise ajal, k\u00f5igi komponentide heas t\u00f6\u00f6korras olemise tagamist ja regulaarsete ohutusauditite l\u00e4biviimist. Keskkonna seisukohast on h\u00fcdraulikavedelike ja kulunud komponentide n\u00f5uetekohane utiliseerimine \u00fclioluline saastumise v\u00e4ltimiseks ja keskkonnan\u00f5uete j\u00e4rgimiseks.<\/p>\n<h2>Rikete diagnoosimine ja levinud probleemid<\/h2>\n<ul>\n<li><strong>H\u00fcdraulilise vedeliku lekked:<\/strong> \u00dcks levinumaid probleeme on lekked, mida v\u00f5ivad p\u00f5hjustada kulunud tihendid v\u00f5i kahjustatud voolikud. Regulaarne kontroll aitab probleeme kiiresti tuvastada ja parandada.<\/li>\n<li><strong>Halb j\u00f5udlus:<\/strong> Kui poomi silinder ei reageeri piisavalt, v\u00f5ib see viidata h\u00fcdraulikas\u00fcsteemi probleemidele, n\u00e4iteks madalale vedelikutasemele v\u00f5i \u00f5hule torudes.<\/li>\n<li><strong>Ootamatu m\u00fcra:<\/strong> Ebatavalised helid t\u00f6\u00f6tamise ajal v\u00f5ivad viidata mehaanilistele probleemidele, n\u00e4iteks joonduse puudumisele v\u00f5i sisemistele kahjustustele.<\/li>\n<\/ul>\n<h2>Veaotsingu n\u00e4pun\u00e4ited<\/h2>\n<p>Poomi silindri probleemide t\u00f5husaks diagnoosimiseks ja lahendamiseks alustage h\u00fcdraulikavedeliku taseme kontrollimisest ja lekete kontrollimisest. Lahendage k\u00f5ik tihendiprobleemid viivitamatult, et v\u00e4ltida edasisi kahjustusi. Regulaarsed hooldustavad, n\u00e4iteks m\u00e4\u00e4rimine ja kontrollimine, v\u00e4hendavad oluliselt v\u00f5imalike probleemide riski. Ennetusmeetmete rakendamine ja hooldusgraafikute j\u00e4rgimine pikendavad poomi silindri eluiga ja parandavad t\u00f6\u00f6 efektiivsust.<\/p>\n<p><img decoding=\"async\" src=\"https:\/\/www.hydraulic-cylinders.net\/wp-content\/uploads\/2025\/04\/songte-bushings-with-all-kinds-of-excavator-models.webp\" alt=\"Ekskavaatorimudelite puksid\" \/><\/p>\n<h2>Meie ettev\u00f5ttest<\/h2>\n<p>Oleme alternatiivsete h\u00fcdrauliliste silindrite juhtiv tootja ja hulgim\u00fc\u00fcja, pakkudes laia tootevalikut nii sise- kui ka v\u00e4listurgudele. Meie p\u00fchendumus tipptasemele ilmneb meie tootmisprotsessides, mis vastavad rangetele kvaliteedistandarditele. Kasutame oma tootmisv\u00f5imaluste suurendamiseks t\u00e4iustatud tootmisstrateegiaid, oskuslikku tehnilist personali ja tipptasemel digitaalseid seadmeid. Keskendudes kvaliteedile ja t\u00e4psusele, saame t\u00f5husalt rahuldada klientide mitmekesiseid vajadusi.<\/p>\n<h3>Professionaalsus<\/h3>\n<p>Meie meeskond koosneb k\u00f5rgelt kvalifitseeritud spetsialistidest, kes on p\u00fchendunud tagama, et iga toode vastab rahvusvahelistele kvaliteedistandarditele.<\/p>\n<h3>Rahvusvaheline sertifitseerimine<\/h3>\n<p>Meil on mitmed rahvusvahelised sertifikaadid, mis kinnitavad meie toodete kvaliteeti ja usaldusv\u00e4\u00e4rsust \u00fclemaailmsetel turgudel.<\/p>\n<h3>Kohandatud lahendused<\/h3>\n<p>Pakume klientide erivajadustele vastavaid lahendusi, tagades, et meie tooted sobivad ideaalselt nende rakendustega.<\/p>\n<h3>T\u00e4iustatud tootmisseadmed<\/h3>\n<p>Meie tipptasemel tootmisseadmed v\u00f5imaldavad meil toota kvaliteetseid h\u00fcdrosilindreid t\u00e4pselt ja t\u00f5husalt.<\/p>\n<h3>M\u00fc\u00fcgij\u00e4rgne teenindus<\/h3>\n<p>Pakume erakordset m\u00fc\u00fcgij\u00e4rgset tuge, tagades, et meie kliendid saavad hoolduse ja t\u00f5rkeotsingu jaoks vajalikku abi.<\/p>\n<p><img decoding=\"async\" src=\"https:\/\/www.hydraulic-cylinders.net\/wp-content\/uploads\/2025\/04\/songte-company-4.webp\" alt=\"Ettev\u00f5tte pilt 1\" \/><br \/>\n<img decoding=\"async\" src=\"https:\/\/www.hydraulic-cylinders.net\/wp-content\/uploads\/2025\/04\/songte-company-3.webp\" alt=\"Ettev\u00f5tte pilt 2\" \/><\/p>\n<p>Autor: lyl<\/p>","protected":false},"excerpt":{"rendered":"<p>Boom Cylinder For Doosan Middle Excavator DH225LC-9 Understanding the Boom Cylinder The boom cylinder is a crucial hydraulic component specifically designed for controlling the movement of the bucket on heavy machinery such as excavators, backhoe loaders, and front loaders. This hydraulic cylinder allows for the lifting, lowering, and tilting of the bucket, facilitating various material [&hellip;]<\/p>","protected":false},"featured_media":17867,"comment_status":"open","ping_status":"closed","template":"","meta":{"_et_pb_use_builder":"","_et_pb_old_content":"","_et_gb_content_width":""},"product_brand":[],"product_cat":[1546],"product_tag":[1547,1496],"class_list":{"0":"post-19000","1":"product","2":"type-product","3":"status-publish","4":"has-post-thumbnail","6":"product_cat-boom-cylinders","7":"product_tag-boom-cylinders","8":"product_tag-hydraulic-cylinders","10":"first","11":"instock","12":"shipping-taxable","13":"product-type-simple"},"amp_enabled":true,"_links":{"self":[{"href":"https:\/\/www.hydraulic-cylinders.net\/et\/wp-json\/wp\/v2\/product\/19000","targetHints":{"allow":["GET"]}}],"collection":[{"href":"https:\/\/www.hydraulic-cylinders.net\/et\/wp-json\/wp\/v2\/product"}],"about":[{"href":"https:\/\/www.hydraulic-cylinders.net\/et\/wp-json\/wp\/v2\/types\/product"}],"replies":[{"embeddable":true,"href":"https:\/\/www.hydraulic-cylinders.net\/et\/wp-json\/wp\/v2\/comments?post=19000"}],"wp:featuredmedia":[{"embeddable":true,"href":"https:\/\/www.hydraulic-cylinders.net\/et\/wp-json\/wp\/v2\/media\/17867"}],"wp:attachment":[{"href":"https:\/\/www.hydraulic-cylinders.net\/et\/wp-json\/wp\/v2\/media?parent=19000"}],"wp:term":[{"taxonomy":"product_brand","embeddable":true,"href":"https:\/\/www.hydraulic-cylinders.net\/et\/wp-json\/wp\/v2\/product_brand?post=19000"},{"taxonomy":"product_cat","embeddable":true,"href":"https:\/\/www.hydraulic-cylinders.net\/et\/wp-json\/wp\/v2\/product_cat?post=19000"},{"taxonomy":"product_tag","embeddable":true,"href":"https:\/\/www.hydraulic-cylinders.net\/et\/wp-json\/wp\/v2\/product_tag?post=19000"}],"curies":[{"name":"wp","href":"https:\/\/api.w.org\/{rel}","templated":true}]}}