{"id":19003,"date":"2025-04-07T06:06:39","date_gmt":"2025-04-07T06:06:39","guid":{"rendered":"https:\/\/www.hydraulic-cylinders.net\/product\/boom-cylinder-for-doosan-large-excavator-dh290\/"},"modified":"2025-04-07T06:06:41","modified_gmt":"2025-04-07T06:06:41","slug":"boom-cylinder-for-doosan-large-excavator-dh290","status":"publish","type":"product","link":"https:\/\/www.hydraulic-cylinders.net\/et\/toode\/boom-cylinder-for-doosan-large-excavator-dh290\/","title":{"rendered":"Doosani suure ekskavaatori DH290 poomi silinder"},"content":{"rendered":"<h1>Doosani suure ekskavaatori DH290 poomi silinder<\/h1>\n<h2>Sissejuhatus poomi silindrisse<\/h2>\n<p>Noole silinder on kriitilise t\u00e4htsusega h\u00fcdrauliline komponent, mis on loodud spetsiaalselt suurtele ekskavaatoritele, n\u00e4iteks Doosan DH290. See h\u00fcdrauliline silinder m\u00e4ngib olulist rolli noole liikumise juhtimisel, v\u00f5imaldades ekskavaatori poomi t\u00e4pset t\u00f5stmist, langetamist ja kallutamist. Noole silindri funktsionaalsus on \u00fclioluline mitmesuguste materjalik\u00e4itlust\u00f6\u00f6de jaoks, v\u00f5imaldades t\u00f5husat t\u00f6\u00f6d ehituses, kaevandamises ja muudes rasketes rakendustes.<\/p>\n<p><img decoding=\"async\" src=\"https:\/\/www.hydraulic-cylinders.net\/wp-content\/uploads\/2025\/04\/songte-company-1.webp\" alt=\"Poomi silindri pilt\" \/><\/p>\n<h3>\u00c4mbrisilindri m\u00f5istmine<\/h3>\n<p>Kopasilindrid on spetsiaalsed h\u00fcdraulilised silindrid, mis juhivad kopa liikumist rasketes masinates, n\u00e4iteks ekskavaatorites, laadur-ekskavaatorites ja esilaadurites. Need v\u00f5imaldavad kopa t\u00f5sta, langetada ja kallutada, h\u00f5lbustades materjalide k\u00e4itlemise \u00fclesandeid. Need silindrid on konstrueeritud taluma k\u00f5rget r\u00f5hku ja raskeid koormusi, mist\u00f5ttu on need h\u00e4davajalikud t\u00f5husaks t\u00f6\u00f6ks erinevates t\u00f6\u00f6keskkondades.<\/p>\n<h2>Poomi silindri omadused<\/h2>\n<ul>\n<li><strong>Suur tugevus ja vastupidavus:<\/strong> K\u00f5rgtugevast terasest v\u00f5i alumiiniumist valmistatud poomi silinder talub k\u00f5rget r\u00f5hku ja suuri koormusi, sobides karmideks t\u00f6\u00f6tingimusteks. Projekteerimisel on arvestatud kulumiskindluse ja korrosioonikindlusega, pikendades selle eluiga.<\/li>\n<li><strong>T\u00f5hus h\u00fcdrauliline t\u00f6\u00f6:<\/strong> H\u00fcdraulilise vedeliku r\u00f5hu abil tagab poomi silinder sujuva pikendamise ja tagasit\u00f5mbamise. See reageerib operaatori k\u00e4sklustele kiiresti, pakkudes v\u00f5imsaid t\u00f5uke- ja t\u00f5mbej\u00f5ude raskete ja keerukate \u00fclesannete t\u00e4itmiseks.<\/li>\n<li><strong>T\u00fc\u00fcpide mitmekesisus:<\/strong> Saadaval \u00fchetoimelise (h\u00fcdrauliline \u00fches suunas) v\u00f5i kahetoimelise (h\u00fcdrauliline m\u00f5lemas suunas) konfiguratsioonina, et rahuldada erinevaid t\u00f6\u00f6vajadusi. M\u00f5ned mudelid on teleskoopilised, v\u00f5imaldades suuremat pikendamist ilma v\u00e4lism\u00f5\u00f5tmeid suurendamata, mis sobib ideaalselt piiratud ruumiga rakenduste jaoks.<\/li>\n<li><strong>Kohandatavad lahendused:<\/strong> Meie tootmisv\u00f5imalused v\u00f5imaldavad meil toota noolesilindreid, mis asendavad ideaalselt olemasolevaid h\u00fcdrosilindreid, pakkudes kohandatud lahendusi erinevatele seadmetele.<\/li>\n<li><strong>T\u00e4iustatud tehnoloogia:<\/strong> Kasutades h\u00fcdraulilise disaini uusimat tehnoloogiat, parandavad meie noolesilindrid j\u00f5udlust ja t\u00f6\u00f6kindlust, tagades optimaalse efektiivsuse t\u00f6\u00f6s.<\/li>\n<\/ul>\n<p><img decoding=\"async\" src=\"https:\/\/www.hydraulic-cylinders.net\/wp-content\/uploads\/2025\/04\/songte-cylinder-head-with-all-kinds-excavator-models.webp\" alt=\"Ekskavaatori mudeli \u00fchilduvus\" \/><\/p>\n<h2>Poomi silindri rakendused<\/h2>\n<h3>Ehitustehnika<\/h3>\n<p>Ekskavaatorites on noolesilindrid \u00fcliolulised kaevamiseks, laadimiseks ja pinnase v\u00f5i prahi teisaldamiseks. Need v\u00f5imaldavad ekskavaatoril \u00fclesandeid t\u00f5husalt t\u00e4ita, suurendades t\u00f6\u00f6platsidel tootlikkust. Ekskavaatorlaadurites aitab noolesilinder nii kaevamisel kui ka t\u00f5stmisel, muutes selle asendamatuks mitmesuguste ehitust\u00f6\u00f6de jaoks.<\/p>\n<h3>P\u00f5llumajandustehnika<\/h3>\n<p>Esilaadurites kasutatavad noolesilindrid aitavad mulda, heina ja muid materjale \u00fcles korjata, t\u00f5sta ja transportida. Nende vastupidav konstruktsioon tagab, et need saavad hakkama n\u00f5udlike p\u00f5llumajandust\u00f6\u00f6dega, suurendades p\u00f5llumajandustegevuse t\u00f5husust.<\/p>\n<h3>Ekskavaatorid<\/h3>\n<p>Ekskavaatorites v\u00f5imaldavad kopasilindrid kopal pinnasesse tungida, h\u00f5lbustades t\u00f5husat kaevamist. Nende disain v\u00f5imaldab maksimaalset j\u00f5u rakendamist, mist\u00f5ttu sobivad need ideaalselt rasketeks kaevet\u00f6\u00f6deks.<\/p>\n<h3>Laadurid<\/h3>\n<p>Esilaadurites aitavad noolesilindrid materjale t\u00f5husalt t\u00f5sta ja t\u00fchjendada. Nende tugevus ja t\u00f6\u00f6kindlus tagavad sujuva t\u00f6\u00f6, v\u00e4hendades seisakuid ja suurendades \u00fcldist t\u00f6\u00f6t\u00f5husust.<\/p>\n<h2>Projekteerimiskaalutlused ja valikukriteeriumid<\/h2>\n<h3>Kandev\u00f5ime<\/h3>\n<p>Poomi silindri valimisel on \u00fclioluline m\u00f5ista selle kandev\u00f5imet. Silinder peab suutma taluda maksimaalset raskust, millega see t\u00f6\u00f6tamise ajal kokku puutub. See tagab \u00fclesannete t\u00e4itmise ohutuse ja t\u00f5hususe. \u00d5ige kandev\u00f5ime hoiab \u00e4ra ka enneaegse kulumise ja rikke, pikendades silindri eluiga.<\/p>\n<h3>Tihendusmehhanismid<\/h3>\n<p>T\u00f5hus tihendamine on h\u00fcdraulikavedeliku lekete v\u00e4ltimiseks ja s\u00fcsteemi r\u00f5hu s\u00e4ilitamiseks \u00fclioluline. Kvaliteetsed tihendid, mis on valmistatud vastupidavatest materjalidest, nagu pol\u00fcuretaan ja nitriilkummi, on h\u00e4davajalikud. Tihendid peaksid olema konstrueeritud nii, et need taluksid karme t\u00f6\u00f6tingimusi, tagades usaldusv\u00e4\u00e4rse j\u00f5udluse ja minimeerides hoolduskulusid.<\/p>\n<h3>Vastupidavus ja vastupidavus<\/h3>\n<p>Vastupidavus on noolesilindrite projekteerimisel v\u00f5tmetegur. Need peaksid olema kulumis- ja korrosioonikindlad, kuna need t\u00f6\u00f6tavad keerulistes keskkondades. Ehitusmaterjalidel peaks olema suurep\u00e4rane v\u00e4simuskindlus ja need peaksid taluma korduvat pinget ilma lagunemiseta.<\/p>\n<h3>Turvaelemendid<\/h3>\n<p>Ohutuselementide lisamine noolesilindrite konstruktsiooni tagab operaatorite ja seadmete kaitse. Sellised omadused nagu r\u00f5huvabastusventiilid ja \u00fclekoormuskaitse mehhanismid suurendavad ohutust t\u00f6\u00f6tamise ajal. Tootjad peaksid seadma esikohale silindrite projekteerimise, mis hoiavad \u00e4ra \u00f5nnetusi ja seadmete kahjustusi.<\/p>\n<h3>Hooldus ja hooldatavus<\/h3>\n<p>Poomi silindrite projekteerimine lihtsaks hoolduseks on pikaealisuse ja j\u00f5udluse tagamiseks oluline. Sellised omadused nagu ligip\u00e4\u00e4setavad m\u00e4\u00e4rimispunktid, vahetatavad tihendid ja lihtne lahtiv\u00f5tmine aitavad v\u00e4hendada seisakuid ja hoolduskulusid. Regulaarset hooldust peaksid h\u00f5lbustama konstruktsioonivalikud, mis v\u00f5imaldavad kiiret kontrolli ja remonti.<\/p>\n<p><img decoding=\"async\" src=\"https:\/\/www.hydraulic-cylinders.net\/wp-content\/uploads\/2025\/04\/songte-oil-pipes-and-spare-parts.webp\" alt=\"H\u00fcdraulilised komponendid\" \/><\/p>\n<h2>H\u00fcdrauliliste silindrite tihendamine ja m\u00e4\u00e4rimine<\/h2>\n<p>T\u00f5hus tihendamine ja m\u00e4\u00e4rimine on poomi silindrite optimaalse t\u00f6\u00f6 jaoks \u00fcliolulised. Silindrite \u00f5hukindlate sektsioonide tagamiseks kasutatakse mitmesuguseid tihenduselemente, sealhulgas kolvitihendeid ja vardatihendeid. Kvaliteetsed tihendid, mis on valmistatud kulumiskindlatest materjalidest, nagu pol\u00fcuretaan ja nitriilkummi, on lekete v\u00e4ltimiseks ja h\u00fcdraulilise r\u00f5hu s\u00e4ilitamiseks h\u00e4davajalikud.<\/p>\n<p>Silindri korpuse ja keermestatud otste pinnad on kulumiskindluse suurendamiseks t\u00e4ppist\u00f6\u00f6tluse l\u00e4binud. Regulaarne m\u00e4\u00e4rimine h\u00fcdraulika\u00f5liga on vajalik h\u00f5\u00f5rdumise ja soojuse tekke v\u00e4hendamiseks, pikendades seel\u00e4bi silindri eluiga. Operaatorid peavad tagama \u00f5ige t\u00fc\u00fcpi ja koguse h\u00fcdraulika\u00f5li kasutamise, et tagada sujuv t\u00f6\u00f6.<\/p>\n<h2>Regulaarne kontroll ja ennetavad hooldusmeetmed<\/h2>\n<ul>\n<li><strong>Visuaalsed kontrollid:<\/strong> Regulaarne visuaalne kontroll kulumis-, lekete- v\u00f5i kahjustuste m\u00e4rke suhtes aitab tuvastada v\u00f5imalikke probleeme enne nende s\u00fcvenemist. Operaatorid peaksid kontrollima tihendeid, liitmikke ja voolikuid kulumise v\u00f5i halvenemise suhtes.<\/li>\n<li><strong>H\u00fcdraulikavedeliku tasemed:<\/strong> H\u00fcdraulikavedeliku taseme hoidmine on kriitilise t\u00e4htsusega. Madal vedeliku tase v\u00f5ib p\u00f5hjustada ebapiisavat m\u00e4\u00e4rimist ja \u00fclekuumenemist, mis omakorda viib silindri rikkeni. Operaatorid peaksid regulaarselt vedelikke kontrollima ja vajadusel t\u00e4iendama.<\/li>\n<li><strong>Tihendi vahetamine:<\/strong> Tihendid on kuluvad komponendid, mida tuleb perioodiliselt vahetada. Tihendite seisukorra j\u00e4lgimine ja vajadusel vahetamine hoiab \u00e4ra lekked ja s\u00e4ilitab silindri j\u00f5udluse.<\/li>\n<\/ul>\n<h2>Poomi silindrite paigaldusjuhend<\/h2>\n<p>Poomi silindri paigaldamine n\u00f5uab optimaalse j\u00f5udluse tagamiseks hoolikat planeerimist ja teostamist. Alustage veendumaks, et paigalduspind on puhas ja tasane, pakkudes silindrile stabiilset alust. Joondage silinder kinnitusklambritega, veendudes, et puudub joondusviga, mis v\u00f5ib p\u00f5hjustada enneaegset kulumist.<\/p>\n<p>Kasutage silindri kinnitamiseks sobivaid kinnitusvahendeid ja -tehnikaid. Silindri kindlale kohale kinnitamiseks on soovitatav kasutada sobivaid kinnitusklambreid. Kui silinder on paigaldatud, tehke p\u00f5hjalik joondamiskontroll, et veenduda selle sujuvas ja takistusteta toimimises.<\/p>\n<p>P\u00e4rast paigaldamist tehke r\u00f5hutest, et veenduda lekete puudumises ja ballooni korrektses toimimises. Kontrollige p\u00e4rast paigaldamist regulaarselt \u00fchendusi ja ballooni t\u00f6\u00f6d, et tagada pidev j\u00f5udlus.<\/p>\n<h2>Levinumad hooldust\u00f6\u00f6d<\/h2>\n<ul>\n<li><strong>Regulaarsed kontrollid:<\/strong> Regulaarsete kontrollide tegemine on potentsiaalsete probleemide varajaseks tuvastamiseks \u00fclioluline. Regulaarsed kontrollid aitavad m\u00e4rgata kulumise v\u00f5i kahjustuste m\u00e4rke, v\u00f5imaldades \u00f5igeaegset remonti.<\/li>\n<li><strong>\u00d5ige m\u00e4\u00e4rimine:<\/strong> H\u00f5\u00f5rdumise ja kulumise v\u00e4hendamiseks on \u00fclioluline tagada, et noole silinder oleks piisavalt m\u00e4\u00e4ritud. \u00d5iget t\u00fc\u00fcpi h\u00fcdraulika\u00f5li regulaarne lisamine parandab j\u00f5udlust ja pikaealisust.<\/li>\n<li><strong>Tihendi vahetamine:<\/strong> Kulunud tihendite regulaarne j\u00e4lgimine ja vahetamine on oluline h\u00fcdraulilise r\u00f5hu s\u00e4ilitamiseks ja lekete v\u00e4ltimiseks. N\u00f5uetekohaselt toimivad tihendid on h\u00fcdraulikas\u00fcsteemi efektiivsuse jaoks kriitilise t\u00e4htsusega.<\/li>\n<\/ul>\n<h2>Ohutuskaalutlused ja keskkonnategurid<\/h2>\n<p>H\u00fcdrauliliste silindrite kasutamisel on ohutusmeetmed \u00fcliolulised. Operaatorid peaksid olema teadlikud h\u00fcdrauliliste s\u00fcsteemidega seotud v\u00f5imalikest ohtudest, sealhulgas r\u00f5hu all olevast vedelikust ja v\u00f5imalikest mehaanilistest riketest. Ohutusprotokollide rakendamine, n\u00e4iteks kaitsevarustuse kandmine ja regulaarsete ohutuskontrollide tegemine, on \u00f5nnetuste ja vigastuste v\u00e4ltimiseks \u00fclioluline.<\/p>\n<h2>Rikete diagnoosimine ja levinud probleemid<\/h2>\n<ul>\n<li><strong>Leke:<\/strong> Tihendite leke v\u00f5ib viidata kulumisele v\u00f5i kahjustusele. Regulaarne kontroll ja tihendite \u00f5igeaegne vahetamine aitavad seda probleemi leevendada.<\/li>\n<li><strong>V\u00e4hendatud j\u00f5udlus:<\/strong> Silindri t\u00f6\u00f6efektiivsuse langus v\u00f5ib viidata madalale h\u00fcdraulikavedeliku tasemele v\u00f5i sisemisele kulumisele. Regulaarne hooldus ja j\u00e4lgimine aitavad neid probleeme lahendada.<\/li>\n<li><strong>Ebatavalised helid:<\/strong> Imelikud helid t\u00f6\u00f6tamise ajal v\u00f5ivad viidata mehaanilisele rikkele v\u00f5i ebapiisavale m\u00e4\u00e4rimisele. P\u00f5hjalike kontrollide tegemine aitab neid probleeme tuvastada ja parandada.<\/li>\n<\/ul>\n<h2>Veaotsingu n\u00e4pun\u00e4ited<\/h2>\n<p>Poomi silindri probleemide t\u00f5husaks diagnoosimiseks ja lahendamiseks peaksid operaatorid j\u00e4rgima s\u00fcstemaatilist l\u00e4henemisviisi. Alustage s\u00fcmptomite tuvastamisest ja nende v\u00f5imalike p\u00f5hjuste otsimisest. Lekete korral kontrollige tihendeid ja \u00fchendusi kahjustuste suhtes. Kui j\u00f5udlus on puudulik, kontrollige vedeliku taset ja h\u00fcdraulikas\u00fcsteemi ummistuste v\u00f5i lekete suhtes.<\/p>\n<p>Ennetavad meetmed, n\u00e4iteks regulaarne hooldus ja \u00f5igeaegne remont, v\u00f5ivad oluliselt v\u00e4hendada levinud probleemide riski. Operaatorite p\u00f5hjaliku koolituse tagamine \u00f5ige k\u00e4sitsemise kohta aitab samuti probleeme minimeerida ja poomi silindri eluiga pikendada.<\/p>\n<p><img decoding=\"async\" src=\"https:\/\/www.hydraulic-cylinders.net\/wp-content\/uploads\/2025\/04\/songte-bushings-with-all-kinds-of-excavator-models.webp\" alt=\"Ekskavaatori puksid\" \/><\/p>\n<h2>Meie ettev\u00f5ttest<\/h2>\n<p>Oleme juhtiv h\u00fcdrosilindrite tootja, mis on spetsialiseerunud kvaliteetsete asendusdetailide tootmisele erinevate rakenduste jaoks. Laia tootevalikuga oleme end sisse seadnud v\u00f5tmeisikuna nii sise- kui ka rahvusvahelistel turgudel. Meie p\u00fchendumus tipptasemele ilmneb meie rangetest tootmisprotsessidest ja rahvusvaheliste standardite j\u00e4rgimisest.<\/p>\n<p>Meie ettev\u00f5te r\u00f5hutab kvaliteeti, kasutades t\u00e4iustatud tootmistehnikaid ja tipptasemel seadmeid. Meil \u200b\u200bt\u00f6\u00f6tavad oskuslikud spetsialistid, kes on p\u00fchendunud meie tootmisprotsesside t\u00e4iustamisele tootekvaliteedi parandamiseks. Meie v\u00f5imalused ulatuvad ka kohandatud lahenduste pakkumiseni, mis on kohandatud meie klientide mitmekesiste vajaduste rahuldamiseks.<\/p>\n<p><img decoding=\"async\" src=\"https:\/\/www.hydraulic-cylinders.net\/wp-content\/uploads\/2025\/04\/songte-company-4.webp\" alt=\"Ettev\u00f5tte tootmine\" \/><br \/>\n<img decoding=\"async\" src=\"https:\/\/www.hydraulic-cylinders.net\/wp-content\/uploads\/2025\/04\/songte-company-3.webp\" alt=\"Ettev\u00f5tte rajatis\" \/><\/p>\n<p>Lisateabe saamiseks meie toodete ja teenuste kohta v\u00f5tke meiega \u00fchendust. Oleme p\u00fchendunud erakordse klienditeeninduse ja toe pakkumisele, tagades, et k\u00f5ik teie h\u00fcdrosilindrite vajadused saaksid t\u00f5husalt rahuldatud.<\/p>\n<p>Autor: lyl<\/p>","protected":false},"excerpt":{"rendered":"<p>Boom Cylinder For Doosan Large Excavator DH290 Introduction to the Boom Cylinder The Boom Cylinder is a critical hydraulic component designed specifically for large excavators such as the Doosan DH290. This hydraulic cylinder plays an essential role in controlling the movement of the boom, allowing for precise lifting, lowering, and tilting of the excavator&#8217;s arm. [&hellip;]<\/p>","protected":false},"featured_media":17870,"comment_status":"open","ping_status":"closed","template":"","meta":{"_et_pb_use_builder":"","_et_pb_old_content":"","_et_gb_content_width":""},"product_brand":[],"product_cat":[1546],"product_tag":[1547,1496],"class_list":{"0":"post-19003","1":"product","2":"type-product","3":"status-publish","4":"has-post-thumbnail","6":"product_cat-boom-cylinders","7":"product_tag-boom-cylinders","8":"product_tag-hydraulic-cylinders","10":"first","11":"instock","12":"shipping-taxable","13":"product-type-simple"},"amp_enabled":true,"_links":{"self":[{"href":"https:\/\/www.hydraulic-cylinders.net\/et\/wp-json\/wp\/v2\/product\/19003","targetHints":{"allow":["GET"]}}],"collection":[{"href":"https:\/\/www.hydraulic-cylinders.net\/et\/wp-json\/wp\/v2\/product"}],"about":[{"href":"https:\/\/www.hydraulic-cylinders.net\/et\/wp-json\/wp\/v2\/types\/product"}],"replies":[{"embeddable":true,"href":"https:\/\/www.hydraulic-cylinders.net\/et\/wp-json\/wp\/v2\/comments?post=19003"}],"wp:featuredmedia":[{"embeddable":true,"href":"https:\/\/www.hydraulic-cylinders.net\/et\/wp-json\/wp\/v2\/media\/17870"}],"wp:attachment":[{"href":"https:\/\/www.hydraulic-cylinders.net\/et\/wp-json\/wp\/v2\/media?parent=19003"}],"wp:term":[{"taxonomy":"product_brand","embeddable":true,"href":"https:\/\/www.hydraulic-cylinders.net\/et\/wp-json\/wp\/v2\/product_brand?post=19003"},{"taxonomy":"product_cat","embeddable":true,"href":"https:\/\/www.hydraulic-cylinders.net\/et\/wp-json\/wp\/v2\/product_cat?post=19003"},{"taxonomy":"product_tag","embeddable":true,"href":"https:\/\/www.hydraulic-cylinders.net\/et\/wp-json\/wp\/v2\/product_tag?post=19003"}],"curies":[{"name":"wp","href":"https:\/\/api.w.org\/{rel}","templated":true}]}}