{"id":19004,"date":"2025-04-07T06:06:41","date_gmt":"2025-04-07T06:06:41","guid":{"rendered":"https:\/\/www.hydraulic-cylinders.net\/product\/boom-cylinder-for-doosan-large-excavator-dh320\/"},"modified":"2025-04-07T06:06:44","modified_gmt":"2025-04-07T06:06:44","slug":"boom-cylinder-for-doosan-large-excavator-dh320","status":"publish","type":"product","link":"https:\/\/www.hydraulic-cylinders.net\/et\/toode\/boom-cylinder-for-doosan-large-excavator-dh320\/","title":{"rendered":"Doosani suure ekskavaatori DH320 poomi silinder"},"content":{"rendered":"<h1>Doosani suure ekskavaatori DH320 poomi silinder<\/h1>\n<h2>Poomi silindri \u00fclevaade<\/h2>\n<p>Noole silinder on rasketehnika oluline h\u00fcdrauliline komponent, mis on spetsiaalselt loodud kopa liikumise juhtimiseks erinevates seadmetes, nagu ekskavaatorid, laadur-ekskavaatorid ja esilaadurid. See h\u00fcdrauliline silinder v\u00f5imaldab kopa t\u00f5sta, langetada ja kallutada, h\u00f5lbustades t\u00f5husat materjali k\u00e4itlemist. Noole silindri konstruktsioon v\u00f5imaldab kopa liikumise t\u00e4pset juhtimist, muutes selle ehitus- ja p\u00f5llumajandusmasinate h\u00fcdraulikas\u00fcsteemi lahutamatuks osaks.<\/p>\n<p><img decoding=\"async\" src=\"https:\/\/www.hydraulic-cylinders.net\/wp-content\/uploads\/2025\/04\/songte-company-1.webp\" alt=\"Ekskavaatori poomi silinder\" \/><\/p>\n<h2>Poomi silindri omadused<\/h2>\n<ul>\n<li><strong>Suur tugevus ja vastupidavus:<\/strong> Tavaliselt valmistatud \u00fclitugevast terasest v\u00f5i alumiiniumist, on need silindrid loodud taluma k\u00f5rget r\u00f5hku ja suuri koormusi, mist\u00f5ttu sobivad need karmidesse t\u00f6\u00f6keskkondadesse. Konstruktsioonis on arvestatud kulumiskindluse ja korrosioonikindlusega, et pikendada kasutusiga.<\/li>\n<li><strong>T\u00f5hus h\u00fcdrauliline t\u00f6\u00f6:<\/strong> H\u00fcdraulilise \u00f5li r\u00f5hu kasutamine v\u00f5imaldab sujuvat pikendamist ja tagasit\u00f5mbamist, pakkudes kiiret reageerimist juhtimisk\u00e4sklustele ning tugevaid t\u00f5uke- ja t\u00f5mbej\u00f5ude, mis sobivad raskete ja keerukate \u00fclesannete t\u00e4itmiseks.<\/li>\n<li><strong>Erinevad t\u00fc\u00fcbid:<\/strong> Valikute hulka kuuluvad \u00fchetoimelised (h\u00fcdrauliline j\u00f5ud \u00fches suunas) ja kahetoimelised silindrid (t\u00f6\u00f6tavad m\u00f5lemas suunas). M\u00f5nedel mudelitel on teleskoopkonstruktsioon, mis v\u00f5imaldab suuremat pikendust ilma v\u00e4lism\u00f5\u00f5tmeid suurendamata, mis sobib ideaalselt ruumipiirangutega rakenduste jaoks.<\/li>\n<li><strong>Kohandamine:<\/strong> Meie tooted suudavad ideaalselt asendada olemasolevaid h\u00fcdrosilindreid, tagades \u00fchilduvuse ja j\u00f5udluse.<\/li>\n<li><strong>Tugev j\u00f5udlus:<\/strong> Need silindrid on konstrueeritud t\u00f6\u00f6kindlust silmas pidades ja neid on testitud erinevates tingimustes, et tagada optimaalne j\u00f5udlus k\u00f5igis rakendustes.<\/li>\n<\/ul>\n<p><img decoding=\"async\" src=\"https:\/\/www.hydraulic-cylinders.net\/wp-content\/uploads\/2025\/04\/songte-cylinder-head-with-all-kinds-excavator-models.webp\" alt=\"Ekskavaatori mudelid\" \/><\/p>\n<h2>Poomi silindri rakendused<\/h2>\n<h3>Ehitustehnika<\/h3>\n<p>Ekskavaatorites on noolesilindrid h\u00e4davajalikud pinnase v\u00f5i prahi kaevamiseks, laadimiseks ja teisaldamiseks. Need h\u00fcdraulilised silindrid pakuvad vajalikku j\u00f5udu pinnasesse tungimiseks, v\u00f5imaldades operaatoritel materjale t\u00f5husalt kaevata ja transportida. Nende funktsionaalsus on \u00fclioluline ehitusplatsidel, kus t\u00e4psus ja v\u00f5imsus on \u00fcliolulised.<\/p>\n<h3>P\u00f5llumajandustehnika<\/h3>\n<p>Esilaadurid kasutavad noolesilindreid mulla, heina ja muude materjalide kopeerimiseks, t\u00f5stmiseks ja transportimiseks. Kopa manipuleerimise v\u00f5imalus v\u00f5imaldab p\u00f5llumeestel t\u00e4ita olulisi \u00fclesandeid, nagu s\u00f6\u00f6da laadimine, pallide teisaldamine ja p\u00f5ldude ettevalmistamine k\u00fclviks, muutes need silindrid p\u00f5llumajandust\u00f6\u00f6des asendamatuks.<\/p>\n<h3>Ekskavaatorid<\/h3>\n<p>Ekskavaatorites v\u00f5imaldab noole silinder kopal kaevamist\u00f6\u00f6de ajal pinnasesse tungida. See toiming on kriitilise t\u00e4htsusega mitmesuguste t\u00f6\u00f6de, sealhulgas kaevet\u00f6\u00f6de ja vundamendit\u00f6\u00f6de puhul, v\u00f5imaldades t\u00e4pset kaevamist erinevates pinnaset\u00fc\u00fcpides ja tingimustes.<\/p>\n<h3>Laadurid<\/h3>\n<p>Esilaadurites aitavad noolesilindrid materjale t\u00f5husalt t\u00f5sta ja t\u00fchjendada. Nende konstruktsioon v\u00f5imaldab sujuvat t\u00f6\u00f6d, v\u00f5imaldades operaatoritel veoautosid laadida v\u00f5i materjale ehitusplatsidel t\u00f5husalt liigutada.<\/p>\n<h2>Projekteerimiskaalutlused ja valikukriteeriumid<\/h2>\n<h3>Kandev\u00f5ime<\/h3>\n<p>Poomi silindri valimisel on \u00fclioluline m\u00f5ista selle kandev\u00f5imet. Silinder peab suutma taluda maksimaalset raskust, mida see peab t\u00f5stma ja liigutama ilma rikkeohuta. \u00dclekoormus v\u00f5ib p\u00f5hjustada katastroofilisi rikkeid, kahjustades nii silindrit kui ka masinaid, mille k\u00fclge see on kinnitatud. Insenerid peavad hindama k\u00e4ideldavate materjalide kaalu ja valima silindri, mis \u00fcletab selle n\u00f5ude, et tagada ohutus ja t\u00f6\u00f6kindlus.<\/p>\n<h3>Tihendust\u00f5husus<\/h3>\n<p>T\u00f5hus tihendamine on h\u00fcdraulilise r\u00f5hu s\u00e4ilitamiseks ja lekete v\u00e4ltimiseks h\u00e4davajalik. H\u00fcdraulikas\u00fcsteemis valitsevatele tingimustele vastu pidama loodud kvaliteetsete tihendite kasutamine on kriitilise t\u00e4htsusega. Sellistest materjalidest nagu pol\u00fcuretaan v\u00f5i nitriilkummi valmistatud tihendid pakuvad vastupidavust ja pikaealisust, v\u00e4hendades vajadust sagedase vahetamise j\u00e4rele. N\u00f5uetekohane tihendamine suurendab ka s\u00fcsteemi \u00fcldist efektiivsust, minimeerides vedeliku kadu.<\/p>\n<h3>Vastupidavus<\/h3>\n<p>Vastupidavus on h\u00fcdrosilindrite konstruktsiooni oluline aspekt. Kasutatavad materjalid peaksid olema vastupidavad pidevale mehaanilisele pingele ja kulumisele. Sellised tegurid nagu keskkonnatingimused ja kokkupuude kemikaalidega v\u00f5ivad m\u00f5jutada silindri eluiga. Tootjad kasutavad sageli pinnat\u00f6\u00f6tlusi ja katteid, et parandada korrosiooni- ja h\u00f5\u00f5rdumiskindlust, mis on oluline j\u00f5udluse s\u00e4ilitamiseks aja jooksul.<\/p>\n<h3>Turvaelemendid<\/h3>\n<p>H\u00fcdraulikas\u00fcsteemi projekteerimisel on ohutus esmat\u00e4htis. Poomi silindritel peaksid olema omadused, mis takistavad juhuslikku liikumist ja tagavad ohutu t\u00f6\u00f6. Kaitseklapid ja r\u00f5hu alandamise mehhanismid aitavad v\u00e4ltida \u00fcler\u00f5hu teket, samas kui vastupidav konstruktsioon talub ootamatuid koormusi ilma riketeta. Kasutaja usalduse tagamiseks on oluline tagada, et tootmisprotsessi ajal j\u00e4rgitakse k\u00f5iki ohutusstandardeid.<\/p>\n<h3>Hooldatavus<\/h3>\n<p>H\u00fcdrauliliste silindrite pikaealisuse tagamiseks on oluline hooldatavust silmas pidades projekteerida konstruktsioon. Need peaksid olema kontrollimiseks, hooldamiseks ja parandamiseks h\u00f5lpsasti ligip\u00e4\u00e4setavad. Konstruktsioon peaks v\u00f5imaldama tihendite ja muude kulunud komponentide lihtsat vahetamist ilma ulatusliku lahtiv\u00f5tmiseta. Regulaarsed hoolduskontrollid aitavad tuvastada v\u00f5imalikke probleeme enne nende s\u00fcvenemist, s\u00e4\u00e4stes l\u00f5ppkokkuv\u00f5ttes kulusid ja seisakuid.<\/p>\n<p><img decoding=\"async\" src=\"https:\/\/www.hydraulic-cylinders.net\/wp-content\/uploads\/2025\/04\/songte-oil-pipes-and-spare-parts.webp\" alt=\"H\u00fcdraulilised komponendid\" \/><\/p>\n<h2>Tihendus ja m\u00e4\u00e4rimine<\/h2>\n<p>Poomi silindri j\u00f5udlus s\u00f5ltub suuresti t\u00f5husast tihendusest ja m\u00e4\u00e4rimisest. Erinevad tihendid, n\u00e4iteks kolvitihendid ja vardatihendid, m\u00e4ngivad s\u00fcsteemi h\u00fcdraulilise r\u00f5hu s\u00e4ilitamisel olulist rolli. Vastupidavatest materjalidest, nagu pol\u00fcuretaan ja nitriilkummi, valmistatud tihendite valimine suurendab kulumiskindlust ja pikaealisust.<\/p>\n<p>Lisaks tuleks silindri korpust ja keermestatud otsi t\u00e4ppist\u00f6\u00f6tlusega t\u00f6\u00f6delda, et parandada kulumiskindlust, tagada tihedam sobivus ja v\u00e4hendada lekete ohtu. Regulaarne h\u00fcdraulika\u00f5liga m\u00e4\u00e4rimine on h\u00e4davajalik sujuva t\u00f6\u00f6 s\u00e4ilitamiseks ja kulumise v\u00e4ltimiseks. Operaatorid peavad j\u00e4rgima \u00f5li t\u00e4iendamise ajakava, et tagada h\u00fcdraulikas\u00fcsteemi optimaalne j\u00f5udlus ja pikaealisus.<\/p>\n<h2>Regulaarne kontroll ja ennetavad hooldusmeetmed<\/h2>\n<ul>\n<li><strong>Rutiinsed kontrollid:<\/strong> Kontrollige regulaarselt poomi silindrit kulumise, lekete v\u00f5i kahjustuste suhtes. See aitab probleeme varakult tuvastada, v\u00f5imaldades \u00f5igeaegset remonti ja minimeerides seisakuid.<\/li>\n<li><strong>\u00d5ige m\u00e4\u00e4rimine:<\/strong> Veenduge, et h\u00fcdraulika\u00f5li tase on \u00f5ige ja sobib t\u00f6\u00f6tingimustega. Kontrollige regulaarselt \u00f5li kvaliteeti ja vahetage seda vastavalt vajadusele, et s\u00e4ilitada efektiivne t\u00f6\u00f6.<\/li>\n<li><strong>Tihendi vahetamine:<\/strong> Tihendite perioodiline vahetamine aitab s\u00e4ilitada h\u00fcdraulikas\u00fcsteemi terviklikkust. J\u00e4lgige tihendite seisukorda ja vahetage need esimeste kulumism\u00e4rkide ilmnemisel v\u00e4lja, et v\u00e4ltida lekkeid.<\/li>\n<\/ul>\n<h2>Paigaldusjuhised<\/h2>\n<p>Poomi silindri \u00f5ige paigaldamine on optimaalse j\u00f5udluse saavutamiseks \u00fclioluline. Alustage veendumisest, et k\u00f5ik komponendid on puhtad ja prahist vabad. Joondage silinder \u00f5igesti kinnitusklambritega, veendudes, et see on kindlalt kinnitatud. Kasutage silindri t\u00f6\u00f6tamise ajal stabiliseerimiseks sobivaid kinnitusklambreid.<\/p>\n<p>Veenduge, et k\u00f5ik h\u00fcdraulika\u00fchendused on lekete v\u00e4ltimiseks tihedalt kinni ja et kasutatakse \u00f5iget h\u00fcdraulikavedelikku. P\u00e4rast paigaldamist tehke funktsionaalne test, et kontrollida lekkeid ja veenduda silindri sujuvas t\u00f6\u00f6s. J\u00e4lgige paigaldust regulaarselt kulumise v\u00f5i joondamise m\u00e4rke suhtes, mis v\u00f5ivad m\u00f5jutada j\u00f5udlust ja ohutust.<\/p>\n<h2>Levinumad hooldust\u00f6\u00f6d<\/h2>\n<h3>Regulaarsed kontrollid<\/h3>\n<p>Regulaarsete kontrollide tegemine on poomi silindri pikaealisuse tagamiseks \u00fclioluline. Kontrollige kulumise, korrosiooni v\u00f5i kahjustuste m\u00e4rke. Probleemide varajane avastamine aitab v\u00e4ltida suuremaid probleeme hiljem, s\u00e4\u00e4stes remondiga seotud aega ja kulusid. Kontrollige kinnituspunktide tihedust ja veenduge, et h\u00fcdraulika\u00fchendustes ei oleks lekkeid.<\/p>\n<h3>\u00d5ige m\u00e4\u00e4rimine<\/h3>\n<p>H\u00fcdrauliliste silindrite sujuva t\u00f6\u00f6 tagamiseks on \u00fclioluline s\u00e4ilitada korralik m\u00e4\u00e4rimine. Kontrollige regulaarselt h\u00fcdraulika\u00f5li taset ja lisage seda vastavalt vajadusele. \u00d5iget t\u00fc\u00fcpi h\u00fcdraulika\u00f5li kasutamine tagab silindri t\u00f5husa t\u00f6\u00f6 ja minimeerib sisemiste komponentide kulumist. M\u00e4\u00e4rimise eiramine v\u00f5ib p\u00f5hjustada suurenenud h\u00f5\u00f5rdumist ja silindri enneaegset riket.<\/p>\n<h3>Tihendi vahetamine ja kalibreerimise kontroll<\/h3>\n<p>Tihendite vahetamine rutiinse hoolduse osana on lekete v\u00e4ltimiseks oluline. Kontrolli k\u00e4igus hinnake tihendite seisukorda ja vahetage need v\u00e4lja, kui need n\u00e4itavad kulumism\u00e4rke. Kalibreerimiskontrollid tagavad, et balloon t\u00f6\u00f6tab etten\u00e4htud parameetrite piires, v\u00f5imaldades t\u00f5husat ja ohutut t\u00f6\u00f6d. P\u00f6\u00f6rake t\u00e4helepanu k\u00f5ikidele ebakorrap\u00e4rasustele t\u00f6\u00f6s, mis v\u00f5ivad viidata vajadusele uuesti kalibreerida.<\/p>\n<p><img decoding=\"async\" src=\"https:\/\/www.hydraulic-cylinders.net\/wp-content\/uploads\/2025\/04\/songte-chushion-collar.webp\" alt=\"Hoolduskomponendid\" \/><\/p>\n<h2>Ohutuskaalutlused ja keskkonnategurid<\/h2>\n<p>Poomisilindrite kasutamisel tuleb esikohale seada ohutusmeetmed, et kaitsta operaatoreid ja seadmeid. Veenduge, et k\u00f5ik operaatorid on koolitatud h\u00fcdraulikas\u00fcsteemide \u00f5igeks kasutamiseks ja m\u00f5istavad nendega seotud v\u00f5imalikke ohte. Rakendage ohutusprotokolle, et maandada riske, nagu \u00fclekoormus ja seadmete eba\u00f5ige k\u00e4sitsemine.<\/p>\n<p>Lisaks tuleks t\u00f6\u00f6tamise ajal arvestada keskkonnateguritega. Tagage, et h\u00fcdraulilisi vedelikke k\u00e4ideldakse vastutustundlikult, et v\u00e4ltida lekkeid ja mahavalgumisi, mis v\u00f5ivad keskkonda kahjustada. Regulaarne hooldus ja \u00fclevaatused aitavad minimeerida keskkonna saastumise ohtu ja tagada ohutusn\u00f5uete j\u00e4rgimise.<\/p>\n<h2>Rikete diagnoosimine ja levinud probleemid<\/h2>\n<ul>\n<li><strong>Leke:<\/strong> \u00dcks levinumaid h\u00fcdrauliliste silindrite probleeme on leke, mille p\u00f5hjuseks on sageli kulunud tihendid v\u00f5i eba\u00f5ige paigaldus. Kontrollige regulaarselt tihendeid ja vahetage need vastavalt vajadusele, et v\u00e4ltida vedeliku kadu.<\/li>\n<li><strong>Aeglane t\u00f6\u00f6:<\/strong> Kui silinder t\u00f6\u00f6tab aeglaselt, v\u00f5ib see viidata madalale h\u00fcdraulikavedeliku tasemele v\u00f5i \u00f5hule s\u00fcsteemis. Kontrollige vedeliku taset ja \u00f5hutage s\u00fcsteem, et eemaldada kogu kinni j\u00e4\u00e4nud \u00f5hk.<\/li>\n<li><strong>Liigne m\u00fcra:<\/strong> Ebatavalised helid t\u00f6\u00f6tamise ajal v\u00f5ivad viidata mehaanilistele probleemidele v\u00f5i ebapiisavale m\u00e4\u00e4rimisele. Kontrollige kulumist ja veenduge, et k\u00f5ik komponendid on piisavalt m\u00e4\u00e4ritud.<\/li>\n<\/ul>\n<h2>Veaotsingu n\u00e4pun\u00e4ited<\/h2>\n<p>Poomi silindrite probleemide t\u00f5husaks diagnoosimiseks ja lahendamiseks alustage k\u00f5igi komponentide p\u00f5hjalikust kontrollimisest. Tuvastage k\u00f5ik n\u00e4htavad kulumise, kahjustuste v\u00f5i joondamise m\u00e4rgid. Vahetage kulunud tihendid v\u00e4lja ja veenduge, et k\u00f5ik h\u00fcdraulika\u00fchendused on kindlad.<\/p>\n<p>Tulevaste probleemide v\u00e4ltimiseks kehtestage regulaarne hooldusrutiin, mis h\u00f5lmab lekete kontrollimist, n\u00f5uetekohast m\u00e4\u00e4rimist ja tihendite kontrollimist. Harige operaatoreid varajaste probleemide m\u00e4rkide \u00e4ratundmise ja nendega viivitamatu tegelemise olulisuse osas, et minimeerida seisakuid ja v\u00f5imalikke kahjustusi.<\/p>\n<p><img decoding=\"async\" src=\"https:\/\/www.hydraulic-cylinders.net\/wp-content\/uploads\/2025\/04\/songte-bushings-with-all-kinds-of-excavator-models.webp\" alt=\"Ekskavaatorite puksid\" \/><\/p>\n<h2>Meie ettev\u00f5ttest<\/h2>\n<p>Oleme juhtiv h\u00fcdrauliliste silindrite varuosade tootja, pakkudes laia tootevalikut nii sise- kui ka rahvusvahelisele turule. Meie p\u00fchendumus tippkvaliteedile koos t\u00e4iustatud tootmisstrateegiaga v\u00f5imaldab meil t\u00f5husalt rahuldada klientide mitmekesiseid vajadusi.<\/p>\n<p>Meie tootmis\u00fcksus on varustatud tipptehnoloogia ja oskuslike spetsialistidega, kes pidevalt t\u00e4iustavad oma tootmisplatvormi ja tagavad kvaliteetse tootmisprotsessi. Oleme uhked oma v\u00f5ime \u00fcle pakkuda suurt efektiivsust, t\u00e4psust ja kvaliteeti, luues endale usaldusv\u00e4\u00e4rse partneri h\u00fcdrauliliste silindrite valdkonnas.<\/p>\n<p>Pakume uhkusega ka eritellimusel valmistatud lahendusi, mis vastavad konkreetsetele n\u00f5uetele, tagades, et meie tooted vastavad klientide ainulaadsetele vajadustele. Rahvusvaheliste sertifikaatide ja tugeva m\u00fc\u00fcgij\u00e4rgse teenindusega oleme valmis oma kliente kogu nende tootekogemuse v\u00e4ltel toetama.<\/p>\n<p><img decoding=\"async\" src=\"https:\/\/www.hydraulic-cylinders.net\/wp-content\/uploads\/2025\/04\/songte-company-4.webp\" alt=\"Ettev\u00f5tte \u00fclevaade\" \/><\/p>\n<p><img decoding=\"async\" src=\"https:\/\/www.hydraulic-cylinders.net\/wp-content\/uploads\/2025\/04\/songte-company-3.webp\" alt=\"Tootmis\u00fcksus\" \/><\/p>\n<p>Autor: lyl<\/p>","protected":false},"excerpt":{"rendered":"<p>Boom Cylinder For Doosan Large Excavator DH320 Overview of Boom Cylinder The boom cylinder is a crucial hydraulic component in heavy machinery, specifically designed for controlling the movement of the bucket in various equipment like excavators, backhoe loaders, and front-end loaders. This hydraulic cylinder enables the bucket to lift, lower, and tilt, facilitating efficient material [&hellip;]<\/p>","protected":false},"featured_media":17871,"comment_status":"open","ping_status":"closed","template":"","meta":{"_et_pb_use_builder":"","_et_pb_old_content":"","_et_gb_content_width":""},"product_brand":[],"product_cat":[1546],"product_tag":[1547,1496],"class_list":{"0":"post-19004","1":"product","2":"type-product","3":"status-publish","4":"has-post-thumbnail","6":"product_cat-boom-cylinders","7":"product_tag-boom-cylinders","8":"product_tag-hydraulic-cylinders","10":"first","11":"instock","12":"shipping-taxable","13":"product-type-simple"},"amp_enabled":true,"_links":{"self":[{"href":"https:\/\/www.hydraulic-cylinders.net\/et\/wp-json\/wp\/v2\/product\/19004","targetHints":{"allow":["GET"]}}],"collection":[{"href":"https:\/\/www.hydraulic-cylinders.net\/et\/wp-json\/wp\/v2\/product"}],"about":[{"href":"https:\/\/www.hydraulic-cylinders.net\/et\/wp-json\/wp\/v2\/types\/product"}],"replies":[{"embeddable":true,"href":"https:\/\/www.hydraulic-cylinders.net\/et\/wp-json\/wp\/v2\/comments?post=19004"}],"wp:featuredmedia":[{"embeddable":true,"href":"https:\/\/www.hydraulic-cylinders.net\/et\/wp-json\/wp\/v2\/media\/17871"}],"wp:attachment":[{"href":"https:\/\/www.hydraulic-cylinders.net\/et\/wp-json\/wp\/v2\/media?parent=19004"}],"wp:term":[{"taxonomy":"product_brand","embeddable":true,"href":"https:\/\/www.hydraulic-cylinders.net\/et\/wp-json\/wp\/v2\/product_brand?post=19004"},{"taxonomy":"product_cat","embeddable":true,"href":"https:\/\/www.hydraulic-cylinders.net\/et\/wp-json\/wp\/v2\/product_cat?post=19004"},{"taxonomy":"product_tag","embeddable":true,"href":"https:\/\/www.hydraulic-cylinders.net\/et\/wp-json\/wp\/v2\/product_tag?post=19004"}],"curies":[{"name":"wp","href":"https:\/\/api.w.org\/{rel}","templated":true}]}}