{"id":19005,"date":"2025-04-07T06:06:44","date_gmt":"2025-04-07T06:06:44","guid":{"rendered":"https:\/\/www.hydraulic-cylinders.net\/product\/boom-cylinder-for-doosan-large-excavator-dh370\/"},"modified":"2025-04-07T06:06:46","modified_gmt":"2025-04-07T06:06:46","slug":"boom-cylinder-for-doosan-large-excavator-dh370","status":"publish","type":"product","link":"https:\/\/www.hydraulic-cylinders.net\/et\/toode\/boom-cylinder-for-doosan-large-excavator-dh370\/","title":{"rendered":"Doosani suure ekskavaatori DH370 poomi silinder"},"content":{"rendered":"<h1>Doosani suure ekskavaatori DH370 poomi silinder<\/h1>\n<h2>Toote \u00fclevaade<\/h2>\n<p>Doosani suure ekskavaatori DH370 noole silinder on kriitilise t\u00e4htsusega komponent, mis on loodud rasketehnika t\u00f5husaks t\u00f6\u00f6ks. See h\u00fcdrauliline silinder on spetsiaalselt loodud erinevate rasketehnika, sealhulgas ekskavaatorite, laadur-ekskavaatori ja esilaaduri koppade liikumise juhtimiseks. Noole silinder v\u00f5imaldab koppal t\u00f5usta, langetada ja kallutada, h\u00f5lbustades t\u00f5husaid materjalik\u00e4itlust\u00f6id. Need silindrid m\u00e4ngivad olulist rolli h\u00fcdraulikas\u00fcsteemides, kus liikumise loomiseks kasutatakse survestatud vedelikku, tagades raskete koormate t\u00e4pse ja h\u00f5lpsa liigutamise.<\/p>\n<p><img decoding=\"async\" src=\"https:\/\/www.hydraulic-cylinders.net\/wp-content\/uploads\/2025\/04\/songte-company-1.webp\" alt=\"Doosan ekskavaatori DH370 poomi silinder\"><\/p>\n<h3>Kopasilindrite t\u00e4htsus<\/h3>\n<p>Kopasilindrid on h\u00fcdraulilised silindrid, mis on spetsiaalselt loodud raskete masinate koppade liikumise juhtimiseks. Need on olulised t\u00f5husate kaeve- ja laadimist\u00f6\u00f6de v\u00f5imaldamiseks. Ekskavaatorite v\u00f5i laadurite k\u00fclge kinnitatuna muudavad need silindrid h\u00fcdraulilise r\u00f5hu mehaaniliseks j\u00f5uks, v\u00f5imaldades operaatoritel t\u00f5husalt t\u00e4ita selliseid \u00fclesandeid nagu kaevamine, t\u00f5stmine ja materjalide t\u00fchjendamine. Noolesilindrite pakutav t\u00e4psus ja v\u00f5imsus muudavad need asendamatuks erinevates t\u00f6\u00f6stusrakendustes, v\u00f5imaldades sujuvat integreerimist h\u00fcdraulikas\u00fcsteemidesse.<\/p>\n<h2>Peamised omadused<\/h2>\n<ul>\n<li><strong>Suur tugevus ja vastupidavus:<\/strong> Need \u00fclitugevast terasest v\u00f5i alumiiniumist valmistatud silindrid taluvad k\u00f5rget r\u00f5hku ja suuri koormusi, mist\u00f5ttu sobivad need karmidesse t\u00f6\u00f6keskkondadesse. Nende disain arvestab kulumiskindluse ja korrosioonikaitsega, pikendades nende kasutusiga.<\/li>\n<li><strong>T\u00f5hus h\u00fcdrauliline t\u00f6\u00f6:<\/strong> H\u00fcdraulilise \u00f5li r\u00f5hu abil tagavad need silindrid sujuva pikenduse ja tagasit\u00f5mbamise. Need reageerivad operaatori k\u00e4sklustele kiiresti, pakkudes v\u00f5imsaid t\u00f5uke- ja t\u00f5mbej\u00f5ude, mis sobivad ideaalselt raskete ja keerukate \u00fclesannete t\u00e4itmiseks.<\/li>\n<li><strong>Erinevad t\u00fc\u00fcbid:<\/strong> Need silindrid on saadaval \u00fchetoimeliste (\u00fches suunas t\u00f6\u00f6tavate) v\u00f5i kahetoimeliste (m\u00f5lemas suunas t\u00f6\u00f6tavate) mudelitena ning vastavad mitmesugustele t\u00f6\u00f6vajadustele. M\u00f5ned mudelid on teleskoopilised, v\u00f5imaldades suuremat pikendamist ilma v\u00e4lism\u00f5\u00f5tmeid suurendamata, mis sobib ideaalselt ruumikitsastes rakendustes.<\/li>\n<li><strong>Kohandatavad lahendused:<\/strong> Meie tooted suudavad ideaalselt asendada olemasolevaid h\u00fcdrosilindreid, tagades \u00fchilduvuse ja funktsionaalsuse.<\/li>\n<\/ul>\n<p><img decoding=\"async\" src=\"https:\/\/www.hydraulic-cylinders.net\/wp-content\/uploads\/2025\/04\/songte-cylinder-head-with-all-kinds-excavator-models.webp\" alt=\"Ekskavaatori mudelid poomi silindriga\"><\/p>\n<h2>Rakendused<\/h2>\n<h3>Ehitustehnika<\/h3>\n<p>Ekskavaatorites on noolesilindrid kriitilise t\u00e4htsusega kaevamisel, laadimisel ja pinnase v\u00f5i prahi teisaldamisel. Need pakuvad vajalikku j\u00f5udu k\u00f5vale pinnale tungimiseks, v\u00f5imaldades t\u00f5husaid kaevamist\u00f6id. Ekskavaatorlaadurites abistab kopa silinder nii kaevamisel kui ka t\u00f5stmisel, muutes selle ehitusplatsidel oluliseks komponendiks.<\/p>\n<h3>P\u00f5llumajandustehnika<\/h3>\n<p>Esilaadurites kasutatakse noolesilindreid mulla, heina ja muude materjalide kopeerimiseks, t\u00f5stmiseks ja transportimiseks. Nende mitmek\u00fclgsus v\u00f5imaldab p\u00f5llumeestel t\u00f5husalt t\u00e4ita mitmesuguseid \u00fclesandeid, alates p\u00f5llut\u00f6\u00f6dest kuni kaupade transportimiseni farmis. H\u00fcdrauliline t\u00f6\u00f6 tagab raskete koormate suhteliselt lihtsa k\u00e4sitsemise.<\/p>\n<h3>Ekskavaatorid<\/h3>\n<p>Noole silinder v\u00f5imaldab ekskavaatoritel kaevamistoiminguid teha, v\u00f5imaldades kopal t\u00f5husalt pinnasesse tungida. See v\u00f5ime on \u00fclioluline mitmesuguste ehitus- ja haljastusprojektide puhul, kus vundamentide, kraavide ja haljastuselementide jaoks on vaja t\u00e4pset kaevamist.<\/p>\n<h3>Laadurid<\/h3>\n<p>Esilaadurites h\u00f5lbustavad noolesilindrid koormate t\u00f5husat t\u00f5stmist ja t\u00fchjendamist. Nende h\u00fcdrauliline j\u00f5ud v\u00f5imaldab materjalide k\u00e4itlemisel sujuvat t\u00f6\u00f6d, tagades, et selliseid \u00fclesandeid nagu veoautode laadimine ja pinnase teisaldamine saab teha kiiresti ja ohutult.<\/p>\n<h2>Projekteerimiskaalutlused ja valikukriteeriumid<\/h2>\n<h3>Kandev\u00f5ime<\/h3>\n<p>Poomi silindri valimisel on \u00fcks peamisi kaalutlusi selle kandev\u00f5ime. Silinder peab suutma taluda maksimaalset raskust, millega see t\u00f6\u00f6tamise ajal kokku puutub. Materjal ja konstruktsiooni kvaliteet m\u00f5jutavad seda kandev\u00f5imet oluliselt ning k\u00f5rgem kandev\u00f5ime tagab ohutuse ja t\u00f6\u00f6kindluse intensiivsetes t\u00f6\u00f6tingimustes.<\/p>\n<h3>Tihendi terviklikkus<\/h3>\n<p>Tihendi terviklikkus on silindri h\u00fcdraulilise r\u00f5hu s\u00e4ilitamiseks \u00fclioluline. Kvaliteetsed tihendid hoiavad \u00e4ra vedeliku lekke, mis v\u00f5ib p\u00f5hjustada j\u00f5udluse langust ja h\u00fcdraulikas\u00fcsteemi v\u00f5imalikku kahjustamist. Vastupidavatest materjalidest, n\u00e4iteks pol\u00fcuretaanist v\u00f5i nitriilkummist, valmistatud tihendite valimine pikendab nende eluiga ja v\u00e4hendab hooldusvajadust.<\/p>\n<h3>Vastupidavus<\/h3>\n<p>Vastupidavus on noolesilindrite disainimisel v\u00f5tmetegur. Need puutuvad kokku \u00e4\u00e4rmuslike tingimustega, sealhulgas k\u00f5rgsurvekeskkonnaga ning tolmu, mustuse ja niiskusega. Vastupidav konstruktsioon koos kaitsekatetega v\u00f5ib silindri eluiga oluliselt pikendada, muutes selle aja jooksul kulut\u00f5husamaks.<\/p>\n<h3>Turvaelemendid<\/h3>\n<p>H\u00fcdrauliliste silindrite konstruktsioonis on ohutusfunktsioonide lisamine \u00fclioluline. See h\u00f5lmab r\u00f5hukaitseklappe, mis hoiavad \u00e4ra \u00fcler\u00f5hu tekkimise, ja rikkekindlaid konstruktsioone, mis tagavad, et silinder talub ootamatuid koormusi ilma katastroofiliste riketeta. Ohutusfunktsioonid kaitsevad nii operaatorit kui ka masinaid.<\/p>\n<h3>Hoolduse ligip\u00e4\u00e4setavus<\/h3>\n<p>Hooldust\u00f6\u00f6dele ligip\u00e4\u00e4setavuse arvestamine on oluline, et tagada regulaarsete \u00fclevaatuste ja remondit\u00f6\u00f6de teostamine ilma pika seisakuta. Eemaldatavad katted ja strateegiliselt paigutatud m\u00e4\u00e4rdeniplid v\u00f5ivad lihtsustada hooldust\u00f6id ja pikendada h\u00fcdraulikas\u00fcsteemi t\u00f6\u00f6iga.<\/p>\n<p><img decoding=\"async\" src=\"https:\/\/www.hydraulic-cylinders.net\/wp-content\/uploads\/2025\/04\/songte-oil-pipes-and-spare-parts.webp\" alt=\"H\u00fcdraulilised osad ja tarvikud\"><\/p>\n<h2>Tihendus ja m\u00e4\u00e4rimine<\/h2>\n<p>T\u00f5hus tihendamine ja m\u00e4\u00e4rimine on h\u00fcdrauliliste silindrite j\u00f5udluse seisukohalt \u00fcliolulised. H\u00fcdraulilise terviklikkuse s\u00e4ilitamiseks on oluline kasutada mitmesuguseid tihenduskomponente, n\u00e4iteks kolvitihendeid ja varrastihendeid. Kulumiskindlatest materjalidest, n\u00e4iteks pol\u00fcuretaanist v\u00f5i nitriilkummist, valmistatud tihendite valimine suurendab vastupidavust ja hoiab \u00e4ra lekked. Silindri korpus ja keermestatud otsapinnad l\u00e4bivad t\u00e4ppist\u00f6\u00f6tluse, et parandada kulumiskindlust. Lisaks on sujuva t\u00f6\u00f6 tagamiseks ja liikuvate osade vahelise h\u00f5\u00f5rdumise v\u00e4hendamiseks vajalik regulaarne m\u00e4\u00e4rimine h\u00fcdraulika\u00f5liga.<\/p>\n<h2>Ennetavad hooldusmeetmed<\/h2>\n<ul>\n<li><strong>Regulaarsed kontrollid:<\/strong> Tehke h\u00fcdrauliliste silindrite p\u00f5hjalik kontroll, et tuvastada kulumise, lekete v\u00f5i kahjustuste m\u00e4rke. Varajane avastamine aitab ennetada suuremaid probleeme ja pikendada seadmete eluiga.<\/li>\n<li><strong>Sobiv m\u00e4\u00e4rimine:<\/strong> Veenduge, et silindreid m\u00e4\u00e4ritakse regulaarselt \u00f5iget t\u00fc\u00fcpi ja koguse h\u00fcdraulika\u00f5liga, et s\u00e4ilitada sujuv t\u00f6\u00f6 ja v\u00e4hendada komponentide kulumist.<\/li>\n<li><strong>Tihendi vahetamine:<\/strong> Kontrollige regulaarselt tihendite seisukorda ja vahetage need vastavalt vajadusele, et s\u00e4ilitada t\u00f5hus tihendus ja v\u00e4ltida h\u00fcdraulikavedeliku lekkeid.<\/li>\n<\/ul>\n<h2>N\u00f5uetekohased paigaldusjuhised<\/h2>\n<p>Poomi silindri paigaldamisel on optimaalse j\u00f5udluse tagamiseks oluline j\u00e4rgida \u00f5igeid juhiseid. Alustage silindri \u00f5igest joondamisest kinnituspunktidega. Kasutage silindri kinnitamiseks sobivaid kinnitusklambreid, et v\u00e4ltida igasugust liikumist, mis v\u00f5ib p\u00f5hjustada joondusvigu. Veenduge, et h\u00fcdraulikavoolikud on kindlalt \u00fchendatud ning et neil poleks paindeid ega kahjustusi. P\u00e4rast paigaldamist testige silindrit enne t\u00e4ielikku t\u00f6\u00f6lepanekut v\u00e4ikese koormuse all, et veenduda selle sujuvas ja leketeta t\u00f6\u00f6s. Kontrollige paigaldust regulaarselt, et veenduda k\u00f5igi komponentide kindlas kinnituses ja korrektses toimimises.<\/p>\n<h2>Levinumad hooldust\u00f6\u00f6d<\/h2>\n<h3>Regulaarsed kontrollid<\/h3>\n<p>H\u00fcdrauliliste silindrite regulaarne kontrollimine on oluline v\u00f5imalike probleemide tuvastamiseks enne, kui need muutuvad olulisteks. Kontrollimisel tuleks keskenduda lekete, tihendite kulumise ning korrosiooni v\u00f5i kahjustuste m\u00e4rke kontrollimisele. See ennetav l\u00e4henemisviis aitab s\u00e4ilitada h\u00fcdros\u00fcsteemi t\u00f5husust ja t\u00f6\u00f6kindlust.<\/p>\n<h3>Sobiv m\u00e4\u00e4rimine<\/h3>\n<p>H\u00fcdrauliliste silindrite sujuva t\u00f6\u00f6 tagamiseks on oluline \u00f5ige m\u00e4\u00e4rimine. \u00d5ige h\u00fcdraulika\u00f5li kasutamise ja selle regulaarse lisamise abil minimeeritakse liikuvate osade vahelist h\u00f5\u00f5rdumist, pikendades seel\u00e4bi silindri eluiga. Oluline on j\u00e4rgida tootja soovitusi m\u00e4\u00e4rimisintervallide ja -koguste osas.<\/p>\n<h3>Tihendi vahetamine ja kalibreerimise kontrollimine<\/h3>\n<p>Aja jooksul v\u00f5ivad tihendid kuluda ja lekete v\u00e4ltimiseks ning r\u00f5hu s\u00e4ilitamiseks tuleb need v\u00e4lja vahetada. Regulaarne tihendite vahetamine ja kalibreerimiskontrollid on \u00fcliolulised, et tagada h\u00fcdrosilindri maksimaalne efektiivsus. N\u00f5uetekohane paigaldamine ja joondamine nende protsesside ajal on tulevaste probleemide v\u00e4ltimiseks ja t\u00f6\u00f6kindluse tagamiseks \u00fcliolulised.<\/p>\n<p><img decoding=\"async\" src=\"https:\/\/www.hydraulic-cylinders.net\/wp-content\/uploads\/2025\/04\/songte-chushion-collar.webp\" alt=\"H\u00fcdraulilise silindri padjakaelus\"><\/p>\n<h2>Ohutuskaalutlused ja keskkonnategurid<\/h2>\n<p>H\u00fcdrauliliste silindritega tegelemisel on ohutusmeetmete rakendamine \u00fclioluline, et v\u00e4ltida \u00f5nnetusi ja tagada operaatorite ohutus. H\u00fcdrauliliste seadmetega tegeleva personali n\u00f5uetekohane v\u00e4lja\u00f5pe on h\u00e4davajalik. Lisaks tuleb keskkonnam\u00f5jude minimeerimiseks hoolikalt hallata keskkonnategureid, n\u00e4iteks vedelike lekkeid. Regulaarne v\u00e4lja\u00f5pe ja ohutusn\u00f5uete j\u00e4rgimine aitavad luua ohutu t\u00f6\u00f6keskkonna.<\/p>\n<h2>Rikete diagnoosimine ja levinud probleemid<\/h2>\n<ul>\n<li><strong>H\u00fcdraulilise vedeliku lekked:<\/strong> Lekkeid v\u00f5ib p\u00f5hjustada kulunud tihendid v\u00f5i kahjustatud voolikud. Regulaarne kontroll aitab lekkeid tuvastada ja k\u00f5rvaldada enne, kui need p\u00f5hjustavad t\u00f6\u00f6h\u00e4ireid.<\/li>\n<li><strong>Ebaj\u00e4rjekindel silindri liikumine:<\/strong> Selle p\u00f5hjuseks v\u00f5ib olla \u00f5hk h\u00fcdraulikas\u00fcsteemis v\u00f5i ebapiisav h\u00fcdraulika\u00f5li. S\u00fcsteemi \u00f5hutamine ja \u00f5ige vedeliku taseme tagamine saab selle probleemi lahendada.<\/li>\n<li><strong>Ebanormaalsed helid:<\/strong> Ebatavalised helid t\u00f6\u00f6tamise ajal v\u00f5ivad viidata silindri sisemisele kulumisele v\u00f5i kahjustusele. Edasiste kahjustuste v\u00e4ltimiseks on vaja silindrit kohe kontrollida ja v\u00f5imalusel v\u00e4lja vahetada.<\/li>\n<\/ul>\n<h2>Veaotsingu n\u00e4pun\u00e4ited<\/h2>\n<p>H\u00fcdrauliliste silindrite probleemide t\u00f5husaks diagnoosimiseks ja lahendamiseks on oluline j\u00e4rgida s\u00fcstemaatilist l\u00e4henemist. Alustage vedeliku taseme kontrollimisest ja lekete olemasolust. Kui lekkeid tuvastatakse, vahetage kulunud tihendid v\u00e4lja ja veenduge, et k\u00f5ik liitmikud on tihedalt kinni. Eba\u00fchtlase liikumise korral \u00f5hutage h\u00fcdros\u00fcsteemi, et eemaldada \u00f5humullid. Regulaarne hooldus ja kasutusjuhiste j\u00e4rgimine v\u00f5ivad oluliselt v\u00e4hendada probleemide riski ja pikendada h\u00fcdros\u00fcsteemi eluiga.<\/p>\n<p><img decoding=\"async\" src=\"https:\/\/www.hydraulic-cylinders.net\/wp-content\/uploads\/2025\/04\/songte-bushings-with-all-kinds-of-excavator-models.webp\" alt=\"Ekskavaatorimudelite puksid\"><\/p>\n<h2>Ettev\u00f5tte \u00fclevaade<\/h2>\n<p>Oleme asendush\u00fcdrauliliste silindrite tootja, pakkudes laia tootevalikut, mis positsioneerib meid \u00fche juhtiva tootja ja hulgim\u00fc\u00fcjana nii sise- kui ka rahvusvahelistel turgudel. Meie p\u00fchendumus tipptasemele p\u00f5hineb t\u00e4iustatud tootmisjuhtimise strateegiatel ja kvaliteedile keskendumisel. Oskuslike spetsialistide meeskonna, tipptasemel digitaalsete tootmisseadmete ja tugeva testimiss\u00fcsteemi abil t\u00e4iustame pidevalt oma tootmisv\u00f5imalusi, tagades k\u00f5rge efektiivsuse, t\u00e4psuse ja kvaliteedi, et rahuldada klientide mitmekesiseid vajadusi.<\/p>\n<p><img decoding=\"async\" src=\"https:\/\/www.hydraulic-cylinders.net\/wp-content\/uploads\/2025\/04\/songte-company-4.webp\" alt=\"Songte ettev\u00f5tte \u00fclevaade\"><br \/>\n<img decoding=\"async\" src=\"https:\/\/www.hydraulic-cylinders.net\/wp-content\/uploads\/2025\/04\/songte-company-3.webp\" alt=\"Tootmis\u00fcksus\"><\/p>\n<p>Meie asjatundlikkus h\u00f5lmab mitmesuguseid valdkondi, sealhulgas spetsialiseerumist tootmisseadmetele, rahvusvahelisi sertifikaate ja kohandatavaid teenuseid. Meie t\u00e4iustatud tootmisrajatised v\u00f5imaldavad meil s\u00e4ilitada ranget kvaliteedikontrolli, tagades meie toodete vastavuse k\u00f5rgeimatele standarditele. Meie m\u00fc\u00fcgij\u00e4rgne teenindus tagab klientide rahulolu, pakkudes individuaalsetele vajadustele kohandatud tuge ja lahendusi.<\/p>\n<p>Autor: lyl<\/p>","protected":false},"excerpt":{"rendered":"<p>Boom Cylinder For Doosan Large Excavator DH370 Product Overview The Boom Cylinder for Doosan Large Excavator DH370 is a critical component designed for the effective operation of heavy machinery. This hydraulic cylinder is specifically engineered to control the movement of buckets in various heavy equipment, including excavators, backhoe loaders, and front loaders. The boom cylinder [&hellip;]<\/p>","protected":false},"featured_media":17872,"comment_status":"open","ping_status":"closed","template":"","meta":{"_et_pb_use_builder":"","_et_pb_old_content":"","_et_gb_content_width":""},"product_brand":[],"product_cat":[1546],"product_tag":[1547,1496],"class_list":{"0":"post-19005","1":"product","2":"type-product","3":"status-publish","4":"has-post-thumbnail","6":"product_cat-boom-cylinders","7":"product_tag-boom-cylinders","8":"product_tag-hydraulic-cylinders","10":"first","11":"instock","12":"shipping-taxable","13":"product-type-simple"},"amp_enabled":true,"_links":{"self":[{"href":"https:\/\/www.hydraulic-cylinders.net\/et\/wp-json\/wp\/v2\/product\/19005","targetHints":{"allow":["GET"]}}],"collection":[{"href":"https:\/\/www.hydraulic-cylinders.net\/et\/wp-json\/wp\/v2\/product"}],"about":[{"href":"https:\/\/www.hydraulic-cylinders.net\/et\/wp-json\/wp\/v2\/types\/product"}],"replies":[{"embeddable":true,"href":"https:\/\/www.hydraulic-cylinders.net\/et\/wp-json\/wp\/v2\/comments?post=19005"}],"wp:featuredmedia":[{"embeddable":true,"href":"https:\/\/www.hydraulic-cylinders.net\/et\/wp-json\/wp\/v2\/media\/17872"}],"wp:attachment":[{"href":"https:\/\/www.hydraulic-cylinders.net\/et\/wp-json\/wp\/v2\/media?parent=19005"}],"wp:term":[{"taxonomy":"product_brand","embeddable":true,"href":"https:\/\/www.hydraulic-cylinders.net\/et\/wp-json\/wp\/v2\/product_brand?post=19005"},{"taxonomy":"product_cat","embeddable":true,"href":"https:\/\/www.hydraulic-cylinders.net\/et\/wp-json\/wp\/v2\/product_cat?post=19005"},{"taxonomy":"product_tag","embeddable":true,"href":"https:\/\/www.hydraulic-cylinders.net\/et\/wp-json\/wp\/v2\/product_tag?post=19005"}],"curies":[{"name":"wp","href":"https:\/\/api.w.org\/{rel}","templated":true}]}}