{"id":19009,"date":"2025-04-07T06:06:54","date_gmt":"2025-04-07T06:06:54","guid":{"rendered":"https:\/\/www.hydraulic-cylinders.net\/product\/boom-cylinder-for-doosan-large-excavator-dh330-3\/"},"modified":"2025-04-07T06:06:57","modified_gmt":"2025-04-07T06:06:57","slug":"boom-cylinder-for-doosan-large-excavator-dh330-3","status":"publish","type":"product","link":"https:\/\/www.hydraulic-cylinders.net\/et\/toode\/boom-cylinder-for-doosan-large-excavator-dh330-3\/","title":{"rendered":"Doosani suure ekskavaatori DH330-3 poomi silinder"},"content":{"rendered":"<h1>Doosani suure ekskavaatori DH330-3 poomi silinder<\/h1>\n<h2>Kopasilindri \u00fclevaade<\/h2>\n<p>Doosani suure ekskavaatori DH330-3 noole silinder on rasketehnika h\u00fcdros\u00fcsteemi kriitiline komponent. See h\u00fcdrosilinder on spetsiaalselt loodud kopa liikumise juhtimiseks erinevates rasketehnika seadmetes, n\u00e4iteks ekskavaatorites, laadur-ekskavaatorites ja esilaadurites. See h\u00f5lbustab kopa t\u00f5stmist, langetamist ja kallutamist, muutes selle t\u00f5husate materjalik\u00e4itlust\u00f6\u00f6de jaoks h\u00e4davajalikuks.<\/p>\n<p>H\u00fcdraulilise r\u00f5hu abil v\u00f5imaldab noole silinder kopa sujuvat ja t\u00e4pset liigutamist, v\u00f5imaldades operaatoritel keerulisi \u00fclesandeid h\u00f5lpsalt t\u00e4ita. See on \u00fclioluline rakendustes, kus on vaja rasket t\u00f5stmist, pakkudes vajalikku j\u00f5udu suurte materjalide, n\u00e4iteks pinnase, kruusa ja prahi, k\u00e4itlemiseks. Selle h\u00fcdrosilindri disain ja funktsionaalsus aitavad oluliselt kaasa selle masina \u00fcldisele j\u00f5udlusele ja tootlikkusele, kuhu see on paigaldatud.<\/p>\n<p><img decoding=\"async\" src=\"https:\/\/www.hydraulic-cylinders.net\/wp-content\/uploads\/2025\/04\/songte-company-1.webp\" alt=\"Ekskavaatori poomi silinder\" \/><\/p>\n<h2>Poomi silindri omadused<\/h2>\n<ul>\n<li>\n<h3>Suur tugevus ja vastupidavus<\/h3>\n<p>Meie \u00fclitugevast terasest v\u00f5i alumiiniumist valmistatud poomi silinder talub k\u00f5rget r\u00f5hku ja suuri koormusi, mist\u00f5ttu sobib see karmidesse t\u00f6\u00f6keskkondadesse. Selle disain r\u00f5hutab kulumiskindlust ja korrosioonikaitset, pikendades oluliselt selle eluiga.<\/p>\n<\/li>\n<li>\n<h3>T\u00f5hus h\u00fcdrauliline t\u00f6\u00f6<\/h3>\n<p>Silinder t\u00f6\u00f6tab h\u00fcdraulika\u00f5li r\u00f5hu t\u00f5ttu sujuvalt, v\u00f5imaldades kiiret reageerimist juhtimisk\u00e4sklustele. See efektiivsus tagab tugeva t\u00f5mbe- ja t\u00f5ukej\u00f5u, mis sobib ideaalselt raskete esemete ja keerukate \u00fclesannete k\u00e4sitsemiseks.<\/p>\n<\/li>\n<li>\n<h3>Mitmek\u00fclgsed t\u00fc\u00fcbid<\/h3>\n<p>S\u00f5ltuvalt t\u00f6\u00f6vajadustest on valikus \u00fchetoimelised (h\u00fcdrauliline toime \u00fches suunas) v\u00f5i kahetoimelised (h\u00fcdrauliline toime m\u00f5lemas suunas) silindrid. M\u00f5ned mudelid on teleskoopilised, mis v\u00f5imaldab suuremat pikendust ilma v\u00e4lism\u00f5\u00f5tmeid suurendamata, mis on kasulik ruumipiirangutega rakendustes.<\/p>\n<\/li>\n<li>\n<h3>\u00dchilduvus<\/h3>\n<p>Meie tooted on loodud ideaalseteks asendusteks olemasolevatele h\u00fcdrosilindritele, tagades sujuva integratsiooni erinevate ekskavaatorimudelitega.<\/p>\n<\/li>\n<li>\n<h3>Lihtne hooldus<\/h3>\n<p>Kasutajamugavusele keskendunud disain v\u00f5imaldab lihtsaid hooldusprotseduure, tagades, et operaatorid saavad seadmeid minimaalse pingutusega optimaalses t\u00f6\u00f6korras hoida.<\/p>\n<\/li>\n<\/ul>\n<p><img decoding=\"async\" src=\"https:\/\/www.hydraulic-cylinders.net\/wp-content\/uploads\/2025\/04\/songte-cylinder-head-with-all-kinds-excavator-models.webp\" alt=\"\u00dchilduvad ekskavaatorimudelid\" \/><\/p>\n<h2>Poomi silindri rakendused<\/h2>\n<ul>\n<li>\n<h3>Ehitustehnika<\/h3>\n<p>Ekskavaatorites on noolesilindrid \u00fcliolulised kaevamiseks, laadimiseks ja pinnase v\u00f5i prahi teisaldamiseks. Nende v\u00f5ime h\u00f5lbustada nii kaevamis- kui ka t\u00f5stet\u00f6id muudab need ehitusplatsidel asendamatuks, aidates kaasa t\u00f5hususele ja tootlikkusele.<\/p>\n<\/li>\n<li>\n<h3>P\u00f5llumajandustehnika<\/h3>\n<p>Esilaadurites kasutatavad noolesilindrid v\u00f5imaldavad mulda, heina ja mitmesuguseid materjale t\u00f5sta, kopaga \u00fcles korjata ja transportida. Nende vastupidav konstruktsioon v\u00f5imaldab p\u00f5llumajandust\u00f6\u00f6de t\u00f5husat k\u00e4sitsemist, tagades sujuva t\u00f6\u00f6 p\u00f5llumajandustegevuses.<\/p>\n<\/li>\n<li>\n<h3>Ekskavaatorid<\/h3>\n<p>Ekskavaatorites aitab noole silinder t\u00f5husalt pinnasesse tungida, v\u00f5imaldades v\u00f5imsaid kaevamisliigutusi. See v\u00f5ime on oluline mitmesuguste haljastus- ja ehitusprojektide puhul, kus on vaja t\u00e4psust ja v\u00f5imsust.<\/p>\n<\/li>\n<li>\n<h3>Laadurid<\/h3>\n<p>Esilaaduritel aitavad noolesilindrid koormaid t\u00f5husalt t\u00f5sta ja t\u00fchjendada. See funktsioon on j\u00e4\u00e4tmek\u00e4itluse, materjalide k\u00e4itlemise ja laadimise jaoks \u00fclioluline, suurendades \u00fcldist t\u00f6\u00f6 efektiivsust.<\/p>\n<\/li>\n<\/ul>\n<h2>Projekteerimiskaalutlused ja valikukriteeriumid<\/h2>\n<ul>\n<li>\n<h3>Kandev\u00f5ime<\/h3>\n<p>Poomi silindri kandev\u00f5ime m\u00f5istmine on \u00fclioluline. Silinder peab olema konstrueeritud nii, et see taluks ohutult maksimaalseid koormusi ilma riketeta. Seda aspekti m\u00f5jutavad sellised tegurid nagu materjali tugevus, konstruktsiooni konfiguratsioon ja h\u00fcdraulilise r\u00f5hu nimiv\u00e4\u00e4rtused. Insenerid peavad tegema p\u00f5hjalikud arvutused, et tagada silindri vastupidavus t\u00f6\u00f6koormusele k\u00f5igis kasutusfaasides.<\/p>\n<\/li>\n<li>\n<h3>Tihendusmehhanismid<\/h3>\n<p>T\u00f5hus tihendus on kriitilise t\u00e4htsusega h\u00fcdraulilise vedeliku lekke v\u00e4ltimiseks ja silindri r\u00f5hu s\u00e4ilitamiseks. Kasutatakse mitmesuguseid tihendustehnoloogiaid, n\u00e4iteks kolvitihendeid ja varrastihendeid. Materjalide, n\u00e4iteks pol\u00fcuretaani ja nitriilkummi valik tagab vastupidavuse ning vastupidavuse kulumisele ja keskkonnateguritele, aidates kaasa h\u00fcdraulikas\u00fcsteemi pikaealisusele.<\/p>\n<\/li>\n<li>\n<h3>Vastupidavus<\/h3>\n<p>Poomi silindri vastupidavus on pikaajalise t\u00f6\u00f6 jaoks oluline. See h\u00f5lmab kulumiskindlust, korrosioonikindlust ja v\u00e4simuskindlust. Konstruktsioon peaks sisaldama pikaealisust parandavaid omadusi, n\u00e4iteks pinnat\u00f6\u00f6tlust ja kvaliteetseid materjale, et taluda raskete masinate k\u00e4itamisel sageli esinevaid karme tingimusi.<\/p>\n<\/li>\n<li>\n<h3>Turvaelemendid<\/h3>\n<p>Poomi silindri konstruktsiooni tuleb integreerida ohutuskaalutlused. See h\u00f5lmab selliseid funktsioone nagu \u00fclekoormuskaitse mehhanismid, et v\u00e4ltida liigsest koormusest tulenevaid kahjustusi, ja rikkekindlad konstruktsioonid, mis tagavad s\u00fcsteemi t\u00f6\u00f6korras p\u00fcsimise ka komponendi rikke korral. Regulaarsed ohutushindamised ja t\u00f6\u00f6stusstandardite j\u00e4rgimine on t\u00f6\u00f6ohutuse s\u00e4ilitamiseks \u00fcliolulised.<\/p>\n<\/li>\n<li>\n<h3>Hoolduse ligip\u00e4\u00e4setavus<\/h3>\n<p>Poomi silindri lihtne hooldus on seisakuaja minimeerimiseks \u00fclioluline. Regulaarseid kontrolle ja hooldust h\u00f5lbustavad omadused, n\u00e4iteks kergesti ligip\u00e4\u00e4setavad tihendid ja m\u00e4\u00e4rimispunktid, tagavad, et operaatorid saavad hooldust t\u00f5husalt teha, pikendades seel\u00e4bi silindri eluiga ja t\u00f6\u00f6kindlust.<\/p>\n<\/li>\n<\/ul>\n<p><img decoding=\"async\" src=\"https:\/\/www.hydraulic-cylinders.net\/wp-content\/uploads\/2025\/04\/songte-oil-pipes-and-spare-parts.webp\" alt=\"H\u00fcdraulilised komponendid\" \/><\/p>\n<h2>H\u00fcdraulilise silindri tihendamine ja m\u00e4\u00e4rimine<\/h2>\n<p>Poomi silindri tihendamine ja m\u00e4\u00e4rimine on optimaalse j\u00f5udluse saavutamiseks \u00fcliolulised. H\u00fcdraulilise terviklikkuse s\u00e4ilitamiseks kasutatakse mitmesuguseid tihenduskomponente, n\u00e4iteks kolvitihendeid ja vardatihendeid. Vastupidavatest materjalidest, nagu pol\u00fcuretaan ja nitriilkummi, valmistatud tihendid valitakse nende kulumiskindluse ja keskkonnam\u00f5jude suhtes vastupidavuse t\u00f5ttu.<\/p>\n<p>Lisaks t\u00f6\u00f6deldakse silindri korpust ja keermestatud otsi t\u00e4pselt kulumiskindluse suurendamiseks, tagades tiheda sobivuse, mis minimeerib vedeliku lekke. Sujuva t\u00f6\u00f6 tagamiseks ja tihendite ning liikuvate osade kulumise v\u00e4ltimiseks on vajalik regulaarne m\u00e4\u00e4rimine sobiva h\u00fcdraulika\u00f5liga. See hooldustava mitte ainult ei pikenda silindri eluiga, vaid parandab ka selle \u00fcldist efektiivsust, v\u00e4hendades h\u00f5\u00f5rdumist h\u00fcdraulikas\u00fcsteemis.<\/p>\n<h2>Ennetavad hooldusmeetmed<\/h2>\n<ul>\n<li>\n<h3>Regulaarsed kontrollid<\/h3>\n<p>Regulaarsete kontrollide l\u00e4biviimine on potentsiaalsete probleemide varajaseks tuvastamiseks \u00fclioluline. See h\u00f5lmab kulumism\u00e4rkide, lekete ja ebatavaliste helide kontrollimist t\u00f6\u00f6tamise ajal. Rutiinse kontrolligraafiku koostamine aitab s\u00e4ilitada optimaalset j\u00f5udlust ja v\u00e4ltida ootamatuid rikkeid.<\/p>\n<\/li>\n<li>\n<h3>\u00d5ige m\u00e4\u00e4rimine<\/h3>\n<p>H\u00fcdrosilindri korralik m\u00e4\u00e4rimine on selle sujuva t\u00f6\u00f6 tagamiseks h\u00e4davajalik. Operaatorid peaksid j\u00e4rgima m\u00e4\u00e4rimisgraafikut, kasutades soovitatud t\u00fc\u00fcpi h\u00fcdraulika\u00f5li, et minimeerida tihendite ja liikuvate osade h\u00f5\u00f5rdumist ja kulumist. See tava on \u00fclioluline enneaegse rikke v\u00e4ltimiseks ja pikaealisuse tagamiseks.<\/p>\n<\/li>\n<li>\n<h3>Tihendi vahetamine<\/h3>\n<p>H\u00fcdraulikas\u00fcsteemi terviklikkuse s\u00e4ilitamiseks on vaja tihendeid regulaarselt vahetada. Kulunud v\u00f5i kahjustatud tihendid v\u00f5ivad p\u00f5hjustada lekkeid ja r\u00f5hukadu, mis m\u00f5jutab poomi silindri j\u00f5udlust. Operaatorid peaksid olema koolitatud \u00e4ra tundma tihendite halvenemise m\u00e4rke ja j\u00e4rgima vahetusgraafikut, et tagada j\u00e4tkuv efektiivne t\u00f6\u00f6.<\/p>\n<\/li>\n<\/ul>\n<p><img decoding=\"async\" src=\"https:\/\/www.hydraulic-cylinders.net\/wp-content\/uploads\/2025\/04\/songte-chushion-collar.webp\" alt=\"Padjakaelus\" \/><\/p>\n<h2>Paigaldusjuhised<\/h2>\n<p>Poomi silindri \u00f5ige paigaldamine on selle j\u00f5udluse ja pikaealisuse tagamiseks \u00fclioluline. Siin on peamised sammud, mida j\u00e4rgida:<\/p>\n<ol>\n<li>\n<h3>Ettevalmistus<\/h3>\n<p>Enne paigaldamist veenduge, et t\u00f6\u00f6ala on puhas ning k\u00f5ik vajalikud t\u00f6\u00f6riistad ja komponendid on olemas. Tutvuge tootja spetsifikatsioonide ja paigaldusjuhistega, et protsessiga tutvuda.<\/p>\n<\/li>\n<li>\n<h3>Joondus<\/h3>\n<p>Silindri \u00f5ige joondamine on oluline. Veenduge, et kinnituspunktid on \u00f5igesti paigutatud, et v\u00e4ltida silindrile liigset pinget. T\u00e4psuse saavutamiseks kasutage vajadusel joondust\u00f6\u00f6riistu.<\/p>\n<\/li>\n<li>\n<h3>Silindri kinnitamine<\/h3>\n<p>Kasutage silindri kindlale kohale kinnitamiseks sobivaid kinnitusklambreid. See hoiab \u00e4ra liikumise, mis v\u00f5ib p\u00f5hjustada enneaegset kulumist ja riket.<\/p>\n<\/li>\n<li>\n<h3>H\u00fcdraulilised \u00fchendused<\/h3>\n<p>\u00dchendage h\u00fcdraulikavoolikud vastavalt etteantud spetsifikatsioonidele. Veenduge, et k\u00f5ik liitmikud on tihedalt kinnitatud ja lekkevabad, et s\u00fcsteemi r\u00f5hk p\u00fcsiks.<\/p>\n<\/li>\n<li>\n<h3>Testimine<\/h3>\n<p>P\u00e4rast paigaldamist tehke h\u00fcdros\u00fcsteemi p\u00f5hjalik test. Kontrollige lekkeid ja veenduge, et poomi silinder t\u00f6\u00f6tab sujuvalt k\u00f5igis liikumisulatustes. Lahendage k\u00f5ik probleemid enne seadme t\u00e4ielikku kasutuselev\u00f5ttu.<\/p>\n<\/li>\n<\/ol>\n<h2>Hooldus\u00fclesanded<\/h2>\n<ul>\n<li>\n<h3>Regulaarsed kontrollid<\/h3>\n<p>Poomi silindri regulaarsed kontrollid on olulised, et tagada selle n\u00f5uetekohane toimimine. Otsige kulumise, lekete v\u00f5i kahjustuste m\u00e4rke ja tegelege probleemidega kohe. Regulaarsed kontrollid aitavad v\u00e4ltida suuremaid probleeme ja pikendada h\u00fcdros\u00fcsteemi eluiga.<\/p>\n<\/li>\n<li>\n<h3>\u00d5ige m\u00e4\u00e4rimine<\/h3>\n<p>Veenduge, et silinder oleks tootja juhiste kohaselt piisavalt m\u00e4\u00e4ritud. Regulaarne m\u00e4\u00e4rimine minimeerib h\u00f5\u00f5rdumist, ennetab tihendite kulumist ja pikendab poomi silindri eluiga. Optimaalse j\u00f5udluse saavutamiseks kasutage soovitatud h\u00fcdraulika\u00f5li.<\/p>\n<\/li>\n<li>\n<h3>Tihendi vahetamine<\/h3>\n<p>Tihendite seisukorra j\u00e4lgimine on \u00fclioluline. Kulunud tihendid tuleks \u00f5igeaegselt v\u00e4lja vahetada, et v\u00e4ltida lekkeid ja tagada s\u00fcsteemi \u00f5ige h\u00fcdraulilise r\u00f5hu s\u00e4ilimine. Operaatorid peaksid olema koolitatud \u00e4ra tundma tihendite kulumise m\u00e4rke ja j\u00e4rgima vahetamise ajakava.<\/p>\n<\/li>\n<\/ul>\n<h2>Ohutuskaalutlused ja keskkonnategurid<\/h2>\n<p>H\u00fcdraulikas\u00fcsteemidega t\u00f6\u00f6tamisel on ohutusmeetmed \u00fcliolulised. Operaatorid peavad olema koolitatud \u00f5nnetuste v\u00e4ltimiseks \u00f5igete k\u00e4sitsemistehnikate osas. Isikukaitsevahendite (IKV) kasutamine on oluline, et kaitsta end h\u00fcdraulilise vedeliku ja raskete masinate k\u00e4itamisega seotud ohtude eest. Lisaks tuleks arvestada keskkonnateguritega, n\u00e4iteks tagada h\u00fcdraulilise vedeliku n\u00f5uetekohane k\u00f5rvaldamine, et v\u00e4ltida pinnase ja vee saastumist. Regulaarne ohutusprotseduuride ja keskkonnan\u00f5uete alane koolitus aitab riske leevendada ja t\u00f6\u00f6ohutust parandada.<\/p>\n<h2>Levinud probleemide t\u00f5rkeotsing<\/h2>\n<ul>\n<li>\n<h3>Leke<\/h3>\n<p>H\u00fcdraulikavedeliku lekked v\u00f5ivad viidata tihendi rikkele v\u00f5i silindri kahjustusele. Kontrollige tihendite kulumist ja vajadusel vahetage need v\u00e4lja. Veenduge, et k\u00f5ik \u00fchendused on tihedad ja lekkevabad.<\/p>\n<\/li>\n<li>\n<h3>Ebapiisav v\u00f5imsus<\/h3>\n<p>Kui poomi silinder ei t\u00f6\u00f6ta piisavalt, kontrollige h\u00fcdraulikavedeliku taset ja veenduge, et s\u00fcsteemis pole \u00f5hku. Kontrollige h\u00fcdraulikavoolikutes ummistusi v\u00f5i takistusi, mis v\u00f5ivad voolu takistada.<\/p>\n<\/li>\n<li>\n<h3>Ebatavalised m\u00fcrad<\/h3>\n<p>Ebatavalised helid t\u00f6\u00f6tamise ajal v\u00f5ivad viidata sisemistele kahjustustele v\u00f5i ebapiisavale m\u00e4\u00e4rimisele. L\u00fclitage s\u00fcsteem kohe v\u00e4lja ja tehke probleemi diagnoosimiseks p\u00f5hjalik kontroll.<\/p>\n<\/li>\n<\/ul>\n<p><img decoding=\"async\" src=\"https:\/\/www.hydraulic-cylinders.net\/wp-content\/uploads\/2025\/04\/songte-bushings-with-all-kinds-of-excavator-models.webp\" alt=\"Ekskavaatorite puksid\" \/><\/p>\n<p>Probleemide t\u00f5husaks t\u00f5rkeotsinguks peaksid operaatorid j\u00e4rgima s\u00fcstemaatilist l\u00e4henemisviisi, tuvastades s\u00fcmptomeid ja v\u00f5imalikke p\u00f5hjuseid. Hooldusandmete logi pidamine aitab diagnoosida korduvaid probleeme ja v\u00f5tta ennetavaid meetmeid.<\/p>\n<h2>Meie ettev\u00f5ttest<\/h2>\n<p>Oleme juhtiv asendush\u00fcdrauliliste silindrite tootja ja hulgim\u00fc\u00fcja, mis on spetsialiseerunud laia tootevaliku pakkumisele nii sise- kui ka rahvusvahelistele turgudele. Meie p\u00fchendumus tipptasemele peegeldub meie t\u00e4ppistootmisstrateegiates ja t\u00e4iustatud digitaalsete tootmisseadmete kasutamises.<\/p>\n<p>T\u00e4iustame pidevalt oma tootmisv\u00f5imalusi, kasutades \u00e4ra tehnilist talenti ja rakendades professionaalseid testimiss\u00fcsteeme. Meie tugev tootmisplatvorm on loodud vastama klientide mitmekesistele vajadustele, tagades suure efektiivsuse, t\u00e4psuse ja kvaliteedi. Meie teenused h\u00f5lmavad kohandatud h\u00fcdrauliliste silindrite lahendusi, mis sobivad konkreetsetele rakendustele ja mida toetavad rahvusvahelised sertifikaadid, mis tagavad t\u00f6\u00f6kindluse ja ohutuse.<\/p>\n<p>Oleme uhked oma m\u00fc\u00fcgij\u00e4rgse toe \u00fcle, pakkudes hooldus-, remondi- ja asendusteenuseid, et tagada meie klientidele minimaalne seisakuaeg ja maksimaalne rahulolu.<\/p>\n<p><img decoding=\"async\" src=\"https:\/\/www.hydraulic-cylinders.net\/wp-content\/uploads\/2025\/04\/songte-company-4.webp\" alt=\"Ettev\u00f5tte \u00fclevaade\" \/><br \/>\n<img decoding=\"async\" src=\"https:\/\/www.hydraulic-cylinders.net\/wp-content\/uploads\/2025\/04\/songte-company-3.webp\" alt=\"Tootmisprotsess\" \/><\/p>\n<p>Autor: lyl<\/p>","protected":false},"excerpt":{"rendered":"<p>Boom Cylinder For Doosan Large Excavator DH330-3 Overview of the Bucket Cylinder The Boom Cylinder for Doosan Large Excavator DH330-3 is a critical component in the hydraulic system of heavy machinery. This hydraulic cylinder is designed specifically to control the movement of the bucket in various heavy equipment, such as excavators, backhoe loaders, and front [&hellip;]<\/p>","protected":false},"featured_media":17876,"comment_status":"open","ping_status":"closed","template":"","meta":{"_et_pb_use_builder":"","_et_pb_old_content":"","_et_gb_content_width":""},"product_brand":[],"product_cat":[1546],"product_tag":[1547,1496],"class_list":{"0":"post-19009","1":"product","2":"type-product","3":"status-publish","4":"has-post-thumbnail","6":"product_cat-boom-cylinders","7":"product_tag-boom-cylinders","8":"product_tag-hydraulic-cylinders","10":"first","11":"instock","12":"shipping-taxable","13":"product-type-simple"},"amp_enabled":true,"_links":{"self":[{"href":"https:\/\/www.hydraulic-cylinders.net\/et\/wp-json\/wp\/v2\/product\/19009","targetHints":{"allow":["GET"]}}],"collection":[{"href":"https:\/\/www.hydraulic-cylinders.net\/et\/wp-json\/wp\/v2\/product"}],"about":[{"href":"https:\/\/www.hydraulic-cylinders.net\/et\/wp-json\/wp\/v2\/types\/product"}],"replies":[{"embeddable":true,"href":"https:\/\/www.hydraulic-cylinders.net\/et\/wp-json\/wp\/v2\/comments?post=19009"}],"wp:featuredmedia":[{"embeddable":true,"href":"https:\/\/www.hydraulic-cylinders.net\/et\/wp-json\/wp\/v2\/media\/17876"}],"wp:attachment":[{"href":"https:\/\/www.hydraulic-cylinders.net\/et\/wp-json\/wp\/v2\/media?parent=19009"}],"wp:term":[{"taxonomy":"product_brand","embeddable":true,"href":"https:\/\/www.hydraulic-cylinders.net\/et\/wp-json\/wp\/v2\/product_brand?post=19009"},{"taxonomy":"product_cat","embeddable":true,"href":"https:\/\/www.hydraulic-cylinders.net\/et\/wp-json\/wp\/v2\/product_cat?post=19009"},{"taxonomy":"product_tag","embeddable":true,"href":"https:\/\/www.hydraulic-cylinders.net\/et\/wp-json\/wp\/v2\/product_tag?post=19009"}],"curies":[{"name":"wp","href":"https:\/\/api.w.org\/{rel}","templated":true}]}}