{"id":19010,"date":"2025-04-07T06:06:57","date_gmt":"2025-04-07T06:06:57","guid":{"rendered":"https:\/\/www.hydraulic-cylinders.net\/product\/boom-cylinder-for-doosan-large-excavator-d370l-9\/"},"modified":"2025-04-07T06:07:00","modified_gmt":"2025-04-07T06:07:00","slug":"boom-cylinder-for-doosan-large-excavator-d370l-9","status":"publish","type":"product","link":"https:\/\/www.hydraulic-cylinders.net\/et\/toode\/boom-cylinder-for-doosan-large-excavator-d370l-9\/","title":{"rendered":"Doosani suure ekskavaatori D370L-9 poomi silinder"},"content":{"rendered":"<h1>Doosani suure ekskavaatori D370L-9 poomi silinder<\/h1>\n<h2>Toote \u00fclevaade<\/h2>\n<p>Noole silinder on spetsiaalne h\u00fcdrauliline silinder, mis on oluline kopa liikumise juhtimiseks erinevates rasketes masinates, sealhulgas ekskavaatorites, laadurites ja esilaadurites. See v\u00f5imaldab kopal t\u00f5sta, langetada ja kallutada, h\u00f5lbustades materjalide k\u00e4itlemise \u00fclesandeid t\u00f5husalt. Kopa silinder on h\u00fcdraulikas\u00fcsteemide oluline komponent, kuna see teisendab h\u00fcdraulilise r\u00f5hu mehaaniliseks liikumiseks, v\u00f5imaldades operaatoritel keerulisi \u00fclesandeid t\u00e4pselt t\u00e4ita.<\/p>\n<p><img decoding=\"async\" src=\"https:\/\/www.hydraulic-cylinders.net\/wp-content\/uploads\/2025\/04\/songte-company-1.webp\" alt=\"Poomi silindri \u00fclevaade\" \/><\/p>\n<h3>Peamised omadused<\/h3>\n<ul>\n<li><strong>Suur tugevus ja vastupidavus:<\/strong> Tavaliselt \u00fclitugevast terasest v\u00f5i alumiiniumist valmistatud poomi silinder talub k\u00f5rget r\u00f5hku ja suuri koormusi, olles loodud t\u00f6\u00f6tama karmides t\u00f6\u00f6keskkondades, tagades pikaealisuse kulumiskindluse ja korrosioonikaitse kaudu.<\/li>\n<li><strong>T\u00f5hus h\u00fcdrauliline t\u00f6\u00f6:<\/strong> Kasutades h\u00fcdraulika\u00f5li r\u00f5hku sujuvate pikendus- ja tagasit\u00f5mbamisliigutuste jaoks, reageerib silinder kiiresti juhtimisk\u00e4sklustele, pakkudes v\u00f5imsaid t\u00f5uke- ja t\u00f5mbej\u00f5ude, mis sobivad raskete materjalide ja keerukate \u00fclesannete k\u00e4sitsemiseks.<\/li>\n<li><strong>Erinevad t\u00fc\u00fcbid:<\/strong> Saadaval \u00fchetoimelise (h\u00fcdraulilise r\u00f5hu kasutamine \u00fches suunas) v\u00f5i kahetoimelise (h\u00fcdraulilise r\u00f5hu kasutamine m\u00f5lemas suunas) konfiguratsioonina, et see vastaks erinevatele t\u00f6\u00f6vajadustele. Teatud mudelid on teleskoopilised, mis v\u00f5imaldab suuremat ulatust ilma v\u00e4lism\u00f5\u00f5tmeid suurendamata, mis sobib ideaalselt ruumipiirangutega rakenduste jaoks.<\/li>\n<li><strong>Kohandatud tootmine:<\/strong> Me suudame seda toodet toota, garanteerides ideaalse asendamise erinevate masinate h\u00fcdrauliliste silindrite jaoks.<\/li>\n<li><strong>Rakenduse mitmek\u00fclgsus:<\/strong> Sobib mitmeteks rakendusteks erinevates t\u00f6\u00f6stusharudes, suurendades tegevuse efektiivsust.<\/li>\n<\/ul>\n<p><img decoding=\"async\" src=\"https:\/\/www.hydraulic-cylinders.net\/wp-content\/uploads\/2025\/04\/songte-cylinder-head-with-all-kinds-excavator-models.webp\" alt=\"Kohandatud poomi silindrid\" \/><\/p>\n<h2>Rakendused<\/h2>\n<h3>Ehitustehnika<\/h3>\n<p>Ekskavaatorites on noolesilindrid \u00fcliolulised kaevamiseks, laadimiseks ja mulla v\u00f5i prahi teisaldamiseks. Need abistavad ekskavaatorlaadurite kaevamis- ja t\u00f5stefunktsioone, muutes need ehitusplatsidel asendamatuks.<\/p>\n<h3>P\u00f5llumajandustehnika<\/h3>\n<p>Esilaadurites kasutatakse noolesilindreid mulla, heina ja muude materjalide t\u00f5husaks kopeerimiseks, t\u00f5stmiseks ja transportimiseks. Nende vastupidav konstruktsioon v\u00f5imaldab p\u00f5llumajandust\u00f6\u00f6de t\u00f5husat k\u00e4sitsemist, aidates kaasa tootlikkuse suurenemisele.<\/p>\n<h3>Ekskavaatorid<\/h3>\n<p>Ekskavaatorites v\u00f5imaldab noole silinder kopal maasse tungida, h\u00f5lbustades t\u00f5husaid kaevamist\u00f6id. See funktsioon on kriitilise t\u00e4htsusega erinevates rakendustes, alates haljastusest kuni raskete ehitust\u00f6\u00f6deni.<\/p>\n<h3>Laadurid<\/h3>\n<p>Esilaaduritel aitavad noolesilindrid materjale t\u00f5husalt t\u00f5sta ja t\u00fchjendada. Nende konstruktsioon toetab raskete koormate liigutamist, tagades sujuva t\u00f6\u00f6 materjalide k\u00e4itlemisel.<\/p>\n<h2>Projekteerimiskaalutlused ja valikukriteeriumid<\/h2>\n<h3>Kandev\u00f5ime<\/h3>\n<p>Noole silindri valimisel on kandev\u00f5ime \u00fcks olulisemaid tegureid. Silinder peab kandma teisaldatavate materjalide raskust ilma purunemisohuta. Tootjad esitavad spetsifikatsioonid, mis aitavad kasutajatel valida sobiva silindri, l\u00e4htudes koormate raskusest, mida see k\u00e4sitseb.<\/p>\n<h3>Tihendi terviklikkus<\/h3>\n<p>Tihenduss\u00fcsteem on \u00fclioluline h\u00fcdraulikavedeliku lekete v\u00e4ltimiseks, mis v\u00f5ivad p\u00f5hjustada s\u00fcsteemi ebaefektiivsust ja v\u00f5imalikke kahjustusi. Kvaliteetsed tihendid, mis on valmistatud vastupidavatest materjalidest, n\u00e4iteks pol\u00fcuretaanist v\u00f5i nitriilkummist, tagavad pikaealisuse ja t\u00f6\u00f6kindluse, aidates kaasa s\u00fcsteemi \u00fcldisele j\u00f5udlusele.<\/p>\n<h3>Vastupidavus<\/h3>\n<p>Vastupidavus on t\u00f6\u00f6 efektiivsuse seisukohalt \u00fclioluline. H\u00e4sti disainitud silinder peab vastu kulumisele, pakkudes pikemat eluiga ja v\u00e4hendades hoolduskulusid. Materjali kvaliteedi ja konstruktsiooni terviklikkuse regulaarne hindamine on t\u00f6\u00f6n\u00f5uete t\u00e4itmiseks h\u00e4davajalik.<\/p>\n<h3>Turvaelemendid<\/h3>\n<p>H\u00fcdraulilistes s\u00fcsteemides on ohutus esmat\u00e4htis. Poomi silindritel peaksid olema omadused, mis takistavad \u00fclepingumist ja pakuvad h\u00fcdraulika rikke korral ohutusmeetmeid. Regulaarsed ohutusauditid ja t\u00f6\u00f6stusstandardite j\u00e4rgimine suurendavad t\u00f6\u00f6ohutust.<\/p>\n<h3>Hooldatavus<\/h3>\n<p>Seisakuaja minimeerimiseks on oluline hoolduse lihtsus. Valige silindrid, mida on lihtne kontrollida, vahetada ja parandada. H\u00e4sti disainitud silindril on ligip\u00e4\u00e4setavad m\u00e4\u00e4rimispunktid ja selged montaa\u017eijuhised, mis h\u00f5lbustavad rutiinset hooldust.<\/p>\n<p><img decoding=\"async\" src=\"https:\/\/www.hydraulic-cylinders.net\/wp-content\/uploads\/2025\/04\/songte-oil-pipes-and-spare-parts.webp\" alt=\"H\u00fcdraulilise silindri disain\" \/><\/p>\n<h2>Tihendus ja m\u00e4\u00e4rimine<\/h2>\n<p>Poomi silindri efektiivsus s\u00f5ltub suuresti selle tihendus- ja m\u00e4\u00e4rimiss\u00fcsteemidest. H\u00fcdraulilise r\u00f5hu s\u00e4ilitamiseks ja lekete v\u00e4ltimiseks kasutatakse mitmesuguseid tihendeid, sealhulgas kolvi- ja vardatihendeid. Kulumiskindlatest materjalidest, nagu pol\u00fcuretaan ja nitriilkummi, valmistatud tihendid valitakse nende vastupidavuse ja t\u00f5hususe t\u00f5ttu. Silindri korpus ja keermestatud otsad on kulumiskindluse suurendamiseks hoolikalt t\u00f6\u00f6deldud. Sujuva t\u00f6\u00f6 tagamiseks ja h\u00f5\u00f5rdumisest tingitud kulumise v\u00e4ltimiseks on vajalik regulaarne m\u00e4\u00e4rimine sobiva h\u00fcdraulika\u00f5liga.<\/p>\n<h2>Hooldusmeetmed<\/h2>\n<ul>\n<li><strong>Regulaarsed kontrollid:<\/strong> Lekete, kulumise ja kahjustuste regulaarne kontroll on h\u00e4davajalik. Probleemide varajane avastamine aitab v\u00e4ltida suuremaid rikkeid.<\/li>\n<li><strong>Sobiv m\u00e4\u00e4rimine:<\/strong> Veenduge, et silinder on kulumise v\u00e4hendamiseks ja j\u00f5udluse s\u00e4ilitamiseks piisavalt m\u00e4\u00e4ritud kvaliteetse h\u00fcdraulika\u00f5liga.<\/li>\n<li><strong>Tihendite vahetamine:<\/strong> Lekete v\u00e4ltimiseks ja h\u00fcdraulika efektiivsuse s\u00e4ilitamiseks vahetage kulunud v\u00f5i kahjustatud tihendid viivitamatult v\u00e4lja.<\/li>\n<\/ul>\n<h2>Paigaldusjuhised<\/h2>\n<p>Poomi silindri \u00f5ige paigaldamine on optimaalse j\u00f5udluse saavutamiseks \u00fclioluline. Alustage silindri \u00f5igest joondamisest kinnituspunktidega. Kasutage silindri kinnitamiseks sobivaid kinnitusklambreid, et v\u00e4ltida t\u00f6\u00f6tamise ajal valesti joondamist. P\u00f6\u00f6rake t\u00e4helepanu h\u00fcdraulilistele \u00fchendustele, veendudes, et need on tihedalt kinnitatud ja lekkevabad. P\u00e4rast paigaldamist testige silindrit kontrollitud tingimustes, et enne t\u00e4ism\u00f5\u00f5dulist kasutamist kontrollida selle funktsionaalsust.<\/p>\n<h2>Levinumad hooldust\u00f6\u00f6d<\/h2>\n<ul>\n<li><strong>Regulaarsed kontrollid:<\/strong> Kontrollige silindrit lekete v\u00f5i kulumise suhtes. See aitab tuvastada v\u00f5imalikke probleeme enne nende s\u00fcvenemist.<\/li>\n<li><strong>\u00d5ige m\u00e4\u00e4rimine:<\/strong> Silindri sujuva t\u00f6\u00f6 tagamiseks ja selle eluea pikendamiseks kandke regulaarselt \u00f5iget t\u00fc\u00fcpi ja \u00f5iget kogust h\u00fcdraulika\u00f5li.<\/li>\n<li><strong>Tihendite vahetamine:<\/strong> J\u00e4lgige tihendite seisukorda ja vahetage need vastavalt vajadusele, et v\u00e4ltida h\u00fcdraulilise vedeliku kadu ja s\u00e4ilitada s\u00fcsteemi r\u00f5hk.<\/li>\n<\/ul>\n<h2>Ohutuskaalutlused ja keskkonnategurid<\/h2>\n<p>Ohutusmeetmed noolesilindrite kasutamisel on \u00fcliolulised \u00f5nnetuste v\u00e4ltimiseks ja t\u00f5husa t\u00f6\u00f6 tagamiseks. Operaatorid peaksid olema koolitatud ohutu k\u00e4sitsemise protseduuride osas ja regulaarselt hindama oma seadmeid v\u00f5imalike ohtude suhtes. Lisaks on h\u00fcdraulikavedelike n\u00f5uetekohane k\u00f5rvaldamine ja keskkonnan\u00f5uete j\u00e4rgimine olulised, et minimeerida masinate t\u00f6\u00f6 keskkonnam\u00f5ju.<\/p>\n<h2>Rikete diagnoosimine ja levinud probleemid<\/h2>\n<ul>\n<li><strong>Lekkeprobleemid:<\/strong> Tavaliselt p\u00f5hjustatud kulunud tihenditest v\u00f5i kahjustatud voolikutest. Regulaarne kontroll aitab lekkeid varakult tuvastada.<\/li>\n<li><strong>V\u00e4hendatud efektiivsus:<\/strong> Sageli on p\u00f5hjuseks ebapiisav m\u00e4\u00e4rimine v\u00f5i h\u00fcdros\u00fcsteemi saastumine. Regulaarne hooldus aitab s\u00e4ilitada efektiivsust.<\/li>\n<li><strong>M\u00fcra ja vibratsioon:<\/strong> N\u00e4itab v\u00f5imalikke joondamisprobleeme v\u00f5i mehaanilisi rikkeid. Rutiinsed kontrollid ja joondamise reguleerimine aitavad neid probleeme leevendada.<\/li>\n<\/ul>\n<h2>Veaotsingu n\u00e4pun\u00e4ited<\/h2>\n<p>T\u00f5husaks rikete diagnoosimiseks peaksid operaatorid tutvuma levinud probleemide ja nende lahendustega. N\u00e4iteks lekke tuvastamise korral v\u00f5ib probleemi sageli lahendada tihendite ja voolikute kahjustuste kontrollimine. Ennetusmeetmete, n\u00e4iteks regulaarsete hoolduskontrollide rakendamine aitab minimeerida v\u00f5imalikke probleeme, tagades poomi silindri pikaajalise t\u00f6\u00f6kindluse.<\/p>\n<p><img decoding=\"async\" src=\"https:\/\/www.hydraulic-cylinders.net\/wp-content\/uploads\/2025\/04\/songte-bushings-with-all-kinds-of-excavator-models.webp\" alt=\"Poomi silindri t\u00f5rkeotsing\" \/><\/p>\n<h2>Ettev\u00f5tte \u00fclevaade<\/h2>\n<p>Oleme juhtiv h\u00fcdrosilindrite tootja ja hulgim\u00fc\u00fcja, mis on spetsialiseerunud kvaliteetsetele varuosadele. Meie lai tootevalik asetab meid nii sise- kui ka rahvusvahelistel turgudel tippkonkurendiks. Peame kinni tippkvaliteedist ja kasutame t\u00e4iustatud tootmisjuhtimise strateegiat. Meie t\u00f6\u00f6kojad on varustatud tipptehnoloogiaga ning me t\u00e4iustame pidevalt oma tootmiskvaliteeti kvalifitseeritud personali, digitaalsete tootmisseadmete ja professionaalsete testimiss\u00fcsteemide abil. T\u00e4nu tugevale innovatsiooniv\u00f5imele seame esikohale efektiivsuse, t\u00e4psuse ja k\u00f5rge kvaliteedi, et rahuldada klientide mitmekesiseid vajadusi.<\/p>\n<p><img decoding=\"async\" src=\"https:\/\/www.hydraulic-cylinders.net\/wp-content\/uploads\/2025\/04\/songte-company-4.webp\" alt=\"Meie ettev\u00f5te\" \/><br \/>\n<img decoding=\"async\" src=\"https:\/\/www.hydraulic-cylinders.net\/wp-content\/uploads\/2025\/04\/songte-company-3.webp\" alt=\"Tootmise tipptase\" \/><\/p>\n<p>Autor: lyl<\/p>","protected":false},"excerpt":{"rendered":"<p>Boom Cylinder For Doosan Large Excavator D370L-9 Product Overview The Boom Cylinder is a specialized hydraulic cylinder essential for controlling the movement of the bucket in various heavy machinery, including excavators, backhoes, and front loaders. It enables the bucket to lift, lower, and tilt, facilitating material handling tasks efficiently. The bucket cylinder is a crucial [&hellip;]<\/p>","protected":false},"featured_media":17877,"comment_status":"open","ping_status":"closed","template":"","meta":{"_et_pb_use_builder":"","_et_pb_old_content":"","_et_gb_content_width":""},"product_brand":[],"product_cat":[1546],"product_tag":[1547,1496],"class_list":{"0":"post-19010","1":"product","2":"type-product","3":"status-publish","4":"has-post-thumbnail","6":"product_cat-boom-cylinders","7":"product_tag-boom-cylinders","8":"product_tag-hydraulic-cylinders","10":"first","11":"instock","12":"shipping-taxable","13":"product-type-simple"},"amp_enabled":true,"_links":{"self":[{"href":"https:\/\/www.hydraulic-cylinders.net\/et\/wp-json\/wp\/v2\/product\/19010","targetHints":{"allow":["GET"]}}],"collection":[{"href":"https:\/\/www.hydraulic-cylinders.net\/et\/wp-json\/wp\/v2\/product"}],"about":[{"href":"https:\/\/www.hydraulic-cylinders.net\/et\/wp-json\/wp\/v2\/types\/product"}],"replies":[{"embeddable":true,"href":"https:\/\/www.hydraulic-cylinders.net\/et\/wp-json\/wp\/v2\/comments?post=19010"}],"wp:featuredmedia":[{"embeddable":true,"href":"https:\/\/www.hydraulic-cylinders.net\/et\/wp-json\/wp\/v2\/media\/17877"}],"wp:attachment":[{"href":"https:\/\/www.hydraulic-cylinders.net\/et\/wp-json\/wp\/v2\/media?parent=19010"}],"wp:term":[{"taxonomy":"product_brand","embeddable":true,"href":"https:\/\/www.hydraulic-cylinders.net\/et\/wp-json\/wp\/v2\/product_brand?post=19010"},{"taxonomy":"product_cat","embeddable":true,"href":"https:\/\/www.hydraulic-cylinders.net\/et\/wp-json\/wp\/v2\/product_cat?post=19010"},{"taxonomy":"product_tag","embeddable":true,"href":"https:\/\/www.hydraulic-cylinders.net\/et\/wp-json\/wp\/v2\/product_tag?post=19010"}],"curies":[{"name":"wp","href":"https:\/\/api.w.org\/{rel}","templated":true}]}}