{"id":19015,"date":"2025-04-07T06:07:12","date_gmt":"2025-04-07T06:07:12","guid":{"rendered":"https:\/\/www.hydraulic-cylinders.net\/product\/boom-cylinder-for-doosan-large-excavator-dh420lc-7\/"},"modified":"2025-04-07T06:07:16","modified_gmt":"2025-04-07T06:07:16","slug":"boom-cylinder-for-doosan-large-excavator-dh420lc-7","status":"publish","type":"product","link":"https:\/\/www.hydraulic-cylinders.net\/et\/toode\/boom-cylinder-for-doosan-large-excavator-dh420lc-7\/","title":{"rendered":"Doosani suure ekskavaatori DH420LC-7 poomi silinder"},"content":{"rendered":"<h1>Doosani suure ekskavaatori DH420LC-7 poomi silinder<\/h1>\n<h2>Poomi silindri m\u00f5istmine<\/h2>\n<p>Noole silinder on h\u00fcdrauliline komponent, mis on spetsiaalselt loodud kopa liikumise juhtimiseks erinevates rasketes masinates, sealhulgas ekskavaatorites, laadur-ekskavaatorites ja esilaadurites. See oluline h\u00fcdrauliline silinder v\u00f5imaldab kopal t\u00f5sta, langetada ja kallutada, h\u00f5lbustades t\u00f5husaid materjalik\u00e4itlust\u00f6id. Noole silinder on h\u00fcdraulikas\u00fcsteemides \u00fclioluline, kuna see muundab h\u00fcdraulilise r\u00f5hu mehaaniliseks j\u00f5uks, v\u00f5imaldades operaatoritel t\u00f5husalt teostada mitmesuguseid kaevamis- ja t\u00f5stet\u00f6id.<\/p>\n<p><img decoding=\"async\" src=\"https:\/\/www.hydraulic-cylinders.net\/wp-content\/uploads\/2025\/04\/songte-company-1.webp\" alt=\"Poomi silinder\"><\/p>\n<h2>Poomi silindri omadused<\/h2>\n<ul>\n<li>\n<h3>Suur tugevus ja vastupidavus<\/h3>\n<p>Tavaliselt \u00fclitugevast terasest v\u00f5i alumiiniumist valmistatud poomi silinder on konstrueeritud taluma k\u00f5rget r\u00f5hku ja suuri koormusi, mist\u00f5ttu sobib see karmidesse t\u00f6\u00f6keskkondadesse. Selle disain r\u00f5hutab kulumiskindlust ja korrosioonikaitset, pikendades selle t\u00f6\u00f6iga.<\/p>\n<\/li>\n<li>\n<h3>T\u00f5hus h\u00fcdrauliline t\u00f6\u00f6<\/h3>\n<p>Poomi silinder kasutab sujuva pikenduse ja tagasit\u00f5mbamise saavutamiseks h\u00fcdraulika\u00f5li r\u00f5hku, mis tagab kiire reageerimise juhtimisk\u00e4sklustele ja v\u00f5imsa t\u00f5uke- ja t\u00f5mbej\u00f5u, mis sobib ideaalselt raskete materjalide k\u00e4sitsemiseks ja keerukate t\u00f6\u00f6de tegemiseks.<\/p>\n<\/li>\n<li>\n<h3>Mitmekesised t\u00fc\u00fcbid<\/h3>\n<p>Saadaval \u00fchetoimelise (h\u00fcdrauliline \u00fches suunas) v\u00f5i kahetoimelise (h\u00fcdrauliline m\u00f5lemas suunas) konfiguratsioonina saab poomi silindrit kohandada vastavalt konkreetsetele t\u00f6\u00f6vajadustele. M\u00f5nedel mudelitel on teleskoopkonstruktsioon, mis v\u00f5imaldab suuremat pikendust ilma v\u00e4lism\u00f5\u00f5tmeid suurendamata, mis sobib ideaalselt piiratud ruumiga rakenduste jaoks.<\/p>\n<\/li>\n<\/ul>\n<p>Meie ettev\u00f5te toodab seda toodet ja meie silindrid saavad neid h\u00fcdraulilisi silindreid ideaalselt asendada.<\/p>\n<p><img decoding=\"async\" src=\"https:\/\/www.hydraulic-cylinders.net\/wp-content\/uploads\/2025\/04\/songte-cylinder-head-with-all-kinds-excavator-models.webp\" alt=\"H\u00fcdrauliline silinder\"><\/p>\n<h2>Poomi silindri rakendused<\/h2>\n<ul>\n<li>\n<h3>Ehitustehnika<\/h3>\n<p>Ekskavaatorites on noolesilindrid olulised kaevamiseks, laadimiseks ja pinnase v\u00f5i prahi teisaldamiseks. Need annavad vajaliku j\u00f5u pinnasesse tungimiseks, v\u00f5imaldades t\u00f5husat kaevamist. Ekskavaatoritel abistab noolesilinder nii kaevamisel kui ka t\u00f5stmisel, v\u00f5imaldades mitmek\u00fclgset kasutamist ehitusplatsidel.<\/p>\n<\/li>\n<li>\n<h3>P\u00f5llumajandustehnika<\/h3>\n<p>Esilaadurid kasutavad mulla, heina ja muude materjalide kopeerimiseks, t\u00f5stmiseks ja transportimiseks noolesilindreid. Nende h\u00fcdrauliliste silindrite t\u00f5husus v\u00f5imaldab p\u00f5llumeestel kiiresti ja t\u00f5husalt hallata selliseid \u00fclesandeid nagu materjalide laadimine, transportimine ja mahalaadimine, suurendades p\u00f5llumajandust\u00f6\u00f6de tootlikkust.<\/p>\n<\/li>\n<li>\n<h3>Ekskavaatorid<\/h3>\n<p>Ekskavaatorites v\u00f5imaldab noole silinder kopal pinnasesse tungida, h\u00f5lbustades mitmesuguste projektide jaoks vajalikku kaevamistoimingut. Need silindrid on lahutamatu osa, et tagada ekskavaatori p\u00f5hifunktsioonide t\u00f5hus ja tulemuslik t\u00e4itmine.<\/p>\n<\/li>\n<li>\n<h3>Laadurid<\/h3>\n<p>Esilaadurites aitavad noolesilindrid koormaid t\u00f5husalt t\u00f5sta ja t\u00fchjendada. Kopa t\u00f5stmise ja langetamise v\u00f5imalus annab operaatoritele paindlikkuse materjalide teisaldamiseks ja \u00fclesannete t\u00f5husaks t\u00e4itmiseks, n\u00e4iteks veoautode laadimiseks v\u00f5i materjalide jaotamiseks kohapeal.<\/p>\n<\/li>\n<\/ul>\n<h2>Projekteerimiskaalutlused ja valikukriteeriumid<\/h2>\n<ul>\n<li>\n<h3>Kandev\u00f5ime<\/h3>\n<p>Noole silindri projekteerimisel on oluline arvestada selle kandev\u00f5imega. Silinder peab suutma taluda maksimaalset raskust, millega see t\u00f6\u00f6tamise ajal kokku puutub. See h\u00f5lmab sobivate materjalide ja m\u00f5\u00f5tmete valimist, et tagada selle vastupidavus deformeerumise v\u00f5i purunemiseta.<\/p>\n<\/li>\n<li>\n<h3>Tihendus<\/h3>\n<p>T\u00f5hus tihendus on h\u00fcdraulilise vedeliku lekete v\u00e4ltimiseks ja s\u00fcsteemi optimaalse r\u00f5hu s\u00e4ilitamiseks \u00fclioluline. Vastupidavuse ja j\u00f5udluse tagamiseks tuleks valida kvaliteetsed tihendid, n\u00e4iteks kolvi- ja varrastihendid. Nende tihendite regulaarne hooldus on vajalik silindri eluea pikendamiseks.<\/p>\n<\/li>\n<li>\n<h3>Vastupidavus<\/h3>\n<p>Poomi silinder peab olema konstrueeritud pikaealiseks, eriti n\u00f5udlikes keskkondades, kus kulumine on tavaline. See v\u00f5ib h\u00f5lmata spetsiaalsete katete v\u00f5i t\u00f6\u00f6tluste kasutamist, et suurendada vastupidavust h\u00f5\u00f5rdumisele ja s\u00f6\u00f6vitavatele elementidele, tagades, et silinder peab aja jooksul vastu karmidele tingimustele.<\/p>\n<\/li>\n<li>\n<h3>Ohutus<\/h3>\n<p>Poomi silindri konstruktsiooni tuleks integreerida ohutusfunktsioonid, et kaitsta nii seadet kui ka operaatorit. See v\u00f5ib h\u00f5lmata r\u00f5hualandusventiile ja rikkeohutusmehhanisme, et v\u00e4ltida katastroofilisi rikkeid t\u00f6\u00f6tamise ajal, tagades seadmete ohutu t\u00f6\u00f6tamise erinevates tingimustes.<\/p>\n<\/li>\n<li>\n<h3>Hooldus<\/h3>\n<p>Hoolduse lihtsustamine on \u00fclioluline, kuna regulaarsed kontrollid ja remondid pikendavad ballooni eluiga ja j\u00f5udlust. Kiireid kontrolle ja remonte h\u00f5lbustavad funktsioonid v\u00f5ivad minimeerida seisakuid, tagades seadmete t\u00f6\u00f6korras p\u00fcsimise vajaduse korral.<\/p>\n<\/li>\n<\/ul>\n<p><img decoding=\"async\" src=\"https:\/\/www.hydraulic-cylinders.net\/wp-content\/uploads\/2025\/04\/songte-oil-pipes-and-spare-parts.webp\" alt=\"H\u00fcdrauliliste silindrite varuosad\"><\/p>\n<h2>H\u00fcdraulilise silindri tihendamine ja m\u00e4\u00e4rimine<\/h2>\n<p>Poomi silindri j\u00f5udlus ja t\u00f6\u00f6kindlus s\u00f5ltuvad suuresti selle tihendus- ja m\u00e4\u00e4rimiss\u00fcsteemidest. Erinevad tihendid, n\u00e4iteks kolvi- ja varrastihendid, m\u00e4ngivad olulist rolli h\u00fcdraulikavedeliku hoidmisel ja lekete v\u00e4ltimisel. Tihendite jaoks kasutatakse sageli selliseid materjale nagu pol\u00fcuretaan ja nitriilkummi nende kulumiskindluse ja vastupidavuse t\u00f5ttu. Lisaks tuleb silindri korpust ja keermestatud otsapindu kulumiskindluse suurendamiseks peent\u00f6\u00f6delda. Regulaarne m\u00e4\u00e4rimine piisava koguse h\u00fcdraulika\u00f5liga on h\u00e4davajalik sujuva t\u00f6\u00f6 s\u00e4ilitamiseks ja silindri sisepindade liigse kulumise v\u00e4ltimiseks.<\/p>\n<h2>Ennetavad hooldusmeetmed<\/h2>\n<ul>\n<li>\n<h3>Regulaarsed kontrollid<\/h3>\n<p>Regulaarsete kontrollide tegemine on kriitilise t\u00e4htsusega, et tuvastada potentsiaalsed probleemid enne, kui need t\u00f5siseks muutuvad. See h\u00f5lmab kulumisj\u00e4lgede ja lekete kontrollimist ning k\u00f5igi \u00fchenduste kindluse tagamist. Hooldusp\u00e4eviku pidamine aitab ballooni seisukorda aja jooksul j\u00e4lgida.<\/p>\n<\/li>\n<li>\n<h3>M\u00e4\u00e4rimine<\/h3>\n<p>Silindri n\u00f5uetekohane m\u00e4\u00e4rimine on sujuva t\u00f6\u00f6 tagamiseks h\u00e4davajalik. Operaatorid peaksid j\u00e4rgima tootja soovitusi kasutatava h\u00fcdraulika\u00f5li t\u00fc\u00fcbi ja koguse kohta. Ebapiisav m\u00e4\u00e4rimine v\u00f5ib suurendada h\u00f5\u00f5rdumist ja kulumist, mis l\u00f5ppkokkuv\u00f5ttes v\u00e4hendab silindri eluiga.<\/p>\n<\/li>\n<li>\n<h3>Tihendi vahetamine<\/h3>\n<p>Tihendid kuluvad ja neid tuleks lekete v\u00e4ltimiseks ja h\u00fcdraulika efektiivsuse s\u00e4ilitamiseks perioodiliselt vahetada. Tihendite regulaarne kontrollimine kahjustuste v\u00f5i kulumise suhtes aitab tagada nende \u00f5igeaegse vahetamise, s\u00e4ilitades poomi silindri optimaalse j\u00f5udluse.<\/p>\n<\/li>\n<\/ul>\n<h2>Paigaldusjuhised<\/h2>\n<p>Poomi silindri \u00f5ige paigaldamine on optimaalse t\u00f6\u00f6 tagamiseks \u00fclioluline. Esiteks veenduge, et kinnituspinnad on puhtad ja prahist vabad. Silindri \u00f5ige joondamine on \u00fclioluline; vale joondamine v\u00f5ib p\u00f5hjustada enneaegset kulumist v\u00f5i riket. Silindri kinnitamiseks on soovitatav kasutada sobivaid kinnitusklambreid. Lisaks j\u00e4rgige k\u00f5igi kinnitusdetailide p\u00f6\u00f6rdemomendi s\u00e4tete tootja spetsifikatsioone. P\u00e4rast paigaldamist on oluline enne t\u00e4ielikku t\u00f6\u00f6tamist s\u00fcsteemi madala r\u00f5hu all testida, et veenduda, et k\u00f5ik toimib \u00f5igesti. Kontrollige regulaarselt lekkeid ja j\u00e4lgige silindri t\u00f6\u00f6d, et see p\u00fcsiks optimaalses seisukorras.<\/p>\n<h2>Levinumad hooldust\u00f6\u00f6d<\/h2>\n<ul>\n<li>\n<h3>Regulaarsed kontrollid<\/h3>\n<p>Poomi silindri regulaarne kontrollimine on oluline kulumise ja v\u00f5imalike probleemide varajaseks tuvastamiseks. Operaatorid peaksid t\u00f6\u00f6tamise ajal otsima lekete, kahjustuste v\u00f5i ebatavaliste helide m\u00e4rke. Kontrollnimekirja pidamine kontrollide jaoks aitab tagada, et midagi ei j\u00e4\u00e4ks t\u00e4helepanuta.<\/p>\n<\/li>\n<li>\n<h3>\u00d5ige m\u00e4\u00e4rimine<\/h3>\n<p>\u00d5ige t\u00fc\u00fcpi h\u00fcdraulika\u00f5li kasutamine ja silindri piisav m\u00e4\u00e4rimine aitavad v\u00e4hendada kulumist ja pikendada selle eluiga. Operaatorid peaksid optimaalse j\u00f5udluse s\u00e4ilitamiseks tutvuma tootja soovitatud m\u00e4\u00e4rimisgraafikuga.<\/p>\n<\/li>\n<li>\n<h3>Tihendi vahetamine ja kalibreerimine<\/h3>\n<p>Kulunud tihendite regulaarne vahetamine on lekete v\u00e4ltimiseks \u00fclioluline. Operaatorid peaksid silindrit ka kalibreerima, et tagada selle toimimine etten\u00e4htud parameetrite piires. See v\u00f5ib h\u00f5lmata h\u00fcdraulilise r\u00f5hu s\u00e4tete reguleerimist ja k\u00f5igi komponentide korrektse t\u00f6\u00f6 kontrollimist.<\/p>\n<\/li>\n<\/ul>\n<p><img decoding=\"async\" src=\"https:\/\/www.hydraulic-cylinders.net\/wp-content\/uploads\/2025\/04\/songte-chushion-collar.webp\" alt=\"Padjakaelus\"><\/p>\n<h2>Ohutuskaalutlused ja keskkonnategurid<\/h2>\n<p>H\u00fcdrauliliste silindrite kasutamisel on ohutusmeetmete j\u00e4rgimine \u00fclioluline. Operaatorid peaksid olema koolitatud h\u00fcdrauliliste s\u00fcsteemide n\u00f5uetekohaseks k\u00e4sitsemiseks ja kasutamiseks, et v\u00e4ltida \u00f5nnetusi. K\u00f5igi kaitsevahendite olemasolu ja toimimine aitab minimeerida vigastuste ohtu t\u00f6\u00f6tamise ajal. Lisaks on h\u00fcdrauliliste vedelike ja komponentide n\u00f5uetekohane utiliseerimine keskkonnam\u00f5ju v\u00e4hendamiseks oluline. Ohtlike materjalide kohalike eeskirjade j\u00e4rgimine aitab s\u00e4ilitada vastavust n\u00f5uetele ja kaitsta keskkonda.<\/p>\n<h2>Rikete diagnoosimine ja levinud probleemid<\/h2>\n<ul>\n<li>\n<h3>Lekkeprobleemid<\/h3>\n<p>Leke on levinud probleem, mis v\u00f5ib tekkida kulunud tihenditest v\u00f5i liitmikest. Kui h\u00fcdraulikavedelik lekib, on oluline kontrollida tihendi terviklikkust ja \u00fchendusi. Lekke allika \u00f5igeaegne tuvastamine aitab v\u00e4ltida edasisi kahjustusi ja s\u00e4ilitada h\u00fcdraulika efektiivsust.<\/p>\n<\/li>\n<li>\n<h3>V\u00e4hendatud j\u00f5udlus<\/h3>\n<p>Kui poomi silinder ei t\u00f6\u00f6ta ootusp\u00e4raselt, v\u00f5ib see olla tingitud madalast h\u00fcdraulikavedeliku tasemest, s\u00fcsteemis olevast \u00f5hust v\u00f5i mehaanilisest kahjustusest. H\u00fcdraulikavedeliku taseme kontrollimine ja s\u00fcsteemist \u00f5hu eemaldamine on j\u00f5udlusprobleemide diagnoosimise esimesed kriitilised sammud.<\/p>\n<\/li>\n<li>\n<h3>M\u00fcrane t\u00f6\u00f6<\/h3>\n<p>Ebatavalised helid t\u00f6\u00f6tamise ajal v\u00f5ivad viidata sisemisele kulumisele v\u00f5i \u00f5hule h\u00fcdraulikavedelikus. Oluline on m\u00fcra allikas kohe uurida, kuna see v\u00f5ib viidata silindri hoolduse v\u00f5i v\u00e4ljavahetamise vajadusele.<\/p>\n<\/li>\n<\/ul>\n<p>Nende levinud probleemide kiire ja t\u00f5husa lahendamisega saavad operaatorid s\u00e4ilitada poomi silindri optimaalse j\u00f5udluse ja v\u00e4ltida kulukaid seisakuid.<\/p>\n<p><img decoding=\"async\" src=\"https:\/\/www.hydraulic-cylinders.net\/wp-content\/uploads\/2025\/04\/songte-bushings-with-all-kinds-of-excavator-models.webp\" alt=\"Ekskavaatorite puksid\"><\/p>\n<h2>Ettev\u00f5tte \u00fclevaade<\/h2>\n<p>Oleme juhtiv asendush\u00fcdrauliliste silindrite tootja, mille lai tootevalik positsioneerib meid nii sise- kui ka rahvusvahelistel turgudel tipptarnijana. Meie p\u00fchendumust tippkvaliteedile toetab keerukas tootmisjuhtimise strateegia. Kasutame oskuslikke tehnikuid, tipptasemel digitaalseid tootmisseadmeid ja spetsiaalseid testimiss\u00fcsteeme oma tootmisv\u00f5imaluste t\u00e4iustamiseks. Oma tootmisprotsesside pideva t\u00e4iustamise abil tagame k\u00f5rge efektiivsuse, t\u00e4psuse ja kvaliteedi, et rahuldada oma klientide mitmekesiseid vajadusi.<\/p>\n<p>Meie ettev\u00f5te on p\u00fchendunud professionaalsele teenindusele ning omab rahvusvahelisi sertifikaate kvaliteedi ja usaldusv\u00e4\u00e4rsuse tagamiseks. Pakume kohandatud lahendusi, et rahuldada klientide ainulaadseid vajadusi, mida toetab tugev m\u00fc\u00fcgij\u00e4rgne tugi rahulolu ja j\u00e4tkuva tegevuse edu tagamiseks.<\/p>\n<p><img decoding=\"async\" src=\"https:\/\/www.hydraulic-cylinders.net\/wp-content\/uploads\/2025\/04\/songte-company-4.webp\" alt=\"Ettev\u00f5tte \u00fclevaade\"><br \/>\n<img decoding=\"async\" src=\"https:\/\/www.hydraulic-cylinders.net\/wp-content\/uploads\/2025\/04\/songte-company-3.webp\" alt=\"Ettev\u00f5tte tootmine\"><\/p>\n<p>Autor: lyl<\/p>","protected":false},"excerpt":{"rendered":"<p>Boom Cylinder For Doosan Large Excavator DH420LC-7 Understanding the Boom Cylinder The boom cylinder is a hydraulic component specifically designed to control the movement of the bucket in various heavy machinery, including excavators, backhoe loaders, and front-end loaders. This vital hydraulic cylinder enables the bucket to lift, lower, and tilt, facilitating efficient material handling tasks. [&hellip;]<\/p>","protected":false},"featured_media":17867,"comment_status":"open","ping_status":"closed","template":"","meta":{"_et_pb_use_builder":"","_et_pb_old_content":"","_et_gb_content_width":""},"product_brand":[],"product_cat":[1546],"product_tag":[1547,1496],"class_list":{"0":"post-19015","1":"product","2":"type-product","3":"status-publish","4":"has-post-thumbnail","6":"product_cat-boom-cylinders","7":"product_tag-boom-cylinders","8":"product_tag-hydraulic-cylinders","10":"first","11":"instock","12":"shipping-taxable","13":"product-type-simple"},"amp_enabled":true,"_links":{"self":[{"href":"https:\/\/www.hydraulic-cylinders.net\/et\/wp-json\/wp\/v2\/product\/19015","targetHints":{"allow":["GET"]}}],"collection":[{"href":"https:\/\/www.hydraulic-cylinders.net\/et\/wp-json\/wp\/v2\/product"}],"about":[{"href":"https:\/\/www.hydraulic-cylinders.net\/et\/wp-json\/wp\/v2\/types\/product"}],"replies":[{"embeddable":true,"href":"https:\/\/www.hydraulic-cylinders.net\/et\/wp-json\/wp\/v2\/comments?post=19015"}],"wp:featuredmedia":[{"embeddable":true,"href":"https:\/\/www.hydraulic-cylinders.net\/et\/wp-json\/wp\/v2\/media\/17867"}],"wp:attachment":[{"href":"https:\/\/www.hydraulic-cylinders.net\/et\/wp-json\/wp\/v2\/media?parent=19015"}],"wp:term":[{"taxonomy":"product_brand","embeddable":true,"href":"https:\/\/www.hydraulic-cylinders.net\/et\/wp-json\/wp\/v2\/product_brand?post=19015"},{"taxonomy":"product_cat","embeddable":true,"href":"https:\/\/www.hydraulic-cylinders.net\/et\/wp-json\/wp\/v2\/product_cat?post=19015"},{"taxonomy":"product_tag","embeddable":true,"href":"https:\/\/www.hydraulic-cylinders.net\/et\/wp-json\/wp\/v2\/product_tag?post=19015"}],"curies":[{"name":"wp","href":"https:\/\/api.w.org\/{rel}","templated":true}]}}