{"id":19023,"date":"2025-04-07T06:07:38","date_gmt":"2025-04-07T06:07:38","guid":{"rendered":"https:\/\/www.hydraulic-cylinders.net\/product\/boom-cylinder-for-doosan-wheel-excavator-dx60n\/"},"modified":"2025-04-07T06:07:40","modified_gmt":"2025-04-07T06:07:40","slug":"boom-cylinder-for-doosan-wheel-excavator-dx60n","status":"publish","type":"product","link":"https:\/\/www.hydraulic-cylinders.net\/et\/toode\/boom-cylinder-for-doosan-wheel-excavator-dx60n\/","title":{"rendered":"Doosan ratasekskavaatori DX60N poomi silinder"},"content":{"rendered":"<h1>Doosan ratasekskavaatori DX60N poomi silinder<\/h1>\n<h2>Toote \u00fclevaade<\/h2>\n<p>Spetsiaalselt Doosan ratasekskavaatori DX60N jaoks loodud noole silinder on oluline h\u00fcdrauliline komponent, millel on rasketehnika t\u00f6\u00f6s kriitiline roll. See h\u00fcdrauliline silinder vastutab noole liikumise juhtimise eest, v\u00f5imaldades ekskavaatoril t\u00f5husalt t\u00f5sta, langetada ja kallutada. H\u00fcdraulikas\u00fcsteem, mis kasutab liikumise loomiseks survestatud vedelikku, v\u00f5imaldab noolel mitmesuguseid \u00fclesandeid t\u00e4pselt t\u00e4ita, suurendades materjalik\u00e4itlustoimingute \u00fcldist efektiivsust.<\/p>\n<p><img decoding=\"async\" src=\"https:\/\/www.hydraulic-cylinders.net\/wp-content\/uploads\/2025\/04\/songte-company-1.webp\" alt=\"Poomi silinder\"><\/p>\n<h3>Definitsioon ja funktsioon<\/h3>\n<p>Poomi silinder, mis on teatud t\u00fc\u00fcpi h\u00fcdrauliline silinder, on spetsiaalselt loodud poomi liikumise juhtimiseks erinevates rasketes masinates, n\u00e4iteks ekskavaatorites, laadurites ja esilaadurites. See v\u00f5imaldab poomil t\u00f5usta, langetada ja kallutada, h\u00f5lbustades seel\u00e4bi materjalide t\u00f5stmist ja teisaldamist. H\u00fcdraulikas\u00fcsteem v\u00f5imaldab sujuvaid ja kontrollitud liikumisi, mis on olulised selliste \u00fclesannete jaoks nagu kaevamine, laadimine ja materjalide transportimine ehitusplatsidel.<\/p>\n<h2>Poomi silindri omadused<\/h2>\n<ul>\n<li><strong>Suur tugevus ja vastupidavus:<\/strong> K\u00f5rgtugevast terasest v\u00f5i alumiiniumist valmistatud silinder talub k\u00f5rget r\u00f5hku ja suuri koormusi, mist\u00f5ttu sobib see karmidesse t\u00f6\u00f6keskkondadesse.<\/li>\n<li><strong>T\u00f5hus h\u00fcdrauliline t\u00f6\u00f6:<\/strong> Rakendab h\u00fcdraulika\u00f5li r\u00f5hku sujuvaks pikendamiseks ja tagasit\u00f5mbamiseks, pakkudes kiiret reageerimist juhtimisk\u00e4sklustele ning v\u00f5imsaid t\u00f5uke- ja t\u00f5mbej\u00f5ude.<\/li>\n<li><strong>Erinevad t\u00fc\u00fcbid:<\/strong> Saadaval \u00fchetoimelise (t\u00f6\u00f6tab \u00fches suunas) v\u00f5i kahetoimelise (t\u00f6\u00f6tab m\u00f5lemas suunas) konfiguratsioonis, et rahuldada erinevaid t\u00f6\u00f6vajadusi, m\u00f5nedel mudelitel on teleskoopkonstruktsioon suurema ulatuse tagamiseks.<\/li>\n<li><strong>Kohandatavad valikud:<\/strong> Saab kohandada vastavalt konkreetsetele ekskavaatorimudelitele ja t\u00f6\u00f6n\u00f5uetele, tagades optimaalse j\u00f5udluse.<\/li>\n<li><strong>Pikendatud eluiga:<\/strong> Projekteeritud kulumiskindlate ja korrosioonivastaste omadustega, et pikendada kasutusiga ja v\u00e4hendada hooldusvajadust.<\/li>\n<\/ul>\n<p>Me suudame seda toodet toota, asendades ideaalselt olemasolevaid h\u00fcdrosilindreid.<\/p>\n<p><img decoding=\"async\" src=\"https:\/\/www.hydraulic-cylinders.net\/wp-content\/uploads\/2025\/04\/songte-cylinder-head-with-all-kinds-excavator-models.webp\" alt=\"Ekskavaatorite h\u00fcdrauliline silinder\"><\/p>\n<h2>Rakendusstsenaariumid<\/h2>\n<h3>Ehitustehnika<\/h3>\n<p>Ehitusplatsidel on noole silinder ekskavaatorite lahutamatu osa, mis on \u00fclioluline kaevamiseks, laadimiseks ja mulla v\u00f5i prahi teisaldamiseks. Noole t\u00f5hus t\u00f6\u00f6 v\u00f5imaldab ekskavaatoril liikuda keerulisel maastikul ja sooritada t\u00e4pseid liigutusi, suurendades tootlikkust ja ohutust. Ekskavaatoritel ei aita noole silinder mitte ainult kaevamisel, vaid ka materjalide t\u00f5stmisel, muutes selle mitmesuguste ehitust\u00f6\u00f6de jaoks asendamatuks.<\/p>\n<h3>P\u00f5llumajandustehnika<\/h3>\n<p>P\u00f5llumajandusmasinates, n\u00e4iteks esilaadurites, m\u00e4ngib noole silinder olulist rolli mulla, heina ja muude materjalide kopeerimisel, t\u00f5stmisel ja transportimisel. Noole silindri pakutav h\u00fcdrauliline j\u00f5ud v\u00f5imaldab p\u00f5llumeestel raskeid esemeid t\u00f5husalt t\u00f5sta, v\u00e4hendades oluliselt k\u00e4sitsi t\u00f6\u00f6d ja parandades p\u00f5llumajandustegevuse kiirust.<\/p>\n<h3>Ekskavaatorid<\/h3>\n<p>Ekskavaatorid toetuvad kaevamisliigutuste teostamiseks poomi silindrile, mis v\u00f5imaldab kopal t\u00f5husalt pinnasesse tungida. See v\u00f5ime on oluline mitmesuguste rakenduste jaoks, sealhulgas platsi ettevalmistamiseks, haljastuse ja lammutamise jaoks. H\u00fcdraulikas\u00fcsteemi pakutav t\u00e4ppisjuhtimine v\u00f5imaldab operaatoritel keerulisi \u00fclesandeid h\u00f5lpsalt t\u00e4ita.<\/p>\n<h3>Laadurid<\/h3>\n<p>Esilaaduritel aitab noole silinder koormaid t\u00f5husalt t\u00f5sta ja t\u00fchjendada. H\u00fcdrauliline t\u00f6\u00f6 v\u00f5imaldab laaduril t\u00e4ita mitmesuguseid \u00fclesandeid alates puistematerjalide teisaldamisest kuni prahi koristamiseni, mis t\u00f5estab selle mitmek\u00fclgsust ja t\u00f5husust materjali k\u00e4itlemisel.<\/p>\n<h2>Projekteerimiskaalutlused ja valikukriteeriumid<\/h2>\n<h3>Kandev\u00f5ime<\/h3>\n<p>Poomi silindri valimisel on kandev\u00f5ime esmat\u00e4htis. Silinder peab suutma taluda teisaldatavate materjalide maksimaalset raskust, ilma et see kahjustaks ohutust v\u00f5i j\u00f5udlust. Insenerid arvutavad sageli eeldatavad koormused ja arvestavad d\u00fcnaamiliste j\u00f5ududega, et tagada silindri efektiivne toimimine erinevates t\u00f6\u00f6tingimustes.<\/p>\n<h3>Tihendust\u00f5husus<\/h3>\n<p>Tihendus on h\u00fcdraulilise r\u00f5hu s\u00e4ilitamiseks ja lekete v\u00e4ltimiseks \u00fclioluline. H\u00e4sti disainitud silindril on kvaliteetsed tihendid, mis taluvad pideva kasutamise k\u00e4igus tekkivat kulumist. Tihendimaterjalide, n\u00e4iteks pol\u00fcuretaani ja nitriilkummi, valik m\u00e4ngib olulist rolli pikaajalise j\u00f5udluse ja t\u00f6\u00f6kindluse tagamisel.<\/p>\n<h3>Vastupidavus<\/h3>\n<p>Vastupidavus on poomi silindri projekteerimisel v\u00f5tmet\u00e4htsusega. Kasutatavad materjalid peavad olema kulumis-, korrosiooni- ja v\u00e4simuskindlad. K\u00f5rgtugev teras ja t\u00e4iustatud katted v\u00f5ivad pikendada silindri eluiga, muutes selle sobivaks n\u00f5udlikesse keskkondadesse, n\u00e4iteks ehitusplatsidele ja p\u00f5llumajandusp\u00f5ldudele.<\/p>\n<h3>Turvaelemendid<\/h3>\n<p>H\u00fcdrauliliste silindrite projekteerimisel ei tohiks ohutust kunagi ohtu seada. Ohutuselementide, n\u00e4iteks r\u00f5hukaitseventiilide ja rikkeohutusmehhanismide lisamine aitab v\u00e4ltida \u00f5nnetusi ja seadmete rikkeid, tagades operaatori ohutuse igal ajal.<\/p>\n<h3>Hoolduse ligip\u00e4\u00e4setavus<\/h3>\n<p>L\u00f5puks peaks disain v\u00f5imaldama hoolduse lihtsust. Regulaarseid kontrolle, remonti ja osade vahetamist h\u00f5lbustavad omadused on poomi silindri eluea pikendamiseks h\u00e4davajalikud. Ligip\u00e4\u00e4setavus aitab minimeerida seisakuid ja parandada masinate \u00fcldist efektiivsust.<\/p>\n<p><img decoding=\"async\" src=\"https:\/\/www.hydraulic-cylinders.net\/wp-content\/uploads\/2025\/04\/songte-oil-pipes-and-spare-parts.webp\" alt=\"\u00d5litorud ja varuosad\"><\/p>\n<h2>Tihendus ja m\u00e4\u00e4rimine<\/h2>\n<p>H\u00fcdrauliliste silindrite efektiivsus s\u00f5ltub oluliselt sobivate tihendus- ja m\u00e4\u00e4rimistehnikate kasutamisest. H\u00fcdraulilise vedeliku lekete v\u00e4ltimiseks ja t\u00f5husa t\u00f6\u00f6 s\u00e4ilitamiseks kasutatakse mitmesuguseid tihendeid, n\u00e4iteks kolvitihendeid ja varrastihendeid. Vastupidavatest materjalidest, nagu pol\u00fcuretaan ja nitriilkummi, valmistatud tihendid on ideaalsed t\u00e4nu oma kulumiskindlusele ja keskkonnateguritele.<\/p>\n<p>Silindri korpus ja keermestatud otsad on kulumiskindluse suurendamiseks ja pikaajalise j\u00f5udluse tagamiseks hoolikalt t\u00f6\u00f6deldud. H\u00fcdraulikas\u00fcsteemi regulaarne m\u00e4\u00e4rimine on \u00fclioluline; operaatorid peaksid h\u00fcdraulika\u00f5li peale kandma soovitatud intervallidega, et tagada sujuv t\u00f6\u00f6 ja v\u00e4ltida sisemiste komponentide liigset kulumist.<\/p>\n<h2>Regulaarne kontroll ja ennetav hooldus<\/h2>\n<ul>\n<li><strong>Visuaalsed kontrollid:<\/strong> Kontrollige silindrit regulaarselt kulumis-, lekete- v\u00f5i kahjustuste suhtes. Probleemide varajane avastamine aitab v\u00e4ltida kulukaid remondit\u00f6id tulevikus.<\/li>\n<li><strong>M\u00e4\u00e4rimiskontrollid:<\/strong> Veenduge, et h\u00fcdraulika\u00f5li tase on piisav ja \u00f5li on puhas. Saastunud \u00f5li v\u00f5ib p\u00f5hjustada enneaegset kulumist ja rikkeid.<\/li>\n<li><strong>Tihendi seisukord:<\/strong> Kontrollige regulaarselt tihendite seisukorda ja vahetage need vastavalt vajadusele, et s\u00e4ilitada h\u00fcdrauliline efektiivsus ja v\u00e4ltida lekkeid.<\/li>\n<\/ul>\n<h2>N\u00f5uetekohased paigaldusjuhised<\/h2>\n<p>Poomi silindri \u00f5ige paigaldamine on optimaalse j\u00f5udluse tagamiseks kriitilise t\u00e4htsusega. Alustage veendumaks, et kinnituspunktid on puhtad ja prahist vabad. Joondage silinder \u00f5igesti kinnitusklambritega, kasutades paigaldamise ajal selle paigalhoidmiseks sobivaid tugiklambreid. Pingutage k\u00f5ik kinnitusdetailid tootja spetsifikatsioonide j\u00e4rgi, et v\u00e4ltida igasugust liikumist v\u00f5i joondamata j\u00e4tmist t\u00f6\u00f6tamise ajal.<\/p>\n<p>Oluline on veenduda, et k\u00f5ik h\u00fcdraulikavoolikud on korralikult \u00fchendatud ja et lekkeid pole. P\u00e4rast paigaldamist tehke p\u00f5hjalik test, et veenduda silindri sujuvas ja t\u00f5husas t\u00f6\u00f6s ilma ebatavaliste helide v\u00f5i probleemideta.<\/p>\n<h2>Levinumad hooldust\u00f6\u00f6d<\/h2>\n<h3>Regulaarsed kontrollid<\/h3>\n<p>Regulaarsete kontrollide tegemine on poomi silindri toimimise s\u00e4ilitamiseks \u00fclioluline. T\u00f6\u00f6 ajal otsige kulumism\u00e4rke, lekkeid ja ebatavalisi helisid. Need kontrollid aitavad tuvastada potentsiaalseid probleeme enne nende s\u00fcvenemist, tagades masina toimimise ja ohutuse.<\/p>\n<h3>\u00d5ige m\u00e4\u00e4rimine<\/h3>\n<p>\u00d5ige m\u00e4\u00e4rimine on silindri sisemiste komponentide h\u00f5\u00f5rdumise ja kulumise minimeerimiseks \u00fclioluline. Kasutage soovitatud t\u00fc\u00fcpi h\u00fcdraulika\u00f5li ja veenduge, et seda kantakse peale sobivate intervallidega. \u00d5ige m\u00e4\u00e4rimine pikendab silindri eluiga ja t\u00f6\u00f6 efektiivsust.<\/p>\n<h3>Tihendi vahetamine ja kalibreerimise kontrollimine<\/h3>\n<p>Tihendid tuleks v\u00e4lja vahetada vastavalt nende seisukorrale ja j\u00f5udlusele. Kontrollige regulaarselt tihendeid kulumise v\u00f5i kahjustuste suhtes ja vahetage need v\u00e4lja, et v\u00e4ltida h\u00fcdraulilise vedeliku lekkeid. Kalibreerimiskontrollid tagavad, et silinder t\u00f6\u00f6tab etten\u00e4htud parameetrite piires, s\u00e4ilitades optimaalse j\u00f5udluse.<\/p>\n<p><img decoding=\"async\" src=\"https:\/\/www.hydraulic-cylinders.net\/wp-content\/uploads\/2025\/04\/songte-chushion-collar.webp\" alt=\"Padjakaelus\"><\/p>\n<h2>Ohutuskaalutlused ja keskkonnategurid<\/h2>\n<p>Poomi silindri kasutamisel on oluline rakendada ohutusmeetmeid operaatorite ja masinate kaitsmiseks. H\u00fcdrauliliste s\u00fcsteemide n\u00f5uetekohane v\u00e4lja\u00f5pe on ohutu t\u00f6\u00f6 tagamiseks \u00fclioluline. Lisaks v\u00f5ib isikukaitsevahendite (IKV) kasutamine ja ohutusprotokollide j\u00e4rgimine oluliselt v\u00e4hendada \u00f5nnetuste ohtu t\u00f6\u00f6kohal.<\/p>\n<h2>Rikete diagnoosimine ja levinud probleemid<\/h2>\n<h3>Levinud probleemid<\/h3>\n<ul>\n<li><strong>Leke:<\/strong> \u00dcks levinumaid probleeme on h\u00fcdraulikavedeliku leke, mille p\u00f5hjuseks on sageli kulunud tihendid v\u00f5i kahjustatud voolikud.<\/li>\n<li><strong>Aeglane reageering:<\/strong> Kui silinder t\u00f6\u00f6tab aeglaselt, v\u00f5ib see viidata ebapiisavale h\u00fcdraulikavedelikule v\u00f5i h\u00fcdraulikapumba talitlush\u00e4irele.<\/li>\n<li><strong>Ebatavalised helid:<\/strong> Krigisev v\u00f5i kolin v\u00f5ib viidata silindri sisemisele kulumisele v\u00f5i kahjustusele.<\/li>\n<\/ul>\n<h2>Veaotsingu n\u00e4pun\u00e4ited<\/h2>\n<p>Probleemide t\u00f5husaks diagnoosimiseks ja lahendamiseks kontrollige k\u00f5igepealt n\u00e4htavaid lekke m\u00e4rke ja veenduge, et k\u00f5ik h\u00fcdraulilised \u00fchendused on kindlalt paigas. Kui silinder t\u00f6\u00f6tab aeglaselt, kontrollige h\u00fcdraulikavedeliku taset ja vajadusel t\u00e4itke \u00f5li. Ebatavaliste helide korral kaaluge silindri lahtiv\u00f5tmist kontrollimiseks ja vajadusel kulunud osade vahetamist.<\/p>\n<p>Ennetusmeetmete rakendamine, n\u00e4iteks regulaarne hooldus ja \u00f5igeaegne kontroll, aitab minimeerida v\u00f5imalike probleemide t\u00f5en\u00e4osust, tagades poomi silindri t\u00f5husa toimimise kogu selle eluea jooksul.<\/p>\n<p><img decoding=\"async\" src=\"https:\/\/www.hydraulic-cylinders.net\/wp-content\/uploads\/2025\/04\/songte-bushings-with-all-kinds-of-excavator-models.webp\" alt=\"Ekskavaatorite puksid\"><\/p>\n<h2>Meie ettev\u00f5ttest<\/h2>\n<p>Oleme juhtiv h\u00fcdrosilindrite tootja ja hulgim\u00fc\u00fcja, pakkudes terviklikke lahendusi nii sise- kui ka rahvusvahelistele turgudele. Meie p\u00fchendumust tipptasemele toetab keerukas tootmisstrateegia, mis r\u00f5hutab t\u00e4psust ja kvaliteeti. Meie oskuslik t\u00f6\u00f6j\u00f5ud koos t\u00e4iustatud digitaalsete tootmisseadmete ja tugeva kontrolls\u00fcsteemiga v\u00f5imaldab meil pidevalt oma tootmisv\u00f5imsust t\u00e4iustada.<\/p>\n<p>Keskendudes k\u00f5rgele efektiivsusele, t\u00e4psusele ja kvaliteedile, rahuldame oma klientide mitmekesiseid vajadusi. Meie tooted on rahvusvaheliselt sertifitseeritud ja pakume kohandamisteenuseid, et tagada meie h\u00fcdrosilindrite vastavus konkreetsetele n\u00f5uetele. Meie m\u00fc\u00fcgij\u00e4rgne teenindus tagab klientide rahulolu, pakkudes pidevat tuge ja lahendusi k\u00f5igile h\u00fcdraulilistele vajadustele.<\/p>\n<p><img decoding=\"async\" src=\"https:\/\/www.hydraulic-cylinders.net\/wp-content\/uploads\/2025\/04\/songte-company-4.webp\" alt=\"Ettev\u00f5tte \u00fclevaade\"><br \/>\n<img decoding=\"async\" src=\"https:\/\/www.hydraulic-cylinders.net\/wp-content\/uploads\/2025\/04\/songte-company-3.webp\" alt=\"Ettev\u00f5tte rajatised\"><\/p>\n<p>Autor: lyl<\/p>","protected":false},"excerpt":{"rendered":"<p>Boom Cylinder For Doosan Wheel Excavator DX60N Product Overview The Boom Cylinder, specifically designed for the Doosan Wheel Excavator DX60N, is an essential hydraulic component that plays a critical role in the operation of heavy machinery. This hydraulic cylinder is responsible for controlling the movement of the boom, allowing the excavator to lift, lower, and [&hellip;]<\/p>","protected":false},"featured_media":17875,"comment_status":"open","ping_status":"closed","template":"","meta":{"_et_pb_use_builder":"","_et_pb_old_content":"","_et_gb_content_width":""},"product_brand":[],"product_cat":[1546],"product_tag":[1547,1496],"class_list":{"0":"post-19023","1":"product","2":"type-product","3":"status-publish","4":"has-post-thumbnail","6":"product_cat-boom-cylinders","7":"product_tag-boom-cylinders","8":"product_tag-hydraulic-cylinders","10":"first","11":"instock","12":"shipping-taxable","13":"product-type-simple"},"amp_enabled":true,"_links":{"self":[{"href":"https:\/\/www.hydraulic-cylinders.net\/et\/wp-json\/wp\/v2\/product\/19023","targetHints":{"allow":["GET"]}}],"collection":[{"href":"https:\/\/www.hydraulic-cylinders.net\/et\/wp-json\/wp\/v2\/product"}],"about":[{"href":"https:\/\/www.hydraulic-cylinders.net\/et\/wp-json\/wp\/v2\/types\/product"}],"replies":[{"embeddable":true,"href":"https:\/\/www.hydraulic-cylinders.net\/et\/wp-json\/wp\/v2\/comments?post=19023"}],"wp:featuredmedia":[{"embeddable":true,"href":"https:\/\/www.hydraulic-cylinders.net\/et\/wp-json\/wp\/v2\/media\/17875"}],"wp:attachment":[{"href":"https:\/\/www.hydraulic-cylinders.net\/et\/wp-json\/wp\/v2\/media?parent=19023"}],"wp:term":[{"taxonomy":"product_brand","embeddable":true,"href":"https:\/\/www.hydraulic-cylinders.net\/et\/wp-json\/wp\/v2\/product_brand?post=19023"},{"taxonomy":"product_cat","embeddable":true,"href":"https:\/\/www.hydraulic-cylinders.net\/et\/wp-json\/wp\/v2\/product_cat?post=19023"},{"taxonomy":"product_tag","embeddable":true,"href":"https:\/\/www.hydraulic-cylinders.net\/et\/wp-json\/wp\/v2\/product_tag?post=19023"}],"curies":[{"name":"wp","href":"https:\/\/api.w.org\/{rel}","templated":true}]}}