{"id":19082,"date":"2025-04-07T06:12:00","date_gmt":"2025-04-07T06:12:00","guid":{"rendered":"https:\/\/www.hydraulic-cylinders.net\/product\/boom-cylinder-for-kobelco-large-excavator-sk350-6-8-8e\/"},"modified":"2025-04-07T06:12:03","modified_gmt":"2025-04-07T06:12:03","slug":"boom-cylinder-for-kobelco-large-excavator-sk350-6-8-8e","status":"publish","type":"product","link":"https:\/\/www.hydraulic-cylinders.net\/et\/toode\/boom-cylinder-for-kobelco-large-excavator-sk350-6-8-8e\/","title":{"rendered":"Kobelco suure ekskavaatori SK350-6-8-8e poomi silinder"},"content":{"rendered":"<h1>Kobelco suure ekskavaatori SK350-6-8-8e poomi silinder<\/h1>\n<h2>Poomi silindri m\u00f5istmine<\/h2>\n<p>Noole silinder on rasketehnika, eriti ekskavaatorite, n\u00e4iteks Kobelco SK350-6-8-8e, oluline komponent. See h\u00fcdrauliline silinder on loodud noole liikumise juhtimiseks, h\u00f5lbustades mitmesuguseid materjalik\u00e4itlusega seotud \u00fclesandeid. See v\u00f5imaldab noolel t\u00f5sta, langetada ja kallutada, pakkudes mitmek\u00fclgsust sellistes rakendustes nagu kaevamine, laadimine ja materjalide transportimine.<\/p>\n<p>H\u00fcdraulilise silindri t\u00fc\u00fcbina t\u00f6\u00f6tab noole silinder h\u00fcdraulilise vedeliku abil j\u00f5u tekitamiseks. Kui h\u00fcdraulilist vedelikku silindrisse surutakse, paneb see kolvi liikuma, muutes h\u00fcdraulilise r\u00f5hu mehaaniliseks liikumiseks. See mehhanism on ekskavaatorite, laadur-ekskavaatori ja esilaaduri t\u00f6\u00f6ks \u00fclioluline, tagades, et need suudavad t\u00f5husalt teha raskeid t\u00f5ste- ja kaevamist\u00f6id.<\/p>\n<p><img decoding=\"async\" src=\"https:\/\/www.hydraulic-cylinders.net\/wp-content\/uploads\/2025\/04\/songte-company-1.webp\" alt=\"Poomi silinder\"><\/p>\n<h2>Poomi silindri omadused<\/h2>\n<ul>\n<li><strong>Suur tugevus ja vastupidavus:<\/strong> See \u00fclitugevast terasest v\u00f5i alumiiniumist valmistatud silinder talub k\u00f5rget r\u00f5hku ja suuri koormusi, mist\u00f5ttu sobib see karmidesse t\u00f6\u00f6keskkondadesse. Konstruktsioonis on ka kulumiskindlus ja korrosioonikindlus, et pikendada selle eluiga.<\/li>\n<li><strong>T\u00f5hus h\u00fcdrauliline t\u00f6\u00f6:<\/strong> Poomi silinder kasutab h\u00fcdraulilise vedeliku r\u00f5hku sujuva pikenduse ja tagasit\u00f5mbamise tagamiseks, tagades kiire reageerimise juhi k\u00e4skudele ning v\u00f5imsa t\u00f5uke- ja t\u00f5mbej\u00f5u raskete ja keerukate \u00fclesannete jaoks.<\/li>\n<li><strong>Erinevad t\u00fc\u00fcbid:<\/strong> Saadaval \u00fchetoimelise (h\u00fcdraulilise j\u00f5u kasutamine \u00fches suunas) v\u00f5i kahetoimelise (h\u00fcdraulilise j\u00f5u kasutamine m\u00f5lemas suunas) konfiguratsioonina, mis v\u00f5imaldab erinevaid t\u00f6\u00f6vajadusi. M\u00f5nel mudelil on teleskoopkonstruktsioon, mis pakub suuremat pikendust ilma v\u00e4lism\u00f5\u00f5tmeid suurendamata, mis sobib ideaalselt piiratud ruumiga rakenduste jaoks.<\/li>\n<li><strong>T\u00e4ppistehnika:<\/strong> Iga silinder on valmistatud t\u00e4pselt, et tagada optimaalne j\u00f5udlus ja t\u00f6\u00f6kindlus n\u00f5udlikes rakendustes.<\/li>\n<li><strong>Kohandatavad lahendused:<\/strong> Meie tootmisv\u00f5imalused v\u00f5imaldavad luua kohandatud h\u00fcdrauliliste silindrite lahendusi, mis sobivad ideaalselt olemasolevate silindrite asendamiseks erinevates rakendustes.<\/li>\n<\/ul>\n<p><img decoding=\"async\" src=\"https:\/\/www.hydraulic-cylinders.net\/wp-content\/uploads\/2025\/04\/songte-cylinder-head-with-all-kinds-excavator-models.webp\" alt=\"Kobelco poomi silinder\"><\/p>\n<h2>Poomi silindri rakendused<\/h2>\n<h3>Ehitustehnika<\/h3>\n<p>Ehitusmasinate puhul on poomi silinder ekskavaatorite jaoks h\u00e4davajalik, kuna see juhib kaevamist, laadimist ja mulla v\u00f5i prahi liigutamist. Ekskavaatorid toetuvad sellele h\u00fcdros\u00fcsteemile, et tungida t\u00f5husalt pinnasesse. Silinder annab vajaliku j\u00f5u, et poom saaks ulatuda erinevatele s\u00fcgavustele ja t\u00e4ita \u00fclesandeid t\u00f5husalt.<\/p>\n<h3>P\u00f5llumajandustehnika<\/h3>\n<p>Esilaadurite puhul m\u00e4ngib noole silinder olulist rolli mulla, heina ja muude materjalide kopal, t\u00f5stmisel ja transportimisel. Selle v\u00f5ime sujuvalt koormatud olekus muuta see asendamatuks p\u00f5llumajanduses, kus t\u00f5hus materjalik\u00e4itlus m\u00f5jutab otseselt tootlikkust.<\/p>\n<h3>Ekskavaatorid<\/h3>\n<p>Noole silinder v\u00f5imaldab ekskavaatoritel kaevamistoiminguid teha, lastes kopal pinnasesse tungida. See funktsioon on ehitus- ja haljastusprojektide puhul kriitilise t\u00e4htsusega, tagades, et operaatorid saavad kaevamist\u00f6\u00f6de ajal saavutada soovitud s\u00fcgavuse ja t\u00e4psuse.<\/p>\n<h3>Laadurid<\/h3>\n<p>Esilaaduritel aitab noole silinder koormaid t\u00f5husalt t\u00f5sta ja t\u00fchjendada. Selle h\u00fcdrauliline t\u00f6\u00f6 tagab raskete materjalide h\u00f5lpsa k\u00e4sitsemise, suurendades masina \u00fcldist tootlikkust ja t\u00f5husust.<\/p>\n<h2>Projekteerimiskaalutlused ja valikukriteeriumid<\/h2>\n<h3>Kandev\u00f5ime<\/h3>\n<p>Poomi silindri valimisel on kandev\u00f5ime esmat\u00e4htis kaalutlus. Optimaalse j\u00f5udluse ja ohutuse tagamiseks on oluline sobitada silindri spetsifikatsioonid eeldatava koormusega. Silindri konstruktsioon peab kandma t\u00f6\u00f6 ajal eeldatavat maksimaalset raskust, sealhulgas k\u00f5iki liikumise ajal esinevaid d\u00fcnaamilisi j\u00f5ude.<\/p>\n<h3>Tihendus<\/h3>\n<p>T\u00f5hus tihendus on h\u00fcdraulilise r\u00f5hu s\u00e4ilitamiseks ja vedeliku lekke v\u00e4ltimiseks \u00fclioluline. Kvaliteetsed tihendid, n\u00e4iteks vastupidavatest materjalidest (nt pol\u00fcuretaanist v\u00f5i nitriilkummist) valmistatud kolvi- ja varrastihendid, tagavad silindri t\u00f5husa t\u00f6\u00f6 ilma h\u00fcdraulilise vedeliku kadudeta, mis v\u00f5ivad j\u00f5udlust halvendada.<\/p>\n<h3>Vastupidavus<\/h3>\n<p>Poomi silindrite puhul on vastupidavus \u00fclioluline, kuna neid kasutatakse sageli karmides keskkondades. Silinder peab olema konstrueeritud kulumis- ja korrosioonikindlaks, pikendades selle kasutusiga. Materjalide spetsifikatsioonide ja pinnat\u00f6\u00f6tluste regulaarne hindamine aitab vastupidavust suurendada.<\/p>\n<h3>Ohutus<\/h3>\n<p>Poomi silindri konstruktsiooni on oluline lisada ohutusfunktsioonid. See h\u00f5lmab sisseehitatud kaitseklappe \u00fcler\u00f5hu v\u00e4ltimiseks ja tagab, et k\u00f5ik komponendid taluvad raskete masinate t\u00f6\u00f6koormust. N\u00f5uetekohased ohutusprotokollid paigaldamise ja kasutamise ajal v\u00e4hendavad \u00f5nnetuste ohtu.<\/p>\n<h3>Hooldatavus<\/h3>\n<p>Konstruktsioon peaks h\u00f5lbustama h\u00f5lpsat hooldust ja remonti. M\u00e4\u00e4rimis- ja kontrollipunktid aitavad tagada silindri regulaarse kontrolli ja hoolduse, soodustades ennetavat l\u00e4henemist seadmete pikaealisusele. Kulunud osade kiire v\u00e4ljavahetamise arvestamine aitab kaasa ka tegevuse efektiivsusele.<\/p>\n<p><img decoding=\"async\" src=\"https:\/\/www.hydraulic-cylinders.net\/wp-content\/uploads\/2025\/04\/songte-oil-pipes-and-spare-parts.webp\" alt=\"H\u00fcdrauliliste silindrite osad\"><\/p>\n<h2>Tihendus ja m\u00e4\u00e4rimine<\/h2>\n<p>Tihendus ja m\u00e4\u00e4rimine on poomi silindrite t\u00f5husa t\u00f6\u00f6 jaoks kriitilise t\u00e4htsusega. H\u00fcdraulilise r\u00f5hu s\u00e4ilitamiseks ja lekete v\u00e4ltimiseks kasutatakse mitmesuguseid tihenduselemente, n\u00e4iteks kolvitihendeid ja vardatihendeid. Materjalide, sealhulgas pol\u00fcuretaani ja nitriilkummi valik on nende kulumiskindluse ja vastupidavuse t\u00f5ttu \u00fclioluline. Lisaks t\u00f6\u00f6deldakse silindri korpust ja keermestatud otsapindu kulumiskindluse suurendamiseks peeneks.<\/p>\n<p>Sujuva t\u00f6\u00f6 tagamiseks ja liikuvate osade vahelise h\u00f5\u00f5rdumise v\u00e4hendamiseks on vajalik regulaarne m\u00e4\u00e4rimine sobiva h\u00fcdraulika\u00f5liga. See aitab s\u00e4ilitada optimaalset j\u00f5udlust ja pikendab silindri eluiga.<\/p>\n<h2>Ennetavad hooldusmeetmed<\/h2>\n<ul>\n<li>Kontrollige regulaarselt poomi silindrit kulumise, kahjustuste v\u00f5i lekete suhtes ja tegelege probleemidega viivitamatult, et v\u00e4ltida edasisi probleeme.<\/li>\n<li>Tagage tihendite ja liikuvate osade asjakohane m\u00e4\u00e4rimine, j\u00e4rgides tootja soovitusi h\u00fcdraulikavedeliku t\u00fc\u00fcpide ja m\u00e4\u00e4rimisintervallide kohta.<\/li>\n<li>Vajadusel vahetage tihendeid, et s\u00e4ilitada efektiivne tihendus ja v\u00e4ltida h\u00fcdraulilise vedeliku kadu, mis v\u00f5ib v\u00e4hendada j\u00f5udlust.<\/li>\n<\/ul>\n<h2>Paigaldusjuhised<\/h2>\n<p>Poomi silindri \u00f5ige paigaldamine on optimaalse j\u00f5udluse saavutamiseks \u00fclioluline. Alustage sellest, et veenduda, et silinder on seadme kinnituspunktidega \u00f5igesti joondatud. Vale joondamine v\u00f5ib p\u00f5hjustada liigset pinget ja enneaegset kulumist.<\/p>\n<p>Kasutage silindri kinnitamiseks sobivaid kinnitusklambreid, veendudes, et k\u00f5ik poldid ja kinnitusdetailid on tootja spetsifikatsioonide kohaselt pingutatud. Enne kasutamist kontrollige hoolikalt, et k\u00f5ik h\u00fcdraulika\u00fchendused oleksid kindlad ja leketeta.<\/p>\n<p>L\u00f5puks, p\u00e4rast paigaldamist, tehke p\u00f5hjalik t\u00f6\u00f6kontroll, et veenduda silindri t\u00f5rgeteta toimimises ja juhtimisk\u00e4skluste n\u00f5uetekohases reageerimises.<\/p>\n<h2>Levinumad hooldust\u00f6\u00f6d<\/h2>\n<h3>Regulaarsed kontrollid<\/h3>\n<p>Poomi silindri korrektse toimimise tagamiseks on oluline regulaarne kontroll. Kontrollige kulumism\u00e4rke, n\u00e4iteks varda kriimustusi v\u00f5i tihendite \u00fcmbruse lekkeid. Nende probleemide varajane tuvastamine aitab v\u00e4ltida hilisemaid t\u00f5sisemaid probleeme.<\/p>\n<h3>\u00d5ige m\u00e4\u00e4rimine<\/h3>\n<p>Piisava m\u00e4\u00e4rimise s\u00e4ilitamine on h\u00fcdraulikas\u00fcsteemi efektiivsuse jaoks \u00fclioluline. Kasutage soovitatud h\u00fcdraulikavedelikku ja m\u00e4\u00e4rige regulaarselt k\u00f5iki liikuvaid osi, et minimeerida h\u00f5\u00f5rdumist ja kulumist, hoides s\u00fcsteemi reageerimisv\u00f5imelisena.<\/p>\n<h3>Tihendi vahetamine<\/h3>\n<p>Aja jooksul v\u00f5ivad tihendid kuluda v\u00f5i kahjustuda. Vedeliku lekete v\u00e4ltimiseks ja h\u00fcdraulikas\u00fcsteemi r\u00f5hu s\u00e4ilitamiseks on vaja tihendeid regulaarselt kontrollida ja \u00f5igeaegselt vahetada. Hoidke sageli kasutatavate tihendite varu, et neid saaks kiiresti vahetada ja seisakuid minimeerida.<\/p>\n<p><img decoding=\"async\" src=\"https:\/\/www.hydraulic-cylinders.net\/wp-content\/uploads\/2025\/04\/songte-chushion-collar.webp\" alt=\"Padjakaelus\"><\/p>\n<h2>Ohutuskaalutlused ja keskkonnategurid<\/h2>\n<p>H\u00fcdraulikas\u00fcsteemidega, n\u00e4iteks noolesilindritega, t\u00f6\u00f6tamisel on ohutusmeetmete j\u00e4rgimine \u00f5nnetuste v\u00e4ltimiseks ja ohutu t\u00f6\u00f6keskkonna tagamiseks \u00fclioluline. Operaatorid peaksid t\u00f6\u00f6tamise ja hoolduse ajal kandma sobivaid isikukaitsevahendeid (IKV) ja j\u00e4rgima ohutusprotokolle. H\u00fcdraulikavedeliku lekete ja k\u00f5rgsurves\u00fcsteemidega seotud v\u00f5imalike riskide m\u00f5istmine on ohtude maandamiseks oluline.<\/p>\n<h2>Rikete diagnoosimine ja levinud probleemid<\/h2>\n<ul>\n<li><strong>H\u00fcdrauliline leke:<\/strong> M\u00e4rgid h\u00f5lmavad vedeliku kogunemist silindri \u00fcmber v\u00f5i v\u00e4henenud j\u00f5udlust. Kontrollige tihendeid ja \u00fchendusi kahjustuste suhtes.<\/li>\n<li><strong>Ebaj\u00e4rjekindel liikumine:<\/strong> Kui silinder ei ulatu v\u00e4lja ega t\u00f5mbu sisse sujuvalt, kontrollige ummistuste v\u00f5i madala h\u00fcdraulikavedeliku taseme suhtes.<\/li>\n<li><strong>\u00dclekuumenemine:<\/strong> Liigne kuumus v\u00f5ib viidata h\u00fcdraulikavedeliku lagunemisele v\u00f5i s\u00fcsteemi \u00fclekoormusele; veenduge, et vedeliku tase oleks \u00f5ige, ja kontrollige v\u00f5imalike lekete suhtes.<\/li>\n<\/ul>\n<h2>Veaotsingu n\u00e4pun\u00e4ited<\/h2>\n<p>T\u00f5hus t\u00f5rkeotsing algab s\u00fcstemaatilisest l\u00e4henemisest probleemi algp\u00f5hjuse v\u00e4ljaselgitamiseks. H\u00fcdraulilise lekke korral kontrollige k\u00f5iki tihendeid ja \u00fchendusi ning vahetage v\u00e4lja k\u00f5ik kulunud komponendid. Eba\u00fchtlase liikumise korral v\u00f5ib olla vaja kontrollida h\u00fcdraulikavedeliku taset ja veenduda, et h\u00fcdraulikavoolikutes pole ummistusi. \u00dclekuumenemise kahtluse korral hinnake s\u00fcsteemi \u00fclekoormust ja veenduge, et on olemas sobivad jahutusmeetmed.<\/p>\n<p>Ennetusmeetmete rakendamine, nagu regulaarne hooldus, \u00f5iged kasutustavad ja \u00f5igeaegne kontroll, v\u00f5ib oluliselt v\u00e4hendada probleemide tekkimise t\u00f5en\u00e4osust, suurendades l\u00f5ppkokkuv\u00f5ttes poomi silindri t\u00f6\u00f6kindlust.<\/p>\n<p><img decoding=\"async\" src=\"https:\/\/www.hydraulic-cylinders.net\/wp-content\/uploads\/2025\/04\/songte-bushings-with-all-kinds-of-excavator-models.webp\" alt=\"Ekskavaatori puksid\"><\/p>\n<h2>Meie ettev\u00f5ttest<\/h2>\n<p>Oleme juhtiv asendush\u00fcdrauliliste silindrite tootja, pakkudes laia tootevalikut nii sise- kui ka rahvusvahelisele turule. Meie p\u00fchendumus tipptasemele peegeldub meie peentes tootmist\u00f6\u00f6kodades ja t\u00f6\u00f6stusliku tootmise juhtimisstrateegiates.<\/p>\n<p>Kasutades t\u00e4iustatud tehnoloogiat, oskuslikku personali ja tugevat kvaliteedikontrollis\u00fcsteemi, t\u00e4iustame pidevalt oma tootmisplatvormi, et parandada toodete kvaliteeti. Meie v\u00f5imekus v\u00f5imaldab meil rahuldada klientide mitmekesiseid vajadusi suure t\u00f5hususega, t\u00e4psuse ja kvaliteediga.<\/p>\n<h3>Professionaalsus<\/h3>\n<p>Meie meeskond koosneb valdkonna ekspertidest, kes on p\u00fchendunud klientide vajadustele vastavate spetsiaalsete h\u00fcdrauliliste lahenduste pakkumisele.<\/p>\n<h3>Rahvusvahelised sertifikaadid<\/h3>\n<p>J\u00e4rgime rahvusvahelisi standardeid, tagades, et meie tooted vastavad rangetele kvaliteedi- ja ohutusn\u00f5uetele.<\/p>\n<h3>Kohandamise teenused<\/h3>\n<p>Pakume kohandatud h\u00fcdrauliliste silindrite lahendusi, v\u00f5imaldades klientidel valida spetsifikatsioonid, mis vastavad nende ainulaadsetele t\u00f6\u00f6vajadustele.<\/p>\n<h3>Tootmisseadmed<\/h3>\n<p>Meie tipptasemel tootmisseadmed tagavad iga meie toodetud toote t\u00e4psuse ja kvaliteedi.<\/p>\n<h3>M\u00fc\u00fcgij\u00e4rgne teenindus<\/h3>\n<p>Oleme uhked oma usaldusv\u00e4\u00e4rse m\u00fc\u00fcgij\u00e4rgse toe \u00fcle, abistades kliente paigaldamise, hoolduse ja t\u00f5rkeotsinguga, et tagada meie toodete optimaalne j\u00f5udlus.<\/p>\n<p><img decoding=\"async\" src=\"https:\/\/www.hydraulic-cylinders.net\/wp-content\/uploads\/2025\/04\/songte-company-4.webp\" alt=\"Ettev\u00f5tte \u00fclevaade\"><br \/>\n<img decoding=\"async\" src=\"https:\/\/www.hydraulic-cylinders.net\/wp-content\/uploads\/2025\/04\/songte-company-3.webp\" alt=\"Ettev\u00f5tte rajatised\"><\/p>\n<p>Autor: lyl<\/p>","protected":false},"excerpt":{"rendered":"<p>Boom Cylinder For Kobelco Large Excavator SK350-6-8-8e Understanding the Boom Cylinder The boom cylinder is a critical component in heavy machinery, particularly in excavators like the Kobelco SK350-6-8-8e. This hydraulic cylinder is designed to control the movement of the boom, facilitating various tasks involved in material handling. It enables the boom to lift, lower, and [&hellip;]<\/p>","protected":false},"featured_media":17873,"comment_status":"open","ping_status":"closed","template":"","meta":{"_et_pb_use_builder":"","_et_pb_old_content":"","_et_gb_content_width":""},"product_brand":[],"product_cat":[1546],"product_tag":[1547,1496],"class_list":{"0":"post-19082","1":"product","2":"type-product","3":"status-publish","4":"has-post-thumbnail","6":"product_cat-boom-cylinders","7":"product_tag-boom-cylinders","8":"product_tag-hydraulic-cylinders","10":"first","11":"instock","12":"shipping-taxable","13":"product-type-simple"},"amp_enabled":true,"_links":{"self":[{"href":"https:\/\/www.hydraulic-cylinders.net\/et\/wp-json\/wp\/v2\/product\/19082","targetHints":{"allow":["GET"]}}],"collection":[{"href":"https:\/\/www.hydraulic-cylinders.net\/et\/wp-json\/wp\/v2\/product"}],"about":[{"href":"https:\/\/www.hydraulic-cylinders.net\/et\/wp-json\/wp\/v2\/types\/product"}],"replies":[{"embeddable":true,"href":"https:\/\/www.hydraulic-cylinders.net\/et\/wp-json\/wp\/v2\/comments?post=19082"}],"wp:featuredmedia":[{"embeddable":true,"href":"https:\/\/www.hydraulic-cylinders.net\/et\/wp-json\/wp\/v2\/media\/17873"}],"wp:attachment":[{"href":"https:\/\/www.hydraulic-cylinders.net\/et\/wp-json\/wp\/v2\/media?parent=19082"}],"wp:term":[{"taxonomy":"product_brand","embeddable":true,"href":"https:\/\/www.hydraulic-cylinders.net\/et\/wp-json\/wp\/v2\/product_brand?post=19082"},{"taxonomy":"product_cat","embeddable":true,"href":"https:\/\/www.hydraulic-cylinders.net\/et\/wp-json\/wp\/v2\/product_cat?post=19082"},{"taxonomy":"product_tag","embeddable":true,"href":"https:\/\/www.hydraulic-cylinders.net\/et\/wp-json\/wp\/v2\/product_tag?post=19082"}],"curies":[{"name":"wp","href":"https:\/\/api.w.org\/{rel}","templated":true}]}}