{"id":19096,"date":"2025-04-07T06:12:34","date_gmt":"2025-04-07T06:12:34","guid":{"rendered":"https:\/\/www.hydraulic-cylinders.net\/product\/boom-cylinder-for-yugong-wy135-8\/"},"modified":"2025-04-07T06:12:40","modified_gmt":"2025-04-07T06:12:40","slug":"boom-cylinder-for-yugong-wy135-8","status":"publish","type":"product","link":"https:\/\/www.hydraulic-cylinders.net\/et\/toode\/boom-cylinder-for-yugong-wy135-8\/","title":{"rendered":"Yugongi WY135-8 poomi silinder"},"content":{"rendered":"<h1>Yugongi WY135-8 poomi silinder<\/h1>\n<h2>Toote \u00fclevaade<\/h2>\n<p>Yugongi WY135-8 poomi silinder on spetsiaalne h\u00fcdrauliline silinder, mis on loodud poomihoova liikumise juhtimiseks erinevates rasketes masinates, n\u00e4iteks ekskavaatorites, laadur-ekskavaatorites ja esilaadurites. Need silindrid v\u00f5imaldavad seadmete t\u00e4pset t\u00f5stmist, langetamist ja kallutamist, h\u00f5lbustades seel\u00e4bi t\u00f5husaid materjalik\u00e4itlust\u00f6id. H\u00fcdraulikas\u00fcsteemide olulise komponendina t\u00f6\u00f6tab poomi silinder h\u00fcdraulilise energia mehaaniliseks energiaks muutmise teel, v\u00f5imaldades v\u00f5imsaid ja kontrollitud liikumisi.<\/p>\n<p><img decoding=\"async\" src=\"https:\/\/www.hydraulic-cylinders.net\/wp-content\/uploads\/2025\/04\/songte-company-1.webp\" alt=\"Poomi silindri pilt\" \/><\/p>\n<h2>Peamised omadused<\/h2>\n<ul>\n<li>\n<h3>Suur tugevus ja vastupidavus<\/h3>\n<p>Constructed from high-strength steel or aluminum, the boom cylinder is designed to withstand high pressure and heavy loads, making it suitable for tough working environments. Its design incorporates wear resistance and corrosion protection to extend the product&#8217;s lifespan.<\/p>\n<\/li>\n<li>\n<h3>T\u00f5hus h\u00fcdrauliline t\u00f6\u00f6<\/h3>\n<p>Silinder kasutab sujuva pikenemise ja tagasit\u00f5mbamise saavutamiseks h\u00fcdraulika\u00f5li r\u00f5hku, reageerides kiiresti operaatori k\u00e4sklustele ning pakkudes tugevat t\u00f5uke- ja t\u00f5mbej\u00f5udu. See efektiivsus on oluline raskete materjalide k\u00e4sitsemisel ja keerukate t\u00f6\u00f6\u00fclesannete t\u00e4itmisel.<\/p>\n<\/li>\n<li>\n<h3>Mitmekesised konfiguratsioonid<\/h3>\n<p>Poomi silinder, mis on saadaval nii \u00fchetoimelise (\u00fches suunas t\u00f6\u00f6tava) kui ka kahetoimelise (kahes suunas t\u00f6\u00f6tava) konstruktsioonina, vastab mitmesugustele t\u00f6\u00f6n\u00f5uetele. M\u00f5nedel mudelitel on teleskoopkonstruktsioonid, mis v\u00f5imaldavad suuremat pikendust ilma v\u00e4lism\u00f5\u00f5tmeid suurendamata, mis sobib ideaalselt ruumipiirangutega rakenduste jaoks.<\/p>\n<\/li>\n<li>\n<h3>Kohandatav tootmine<\/h3>\n<p>Meil on v\u00f5imekus seda toodet toota ja meie silindrid suudavad sujuvalt asendada turul olemasolevaid h\u00fcdrosilindreid.<\/p>\n<\/li>\n<\/ul>\n<p><img decoding=\"async\" src=\"https:\/\/www.hydraulic-cylinders.net\/wp-content\/uploads\/2025\/04\/songte-cylinder-head-with-all-kinds-excavator-models.webp\" alt=\"Ekskavaatori mudel\" \/><\/p>\n<h2>Rakendused<\/h2>\n<ul>\n<li>\n<h3>Ehitustehnika<\/h3>\n<p>In excavators, boom cylinders are vital for digging, loading, and moving earth or debris. They not only assist in excavation but also aid in lifting materials, significantly increasing the machine&#8217;s productivity. Their reliable performance is crucial for the construction industry&#8217;s day-to-day operations.<\/p>\n<\/li>\n<li>\n<h3>P\u00f5llumajandustehnika<\/h3>\n<p>Esilaadurites kasutatavad silindrid vastutavad mulla, heina ja muude materjalide kopa kogumise, t\u00f5stmise ja transportimise eest. Nende konstruktsioon v\u00f5imaldab t\u00f5husat kasutamist erinevates p\u00f5llumajandust\u00f6\u00f6des, tagades, et p\u00f5llumehed saavad materjale t\u00f5husalt k\u00e4sitseda ja oma tootlikkust suurendada.<\/p>\n<\/li>\n<li>\n<h3>Ekskavaatorid<\/h3>\n<p>The boom cylinder enables the bucket to penetrate the ground during digging actions, allowing operators to excavate efficiently. The precise control of the boom&#8217;s movement ensures that excavators can dig deeper and more accurately, making them essential in construction and landscaping projects.<\/p>\n<\/li>\n<li>\n<h3>Laadurid<\/h3>\n<p>Esilaaduritel aitavad noolesilindrid koormaid t\u00f5husalt t\u00f5sta ja t\u00fchjendada. Nende reageeriv toime ja tugevus tagavad, et laadurid saavad h\u00f5lpsalt k\u00e4sitseda mitmesuguseid materjale, alates mullast kuni t\u00e4itematerjalini, aidates kaasa laadimisprotsessi \u00fcldisele t\u00f5hususele.<\/p>\n<\/li>\n<\/ul>\n<h2>Projekteerimiskaalutlused ja valikukriteeriumid<\/h2>\n<ul>\n<li>\n<h3>Kandev\u00f5ime<\/h3>\n<p>Noole silindri valimisel on oluline arvestada kandev\u00f5imega. Silinder peab suutma taluda maksimaalset eeldatavat koormust, ilma et see kahjustaks ohutust v\u00f5i j\u00f5udlust. See h\u00f5lmab teisaldatavate materjalide kaalu ja masina erin\u00f5uete hindamist.<\/p>\n<\/li>\n<li>\n<h3>Tihendusv\u00f5ime<\/h3>\n<p>T\u00f5hus tihendus on oluline h\u00fcdraulilise r\u00f5hu s\u00e4ilitamiseks ja lekete v\u00e4ltimiseks. Vastupidavatest materjalidest valmistatud kvaliteetsed tihendid on silindri pikaealisuse ja t\u00f6\u00f6kindluse tagamiseks \u00fcliolulised. N\u00f5uetekohane tihendus v\u00e4hendab hooldusvajadust ja suurendab t\u00f6\u00f6 efektiivsust.<\/p>\n<\/li>\n<li>\n<h3>Vastupidavus<\/h3>\n<p>Vastupidavus on h\u00fcdraulilise silindri konstruktsiooni oluline tegur. Silinder peab vastu pidama karmidele t\u00f6\u00f6tingimustele, sealhulgas kokkupuutele mustuse, prahi ja \u00e4\u00e4rmuslike temperatuuridega. Pikendatud kasutusea tagamiseks on oluline valida materjalid ja viimistlusmaterjalid, mis pakuvad korrosioonikindlust ja kulumiskaitset.<\/p>\n<\/li>\n<li>\n<h3>Turvaelemendid<\/h3>\n<p>H\u00fcdrosilindrite projekteerimisel peaks ohutus alati olema prioriteet. Ohutuselementide, n\u00e4iteks r\u00f5huvabastusventiilide ja kaitsekestade lisamine tagab, et s\u00fcsteem suudab etten\u00e4gematute oludega toime tulla ilma operaatoritele v\u00f5i seadmetele ohtu kujutamata.<\/p>\n<\/li>\n<li>\n<h3>Hoolduse ligip\u00e4\u00e4setavus<\/h3>\n<p>Projekteerimisel tuleks arvestada ka hoolduse lihtsusega. See peaks v\u00f5imaldama osade lihtsat kontrollimist, m\u00e4\u00e4rimist ja vahetamist. Ligip\u00e4\u00e4setavus on v\u00f5tmet\u00e4htsusega, et tagada regulaarne hooldus t\u00f5husa teostamise ja seel\u00e4bi silindri eluea pikendamine.<\/p>\n<\/li>\n<\/ul>\n<p><img decoding=\"async\" src=\"https:\/\/www.hydraulic-cylinders.net\/wp-content\/uploads\/2025\/04\/songte-oil-pipes-and-spare-parts.webp\" alt=\"H\u00fcdraulilised osad\" \/><\/p>\n<h2>Tihendus ja m\u00e4\u00e4rimine<\/h2>\n<p>H\u00fcdrauliliste silindrite t\u00f5husa toimimise seisukohalt on kriitilise t\u00e4htsusega n\u00f5uetekohane tihendamine ja m\u00e4\u00e4rimine. S\u00fcsteemis r\u00f5hu hoidmiseks kasutatakse mitmesuguseid tihenduskomponente, n\u00e4iteks kolvitihendeid ja varrastihendeid. Vastupidavuse suurendamiseks kasutatakse tavaliselt kulumiskindlatest materjalidest, n\u00e4iteks pol\u00fcuretaanist ja nitriilkummist, valmistatud tihendeid.<\/p>\n<p>The cylinder body and threaded ends are carefully finished to improve wear resistance, ensuring that the seals maintain their integrity over time. Regular lubrication with hydraulic oil is necessary to reduce friction and prevent wear between moving parts. Following a strict lubrication schedule helps in maintaining operational efficiency and extending the cylinder&#8217;s lifespan.<\/p>\n<h2>Regulaarne kontroll ja ennetav hooldus<\/h2>\n<ul>\n<li>\n<h3>Regulaarsed kontrollid<\/h3>\n<p>Rutiinsete kontrollide l\u00e4biviimine on oluline v\u00f5imalike probleemide tuvastamiseks enne nende s\u00fcvenemist. Operaatorid peaksid silindri ja selle komponentide lekete, kulumise ja kahjustuste suhtes visuaalselt kontrollima, et tagada optimaalne j\u00f5udlus.<\/p>\n<\/li>\n<li>\n<h3>\u00d5ige m\u00e4\u00e4rimine<\/h3>\n<p>H\u00fcdraulilise silindri piisav m\u00e4\u00e4rimine on sujuva t\u00f6\u00f6 tagamiseks h\u00e4davajalik. Operaatorid peaksid j\u00e4rgima tootja juhiseid m\u00e4\u00e4rimisintervallide kohta ja kasutama soovitatud h\u00fcdraulika\u00f5li, et v\u00e4ltida kulumist.<\/p>\n<\/li>\n<li>\n<h3>Tihendi vahetamine<\/h3>\n<p>H\u00fcdraulilise terviklikkuse s\u00e4ilitamiseks tuleks tihendeid regulaarselt vahetada. Operaatorid peavad olema tihendite toimivuse j\u00e4lgimisel valvsad ja tegelema viivitamatult k\u00f5igi kulumis- v\u00f5i lekkem\u00e4rkidega, et v\u00e4ltida s\u00fcsteemi rikkeid.<\/p>\n<\/li>\n<\/ul>\n<h2>Paigaldusjuhised<\/h2>\n<p>Poomi silindri \u00f5ige paigaldamine on optimaalse j\u00f5udluse saavutamiseks \u00fclioluline. Siin on m\u00f5ned olulised sammud, mida j\u00e4rgida:<\/p>\n<ol>\n<li>Veenduge, et kinnituspinnad on puhtad ja prahist vabad.<\/li>\n<li>Joondage silinder \u00f5igesti, et v\u00e4ltida joondusvigu, mis v\u00f5ivad p\u00f5hjustada enneaegset kulumist.<\/li>\n<li>Kasutage silindri kinnitamiseks sobivaid kinnitusklambreid, tagades selle stabiilsuse ja t\u00e4pse paigutuse.<\/li>\n<li>P\u00e4rast paigaldamist kontrollige silindri \u00f5iget liikumist ja tehke vajalikud muudatused.<\/li>\n<li>Follow the manufacturer&#8217;s guidelines for torque specifications when tightening bolts and fittings.<\/li>\n<\/ol>\n<h2>Levinumad hooldust\u00f6\u00f6d<\/h2>\n<ul>\n<li>\n<h3>Regulaarsed kontrollid<\/h3>\n<p>H\u00fcdraulikas\u00fcsteemi, sealhulgas poomi silindri regulaarne kontrollimine on probleemide varajaseks tuvastamiseks \u00fclioluline. Operaatorid peaksid hindama silindri ja \u00fcmbritsevate komponentide \u00fcldist seisukorda, et veenduda k\u00f5igi korrektses toimimises.<\/p>\n<\/li>\n<li>\n<h3>Sobiv m\u00e4\u00e4rimine<\/h3>\n<p>M\u00e4\u00e4rimine on h\u00fcdraulikas\u00fcsteemide h\u00f5\u00f5rdumise ja kulumise v\u00e4hendamiseks \u00fclioluline. Operaatorid peavad j\u00e4rgima m\u00e4\u00e4rimisgraafikuid ja kasutama sobivaid h\u00fcdraulika\u00f5lisid, et tagada poomi silindri pikaealisus ja efektiivsus.<\/p>\n<\/li>\n<li>\n<h3>Tihendi vahetamine ja kalibreerimise kontrollimine<\/h3>\n<p>Tihendite regulaarne vahetamine ja ballooni kalibreerimise kontrollimine on olulised hooldust\u00f6\u00f6d. Operaatorid peaksid j\u00e4lgima tihendite toimimist ja vajadusel neid vahetama, et v\u00e4ltida lekkeid ja s\u00e4ilitada r\u00f5hk. Kalibreerimiskontrollid tagavad, et balloon t\u00f6\u00f6tab etten\u00e4htud parameetrite piires.<\/p>\n<\/li>\n<\/ul>\n<p><img decoding=\"async\" src=\"https:\/\/www.hydraulic-cylinders.net\/wp-content\/uploads\/2025\/04\/songte-chushion-collar.webp\" alt=\"Padjakaelus\" \/><\/p>\n<h2>Ohutus- ja keskkonnakaalutlused<\/h2>\n<p>H\u00fcdrauliliste silindrite kasutamisel on oluline rakendada ohutusmeetmeid, et kaitsta operaatoreid ja keskkonda. N\u00f5uetekohane koolitus t\u00f6\u00f6protseduuride ja ohutusprotokollide osas v\u00e4hendab \u00f5nnetuste ohtu. Lisaks aitab keskkonnas\u00f5bralike h\u00fcdraulika\u00f5lide kasutamine ja j\u00e4\u00e4tmete n\u00f5uetekohase k\u00f5rvaldamise tagamine v\u00e4hendada h\u00fcdrauliliste toimingute keskkonnam\u00f5ju.<\/p>\n<h2>Veaotsing ja levinud probleemid<\/h2>\n<ul>\n<li>\n<h3>Leke<\/h3>\n<p>\u00dcks levinud probleem h\u00fcdrauliliste silindrite puhul on leke. See v\u00f5ib tekkida kulunud tihendite v\u00f5i kahjustatud komponentide t\u00f5ttu. Operaatorid peaksid tihendeid regulaarselt kontrollima ja need esimeste kulumism\u00e4rkide ilmnemisel v\u00e4lja vahetama, et v\u00e4ltida edasisi kahjustusi.<\/p>\n<\/li>\n<li>\n<h3>Aeglane liikumine<\/h3>\n<p>Kui silinder t\u00f6\u00f6tab aeglaselt, v\u00f5ib see viidata madalale h\u00fcdraulikavedeliku tasemele v\u00f5i ummistustele s\u00fcsteemis. Vedeliku taseme kontrollimine ja veendumine, et h\u00fcdraulikavoolikutes pole takistusi, aitab seda probleemi lahendada.<\/p>\n<\/li>\n<li>\n<h3>Ebatavalised m\u00fcrad<\/h3>\n<p>Ebatavalised helid t\u00f6\u00f6tamise ajal v\u00f5ivad viidata sisemisele kulumisele v\u00f5i m\u00e4\u00e4rimise puudumisele. Operaatorid peaksid uurima k\u00f5iki kummalisi helisid ja tegema vajalikku hooldust, et v\u00e4ltida suuremaid rikkeid.<\/p>\n<\/li>\n<\/ul>\n<p><img decoding=\"async\" src=\"https:\/\/www.hydraulic-cylinders.net\/wp-content\/uploads\/2025\/04\/songte-bushings-with-all-kinds-of-excavator-models.webp\" alt=\"Puksid\" \/><\/p>\n<h2>Kokkuv\u00f5te<\/h2>\n<p>Meie ettev\u00f5te on spetsialiseerunud kvaliteetsete h\u00fcdrauliliste silindrite, sealhulgas Yugong WY135-8 poomisilindri tootmisele. Oleme p\u00fchendunud mitmekesise valiku h\u00fcdrauliliste lahenduste pakkumisele, mis teeb meist juhtiva tootja ja hulgim\u00fc\u00fcja nii sise- kui ka rahvusvahelistel turgudel. Meie keskendumine tipptasemele koos t\u00e4iustatud tootmisstrateegiatega tagab, et rahuldame oma klientide mitmekesiseid vajadusi suure t\u00f5hususega, t\u00e4psuse ja kvaliteediga.<\/p>\n<p>Professionaalse asjatundlikkuse, rahvusvaheliste sertifikaatide, kohandatud teenuste, t\u00e4iustatud tootmisseadmete ja usaldusv\u00e4\u00e4rse m\u00fc\u00fcgij\u00e4rgse toega oleme p\u00fchendunud oma klientidele tipptasemel toodete ja teenuste pakkumisele.<\/p>\n<p><img decoding=\"async\" src=\"https:\/\/www.hydraulic-cylinders.net\/wp-content\/uploads\/2025\/04\/songte-company-4.webp\" alt=\"Ettev\u00f5tte pilt 1\" \/><br \/>\n<img decoding=\"async\" src=\"https:\/\/www.hydraulic-cylinders.net\/wp-content\/uploads\/2025\/04\/songte-company-3.webp\" alt=\"Ettev\u00f5tte pilt 2\" \/><\/p>\n<p>Autor: lyl<\/p>","protected":false},"excerpt":{"rendered":"<p>Boom Cylinder For Yugong WY135-8 Product Overview The Boom Cylinder for Yugong WY135-8 is a specialized hydraulic cylinder designed to control the movement of the boom arm in various heavy machinery such as excavators, backhoe loaders, and front loaders. These cylinders enable the precise lifting, lowering, and tilting of equipment, thus facilitating efficient material handling [&hellip;]<\/p>","protected":false},"featured_media":17872,"comment_status":"open","ping_status":"closed","template":"","meta":{"_et_pb_use_builder":"","_et_pb_old_content":"","_et_gb_content_width":""},"product_brand":[],"product_cat":[1546],"product_tag":[1547,1496],"class_list":{"0":"post-19096","1":"product","2":"type-product","3":"status-publish","4":"has-post-thumbnail","6":"product_cat-boom-cylinders","7":"product_tag-boom-cylinders","8":"product_tag-hydraulic-cylinders","10":"first","11":"instock","12":"shipping-taxable","13":"product-type-simple"},"amp_enabled":true,"_links":{"self":[{"href":"https:\/\/www.hydraulic-cylinders.net\/et\/wp-json\/wp\/v2\/product\/19096","targetHints":{"allow":["GET"]}}],"collection":[{"href":"https:\/\/www.hydraulic-cylinders.net\/et\/wp-json\/wp\/v2\/product"}],"about":[{"href":"https:\/\/www.hydraulic-cylinders.net\/et\/wp-json\/wp\/v2\/types\/product"}],"replies":[{"embeddable":true,"href":"https:\/\/www.hydraulic-cylinders.net\/et\/wp-json\/wp\/v2\/comments?post=19096"}],"wp:featuredmedia":[{"embeddable":true,"href":"https:\/\/www.hydraulic-cylinders.net\/et\/wp-json\/wp\/v2\/media\/17872"}],"wp:attachment":[{"href":"https:\/\/www.hydraulic-cylinders.net\/et\/wp-json\/wp\/v2\/media?parent=19096"}],"wp:term":[{"taxonomy":"product_brand","embeddable":true,"href":"https:\/\/www.hydraulic-cylinders.net\/et\/wp-json\/wp\/v2\/product_brand?post=19096"},{"taxonomy":"product_cat","embeddable":true,"href":"https:\/\/www.hydraulic-cylinders.net\/et\/wp-json\/wp\/v2\/product_cat?post=19096"},{"taxonomy":"product_tag","embeddable":true,"href":"https:\/\/www.hydraulic-cylinders.net\/et\/wp-json\/wp\/v2\/product_tag?post=19096"}],"curies":[{"name":"wp","href":"https:\/\/api.w.org\/{rel}","templated":true}]}}