{"id":19099,"date":"2025-04-07T06:12:53","date_gmt":"2025-04-07T06:12:53","guid":{"rendered":"https:\/\/www.hydraulic-cylinders.net\/product\/boom-cylinder-for-grand-cme150lc\/"},"modified":"2025-04-07T06:12:55","modified_gmt":"2025-04-07T06:12:55","slug":"boom-cylinder-for-grand-cme150lc","status":"publish","type":"product","link":"https:\/\/www.hydraulic-cylinders.net\/et\/toode\/boom-cylinder-for-grand-cme150lc\/","title":{"rendered":"Poomi silinder Grand CME150LC jaoks"},"content":{"rendered":"<h1>Poomi silinder Grand CME150LC jaoks<\/h1>\n<h2>Sissejuhatus poomi silindrisse<\/h2>\n<p>Grand CME150LC noole silinder on oluline komponent, mis on loodud rasketehnika, eriti h\u00fcdraulikas\u00fcsteemide j\u00f5udluse parandamiseks. See h\u00fcdraulika silinder on \u00fclioluline mitmesuguste masinate koppade, sealhulgas ekskavaatorite, laadurite ja esilaadurite liikumise juhtimiseks. Noole silindri peamine \u00fclesanne on h\u00f5lbustada kopa t\u00f5stmist, langetamist ja kallutamist, muutes selle materjali k\u00e4itlemise \u00fclesannete jaoks h\u00e4davajalikuks.<\/p>\n<p>Sisuliselt on koppsilinder h\u00fcdrosilindri t\u00fc\u00fcp, mis on spetsiaalselt loodud raskeveokite rakenduste jaoks. See t\u00f6\u00f6tab h\u00fcdraulilise vedeliku abil r\u00f5hu tekitamiseks, mis seej\u00e4rel muundub mehaaniliseks liikumiseks. Seet\u00f5ttu m\u00e4ngib see komponent olulist rolli paljudes t\u00f6\u00f6stus- ja p\u00f5llumajandusmasinates, tagades t\u00f6\u00f6 efektiivsuse.<\/p>\n<p><img decoding=\"async\" src=\"https:\/\/www.hydraulic-cylinders.net\/wp-content\/uploads\/2025\/04\/songte-company-1.webp\" alt=\"Poomi silinder\" \/><\/p>\n<h2>Poomi silindri omadused<\/h2>\n<ul>\n<li><strong>Suur tugevus ja vastupidavus:<\/strong> K\u00f5rgtugevast terasest v\u00f5i alumiiniumist valmistatud poomi silinder talub k\u00f5rget r\u00f5hku ja suuri koormusi, mist\u00f5ttu sobib see karmideks t\u00f6\u00f6keskkondadeks.<\/li>\n<li><strong>T\u00f5hus h\u00fcdrauliline t\u00f6\u00f6:<\/strong> Silinder kasutab sujuvaks pikendamiseks ja tagasit\u00f5mbamiseks h\u00fcdraulika\u00f5li r\u00f5hku, reageerides juhtimisk\u00e4sklustele kiiresti, pakkudes tugevat t\u00f5uke- ja t\u00f5mbej\u00f5udu, mis sobib ideaalselt raskete ja keerukate \u00fclesannete t\u00e4itmiseks.<\/li>\n<li><strong>Erinevad t\u00fc\u00fcbid:<\/strong> S\u00f5ltuvalt rakendusest v\u00f5ivad silindrid olla kas \u00fchetoimelised (t\u00f6\u00f6tavad \u00fches suunas) v\u00f5i kahetoimelised (t\u00f6\u00f6tavad m\u00f5lemas suunas). Teatud mudelid on teleskoopilised, mis v\u00f5imaldab suuremat pikendust ilma v\u00e4lism\u00f5\u00f5tmeid suurendamata, mist\u00f5ttu sobivad need ideaalselt ruumikitsastesse rakendustesse.<\/li>\n<li><strong>Kohandatavad valikud:<\/strong> Poomi silindrit saab kohandada vastavalt konkreetsetele t\u00f6\u00f6n\u00f5uetele, tagades \u00fchilduvuse erinevate masinamudelite ja \u00fclesannetega.<\/li>\n<li><strong>Hoolduss\u00f5bralik disain:<\/strong> Lihtsaks hooldamiseks loodud silinder v\u00f5imaldab lihtsat kontrolli ja hooldust, et tagada pikaajaline j\u00f5udlus.<\/li>\n<\/ul>\n<p>Oleme spetsialiseerunud selle toote tootmisele, pakkudes silindreid, mis asendavad ideaalselt olemasolevaid h\u00fcdrosilindreid.<\/p>\n<p><img decoding=\"async\" src=\"https:\/\/www.hydraulic-cylinders.net\/wp-content\/uploads\/2025\/04\/songte-cylinder-head-with-all-kinds-excavator-models.webp\" alt=\"H\u00fcdraulilise silindri pea\" \/><\/p>\n<h2>Poomi silindri rakendused<\/h2>\n<h3>Ehitustehnika<\/h3>\n<p>Ehitusmasinates leidub noolesilindreid ekskavaatorites, kus need on olulised kaevamisel, laadimisel ja pinnase v\u00f5i prahi teisaldamisel. Nende v\u00f5ime pikendada ja sisse t\u00f5mmata v\u00f5imaldab paindlikku t\u00f6\u00f6tamist erinevate kaevamiss\u00fcgavuste ja nurkade korral, suurendades t\u00f6\u00f6platside tootlikkust.<\/p>\n<h3>P\u00f5llumajandustehnika<\/h3>\n<p>Esilaadurites h\u00f5lbustavad noolesilindrid mulla, heina ja muude materjalide laadimist, t\u00f5stmist ja transportimist. Need suurendavad laaduri v\u00f5imekust, v\u00f5imaldades puistematerjalide t\u00f5husamat k\u00e4itlemist, v\u00e4hendades t\u00f6\u00f6j\u00f5ukulusid ja parandades t\u00f6\u00f6kiirust.<\/p>\n<h3>Ekskavaatorid<\/h3>\n<p>Kopa silinder v\u00f5imaldab kaevamist, v\u00f5imaldades kopal t\u00f5husalt pinnasesse tungida. See on oluline kaevet\u00f6\u00f6del, kus erinevat t\u00fc\u00fcpi pinnase l\u00e4bimiseks on vaja t\u00e4psust ja v\u00f5imsust.<\/p>\n<h3>Laadurid<\/h3>\n<p>Esilaadurites aitavad noolesilindrid materjale t\u00f5husalt t\u00f5sta ja t\u00fchjendada. Need v\u00f5imaldavad kiireid peale- ja mahalaadimists\u00fckleid, aidates kaasa t\u00f5husale materjalide k\u00e4itlemisele ehitus- ja p\u00f5llumajanduskeskkonnas.<\/p>\n<h2>Projekteerimiskaalutlused ja valikukriteeriumid<\/h2>\n<h3>Kandev\u00f5ime<\/h3>\n<p>Poomi silindri kandev\u00f5ime on kriitilise t\u00e4htsusega kaalutlus, kuna see m\u00e4\u00e4rab maksimaalse raskuse, mida see ohutult taluda suudab. Oluline on valida silinder, mis suudab t\u00f6\u00f6tamise ajal eeldatavaid koormusi taluda. Selle tegemata j\u00e4tmine v\u00f5ib p\u00f5hjustada mehaanilisi rikkeid v\u00f5i ohutusriske. Rakendusn\u00f5uete anal\u00fc\u00fcsimine ja tootjatega konsulteerimine aitab valida \u00f5ige kandev\u00f5ime.<\/p>\n<h3>Tihendusmehhanismid<\/h3>\n<p>Tihendus on \u00fclioluline h\u00fcdraulilise vedeliku lekke v\u00e4ltimiseks ja t\u00f5husa t\u00f6\u00f6 tagamiseks. Kvaliteetsed tihendid, n\u00e4iteks kolvi- ja varrastihendid, on h\u00fcdraulilise s\u00fcsteemi terviklikkuse s\u00e4ilitamiseks h\u00e4davajalikud. Selliste materjalide nagu pol\u00fcuretaan ja nitriilkummi valik tihendite jaoks suurendab nende vastupidavust kulumisele ja keskkonnateguritele.<\/p>\n<h3>Vastupidavus<\/h3>\n<p>Vastupidavus on oluline tegur, mis m\u00f5jutab poomi silindri \u00fcldist eluiga. Materjal ja disain peavad vastu pidama \u00e4\u00e4rmuslikele tingimustele, sealhulgas temperatuurimuutustele ja kokkupuutele abrasiivsete materjalidega. Tootjad kasutavad silindri vastupidavuse suurendamiseks sageli t\u00e4iustatud tehnikaid, tagades usaldusv\u00e4\u00e4rse j\u00f5udluse pikema aja jooksul.<\/p>\n<h3>Turvaelemendid<\/h3>\n<p>H\u00fcdraulilistes s\u00fcsteemides on ohutus \u00e4\u00e4rmiselt oluline. Poomi silindri konstruktsioon peaks sisaldama selliseid funktsioone nagu r\u00f5huvabastusventiilid ja rikkeohutusmehhanismid, et v\u00e4ltida \u00f5nnetusi t\u00f6\u00f6tamise ajal. Regulaarne testimine ja ohutusstandardite j\u00e4rgimine on t\u00f6\u00f6korras terviklikkuse s\u00e4ilitamiseks h\u00e4davajalikud.<\/p>\n<h3>Hoolduskaalutlused<\/h3>\n<p>Hoolduse lihtsus on disaini seisukohalt oluline aspekt. Silinder peaks v\u00f5imaldama kiiret kontrolli ja hooldust ilma ulatusliku lahtiv\u00f5tmiseta. Levinud kulumiskohtade, n\u00e4iteks tihendite ja laagrite arvestamine projekteerimisel v\u00f5ib lihtsustada hooldusprotsessi, tagades masinate t\u00f6\u00f6korras p\u00fcsimise minimaalse seisakuajaga.<\/p>\n<p><img decoding=\"async\" src=\"https:\/\/www.hydraulic-cylinders.net\/wp-content\/uploads\/2025\/04\/songte-oil-pipes-and-spare-parts.webp\" alt=\"H\u00fcdraulilised osad\" \/><\/p>\n<h2>Tihendus ja m\u00e4\u00e4rimine<\/h2>\n<p>H\u00fcdrauliliste silindrite t\u00f5husa t\u00f6\u00f6 tagamiseks on tihendamine ja m\u00e4\u00e4rimine \u00fcliolulised. Lekete ja saastumise v\u00e4ltimiseks kasutatakse mitmesuguseid tihendeid, sealhulgas kolvitihendeid ja varrastihendeid. Vastupidavate materjalide, n\u00e4iteks pol\u00fcuretaani ja nitriilkummi kasutamine suurendab kulumiskindlust ja pikaealisust.<\/p>\n<p>Silindri korpus ja keermestatud otsapinnad l\u00e4bivad t\u00e4pse t\u00f6\u00f6tluse, et parandada kulumiskindlust, tagades aja jooksul usaldusv\u00e4\u00e4rse tihendi. Regulaarne m\u00e4\u00e4rimine h\u00fcdraulika\u00f5liga on vajalik h\u00f5\u00f5rdumise ja kulumise v\u00e4hendamiseks, pikendades silindri eluiga ja enneaegset riket.<\/p>\n<h2>Ennetavad hooldusmeetmed<\/h2>\n<ul>\n<li><strong>Regulaarsed kontrollid:<\/strong> Regulaarsete kontrollide tegemine aitab kulumist ja v\u00f5imalikke probleeme varakult tuvastada, v\u00e4ltides kulukaid remondit\u00f6id.<\/li>\n<li><strong>Sobiv m\u00e4\u00e4rimine:<\/strong> Piisava m\u00e4\u00e4rimise tagamine v\u00e4hendab h\u00f5\u00f5rdumist ja kulumist, parandades silindri j\u00f5udlust.<\/li>\n<li><strong>Tihendi vahetamine:<\/strong> H\u00fcdraulilise terviklikkuse s\u00e4ilitamiseks ja lekete v\u00e4ltimiseks on \u00fclioluline tihendite \u00f5igeaegne vahetamine.<\/li>\n<\/ul>\n<h2>Paigaldusjuhised<\/h2>\n<p>Poomi silindri \u00f5ige paigaldamine on selle t\u00f5husa t\u00f6\u00f6 tagamiseks h\u00e4davajalik. Alustage veendumisest, et kinnituspinnad on puhtad ja prahist vabad. Paigaldamise ajal joondage silinder t\u00e4pselt, et v\u00e4ltida joondamise k\u00f5rvalekaldeid, mis v\u00f5ivad p\u00f5hjustada enneaegset kulumist.<\/p>\n<p>Kasutage silindri kinnitamiseks sobivaid kinnitusklambreid. Veenduge, et k\u00f5ik poldid ja kinnitusdetailid oleksid tootja spetsifikatsioonide kohaselt pingutatud, et v\u00e4ltida igasugust liikumist t\u00f6\u00f6tamise ajal. P\u00e4rast paigaldamist tehke funktsionaalne kontroll, et veenduda silindri sujuvas toimimises k\u00f5igis etten\u00e4htud liikumisulatustes. Dokumenteerige paigaldusprotsess edaspidiseks kasutamiseks ja hoolduseks.<\/p>\n<h2>Levinumad hooldust\u00f6\u00f6d<\/h2>\n<h3>Regulaarsed kontrollid<\/h3>\n<p>Regulaarsete kontrollide tegemine on \u00fclioluline kulumise, lekete ja v\u00f5imalike probleemide varajaseks avastamiseks. Kontrollige tihendeid ja \u00fchendusi kulumism\u00e4rkide suhtes ning kontrollige optimaalse t\u00f6\u00f6 tagamiseks h\u00fcdraulikavedeliku taset.<\/p>\n<h3>\u00d5ige m\u00e4\u00e4rimine<\/h3>\n<p>N\u00f5uetekohase m\u00e4\u00e4rimise s\u00e4ilitamine on oluline h\u00f5\u00f5rdumise v\u00e4ltimiseks ja silindri eluea pikendamiseks. Veenduge, et h\u00fcdraulika\u00f5li oleks t\u00e4idetud soovitatud tasemeni ja et m\u00e4\u00e4rimispunkte hooldataks regulaarselt.<\/p>\n<h3>Tihendi vahetamine ja kalibreerimine<\/h3>\n<p>H\u00fcdraulilise efektiivsuse s\u00e4ilitamiseks kontrollige regulaarselt tihendite kulumist ja vahetage need vastavalt vajadusele. Samuti tuleks teha kalibreerimiskontrolle, et tagada silindri t\u00f6\u00f6tamine etten\u00e4htud parameetrite piires, v\u00e4hendades rikkeohtu.<\/p>\n<p><img decoding=\"async\" src=\"https:\/\/www.hydraulic-cylinders.net\/wp-content\/uploads\/2025\/04\/songte-chushion-collar.webp\" alt=\"Padjakaelus\" \/><\/p>\n<h2>Ohutuskaalutlused ja keskkonnategurid<\/h2>\n<p>H\u00fcdrauliliste s\u00fcsteemide kasutamisel on \u00f5nnetuste v\u00e4ltimiseks \u00fclioluline rakendada ohutusmeetmeid. N\u00f5uetekohaste ohutusprotokollide rakendamine, n\u00e4iteks operaatorite koolitamine ja regulaarne seadmete kontroll, aitab oluliselt v\u00e4hendada h\u00fcdrauliliste silindrite t\u00f6\u00f6ga seotud riske.<\/p>\n<h2>Veaotsing ja levinud probleemid<\/h2>\n<h3>H\u00fcdraulilise vedeliku lekked<\/h3>\n<p>H\u00fcdraulikavedeliku lekked on levinud probleem, mis v\u00f5ib tuleneda kulunud tihenditest v\u00f5i valesti pingutatud \u00fchendustest. Kontrollige silindrit n\u00e4htavate vedeliku lekke m\u00e4rkide suhtes ja vahetage tihendid vastavalt vajadusele v\u00e4lja, et taastada funktsionaalsus.<\/p>\n<h3>Aeglane silindri liikumine<\/h3>\n<p>Kui poomi silinder t\u00f6\u00f6tab aeglaselt, v\u00f5ib see viidata madalale h\u00fcdraulikavedeliku tasemele v\u00f5i s\u00fcsteemi saastumisele. Veenduge, et vedeliku tase on piisav ja filtrid on puhtad, et tagada sujuv t\u00f6\u00f6.<\/p>\n<h3>Ebatavalised m\u00fcrad<\/h3>\n<p>Ebatavalised m\u00fcrad t\u00f6\u00f6tamise ajal v\u00f5ivad viidata sisemistele probleemidele, n\u00e4iteks kavitatsioonile v\u00f5i komponentide kulumisele. M\u00fcra allika uurimine ja kiire k\u00f5rvaldamine on edasiste kahjustuste v\u00e4ltimiseks oluline.<\/p>\n<p>V\u00f5imalike probleemide minimeerimiseks on operaatorite regulaarne hooldus ja koolitus \u00fcliolulised. S\u00fcsteemi toimivuse t\u00e4helepanelik j\u00e4lgimine aitab probleeme m\u00e4rgata enne, kui need olulisteks t\u00f5rgeteks eskaleeruvad.<\/p>\n<p><img decoding=\"async\" src=\"https:\/\/www.hydraulic-cylinders.net\/wp-content\/uploads\/2025\/04\/songte-bushings-with-all-kinds-of-excavator-models.webp\" alt=\"Puksid\" \/><\/p>\n<h2>Meie ettev\u00f5ttest<\/h2>\n<p>Oleme alternatiivsetele lahendustele spetsialiseerunud h\u00fcdrosilindrite juhtiv tootja ja hulgim\u00fc\u00fcja. Meie ulatuslik tootevalik on teinud meist nii sise- kui ka rahvusvahelisel turul \u00fche juhtiva tootja. Meie eesm\u00e4rk on pakkuda tippkvaliteeti, mida toetab meie t\u00e4iustatud tootmist\u00f6\u00f6kodades rakendatav industrialiseeritud tootmisjuhtimise strateegia.<\/p>\n<p>Meie p\u00fchendumus innovatsioonile ilmneb meie oskuslikust t\u00f6\u00f6j\u00f5ust, t\u00e4iustatud digitaalsetest tootmisseadmetest ja professionaalsetest testimiss\u00fcsteemidest. See meie tootmisplatvormi ja tootekvaliteedi pidev t\u00e4iustamine suurendab meie v\u00f5imet rahuldada t\u00f5husalt klientide mitmekesiseid vajadusi.<\/p>\n<p>Pakume ka kohandamisteenuseid, tagades, et meie tooted vastavad konkreetsetele n\u00f5uetele. Meie rahvusvahelised sertifikaadid peegeldavad meie p\u00fchendumust kvaliteedile ja ohutusele ning meie tugev m\u00fc\u00fcgij\u00e4rgne teenindus tagab klientide rahulolu.<\/p>\n<p><img decoding=\"async\" src=\"https:\/\/www.hydraulic-cylinders.net\/wp-content\/uploads\/2025\/04\/songte-company-4.webp\" alt=\"Ettev\u00f5tte pilt 1\" \/><br \/>\n<img decoding=\"async\" src=\"https:\/\/www.hydraulic-cylinders.net\/wp-content\/uploads\/2025\/04\/songte-company-3.webp\" alt=\"Ettev\u00f5tte pilt 2\" \/><\/p>\n<p>Autor: lyl<\/p>","protected":false},"excerpt":{"rendered":"<p>Boom Cylinder For Grand CME150LC Introduction to Boom Cylinder The Boom Cylinder for the Grand CME150LC is an essential component designed to enhance the performance of heavy machinery, particularly in hydraulic systems. This hydraulic cylinder is crucial for controlling the movement of various machinery buckets, including excavators, backhoes, and front loaders. The primary function of [&hellip;]<\/p>","protected":false},"featured_media":17875,"comment_status":"open","ping_status":"closed","template":"","meta":{"_et_pb_use_builder":"","_et_pb_old_content":"","_et_gb_content_width":""},"product_brand":[],"product_cat":[1546],"product_tag":[1547,1496],"class_list":{"0":"post-19099","1":"product","2":"type-product","3":"status-publish","4":"has-post-thumbnail","6":"product_cat-boom-cylinders","7":"product_tag-boom-cylinders","8":"product_tag-hydraulic-cylinders","10":"first","11":"instock","12":"shipping-taxable","13":"product-type-simple"},"amp_enabled":true,"_links":{"self":[{"href":"https:\/\/www.hydraulic-cylinders.net\/et\/wp-json\/wp\/v2\/product\/19099","targetHints":{"allow":["GET"]}}],"collection":[{"href":"https:\/\/www.hydraulic-cylinders.net\/et\/wp-json\/wp\/v2\/product"}],"about":[{"href":"https:\/\/www.hydraulic-cylinders.net\/et\/wp-json\/wp\/v2\/types\/product"}],"replies":[{"embeddable":true,"href":"https:\/\/www.hydraulic-cylinders.net\/et\/wp-json\/wp\/v2\/comments?post=19099"}],"wp:featuredmedia":[{"embeddable":true,"href":"https:\/\/www.hydraulic-cylinders.net\/et\/wp-json\/wp\/v2\/media\/17875"}],"wp:attachment":[{"href":"https:\/\/www.hydraulic-cylinders.net\/et\/wp-json\/wp\/v2\/media?parent=19099"}],"wp:term":[{"taxonomy":"product_brand","embeddable":true,"href":"https:\/\/www.hydraulic-cylinders.net\/et\/wp-json\/wp\/v2\/product_brand?post=19099"},{"taxonomy":"product_cat","embeddable":true,"href":"https:\/\/www.hydraulic-cylinders.net\/et\/wp-json\/wp\/v2\/product_cat?post=19099"},{"taxonomy":"product_tag","embeddable":true,"href":"https:\/\/www.hydraulic-cylinders.net\/et\/wp-json\/wp\/v2\/product_tag?post=19099"}],"curies":[{"name":"wp","href":"https:\/\/api.w.org\/{rel}","templated":true}]}}