{"id":19114,"date":"2025-04-07T06:13:31","date_gmt":"2025-04-07T06:13:31","guid":{"rendered":"https:\/\/www.hydraulic-cylinders.net\/product\/boom-cylinder-for-volvo-middle-excavator-ec200bp\/"},"modified":"2025-04-07T06:13:33","modified_gmt":"2025-04-07T06:13:33","slug":"boom-cylinder-for-volvo-middle-excavator-ec200bp","status":"publish","type":"product","link":"https:\/\/www.hydraulic-cylinders.net\/et\/toode\/boom-cylinder-for-volvo-middle-excavator-ec200bp\/","title":{"rendered":"Volvo keskmise ekskavaatori EC200BP poomi silinder"},"content":{"rendered":"<h1>Volvo keskmise ekskavaatori EC200BP poomi silinder<\/h1>\n<h2>Toote \u00fclevaade<\/h2>\n<p>Volvo keskmise ekskavaatori EC200BP noole silinder on ekskavaatorite h\u00fcdros\u00fcsteemi oluline komponent. See h\u00fcdrosilinder on spetsiaalselt loodud noole liikumise juhtimiseks, v\u00f5imaldades t\u00e4pset t\u00f5stmist, langetamist ja kallutamist. Rasketehnikas, nagu ekskavaatorid, kopalaadurid ja esilaadurid, m\u00e4ngib kopa silinder olulist rolli materjalide transportimise t\u00f5husal teostamisel.<\/p>\n<p><img decoding=\"async\" src=\"https:\/\/www.hydraulic-cylinders.net\/wp-content\/uploads\/2025\/04\/songte-company-1.webp\" alt=\"Poomi silinder\" \/><\/p>\n<h3>Kopasilindri m\u00e4\u00e4ratlus<\/h3>\n<p>Kopa silinder on h\u00fcdraulilise silindri t\u00fc\u00fcp, mis on ette n\u00e4htud kopa liikumise juhtimiseks erinevates rasketes masinates. See v\u00f5imaldab kopal t\u00f5sta, langetada ja kallutada, h\u00f5lbustades t\u00f5husat materjalide k\u00e4itlemist. Nende silindrite t\u00f6\u00f6 on \u00fclioluline, v\u00f5imaldades mitmesuguseid rakendusi alates kaevamisest kuni materjalide t\u00f5stmise ja transportimiseni.<\/p>\n<h2>Poomi silindri p\u00f5hijooned<\/h2>\n<ul>\n<li><strong>Suur tugevus ja vastupidavus:<\/strong> Tavaliselt \u00fclitugevast terasest v\u00f5i alumiiniumist valmistatud silindrid taluvad k\u00f5rget r\u00f5hku ja suuri koormusi, mist\u00f5ttu sobivad need karmidesse t\u00f6\u00f6keskkondadesse.<\/li>\n<li><strong>T\u00f5hus h\u00fcdrauliline t\u00f6\u00f6:<\/strong> Sujuva pikenemise ja tagasit\u00f5mbamise saavutamiseks kasutavad nad h\u00fcdraulilist \u00f5lir\u00f5hku, pakkudes tugevat t\u00f5mbe- ja t\u00f5ukej\u00f5udu raskete materjalide ja keerukate \u00fclesannete k\u00e4sitsemiseks.<\/li>\n<li><strong>Erinevad t\u00fc\u00fcbid:<\/strong> Saadaval \u00fchetoimelise (h\u00fcdraulika abil \u00fches suunas) v\u00f5i kahetoimelise (h\u00fcdraulika abil m\u00f5lemas suunas) konfiguratsioonina ning m\u00f5nel mudelil on isegi teleskoopkonstruktsioon, mis tagab suurema ulatuse ilma v\u00e4lism\u00f5\u00f5tmeid suurendamata.<\/li>\n<li><strong>Korrosioonikindlus:<\/strong> Valmistatud korrosiooni- ja kulumiskindlatest materjalidest, pikendades silindri eluiga ja t\u00f6\u00f6kindlust.<\/li>\n<li><strong>T\u00e4ppistehnika:<\/strong> Valmistatud suure t\u00e4psusega, et tagada optimaalne j\u00f5udlus ja t\u00f6\u00f6kindlus n\u00f5udlikes rakendustes.<\/li>\n<\/ul>\n<p>Meie toode suudab neid h\u00fcdrosilindreid ideaalselt asendada, pakkudes erakordset j\u00f5udlust ja t\u00f6\u00f6kindlust.<\/p>\n<p><img decoding=\"async\" src=\"https:\/\/www.hydraulic-cylinders.net\/wp-content\/uploads\/2025\/04\/songte-cylinder-head-with-all-kinds-excavator-models.webp\" alt=\"Ekskavaatorite h\u00fcdrauliline silinder\" \/><\/p>\n<h2>Poomi silindri rakendused<\/h2>\n<h3>Ehitustehnika<\/h3>\n<p>Ekskavaatorites on noole silindrid \u00fcliolulised pinnase v\u00f5i prahi kaevamiseks, laadimiseks ja teisaldamiseks. Nende konstruktsioon v\u00f5imaldab operaatoritel saavutada maksimaalse pinnasesse tungimise, muutes kaevet\u00f6\u00f6d t\u00f5husaks ja tulemuslikuks. Noole nurga juhtimise v\u00f5imalus suurendab ekskavaatorite mitmek\u00fclgsust ehitusplatsidel, v\u00f5imaldades erinevat t\u00fc\u00fcpi t\u00f6id alates tasandamisest kuni kraavide kaevamiseni.<\/p>\n<h3>P\u00f5llumajandustehnika<\/h3>\n<p>Esilaadurite noolesilindrite kasutamine v\u00f5imaldab mulda, heina ja muid materjale t\u00f5husalt kopaga t\u00f5sta, t\u00f5sta ja transportida. Nende vastupidavus tagab, et p\u00f5llumehed saavad hakkama raskete koormatega, muretsemata seadmete rikete p\u00e4rast, suurendades seel\u00e4bi tootlikkust koristamise ja maakorraldust\u00f6\u00f6de ajal.<\/p>\n<h3>Ekskavaatorid<\/h3>\n<p>Ekskavaatorites h\u00f5lbustavad noolesilindrid kaevamist, v\u00f5imaldades kopal s\u00fcgavale pinnasesse tungida. See v\u00f5ime suurendab oluliselt masina \u00fcldist kaevamise efektiivsust, muutes selle kaevamisprojektide ajal seadmete asendamatuks osaks.<\/p>\n<h3>Laadurid<\/h3>\n<p>Esilaadurites aitavad noolesilindrid materjale t\u00f5husalt t\u00f5sta ja t\u00fchjendada. See funktsioon on oluline selliste toimingute puhul nagu veoautode laadimine v\u00f5i materjalide jaotamine kogu ehitusplatsil, tagades \u00fclesannete kiire ja t\u00f5husa t\u00e4itmise.<\/p>\n<h2>Projekteerimiskaalutlused ja valikukriteeriumid<\/h2>\n<h3>Kandev\u00f5ime<\/h3>\n<p>Poomi silindri valimisel on kandev\u00f5ime m\u00f5istmine \u00fclioluline. Silinder peab suutma taluda maksimaalset raskust, millele see t\u00f6\u00f6tamise ajal m\u00f5jub. Ebapiisava kandev\u00f5imega silinder v\u00f5ib rikki minna, mis toob kaasa kulukaid seisakuid ja v\u00f5imalikke ohutusriske.<\/p>\n<h3>Tihendi terviklikkus<\/h3>\n<p>H\u00fcdrauliliste silindrite puhul on tihendus kriitilise t\u00e4htsusega, et v\u00e4ltida vedeliku leket ja tagada t\u00f5hus t\u00f6\u00f6. Kvaliteetsed tihendid, mis on valmistatud vastupidavatest materjalidest, n\u00e4iteks pol\u00fcuretaanist v\u00f5i nitriilkummist, on vajalikud tihendi terviklikkuse s\u00e4ilitamiseks aja jooksul isegi \u00e4\u00e4rmuslike r\u00f5hu- ja temperatuurik\u00f5ikumiste korral.<\/p>\n<h3>Vastupidavus<\/h3>\n<p>Poomi silindri vastupidavust m\u00f5jutavad selle materjalid ja valmistusmeetodid. Silindrid peavad vastu pidama karmidele t\u00f6\u00f6tingimustele, sealhulgas kokkupuutele erinevate elementidega ja raskele kasutamisele. Pikaealiseks disainitud toote valimine v\u00f5ib oluliselt v\u00e4hendada hoolduskulusid ja suurendada \u00fcldist efektiivsust.<\/p>\n<h3>Turvaelemendid<\/h3>\n<p>Ohutuselementide lisamine noole silindri konstruktsiooni on oluline operaatorite ja seadmete kaitsmiseks. Nende omaduste hulka v\u00f5ivad kuuluda \u00fcler\u00f5huventiilid ja t\u00e4iustatud lukustusmehhanismid, mis takistavad juhuslikke liikumisi hoolduse v\u00f5i t\u00f6\u00f6tamise ajal.<\/p>\n<h3>Hoolduskaalutlused<\/h3>\n<p>Lihtne hooldus on noolesilindri valimisel \u00fclioluline kaalutlus. Komponendid peaksid olema konstrueeritud nii, et neid oleks lihtne kontrollida ja parandada, v\u00f5imaldades minimaalset seisakut ja tagades masina v\u00f5imalikult pika t\u00f6\u00f6korras p\u00fcsimise. Regulaarsed hoolduskontrollid on seadmete eluea pikendamiseks \u00fcliolulised.<\/p>\n<p><img decoding=\"async\" src=\"https:\/\/www.hydraulic-cylinders.net\/wp-content\/uploads\/2025\/04\/songte-oil-pipes-and-spare-parts.webp\" alt=\"H\u00fcdraulilised komponendid\" \/><\/p>\n<h2>Silindri tihendamine ja m\u00e4\u00e4rimine<\/h2>\n<p>H\u00fcdrauliliste silindrite sujuva t\u00f6\u00f6 tagamiseks on oluline t\u00f5hus tihendamine ja m\u00e4\u00e4rimine. Vedeliku lekete v\u00e4ltimiseks ja r\u00f5hu s\u00e4ilitamiseks kasutatakse mitmesuguseid tihenduskomponente, n\u00e4iteks kolvitihendeid ja varrastihendeid. Kulumiskindluse tagamiseks valitakse kvaliteetsed tihendusmaterjalid, nagu pol\u00fcuretaan ja nitriilkummi. Lisaks on silindri korpus ja keermestatud otsapinnad peenelt t\u00f6\u00f6deldud, et suurendada vastupidavust. Sujuva t\u00f6\u00f6 tagamiseks ja kulumise v\u00e4ltimiseks aja jooksul on vajalik regulaarne m\u00e4\u00e4rimine sobiva h\u00fcdraulika\u00f5liga.<\/p>\n<h2>Regulaarne kontroll ja ennetavad hooldusmeetmed<\/h2>\n<ul>\n<li><strong>Rutiinsed kontrollid:<\/strong> Regulaarsete kontrollide tegemine lekete, kulumise v\u00f5i kahjustuste avastamiseks tagab v\u00f5imalike probleemide varajase avastamise, mis v\u00f5ivad lahendamata j\u00e4tmise korral s\u00fcveneda.<\/li>\n<li><strong>M\u00e4\u00e4rimine:<\/strong> Silindri regulaarne m\u00e4\u00e4rimine \u00f5iget t\u00fc\u00fcpi h\u00fcdraulika\u00f5liga on oluline j\u00f5udluse s\u00e4ilitamiseks ja tihendite eluea pikendamiseks.<\/li>\n<li><strong>Tihendi vahetamine:<\/strong> Tihendite kulumise kontrollimine ja vajadusel vahetamine on h\u00fcdraulilise terviklikkuse s\u00e4ilitamiseks ja lekete v\u00e4ltimiseks \u00fclioluline.<\/li>\n<\/ul>\n<h2>Paigaldusjuhised<\/h2>\n<p>Poomi silindri \u00f5ige paigaldamine on optimaalse j\u00f5udluse saavutamiseks \u00fclioluline. Alustage veendumisest, et k\u00f5ik kinnituspunktid on prahi ja kahjustusteta. Joondage silinder \u00f5igesti, kasutades selle kinnitamiseks sobivaid kinnitusklambreid. Oluline on j\u00e4rgida tootja spetsifikatsioone p\u00f6\u00f6rdemomendi s\u00e4tete ja paigutuse kohta. P\u00e4rast paigaldamist testige silindri toimimist, et veenduda selle etten\u00e4htud otstarbel toimimises, ja kontrollige lekke m\u00e4rke. Kontrollige paigaldust regulaarselt ja reguleerige vastavalt vajadusele, et s\u00e4ilitada joondus.<\/p>\n<h2>Levinumad hooldust\u00f6\u00f6d<\/h2>\n<ul>\n<li><strong>Regulaarsed kontrollid:<\/strong> Regulaarsete kulumise, lekete ja \u00fcldise seisukorra kontrollide tegemine aitab \u00e4ra hoida t\u00f5sisemaid probleeme. Varajane avastamine on rikete v\u00e4ltimiseks v\u00f5tmet\u00e4htsusega.<\/li>\n<li><strong>\u00d5ige m\u00e4\u00e4rimine:<\/strong> Silindri piisava m\u00e4\u00e4rimise tagamine hoiab \u00e4ra liigse kulumise, pikendab selle eluiga ja parandab j\u00f5udlust.<\/li>\n<li><strong>Tihendi vahetamine ja kalibreerimise kontrollimine:<\/strong> Kulunud tihendite regulaarne kontrollimine ja vahetamine aitab s\u00e4ilitada h\u00fcdraulikas\u00fcsteemi r\u00f5hku ja efektiivsust. Kalibreerimiskontrollid tagavad, et silinder t\u00f6\u00f6tab etten\u00e4htud piirides.<\/li>\n<\/ul>\n<h2>Ohutuskaalutlused ja keskkonnategurid<\/h2>\n<p>H\u00fcdrauliliste toodete, n\u00e4iteks noolesilindrite kasutamisel on ohutusmeetmed \u00fcliolulised. Operaatorite n\u00f5uetekohane v\u00e4lja\u00f5pe aitab minimeerida \u00f5nnetuste ohtu. Lisaks aitab hoolduse ja k\u00e4itamise ajal keskkonnajuhiste j\u00e4rgimine v\u00e4hendada keskkonnam\u00f5ju, tagades h\u00fcdraulikavedelike \u00f5ige k\u00f5rvaldamise saastumise v\u00e4ltimiseks.<\/p>\n<h2>Veaotsing ja levinud probleemid<\/h2>\n<ul>\n<li><strong>H\u00fcdraulilise vedeliku lekked:<\/strong> Lekked, mida tavaliselt p\u00f5hjustavad kulunud tihendid, v\u00f5ivad v\u00e4hendada j\u00f5udlust. Kontrollige tihendeid regulaarselt ja vahetage need vastavalt vajadusele v\u00e4lja.<\/li>\n<li><strong>Aeglane v\u00f5i ebakindel liikumine:<\/strong> Sageli viitab see \u00f5hule h\u00fcdraulikas\u00fcsteemis v\u00f5i madalale vedeliku tasemele. S\u00fcsteemi \u00f5hutamine ja \u00f5ige vedeliku taseme tagamine v\u00f5ivad need probleemid lahendada.<\/li>\n<li><strong>Ebatavalised helid:<\/strong> T\u00f6\u00f6tamise ajal tekkivad m\u00fcrad v\u00f5ivad viidata sisemistele kahjustustele v\u00f5i m\u00e4\u00e4rimise puudumisele. Uurige kohe, mis see on, et v\u00e4ltida edasisi kahjustusi.<\/li>\n<\/ul>\n<h2>Veaotsingu n\u00e4pun\u00e4ited ja lahendused<\/h2>\n<p>T\u00f5husa diagnoosi ja probleemide lahendamise tagamiseks j\u00e4rgige neid juhiseid:<\/p>\n<ul>\n<li>Kontrollige \u00f5litaset ja lisage vajadusel \u00f5li, et v\u00e4ltida madala r\u00f5hu probleeme.<\/li>\n<li>Kontrollige tihendeid ja vahetage need v\u00e4lja, et v\u00e4ltida lekkeid ja s\u00e4ilitada s\u00fcsteemi terviklikkus.<\/li>\n<li>Veenduge, et k\u00f5ik \u00fchendused oleksid tihedalt kinni ja kulumiskindlad, et v\u00e4ltida \u00f5hulekkeid.<\/li>\n<\/ul>\n<p><img decoding=\"async\" src=\"https:\/\/www.hydraulic-cylinders.net\/wp-content\/uploads\/2025\/04\/songte-bushings-with-all-kinds-of-excavator-models.webp\" alt=\"H\u00fcdrauliline puks\" \/><\/p>\n<h2>Ettev\u00f5tte \u00fclevaade<\/h2>\n<p>Oleme asendush\u00fcdrauliliste silindrite tootja, pakkudes laia tootevalikut. Olles \u00fcks juhtivaid tootjaid ja hulgim\u00fc\u00fcjaid nii sise- kui ka rahvusvahelistel turgudel, j\u00e4rgime kvaliteedi tipptaseme p\u00f5him\u00f5tteid. Meie peen tootmist\u00f6\u00f6koda kasutab t\u00e4iustatud digitaalseid tootmisseadmeid ja professionaalseid testimiss\u00fcsteeme, t\u00e4iustades pidevalt oma tootmisv\u00f5imalusi. Oleme uhked oma k\u00f5rge efektiivsuse, t\u00e4psuse ja kvaliteedi \u00fcle, et rahuldada klientide mitmekesiseid vajadusi.<\/p>\n<p><img decoding=\"async\" src=\"https:\/\/www.hydraulic-cylinders.net\/wp-content\/uploads\/2025\/04\/songte-company-4.webp\" alt=\"Ettev\u00f5tte \u00fclevaade\" \/><br \/>\n<img decoding=\"async\" src=\"https:\/\/www.hydraulic-cylinders.net\/wp-content\/uploads\/2025\/04\/songte-company-3.webp\" alt=\"Ettev\u00f5tte rajatis\" \/><\/p>\n<p>Meie p\u00fchendumus laieneb professionaalsetele teenustele, rahvusvahelistele sertifikaatidele ja kohandatud lahendustele. Tipptasemel tootmisseadmete ja p\u00fchendunud m\u00fc\u00fcgij\u00e4rgse teenindusega tagame klientide rahulolu ja pideva toe k\u00f5igile meie toodetele.<\/p>\n<p>Autor: lyl<\/p>","protected":false},"excerpt":{"rendered":"<p>Boom Cylinder For Volvo Middle Excavator EC200BP Product Overview The Boom Cylinder for Volvo Middle Excavator EC200BP is an essential component in the hydraulic system of excavators. This hydraulic cylinder is specifically designed to control the movement of the boom, allowing for precise lifting, lowering, and tilting. In heavy machinery such as excavators, backhoes, and [&hellip;]<\/p>","protected":false},"featured_media":17875,"comment_status":"open","ping_status":"closed","template":"","meta":{"_et_pb_use_builder":"","_et_pb_old_content":"","_et_gb_content_width":""},"product_brand":[],"product_cat":[1546],"product_tag":[1547,1496],"class_list":{"0":"post-19114","1":"product","2":"type-product","3":"status-publish","4":"has-post-thumbnail","6":"product_cat-boom-cylinders","7":"product_tag-boom-cylinders","8":"product_tag-hydraulic-cylinders","10":"first","11":"instock","12":"shipping-taxable","13":"product-type-simple"},"amp_enabled":true,"_links":{"self":[{"href":"https:\/\/www.hydraulic-cylinders.net\/et\/wp-json\/wp\/v2\/product\/19114","targetHints":{"allow":["GET"]}}],"collection":[{"href":"https:\/\/www.hydraulic-cylinders.net\/et\/wp-json\/wp\/v2\/product"}],"about":[{"href":"https:\/\/www.hydraulic-cylinders.net\/et\/wp-json\/wp\/v2\/types\/product"}],"replies":[{"embeddable":true,"href":"https:\/\/www.hydraulic-cylinders.net\/et\/wp-json\/wp\/v2\/comments?post=19114"}],"wp:featuredmedia":[{"embeddable":true,"href":"https:\/\/www.hydraulic-cylinders.net\/et\/wp-json\/wp\/v2\/media\/17875"}],"wp:attachment":[{"href":"https:\/\/www.hydraulic-cylinders.net\/et\/wp-json\/wp\/v2\/media?parent=19114"}],"wp:term":[{"taxonomy":"product_brand","embeddable":true,"href":"https:\/\/www.hydraulic-cylinders.net\/et\/wp-json\/wp\/v2\/product_brand?post=19114"},{"taxonomy":"product_cat","embeddable":true,"href":"https:\/\/www.hydraulic-cylinders.net\/et\/wp-json\/wp\/v2\/product_cat?post=19114"},{"taxonomy":"product_tag","embeddable":true,"href":"https:\/\/www.hydraulic-cylinders.net\/et\/wp-json\/wp\/v2\/product_tag?post=19114"}],"curies":[{"name":"wp","href":"https:\/\/api.w.org\/{rel}","templated":true}]}}