{"id":19117,"date":"2025-04-07T06:13:38","date_gmt":"2025-04-07T06:13:38","guid":{"rendered":"https:\/\/www.hydraulic-cylinders.net\/product\/boom-cylinder-for-volvo-middle-excavator-ec240bl\/"},"modified":"2025-04-07T06:13:40","modified_gmt":"2025-04-07T06:13:40","slug":"boom-cylinder-for-volvo-middle-excavator-ec240bl","status":"publish","type":"product","link":"https:\/\/www.hydraulic-cylinders.net\/et\/toode\/boom-cylinder-for-volvo-middle-excavator-ec240bl\/","title":{"rendered":"Volvo keskmise ekskavaatori EC240BL poomi silinder"},"content":{"rendered":"<h1>Volvo keskmise ekskavaatori EC240BL poomi silinder<\/h1>\n<h2>Toote \u00fclevaade<\/h2>\n<p>Volvo keskmise ekskavaatori EC240BL noole silinder on oluline h\u00fcdrauliline komponent, mis on loodud ekskavaatori noole liikumise juhtimiseks. Spetsiaalse h\u00fcdraulilise silindrina v\u00f5imaldab see noole t\u00f5stmist, langetamist ja kallutamist, h\u00f5lbustades t\u00f5husaid materjalik\u00e4itlust\u00f6id. H\u00fcdraulikas\u00fcsteemides m\u00e4ngivad noole silindrid olulist rolli, pakkudes vajalikku j\u00f5udu raskete masinate, n\u00e4iteks ekskavaatorite, laadur-ekskavaatori ja esilaaduri k\u00e4itamiseks. Noole silindrite funktsionaalsus suurendab oluliselt nende masinate tootlikkust ja mitmek\u00fclgsust.<\/p>\n<p><img decoding=\"async\" src=\"https:\/\/www.hydraulic-cylinders.net\/wp-content\/uploads\/2025\/04\/songte-company-1.webp\" alt=\"Poomi silindri pilt\" \/><\/p>\n<h2>Poomi silindri omadused<\/h2>\n<ul>\n<li><strong>Suur tugevus ja vastupidavus:<\/strong> Need \u00fclitugevast terasest v\u00f5i alumiiniumist valmistatud silindrid taluvad k\u00f5rget r\u00f5hku ja suuri koormusi, olles loodud vastu pidama karmidele t\u00f6\u00f6keskkondadele ning omades kulumiskindlust ja korrosioonikindlust, mis pikendab nende eluiga.<\/li>\n<li><strong>T\u00f5hus h\u00fcdrauliline t\u00f6\u00f6:<\/strong> H\u00fcdraulilise \u00f5li r\u00f5hu abil tagavad need silindrid sujuva ja tundliku liikumise, tekitades tugevaid t\u00f5uke- ja t\u00f5mbej\u00f5ude, mis sobivad raskete ja keerukate \u00fclesannete t\u00e4itmiseks.<\/li>\n<li><strong>Erinevad t\u00fc\u00fcbid:<\/strong> Saadaval \u00fchetoimelise (h\u00fcdrauliline toime \u00fches suunas) v\u00f5i kahetoimelise (h\u00fcdrauliline toime m\u00f5lemas suunas) variandina, teatud mudelitel on teleskoopkonstruktsioonid suurema ulatuse tagamiseks ilma v\u00e4lism\u00f5\u00f5tmeid suurendamata, mis sobib ideaalselt ruumikitsastes rakendustes.<\/li>\n<li><strong>Kohandatud tootmine:<\/strong> Meie ettev\u00f5te on spetsialiseerunud nende silindrite tootmisele, pakkudes ideaalseid asendusi olemasolevatele h\u00fcdrosilindritele.<\/li>\n<\/ul>\n<p><img decoding=\"async\" src=\"https:\/\/www.hydraulic-cylinders.net\/wp-content\/uploads\/2025\/04\/songte-cylinder-head-with-all-kinds-excavator-models.webp\" alt=\"Ekskavaatori mudeli \u00fchilduvus\" \/><\/p>\n<h2>Poomi silindri rakendused<\/h2>\n<h3>Ehitustehnika<\/h3>\n<p>Ekskavaatorites on noolesilindrid olulised kaevamiseks, laadimiseks ja mulla v\u00f5i prahi teisaldamiseks. Need v\u00f5imaldavad operaatoritel noolt pikendada, pakkudes vajalikku ulatust mitmesuguste \u00fclesannete t\u00e4itmiseks. Ekskavaatorlaadurites aitab noolesilinder lisaks kaevamisele ka t\u00f5stet\u00f6\u00f6dele, muutes selle mitmek\u00fclgseks komponendiks ehitust\u00f6\u00f6del.<\/p>\n<h3>P\u00f5llumajandustehnika<\/h3>\n<p>Esilaadurites kasutatavad noolesilindrid h\u00f5lbustavad mulla, heina ja muude materjalide koputamist, t\u00f5stmist ja transportimist. Nende v\u00f5ime tagada nende toimingute ajal t\u00e4pne juhtimine on \u00fclioluline efektiivsuse maksimeerimiseks ja j\u00e4\u00e4tmete minimeerimiseks.<\/p>\n<h3>Ekskavaatorid<\/h3>\n<p>Ekskavaatorites v\u00f5imaldavad noole silindrid kopal t\u00f5husalt pinnasesse tungida, v\u00f5imaldades t\u00f5husat kaevamist. H\u00fcdrauliline t\u00f6\u00f6 tagab, et nool suudab avaldada vajalikku j\u00f5udu k\u00f5va pinnase v\u00f5i kivimikihtide l\u00e4bistamiseks.<\/p>\n<h3>Laadurid<\/h3>\n<p>Esilaadurites aitavad noolesilindrid koormaid t\u00f5husalt t\u00f5sta ja t\u00fchjendada. Nende vastupidav konstruktsioon ja t\u00f6\u00f6kindlus muudavad need h\u00e4davajalikuks mitmesuguste materjalide k\u00e4itlemise \u00fclesannete jaoks ehituses ja p\u00f5llumajanduses.<\/p>\n<h2>Projekteerimiskaalutlused ja valikukriteeriumid<\/h2>\n<h3>Kandev\u00f5ime<\/h3>\n<p>Poomi silindri valimisel on oluline arvestada selle kandev\u00f5imega. See parameeter m\u00e4\u00e4rab maksimaalse raskuse, mida silinder suudab ohutult t\u00f5sta ja man\u00f6\u00f6verdada. Piisav kandev\u00f5ime tagab masina t\u00f5husa t\u00f6\u00f6, ilma et see kahjustaks h\u00fcdros\u00fcsteemi v\u00f5i seadet ennast. Konkreetsete \u00fclesannete koormusn\u00f5uete hindamine aitab valida \u00f5ige silindri suuruse ja spetsifikatsioonid.<\/p>\n<h3>Tihendusv\u00f5ime<\/h3>\n<p>T\u00f5hus tihendus on \u00fclioluline h\u00fcdraulilise vedeliku lekete v\u00e4ltimiseks ja t\u00f6\u00f6 efektiivsuse s\u00e4ilitamiseks. Kvaliteetsete tihenditega silindrite valimine tagab vastupidavuse ja v\u00e4hendab hooldusvajadust. N\u00f5uetekohane tihendite disain v\u00e4hendab ka saastumisohtu, mis v\u00f5ib p\u00f5hjustada h\u00fcdraulikas\u00fcsteemi rikkeid v\u00f5i j\u00f5udluse v\u00e4henemist.<\/p>\n<h3>Vastupidavus ja t\u00f6\u00f6kindlus<\/h3>\n<p>Vastupidavus on noolesilindrite disainimisel v\u00f5tmetegur. Need peavad vastu pidama karmidele t\u00f6\u00f6tingimustele, sealhulgas \u00e4\u00e4rmuslikele temperatuuridele, mustusele ja niiskusele. Materjalide valimine, mis pakuvad suurt korrosioonikindlust ja kulumiskindlust, pikendab silindri eluiga ja v\u00e4hendab vahetuste sagedust. T\u00f6\u00f6kindlus on kriitilise t\u00e4htsusega, kuna iga rike v\u00f5ib p\u00f5hjustada kulukaid seisakuid.<\/p>\n<h3>Turvaelemendid<\/h3>\n<p>Ohutusfunktsioonide lisamine noolesilindrite konstruktsiooni on oluline. See h\u00f5lmab r\u00f5huvabastusventiile ja rikkeohutusmehhanisme, mis kaitsevad nii operaatorit kui ka masinat. Silindri vastavus t\u00f6\u00f6stusharu ohutusstandarditele on t\u00f6\u00f6ohutuse ja n\u00f5uetele vastavuse tagamiseks \u00fclioluline.<\/p>\n<h3>Hoolduse ligip\u00e4\u00e4setavus<\/h3>\n<p>Poomi silindrite projekteerimine lihtsaks hoolduseks on \u00fclioluline. Sellised omadused nagu ligip\u00e4\u00e4setavad m\u00e4\u00e4rimispunktid ja lihtne lahtiv\u00f5tmine h\u00f5lbustavad regulaarseid hoolduskontrolle. See mitte ainult ei pikenda silindri eluiga, vaid tagab ka \u00fchtlase h\u00fcdraulilise j\u00f5udluse aja jooksul.<\/p>\n<p><img decoding=\"async\" src=\"https:\/\/www.hydraulic-cylinders.net\/wp-content\/uploads\/2025\/04\/songte-oil-pipes-and-spare-parts.webp\" alt=\"H\u00fcdraulilised komponendid\" \/><\/p>\n<h2>Tihendus ja m\u00e4\u00e4rimine<\/h2>\n<p>T\u00f5hus tihendamine ja m\u00e4\u00e4rimine on poomi silindrite pikaealisuse ja j\u00f5udluse tagamiseks \u00fcliolulised. Vedeliku kogunemise tagamiseks ja lekete v\u00e4ltimiseks kasutatakse mitmesuguseid tihendeid, sealhulgas kolvitihendeid, vardatihendeid ja O-r\u00f5ngaid. Vastupidavatest materjalidest, nagu pol\u00fcuretaan ja nitriilkummi, valmistatud tihendid pakuvad erakordset kulumiskindlust ja pikaealisust. Silindri korpus ja keermestatud otsad on l\u00e4binud t\u00e4ppist\u00f6\u00f6tluse, et suurendada kulumiskindlust, tagades kindla sobivuse ja optimaalse j\u00f5udluse.<\/p>\n<p>Regulaarne h\u00fcdraulika\u00f5liga m\u00e4\u00e4rimine on silindri funktsionaalsuse s\u00e4ilitamiseks h\u00e4davajalik. N\u00f5uetekohane m\u00e4\u00e4rimine v\u00e4hendab liikuvate osade vahelist h\u00f5\u00f5rdumist, suurendades \u00fcldist efektiivsust ja ennetades enneaegset kulumist. Operaatorid peavad tagama, et h\u00fcdraulikas\u00fcsteemi hooldatakse regulaarselt ja et kasutatakse \u00f5iget t\u00fc\u00fcpi \u00f5li, mis vastab tootja spetsifikatsioonidele.<\/p>\n<h2>Regulaarne kontroll ja ennetavad hooldusmeetmed<\/h2>\n<ul>\n<li><strong>Regulaarsed kontrollid:<\/strong> Lekete, kulumise ja kahjustuste kontrollimine on \u00fclioluline. See aitab tuvastada potentsiaalseid probleeme enne nende s\u00fcvenemist, tagades masinate ohutu ja t\u00f5husa t\u00f6\u00f6.<\/li>\n<li><strong>\u00d5ige m\u00e4\u00e4rimine:<\/strong> Piisava m\u00e4\u00e4rimistaseme s\u00e4ilitamine on h\u00fcdraulikas\u00fcsteemi j\u00f5udluse jaoks \u00fclioluline. H\u00fcdraulika\u00f5li regulaarne kontrollimine ja lisamine hoiab \u00e4ra kuivuse ja v\u00e4hendab oluliste komponentide kulumist.<\/li>\n<li><strong>Tihendi vahetamine:<\/strong> Aja jooksul v\u00f5ivad tihendid kuluda ja muutuda v\u00e4hem t\u00f5husaks. Tihendite ja muude oluliste komponentide regulaarne vahetamine tagab optimaalse j\u00f5udluse ja ohutuse.<\/li>\n<\/ul>\n<h2>Paigaldusjuhised<\/h2>\n<p>Poomi silindri \u00f5ige paigaldamine on optimaalse j\u00f5udluse ja ohutuse tagamiseks h\u00e4davajalik. Alustage veendumaks, et t\u00f6\u00f6ruum on vaba ja k\u00f5ik vajalikud t\u00f6\u00f6riistad on k\u00e4ep\u00e4rast. Joondage silinder \u00f5igesti ekskavaatori kinnituspunktidega, kasutades selle kinnitamiseks sobivaid kinnitusklambreid. Oluline on kontrollida, et k\u00f5ik poldid ja liitmikud oleksid tootja spetsifikatsioonide kohaselt pingutatud, et v\u00e4ltida nende lahtitulekut t\u00f6\u00f6 ajal.<\/p>\n<p>P\u00e4rast paigaldamist on oluline t\u00e4ita h\u00fcdros\u00fcsteem soovitatud h\u00fcdro\u00f5liga. \u00d5hutage s\u00fcsteemist \u00f5hk, et tagada sujuv t\u00f6\u00f6. L\u00f5puks tehke mitu katsetust, et veenduda silindri korrektses toimimises ja h\u00fcdros\u00fcsteemis lekete puudumises.<\/p>\n<h2>Levinumad hooldust\u00f6\u00f6d<\/h2>\n<h3>Regulaarsed kontrollid<\/h3>\n<p>Poomi silindri regulaarne kontrollimine on potentsiaalsete probleemide varajaseks tuvastamiseks \u00fclioluline. See h\u00f5lmab n\u00e4htavate kulumism\u00e4rkide, lekete v\u00f5i ebatavaliste helide kontrollimist t\u00f6\u00f6tamise ajal. Nende probleemide \u00f5igeaegne tuvastamine ja lahendamine aitab tulevikus \u00e4ra hoida suuremaid probleeme ja kulukaid remonte.<\/p>\n<h3>\u00d5ige m\u00e4\u00e4rimine<\/h3>\n<p>Poomi silindri piisav m\u00e4\u00e4rimine on selle j\u00f5udluse tagamiseks \u00fclioluline. \u00d5litaseme regulaarne kontrollimine ja h\u00fcdraulika\u00f5li lisamine vastavalt vajadusele tagab h\u00fcdraulikas\u00fcsteemi sujuva t\u00f6\u00f6. \u00dchilduvuse ja optimaalse j\u00f5udluse tagamiseks on oluline kasutada tootja poolt m\u00e4\u00e4ratud \u00f5iget t\u00fc\u00fcpi h\u00fcdraulika\u00f5li.<\/p>\n<h3>Tihendi vahetamine<\/h3>\n<p>Kulunud tihendite regulaarne vahetamine on vajalik h\u00fcdraulikas\u00fcsteemi terviklikkuse s\u00e4ilitamiseks. Tihendite kulumise tunnusteks on vedeliku lekked ja v\u00e4henenud j\u00f5udlus. Kasutusel ja kontrollitulemustel p\u00f5hineva vahetusgraafiku rakendamine aitab s\u00e4ilitada t\u00f6\u00f6 efektiivsust ja ohutust.<\/p>\n<p><img decoding=\"async\" src=\"https:\/\/www.hydraulic-cylinders.net\/wp-content\/uploads\/2025\/04\/songte-chushion-collar.webp\" alt=\"Padjakaelus\" \/><\/p>\n<h2>Ohutuskaalutlused ja keskkonnategurid<\/h2>\n<p>H\u00fcdrauliliste s\u00fcsteemide k\u00e4itamisel on ohutusmeetmete rakendamine kriitilise t\u00e4htsusega. Operaatorid peaksid alati kandma sobivaid isikukaitsevahendeid (IKV) ja olema tuttav masina kasutusjuhendiga. Ohutusjuhiste j\u00e4rgimine v\u00e4hendab \u00f5nnetuste ja vigastuste ohtu.<\/p>\n<p>Lisaks v\u00f5ib h\u00fcdraulikas\u00fcsteemide t\u00f6\u00f6d m\u00f5jutada keskkonnategurite, n\u00e4iteks temperatuurik\u00f5ikumiste ja niiskuse m\u00f5istmine. N\u00f5uetekohane planeerimine ja regulaarne hooldus aitavad neid m\u00f5jusid leevendada, tagades usaldusv\u00e4\u00e4rse j\u00f5udluse erinevates tingimustes.<\/p>\n<h2>Rikete diagnoosimine ja levinud probleemid<\/h2>\n<ul>\n<li><strong>H\u00fcdraulilise vedeliku lekked:<\/strong> \u00dcks levinumaid probleeme h\u00fcdrosilindritega on vedeliku lekked. See v\u00f5ib tekkida kulunud tihendite v\u00f5i kahjustatud liitmike t\u00f5ttu. Regulaarne kontroll aitab lekkeid varakult tuvastada.<\/li>\n<li><strong>V\u00e4hendatud j\u00f5udlus:<\/strong> Kui poomi silinder ei t\u00f6\u00f6ta ootusp\u00e4raselt, kontrollige, kas h\u00fcdraulikavedeliku tase on madal v\u00f5i s\u00fcsteemis on \u00f5hku. S\u00fcsteemi \u00f5hutamine ja \u00f5ige vedelikutaseme tagamine aitab j\u00f5udlust taastada.<\/li>\n<li><strong>Ebatavalised helid:<\/strong> Imelikud helid t\u00f6\u00f6tamise ajal v\u00f5ivad viidata sisemisele kulumisele v\u00f5i kahjustusele. Nende helide \u00f5igeaegne uurimine aitab v\u00e4ltida edasisi kahjustusi ja tagada ohutu t\u00f6\u00f6.<\/li>\n<\/ul>\n<h2>Veaotsingu n\u00e4pun\u00e4ited<\/h2>\n<p>Probleemide t\u00f5husaks diagnoosimiseks ja lahendamiseks peaksid operaatorid pidama j\u00e4rjepidevat \u00fclevaatusgraafikut ja tegelema viivitamatult k\u00f5igi k\u00f5rvalekalletega. Ennetusmeetmete, n\u00e4iteks regulaarse hoolduse ja kontrollide rakendamine aitab potentsiaalseid probleeme minimeerida. H\u00fcdraulikas\u00fcsteemi puhtana ja saasteainetevabana hoidmine m\u00e4ngib samuti optimaalse j\u00f5udluse s\u00e4ilitamisel olulist rolli.<\/p>\n<p><img decoding=\"async\" src=\"https:\/\/www.hydraulic-cylinders.net\/wp-content\/uploads\/2025\/04\/songte-bushings-with-all-kinds-of-excavator-models.webp\" alt=\"Ekskavaatori puksid\" \/><\/p>\n<h2>Ettev\u00f5tte \u00fclevaade<\/h2>\n<p>Oleme juhtiv asendush\u00fcdrauliliste silindrite tootja, pakkudes laia tootevalikut nii sise- kui ka v\u00e4listurule. Meie p\u00fchendumus erakordsele kvaliteedile ja t\u00e4psele tootmisele tagab, et meie tooted vastavad t\u00f6\u00f6stusharu k\u00f5rgeimatele standarditele. Kasutame t\u00e4iustatud tootmisstrateegiaid ja tipptehnoloogiat, et pidevalt oma tootmisv\u00f5imalusi ja tootekvaliteeti t\u00e4iustada.<\/p>\n<p>Meie asjatundlikkus laieneb ka kohandatud teenustele, v\u00f5imaldades klientidel saada just nende vajadustele vastavaid lahendusi. Tugeva tehniliste spetsialistide meeskonna toel seame esikohale klientide rahulolu t\u00f5husate tootmisprotsesside ja usaldusv\u00e4\u00e4rse m\u00fc\u00fcgij\u00e4rgse teeninduse kaudu.<\/p>\n<p><img decoding=\"async\" src=\"https:\/\/www.hydraulic-cylinders.net\/wp-content\/uploads\/2025\/04\/songte-company-4.webp\" alt=\"Ettev\u00f5tte \u00fclevaate pilt\" \/><br \/>\n<img decoding=\"async\" src=\"https:\/\/www.hydraulic-cylinders.net\/wp-content\/uploads\/2025\/04\/songte-company-3.webp\" alt=\"Ettev\u00f5tte rajatise pilt\" \/><\/p>\n<p>Autor: lyl<\/p>","protected":false},"excerpt":{"rendered":"<p>Boom Cylinder For Volvo Middle Excavator EC240BL Product Overview The Boom Cylinder for Volvo Middle Excavator EC240BL is a crucial hydraulic component designed to control the movement of the excavator&#8217;s boom. As a specialized hydraulic cylinder, it allows for the lifting, lowering, and tilting of the boom, facilitating efficient material handling tasks. In hydraulic systems, [&hellip;]<\/p>","protected":false},"featured_media":17878,"comment_status":"open","ping_status":"closed","template":"","meta":{"_et_pb_use_builder":"","_et_pb_old_content":"","_et_gb_content_width":""},"product_brand":[],"product_cat":[1546],"product_tag":[1547,1496],"class_list":{"0":"post-19117","1":"product","2":"type-product","3":"status-publish","4":"has-post-thumbnail","6":"product_cat-boom-cylinders","7":"product_tag-boom-cylinders","8":"product_tag-hydraulic-cylinders","10":"first","11":"instock","12":"shipping-taxable","13":"product-type-simple"},"amp_enabled":true,"_links":{"self":[{"href":"https:\/\/www.hydraulic-cylinders.net\/et\/wp-json\/wp\/v2\/product\/19117","targetHints":{"allow":["GET"]}}],"collection":[{"href":"https:\/\/www.hydraulic-cylinders.net\/et\/wp-json\/wp\/v2\/product"}],"about":[{"href":"https:\/\/www.hydraulic-cylinders.net\/et\/wp-json\/wp\/v2\/types\/product"}],"replies":[{"embeddable":true,"href":"https:\/\/www.hydraulic-cylinders.net\/et\/wp-json\/wp\/v2\/comments?post=19117"}],"wp:featuredmedia":[{"embeddable":true,"href":"https:\/\/www.hydraulic-cylinders.net\/et\/wp-json\/wp\/v2\/media\/17878"}],"wp:attachment":[{"href":"https:\/\/www.hydraulic-cylinders.net\/et\/wp-json\/wp\/v2\/media?parent=19117"}],"wp:term":[{"taxonomy":"product_brand","embeddable":true,"href":"https:\/\/www.hydraulic-cylinders.net\/et\/wp-json\/wp\/v2\/product_brand?post=19117"},{"taxonomy":"product_cat","embeddable":true,"href":"https:\/\/www.hydraulic-cylinders.net\/et\/wp-json\/wp\/v2\/product_cat?post=19117"},{"taxonomy":"product_tag","embeddable":true,"href":"https:\/\/www.hydraulic-cylinders.net\/et\/wp-json\/wp\/v2\/product_tag?post=19117"}],"curies":[{"name":"wp","href":"https:\/\/api.w.org\/{rel}","templated":true}]}}