{"id":19138,"date":"2025-04-07T06:14:41","date_gmt":"2025-04-07T06:14:41","guid":{"rendered":"https:\/\/www.hydraulic-cylinders.net\/product\/boom-cylinder-for-sany-small-excavator-sy65-9\/"},"modified":"2025-04-07T06:14:43","modified_gmt":"2025-04-07T06:14:43","slug":"boom-cylinder-for-sany-small-excavator-sy65-9","status":"publish","type":"product","link":"https:\/\/www.hydraulic-cylinders.net\/et\/toode\/boom-cylinder-for-sany-small-excavator-sy65-9\/","title":{"rendered":"Sany v\u00e4ikese ekskavaatori SY65-9 poomi silinder"},"content":{"rendered":"<h1>Sany v\u00e4ikese ekskavaatori SY65-9 poomi silinder<\/h1>\n<h2>Toote \u00fclevaade<\/h2>\n<p>Sany v\u00e4ikeekskavaatori SY65-9 noole silinder on h\u00fcdrauliline silinder, mis on spetsiaalselt loodud ekskavaatorite noole liikumise juhtimiseks. Need silindrid m\u00e4ngivad h\u00fcdraulikas\u00fcsteemides olulist rolli, pakkudes vajalikku j\u00f5udu noole t\u00f5stmiseks, langetamiseks ja kallutamiseks. See v\u00f5ime v\u00f5imaldab t\u00f5husat materjali k\u00e4itlemist erinevates rakendustes, sealhulgas ehitus- ja kaevet\u00f6\u00f6del. Kopa silinder on oluline raskete masinate, n\u00e4iteks ekskavaatorite, laadur-ekskavaatori ja esilaaduri jaoks. Selle h\u00fcdrauliline konstruktsioon tagab sujuva t\u00f6\u00f6 ja v\u00f5ime taluda k\u00f5rget r\u00f5hku, muutes selle asendamatuks raskete t\u00f6\u00f6de tegemisel.<\/p>\n<p><img decoding=\"async\" src=\"https:\/\/www.hydraulic-cylinders.net\/wp-content\/uploads\/2025\/04\/songte-company-1.webp\" alt=\"Ekskavaatorite poomi silinder\"><\/p>\n<h2>Poomi silindri p\u00f5hijooned<\/h2>\n<ul>\n<li><strong>Suur tugevus ja vastupidavus:<\/strong> Need \u00fclitugevast terasest v\u00f5i alumiiniumist valmistatud silindrid taluvad k\u00f5rget r\u00f5hku ja suuri koormusi, kohandudes samal ajal karmide t\u00f6\u00f6keskkondadega. Nende konstruktsioonis on arvestatud kulumiskindluse ja korrosioonikaitsega, pikendades seel\u00e4bi nende kasutusiga.<\/li>\n<li><strong>T\u00f5hus h\u00fcdrauliline t\u00f6\u00f6:<\/strong> H\u00fcdraulilise \u00f5li r\u00f5hu abil v\u00f5imaldab poomi silinder sujuvat pikendamist ja tagasit\u00f5mbamist, reageerides kiiresti juhtimisk\u00e4sklustele ning pakkudes v\u00f5imsat t\u00f5uke- ja t\u00f5mbej\u00f5udu, mis sobib ideaalselt raskete ja keerukate \u00fclesannete t\u00e4itmiseks.<\/li>\n<li><strong>Erinevad t\u00fc\u00fcbid:<\/strong> Saadaval nii \u00fchetoimelise (h\u00fcdrauliline kasutus \u00fches suunas) kui ka kahetoimelise (h\u00fcdrauliline kasutus m\u00f5lemas suunas) konstruktsioonina, m\u00f5nel mudelil on teleskoopv\u00f5imalus suuremaks pikendamiseks ilma v\u00e4lism\u00f5\u00f5tmeid suurendamata, mis sobib piiratud ruumiga rakenduste jaoks.<\/li>\n<li><strong>Kohandatud tootmine:<\/strong> Saame seda toodet valmistada, tagades, et see asendab ideaalselt olemasolevaid h\u00fcdrosilindreid erinevates masinates, parandades \u00fchilduvust ja j\u00f5udlust.<\/li>\n<\/ul>\n<p><img decoding=\"async\" src=\"https:\/\/www.hydraulic-cylinders.net\/wp-content\/uploads\/2025\/04\/songte-cylinder-head-with-all-kinds-excavator-models.webp\" alt=\"Ekskavaatori silindripea\"><\/p>\n<h2>Rakendusstsenaariumid<\/h2>\n<h3>Ehitustehnika<\/h3>\n<p>Ekskavaatorites on noolesilindrid kriitilise t\u00e4htsusega kaevamisel, laadimisel ja pinnase v\u00f5i prahi teisaldamisel. Nende kiire v\u00e4lja- ja sisset\u00f5mbamise v\u00f5ime v\u00f5imaldab operaatoritel \u00fclesandeid t\u00f5husalt ja viivitusteta t\u00e4ita. Ekskavaator-laadurites aitavad need silindrid lisaks kaevamisele ka t\u00f5stmisele, muutes need mitmek\u00fclgseteks t\u00f6\u00f6riistadeks ehitusplatsidel.<\/p>\n<h3>P\u00f5llumajandustehnika<\/h3>\n<p>Esilaadurites kasutatakse noolesilindreid mulla, heina ja muude materjalide kopeerimiseks, t\u00f5stmiseks ja transportimiseks. Nende vastupidav konstruktsioon ja reageeriv t\u00f6\u00f6 muudavad need h\u00e4davajalikuks mitmesuguste p\u00f5llumajandust\u00f6\u00f6de jaoks, suurendades tootlikkust ja t\u00f5husust.<\/p>\n<h3>Ekskavaatorid<\/h3>\n<p>Ekskavaatorid toetuvad pinnasesse tungimiseks suuresti poomi silindritele, mis h\u00f5lbustab kaevamisprotsessi. Nende silindrite disain v\u00f5imaldab poomi liikumise t\u00e4pset juhtimist, tagades, et juhid saavad keerulisel maastikul h\u00f5lpsalt liikuda.<\/p>\n<h3>Laadurid<\/h3>\n<p>Frontaallaadurites m\u00e4ngivad noolesilindrid olulist rolli koormate t\u00f5husal t\u00f5stmisel ja t\u00fchjendamisel. Nende v\u00f5ime k\u00e4sitseda m\u00e4rkimisv\u00e4\u00e4rseid raskusi tagab, et juhid saavad laadimist\u00f6id kiiresti ja t\u00f5husalt teha, maksimeerides t\u00f6\u00f6platsil tootlikkust.<\/p>\n<h2>Projekteerimiskaalutlused ja valikukriteeriumid<\/h2>\n<h3>Kandev\u00f5ime<\/h3>\n<p>Poomi silindri valimisel on \u00fclioluline m\u00f5ista selle kandev\u00f5imet. Silinder peab suutma taluda maksimaalset raskust, mis sellele t\u00f6\u00f6tamise ajal m\u00f5jub. See h\u00f5lmab nii staatiliste kui ka d\u00fcnaamiliste koormuste hindamist, et tagada ohutus ja t\u00f6\u00f6kindlus. Silindri \u00fclekoormamine v\u00f5ib p\u00f5hjustada rikke, mille tulemuseks on kulukad seisakud ja remont.<\/p>\n<h3>Tihendus<\/h3>\n<p>Tihendus on h\u00fcdrauliliste silindrite t\u00f5husa t\u00f6\u00f6 jaoks \u00fclioluline. Kvaliteetsed tihendid takistavad h\u00fcdraulilise vedeliku lekkimist, tagades samal ajal t\u00f5husa t\u00f6\u00f6. Sellistest materjalidest nagu pol\u00fcuretaan ja nitriilkummi valmistatud tihendite valimine suurendab vastupidavust ja kulumiskindlust, pikendades silindri eluiga.<\/p>\n<h3>Vastupidavus<\/h3>\n<p>Vastupidavus on noolesilindrite puhul v\u00f5tmet\u00e4htsusega, eriti arvestades n\u00f5udlikke keskkondi, kus need t\u00f6\u00f6tavad. Kaitsekatete ja vastupidavate materjalidega silindrite valimine v\u00f5ib oluliselt v\u00e4hendada kulumist ja keskkonnakahjustusi, pikendades seel\u00e4bi kasutusiga ja v\u00e4hendades hoolduskulusid.<\/p>\n<h3>Ohutus<\/h3>\n<p>H\u00fcdrauliliste silindrite konstruktsioonis on ohutusfunktsioonid olulised. Kaitseventiilide ja r\u00f5hu alandamise mehhanismide lisamine aitab \u00e4ra hoida \u00f5nnetusi ja vigastusi t\u00f6\u00f6kohal. Nende funktsioonide regulaarne hindamine hoolduse ajal tagab, et need toimivad vajadusel korralikult.<\/p>\n<h3>Hooldatavus<\/h3>\n<p>Lihtsat hooldust v\u00f5imaldav disain on \u00fclioluline noolesilindrite eluea pikendamiseks. Sellised omadused nagu kergesti vahetatavad tihendid ja lihtsad juurdep\u00e4\u00e4supunktid m\u00e4\u00e4rimiseks ja kontrollimiseks aitavad s\u00e4\u00e4sta aega ja t\u00f6\u00f6j\u00f5ukulusid. Ennetava hooldusgraafiku rakendamine v\u00f5ib oluliselt parandada silindri j\u00f5udlust ja t\u00f6\u00f6kindlust.<\/p>\n<p><img decoding=\"async\" src=\"https:\/\/www.hydraulic-cylinders.net\/wp-content\/uploads\/2025\/04\/songte-oil-pipes-and-spare-parts.webp\" alt=\"H\u00fcdraulilised osad ja tarvikud\"><\/p>\n<h2>Tihendus ja m\u00e4\u00e4rimine<\/h2>\n<p>N\u00f5uetekohane tihendamine ja m\u00e4\u00e4rimine on poomi silindrite t\u00f5husa toimimise jaoks \u00fcliolulised. Erinevate tihenduselementide, n\u00e4iteks kolvi- ja vardatihendite kasutamine tagab h\u00fcdraulikavedeliku p\u00fcsimise, v\u00e4ltides lekkeid. Kulumiskindluse t\u00f5ttu on eelistatud materjalid nagu pol\u00fcuretaan ja nitriilkummi. Silindri korpus ja keermestatud otsapinnad tuleks vastupidavuse suurendamiseks peenelt t\u00f6\u00f6delda. Optimaalse j\u00f5udluse s\u00e4ilitamiseks ja kulumise v\u00e4ltimiseks on vaja regulaarselt lisada m\u00e4\u00e4rimiseks sobivat kogust h\u00fcdraulika\u00f5li.<\/p>\n<h2>Regulaarne kontroll ja ennetavad hooldusmeetmed<\/h2>\n<ul>\n<li><strong>Rutiinsed kontrollid:<\/strong> Kontrollige regulaarselt poomi silindrit kulumise, lekete v\u00f5i kahjustuste suhtes. Probleemide varajane avastamine aitab v\u00e4ltida kulukaid remondit\u00f6id ja pikendada silindri eluiga.<\/li>\n<li><strong>Sobiv m\u00e4\u00e4rimine:<\/strong> Sujuva t\u00f6\u00f6 s\u00e4ilitamiseks veenduge, et m\u00e4\u00e4rimine toimub regulaarselt. Kasutage soovitatud h\u00fcdraulika\u00f5li ja j\u00e4rgige tootja juhiseid m\u00e4\u00e4rimisintervallide kohta.<\/li>\n<li><strong>Tihendi vahetamine:<\/strong> J\u00e4lgige tihendite seisukorda ja vahetage need vastavalt vajadusele, et v\u00e4ltida lekkeid ja s\u00e4ilitada efektiivsus. Tihendite vahetamise ajastamine rutiinse hoolduse k\u00e4igus v\u00f5ib parandada silindri j\u00f5udlust ja t\u00f6\u00f6kindlust.<\/li>\n<\/ul>\n<h2>Paigaldusjuhised<\/h2>\n<p>Noole silindri korrektseks paigaldamiseks joondage silinder t\u00e4pselt ekskavaatori kinnituspunktidega. Silindri paigale kinnitamiseks kasutage sobivaid kinnitusklambreid. J\u00e4rgige tootja spetsifikatsioone p\u00f6\u00f6rdemomendi s\u00e4tete kohta, et tagada kindel kinnitus. P\u00e4rast positsioneerimist kontrollige, kas silindri liikumist v\u00f5ivad takistada takistused. P\u00e4rast paigaldamist on enne t\u00e4ieliku t\u00f6\u00f6 alustamist oluline testida silindri toimimist ohututes tingimustes, et veenduda selle korrektses toimimises. Oma mudeliga seotud konkreetsete juhiste saamiseks lugege alati tehnilist k\u00e4siraamatut.<\/p>\n<h2>Levinumad hooldust\u00f6\u00f6d<\/h2>\n<h3>Regulaarsed kontrollid<\/h3>\n<p>Regulaarsed kontrollid on olulised, et tuvastada v\u00f5imalikke probleeme enne nende s\u00fcvenemist. Otsige kulumise m\u00e4rke, vedeliku lekkeid v\u00f5i ebatavalisi helisid t\u00f6\u00f6tamise ajal. Kontrollide ja tuvastatud probleemide \u00fcksikasjalike andmete pidamine aitab s\u00e4ilitada ballooni j\u00f5udlust ja t\u00f6\u00f6kindlust.<\/p>\n<h3>\u00d5ige m\u00e4\u00e4rimine<\/h3>\n<p>H\u00fcdrauliliste komponentide pikaealisuse tagamiseks on oluline \u00f5ige m\u00e4\u00e4rimine. Kasutage tootja soovitatud h\u00fcdraulika\u00f5li ja veenduge, et seda kantakse peale etten\u00e4htud intervallidega. Regulaarne m\u00e4\u00e4rimine aitab v\u00e4hendada h\u00f5\u00f5rdumist liikuvate osade vahel ja hoiab \u00e4ra enneaegse kulumise, tagades sujuva t\u00f6\u00f6.<\/p>\n<h3>Tihendi vahetamine ja kalibreerimise kontrollimine<\/h3>\n<p>H\u00fcdraulilise terviklikkuse s\u00e4ilitamiseks on vaja regulaarselt tihendeid vahetada. Tihendite kulumise j\u00e4lgimine ja nende \u00f5igeaegne vahetamine aitab v\u00e4ltida kulukaid lekkeid. Lisaks tagab kalibreerimiskontrollide tegemine, et h\u00fcdrosilinder t\u00f6\u00f6tab etten\u00e4htud parameetrite piires, suurendades ohutust ja t\u00f5husust.\n<\/p>\n<p><img decoding=\"async\" src=\"https:\/\/www.hydraulic-cylinders.net\/wp-content\/uploads\/2025\/04\/songte-chushion-collar.webp\" alt=\"Ekskavaatorite padjakaelus\"><\/p>\n<h2>Ohutuskaalutlused ja keskkonnategurid<\/h2>\n<p>H\u00fcdrauliliste silindrite k\u00e4sitsemisel on ohutusmeetmete rakendamine \u00fclioluline. Operaatorid peaksid olema koolitatud ohutute k\u00e4sitsemisprotseduuride osas, et maandada selliseid riske nagu vedeliku lekked v\u00f5i seadmete rike. Lisaks aitab keskkonnas\u00f5bralike h\u00fcdrauliliste vedelike kasutamine minimeerida keskkonnam\u00f5ju ja edendada tegevuse j\u00e4tkusuutlikkust.<\/p>\n<h2>Veaotsing ja levinud probleemid<\/h2>\n<ul>\n<li><strong>Vedeliku lekked:<\/strong> Kulunud tihendite v\u00f5i kahjustatud liitmike t\u00f5ttu v\u00f5ivad tekkida sagedased lekked. Tihendite kontrollimine ja vahetamine v\u00f5ib selle probleemi sageli lahendada.<\/li>\n<li><strong>Ebaj\u00e4rjekindel j\u00f5udlus:<\/strong> Kui poomi silinder liigub eba\u00fchtlaselt, kontrollige, kas h\u00fcdros\u00fcsteemis on \u00f5hulekkeid. S\u00fcsteemi \u00f5hutamine v\u00f5ib olla vajalik.<\/li>\n<li><strong>Liigne m\u00fcra:<\/strong> M\u00fcrane t\u00f6\u00f6 v\u00f5ib viidata madalale h\u00fcdraulikavedeliku tasemele v\u00f5i sisemistele kahjustustele. Regulaarsed hoolduskontrollid aitavad neid probleeme diagnoosida ja lahendada.<\/li>\n<\/ul>\n<h2>Veaotsingu n\u00e4pun\u00e4ited<\/h2>\n<p>Poomi silindri probleemide t\u00f5husaks diagnoosimiseks ja lahendamiseks tuleb k\u00f5igepealt tuvastada s\u00fcmptomid ja kontrollida silindrit kahjustuste v\u00f5i lekete suhtes. Regulaarsed hooldusprotokollid aitavad \u00e4ra hoida paljusid levinud probleeme, nagu vedeliku lekked ja eba\u00fchtlane t\u00f6\u00f6. H\u00fcdraulikavedeliku taseme t\u00e4helepanelik j\u00e4lgimine ja tihendite heas seisukorras veendumine aitab oluliselt v\u00e4hendada t\u00f5sisemate probleemide tekkimise t\u00f5en\u00e4osust.<\/p>\n<p><img decoding=\"async\" src=\"https:\/\/www.hydraulic-cylinders.net\/wp-content\/uploads\/2025\/04\/songte-bushings-with-all-kinds-of-excavator-models.webp\" alt=\"Ekskavaatorite puksid\"><\/p>\n<h2>Ettev\u00f5tte \u00fclevaade<\/h2>\n<p>Oleme juhtiv asendush\u00fcdrauliliste silindrite tootja ja hulgim\u00fc\u00fcja, pakkudes laia tootevalikut. Meie p\u00fchendumus tipptasemele peegeldub meie hoolikates tootmisprotsessides ja juhtimisstrateegiates. Kasutades t\u00e4iustatud tootmistehnoloogiaid ja tugevat kvaliteedikontrollis\u00fcsteemi, t\u00e4iustame pidevalt oma tootmisv\u00f5imalusi. Keskendudes suurele t\u00f5hususele, t\u00e4psusele ja kvaliteedile, suudame t\u00f5husalt rahuldada klientide mitmekesiseid vajadusi.<\/p>\n<h3>Ekspertiis ja sertifikaadid<\/h3>\n<p>Meie ettev\u00f5te r\u00f5hutab professionaalsust ja rahvusvahelisi sertifikaate, tagades, et meie tooted vastavad \u00fclemaailmsetele kvaliteedistandarditele. Pakume klientide erin\u00f5uetele vastavaid kohandatud lahendusi, suurendades nende tegevuse efektiivsust.<\/p>\n<h3>Tootmisseadmed<\/h3>\n<p>Tipptasemel tootmisseadmete kasutamine v\u00f5imaldab meil toota t\u00f5husalt kvaliteetseid h\u00fcdraulilisi silindreid. Meie rajatised on varustatud t\u00e4iustatud tehnoloogiaga, mis toetab t\u00e4ppismehaanikat ja suuremahulist tootmist.<\/p>\n<h3>M\u00fc\u00fcgij\u00e4rgne teenindus<\/h3>\n<p>Oleme uhked oma erakordse m\u00fc\u00fcgij\u00e4rgse teeninduse \u00fcle, pakkudes pidevat tuge ja hooldusabi, et tagada klientidele meie toodetele lootmine. Meie p\u00fchendunud meeskond on alati valmis teid abistama k\u00f5igi k\u00fcsimuste v\u00f5i vajaliku toe korral.<\/p>\n<p><img decoding=\"async\" src=\"https:\/\/www.hydraulic-cylinders.net\/wp-content\/uploads\/2025\/04\/songte-company-4.webp\" alt=\"H\u00fcdrauliliste silindrite tootmis\u00fcksus\"><br \/>\n<img decoding=\"async\" src=\"https:\/\/www.hydraulic-cylinders.net\/wp-content\/uploads\/2025\/04\/songte-company-3.webp\" alt=\"H\u00fcdraulilise silindri tootmisliin\"><\/p>\n<p>Autor: lyl<\/p>","protected":false},"excerpt":{"rendered":"<p>Boom Cylinder For Sany Small Excavator SY65-9 Product Overview The Boom Cylinder for the Sany Small Excavator SY65-9 is a hydraulic cylinder specifically designed to control the movement of the boom on excavators. These cylinders play a crucial role in hydraulic systems, providing the necessary force to lift, lower, and tilt the boom. This ability [&hellip;]<\/p>","protected":false},"featured_media":17869,"comment_status":"open","ping_status":"closed","template":"","meta":{"_et_pb_use_builder":"","_et_pb_old_content":"","_et_gb_content_width":""},"product_brand":[],"product_cat":[1546],"product_tag":[1547,1496],"class_list":{"0":"post-19138","1":"product","2":"type-product","3":"status-publish","4":"has-post-thumbnail","6":"product_cat-boom-cylinders","7":"product_tag-boom-cylinders","8":"product_tag-hydraulic-cylinders","10":"first","11":"instock","12":"shipping-taxable","13":"product-type-simple"},"amp_enabled":true,"_links":{"self":[{"href":"https:\/\/www.hydraulic-cylinders.net\/et\/wp-json\/wp\/v2\/product\/19138","targetHints":{"allow":["GET"]}}],"collection":[{"href":"https:\/\/www.hydraulic-cylinders.net\/et\/wp-json\/wp\/v2\/product"}],"about":[{"href":"https:\/\/www.hydraulic-cylinders.net\/et\/wp-json\/wp\/v2\/types\/product"}],"replies":[{"embeddable":true,"href":"https:\/\/www.hydraulic-cylinders.net\/et\/wp-json\/wp\/v2\/comments?post=19138"}],"wp:featuredmedia":[{"embeddable":true,"href":"https:\/\/www.hydraulic-cylinders.net\/et\/wp-json\/wp\/v2\/media\/17869"}],"wp:attachment":[{"href":"https:\/\/www.hydraulic-cylinders.net\/et\/wp-json\/wp\/v2\/media?parent=19138"}],"wp:term":[{"taxonomy":"product_brand","embeddable":true,"href":"https:\/\/www.hydraulic-cylinders.net\/et\/wp-json\/wp\/v2\/product_brand?post=19138"},{"taxonomy":"product_cat","embeddable":true,"href":"https:\/\/www.hydraulic-cylinders.net\/et\/wp-json\/wp\/v2\/product_cat?post=19138"},{"taxonomy":"product_tag","embeddable":true,"href":"https:\/\/www.hydraulic-cylinders.net\/et\/wp-json\/wp\/v2\/product_tag?post=19138"}],"curies":[{"name":"wp","href":"https:\/\/api.w.org\/{rel}","templated":true}]}}