{"id":1916,"date":"2023-10-19T07:55:02","date_gmt":"2023-10-19T07:55:02","guid":{"rendered":"https:\/\/hydraulic-cylinders.net\/?post_type=product&#038;p=1916"},"modified":"2025-04-11T03:43:23","modified_gmt":"2025-04-11T03:43:23","slug":"double-shield-tbm-torque-cylinder","status":"publish","type":"product","link":"https:\/\/www.hydraulic-cylinders.net\/et\/toode\/double-shield-tbm-torque-cylinder\/","title":{"rendered":"Topeltkilbiga TBM-i p\u00f6\u00f6rdemomendi silinder"},"content":{"rendered":"<h1 style=\"text-align: center;\"><strong>Topeltkilbiga TBM-i p\u00f6\u00f6rdemomendi silinder<\/strong><\/h1>\n<p><img loading=\"lazy\" decoding=\"async\" class=\"aligncenter wp-image-1917\" src=\"https:\/\/hydraulic-cylinders.net\/wp-content\/uploads\/2023\/10\/torque-cylinder-1-2-300x300.webp\" alt=\"\" width=\"400\" height=\"400\" \/><\/p>\n<p>Topeltkilbiga TBM-i p\u00f6\u00f6rdemomendi silinder on tipptasemel h\u00fcdrauliline komponent, mis maksimeerib tunnelipuurimismasinate efektiivsust ja t\u00e4psust. See spetsiaalne silinder tagab vajaliku p\u00f6\u00f6rdemomendi l\u00f5ikepea p\u00f6\u00f6rlemiseks, v\u00f5imaldades sujuvat ja t\u00e4pset kaevamist tunneli kaevamise ajal. See p\u00f5hjalik artikkel uurib topeltkilbiga TBM-i p\u00f6\u00f6rdemomendi silindri peamisi omadusi, kasutusmeetodeid ja hooldusjuhiseid.<\/p>\n<p>Topeltkilbiga TBM-i p\u00f6\u00f6rdemomendi silinder on vastupidav ja usaldusv\u00e4\u00e4rne komponent, mis muudab tunnelipuurimise protsesse revolutsiooniliselt. Oma suure p\u00f6\u00f6rdemomendi, t\u00e4ppistehnoloogia, vastupidava konstruktsiooni ja ruumis\u00e4\u00e4stliku disainiga suurendab see silinder tunneliprotsesside efektiivsust ja t\u00e4psust. Soovitatavate kasutusmeetodite ja regulaarsete hooldustavade j\u00e4rgimisel pakub topeltkilbiga TBM-i p\u00f6\u00f6rdemomendi silinder j\u00e4tkuvalt erakordset j\u00f5udlust, aidates kaasa tunneliprojektide edule. Kasutage topeltkilbiga TBM-i p\u00f6\u00f6rdemomendi silindri v\u00f5imsust ja t\u00e4psust, vallandades tunnelipuurimise t\u00e4ieliku potentsiaali enneolematu efektiivsuse ja t\u00e4psusega.<\/p>\n<p>Topeltkilbiga TBM-i p\u00f6\u00f6rdemomendi silindri peamised omadused:<\/p>\n<ul>\n<li>Suur p\u00f6\u00f6rdemoment: Topelt TBM-kaitsega p\u00f6\u00f6rdemomendi silinder tagab tugeva p\u00f6\u00f6rdemomendi, v\u00f5imaldades l\u00f5ikepea t\u00f5husat p\u00f6\u00f6rlemist. Selle v\u00f5imas j\u00f5udlus tagab t\u00f5husa ja t\u00e4pse kaevamise isegi keerulistes geoloogilistes tingimustes.<\/li>\n<li>T\u00e4ppisprojekteerimine: See silinder on t\u00e4pselt konstrueeritud sujuva ja t\u00e4pse p\u00f6\u00f6rdemomendi \u00fclekande tagamiseks. Selle t\u00e4iustatud disain minimeerib tagasil\u00f6\u00f6ki ja s\u00e4ilitab \u00fchtlase p\u00f6\u00f6rlemiskiiruse, mille tulemuseks on t\u00e4pne kaevamine ja parem tunnelit\u00f6\u00f6 tootlikkus.<\/li>\n<li>Tugev konstruktsioon: Topeltkilbiga TBM-i p\u00f6\u00f6rdemomendi silinder on vastupidava konstruktsiooniga, mis on loodud taluma tunnelipuurimise ajal esinevaid n\u00f5udlikke tingimusi. Selle kvaliteetsed materjalid ja hoolikas meisterlikkus tagavad vastupidavuse ja t\u00f6\u00f6kindluse k\u00f5ige karmimates keskkondades.<\/li>\n<li>Kompaktne ja ruumis\u00e4\u00e4stlik: See silinder optimeerib tunnelipuurmasina ruumikasutust kompaktse disainiga. Selle voolujooneline konstruktsioon v\u00f5imaldab h\u00f5lpsat integreerimist, minimeerides h\u00e4ireid teiste komponentidega ja maksimeerides tunneliprotsessi \u00fcldist efektiivsust.<\/li>\n<\/ul>\n<h2><strong>Topeltkilbiga TBM-i p\u00f6\u00f6rdemomendi silindri parameeter:<\/strong><\/h2>\n<table border=\"1\" cellspacing=\"0\" cellpadding=\"0\">\n<tbody>\n<tr>\n<td>Toote nimi<\/td>\n<td>Topeltkilbiga tunnelipuurimismasina p\u00f6\u00f6rdemomendi silinder<\/td>\n<\/tr>\n<tr>\n<td>Omadused:<\/td>\n<td>Edastage l\u00f5ikepea p\u00f6\u00f6rdemoment<\/td>\n<\/tr>\n<tr>\n<td>Spetsifikatsioon:<\/td>\n<td>P\u00f6\u00f6rdemomendi silindrite erinevaid konstruktsioone ja spetsifikatsioone saab kujundada ja toota vastavalt kliendi vajadustele<\/td>\n<\/tr>\n<tr>\n<td>R\u00f5hk:<\/td>\n<td>kuni 25 MPa<br \/>\nErin\u00f5uded kuni 35 MPa<\/td>\n<\/tr>\n<tr>\n<td>Rakendused:<\/td>\n<td>Topeltkilbiga tunnelipuurmasin<\/td>\n<\/tr>\n<\/tbody>\n<\/table>\n<h2><strong>Topeltkilbiga TBM-silindri rakendus:<\/strong><\/h2>\n<p><img loading=\"lazy\" decoding=\"async\" class=\"alignnone wp-image-1909 size-full\" src=\"https:\/\/hydraulic-cylinders.net\/wp-content\/uploads\/2023\/10\/double-shield-tbm-cylinder-1.webp\" alt=\"\" width=\"709\" height=\"473\" srcset=\"https:\/\/hydraulic-cylinders.net\/wp-content\/uploads\/2023\/10\/double-shield-tbm-cylinder-1.webp 709w, https:\/\/hydraulic-cylinders.net\/wp-content\/uploads\/2023\/10\/double-shield-tbm-cylinder-1-480x320.webp 480w\" sizes=\"(min-width: 0px) and (max-width: 480px) 480px, (min-width: 481px) 709px, 100vw\" \/><\/p>\n<h2><strong>Topeltkilbiga TBM-i p\u00f6\u00f6rdemomendi silindri kasutusmeetod<\/strong><strong>:<\/strong><\/h2>\n<ul>\n<li><strong>Silindrite integreerimine:<\/strong> Install the double shield tbm torque cylinder in the designated location within the tunnel boring machine, following the manufacturer&#8217;s guidelines and specifications. Ensure proper alignment and secure attachment to the TBM&#8217;s structure using suitable mounting brackets or accessories.<\/li>\n<li><strong>H\u00fcdraulikas\u00fcsteemi integreerimine:<\/strong> \u00dchendage silinder TBM-i h\u00fcdros\u00fcsteemiga, kasutades \u00fchilduvaid voolikuid ja liitmikke. Veenduge, et k\u00f5ik \u00fchendused on kindlad, lekkevabad ja piisavalt pingutatud, et tagada optimaalne h\u00fcdrauliline j\u00f5udlus.<\/li>\n<li><strong>Juhtimine ja kasutamine:<\/strong> Familiarize yourself with the TBM&#8217;s control system and the rules associated with the double shield tbm torque cylinder. Utilize these controls to activate, regulate, and monitor the torque output, adjusting it to match the excavation requirements and geological conditions.<\/li>\n<li><strong>J\u00e4lgimine ja kohandamine:<\/strong> J\u00e4lgige pidevalt topeltkilbiga TBM-i p\u00f6\u00f6rdemomendi silindri j\u00f5udlust ja tunnelipuurimismasina \u00fcldist k\u00e4itumist. Reguleerige p\u00f6\u00f6rdemomenti, v\u00f5ttes arvesse pinnasetingimusi, l\u00f5ikurite kulumist ja kaevamise edenemist, et tagada optimaalne efektiivsus ja tootlikkus.<\/li>\n<\/ul>\n<h2><strong>Kuidas vahetada h\u00fcdraulilise silindri tihendeid?<\/strong><\/h2>\n<p>H\u00fcdrosilindri tihendite vahetamine n\u00f5uab silindri komponentide hoolikat lahtiv\u00f5tmist ja kokkupanekut. Siin on samm-sammult juhend, mis aitab teil protsessi l\u00e4bida:<\/p>\n<ol>\n<li><strong>Silindri ettevalmistamine:<\/strong>\n<ul>\n<li>\u00dchendage h\u00fcdrosilinder s\u00fcsteemist lahti ja veenduge, et see on r\u00f5huvaba.<\/li>\n<li>Puhastage silindri v\u00e4lispind, et v\u00e4ltida mustuse v\u00f5i prahi sattumist lahtiv\u00f5tmise ajal.<\/li>\n<li>Asetage silinder stabiilsele t\u00f6\u00f6pinnale ja kinnitage see klambrite v\u00f5i kruustangide abil.<\/li>\n<\/ul>\n<\/li>\n<li><strong>Tuvastage tihendid:<\/strong>\n<ul>\n<li>M\u00e4\u00e4rake v\u00e4lja vahetamist vajavate tihendite t\u00fc\u00fcbid ja asukohad.<\/li>\n<li>H\u00fcdrosilindritel on tavaliselt mitu tihendit, sealhulgas varda tihendid, kolvi tihendid ja klaasipuhasti tihendid.<\/li>\n<li>Consult the manufacturer&#8217;s documentation or reference materials to identify the required seals.<\/li>\n<\/ul>\n<\/li>\n<li><strong>Lahtiv\u00f5tmine:<\/strong>\n<ul>\n<li>Eemaldage k\u00f5ik kinnitusdetailid, n\u00e4iteks poldid, kinnitusr\u00f5ngad v\u00f5i kinnitusr\u00f5ngad, mis kinnitavad silindripea v\u00f5i korgi.<\/li>\n<li>Eemaldage ettevaatlikult silindripea v\u00f5i kork, paljastades kolvi, varda ja tihendid.<\/li>\n<li>N\u00f5uetekohase kokkupaneku tagamiseks p\u00f6\u00f6rake t\u00e4helepanu tihendite paigutusele ja j\u00e4rjekorrale.<\/li>\n<\/ul>\n<\/li>\n<li><strong>Eemaldage vanad tihendid:<\/strong>\n<ul>\n<li>Kontrollige vanu tihendeid kahjustuste v\u00f5i kulumise suhtes ja m\u00e4\u00e4rake sobiv eemaldamismeetod.<\/li>\n<li>S\u00f5ltuvalt tihendi t\u00fc\u00fcbist peate v\u00f5ib-olla kasutama tihendi eemaldamise t\u00f6\u00f6riistu, n\u00e4iteks kirveid v\u00f5i konksusid, v\u00f5i kangutama need ettevaatlikult v\u00e4lja lameda kruvikeerajaga.<\/li>\n<li>Olge ettevaatlik, et tihendi eemaldamisel silindri pindu ei kahjustataks.<\/li>\n<\/ul>\n<\/li>\n<li><strong>Puhastage ja kontrollige:<\/strong>\n<ul>\n<li>Puhastage silindri ava, varras ja \u00fcmbritsevad komponendid p\u00f5hjalikult ebemevaba lapiga v\u00f5i sobiva lahustiga.<\/li>\n<li>Kontrollige k\u00f5iki komponente kahjustuste, kulumise v\u00f5i kriimustuste suhtes. Vajadusel vahetage k\u00f5ik kulunud v\u00f5i kahjustatud osad v\u00e4lja.<\/li>\n<\/ul>\n<\/li>\n<li><strong>Uute tihendite paigaldamine:<\/strong>\n<ul>\n<li>Paigaldamise h\u00f5lbustamiseks ja korraliku tihenduse tagamiseks kandke uutele tihenditele \u00f5huke kiht h\u00fcdraulikavedelikku v\u00f5i tihendi m\u00e4\u00e4rdeainet.<\/li>\n<li>Asetage uued tihendid ettevaatlikult oma soontesse, veendudes, et need on \u00f5igesti orienteeritud.<\/li>\n<li>Kasutage tihendite paigaldust\u00f6\u00f6riista v\u00f5i pehmet haamrit, et suruda tihendid \u00f5rnalt paika, veendudes, et need on \u00fchtlaselt ja kindlalt paigas.<\/li>\n<\/ul>\n<\/li>\n<li><strong>Kokkupanek:<\/strong>\n<ul>\n<li>Paigaldage tagasi k\u00f5ik lahtiv\u00f5tmise k\u00e4igus eemaldatud \u00fclej\u00e4\u00e4nud komponendid, n\u00e4iteks poldid, lukustusr\u00f5ngad v\u00f5i kinnitusr\u00f5ngad.<\/li>\n<li>N\u00f5uetekohase tihenduse ja joonduse tagamiseks j\u00e4rgige tootja p\u00f6\u00f6rdemomendi v\u00e4\u00e4rtusi ja pingutusj\u00e4rjestuse spetsifikatsioone.<\/li>\n<li>Kontrollige tihendite j\u00e4rjekorda ja paigutust veelkord, et need oleksid \u00f5iges asendis.<\/li>\n<\/ul>\n<\/li>\n<li><strong>Testimine ja kontrollimine:<\/strong>\n<ul>\n<li>\u00dchendage h\u00fcdrosilinder uuesti s\u00fcsteemiga ja veenduge, et k\u00f5ik \u00fchendused on kindlad.<\/li>\n<li>Taastage s\u00fcsteemi r\u00f5hk j\u00e4rk-j\u00e4rgult, kontrollides lekete v\u00f5i ebanormaalse k\u00e4itumise suhtes.<\/li>\n<li>Laske h\u00fcdrosilindril l\u00e4bi kogu selle liikumisulatuse, et kontrollida tihendi n\u00f5uetekohast toimimist ja \u00fcldist funktsionaalsust.<\/li>\n<\/ul>\n<\/li>\n<\/ol>\n<h2><strong>Tehase v\u00f5imekus ja suutlikkus:<\/strong><\/h2>\n<h3>(1) Kokkupanek<\/h3>\n<p>Meil on esmaklassiline s\u00f5ltumatu teadus- ja arendustegevuse montaa\u017eiplatvorm. H\u00fcdrosilindrite tootmist\u00f6\u00f6kojas on neli poolautomaatset t\u00f5stesilindrite koosteliini ja \u00fcks automaatne kallutussilindrite koosteliin, mille kavandatud aastane tootmisv\u00f5imsus on 1 miljon t\u00fckki. Spetsiaalsete silindrite t\u00f6\u00f6koda on varustatud erinevate spetsifikatsioonidega poolautomaatse puhastusmontaa\u017eis\u00fcsteemiga, mille kavandatud aastane tootmisv\u00f5imsus on 200 000 ja mis on varustatud kuulsate CNC-t\u00f6\u00f6tlemisseadmete, mehaanilise t\u00f6\u00f6tlemise keskuse, suure t\u00e4psusega silindrite t\u00f6\u00f6tlemise eriseadmete, robotkeevitusmasina, automaatse puhastusmasina, automaatse silindri kokkupanemise masina ja automaatse v\u00e4rvimise tootmisliiniga. Olemasolevad kriitilised seadmed rohkem kui 300 komplekti (komplekti). Seadmete ressursside optimaalne jaotamine ja t\u00f5hus kasutamine tagavad toodete t\u00e4psusn\u00f5uded ja vastavad toodete kvaliteedin\u00f5uetele.<\/p>\n<p><img loading=\"lazy\" decoding=\"async\" class=\"alignnone wp-image-626\" src=\"https:\/\/hydraulic-cylinders.net\/wp-content\/uploads\/2023\/08\/hydraulic-cylinder-product-1-300x158.webp\" alt=\"\" width=\"495\" height=\"260\" srcset=\"https:\/\/hydraulic-cylinders.net\/wp-content\/uploads\/2023\/08\/hydraulic-cylinder-product-1-300x158.webp 495w, https:\/\/hydraulic-cylinders.net\/wp-content\/uploads\/2023\/08\/hydraulic-cylinder-product-1-480x252.webp 480w\" sizes=\"(min-width: 0px) and (max-width: 480px) 480px, (min-width: 481px) 495px, 100vw\" \/> <img loading=\"lazy\" decoding=\"async\" class=\"alignnone wp-image-627\" src=\"https:\/\/hydraulic-cylinders.net\/wp-content\/uploads\/2023\/08\/hydraulic-cylinder-product-2-300x189.webp\" alt=\"\" width=\"413\" height=\"260\" \/><\/p>\n<h3>(2) T\u00f6\u00f6tlemine<\/h3>\n<p>T\u00f6\u00f6deldav t\u00f6\u00f6koda on varustatud kohandatud kallutatud r\u00f6\u00f6pse treipingi keskuse, mehaanilise keskuse, kiire lihvimismasina, keevitusroboti ja muude seotud seadmetega, mis suudavad t\u00f6\u00f6delda silindritorusid, mille maksimaalne sisel\u00e4bim\u00f5\u00f5t on 400 mm ja maksimaalne pikkus on 6 meetrit.<\/p>\n<p><img loading=\"lazy\" decoding=\"async\" class=\"alignnone wp-image-628 size-large\" src=\"https:\/\/hydraulic-cylinders.net\/wp-content\/uploads\/2023\/08\/hydraulic-cylinder-product-3-1024x391.webp\" alt=\"\" width=\"1024\" height=\"391\" srcset=\"https:\/\/hydraulic-cylinders.net\/wp-content\/uploads\/2023\/08\/hydraulic-cylinder-product-3-980x374.webp 980w, https:\/\/hydraulic-cylinders.net\/wp-content\/uploads\/2023\/08\/hydraulic-cylinder-product-3-480x183.webp 480w\" sizes=\"(min-width: 0px) and (max-width: 480px) 480px, (min-width: 481px) and (max-width: 980px) 980px, (min-width: 981px) 1024px, 100vw\" \/><\/p>\n<h3>(3) Keevitamine<\/h3>\n<p><img loading=\"lazy\" decoding=\"async\" class=\"alignnone wp-image-629 size-large\" src=\"https:\/\/hydraulic-cylinders.net\/wp-content\/uploads\/2023\/08\/hydraulic-cylinder-product-4-1024x510.webp\" alt=\"\" width=\"1024\" height=\"510\" srcset=\"https:\/\/hydraulic-cylinders.net\/wp-content\/uploads\/2023\/08\/hydraulic-cylinder-product-4-980x488.webp 980w, https:\/\/hydraulic-cylinders.net\/wp-content\/uploads\/2023\/08\/hydraulic-cylinder-product-4-480x239.webp 480w\" sizes=\"(min-width: 0px) and (max-width: 480px) 480px, (min-width: 481px) and (max-width: 980px) 980px, (min-width: 981px) 1024px, 100vw\" \/><\/p>\n<h3>(4) V\u00e4rvimine ja katmine<\/h3>\n<p>V\u00e4ikese ja keskmise suurusega silindri automaatse veep\u00f5hise v\u00e4rvipinnakattega liinide abil, et saavutada automaatne robotlaadimine ja mahalaadimine ning automaatne pihustamine, projekteerimisv\u00f5imsus 4000 t\u00fckki vahetuse kohta;<br \/>\nMeil on ka poolautomaatne suurte balloonide v\u00e4rvimise tootmisliin, mis t\u00f6\u00f6tab j\u00f5ukettaga ja mille projekteerimisv\u00f5imsus on 60 kasti \u00fche vahetuse kohta.<\/p>\n<p><img loading=\"lazy\" decoding=\"async\" class=\"alignnone wp-image-630\" src=\"https:\/\/hydraulic-cylinders.net\/wp-content\/uploads\/2023\/08\/hydraulic-cylinder-product-5-300x213.webp\" alt=\"\" width=\"366\" height=\"260\" \/> <img loading=\"lazy\" decoding=\"async\" class=\"alignnone wp-image-631\" src=\"https:\/\/hydraulic-cylinders.net\/wp-content\/uploads\/2023\/08\/hydraulic-cylinder-product-6-300x225.webp\" alt=\"\" width=\"347\" height=\"260\" \/><\/p>\n<h3>(5) Testimine<\/h3>\n<p>Meil on esmaklassilised kontrolliseadmed ja katsestendid, et tagada silindri j\u00f5udlus vastavus n\u00f5uetele.<\/p>\n<p><img loading=\"lazy\" decoding=\"async\" class=\"alignnone wp-image-632\" src=\"https:\/\/hydraulic-cylinders.net\/wp-content\/uploads\/2023\/08\/hydraulic-cylinder-product-8-300x200.webp\" alt=\"\" width=\"389\" height=\"260\" \/><\/p>\n<p>&nbsp;<\/p>\n<p>&nbsp;<\/p>\n<p>Oleme \u00fcks parimaid h\u00fcdrosilindrite tootjaid. Pakume laia valikut h\u00fcdrosilindreid. Pakume ka vastavaid... <a href=\"https:\/\/hzpt.com\/agricultural-pto-gearbox\/\" target=\"_blank\" rel=\"noopener\">p\u00f5llumajanduslikud k\u00e4igukastid<\/a>. Oleme eksportinud oma tooteid klientidele \u00fcle maailma ja teeninud hea maine t\u00e4nu meie suurep\u00e4rasele tootekvaliteedile ja m\u00fc\u00fcgij\u00e4rgsele teenindusele. Me tervitame kliente kodus ja v\u00e4lismaal, et v\u00f5tta meiega \u00fchendust, et pidada l\u00e4bir\u00e4\u00e4kimisi \u00e4ri, vahetada teavet ja <a href=\"https:\/\/www.hydraulic-cylinders.net\/et\/contact-us\/\">teha meiega koost\u00f6\u00f6d<\/a>!<\/p>\n<p>&nbsp;<\/p>","protected":false},"excerpt":{"rendered":"<p>Double Shield TBM Torque Cylinder The double shield TBM torque cylinder is a cutting-edge hydraulic component that maximizes the efficiency and accuracy of tunnel boring machines. This specialized cylinder provides the necessary torque force for the rotation of the cutterhead, enabling smooth and precise excavation during tunneling operations. This comprehensive article will explore the key [&hellip;]<\/p>","protected":false},"featured_media":1918,"comment_status":"open","ping_status":"closed","template":"","meta":{"_et_pb_use_builder":"","_et_pb_old_content":"","_et_gb_content_width":""},"product_brand":[],"product_cat":[1550,1519],"product_tag":[1380],"class_list":{"0":"post-1916","1":"product","2":"type-product","3":"status-publish","4":"has-post-thumbnail","6":"product_cat-double-acting-hydraulic-cylinder","7":"product_cat-shield-machine-hydraulic-cylinders","8":"product_tag-hydraulic-cylinder","10":"first","11":"instock","12":"shipping-taxable","13":"product-type-simple"},"amp_enabled":true,"_links":{"self":[{"href":"https:\/\/www.hydraulic-cylinders.net\/et\/wp-json\/wp\/v2\/product\/1916","targetHints":{"allow":["GET"]}}],"collection":[{"href":"https:\/\/www.hydraulic-cylinders.net\/et\/wp-json\/wp\/v2\/product"}],"about":[{"href":"https:\/\/www.hydraulic-cylinders.net\/et\/wp-json\/wp\/v2\/types\/product"}],"replies":[{"embeddable":true,"href":"https:\/\/www.hydraulic-cylinders.net\/et\/wp-json\/wp\/v2\/comments?post=1916"}],"wp:featuredmedia":[{"embeddable":true,"href":"https:\/\/www.hydraulic-cylinders.net\/et\/wp-json\/wp\/v2\/media\/1918"}],"wp:attachment":[{"href":"https:\/\/www.hydraulic-cylinders.net\/et\/wp-json\/wp\/v2\/media?parent=1916"}],"wp:term":[{"taxonomy":"product_brand","embeddable":true,"href":"https:\/\/www.hydraulic-cylinders.net\/et\/wp-json\/wp\/v2\/product_brand?post=1916"},{"taxonomy":"product_cat","embeddable":true,"href":"https:\/\/www.hydraulic-cylinders.net\/et\/wp-json\/wp\/v2\/product_cat?post=1916"},{"taxonomy":"product_tag","embeddable":true,"href":"https:\/\/www.hydraulic-cylinders.net\/et\/wp-json\/wp\/v2\/product_tag?post=1916"}],"curies":[{"name":"wp","href":"https:\/\/api.w.org\/{rel}","templated":true}]}}