{"id":19178,"date":"2025-04-07T06:16:41","date_gmt":"2025-04-07T06:16:41","guid":{"rendered":"https:\/\/www.hydraulic-cylinders.net\/product\/boom-cylinder-for-xcmg-small-excavator-xe15\/"},"modified":"2025-04-07T06:16:44","modified_gmt":"2025-04-07T06:16:44","slug":"boom-cylinder-for-xcmg-small-excavator-xe15","status":"publish","type":"product","link":"https:\/\/www.hydraulic-cylinders.net\/et\/toode\/boom-cylinder-for-xcmg-small-excavator-xe15\/","title":{"rendered":"XCMG v\u00e4ikese ekskavaatori XE15 poomi silinder"},"content":{"rendered":"<h1>XCMG v\u00e4ikese ekskavaatori XE15 poomi silinder<\/h1>\n<h2>Sissejuhatus poomi silindrisse<\/h2>\n<p>Noole silinder on rasketehnika h\u00fcdros\u00fcsteemide oluline komponent, eriti v\u00e4ikeste ekskavaatorite, n\u00e4iteks XCMG XE15 puhul. See h\u00fcdrosilinder on spetsiaalselt loodud noole liikumise juhtimiseks, v\u00f5imaldades sellel erinevate toimingute ajal t\u00f5husalt t\u00f5sta, langetada ja kallutada. Need toimingud on materjali k\u00e4itlemise \u00fclesannete jaoks h\u00e4davajalikud, muutes noole silindri ekskavaatorite, ekskavaatori-ekskavaatori ja esilaaduri funktsionaalsuse oluliseks elemendiks.<\/p>\n<p><img decoding=\"async\" src=\"https:\/\/www.hydraulic-cylinders.net\/wp-content\/uploads\/2025\/04\/songte-company-1.webp\" alt=\"Poomi silinder\" \/><\/p>\n<h3>Poomi silindrite funktsioon ja rakendus<\/h3>\n<p>Poomi silinder on teatud t\u00fc\u00fcpi h\u00fcdrauliline silinder, mis t\u00f6\u00f6tab masina tekitatud h\u00fcdraulilise r\u00f5hu abil. See v\u00f5imaldab kaevamisseadmetel t\u00e4pselt t\u00e4ita selliseid \u00fclesandeid nagu kaevamine, t\u00f5stmine ja materjalide teisaldamine. H\u00fcdraulikas\u00fcsteem kasutab r\u00f5hu all oleva vedeliku j\u00f5udu sujuvate ja v\u00f5imsate liikumiste saavutamiseks, mist\u00f5ttu see sobib rasketeks rakendusteks.<\/p>\n<h2>Poomi silindri omadused<\/h2>\n<ul>\n<li><strong>Suur tugevus ja vastupidavus:<\/strong> Need silindrid on valmistatud \u00fclitugevast terasest v\u00f5i alumiiniumist ning taluvad k\u00f5rget r\u00f5hku ja suuri koormusi, mist\u00f5ttu sobivad need ka karmidesse t\u00f6\u00f6keskkondadesse.<\/li>\n<li><strong>T\u00f5hus h\u00fcdrauliline t\u00f6\u00f6:<\/strong> Konstruktsioon v\u00f5imaldab sujuvaid ja tundlikke h\u00fcdraulilisi toiminguid, pakkudes v\u00f5imsaid t\u00f5uke- ja t\u00f5mbej\u00f5ude, mis on vajalikud keerukate t\u00f6\u00f6\u00fclesannete jaoks.<\/li>\n<li><strong>Erinevad t\u00fc\u00fcbid:<\/strong> Saadaval \u00fche- ja kahetoimelise variandina, mis v\u00f5imaldab kasutajatel valida vastavalt t\u00f6\u00f6vajadustele, m\u00f5nedel mudelitel on teleskoopkonstruktsioon suurema ulatuse tagamiseks.<\/li>\n<li><strong>Hoolduss\u00f5bralik:<\/strong> Loodud h\u00f5lpsaks kontrollimiseks ja hooldamiseks, tagades masinate pikaealisuse ja v\u00e4hendades seisakuid.<\/li>\n<li><strong>Korrosioonikindlus:<\/strong> Valmistatud korrosioonikindlatest materjalidest, mis pikendavad silindri eluiga ja t\u00f6\u00f6kindlust erinevates keskkonnatingimustes.<\/li>\n<\/ul>\n<h2>Meie tootmisv\u00f5imalused<\/h2>\n<p>Oleme spetsialiseerunud kvaliteetsete poomisilindrite tootmisele, mis asendavad ideaalselt olemasolevaid h\u00fcdrosilindreid. Meie tooted on t\u00e4pselt konstrueeritud, et need vastaksid t\u00f6\u00f6stusstandarditele.<\/p>\n<p><img decoding=\"async\" src=\"https:\/\/www.hydraulic-cylinders.net\/wp-content\/uploads\/2025\/04\/songte-cylinder-head-with-all-kinds-excavator-models.webp\" alt=\"H\u00fcdraulilise silindri tootmine\" \/><\/p>\n<h2>Rakendusstsenaariumid<\/h2>\n<h3>Ehitustehnika<\/h3>\n<p>Ekskavaatorites m\u00e4ngivad noolesilindrid olulist rolli pinnase v\u00f5i prahi kaevamisel, laadimisel ja transportimisel. Need pakuvad vajalikku v\u00f5imsust ja juhtimist noole t\u00f5husaks man\u00f6\u00f6verdamiseks. Ekskavaatorlaadurites aitavad noolesilindrid mitte ainult kaevamist\u00f6\u00f6del, vaid ka raskete koormate t\u00f5stmisel, mis n\u00e4itab nende mitmek\u00fclgsust ehitusrakendustes.<\/p>\n<h3>P\u00f5llumajandustehnika<\/h3>\n<p>Esilaadurites kasutatakse noolesilindreid mitmesuguste materjalide, sealhulgas mulla, heina ja muude p\u00f5llumajandussaaduste, kopeerimiseks, t\u00f5stmiseks ja transportimiseks. Nende v\u00f5ime pakkuda v\u00f5imast t\u00f5stev\u00f5imet muudab need asendamatuks p\u00f5llumajandust\u00f6\u00f6des, kus efektiivsus ja t\u00e4psus on \u00fcliolulised.<\/p>\n<h3>Ekskavaatorid<\/h3>\n<p>Standardsetes ekskavaatorites v\u00f5imaldavad noolesilindrid kopal t\u00f5husalt pinnasesse tungida. See funktsioon on kaevamist\u00f6\u00f6del h\u00e4davajalik, v\u00f5imaldades s\u00fcgavamat kaevamist ilma m\u00e4rkimisv\u00e4\u00e4rse pingutuseta. H\u00fcdrauliline toime tagab kopa t\u00e4pse juhtimise, parandades ehitusplatside tootlikkust.<\/p>\n<h3>Laadurid<\/h3>\n<p>Esilaadurites aitavad noolesilindrid materjale t\u00f5husalt t\u00f5sta ja t\u00fchjendada. Need pakuvad vajalikku tugevust raskete koormate k\u00e4sitsemiseks, tagades, et sellised toimingud nagu veoautode laadimine v\u00f5i materjalide \u00fcmberpaigutamine toimuvad h\u00f5lpsalt ja t\u00f5husalt.<\/p>\n<h2>Kujunduskaalutlused<\/h2>\n<h3>Kandev\u00f5ime<\/h3>\n<p>Poomi silindrite projekteerimisel on kandev\u00f5ime esmat\u00e4htis kaalutlus. Silinder peab suutma taluda maksimaalset koormust ilma konstruktsiooni terviklikkust kahjustamata. See h\u00f5lmab \u00fcksikasjalikke arvutusi ja katsetusi, et tagada kasutatud materjalide vastupidavus t\u00f6\u00f6koormustele.<\/p>\n<h3>Tihendus<\/h3>\n<p>T\u00f5hus tihendamine on \u00fclioluline h\u00fcdraulilise vedeliku lekete v\u00e4ltimiseks, mis v\u00f5ivad p\u00f5hjustada olulisi t\u00f6\u00f6h\u00e4ireid. Tihendid tuleb valida t\u00f6\u00f6keskkonna ja vedeliku t\u00fc\u00fcbi p\u00f5hjal, kasutades kvaliteetseid materjale, et tagada pikaealisus ja t\u00f6\u00f6kindlus.<\/p>\n<h3>Vastupidavus<\/h3>\n<p>Durability is another key factor, as boom cylinders often operate in harsh conditions. The design must account for wear and tear, utilizing treatments and coatings that enhance the resistance against abrasions and corrosion, thereby extending the product&#8217;s lifespan.<\/p>\n<h3>Turvaelemendid<\/h3>\n<p>Ohutusfunktsioonide lisamine on oluline nii seadmete kui ka operaatori kaitsmiseks. See h\u00f5lmab kaitseklappe ja r\u00f5hu alandamise mehhanisme \u00fclekoormuse v\u00e4ltimiseks, tagades ohutu t\u00f6\u00f6 igas olukorras.<\/p>\n<h3>Hooldatavus<\/h3>\n<p>Hooldatavust silmas pidades projekteerimine tagab, et operaatorid saavad poomi silindrile h\u00f5lpsalt juurde p\u00e4\u00e4seda ja seda hooldada. See h\u00f5lmab komponendi projekteerimist nii, et m\u00e4\u00e4rimine, kontrollimine ja osade vahetamine oleks lihtne, v\u00e4hendades seel\u00e4bi seisakuid ja hoolduskulusid.<\/p>\n<p><img decoding=\"async\" src=\"https:\/\/www.hydraulic-cylinders.net\/wp-content\/uploads\/2025\/04\/songte-oil-pipes-and-spare-parts.webp\" alt=\"H\u00fcdraulilised komponendid\" \/><\/p>\n<h2>Tihendus ja m\u00e4\u00e4rimine<\/h2>\n<p>N\u00f5uetekohane tihendamine ja m\u00e4\u00e4rimine on \u00fcliolulised poomi silindrite efektiivsuse ja pikaealisuse s\u00e4ilitamiseks. Erinevad tihenduskomponendid, n\u00e4iteks kolvitihendid ja vardatihendid, on h\u00fcdraulilise vedeliku lekete v\u00e4ltimiseks \u00fcliolulised. Materjale nagu pol\u00fcuretaan ja nitriilkummi kasutatakse tavaliselt nende kulumiskindlate omaduste t\u00f5ttu. Lisaks l\u00e4bivad silindri korpus ja keermestatud otsad t\u00e4pse t\u00f6\u00f6tlusprotsessi, et suurendada vastupidavust ja v\u00e4hendada h\u00f5\u00f5rdumist. Sujuva t\u00f6\u00f6 s\u00e4ilitamiseks ja kulumise v\u00e4ltimiseks on vajalik regulaarne m\u00e4\u00e4rimine h\u00fcdraulika\u00f5liga.<\/p>\n<h2>Ennetavad hooldusmeetmed<\/h2>\n<ul>\n<li><strong>Regulaarsed kontrollid:<\/strong> Rutiinsete kontrollide tegemine k\u00f5igi komponentide korrektse toimimise tagamiseks aitab tuvastada v\u00f5imalikke probleeme enne, kui need s\u00fcvenevad.<\/li>\n<li><strong>M\u00e4\u00e4rimine:<\/strong> Ensuring that the hydraulic system is adequately lubricated prevents wear and enhances the cylinder&#8217;s operational efficiency.<\/li>\n<li><strong>Tihendi vahetamine:<\/strong> Tihendite regulaarne vahetamine aitab v\u00e4ltida lekkeid ja s\u00e4ilitada h\u00fcdraulilist r\u00f5hku, tagades j\u00e4rjepideva j\u00f5udluse.<\/li>\n<\/ul>\n<h2>Paigaldusjuhised<\/h2>\n<p>Poomi silindri paigaldamine n\u00f5uab optimaalse j\u00f5udluse tagamiseks hoolikat t\u00e4helepanu detailidele. Alustage silindri \u00f5igest joondamisest kinnitusklambritega, veendudes, et see on sirge ja kindel. Silindri paigal hoidmiseks on oluline kasutada sobivaid kinnitusvahendeid. Veenduge, et k\u00f5ik h\u00fcdraulika\u00fchendused on lekkevabad ja et s\u00fcsteem on t\u00e4idetud \u00f5iget t\u00fc\u00fcpi h\u00fcdraulikavedelikuga. P\u00e4rast paigaldamist tehke rida katseid, et veenduda silindri korrektses toimimises koormuse all.<\/p>\n<h2>Hooldus\u00fclesanded<\/h2>\n<ul>\n<li><strong>Regulaarsed kontrollid:<\/strong> Planeerige sagedased kontrollid, et kulumise v\u00f5i kahjustuste m\u00e4rke varakult avastada. See ennetav l\u00e4henemisviis v\u00f5imaldab \u00f5igeaegset remonti, minimeerides rikete ohtu.<\/li>\n<li><strong>\u00d5ige m\u00e4\u00e4rimine:<\/strong> Ensure that lubrication is performed at the recommended intervals, using the specified hydraulic oil. This step is crucial to maintain the cylinder&#8217;s performance and prevent premature wear.<\/li>\n<li><strong>Tihendi vahetamine:<\/strong> Kontrollige tihendeid lagunemise v\u00f5i lekete suhtes. Tihendite regulaarne vahetamine on oluline h\u00fcdraulilise terviklikkuse ja t\u00f6\u00f6 efektiivsuse s\u00e4ilitamiseks.<\/li>\n<\/ul>\n<h2>Ohutuskaalutlused ja keskkonnategurid<\/h2>\n<p>H\u00fcdrauliliste s\u00fcsteemidega tegelemisel on ohutusmeetmed \u00fcliolulised. Operaatorid peaksid olema koolitatud h\u00fcdrauliliste seadmete \u00f5igeks k\u00e4sitsemiseks, et v\u00e4ltida \u00f5nnetusi. Lisaks tuleks noolesilindrite projekteerimisel ja kasutamisel arvestada keskkonnateguritega, nagu kokkupuude \u00e4\u00e4rmuslike temperatuuride v\u00f5i s\u00f6\u00f6vitavate ainetega, et v\u00e4ltida rikkeid.<\/p>\n<h2>Veaotsing ja levinud probleemid<\/h2>\n<ul>\n<li><strong>H\u00fcdraulilise r\u00f5hu kadu:<\/strong> See v\u00f5ib viidata lekkele h\u00fcdros\u00fcsteemis v\u00f5i rikkis pumbale. Regulaarsed kontrollid ja remondid aitavad seda probleemi v\u00e4ltida.<\/li>\n<li><strong>Aeglane t\u00f6\u00f6:<\/strong> Kui poomi silinder t\u00f6\u00f6tab aeglaselt, v\u00f5ib see olla tingitud ebapiisavast h\u00fcdraulikavedelikust v\u00f5i ummistusest torudes. Vedeliku taseme ja torude kontrollimine aitab seda lahendada.<\/li>\n<li><strong>Ebatavalised helid:<\/strong> M\u00fcra v\u00f5ib viidata sisemisele kulumisele v\u00f5i m\u00e4\u00e4rimisvajadusele. Edasiste kahjustuste v\u00e4ltimiseks on soovitatav koheselt kontrollida ja hooldada.<\/li>\n<\/ul>\n<h2>Vigade k\u00e4sitlemise n\u00e4pun\u00e4ited<\/h2>\n<p>To effectively diagnose and address issues, operators should maintain detailed logs of the equipment&#8217;s performance. Identifying patterns in issues can aid in troubleshooting. Regular training on operational procedures and maintenance can further minimize problems. Implementing a preventive maintenance schedule is vital for reducing potential failures and enhancing the lifespan of the boom cylinder.<\/p>\n<p><img decoding=\"async\" src=\"https:\/\/www.hydraulic-cylinders.net\/wp-content\/uploads\/2025\/04\/songte-bushings-with-all-kinds-of-excavator-models.webp\" alt=\"H\u00fcdraulilised komponendid\" \/><\/p>\n<h2>Ettev\u00f5tte \u00fclevaade<\/h2>\n<p>Oleme juhtiv h\u00fcdrosilindrite tootja, mis on spetsialiseerunud kvaliteetsetele varuosadele. Meie ulatuslik tootevalik on positsioneerinud meid nii sise- kui ka rahvusvahelistel turgudel v\u00f5tmeisikuks. Keskendume tipptasemele t\u00e4iustatud tootmisprotsesside ja t\u00e4iustatud tootmisjuhtimise strateegiate kaudu. Meie p\u00fchendumust kvaliteedile tugevdab k\u00f5rgelt kvalifitseeritud personal, tipptasemel tootmisseadmed ja ranged testimiss\u00fcsteemid. P\u00fc\u00fcame rahuldada klientide mitmekesiseid vajadusi suure t\u00f5hususega, t\u00e4psuse ja kvaliteediga.<\/p>\n<p><img decoding=\"async\" src=\"https:\/\/www.hydraulic-cylinders.net\/wp-content\/uploads\/2025\/04\/songte-company-4.webp\" alt=\"Tootmis\u00fcksus\" \/><br \/>\n<img decoding=\"async\" src=\"https:\/\/www.hydraulic-cylinders.net\/wp-content\/uploads\/2025\/04\/songte-company-3.webp\" alt=\"Tootmisseadmed\" \/><\/p>\n<p>Meie pakkumised h\u00f5lmavad spetsialiseeritud teenuseid, rahvusvahelisi sertifikaate ja tugevat m\u00fc\u00fcgij\u00e4rgset tuge. Meie prioriteediks on klientide rahulolu ja oleme p\u00fchendunud konkreetsete vajaduste rahuldamiseks kohandatud lahenduste pakkumisele.<\/p>\n<p>Autor: lyl<\/p>","protected":false},"excerpt":{"rendered":"<p>Boom Cylinder For XCMG Small Excavator XE15 Introduction to Boom Cylinder The Boom Cylinder is a vital component in the hydraulic systems of heavy machinery, particularly in small excavators like the XCMG XE15. This hydraulic cylinder is specifically designed to control the motion of the boom, enabling it to lift, lower, and tilt effectively during [&hellip;]<\/p>","protected":false},"featured_media":17879,"comment_status":"open","ping_status":"closed","template":"","meta":{"_et_pb_use_builder":"","_et_pb_old_content":"","_et_gb_content_width":""},"product_brand":[],"product_cat":[1546],"product_tag":[1547,1496],"class_list":{"0":"post-19178","1":"product","2":"type-product","3":"status-publish","4":"has-post-thumbnail","6":"product_cat-boom-cylinders","7":"product_tag-boom-cylinders","8":"product_tag-hydraulic-cylinders","10":"first","11":"instock","12":"shipping-taxable","13":"product-type-simple"},"amp_enabled":true,"_links":{"self":[{"href":"https:\/\/www.hydraulic-cylinders.net\/et\/wp-json\/wp\/v2\/product\/19178","targetHints":{"allow":["GET"]}}],"collection":[{"href":"https:\/\/www.hydraulic-cylinders.net\/et\/wp-json\/wp\/v2\/product"}],"about":[{"href":"https:\/\/www.hydraulic-cylinders.net\/et\/wp-json\/wp\/v2\/types\/product"}],"replies":[{"embeddable":true,"href":"https:\/\/www.hydraulic-cylinders.net\/et\/wp-json\/wp\/v2\/comments?post=19178"}],"wp:featuredmedia":[{"embeddable":true,"href":"https:\/\/www.hydraulic-cylinders.net\/et\/wp-json\/wp\/v2\/media\/17879"}],"wp:attachment":[{"href":"https:\/\/www.hydraulic-cylinders.net\/et\/wp-json\/wp\/v2\/media?parent=19178"}],"wp:term":[{"taxonomy":"product_brand","embeddable":true,"href":"https:\/\/www.hydraulic-cylinders.net\/et\/wp-json\/wp\/v2\/product_brand?post=19178"},{"taxonomy":"product_cat","embeddable":true,"href":"https:\/\/www.hydraulic-cylinders.net\/et\/wp-json\/wp\/v2\/product_cat?post=19178"},{"taxonomy":"product_tag","embeddable":true,"href":"https:\/\/www.hydraulic-cylinders.net\/et\/wp-json\/wp\/v2\/product_tag?post=19178"}],"curies":[{"name":"wp","href":"https:\/\/api.w.org\/{rel}","templated":true}]}}