{"id":19179,"date":"2025-04-07T06:16:44","date_gmt":"2025-04-07T06:16:44","guid":{"rendered":"https:\/\/www.hydraulic-cylinders.net\/product\/boom-cylinder-for-xcmg-small-excavator-xe6oca\/"},"modified":"2025-04-07T06:16:46","modified_gmt":"2025-04-07T06:16:46","slug":"boom-cylinder-for-xcmg-small-excavator-xe6oca","status":"publish","type":"product","link":"https:\/\/www.hydraulic-cylinders.net\/et\/toode\/boom-cylinder-for-xcmg-small-excavator-xe6oca\/","title":{"rendered":"XCMG v\u00e4ikese ekskavaatori XE6OCA poomi silinder"},"content":{"rendered":"<h1>XCMG v\u00e4ikese ekskavaatori XE6OCA poomi silinder<\/h1>\n<h2>Poomi silindri m\u00f5istmine<\/h2>\n<p>Noole silinder on kriitilise t\u00e4htsusega h\u00fcdrauliline komponent, mida kasutatakse rasketehnikas, eriti ekskavaatorites. Selle peamine \u00fclesanne on juhtida noole liikumist, mis on oluline mitmesuguste \u00fclesannete, n\u00e4iteks kaevamise, t\u00f5stmise ja materjalide transportimise jaoks. Noole silinder v\u00f5imaldab noolel v\u00e4lja ja sisse t\u00f5mbuda, pakkudes paindlikkust ja t\u00e4psust t\u00f6\u00f6s. See h\u00fcdrosilinder, mis on loodud taluma m\u00e4rkimisv\u00e4\u00e4rset survet ja koormust, m\u00e4ngib olulist rolli ekskavaatorite ja muu rasketehnika \u00fcldise efektiivsuse parandamisel.<\/p>\n<p><img decoding=\"async\" src=\"https:\/\/www.hydraulic-cylinders.net\/wp-content\/uploads\/2025\/04\/songte-company-1.webp\" alt=\"Ekskavaatori poomi silinder\"><\/p>\n<h2>Poomi silindri omadused<\/h2>\n<ul>\n<li><strong>Suur tugevus ja vastupidavus:<\/strong> K\u00f5rgtugevast terasest v\u00f5i alumiiniumist valmistatud poomi silinder talub k\u00f5rget r\u00f5hku ja suuri koormusi, mist\u00f5ttu sobib see karmideks t\u00f6\u00f6keskkondadeks.<\/li>\n<li><strong>T\u00f5hus h\u00fcdrauliline t\u00f6\u00f6:<\/strong> See kasutab sujuvaks pikendamiseks ja tagasit\u00f5mbamiseks h\u00fcdraulilist \u00f5lir\u00f5hku, reageerides kiiresti juhtimisk\u00e4sklustele ning pakkudes m\u00e4rkimisv\u00e4\u00e4rset t\u00f5uke- ja t\u00f5mbej\u00f5udu.<\/li>\n<li><strong>Erinevad t\u00fc\u00fcbid:<\/strong> Saadaval \u00fchetoimelise (h\u00fcdrauliline t\u00f6\u00f6 \u00fches suunas) v\u00f5i kahetoimelise (h\u00fcdrauliline t\u00f6\u00f6 m\u00f5lemas suunas) mudelina, mis vastab erinevatele t\u00f6\u00f6vajadustele.<\/li>\n<li><strong>Ruumis\u00e4\u00e4stlikud disainilahendused:<\/strong> M\u00f5nel mudelil on teleskoopkonstruktsioon, mis v\u00f5imaldab suuremat pikendamist ilma v\u00e4lism\u00f5\u00f5tmeid suurendamata, mis sobib ideaalselt ruumipiirangutega rakenduste jaoks.<\/li>\n<li><strong>Korrosioonikindlus:<\/strong> Projekteeritud omadustega, mis parandavad kulumiskindlust ja korrosioonikindlust, pikendades seel\u00e4bi t\u00f6\u00f6iga.<\/li>\n<\/ul>\n<p>Meie tooted asendavad ideaalselt mitmesuguseid h\u00fcdraulilisi silindreid, tagades t\u00f6\u00f6kindluse ja j\u00f5udluse.<\/p>\n<p><img decoding=\"async\" src=\"https:\/\/www.hydraulic-cylinders.net\/wp-content\/uploads\/2025\/04\/songte-cylinder-head-with-all-kinds-excavator-models.webp\" alt=\"H\u00fcdraulilise silindri pea\"><\/p>\n<h2>Poomi silindri rakendused<\/h2>\n<h3>Ehitustehnika<\/h3>\n<p>Ekskavaatorites on noole silinder lahutamatu osa kaevamisel, laadimisel ja pinnase v\u00f5i prahi teisaldamisel. See v\u00f5imaldab noolel ulatuda erinevatele k\u00f5rgustele ja nurkadele, v\u00f5imaldades operaatoritel keerulisi \u00fclesandeid t\u00f5husalt t\u00e4ita. Ekskavaatoritel abistab noole silinder nii kaevamis- kui ka t\u00f5stet\u00f6\u00f6del, pakkudes mitmek\u00fclgsust erinevates ehitusolukordades.<\/p>\n<h3>P\u00f5llumajandustehnika<\/h3>\n<p>Esilaaduritel on poomi silinder oluline mulla, heina ja muude materjalide kopeerimiseks, t\u00f5stmiseks ja transportimiseks. Poomi asendi juhtimise v\u00f5imalus v\u00f5imaldab p\u00f5llumeestel \u00fclesandeid t\u00f5husamalt t\u00e4ita, aidates kaasa tootlikkuse suurenemisele ja t\u00f6\u00f6j\u00f5ukulude v\u00e4henemisele.<\/p>\n<h3>Ekskavaatorid<\/h3>\n<p>Noole silinder h\u00f5lbustab kaevamist, v\u00f5imaldades kopal pinnasesse tungida. See v\u00f5ime on kaevet\u00f6\u00f6del \u00fclioluline, kuna see tagab, et operaator p\u00e4\u00e4seb s\u00fcgavamale ja saab h\u00f5lpsalt suuremaid materjalikoguseid k\u00e4sitseda.<\/p>\n<h3>Laadurid<\/h3>\n<p>Esilaaduritel aitab noole silinder materjale t\u00f5husalt t\u00f5sta ja t\u00fchjendada. Selle t\u00e4pne juhtimine v\u00f5imaldab operaatoritel raskeid koormaid k\u00e4sitseda ilma stabiilsust v\u00f5i ohutust ohverdamata.<\/p>\n<h2>Projekteerimiskaalutlused ja valikukriteeriumid<\/h2>\n<h3>Kandev\u00f5ime<\/h3>\n<p>Noole silindri valimisel on oluline arvestada teie konkreetse rakenduse jaoks vajaliku kandev\u00f5imega. Silinder peab suutma taluda maksimaalset raskust, millega see t\u00f6\u00f6 ajal kokku puutub. See h\u00f5lmab h\u00fcdraulilise r\u00f5hu piiride ja silindri materjali konstruktsioonilise terviklikkuse hindamist.<\/p>\n<h3>Tihendusv\u00f5ime<\/h3>\n<p>Tihendid on h\u00fcdraulilise vedeliku lekke v\u00e4ltimiseks ja silindri optimaalse j\u00f5udluse tagamiseks \u00fcliolulised. R\u00f5hu ja t\u00f6\u00f6 efektiivsuse s\u00e4ilitamiseks tuleb kasutada vastupidavatest materjalidest valmistatud kvaliteetseid tihendeid. Erilist t\u00e4helepanu tuleks p\u00f6\u00f6rata tihendite konstruktsioonile, et need taluksid erinevaid t\u00f6\u00f6tingimusi.<\/p>\n<h3>Vastupidavus<\/h3>\n<p>Vastupidavus on kriitilise t\u00e4htsusega tegur; poomi silinder peab vastu pidama \u00e4\u00e4rmuslikele keskkonnatingimustele, sealhulgas temperatuurik\u00f5ikumistele ja kokkupuutele erinevate kemikaalidega. Kulumis- ja korrosioonikindlate materjalide valimine pikendab silindri eluiga.<\/p>\n<h3>Turvaelemendid<\/h3>\n<p>H\u00fcdraulilistes s\u00fcsteemides on ohutus esmat\u00e4htis. Projekteerimisel peavad olema funktsioonid, mis hoiavad \u00e4ra juhuslikud liikumised, n\u00e4iteks \u00fclekoormuskaitse ja kaitseklapid. Need funktsioonid aitavad maandada riske t\u00f6\u00f6tamise ajal ja suurendada kasutaja kindlustunnet.<\/p>\n<h3>Hoolduse ligip\u00e4\u00e4setavus<\/h3>\n<p>L\u00f5puks on oluline hooldust\u00f6\u00f6deks lihtne juurdep\u00e4\u00e4s. H\u00e4sti disainitud poomi silinder peaks v\u00f5imaldama lihtsat kontrolli, tihendite vahetamist ja m\u00e4\u00e4rimist ilma ulatusliku lahtiv\u00f5tmiseta.<\/p>\n<p><img decoding=\"async\" src=\"https:\/\/www.hydraulic-cylinders.net\/wp-content\/uploads\/2025\/04\/songte-oil-pipes-and-spare-parts.webp\" alt=\"H\u00fcdrauliliste silindrite osad\"><\/p>\n<h2>Tihendus ja m\u00e4\u00e4rimine<\/h2>\n<p>Poomi silindri efektiivsus s\u00f5ltub oluliselt korralikust tihendusest ja m\u00e4\u00e4rimisest. H\u00fcdraulilise r\u00f5hu s\u00e4ilitamiseks ja lekete v\u00e4ltimiseks on \u00fcliolulised mitmesugused tihendid, n\u00e4iteks kolvi- ja varrastihendid. Selliste materjalide nagu pol\u00fcuretaan ja nitriilkummi kasutamine on tavaliselt nende suurep\u00e4rase kulumiskindluse t\u00f5ttu v\u00f5imalik. Silindri korpus ja keermestatud otsad on peenelt t\u00f6\u00f6deldud, et suurendada vastupidavust ja v\u00e4ltida kulumist. Regulaarne m\u00e4\u00e4rimine h\u00fcdraulika\u00f5liga on h\u00e4davajalik, et tagada sujuv t\u00f6\u00f6 ja pikendada silindri t\u00f6\u00f6iga.<\/p>\n<h2>Regulaarne kontroll ja ennetav hooldus<\/h2>\n<ul>\n<li><strong>Regulaarsed kontrollid:<\/strong> Kulumis- v\u00f5i kahjustuste varajaseks tuvastamiseks tuleks l\u00e4bi viia regulaarseid kontrolle, mis v\u00f5imaldaks \u00f5igeaegset remonti ja suuremate rikete v\u00e4ltimist.<\/li>\n<li><strong>Sobiv m\u00e4\u00e4rimine:<\/strong> Piisava m\u00e4\u00e4rimise tagamine aitab minimeerida liikuvate osade h\u00f5\u00f5rdumist ja kulumist, aidates kaasa sujuvamale t\u00f6\u00f6le.<\/li>\n<li><strong>Tihendi vahetamine:<\/strong> H\u00fcdraulilise efektiivsuse s\u00e4ilitamiseks ja lekete v\u00e4ltimiseks on oluline tihendite regulaarne vahetamine.<\/li>\n<\/ul>\n<h2>\u00d5iged paigaldusjuhised<\/h2>\n<p>Poomi silindri \u00f5ige paigaldamine on optimaalse j\u00f5udluse saavutamiseks \u00fclioluline. Alustage sellest, et t\u00f6\u00f6ruum oleks puhas ja prahist vaba. Joondage silinder t\u00e4pselt kinnitusklambritega, et v\u00e4ltida joondamata j\u00e4tmist, mis v\u00f5ib p\u00f5hjustada enneaegset kulumist. Kasutage silindri kindlale kinnitamiseks sobivaid kinnitusklambreid. Reguleerige hoolikalt k\u00f5iki h\u00fcdraulika\u00fchendusi, veendudes, et lekkeid ei esine. L\u00f5puks, p\u00e4rast paigaldamist tehke p\u00f5hjalik t\u00f6\u00f6katse, et veenduda k\u00f5igi liigutuste korrektses ja ohutu toimimises.<\/p>\n<h2>Levinumad hooldust\u00f6\u00f6d<\/h2>\n<h3>Regulaarsed kontrollid<\/h3>\n<p>Regulaarsete kontrollide tegemine v\u00f5imaldab tuvastada v\u00f5imalikke probleeme, n\u00e4iteks lekkeid v\u00f5i ebakorrap\u00e4rast kulumist. Need kontrollid peaksid olema s\u00fcstemaatilised ja h\u00f5lmama k\u00f5iki ballooni t\u00f6\u00f6aspekte.<\/p>\n<h3>\u00d5ige m\u00e4\u00e4rimine<\/h3>\n<p>Kulumise v\u00e4ltimiseks on \u00fclioluline tagada, et noole silinder oleks piisavalt m\u00e4\u00e4ritud. Kontrollige regulaarselt m\u00e4\u00e4rimiss\u00fcsteemi ja veenduge, et h\u00fcdraulika\u00f5li tase oleks piisav, kandes vajadusel m\u00e4\u00e4rdeainet peale.<\/p>\n<h3>Tihendi vahetamine ja kalibreerimise kontrollimine<\/h3>\n<p>Lekete v\u00e4ltimiseks tuleks tihendeid vahetada rutiinse hoolduse osana. Kalibreerimiskontrollid tagavad, et balloon t\u00f6\u00f6tab etten\u00e4htud parameetrite piires, suurendades t\u00f6\u00f6 efektiivsust ja ohutust.<\/p>\n<p><img decoding=\"async\" src=\"https:\/\/www.hydraulic-cylinders.net\/wp-content\/uploads\/2025\/04\/songte-chushion-collar.webp\" alt=\"H\u00fcdraulilise silindri padjakaelus\"><\/p>\n<h2>Ohutuskaalutlused ja keskkonnategurid<\/h2>\n<p>H\u00fcdrauliliste silindrite kasutamisel on ohutusmeetmete rakendamine \u00fclioluline. Operaatorid peaksid olema koolitatud ohutute t\u00f6\u00f6meetodite osas, et maandada h\u00fcdrauliliste s\u00fcsteemidega seotud riske. Regulaarsed ohutusauditid ja t\u00f6\u00f6juhiste j\u00e4rgimine aitavad tagada turvalise t\u00f6\u00f6keskkonna. Lisaks tuleks h\u00fcdrauliliste komponentide eluea pikendamiseks hallata keskkonnategureid, n\u00e4iteks kokkupuudet s\u00f6\u00f6vitavate elementidega.<\/p>\n<h2>Rikete diagnoosimine ja levinud probleemid<\/h2>\n<ul>\n<li><strong>Leke:<\/strong> Leke v\u00f5ib viidata tihendi rikkele; kontrollige kahjustusi ja vajadusel vahetage tihendid v\u00e4lja.<\/li>\n<li><strong>Halb j\u00f5udlus:<\/strong> Kui silinder ei ulatu v\u00e4lja ega t\u00f5mbu sisse sujuvalt, kontrollige ummistuste v\u00f5i madala h\u00fcdraulikavedeliku taseme suhtes.<\/li>\n<li><strong>Ebatavalised helid:<\/strong> M\u00fcra v\u00f5ib viidata mehaanilistele probleemidele v\u00f5i ebapiisavale m\u00e4\u00e4rimisele; uurige neid ja lahendage need viivitamatult.<\/li>\n<\/ul>\n<h2>Veaotsingu n\u00e4pun\u00e4ited ja lahendused<\/h2>\n<p>Probleemide t\u00f5husaks diagnoosimiseks ja lahendamiseks peaksid operaatorid pidama toimivuse ja t\u00f6\u00f6 ajal t\u00e4heldatud k\u00f5rvalekallete logi. Regulaarne koolitus ja hooldustavade ajakohastamine aitavad potentsiaalseid probleeme veelgi minimeerida. Kasutage ennetavaid meetmeid, n\u00e4iteks \u00f5igeaegset hooldust ja \u00fclevaatusi, et pikendada poomi silindri eluiga.<\/p>\n<p><img decoding=\"async\" src=\"https:\/\/www.hydraulic-cylinders.net\/wp-content\/uploads\/2025\/04\/songte-bushings-with-all-kinds-of-excavator-models.webp\" alt=\"Ekskavaatorimudelite puksid\"><\/p>\n<h2>Ettev\u00f5tte \u00fclevaade<\/h2>\n<p>Oleme juhtiv h\u00fcdrosilindrite tootja, mis on spetsialiseerunud kvaliteetsetele varuosadele. Meie lai tootevalik on teinud meist silmapaistva tegija nii sise- kui ka rahvusvahelistel turgudel. P\u00fchendunud tipptasemele, kasutame t\u00e4iustatud tootmistavasid ja tipptasemel tehnoloogilisi edusamme tootekvaliteedi parandamiseks. Oskusliku personali, t\u00e4iustatud tootmisseadmete ja tugevate testimiss\u00fcsteemide abil vastame j\u00e4rjepidevalt klientide mitmekesistele vajadustele t\u00f5husalt ja t\u00e4pselt. Meie keskendumine kvaliteedile tagab usaldusv\u00e4\u00e4rsete lahenduste h\u00fcdraulikas\u00fcsteemidele.<\/p>\n<p>Meie spetsialiseerumine h\u00f5lmab rahvusvahelisi sertifikaate, kohandatud teenuseid, t\u00e4iustatud tootmisseadmeid ja erakordset m\u00fc\u00fcgij\u00e4rgset tuge.<\/p>\n<p><img decoding=\"async\" src=\"https:\/\/www.hydraulic-cylinders.net\/wp-content\/uploads\/2025\/04\/songte-company-4.webp\" alt=\"Ettev\u00f5tte \u00fclevaate pilt 1\"><\/p>\n<p><img decoding=\"async\" src=\"https:\/\/www.hydraulic-cylinders.net\/wp-content\/uploads\/2025\/04\/songte-company-3.webp\" alt=\"Ettev\u00f5tte \u00fclevaate pilt 2\"><\/p>\n<p>Autor: lyl<\/p>","protected":false},"excerpt":{"rendered":"<p>Boom Cylinder For XCMG Small Excavator XE6OCA Understanding the Boom Cylinder The boom cylinder is a critical hydraulic component used in heavy machinery, particularly in excavators. Its primary function is to control the movement of the boom, which is essential for various tasks such as digging, lifting, and transporting materials. The boom cylinder allows the [&hellip;]<\/p>","protected":false},"featured_media":17880,"comment_status":"open","ping_status":"closed","template":"","meta":{"_et_pb_use_builder":"","_et_pb_old_content":"","_et_gb_content_width":""},"product_brand":[],"product_cat":[1546],"product_tag":[1547,1496],"class_list":{"0":"post-19179","1":"product","2":"type-product","3":"status-publish","4":"has-post-thumbnail","6":"product_cat-boom-cylinders","7":"product_tag-boom-cylinders","8":"product_tag-hydraulic-cylinders","10":"first","11":"instock","12":"shipping-taxable","13":"product-type-simple"},"amp_enabled":true,"_links":{"self":[{"href":"https:\/\/www.hydraulic-cylinders.net\/et\/wp-json\/wp\/v2\/product\/19179","targetHints":{"allow":["GET"]}}],"collection":[{"href":"https:\/\/www.hydraulic-cylinders.net\/et\/wp-json\/wp\/v2\/product"}],"about":[{"href":"https:\/\/www.hydraulic-cylinders.net\/et\/wp-json\/wp\/v2\/types\/product"}],"replies":[{"embeddable":true,"href":"https:\/\/www.hydraulic-cylinders.net\/et\/wp-json\/wp\/v2\/comments?post=19179"}],"wp:featuredmedia":[{"embeddable":true,"href":"https:\/\/www.hydraulic-cylinders.net\/et\/wp-json\/wp\/v2\/media\/17880"}],"wp:attachment":[{"href":"https:\/\/www.hydraulic-cylinders.net\/et\/wp-json\/wp\/v2\/media?parent=19179"}],"wp:term":[{"taxonomy":"product_brand","embeddable":true,"href":"https:\/\/www.hydraulic-cylinders.net\/et\/wp-json\/wp\/v2\/product_brand?post=19179"},{"taxonomy":"product_cat","embeddable":true,"href":"https:\/\/www.hydraulic-cylinders.net\/et\/wp-json\/wp\/v2\/product_cat?post=19179"},{"taxonomy":"product_tag","embeddable":true,"href":"https:\/\/www.hydraulic-cylinders.net\/et\/wp-json\/wp\/v2\/product_tag?post=19179"}],"curies":[{"name":"wp","href":"https:\/\/api.w.org\/{rel}","templated":true}]}}