{"id":19180,"date":"2025-04-07T06:16:46","date_gmt":"2025-04-07T06:16:46","guid":{"rendered":"https:\/\/www.hydraulic-cylinders.net\/product\/boom-cylinder-for-xcmg-small-excavator-xe75\/"},"modified":"2025-04-07T06:16:48","modified_gmt":"2025-04-07T06:16:48","slug":"boom-cylinder-for-xcmg-small-excavator-xe75","status":"publish","type":"product","link":"https:\/\/www.hydraulic-cylinders.net\/et\/toode\/boom-cylinder-for-xcmg-small-excavator-xe75\/","title":{"rendered":"XCMG v\u00e4ikese ekskavaatori XE75 poomi silinder"},"content":{"rendered":"<h1>XCMG v\u00e4ikese ekskavaatori XE75 poomi silinder<\/h1>\n<h2>Poomi silindri m\u00f5istmine<\/h2>\n<p>Noole silinder on oluline komponent mitmesugustes rasketehnikas, eriti ekskavaatorites, laadur-ekskavaatorites ja esilaadurites. See on h\u00fcdraulilise silindri t\u00fc\u00fcp, mis on spetsiaalselt loodud kopa liikumise juhtimiseks, v\u00f5imaldades sellel t\u00f5husalt t\u00f5sta, langetada ja kallutada. See funktsioon on oluline materjali k\u00e4itlemise \u00fclesannete jaoks, v\u00f5imaldades operaatoritel t\u00e4pselt teostada kaevamis-, laadimis- ja teisaldamistoiminguid.<\/p>\n<p><img decoding=\"async\" src=\"https:\/\/www.hydraulic-cylinders.net\/wp-content\/uploads\/2025\/04\/songte-company-1.webp\" alt=\"H\u00fcdrauliline silinder\"><\/p>\n<h3>Roll ja rakendus h\u00fcdraulikas\u00fcsteemides<\/h3>\n<p>H\u00fcdraulilistes s\u00fcsteemides m\u00e4ngib noole silinder olulist rolli, muutes h\u00fcdraulilise energia mehaaniliseks energiaks. Kui h\u00fcdrauliline vedelik pumbatakse silindrisse, tekitab see r\u00f5hu, mis pikendab v\u00f5i t\u00f5mbab silindrit sisse, mille tulemuseks on kopa soovitud liikumine. See mehhanism pole mitte ainult t\u00f5hus, vaid v\u00f5imaldab ka sujuvat ja kontrollitud t\u00f6\u00f6d, muutes selle t\u00e4nap\u00e4evaste ekskavaatorite asendamatuks osaks.<\/p>\n<h2>Poomi silindri omadused<\/h2>\n<ul>\n<li><strong>Suur tugevus ja vastupidavus:<\/strong> Tavaliselt valmistatud \u00fclitugevast terasest v\u00f5i alumiiniumist, taluvad need k\u00f5rget r\u00f5hku ja suuri koormusi, olles loodud vastu pidama karmidele t\u00f6\u00f6keskkondadele ning omades kulumis- ja korrosioonikindlaid omadusi, mis pikendavad nende eluiga.<\/li>\n<li><strong>T\u00f5hus h\u00fcdrauliline t\u00f6\u00f6:<\/strong> Poomi silinder kasutab sujuvaks pikendamiseks ja tagasit\u00f5mbamiseks h\u00fcdraulika\u00f5li r\u00f5hku, mis v\u00f5imaldab kiiret reageerimist juhi k\u00e4skudele ning pakub v\u00f5imsat t\u00f5uke- ja t\u00f5mbej\u00f5udu, mis sobib raskete materjalide ja keerukate \u00fclesannete k\u00e4sitsemiseks.<\/li>\n<li><strong>Erinevad t\u00fc\u00fcbid:<\/strong> Need silindrid on saadaval \u00fchetoimeliste (h\u00fcdrauliline toime \u00fches suunas) v\u00f5i kahetoimeliste (h\u00fcdrauliline toime m\u00f5lemas suunas) konfiguratsioonidena, et need vastaksid erinevatele t\u00f6\u00f6n\u00f5uetele, kusjuures m\u00f5ned mudelid on konstrueeritud teleskoop-t\u00fc\u00fcpi, mis v\u00f5imaldab suuremat pikendamist ilma v\u00e4lism\u00f5\u00f5tmeid suurendamata, mis sobib ideaalselt piiratud ruumiga rakenduste jaoks.<\/li>\n<li><strong>\u00dchilduvus:<\/strong> Meie tooted suudavad ideaalselt asendada olemasolevaid h\u00fcdrosilindreid, tagades sujuva integratsiooni erinevate ekskavaatorite mudelitega.<\/li>\n<\/ul>\n<p><img decoding=\"async\" src=\"https:\/\/www.hydraulic-cylinders.net\/wp-content\/uploads\/2025\/04\/songte-cylinder-head-with-all-kinds-excavator-models.webp\" alt=\"Ekskavaatori mudelid\"><\/p>\n<h2>Poomi silindrite rakendused<\/h2>\n<ul>\n<li><strong>Ehitustehnika:<\/strong> Ekskavaatorites on noolesilindrid olulised kaevamiseks, laadimiseks ja pinnase v\u00f5i prahi teisaldamiseks. Nende t\u00e4pne juhtimine v\u00f5imaldab t\u00f5husat kaevamist ja materjalide k\u00e4itlemist, mis on igal ehitusplatsil \u00fclioluline.<\/li>\n<li><strong>P\u00f5llumajandusmasinad:<\/strong> Esilaadurites kasutatavad noolesilindrid h\u00f5lbustavad mulla, heina ja muude materjalide \u00fcleskorjamist, t\u00f5stmist ja transportimist, muutes need p\u00f5llumajandust\u00f6\u00f6des hindamatuks.<\/li>\n<li><strong>Ekskavaatorid:<\/strong> Need silindrid v\u00f5imaldavad kopal t\u00f5husalt pinnasesse tungida, parandades kaevamisprotsessi ja suurendades t\u00f6\u00f6platside tootlikkust.<\/li>\n<li><strong>Laadurid:<\/strong> Esilaadurites aitavad noolesilindrid materjale t\u00f5husalt t\u00f5sta ja t\u00fchjendada, mis n\u00e4itab nende mitmek\u00fclgsust erinevat t\u00fc\u00fcpi masinate puhul.<\/li>\n<\/ul>\n<h2>Projekteerimiskaalutlused ja valikukriteeriumid<\/h2>\n<ul>\n<li><strong>Kandev\u00f5ime:<\/strong> Projekteerimisel tuleb arvestada maksimaalse kandev\u00f5imega, et v\u00e4ltida rikkeid t\u00f6\u00f6tamise ajal. N\u00f5uetekohane projekteerimine tagab, et silinder suudab kanda teisaldatavate materjalide raskust, ilma et see ohustaks ohutust v\u00f5i j\u00f5udlust.<\/li>\n<li><strong>Tihendi terviklikkus:<\/strong> T\u00f5hus tihendamine on \u00fclioluline h\u00fcdraulilise vedeliku lekke v\u00e4ltimiseks, mis v\u00f5ib p\u00f5hjustada j\u00f5udlusprobleeme ja keskkonnaprobleeme. Silindrite funktsionaalsuse s\u00e4ilitamiseks on oluline kasutada kvaliteetseid tihendeid, mis taluvad r\u00f5hku ja kulumist.<\/li>\n<li><strong>Vastupidavus:<\/strong> Ehitusmaterjalid peavad olema kulumis- ja korrosioonikindlad, eriti n\u00f5udlikes keskkondades. See kaalutlus laieneb ka pinnat\u00f6\u00f6tlustele, mis pikendavad eluiga ja minimeerivad hooldusvajadust.<\/li>\n<li><strong>Turvaelemendid:<\/strong> Ohutusmehhanismid, n\u00e4iteks r\u00f5huvabastusventiilid, on \u00fcliolulised s\u00fcsteemi kaitsmiseks liigse r\u00f5hu eest, tagades ohutu t\u00f6\u00f6 isegi suure koormuse korral.<\/li>\n<li><strong>Hoolduse ligip\u00e4\u00e4setavus:<\/strong> Konstruktsioon peaks v\u00f5imaldama h\u00f5lpsat hooldust ja remonti, v\u00f5imaldades operaatoritel teostada rutiinseid kontrolle ja hooldust ilma pika seisakuta.<\/li>\n<\/ul>\n<p><img decoding=\"async\" src=\"https:\/\/www.hydraulic-cylinders.net\/wp-content\/uploads\/2025\/04\/songte-oil-pipes-and-spare-parts.webp\" alt=\"\u00d5litorud ja varuosad\"><\/p>\n<h2>Tihendus ja m\u00e4\u00e4rimine<\/h2>\n<p>N\u00f5uetekohane tihendamine ja m\u00e4\u00e4rimine on poomi silindrite j\u00f5udluse ja pikaealisuse jaoks kriitilise t\u00e4htsusega. H\u00fcdraulikavedeliku silindris p\u00fcsimise tagamiseks kasutatakse mitmesuguseid tihendeid, n\u00e4iteks kolvitihendeid ja vardatihendeid. Tihendid on sageli valmistatud vastupidavatest materjalidest nagu pol\u00fcuretaan ja nitriilkummi, mis on kulumiskindlad ja keskkonnakahjustustele vastupidavad.<\/p>\n<p>Lisaks t\u00f6\u00f6deldakse silindri korpust ja keermestatud otspinda t\u00e4pselt, et suurendada kulumiskindlust. Sujuva t\u00f6\u00f6 s\u00e4ilitamiseks ja h\u00f5\u00f5rdumisest tingitud kulumise ja kahjustuste v\u00e4ltimiseks on vajalik regulaarne h\u00fcdraulika\u00f5liga m\u00e4\u00e4rimine. Planeeritud hooldus peaks h\u00f5lmama \u00f5litaseme ja tihendite terviklikkuse kontrollimist.<\/p>\n<h2>Regulaarne kontroll ja ennetavad hooldusmeetmed<\/h2>\n<ul>\n<li><strong>Rutiinsed kontrollid:<\/strong> Poomi silindri regulaarsed kontrollid tuleks planeerida, et tuvastada kulumise, lekete v\u00f5i kahjustuste m\u00e4rke. Probleemide varajane avastamine aitab v\u00e4ltida kulukaid remondit\u00f6id ja seisakuid.<\/li>\n<li><strong>M\u00e4\u00e4rimine:<\/strong> Sujuva t\u00f6\u00f6 ja kulumise v\u00e4ltimiseks on oluline piisav m\u00e4\u00e4rimine. Operaatorid peaksid tagama, et h\u00fcdraulika\u00f5li tase on soovituslikul tasemel ja vastavalt vajadusele \u00f5li lisama.<\/li>\n<li><strong>Tihendi vahetamine:<\/strong> Aja jooksul v\u00f5ivad tihendid kuluda ja p\u00f5hjustada lekkeid. Tihendite kontrollimise ja vahetamise ajakava rakendamine s\u00e4ilitab silindri terviklikkuse ja j\u00f5udluse.<\/li>\n<\/ul>\n<h2>Paigaldusjuhised<\/h2>\n<p>Poomi silindri \u00f5ige paigaldamine on optimaalse j\u00f5udluse saavutamiseks \u00fclioluline. Alustage silindri \u00f5igest joondamisest kinnitusklambritega, veendudes, et see on kindlalt kinnitatud. Kasutage paigaldamise ajal silindri paigal hoidmiseks sobivaid kinnitustugesid.<\/p>\n<p>Before securing the cylinder, check that all hydraulic lines are free of kinks or damage. After installation, test the cylinder&#8217;s operation by cycling it through its full range of motion, checking for leaks or unusual noises. Adjustments may be necessary to ensure proper alignment and functionality.<\/p>\n<h2>Levinumad hooldust\u00f6\u00f6d<\/h2>\n<ul>\n<li><strong>Regulaarsed kontrollid:<\/strong> Kontrollige sageli kulumist, lekkeid ja silindri \u00fcldist seisukorda, et avastada v\u00e4iksemaid probleeme enne, kui need muutuvad oluliseks.<\/li>\n<li><strong>\u00d5ige m\u00e4\u00e4rimine:<\/strong> Optimaalse j\u00f5udluse tagamiseks veenduge, et h\u00fcdraulika\u00f5li on \u00f5igel tasemel ja et seda t\u00e4iendatakse.<\/li>\n<li><strong>Tihendi vahetamine:<\/strong> J\u00e4lgige tihendeid kulumisj\u00e4lgede suhtes ja planeerige nende vahetamine, et v\u00e4ltida vedeliku lekkeid ja s\u00e4ilitada efektiivsus.<\/li>\n<\/ul>\n<p>Paigaldusprotsessi ajal on oluline silinder \u00f5igesti joondada, et v\u00e4ltida liigset pinget ja v\u00f5imalikku riket. \u00d5igete paigaldusklambrite ja riistvara kasutamine tagab stabiilsuse. Soovitatavad kontrolli-, remondi- ja vahetusprotseduurid aitavad pikendada poomi silindri eluiga.<\/p>\n<p><img decoding=\"async\" src=\"https:\/\/www.hydraulic-cylinders.net\/wp-content\/uploads\/2025\/04\/songte-chushion-collar.webp\" alt=\"Padjakaelus\"><\/p>\n<h2>Ohutuskaalutlused ja keskkonnategurid<\/h2>\n<p>H\u00fcdrosilindritega t\u00f6\u00f6tamisel on ohutusmeetmed \u00fcliolulised. Operaatorid peaksid alati j\u00e4rgima soovitatud ohutusprotokolle, sealhulgas kandma sobivaid isikukaitsevahendeid (IKV) ja tagama, et t\u00f6\u00f6piirkond oleks ohtudest vaba. H\u00fcdrosilindrite kasutamise ja hooldamise alane n\u00f5uetekohane v\u00e4lja\u00f5pe on \u00f5nnetuste v\u00e4ltimiseks h\u00e4davajalik.<\/p>\n<p>Samuti m\u00e4ngivad rolli keskkonnakaalutlused. H\u00fcdrauliliste vedelikega tuleks ettevaatlikult \u00fcmber k\u00e4ia, et v\u00e4ltida lekkeid, ja kogu kasutatud \u00f5li tuleks utiliseerida vastavalt kohalikele eeskirjadele, et minimeerida keskkonnam\u00f5ju.<\/p>\n<h2>Rikete diagnoosimine ja levinud probleemid<\/h2>\n<ul>\n<li><strong>Leke:<\/strong> Levinud probleem on tihenditest vedeliku leke, mis on sageli p\u00f5hjustatud kulumisest v\u00f5i kahjustusest. Lekke allika kindlakstegemine on \u00f5igeaegse remondi jaoks \u00fclioluline.<\/li>\n<li><strong>V\u00e4hendatud j\u00f5udlus:<\/strong> Kui silinder ei ulatu v\u00e4lja ega t\u00f5mbu tagasi sujuvalt, v\u00f5ib see viidata madalale h\u00fcdraulikavedeliku tasemele v\u00f5i sisemistele kahjustustele.<\/li>\n<li><strong>M\u00fcra t\u00f6\u00f6tamise ajal:<\/strong> Ebatavalised helid v\u00f5ivad viidata m\u00e4\u00e4rimisprobleemidele v\u00f5i mehaanilisele kulumisele, mis vajavad viivitamatut uurimist.<\/li>\n<\/ul>\n<h2>Veaotsingu n\u00e4pun\u00e4ited<\/h2>\n<p>Poomi silindrite probleemide t\u00f5husaks diagnoosimiseks ja lahendamiseks peaksid operaatorid regulaarselt j\u00e4lgima j\u00f5udlust ja olema ennetavad v\u00f5imalike ebakorrap\u00e4rasuste k\u00f5rvaldamisel. Rakendama ennetavaid meetmeid, n\u00e4iteks plaanip\u00e4rast hooldust, et v\u00e4hendada probleemide t\u00f5en\u00e4osust. \u00dcksikasjaliku hoolduslogi pidamine aitab j\u00e4lgida silindrite j\u00f5udlust ja tuvastada mustreid, mis v\u00f5ivad viidata tekkivatele probleemidele.<\/p>\n<p><img decoding=\"async\" src=\"https:\/\/www.hydraulic-cylinders.net\/wp-content\/uploads\/2025\/04\/songte-bushings-with-all-kinds-of-excavator-models.webp\" alt=\"Puksid ekskavaatorimudelitega\"><\/p>\n<h2>Meie ettev\u00f5ttest<\/h2>\n<p>Oleme alternatiivsete h\u00fcdrauliliste silindrite juhtiv tootja ja hulgim\u00fc\u00fcja, kes on tuntud oma laia tootevaliku poolest. Meie p\u00fchendumust tipptasemele juhib keerukas tootmisjuhtimise strateegia, mis r\u00f5hutab t\u00e4psust ja kvaliteeti. Keskendudes tehnoloogilisele arengule, kasutame oma tootmisv\u00f5imaluste suurendamiseks \u00fclit\u00e4pseid tootmisseadmeid ja professionaalseid testimiss\u00fcsteeme.<\/p>\n<p>Meie ettev\u00f5te on uhke oma tugeva innovatsiooniv\u00f5ime \u00fcle, mis v\u00f5imaldab meil rahuldada klientide mitmekesiseid vajadusi kohandatud teenuste kaudu. Oleme rahvusvaheliselt sertifitseeritud, mis tagab meie toodete vastavuse \u00fclemaailmsetele kvaliteedistandarditele. Meie p\u00fchendunud m\u00fc\u00fcgij\u00e4rgne teenindus kinnistab veelgi meie p\u00fchendumust klientide rahulolule.<\/p>\n<p><img decoding=\"async\" src=\"https:\/\/www.hydraulic-cylinders.net\/wp-content\/uploads\/2025\/04\/songte-company-4.webp\" alt=\"Ettev\u00f5tte \u00fclevaade\"><br \/>\n<img decoding=\"async\" src=\"https:\/\/www.hydraulic-cylinders.net\/wp-content\/uploads\/2025\/04\/songte-company-3.webp\" alt=\"Ettev\u00f5tte tootmis\u00fcksus\"><\/p>\n<p>Autor: lyl<\/p>","protected":false},"excerpt":{"rendered":"<p>Boom Cylinder For XCMG Small Excavator XE75 Understanding the Boom Cylinder The boom cylinder is a crucial component in various heavy machinery, particularly in excavators, backhoe loaders, and front loaders. It is a type of hydraulic cylinder designed specifically to control the movement of the bucket, allowing it to lift, lower, and tilt efficiently. This [&hellip;]<\/p>","protected":false},"featured_media":17881,"comment_status":"open","ping_status":"closed","template":"","meta":{"_et_pb_use_builder":"","_et_pb_old_content":"","_et_gb_content_width":""},"product_brand":[],"product_cat":[1546],"product_tag":[1547,1496],"class_list":{"0":"post-19180","1":"product","2":"type-product","3":"status-publish","4":"has-post-thumbnail","6":"product_cat-boom-cylinders","7":"product_tag-boom-cylinders","8":"product_tag-hydraulic-cylinders","10":"first","11":"instock","12":"shipping-taxable","13":"product-type-simple"},"amp_enabled":true,"_links":{"self":[{"href":"https:\/\/www.hydraulic-cylinders.net\/et\/wp-json\/wp\/v2\/product\/19180","targetHints":{"allow":["GET"]}}],"collection":[{"href":"https:\/\/www.hydraulic-cylinders.net\/et\/wp-json\/wp\/v2\/product"}],"about":[{"href":"https:\/\/www.hydraulic-cylinders.net\/et\/wp-json\/wp\/v2\/types\/product"}],"replies":[{"embeddable":true,"href":"https:\/\/www.hydraulic-cylinders.net\/et\/wp-json\/wp\/v2\/comments?post=19180"}],"wp:featuredmedia":[{"embeddable":true,"href":"https:\/\/www.hydraulic-cylinders.net\/et\/wp-json\/wp\/v2\/media\/17881"}],"wp:attachment":[{"href":"https:\/\/www.hydraulic-cylinders.net\/et\/wp-json\/wp\/v2\/media?parent=19180"}],"wp:term":[{"taxonomy":"product_brand","embeddable":true,"href":"https:\/\/www.hydraulic-cylinders.net\/et\/wp-json\/wp\/v2\/product_brand?post=19180"},{"taxonomy":"product_cat","embeddable":true,"href":"https:\/\/www.hydraulic-cylinders.net\/et\/wp-json\/wp\/v2\/product_cat?post=19180"},{"taxonomy":"product_tag","embeddable":true,"href":"https:\/\/www.hydraulic-cylinders.net\/et\/wp-json\/wp\/v2\/product_tag?post=19180"}],"curies":[{"name":"wp","href":"https:\/\/api.w.org\/{rel}","templated":true}]}}