{"id":19184,"date":"2025-04-07T06:17:04","date_gmt":"2025-04-07T06:17:04","guid":{"rendered":"https:\/\/www.hydraulic-cylinders.net\/product\/boom-cylinder-for-xcmg-small-excavator-xe65ca\/"},"modified":"2025-04-07T06:17:06","modified_gmt":"2025-04-07T06:17:06","slug":"boom-cylinder-for-xcmg-small-excavator-xe65ca","status":"publish","type":"product","link":"https:\/\/www.hydraulic-cylinders.net\/et\/toode\/boom-cylinder-for-xcmg-small-excavator-xe65ca\/","title":{"rendered":"XCMG v\u00e4ikese ekskavaatori XE65CA poomi silinder"},"content":{"rendered":"<h1>XCMG v\u00e4ikese ekskavaatori XE65CA poomi silinder<\/h1>\n<h2>Toote \u00fclevaade<\/h2>\n<p>XCMG v\u00e4ikeekskavaatori XE65CA noole silinder on ekskavaatorite h\u00fcdros\u00fcsteemi oluline komponent. See h\u00fcdrosilinder on spetsiaalselt loodud noole liikumise juhtimiseks, v\u00f5imaldades sellel t\u00f5sta, langetada ja kallutada. See v\u00f5imekus on \u00fclioluline mitmesuguste materjalik\u00e4itlust\u00f6\u00f6de puhul ehituses ja rasketehnika k\u00e4itlemisel. Noole silindril on oluline roll selliste seadmete nagu ekskavaatorite, ekskavaatorlaadurite ja esilaadurite t\u00f5husa t\u00f6\u00f6 v\u00f5imaldamisel. H\u00f5lbustades noole t\u00e4pset liikumist, parandab see h\u00fcdrosilinder masina \u00fcldist j\u00f5udlust ja tootlikkust.<\/p>\n<p><img decoding=\"async\" src=\"https:\/\/www.hydraulic-cylinders.net\/wp-content\/uploads\/2025\/04\/songte-company-1.webp\" alt=\"Poomi silinder\"><\/p>\n<h3>Definitsioon ja funktsionaalsus<\/h3>\n<p>H\u00fcdraulilised silindrid, n\u00e4iteks noole silinder, on seadmed, mis muudavad h\u00fcdraulilise energia mehaaniliseks energiaks. Need on loodud lineaarse liikumise tekitamiseks, kasutades h\u00fcdraulilise vedeliku r\u00f5hku. Noole silinder v\u00f5imaldab ekskavaatori noole sujuvat t\u00f6\u00f6d, v\u00f5imaldades operaatoritel t\u00e4ita mitmesuguseid \u00fclesandeid, sealhulgas kaevamist, t\u00f5stmist ja materjalide t\u00f5husat teisaldamist.<\/p>\n<h2>Poomi silindri omadused<\/h2>\n<ul>\n<li><strong>Suur tugevus ja vastupidavus:<\/strong> Need \u00fclitugevast terasest v\u00f5i alumiiniumist valmistatud silindrid taluvad k\u00f5rget r\u00f5hku ja suuri koormusi, mist\u00f5ttu sobivad need karmidesse t\u00f6\u00f6keskkondadesse. Nende eluea pikendamiseks on nende konstruktsioon arvestanud kulumiskindluse ja korrosioonikindlusega.<\/li>\n<li><strong>T\u00f5hus h\u00fcdrauliline t\u00f6\u00f6:<\/strong> H\u00fcdraulilise \u00f5li r\u00f5hu abil tagab silinder sujuva pikenduse ja tagasit\u00f5mbamise, v\u00f5imaldades kiiret reageerimist juhtimisk\u00e4sklustele ning v\u00f5imsate t\u00f5uke- ja t\u00f5mbej\u00f5udude teket, mis sobivad ideaalselt raskete ja keerukate \u00fclesannete t\u00e4itmiseks.<\/li>\n<li><strong>Erinevad t\u00fc\u00fcbid:<\/strong> S\u00f5ltuvalt t\u00f6\u00f6vajadustest saavad kasutajad valida \u00fchetoimeliste (\u00fches suunas t\u00f6\u00f6tavate) v\u00f5i kahetoimeliste (m\u00f5lemas suunas t\u00f6\u00f6tavate) silindrite vahel. M\u00f5ned mudelid on teleskoopilised, mis v\u00f5imaldab suuremat pikendust ilma v\u00e4lism\u00f5\u00f5tmeid suurendamata, mist\u00f5ttu sobivad need ruumikitsastesse rakendustesse.<\/li>\n<li><strong>Suurep\u00e4rane tihendusv\u00f5ime:<\/strong> Lekete minimeerimiseks ja t\u00f5husa t\u00f6\u00f6 tagamiseks on need silindrid varustatud kvaliteetsete tihendite abil, mis s\u00e4ilitavad r\u00f5hu ja vedeliku terviklikkuse.<\/li>\n<li><strong>Kohandatavad valikud:<\/strong> Meie silindreid saab kohandada vastavalt konkreetsetele rakendusn\u00f5uetele, tagades sujuva integreerimise ja j\u00f5udluse erinevatesse masinatesse.<\/li>\n<\/ul>\n<p><img decoding=\"async\" src=\"https:\/\/www.hydraulic-cylinders.net\/wp-content\/uploads\/2025\/04\/songte-cylinder-head-with-all-kinds-excavator-models.webp\" alt=\"Silindripea\"><\/p>\n<h2>Poomi silindri rakendused<\/h2>\n<h3>Ehitustehnika<\/h3>\n<p>Ekskavaatorites on noolesilindrid \u00fcliolulised pinnase v\u00f5i prahi kaevamiseks, laadimiseks ja transportimiseks. Need v\u00f5imaldavad noolel t\u00f5husalt liikuda, v\u00f5imaldades operaatoritel mitmesuguseid \u00fclesandeid t\u00e4pselt t\u00e4ita. Ekskavaator-laadurites aitab noolesilinder nii kaevamisel kui ka t\u00f5stmisel, suurendades mitmek\u00fclgsust ehitusplatsidel.<\/p>\n<h3>P\u00f5llumajandustehnika<\/h3>\n<p>Esilaadurites vastutavad noolesilindrid mulla, heina ja muude materjalide kopa kogumise, t\u00f5stmise ja transportimise eest. Nende v\u00f5ime sujuv t\u00f6\u00f6tamine erinevate koormuste korral on p\u00f5llumajandust\u00f6\u00f6de jaoks h\u00e4davajalik, muutes need p\u00f5llumeestele ja p\u00f5llumajandust\u00f6\u00f6v\u00f5tjatele asendamatuks.<\/p>\n<h3>Kaevet\u00f6\u00f6de \u00fclesanded<\/h3>\n<p>Poomi silinder v\u00f5imaldab ekskavaatoritel t\u00f5husalt maasse tungida, v\u00f5imaldades t\u00f5husaid kaevamist\u00f6id. See v\u00f5ime on \u00fclioluline ehituses, haljastuses ja platsi ettevalmistamisel, kus on vaja t\u00e4pset pinnase eemaldamist.<\/p>\n<h3>Laadimistoimingud<\/h3>\n<p>Esilaaduritel aitavad noolesilindrid koormaid t\u00f5husalt t\u00f5sta ja t\u00fchjendada. See funktsioon on eriti oluline ehituses ja materjalide k\u00e4itlemisel, kus efektiivsus ja kiirus on \u00fcliolulised.<\/p>\n<h2>Projekteerimiskaalutlused ja valikukriteeriumid<\/h2>\n<h3>Kandev\u00f5ime<\/h3>\n<p>Noole silindri valimisel on oluline arvestada selle kandev\u00f5imega, mis m\u00f5jutab otseselt selle v\u00f5imet \u00fclesandeid ohutult ja t\u00f5husalt t\u00e4ita. Silinder peab olema konstrueeritud nii, et see taluks maksimaalset raskust, millega see t\u00f6\u00f6tamise ajal kokku puutub, tagades nii ohutuse kui ka t\u00f6\u00f6kindluse.<\/p>\n<h3>Tihendus ja vastupidavus<\/h3>\n<p>H\u00fcdrosilindri tihenduss\u00fcsteem on t\u00f6\u00f6 efektiivsuse s\u00e4ilitamiseks kriitilise t\u00e4htsusega. Kvaliteetsed tihendid hoiavad \u00e4ra vedeliku lekke, mis v\u00f5ib viia j\u00f5udluse v\u00e4henemiseni ja potentsiaalsete masina riketeni. Nendes tihendites kasutatavad materjalid peavad vastu pidama ka karmidele t\u00f6\u00f6keskkondadele, tagades pikaajalise vastupidavuse.<\/p>\n<h3>Turvaelemendid<\/h3>\n<p>H\u00fcdrauliliste s\u00fcsteemide puhul on ohutus esmat\u00e4htis. Projekteerimisel peavad olema rikkeohutus- ja r\u00f5hualandusmehhanismid, et v\u00e4ltida \u00fclekoormusest v\u00f5i h\u00fcdraulika riketest tingitud \u00f5nnetusi. Nende ohutusfunktsioonide olemasolu on oluline nii operaatori kui ka seadmete ohutuse tagamiseks.<\/p>\n<h3>Hooldus ja remont<\/h3>\n<p>Hoolduse lihtsus on veel \u00fcks oluline aspekt, mida arvestada. H\u00fcdraulilised silindrid peaksid olema konstrueeritud nii, et neid oleks lihtne kontrollida ja hooldada, v\u00f5imaldades regulaarseid hoolduskontrolle ilma olulise seisakuta. See kaalutlus suurendab seadmete pikaealisust ja t\u00f6\u00f6kindlust.<\/p>\n<p><img decoding=\"async\" src=\"https:\/\/www.hydraulic-cylinders.net\/wp-content\/uploads\/2025\/04\/songte-oil-pipes-and-spare-parts.webp\" alt=\"\u00d5litorud ja varuosad\"><\/p>\n<h2>H\u00fcdraulilise silindri tihendamine ja m\u00e4\u00e4rimine<\/h2>\n<p>Poomi silindrite tihenduss\u00fcsteem sisaldab mitmesuguseid tihenduselemente, n\u00e4iteks kolvitihendeid ja vardatihendeid, mis on h\u00fcdraulilise vedeliku terviklikkuse s\u00e4ilitamiseks kriitilise t\u00e4htsusega. Sellistest materjalidest nagu pol\u00fcuretaan ja nitriilkummi valmistatud tihendid valitakse nende kulumiskindlate omaduste t\u00f5ttu. Lisaks sellele t\u00f6\u00f6deldakse silindri korpust ja keermestatud otsapinda kulumiskindluse suurendamiseks peeneks. Sujuva t\u00f6\u00f6 tagamiseks ja tihendite ja silindri eluea pikendamiseks on vajalik regulaarne m\u00e4\u00e4rimine sobiva koguse h\u00fcdraulika\u00f5liga.<\/p>\n<h2>Ennetavad hooldusmeetmed<\/h2>\n<ul>\n<li><strong>Regulaarsed kontrollid:<\/strong> Tehke regulaarseid kontrolle, et tuvastada tihendite, liitmike ja silindri korpuse kulumist. Regulaarne lekete ja kahjustuste kontrollimine aitab v\u00e4ltida edasist halvenemist ja kulukaid remondit\u00f6id.<\/li>\n<li><strong>Sobiv m\u00e4\u00e4rimine:<\/strong> Veenduge, et h\u00fcdrosilinder oleks piisavalt m\u00e4\u00e4ritud, kuna see hoiab \u00e4ra h\u00f5\u00f5rdumise ja kulumise. Optimaalse j\u00f5udluse s\u00e4ilitamiseks kasutage ainult soovitatud m\u00e4\u00e4rdeaineid.<\/li>\n<li><strong>Tihendi vahetamine:<\/strong> Vahetage tihendeid regulaarselt vastavalt kasutamisele ja kulumismustritele. Kulunud tihendite regulaarne vahetamine tagab h\u00fcdros\u00fcsteemi t\u00f5husa t\u00f6\u00f6 ja hoiab \u00e4ra lekked.<\/li>\n<\/ul>\n<h2>Poomi silindri paigaldusjuhised<\/h2>\n<p>Poomi silindri \u00f5ige paigaldamine on optimaalse j\u00f5udluse saavutamiseks h\u00e4davajalik. Alustage veendumisest, et k\u00f5ik kinnituspinnad on puhtad ja prahist vabad. Joondage silinder t\u00e4pselt kinnitusklambritega, kasutades sobivaid paigaldusrakiseid v\u00f5i kinnitusvahendeid, et s\u00e4ilitada joondus montaa\u017ei ajal. Kinnitage silinder tootja poolt etten\u00e4htud kinnitusdetailide ja p\u00f6\u00f6rdemomendi s\u00e4tete abil. Enne s\u00fcsteemi t\u00f6\u00f6koormuse all testimist veenduge, et k\u00f5ik h\u00fcdraulilised \u00fchendused on tihedad ja leketeta. J\u00e4lgige paigaldust regulaarselt joonduse v\u00f5i kulumise tunnuste suhtes ja lahendage probleemid viivitamatult, et s\u00e4ilitada j\u00f5udlus.<\/p>\n<h2>Levinumad hooldust\u00f6\u00f6d<\/h2>\n<h3>Regulaarsed kontrollid<\/h3>\n<p>Poomi silindri regulaarne kontrollimine on \u00fclioluline, et tuvastada potentsiaalsed probleemid enne nende s\u00fcvenemist. Kontrollige silindri korpusel kulumism\u00e4rke, n\u00e4iteks kriimustusi v\u00f5i m\u00f5lke, ja kontrollige tihendeid vedelikulekete suhtes. Probleemide \u00f5igeaegne avastamine v\u00f5imaldab v\u00f5tta ennetavaid meetmeid, tagades silindri t\u00f5husa ja ohutu t\u00f6\u00f6.<\/p>\n<h3>Sobiv m\u00e4\u00e4rimine<\/h3>\n<p>H\u00fcdraulilise silindri pikaealisuse tagamiseks on oluline s\u00e4ilitada \u00f5ige m\u00e4\u00e4rimine. Veenduge, et kasutatakse \u00f5iget t\u00fc\u00fcpi h\u00fcdraulika\u00f5li ja et seda lisatakse regulaarselt vastavalt tootja soovitustele. \u00d5ige m\u00e4\u00e4rimine minimeerib h\u00f5\u00f5rdumist ja kulumist, parandades silindri j\u00f5udlust ja eluiga.<\/p>\n<h3>Tihendi vahetamine ja kalibreerimise kontrollimine<\/h3>\n<p>Kontrollige regulaarselt tihendite seisukorda ja vahetage need vajadusel v\u00e4lja, et v\u00e4ltida lekkeid. Kalibreerimiskontrollid tagavad, et balloon t\u00f6\u00f6tab oma projekteeritud spetsifikatsioonide kohaselt, s\u00e4ilitades \u00f5ige r\u00f5hu ja funktsionaalsuse. See protsess on oluline, et tagada t\u00f6\u00f6 t\u00f5husus ja v\u00e4ltida mehaanilisi rikkeid.<\/p>\n<p><img decoding=\"async\" src=\"https:\/\/www.hydraulic-cylinders.net\/wp-content\/uploads\/2025\/04\/songte-chushion-collar.webp\" alt=\"Padjakaelus\"><\/p>\n<h2>Ohutuskaalutlused ja keskkonnategurid<\/h2>\n<p>H\u00fcdrauliliste s\u00fcsteemidega tegelemisel on oluline seada esikohale ohutusmeetmed. Operaatorid peaksid olema koolitatud h\u00fcdrauliliste seadmete ohutuks k\u00e4sitsemiseks ja olema teadlikud h\u00fcdraulilise vedeliku leketega seotud v\u00f5imalikest ohtudest. Ohutusprotokollide rakendamine, n\u00e4iteks isikukaitsevahendite (IKV) kasutamine ja regulaarsete ohutusauditite l\u00e4biviimine, aitab riske maandada ja tagada ohutu t\u00f6\u00f6keskkonna.<\/p>\n<h2>Veaotsing ja levinud probleemid<\/h2>\n<ul>\n<li><strong>V\u00f5imsuse kaotus:<\/strong> Kui poomi silindril on v\u00f5imsuse kadu v\u00f5i see liigub aeglaselt, v\u00f5ib see viidata madalale h\u00fcdraulikavedeliku tasemele v\u00f5i \u00f5hu olemasolule s\u00fcsteemis. Kontrollige vedeliku taset ja vajadusel \u00f5hutage s\u00fcsteemi.<\/li>\n<li><strong>Leke:<\/strong> H\u00fcdraulikavedeliku lekked v\u00f5ivad silindri j\u00f5udlust kahjustada. Kontrollige tihendeid ja \u00fchendusi kulumise v\u00f5i kahjustuste suhtes ning vahetage k\u00f5ik vigased komponendid v\u00e4lja.<\/li>\n<li><strong>Joondumatuse:<\/strong> Kui silinder ei t\u00f6\u00f6ta sujuvalt, kontrollige kinnitusklambrite ja silindri enda joondust. Joonduse puudumine v\u00f5ib p\u00f5hjustada eba\u00fchtlast kulumist ja potentsiaalset kahju.<\/li>\n<\/ul>\n<p>Probleemide t\u00f5husaks diagnoosimiseks ja lahendamiseks peaksid operaatorid tutvuma h\u00fcdraulikas\u00fcsteemi tavap\u00e4raste t\u00f6\u00f6parameetritega. Regulaarne koolitus ja hooldustavad v\u00f5ivad probleemide esinemist oluliselt v\u00e4hendada, tagades sujuva t\u00f6\u00f6.<\/p>\n<p><img decoding=\"async\" src=\"https:\/\/www.hydraulic-cylinders.net\/wp-content\/uploads\/2025\/04\/songte-bushings-with-all-kinds-of-excavator-models.webp\" alt=\"Puksid ekskavaatorimudelitega\"><\/p>\n<h2>Meie ettev\u00f5ttest<\/h2>\n<p>Oleme juhtiv h\u00fcdrosilindrite tootja ja hulgim\u00fc\u00fcja, mis on spetsialiseerunud kvaliteetsete asendusmaterjalide pakkumisele erinevatele h\u00fcdros\u00fcsteemidele. Meie lai tootevalik on teinud meist nii sise- kui ka rahvusvahelistel turgudel v\u00f5tmetegija. Meie eesm\u00e4rk on pakkuda tipptasemel kvaliteeti, kasutades t\u00e4iustatud tootmisjuhtimise strateegiat. Meie ettev\u00f5te t\u00e4iustab pidevalt oma tootmisplatvormi t\u00e4iustatud tehnoloogia, tipptasemel tootmisseadmete ja professionaalsete testimiss\u00fcsteemide abil.<\/p>\n<p>Meie v\u00f5imalused h\u00f5lmavad j\u00e4rgmist:<\/p>\n<ul>\n<li><strong>Professionaalne asjatundlikkus:<\/strong> Meie meeskond koosneb kvalifitseeritud spetsialistidest, kellel on pikaajaline kogemus h\u00fcdraulikas\u00fcsteemide alal.<\/li>\n<li><strong>Rahvusvahelised sertifikaadid:<\/strong> Meie tooted vastavad rahvusvahelistele standarditele, tagades t\u00f6\u00f6kindluse ja ohutuse.<\/li>\n<li><strong>Kohandamise teenused:<\/strong> Pakume kohandatud lahendusi, mis vastavad klientide konkreetsetele vajadustele ja tegevusn\u00f5uetele.<\/li>\n<li><strong>Tipptasemel seadmed:<\/strong> Meie tootmis\u00fcksus on varustatud kaasaegsete masinatega, et suurendada tootmise efektiivsust ja t\u00e4psust.<\/li>\n<li><strong>P\u00f5hjalik m\u00fc\u00fcgij\u00e4rgne tugi:<\/strong> Oleme p\u00fchendunud erakordse klienditeeninduse ja toe pakkumisele, tagades rahulolu kogu toote eluts\u00fckli v\u00e4ltel.<\/li>\n<\/ul>\n<p><img decoding=\"async\" src=\"https:\/\/www.hydraulic-cylinders.net\/wp-content\/uploads\/2025\/04\/songte-company-4.webp\" alt=\"Ettev\u00f5tte \u00fclevaade\"><br \/>\n<img decoding=\"async\" src=\"https:\/\/www.hydraulic-cylinders.net\/wp-content\/uploads\/2025\/04\/songte-company-3.webp\" alt=\"Ettev\u00f5tte rajatised\"><\/p>\n<p>Autor: lyl<\/p>","protected":false},"excerpt":{"rendered":"<p>Boom Cylinder For XCMG Small Excavator XE65CA Product Overview The Boom Cylinder for XCMG Small Excavator XE65CA is an essential component in the hydraulic system of excavators. This hydraulic cylinder is specifically designed to control the movement of the boom, allowing it to lift, lower, and tilt. This capability is crucial for various material handling [&hellip;]<\/p>","protected":false},"featured_media":17870,"comment_status":"open","ping_status":"closed","template":"","meta":{"_et_pb_use_builder":"","_et_pb_old_content":"","_et_gb_content_width":""},"product_brand":[],"product_cat":[1546],"product_tag":[1547,1496],"class_list":{"0":"post-19184","1":"product","2":"type-product","3":"status-publish","4":"has-post-thumbnail","6":"product_cat-boom-cylinders","7":"product_tag-boom-cylinders","8":"product_tag-hydraulic-cylinders","10":"first","11":"instock","12":"shipping-taxable","13":"product-type-simple"},"amp_enabled":true,"_links":{"self":[{"href":"https:\/\/www.hydraulic-cylinders.net\/et\/wp-json\/wp\/v2\/product\/19184","targetHints":{"allow":["GET"]}}],"collection":[{"href":"https:\/\/www.hydraulic-cylinders.net\/et\/wp-json\/wp\/v2\/product"}],"about":[{"href":"https:\/\/www.hydraulic-cylinders.net\/et\/wp-json\/wp\/v2\/types\/product"}],"replies":[{"embeddable":true,"href":"https:\/\/www.hydraulic-cylinders.net\/et\/wp-json\/wp\/v2\/comments?post=19184"}],"wp:featuredmedia":[{"embeddable":true,"href":"https:\/\/www.hydraulic-cylinders.net\/et\/wp-json\/wp\/v2\/media\/17870"}],"wp:attachment":[{"href":"https:\/\/www.hydraulic-cylinders.net\/et\/wp-json\/wp\/v2\/media?parent=19184"}],"wp:term":[{"taxonomy":"product_brand","embeddable":true,"href":"https:\/\/www.hydraulic-cylinders.net\/et\/wp-json\/wp\/v2\/product_brand?post=19184"},{"taxonomy":"product_cat","embeddable":true,"href":"https:\/\/www.hydraulic-cylinders.net\/et\/wp-json\/wp\/v2\/product_cat?post=19184"},{"taxonomy":"product_tag","embeddable":true,"href":"https:\/\/www.hydraulic-cylinders.net\/et\/wp-json\/wp\/v2\/product_tag?post=19184"}],"curies":[{"name":"wp","href":"https:\/\/api.w.org\/{rel}","templated":true}]}}