{"id":19185,"date":"2025-04-07T06:17:06","date_gmt":"2025-04-07T06:17:06","guid":{"rendered":"https:\/\/www.hydraulic-cylinders.net\/product\/boom-cylinder-for-xcmg-small-excavator-xe80c\/"},"modified":"2025-04-07T06:17:08","modified_gmt":"2025-04-07T06:17:08","slug":"boom-cylinder-for-xcmg-small-excavator-xe80c","status":"publish","type":"product","link":"https:\/\/www.hydraulic-cylinders.net\/et\/toode\/boom-cylinder-for-xcmg-small-excavator-xe80c\/","title":{"rendered":"XCMG v\u00e4ikese ekskavaatori XE80C poomi silinder"},"content":{"rendered":"<h1>XCMG v\u00e4ikese ekskavaatori XE80C poomi silinder<\/h1>\n<h2>Toote \u00fclevaade<\/h2>\n<p>Noole silinder, tuntud ka kui kopa silinder, on oluline h\u00fcdrauliline komponent, mida kasutatakse rasketes masinates, n\u00e4iteks ekskavaatorites, laadurites ja esilaadurites. Selle peamine \u00fclesanne on juhtida kopa liikumist, v\u00f5imaldades sellel t\u00f5sta, langetada ja kallutada t\u00f5husate materjalik\u00e4itlust\u00f6\u00f6de jaoks. H\u00fcdraulilistes s\u00fcsteemides muudavad need silindrid h\u00fcdraulilise r\u00f5hu mehaaniliseks energiaks, v\u00f5imaldades t\u00e4pseid liigutusi, mis on ehitus- ja kaevet\u00f6\u00f6del h\u00e4davajalikud.<\/p>\n<p><img decoding=\"async\" src=\"https:\/\/www.hydraulic-cylinders.net\/wp-content\/uploads\/2025\/04\/songte-company-1.webp\" alt=\"Poomi silindri pilt\"><\/p>\n<h2>Poomi silindri omadused<\/h2>\n<ul>\n<li><strong>Suur tugevus ja vastupidavus:<\/strong> Meie \u00fclitugevast terasest v\u00f5i alumiiniumist valmistatud poomisilindrid taluvad k\u00f5rget r\u00f5hku ja suuri koormusi, mist\u00f5ttu sobivad need karmidesse t\u00f6\u00f6keskkondadesse. Projekteerimisel on arvestatud kulumiskindluse ja korrosioonikindlusega, pikendades oluliselt nende eluiga.<\/li>\n<li><strong>T\u00f5hus h\u00fcdrauliline t\u00f6\u00f6:<\/strong> H\u00fcdraulilise \u00f5li r\u00f5hu abil tagavad need silindrid sujuva pikenemise ja tagasit\u00f5mbumise. Need reageerivad kiiresti t\u00f6\u00f6k\u00e4sklustele, pakkudes m\u00e4rkimisv\u00e4\u00e4rset t\u00f5uke- ja t\u00f5mbej\u00f5udu, mis sobib ideaalselt raskete ja keerukate \u00fclesannete t\u00e4itmiseks.<\/li>\n<li><strong>Erinevad t\u00fc\u00fcbid:<\/strong> Kasutajad saavad valida \u00fchetoimeliste (h\u00fcdrauliline \u00fches suunas) ja kahetoimeliste (h\u00fcdrauliline m\u00f5lemas suunas) silindrite vahel, et rahuldada erinevaid t\u00f6\u00f6vajadusi. M\u00f5ned mudelid on teleskoopilised, v\u00f5imaldades suuremat pikendamist ilma v\u00e4lism\u00f5\u00f5tmeid suurendamata, mis sobib kitsastesse rakendustesse.<\/li>\n<li><strong>Kohandatud tootmine:<\/strong> Oleme spetsialiseerunud selle toote tootmisele, tagades, et meie silindrid suudavad ideaalselt asendada olemasolevaid h\u00fcdraulilisi silindreid erinevates masinates.<\/li>\n<li><strong>Kvaliteedi tagamine:<\/strong> Meie poomisilindrid l\u00e4bivad ranged testid, et tagada nende vastavus t\u00f6\u00f6stusstandarditele j\u00f5udluse ja t\u00f6\u00f6kindluse osas.<\/li>\n<\/ul>\n<p><img decoding=\"async\" src=\"https:\/\/www.hydraulic-cylinders.net\/wp-content\/uploads\/2025\/04\/songte-cylinder-head-with-all-kinds-excavator-models.webp\" alt=\"Ekskavaatori mudeli pilt\"><\/p>\n<h2>Poomi silindri rakendused<\/h2>\n<h3>Ehitustehnika<\/h3>\n<p>Ekskavaatorites on noolesilindrid kriitilise t\u00e4htsusega kaevamisel, laadimisel ja pinnase v\u00f5i prahi teisaldamisel. Need h\u00f5lbustavad kaevamist\u00f6\u00f6deks vajalikke t\u00e4pseid liigutusi, v\u00f5imaldades operaatoril raskeid koormaid t\u00f5husalt hallata. Ekskavaator-laadurites aitavad need silindrid nii kaevamisel kui ka t\u00f5stmisel, muutes need mitmek\u00fclgseteks t\u00f6\u00f6riistadeks ehitusplatsidel.<\/p>\n<h3>P\u00f5llumajandustehnika<\/h3>\n<p>Esilaadurites kasutatakse noolesilindreid mulla, heina ja muude materjalide kopeerimiseks, t\u00f5stmiseks ja transportimiseks. Nende v\u00f5ime mitmesuguseid \u00fclesandeid t\u00f5husalt t\u00e4ita muudab need p\u00f5llumajandust\u00f6\u00f6des asendamatuks, suurendades tootlikkust ja tegevuse efektiivsust.<\/p>\n<h3>Ekskavaatorid<\/h3>\n<p>Ekskavaatorites v\u00f5imaldab noole silinder kopal pinnasesse tungida, h\u00f5lbustades kaevamistoiminguid. Silindri pakutav h\u00fcdrauliline juhtimine v\u00f5imaldab operaatoritel teha keerukaid man\u00f6\u00f6vreid ja saavutada t\u00f5husaid kaevetulemusi.<\/p>\n<h3>Laadurid<\/h3>\n<p>Esilaaduritel aitavad poomi silindrid materjale t\u00f5husalt t\u00f5sta ja t\u00fchjendada. See h\u00fcdrauliline funktsioon v\u00f5imaldab operaatoritel h\u00f5lpsalt peale- ja mahalaadimis\u00fclesandeid t\u00e4ita, parandades t\u00f6\u00f6voogu t\u00f6\u00f6platsidel.<\/p>\n<h2>Projekteerimiskaalutlused ja valikukriteeriumid<\/h2>\n<h3>Kandev\u00f5ime<\/h3>\n<p>Noole silindri valimisel on \u00fclioluline m\u00f5ista selle kandev\u00f5imet. Silinder peab suutma taluda t\u00f6\u00f6 ajal eeldatavat maksimaalset koormust, ilma et see kahjustaks j\u00f5udlust v\u00f5i ohutust. Oluline on arvestada mitte ainult staatilise, vaid ka t\u00f6\u00f6 ajal tekkivate d\u00fcnaamiliste koormustega. \u00dclekoormus v\u00f5ib p\u00f5hjustada silindri rikke, mis kujutab endast ohtu nii seadmetele kui ka operaatoritele.<\/p>\n<h3>Tihendus<\/h3>\n<p>H\u00fcdrauliliste silindrite pikaealisuse tagamiseks on tihendus \u00fclioluline. T\u00f5husad tihendid takistavad h\u00fcdraulilise vedeliku lekkimist ja s\u00e4ilitavad s\u00fcsteemi r\u00f5hu. Silindrid vajavad kvaliteetseid tihendeid, mis on valmistatud sellistest materjalidest nagu pol\u00fcuretaan v\u00f5i nitriilkummi, mis on vastupidavad kulumisele ja keskkonnateguritele. N\u00f5uetekohane tihendus tagab efektiivsuse ja v\u00e4hendab teiste h\u00fcdraulikakomponentide kahjustamise ohtu.<\/p>\n<h3>Vastupidavus<\/h3>\n<p>Vastupidavus on h\u00fcdrosilindrite puhul esmat\u00e4htis, kuna need t\u00f6\u00f6tavad karmides keskkondades. Ehitusmaterjalid peaksid olema kulumis- ja korrosioonikindlad. Regulaarne hooldus ja komponentide \u00f5igeaegne vahetamine v\u00f5ivad oluliselt pikendada h\u00fcdrosilindri eluiga, tagades usaldusv\u00e4\u00e4rse t\u00f6\u00f6 pikas perspektiivis.<\/p>\n<h3>Ohutus<\/h3>\n<p>\u00d5nnetuste v\u00e4ltimiseks tuleks noolesilindrite konstruktsiooni lisada ohutusfunktsioonid. See h\u00f5lmab r\u00f5hualandusventiile, mis aitavad v\u00e4ltida liigset r\u00f5hu t\u00f5usu ja v\u00f5imalikke purunemisi. Operaatorid peaksid olema teadlikud kehtestatud ohutusmeetmetest ja j\u00e4rgima tootja juhiseid ohutu t\u00f6\u00f6 tagamiseks.<\/p>\n<h3>Hooldatavus<\/h3>\n<p>Hoolduse lihtsus on veel \u00fcks oluline projekteerimiskaalutlus. V\u00f5imalus p\u00e4\u00e4seda ligi olulistele komponentidele kontrollimiseks ja vahetamiseks v\u00f5ib s\u00e4\u00e4sta aega ja v\u00e4hendada seisakuid. Regulaarsed hoolduskontrollid ja lihtne remondiprotsess aitavad kaasa h\u00fcdraulikas\u00fcsteemide \u00fcldisele t\u00f5hususele ja t\u00f6\u00f6kindlusele.<\/p>\n<p><img decoding=\"async\" src=\"https:\/\/www.hydraulic-cylinders.net\/wp-content\/uploads\/2025\/04\/songte-oil-pipes-and-spare-parts.webp\" alt=\"\u00d5litorude ja varuosade pilt\"><\/p>\n<h2>Tihendus ja m\u00e4\u00e4rimine<\/h2>\n<p>Erinevate tihendite, n\u00e4iteks kolvi- ja varrastihendite kasutamine on noolesilindrite toimimise seisukohalt oluline. Eelistatud on vastupidavatest materjalidest, nagu pol\u00fcuretaan ja nitriilkummi, valmistatud tihendid nende kulumiskindluse t\u00f5ttu. Silindri korpuse ja keermestatud otste pinnad l\u00e4bivad peene t\u00f6\u00f6tluse, et parandada kulumiskindlust. Lisaks on sujuva t\u00f6\u00f6 tagamiseks ja h\u00f5\u00f5rdumisest tingitud kahjustuste v\u00e4ltimiseks vajalik regulaarne m\u00e4\u00e4rimine h\u00fcdraulika\u00f5liga. N\u00f5uetekohane hooldus tagab tihenduss\u00fcsteemi t\u00f5hususe, v\u00e4hendades lekete ohtu ja s\u00e4ilitades t\u00f6\u00f6 efektiivsuse.<\/p>\n<h2>Ennetavad hooldusmeetmed<\/h2>\n<ul>\n<li><strong>Regulaarsed kontrollid:<\/strong> Tehke tihendite ja muude komponentide regulaarseid kulumise kontrolle, tagades probleemide varajase avastamise.<\/li>\n<li><strong>M\u00e4\u00e4rimine:<\/strong> Tagage piisav m\u00e4\u00e4rimine h\u00fcdraulika\u00f5liga, j\u00e4rgides tootja juhiseid sageduse ja koguse kohta.<\/li>\n<li><strong>Tihendi vahetamine:<\/strong> Kontrollige regulaarselt tihendeid kulumisj\u00e4lgede suhtes ja vahetage need v\u00e4lja, et v\u00e4ltida lekkeid ja s\u00e4ilitada s\u00fcsteemi r\u00f5hk.<\/li>\n<\/ul>\n<h2>Paigaldusjuhised<\/h2>\n<p>Poomi silindri \u00f5ige paigaldamine on optimaalse j\u00f5udluse saavutamiseks \u00fclioluline. Alustage kinnitusklambrite \u00f5ige joondamise tagamisega, et v\u00e4ltida silindrile liigset survet. Kasutage silindri kinnitamiseks sobivaid kinnitusklambreid. Veenduge, et h\u00fcdraulikavoolikud on \u00f5igesti \u00fchendatud, et v\u00e4ltida lekkeid. J\u00e4rgige alati tootja spetsifikatsioone p\u00f6\u00f6rdemomendi s\u00e4tete ja joondamise kohta. P\u00e4rast paigaldamist tehke p\u00f5hjalik lekete kontroll ja testige s\u00fcsteemi koormuse all, et veenduda, et k\u00f5ik t\u00f6\u00f6tab sujuvalt. Regulaarsed kontrollid p\u00e4rast paigaldamist aitavad s\u00e4ilitada h\u00fcdraulikas\u00fcsteemi terviklikkust ja funktsionaalsust.<\/p>\n<h2>Levinumad hooldust\u00f6\u00f6d<\/h2>\n<ul>\n<li><strong>Regulaarsed kontrollid:<\/strong> Kontrollige regulaarselt h\u00fcdraulikas\u00fcsteemi lekete, kulumise ja tihendi n\u00f5uetekohast toimimist, et v\u00e4ltida rikkeid. See h\u00f5lmab voolikute, \u00fchenduste ja silindri terviklikkuse kontrollimist.<\/li>\n<li><strong>\u00d5ige m\u00e4\u00e4rimine:<\/strong> Veenduge, et silinder oleks piisavalt h\u00fcdraulika\u00f5liga m\u00e4\u00e4ritud. See on \u00fclioluline h\u00f5\u00f5rdumise ja kulumise v\u00e4hendamiseks, mis v\u00f5ivad p\u00f5hjustada enneaegset riket.<\/li>\n<li><strong>Tihendi vahetamine:<\/strong> R\u00f5hu s\u00e4ilitamiseks ja lekete v\u00e4ltimiseks vahetage regulaarselt tihendeid. See \u00fclesanne on h\u00fcdros\u00fcsteemi pikaealisuse ja efektiivsuse tagamiseks h\u00e4davajalik.<\/li>\n<\/ul>\n<h2>Ohutuskaalutlused ja keskkonnategurid<\/h2>\n<p>H\u00fcdrauliliste silindrite kasutamisel on ohutusmeetmed \u00fcliolulised. Operaatorite korralik v\u00e4lja\u00f5pe tagab, et nad m\u00f5istavad h\u00fcdrauliliste masinatega kaasnevaid riske. J\u00e4rgige alati tootjate esitatud ohutusjuhiseid ja veenduge, et k\u00f5ik ohutusfunktsioonid on t\u00f6\u00f6korras. Arvesse tuleb v\u00f5tta ka keskkonnategureid, n\u00e4iteks h\u00fcdraulilise vedeliku optimaalse taseme hoidmist ja lekete v\u00e4ltimist, kuna h\u00fcdraulilised vedelikud v\u00f5ivad olla keskkonnale kahjulikud. H\u00fcdrauliliste s\u00fcsteemide vastutustundlik kasutamine ja hooldus aitavad kaasa ohutusele ja j\u00e4tkusuutlikkusele t\u00f6\u00f6s.<\/p>\n<h2>Veaotsing ja levinud probleemid<\/h2>\n<ul>\n<li><strong>Lekkivad tihendid:<\/strong> Kui tihendid lekivad, v\u00f5ib see viidata kulumisele v\u00f5i kahjustusele. Kontrollige tihendeid ja vahetage need vastavalt vajadusele v\u00e4lja, et taastada funktsionaalsus.<\/li>\n<li><strong>Halb j\u00f5udlus:<\/strong> Kui silinder ei t\u00f6\u00f6ta h\u00e4sti, kontrollige, kas h\u00fcdraulikavoolikutes on \u00f5hku v\u00f5i kas vedeliku tase on madal, mis v\u00f5ib t\u00f6\u00f6d m\u00f5jutada. S\u00fcsteemi \u00f5hutamine ja vedeliku lisamine lahendab selle probleemi sageli.<\/li>\n<li><strong>Ebatavalised helid:<\/strong> Imelikud helid t\u00f6\u00f6tamise ajal v\u00f5ivad viidata mehaanilisele rikkele. Uurige m\u00fcra allikat ja vajadusel parandage v\u00f5i vahetage komponendid v\u00e4lja.<\/li>\n<\/ul>\n<h2>N\u00e4pun\u00e4iteid probleemide lahendamiseks<\/h2>\n<p>Poomi silindrite probleemide t\u00f5husaks diagnoosimiseks ja lahendamiseks j\u00e4rgige s\u00fcstemaatilist l\u00e4henemisviisi. Alustage s\u00fcmptomite tuvastamisest ja v\u00f5imalike p\u00f5hjuste leidmiseks vaadake hooldusjuhiseid. H\u00fcdraulikavedeliku taseme ja komponentide terviklikkuse regulaarne kontroll aitab probleeme ennetavalt lahendada, enne kui need s\u00fcvenevad. Rakendage ennetavaid meetmeid, n\u00e4iteks regulaarseid hoolduskontrolle, ja olge valvas kulumise v\u00f5i rikke varajaste m\u00e4rkide suhtes. See ennetav l\u00e4henemisviis aitab oluliselt minimeerida seisakuid ja pikendada h\u00fcdros\u00fcsteemi eluiga.<\/p>\n<p><img decoding=\"async\" src=\"https:\/\/www.hydraulic-cylinders.net\/wp-content\/uploads\/2025\/04\/songte-bushings-with-all-kinds-of-excavator-models.webp\" alt=\"Pukside pilt\"><\/p>\n<h2>Meie ettev\u00f5ttest<\/h2>\n<p>Oleme juhtiv h\u00fcdrosilindrite tootja, mis on spetsialiseerunud kvaliteetsete asendussilindrite tootmisele erinevate rakenduste jaoks. Meie ulatuslik tootevalik on teinud meist \u00fche juhtiva h\u00fcdrosilindrite tootja ja hulgim\u00fc\u00fcja nii sise- kui ka rahvusvahelisel turul. Oleme p\u00fchendunud tipptasemele, kasutades \u00e4ra oma peenh\u00e4\u00e4lestatud tootmisstrateegiaid ja tipptasemel digitaalseid seadmeid.<\/p>\n<p>Meie tehniline asjatundlikkus koos rangete kvaliteedikontrolli protsessidega tagab meie tootmisv\u00f5imaluste pideva t\u00e4iustamise. Meie prioriteediks on t\u00f5husus, t\u00e4psus ja kvaliteet, et rahuldada klientide mitmekesiseid vajadusi. Meie p\u00fchendumus klienditeenindusele peegeldub meie tugevas m\u00fc\u00fcgij\u00e4rgses toes, mis tagab klientidele vajaliku abi oma h\u00fcdraulikas\u00fcsteemide optimaalseks toimimiseks.<\/p>\n<p><img decoding=\"async\" src=\"https:\/\/www.hydraulic-cylinders.net\/wp-content\/uploads\/2025\/04\/songte-company-4.webp\" alt=\"Ettev\u00f5tte kuvand\"><br \/>\n<img decoding=\"async\" src=\"https:\/\/www.hydraulic-cylinders.net\/wp-content\/uploads\/2025\/04\/songte-company-3.webp\" alt=\"Ettev\u00f5tte kuvand\"><\/p>\n<p>Autor: lyl<\/p>","protected":false},"excerpt":{"rendered":"<p>Boom Cylinder For XCMG Small Excavator XE80C Product Overview The boom cylinder, also known as a bucket cylinder, is a vital hydraulic component used in heavy machinery such as excavators, backhoes, and front loaders. Its primary function is to control the movement of the bucket, allowing it to lift, lower, and tilt for efficient material [&hellip;]<\/p>","protected":false},"featured_media":17871,"comment_status":"open","ping_status":"closed","template":"","meta":{"_et_pb_use_builder":"","_et_pb_old_content":"","_et_gb_content_width":""},"product_brand":[],"product_cat":[1546],"product_tag":[1547,1496],"class_list":{"0":"post-19185","1":"product","2":"type-product","3":"status-publish","4":"has-post-thumbnail","6":"product_cat-boom-cylinders","7":"product_tag-boom-cylinders","8":"product_tag-hydraulic-cylinders","10":"first","11":"instock","12":"shipping-taxable","13":"product-type-simple"},"amp_enabled":true,"_links":{"self":[{"href":"https:\/\/www.hydraulic-cylinders.net\/et\/wp-json\/wp\/v2\/product\/19185","targetHints":{"allow":["GET"]}}],"collection":[{"href":"https:\/\/www.hydraulic-cylinders.net\/et\/wp-json\/wp\/v2\/product"}],"about":[{"href":"https:\/\/www.hydraulic-cylinders.net\/et\/wp-json\/wp\/v2\/types\/product"}],"replies":[{"embeddable":true,"href":"https:\/\/www.hydraulic-cylinders.net\/et\/wp-json\/wp\/v2\/comments?post=19185"}],"wp:featuredmedia":[{"embeddable":true,"href":"https:\/\/www.hydraulic-cylinders.net\/et\/wp-json\/wp\/v2\/media\/17871"}],"wp:attachment":[{"href":"https:\/\/www.hydraulic-cylinders.net\/et\/wp-json\/wp\/v2\/media?parent=19185"}],"wp:term":[{"taxonomy":"product_brand","embeddable":true,"href":"https:\/\/www.hydraulic-cylinders.net\/et\/wp-json\/wp\/v2\/product_brand?post=19185"},{"taxonomy":"product_cat","embeddable":true,"href":"https:\/\/www.hydraulic-cylinders.net\/et\/wp-json\/wp\/v2\/product_cat?post=19185"},{"taxonomy":"product_tag","embeddable":true,"href":"https:\/\/www.hydraulic-cylinders.net\/et\/wp-json\/wp\/v2\/product_tag?post=19185"}],"curies":[{"name":"wp","href":"https:\/\/api.w.org\/{rel}","templated":true}]}}