{"id":19187,"date":"2025-04-07T06:17:11","date_gmt":"2025-04-07T06:17:11","guid":{"rendered":"https:\/\/www.hydraulic-cylinders.net\/product\/boom-cylinder-for-xcmg-middle-excavator-xe200c\/"},"modified":"2025-04-07T06:17:13","modified_gmt":"2025-04-07T06:17:13","slug":"boom-cylinder-for-xcmg-middle-excavator-xe200c","status":"publish","type":"product","link":"https:\/\/www.hydraulic-cylinders.net\/et\/toode\/boom-cylinder-for-xcmg-middle-excavator-xe200c\/","title":{"rendered":"XCMG keskmise ekskavaatori XE200C poomi silinder"},"content":{"rendered":"<h1>XCMG keskmise ekskavaatori XE200C poomi silinder<\/h1>\n<h2>Toote \u00fclevaade<\/h2>\n<p>XCMG keskmise ekskavaatori XE200C poomi silinder on spetsiaalne h\u00fcdrauliline silinder, mis on loodud ekskavaatori poomi liikumise juhtimiseks. See oluline komponent v\u00f5imaldab poomi t\u00f5stmist, langetamist ja kallutamist, h\u00f5lbustades t\u00f5husat materjalik\u00e4itlust erinevates ehitus- ja kaevet\u00f6\u00f6des.<\/p>\n<p><img decoding=\"async\" src=\"https:\/\/www.hydraulic-cylinders.net\/wp-content\/uploads\/2025\/04\/songte-company-1.webp\" alt=\"Poomi silindri pilt\"><\/p>\n<h3>Definitsioon ja funktsionaalsus<\/h3>\n<p>Kopa silinder on h\u00fcdraulilise silindri t\u00fc\u00fcp, mis on spetsiaalselt loodud koppade liikumise juhtimiseks rasketes masinates, n\u00e4iteks ekskavaatorites, laadur-ekskavaatorites ja esilaadurites. Sellel on h\u00fcdraulikas\u00fcsteemides oluline roll, muutes h\u00fcdraulilise energia mehaaniliseks j\u00f5uks, v\u00f5imaldades koppal t\u00f5usta, langetada ja kallutada. See funktsioon on oluline t\u00f5husa materjali k\u00e4itlemise jaoks, v\u00f5imaldades operaatoritel t\u00e4ita erinevaid \u00fclesandeid t\u00e4pselt ja h\u00f5lpsalt.<\/p>\n<h2>Peamised omadused<\/h2>\n<ul>\n<li><strong>Suur tugevus ja vastupidavus:<\/strong> Need \u00fclitugevast terasest v\u00f5i alumiiniumist valmistatud silindrid taluvad k\u00f5rget r\u00f5hku ja suuri koormusi, mist\u00f5ttu sobivad need karmidesse t\u00f6\u00f6keskkondadesse. Konstruktsioonis on kulumiskindlus ja korrosioonikindlus, et pikendada nende eluiga.<\/li>\n<li><strong>T\u00f5hus h\u00fcdrauliline t\u00f6\u00f6:<\/strong> H\u00fcdraulika\u00f5li r\u00f5hku kasutades tagab silinder sujuva ja tundliku pikenemise ja tagasit\u00f5mbumise, tekitades v\u00f5imsaid t\u00f5uke- ja t\u00f5mbej\u00f5ude, mis sobivad ideaalselt raskete ja keerukate \u00fclesannete t\u00e4itmiseks.<\/li>\n<li><strong>T\u00fc\u00fcpide mitmekesisus:<\/strong> Valikute hulka kuuluvad \u00fchetoimelised (h\u00fcdraulilist r\u00f5hku \u00fches suunas) ja kahetoimelised (h\u00fcdraulilist r\u00f5hku m\u00f5lemas suunas) silindrid, et rahuldada erinevaid t\u00f6\u00f6vajadusi. M\u00f5ned mudelid on teleskoopilised, v\u00f5imaldades suuremat pikendamist ilma v\u00e4lism\u00f5\u00f5tmeid suurendamata, mis sobib ideaalselt piiratud ruumiga rakenduste jaoks.<\/li>\n<\/ul>\n<h3>Tootmisv\u00f5ime<\/h3>\n<p>Me oleme v\u00f5imelised seda toodet tootma ja meie pakkumised suudavad neid h\u00fcdrosilindreid ideaalselt asendada.<\/p>\n<p><img decoding=\"async\" src=\"https:\/\/www.hydraulic-cylinders.net\/wp-content\/uploads\/2025\/04\/songte-cylinder-head-with-all-kinds-excavator-models.webp\" alt=\"Ekskavaatori silindrite mudelid\"><\/p>\n<h2>Rakendused<\/h2>\n<h3>Ehitustehnika<\/h3>\n<p>Ekskavaatorites on noolesilindrid kriitilise t\u00e4htsusega kaevamisel, laadimisel ja pinnase v\u00f5i prahi teisaldamisel. Need v\u00f5imaldavad operaatoril kontrollida kopa asendit, h\u00f5lbustades t\u00f5husat kaevamist ja materjali k\u00e4itlemist. Ekskavaatoritel ei aita kopa silinder mitte ainult kaevamisel, vaid ka t\u00f5stmisel, suurendades \u00fcldist tootlikkust.<\/p>\n<h3>P\u00f5llumajandustehnika<\/h3>\n<p>Esilaadurites kasutatavad kopasilindrid on olulised mulla, heina ja muude materjalide korjamiseks, t\u00f5stmiseks ja transportimiseks. Nende disain v\u00f5imaldab h\u00f5lpsat man\u00f6\u00f6verdamist ja juhtimist, parandades oluliselt p\u00f5llumajandust\u00f6\u00f6de t\u00f5husust.<\/p>\n<h3>Ekskavaatorid<\/h3>\n<p>Kopa silinder v\u00f5imaldab kopal tungida pinnasesse t\u00f5husa kaevamise tagamiseks. Selle funktsionaalsus on oluline mitmesuguste kaevet\u00f6\u00f6de puhul, v\u00f5imaldades operaatoritel kaevamisprotsessi k\u00e4igus t\u00f5husalt k\u00e4sitseda erinevaid materjale.<\/p>\n<h3>Laadurid<\/h3>\n<p>Esilaadurites h\u00f5lbustavad noolesilindrid koormate t\u00f5husat t\u00f5stmist ja mahalaadimist. Nende usaldusv\u00e4\u00e4rne j\u00f5udlus tagab materjalide viivitusteta transportimise ja mahalaadimise, aidates kaasa ehitus- ja haljastust\u00f6\u00f6de sujuvale toimimisele.<\/p>\n<h2>Kujunduskaalutlused<\/h2>\n<ul>\n<li><strong>Kandev\u00f5ime:<\/strong> Ohutu ja t\u00f5husa t\u00f6\u00f6 tagamiseks tuleb konstruktsioonil arvestada silindri kandev\u00f5imega. See h\u00f5lmab materjalide ja m\u00f5\u00f5tmete valimist, mis suudavad oodatavatele koormustele ilma t\u00f5rgeteta vastu pidada.<\/li>\n<li><strong>Tihendus:<\/strong> T\u00f5hus tihendamine on oluline h\u00fcdraulilise vedeliku lekke v\u00e4ltimiseks, mis v\u00f5ib kahjustada j\u00f5udlust ja ohutust. Kvaliteetsed ja vastupidavatest materjalidest tihendid on s\u00fcsteemi terviklikkuse s\u00e4ilitamiseks \u00fcliolulised.<\/li>\n<li><strong>Vastupidavus:<\/strong> Ballooni konstruktsioon peab vastu pidama kulumisele regulaarsel kasutamisel n\u00f5udlikes keskkondades. See h\u00f5lmab korrosiooni- ja h\u00f5\u00f5rdumiskindlate materjalide kasutamist.<\/li>\n<li><strong>Ohutus:<\/strong> Ohutuselemendid, n\u00e4iteks \u00fcler\u00f5huventiilid ja tugevad kinnituspunktid, on vajalikud \u00f5nnetuste ja seadmete kahjustuste v\u00e4ltimiseks t\u00f6\u00f6tamise ajal.<\/li>\n<li><strong>Hooldus:<\/strong> Konstruktsioon peaks v\u00f5imaldama h\u00f5lpsat hooldust ja remonti, tagades, et ballooni saab hooldada ilma ulatusliku lahtiv\u00f5tmiseta.<\/li>\n<\/ul>\n<p><img decoding=\"async\" src=\"https:\/\/www.hydraulic-cylinders.net\/wp-content\/uploads\/2025\/04\/songte-oil-pipes-and-spare-parts.webp\" alt=\"\u00d5litorud ja varuosad\"><\/p>\n<h2>Tihendus ja m\u00e4\u00e4rimine<\/h2>\n<p>T\u00f5hus tihendamine ja m\u00e4\u00e4rimine on h\u00fcdrauliliste silindrite t\u00f6\u00f6ks \u00fcliolulised. Vedeliku lekke v\u00e4ltimiseks kasutatakse mitmesuguseid tihenduskomponente, n\u00e4iteks kolvitihendeid ja varrastihendeid. Kulumiskindlatest materjalidest, nagu pol\u00fcuretaan ja nitriilkummi, valmistatud tihendid suurendavad vastupidavust. Lisaks t\u00f6\u00f6deldakse silindri korpust ja keermestatud otsasid t\u00e4pselt, et parandada kulumiskindlust. H\u00f5\u00f5rdumise ja kulumise minimeerimiseks ning sujuva t\u00f6\u00f6 tagamiseks on vajalik regulaarne m\u00e4\u00e4rimine h\u00fcdraulika\u00f5liga.<\/p>\n<h2>Regulaarne kontroll ja ennetav hooldus<\/h2>\n<ul>\n<li><strong>Regulaarsed kontrollid:<\/strong> Regulaarne kulumis-, lekke- v\u00f5i kahjustuste kontrollimine aitab probleeme varakult tuvastada, ennetades t\u00f5sisemaid probleeme.<\/li>\n<li><strong>\u00d5ige m\u00e4\u00e4rimine:<\/strong> Liikuvate osade piisava m\u00e4\u00e4rimise tagamine v\u00e4hendab h\u00f5\u00f5rdumist ja pikendab silindri eluiga.<\/li>\n<li><strong>Tihendi vahetamine:<\/strong> Tihendite regulaarne vahetamine hoiab \u00e4ra vedeliku lekke ja s\u00e4ilitab s\u00fcsteemi r\u00f5hu, mis on optimaalse t\u00f6\u00f6 jaoks h\u00e4davajalik.<\/li>\n<\/ul>\n<h2>Paigaldusjuhised<\/h2>\n<p>Poomi silindri \u00f5ige paigaldamine on selle toimivuse seisukohalt \u00fclioluline. Alustuseks veenduge, et silinder on kinnituspunktidega \u00f5igesti joondatud, et v\u00e4ltida liigset pinget. Silindri kinnitamiseks kasutage sobivaid kinnitusklambreid. Veenduge, et k\u00f5ik poldid on tootja spetsifikatsioonide kohaselt pingutatud. P\u00e4rast paigaldamist kontrollige silindri n\u00f5uetekohast toimimist ja vajadusel reguleerige. Regulaarsed kontrollid p\u00e4rast paigaldamist on olulised, et tagada k\u00f5ige kindlus ja korrektne toimimine.<\/p>\n<p><img decoding=\"async\" src=\"https:\/\/www.hydraulic-cylinders.net\/wp-content\/uploads\/2025\/04\/songte-chushion-collar.webp\" alt=\"Padjakaelus\"><\/p>\n<h2>Hooldus\u00fclesanded<\/h2>\n<ul>\n<li><strong>Regulaarne kontroll:<\/strong> Rutiinsete kontrollide tegemine v\u00f5imaldab potentsiaalseid probleeme varakult avastada, tagades silindri t\u00f5rgeteta t\u00f6\u00f6.<\/li>\n<li><strong>Sobiv m\u00e4\u00e4rimine:<\/strong> Piisav m\u00e4\u00e4rimine on oluline liikuvate osade vahelise h\u00f5\u00f5rdumise v\u00e4hendamiseks, mis pikendab silindri eluiga.<\/li>\n<li><strong>Tihendi vahetamine:<\/strong> \u00d5igeaegne tihendite vahetamine hoiab \u00e4ra lekked ja s\u00e4ilitab h\u00fcdraulilise r\u00f5hu, mis on t\u00f5husa t\u00f6\u00f6 jaoks \u00fclioluline.<\/li>\n<\/ul>\n<h2>Ohutuskaalutlused ja keskkonnategurid<\/h2>\n<p>H\u00fcdrauliliste silindrite kasutamisel on ohutusmeetmed \u00fcliolulised. Operaatorite n\u00f5uetekohane v\u00e4lja\u00f5pe ja ohutusprotokollide j\u00e4rgimine aitavad \u00f5nnetusi \u00e4ra hoida. Lisaks tuleb arvestada keskkonnateguritega, kuna h\u00fcdraulikavedeliku leketel v\u00f5ib olla kahjulik m\u00f5ju. Regulaarne hooldus ja \u00fclevaatused aitavad neid riske minimeerida, tagades ohutu ja vastutustundliku t\u00f6\u00f6.<\/p>\n<h2>Levinud probleemide t\u00f5rkeotsing<\/h2>\n<ul>\n<li><strong>Leke:<\/strong> Kui silindrist lekib vedelikku, kontrollige kahjustatud tihendeid ja vajadusel vahetage need v\u00e4lja.<\/li>\n<li><strong>Ebapiisav v\u00f5imsus:<\/strong> Kui silinder ei t\u00f6\u00f6ta t\u00e4isv\u00f5imsusel, kontrollige, kas h\u00fcdraulikavedeliku tase on madal v\u00f5i s\u00fcsteemis on \u00f5hku, ja lahendage need probleemid vastavalt.<\/li>\n<li><strong>M\u00fcrane t\u00f6\u00f6:<\/strong> Ebatavalised helid v\u00f5ivad viidata kulumisele v\u00f5i kahjustusele; kontrollige silindrit vajaliku remondi v\u00f5i asendamise osas.<\/li>\n<\/ul>\n<h2>Ennetavad meetmed<\/h2>\n<p>V\u00f5imalike probleemide minimeerimiseks on oluline regulaarne hooldus ja \u00f5igeaegne remont. H\u00fcdraulika\u00f5li piisava taseme hoidmine ja k\u00f5igi komponentide heas t\u00f6\u00f6korras olemise tagamine aitab probleeme ennetada. Operaatorite n\u00f5uetekohane v\u00e4lja\u00f5pe aitab kaasa ka masinate vastutustundlikule kasutamisele, v\u00e4hendades veelgi \u00f5nnetuste v\u00f5i seadmete rikete v\u00f5imalust.<\/p>\n<p><img decoding=\"async\" src=\"https:\/\/www.hydraulic-cylinders.net\/wp-content\/uploads\/2025\/04\/songte-bushings-with-all-kinds-of-excavator-models.webp\" alt=\"Puksid ekskavaatorimudelitega\"><\/p>\n<h2>Meie ettev\u00f5ttest<\/h2>\n<p>Oleme juhtiv asendush\u00fcdrauliliste silindrite tootja ja hulgim\u00fc\u00fcja, keda tunnustatakse nii kodumaistel kui ka rahvusvahelistel turgudel. Meie p\u00fchendumus tipptasemele p\u00f5hineb meie t\u00e4iustatud tootmisstrateegiatel ja tipptasemel tootmisrajatistel. T\u00e4iustades pidevalt oma tootmisplatvorme oskusliku personali, t\u00e4iustatud digitaalsete tootmisseadmete ja professionaalsete testimiss\u00fcsteemide abil, tagame k\u00f5rgeima tootekvaliteedi. Meie v\u00f5imekus v\u00f5imaldab meil rahuldada klientide mitmekesiseid vajadusi suure t\u00f5hususega, t\u00e4psuse ja kvaliteediga.<\/p>\n<p><img decoding=\"async\" src=\"https:\/\/www.hydraulic-cylinders.net\/wp-content\/uploads\/2025\/04\/songte-company-4.webp\" alt=\"Ettev\u00f5tte \u00fclevaade\"><br \/>\n<img decoding=\"async\" src=\"https:\/\/www.hydraulic-cylinders.net\/wp-content\/uploads\/2025\/04\/songte-company-3.webp\" alt=\"Ettev\u00f5tte rajatis\"><\/p>\n<p>Autor: lyl<\/p>","protected":false},"excerpt":{"rendered":"<p>Boom Cylinder For XCMG Middle Excavator XE200C Product Overview The Boom Cylinder for XCMG Middle Excavator XE200C is a specialized hydraulic cylinder designed for controlling the movement of the excavator&#8217;s boom. This essential component allows for the lifting, lowering, and tilting of the boom, facilitating efficient material handling tasks in various construction and excavation projects. [&hellip;]<\/p>","protected":false},"featured_media":17873,"comment_status":"open","ping_status":"closed","template":"","meta":{"_et_pb_use_builder":"","_et_pb_old_content":"","_et_gb_content_width":""},"product_brand":[],"product_cat":[1546],"product_tag":[1547,1496],"class_list":{"0":"post-19187","1":"product","2":"type-product","3":"status-publish","4":"has-post-thumbnail","6":"product_cat-boom-cylinders","7":"product_tag-boom-cylinders","8":"product_tag-hydraulic-cylinders","10":"first","11":"instock","12":"shipping-taxable","13":"product-type-simple"},"amp_enabled":true,"_links":{"self":[{"href":"https:\/\/www.hydraulic-cylinders.net\/et\/wp-json\/wp\/v2\/product\/19187","targetHints":{"allow":["GET"]}}],"collection":[{"href":"https:\/\/www.hydraulic-cylinders.net\/et\/wp-json\/wp\/v2\/product"}],"about":[{"href":"https:\/\/www.hydraulic-cylinders.net\/et\/wp-json\/wp\/v2\/types\/product"}],"replies":[{"embeddable":true,"href":"https:\/\/www.hydraulic-cylinders.net\/et\/wp-json\/wp\/v2\/comments?post=19187"}],"wp:featuredmedia":[{"embeddable":true,"href":"https:\/\/www.hydraulic-cylinders.net\/et\/wp-json\/wp\/v2\/media\/17873"}],"wp:attachment":[{"href":"https:\/\/www.hydraulic-cylinders.net\/et\/wp-json\/wp\/v2\/media?parent=19187"}],"wp:term":[{"taxonomy":"product_brand","embeddable":true,"href":"https:\/\/www.hydraulic-cylinders.net\/et\/wp-json\/wp\/v2\/product_brand?post=19187"},{"taxonomy":"product_cat","embeddable":true,"href":"https:\/\/www.hydraulic-cylinders.net\/et\/wp-json\/wp\/v2\/product_cat?post=19187"},{"taxonomy":"product_tag","embeddable":true,"href":"https:\/\/www.hydraulic-cylinders.net\/et\/wp-json\/wp\/v2\/product_tag?post=19187"}],"curies":[{"name":"wp","href":"https:\/\/api.w.org\/{rel}","templated":true}]}}