{"id":1919,"date":"2023-10-20T02:18:26","date_gmt":"2023-10-20T02:18:26","guid":{"rendered":"https:\/\/hydraulic-cylinders.net\/?post_type=product&#038;p=1919"},"modified":"2023-10-20T02:30:27","modified_gmt":"2023-10-20T02:30:27","slug":"hp5v-series-axial-piston-variable-displacement-hydraulic-pump","status":"publish","type":"product","link":"https:\/\/www.hydraulic-cylinders.net\/et\/toode\/hp5v-series-axial-piston-variable-displacement-hydraulic-pump\/","title":{"rendered":"HP5V seeria aksiaalkolvi muudetava t\u00f6\u00f6mahuga h\u00fcdrauliline pump"},"content":{"rendered":"<h1 style=\"text-align: center;\"><strong>HP5V seeria aksiaalkolvi muudetava t\u00f6\u00f6mahuga h\u00fcdrauliline pump<\/strong><\/h1>\n<p><img loading=\"lazy\" decoding=\"async\" class=\"aligncenter wp-image-1927\" src=\"https:\/\/hydraulic-cylinders.net\/wp-content\/uploads\/2023\/10\/hp5v-series-axial-piston-variable-displacement-hydraulic-pump-1-300x300.webp\" alt=\"\" width=\"400\" height=\"400\" \/><\/p>\n<p>HP5V seeria aksiaalkolb-muutuva nihkega h\u00fcdrauliline pump on tipptasemel h\u00fcdrauliline komponent, mis pakub v\u00f5rratut efektiivsust ja j\u00f5udlust erinevates t\u00f6\u00f6stuslikes rakendustes. T\u00e4ppistehnoloogia ja t\u00e4ppistehnoloogia abil konstrueeritud pump pakub usaldusv\u00e4\u00e4rset ja t\u00e4pset h\u00fcdraulilist v\u00f5imsust, muutes selle oluliseks valikuks n\u00f5udlike h\u00fcdraulikas\u00fcsteemide jaoks. See p\u00f5hjalik artikkel k\u00e4sitleb HP5V seeria aksiaalkolb-muutuva nihkega h\u00fcdraulilise pumba peamisi omadusi, kasutusviise ja hooldusjuhiseid.<\/p>\n<p>HP5V seeria aksiaalkolb-muutuva nihkega h\u00fcdrauliline pump on suure j\u00f5udlusega ja t\u00f5hus lahendus h\u00fcdraulikas\u00fcsteemidele. T\u00e4nu muudetava nihkega tehnoloogiale, kompaktsele disainile ja vaiksele t\u00f6\u00f6le pakub see pump usaldusv\u00e4\u00e4rset ja t\u00e4pset h\u00fcdraulilist v\u00f5imsust. Soovitatavate kasutusmeetodite ja regulaarsete hooldustavade j\u00e4rgimisel pakub HP5V seeria pump j\u00e4tkuvalt erakordset j\u00f5udlust, aidates kaasa paljude t\u00f6\u00f6stuslike rakenduste edule. Kasutage \u00e4ra hp5v seeria aksiaalkolb-muutuva nihkega h\u00fcdraulilise pumba t\u00f5husust ja j\u00f5udlust ning avage oma h\u00fcdraulikas\u00fcsteemi t\u00e4ielik potentsiaal.<\/p>\n<p>HP5V seeria aksiaalkolvi muudetava t\u00f6\u00f6mahuga h\u00fcdraulilise pumba peamised omadused:<\/p>\n<ul>\n<li>Muutuva nihke tehnoloogia: HP5V seeria pumbal on muudetava nihke tehnoloogia, mis v\u00f5imaldab tal reguleerida v\u00e4ljundmahtu vastavalt s\u00fcsteemi vajadustele. See v\u00f5ime maksimeerib energiat\u00f5husust, v\u00e4hendab soojuse teket ja optimeerib s\u00fcsteemi \u00fcldist j\u00f5udlust.<\/li>\n<li>Suur efektiivsus ja j\u00f5udlus: HP5V seeria pump pakub oma t\u00e4iustatud aksiaalkolbkonstruktsiooniga erakordset efektiivsust ja j\u00f5udlust. See annab t\u00e4pse ja usaldusv\u00e4\u00e4rse h\u00fcdraulilise v\u00f5imsuse, tagades sujuva t\u00f6\u00f6 ja k\u00f5rgsurverakenduste h\u00f5lpsa k\u00e4sitsemise.<\/li>\n<li>Kompaktne ja ruumis\u00e4\u00e4stlik disain: Pumba kompaktne disain optimeerib ruumikasutust h\u00fcdraulikas\u00fcsteemides. Selle v\u00e4ike jalaj\u00e4lg v\u00f5imaldab h\u00f5lpsat integreerimist isegi kitsastesse kohtadesse, s\u00e4ilitades samal ajal suurep\u00e4rase j\u00f5udluse ja funktsionaalsuse.<\/li>\n<li>Vaikne t\u00f6\u00f6: HP5V seeria pump on konstrueeritud m\u00fcrasummutusfunktsioonidega, mis tagavad vaikse t\u00f6\u00f6 erinevates t\u00f6\u00f6stuskeskkondades. See omadus on v\u00e4\u00e4rtuslik rakendustes, mis n\u00f5uavad madalat m\u00fcrataset, soodustades mugavat ja produktiivset t\u00f6\u00f6keskkonda.<\/li>\n<\/ul>\n<h2><strong>HP5V seeria aksiaalkolvi muudetava t\u00f6\u00f6mahuga h\u00fcdraulilise pumba parameeter:<\/strong><\/h2>\n<table class=\"table table-bordered table-hover table-colored\" data-sort=\"sortDisabled\">\n<tbody>\n<tr class=\"firstRow\">\n<td colspan=\"2\" align=\"left\" valign=\"middle\">Suurus<\/td>\n<td align=\"center\" valign=\"middle\">HP5VS28<\/td>\n<td align=\"center\" valign=\"middle\">HP5V28<\/td>\n<td align=\"center\" valign=\"middle\">HP5V45<\/td>\n<td align=\"center\" valign=\"middle\">HP5V60<\/td>\n<td align=\"center\" valign=\"middle\">HP5V76<\/td>\n<td align=\"center\" valign=\"middle\">HP5V85<\/td>\n<td align=\"center\" valign=\"middle\">HP5V105<\/td>\n<\/tr>\n<tr>\n<td colspan=\"2\" align=\"left\" valign=\"middle\">T\u00f6\u00f6maht (cm\u00b3\/p\u00f6\u00f6re)<\/td>\n<td align=\"center\" valign=\"middle\">28<\/td>\n<td align=\"center\" valign=\"middle\">28<\/td>\n<td align=\"center\" valign=\"middle\">45<\/td>\n<td align=\"center\" valign=\"middle\">60<\/td>\n<td align=\"center\" valign=\"middle\">76<\/td>\n<td align=\"center\" valign=\"middle\">85<\/td>\n<td align=\"center\" valign=\"middle\">104.3<\/td>\n<\/tr>\n<tr>\n<td rowspan=\"2\" align=\"left\" valign=\"middle\">R\u00f5hk<\/td>\n<td align=\"center\" valign=\"middle\">Nimir\u00f5hk (bar)<\/td>\n<td align=\"center\" valign=\"middle\">250<\/td>\n<td align=\"center\" valign=\"middle\">320<\/td>\n<td align=\"center\" valign=\"middle\">320<\/td>\n<td align=\"center\" valign=\"middle\">250<\/td>\n<td align=\"center\" valign=\"middle\">320<\/td>\n<td align=\"center\" valign=\"middle\">280<\/td>\n<td align=\"center\" valign=\"middle\">350<\/td>\n<\/tr>\n<tr>\n<td align=\"left\" valign=\"middle\">Tippr\u00f5hk (bar)<\/td>\n<td align=\"center\" valign=\"middle\">315<\/td>\n<td align=\"center\" valign=\"middle\">350<\/td>\n<td align=\"center\" valign=\"middle\">350<\/td>\n<td align=\"center\" valign=\"middle\">280<\/td>\n<td align=\"center\" valign=\"middle\">350<\/td>\n<td align=\"center\" valign=\"middle\">320<\/td>\n<td align=\"center\" valign=\"middle\">400<\/td>\n<\/tr>\n<tr>\n<td rowspan=\"2\" align=\"left\" valign=\"middle\">P\u00f6\u00f6rlemiskiirus p\/min<\/td>\n<td align=\"center\" valign=\"middle\">Max iseimeva\u00a0<sup>*1<\/sup>\u00a0(baar)<\/td>\n<td align=\"center\" valign=\"middle\">3000<\/td>\n<td align=\"center\" valign=\"middle\">3000<\/td>\n<td align=\"center\" valign=\"middle\">2700<\/td>\n<td align=\"center\" valign=\"middle\">2400<\/td>\n<td align=\"center\" valign=\"middle\">2400<\/td>\n<td align=\"center\" valign=\"middle\">2400<\/td>\n<td align=\"center\" valign=\"middle\">2200<\/td>\n<\/tr>\n<tr>\n<td align=\"center\" valign=\"middle\">Maks<sup>*2\u00a0<\/sup>\u00a0(baar)<\/td>\n<td align=\"center\" valign=\"middle\">3600<\/td>\n<td align=\"center\" valign=\"middle\">3600<\/td>\n<td align=\"center\" valign=\"middle\">3250<\/td>\n<td align=\"center\" valign=\"middle\">3000<\/td>\n<td align=\"center\" valign=\"middle\">3000<\/td>\n<td align=\"center\" valign=\"middle\">3000<\/td>\n<td align=\"center\" valign=\"middle\">2600<\/td>\n<\/tr>\n<tr>\n<td colspan=\"2\" align=\"left\" valign=\"middle\">Kaal (kg)<\/td>\n<td align=\"center\" valign=\"middle\">17.2<\/td>\n<td align=\"center\" valign=\"middle\">20<\/td>\n<td align=\"center\" valign=\"middle\">24<\/td>\n<td align=\"center\" valign=\"middle\">24<\/td>\n<td align=\"center\" valign=\"middle\">28<\/td>\n<td align=\"center\" valign=\"middle\">28<\/td>\n<td align=\"center\" valign=\"middle\">45<\/td>\n<\/tr>\n<tr>\n<td colspan=\"2\" align=\"left\" valign=\"middle\">Pumba korpuse t\u00e4itmiseks vajaliku \u00f5li kogus (L)<\/td>\n<td align=\"center\" valign=\"middle\">0.55<\/td>\n<td align=\"center\" valign=\"middle\">0.6<\/td>\n<td align=\"center\" valign=\"middle\">0.6<\/td>\n<td align=\"center\" valign=\"middle\">0.6<\/td>\n<td align=\"center\" valign=\"middle\">0.8<\/td>\n<td align=\"center\" valign=\"middle\">0.8<\/td>\n<td align=\"center\" valign=\"middle\">1<\/td>\n<\/tr>\n<tr>\n<td colspan=\"2\" align=\"left\" valign=\"middle\">Temperatuurivahemik (\u2103)<\/td>\n<td colspan=\"7\" align=\"center\" valign=\"middle\">-20~95<\/td>\n<\/tr>\n<tr>\n<td colspan=\"2\" rowspan=\"1\" align=\"left\" valign=\"middle\">Temperatuurivahemik (mm<sup>2<\/sup>\/s)<\/td>\n<td colspan=\"7\" align=\"center\" valign=\"middle\">10-1000<sup>*3<\/sup>(Parim viis viskoossusvahemiku kasutamiseks on 16\u201336 mm<sup>2<\/sup>\/s)<\/td>\n<\/tr>\n<\/tbody>\n<\/table>\n<h2><strong>HP5V seeria aksiaalkolvi muudetava t\u00f6\u00f6mahuga h\u00fcdraulilise pumba eelised:<\/strong><\/h2>\n<p>\u2022 Muutuvpump kaldplaadiga avatud ahela jaoks.<br \/>\n\u2022 V\u00f5rreldes turul olevate toodetega on kasutatud tugevdatud veov\u00f5lli ja \u00fclitugevat silindrimaterjali, mis tagab pideva r\u00f5hu \u00fcle 320 baari.<br \/>\n\u2022 Kandev\u00f5ime ja pika kasutusea suurendamiseks on kasutusele v\u00f5etud vastupidavad laagrid, n\u00e4iteks silindrilised rullid.<br \/>\n\u2022 K\u00f5rge v\u00f5imsuse ja kaalu suhe.<br \/>\n\u2022 Saadaval Ameerika (SAE) ja Jaapani (JIS) kinnitus\u00e4\u00e4rikute ja -v\u00f5llidega.<br \/>\n\u2022 Suurep\u00e4rane t\u00f6\u00f6kindlus ja pikk eluiga.<br \/>\n\u2022 Erinevad juhtimisv\u00f5imalused.<br \/>\n\u2022 Valikuline l\u00e4biajam.<br \/>\n\u2022 Kiire reageerimine juhtimisele.<br \/>\n\u2022 Madal r\u00f5hupulsatsioon ja madal m\u00fcratase.<br \/>\n\u2022 V\u00e4lja t\u00f6\u00f6tatud masinaehituse, liikurs\u00f5idukite, t\u00f6\u00f6stus-, muude t\u00f6\u00f6stuslike rakenduste ja p\u00f5llumajandusmasinate jaoks.<\/p>\n<h2><strong>HP5V seeria aksiaalkolvi muudetava t\u00f6\u00f6mahuga h\u00fcdrauliline pump <\/strong><strong>Rakendus:<\/strong><\/h2>\n<p><img loading=\"lazy\" decoding=\"async\" class=\"alignnone wp-image-1930 size-full\" src=\"https:\/\/hydraulic-cylinders.net\/wp-content\/uploads\/2023\/10\/hp5v-series-axial-piston-variable-displacement-hydraulic-pump-2.webp\" alt=\"\" width=\"1147\" height=\"586\" srcset=\"https:\/\/hydraulic-cylinders.net\/wp-content\/uploads\/2023\/10\/hp5v-series-axial-piston-variable-displacement-hydraulic-pump-2.webp 1147w, https:\/\/hydraulic-cylinders.net\/wp-content\/uploads\/2023\/10\/hp5v-series-axial-piston-variable-displacement-hydraulic-pump-2-980x501.webp 980w, https:\/\/hydraulic-cylinders.net\/wp-content\/uploads\/2023\/10\/hp5v-series-axial-piston-variable-displacement-hydraulic-pump-2-480x245.webp 480w\" sizes=\"(min-width: 0px) and (max-width: 480px) 480px, (min-width: 481px) and (max-width: 980px) 980px, (min-width: 981px) 1147px, 100vw\" \/><\/p>\n<h2><strong>Kasutusmeetod <\/strong><strong>HP5V seeria aksiaalkolvi muudetava t\u00f6\u00f6mahuga h\u00fcdrauliline pump<\/strong><strong>:<\/strong><\/h2>\n<ul>\n<li><strong>Pumba paigaldamine:<\/strong>\u00a0 Paigaldage HP5V seeria aksiaalkolb-muutuva t\u00f6\u00f6mahuga h\u00fcdrauliline pump h\u00fcdraulikas\u00fcsteemis etten\u00e4htud kohta. N\u00f5uetekohase joondamise ja s\u00fcsteemi konstruktsiooni k\u00fclge kindla kinnitamise kohta sobivate kinnitusklambrite v\u00f5i lisatarvikute abil lugege tootja juhiseid ja spetsifikatsioone.<\/li>\n<li><strong>H\u00fcdraulikas\u00fcsteemi integreerimine:<\/strong> \u00dchendage pump h\u00fcdros\u00fcsteemiga, kasutades \u00fchilduvaid voolikuid, liitmikke ja ventiile. Veenduge, et k\u00f5ik \u00fchendused on kindlad, lekkevabad ja \u00f5igesti pingutatud, et tagada optimaalne h\u00fcdrauliline j\u00f5udlus.<\/li>\n<li><strong>Vedeliku \u00fchilduvus:<\/strong> Veenduge, et s\u00fcsteemis kasutatav h\u00fcdraulikavedelik \u00fchildub HP5V seeria pumbaga. Sobiva vedeliku t\u00fc\u00fcbi, viskoossuse ja temperatuurivahemiku kohta vaadake tootja soovitusi. Pumba n\u00f5uetekohase t\u00f6\u00f6 ja pikaealisuse tagamiseks j\u00e4lgige ja hooldage h\u00fcdraulikavedelikku regulaarselt.<\/li>\n<li><strong>T\u00f6\u00f6parameetrid:<\/strong> Tutvuge pumba juhtimisv\u00f5imalustega ja reguleerige t\u00f6\u00f6parameetreid vastavalt h\u00fcdraulikas\u00fcsteemi erin\u00f5uetele. J\u00e4lgige ja reguleerige pumba t\u00f6\u00f6mahu seadeid, et optimeerida j\u00f5udlust ja energiat\u00f5husust.<\/li>\n<\/ul>\n<h2><strong>Kuidas vahetada h\u00fcdrosilindri tihendit?<\/strong><\/h2>\n<p>H\u00fcdrosilindri tihendi vahetamine n\u00f5uab hoolikat t\u00e4helepanu detailidele ja \u00f5igete protseduuride j\u00e4rgimist. Siin on samm-sammult juhend, mis aitab teil protsessi l\u00e4bida:<\/p>\n<ol>\n<li><strong>Ettevalmistus ja ohutus:<\/strong>\n<ul>\n<li>Veenduge, et h\u00fcdrosilinder on r\u00f5huvaba ja s\u00fcsteemist lahti \u00fchendatud.<\/li>\n<li>Puhastage silindri v\u00e4lispind, et v\u00e4ltida mustuse v\u00f5i prahi sattumist protsessi k\u00e4igus.<\/li>\n<li>Asetage silinder stabiilsele t\u00f6\u00f6pinnale ja kinnitage see klambrite v\u00f5i kruustangide abil.<\/li>\n<\/ul>\n<\/li>\n<li><strong>Tuvastage pitser:<\/strong>\n<ul>\n<li>M\u00e4\u00e4rake v\u00e4lja vahetamist vajava tihendi t\u00fc\u00fcp (nt varda tihend, kolvi tihend, klaasipuhasti tihend).<\/li>\n<li>\u00d5igete tihendispetsifikatsioonide saamiseks vaadake ballooni tehnilist dokumentatsiooni v\u00f5i v\u00f5tke \u00fchendust tootjaga.<\/li>\n<\/ul>\n<\/li>\n<li><strong>Lahtiv\u00f5tmine:<\/strong>\n<ul>\n<li>Eemaldage k\u00f5ik kinnitusdetailid, n\u00e4iteks poldid, kinnitusr\u00f5ngad v\u00f5i kinnitusr\u00f5ngad, mis kinnitavad silindripea v\u00f5i korgi.<\/li>\n<li>Eemaldage ettevaatlikult silindripea v\u00f5i kork, paljastades kolvi, varda ja vana tihendi.<\/li>\n<\/ul>\n<\/li>\n<li><strong>Eemaldage vana tihend:<\/strong>\n<ul>\n<li>Vana tihendi \u00f5rnalt v\u00e4ljakangitsemiseks kasutage sobivat t\u00f6\u00f6riista, n\u00e4iteks tihendipuhurit, konksu v\u00f5i v\u00e4ikest kruvikeerajat.<\/li>\n<li>Selle protsessi k\u00e4igus olge ettevaatlik, et silindri pindu ei kahjustataks.<\/li>\n<li>Kontrollige silindri ava ja varda kahjustuste v\u00f5i kulumise m\u00e4rkide suhtes. Kui esineb olulisi kahjustusi, kaaluge professionaalset \u00fclevaatust v\u00f5i kogu silindri v\u00e4ljavahetamist.<\/li>\n<\/ul>\n<\/li>\n<li><strong>Puhastage ja m\u00e4\u00e4rige:<\/strong>\n<ul>\n<li>Puhastage silindri ava, varras ja \u00fcmbritsevad komponendid p\u00f5hjalikult ebemevaba lapiga v\u00f5i sobiva lahustiga.<\/li>\n<li>Paigaldamise h\u00f5lbustamiseks ja korraliku tihenduse tagamiseks kandke uuele tihendile \u00f5huke kiht h\u00fcdraulika\u00f5li v\u00f5i tihendi m\u00e4\u00e4rdeainet.<\/li>\n<\/ul>\n<\/li>\n<li><strong>Uue tihendi paigaldamine:<\/strong>\n<ul>\n<li>Asetage uus tihend ettevaatlikult soonde, veendudes, et see on \u00f5iges suunas.<\/li>\n<li>Kasutage tihendi paigaldust\u00f6\u00f6riista v\u00f5i pehmet haamrit, et suruda tihend \u00f5rnalt oma kohale, avaldades \u00fchtlast survet kogu \u00fcmberm\u00f5\u00f5dule.<\/li>\n<li>Veenduge, et tihend on korralikult paigas ja t\u00e4ielikult soonesse sisestatud.<\/li>\n<\/ul>\n<\/li>\n<li><strong>Kokkupanek:<\/strong>\n<ul>\n<li>Paigaldage tagasi k\u00f5ik lahtiv\u00f5tmise k\u00e4igus eemaldatud \u00fclej\u00e4\u00e4nud komponendid, n\u00e4iteks poldid, lukustusr\u00f5ngad v\u00f5i kinnitusr\u00f5ngad.<\/li>\n<li>N\u00f5uetekohase tihenduse ja joonduse tagamiseks j\u00e4rgige tootja p\u00f6\u00f6rdemomendi v\u00e4\u00e4rtusi ja pingutusj\u00e4rjestuse spetsifikatsioone.<\/li>\n<\/ul>\n<\/li>\n<li><strong>Testimine ja kontroll:<\/strong>\n<ul>\n<li>\u00dchendage h\u00fcdrosilinder uuesti s\u00fcsteemiga ja veenduge, et k\u00f5ik \u00fchendused on kindlad.<\/li>\n<li>Taastage s\u00fcsteemi r\u00f5hk j\u00e4rk-j\u00e4rgult ja kontrollige lekete v\u00f5i ebanormaalse k\u00e4itumise suhtes.<\/li>\n<li>Laske h\u00fcdrosilindril l\u00e4bi kogu selle liikumisulatuse, et kontrollida tihendi n\u00f5uetekohast toimimist.<\/li>\n<\/ul>\n<\/li>\n<\/ol>\n<h2><strong>Tehase v\u00f5imekus ja suutlikkus:<\/strong><\/h2>\n<h3>(1) Kokkupanek<\/h3>\n<p>Meil on esmaklassiline s\u00f5ltumatu teadus- ja arendustegevuse montaa\u017eiplatvorm. H\u00fcdrosilindrite tootmist\u00f6\u00f6kojas on neli poolautomaatset t\u00f5stesilindrite koosteliini ja \u00fcks automaatne kallutussilindrite koosteliin, mille kavandatud aastane tootmisv\u00f5imsus on 1 miljon t\u00fckki. Spetsiaalsete silindrite t\u00f6\u00f6koda on varustatud erinevate spetsifikatsioonidega poolautomaatse puhastusmontaa\u017eis\u00fcsteemiga, mille kavandatud aastane tootmisv\u00f5imsus on 200 000 ja mis on varustatud kuulsate CNC-t\u00f6\u00f6tlemisseadmete, mehaanilise t\u00f6\u00f6tlemise keskuse, suure t\u00e4psusega silindrite t\u00f6\u00f6tlemise eriseadmete, robotkeevitusmasina, automaatse puhastusmasina, automaatse silindri kokkupanemise masina ja automaatse v\u00e4rvimise tootmisliiniga. Olemasolevad kriitilised seadmed rohkem kui 300 komplekti (komplekti). Seadmete ressursside optimaalne jaotamine ja t\u00f5hus kasutamine tagavad toodete t\u00e4psusn\u00f5uded ja vastavad toodete kvaliteedin\u00f5uetele.<\/p>\n<p><img loading=\"lazy\" decoding=\"async\" class=\"alignnone wp-image-626\" src=\"https:\/\/hydraulic-cylinders.net\/wp-content\/uploads\/2023\/08\/hydraulic-cylinder-product-1-300x158.webp\" alt=\"\" width=\"495\" height=\"260\" srcset=\"https:\/\/hydraulic-cylinders.net\/wp-content\/uploads\/2023\/08\/hydraulic-cylinder-product-1-300x158.webp 495w, https:\/\/hydraulic-cylinders.net\/wp-content\/uploads\/2023\/08\/hydraulic-cylinder-product-1-480x252.webp 480w\" sizes=\"(min-width: 0px) and (max-width: 480px) 480px, (min-width: 481px) 495px, 100vw\" \/> <img loading=\"lazy\" decoding=\"async\" class=\"alignnone wp-image-627\" src=\"https:\/\/hydraulic-cylinders.net\/wp-content\/uploads\/2023\/08\/hydraulic-cylinder-product-2-300x189.webp\" alt=\"\" width=\"413\" height=\"260\" \/><\/p>\n<h3>(2) T\u00f6\u00f6tlemine<\/h3>\n<p>T\u00f6\u00f6deldav t\u00f6\u00f6koda on varustatud kohandatud kallutatud r\u00f6\u00f6pse treipingi keskuse, mehaanilise keskuse, kiire lihvimismasina, keevitusroboti ja muude seotud seadmetega, mis suudavad t\u00f6\u00f6delda silindritorusid, mille maksimaalne sisel\u00e4bim\u00f5\u00f5t on 400 mm ja maksimaalne pikkus on 6 meetrit.<\/p>\n<p><img loading=\"lazy\" decoding=\"async\" class=\"alignnone wp-image-628 size-large\" src=\"https:\/\/hydraulic-cylinders.net\/wp-content\/uploads\/2023\/08\/hydraulic-cylinder-product-3-1024x391.webp\" alt=\"\" width=\"1024\" height=\"391\" srcset=\"https:\/\/hydraulic-cylinders.net\/wp-content\/uploads\/2023\/08\/hydraulic-cylinder-product-3-980x374.webp 980w, https:\/\/hydraulic-cylinders.net\/wp-content\/uploads\/2023\/08\/hydraulic-cylinder-product-3-480x183.webp 480w\" sizes=\"(min-width: 0px) and (max-width: 480px) 480px, (min-width: 481px) and (max-width: 980px) 980px, (min-width: 981px) 1024px, 100vw\" \/><\/p>\n<h3>(3) Keevitamine<\/h3>\n<p><img loading=\"lazy\" decoding=\"async\" class=\"alignnone wp-image-629 size-large\" src=\"https:\/\/hydraulic-cylinders.net\/wp-content\/uploads\/2023\/08\/hydraulic-cylinder-product-4-1024x510.webp\" alt=\"\" width=\"1024\" height=\"510\" srcset=\"https:\/\/hydraulic-cylinders.net\/wp-content\/uploads\/2023\/08\/hydraulic-cylinder-product-4-980x488.webp 980w, https:\/\/hydraulic-cylinders.net\/wp-content\/uploads\/2023\/08\/hydraulic-cylinder-product-4-480x239.webp 480w\" sizes=\"(min-width: 0px) and (max-width: 480px) 480px, (min-width: 481px) and (max-width: 980px) 980px, (min-width: 981px) 1024px, 100vw\" \/><\/p>\n<h3>(4) V\u00e4rvimine ja katmine<\/h3>\n<p>V\u00e4ikese ja keskmise suurusega silindri automaatse veep\u00f5hise v\u00e4rvipinnakattega liinide abil, et saavutada automaatne robotlaadimine ja mahalaadimine ning automaatne pihustamine, projekteerimisv\u00f5imsus 4000 t\u00fckki vahetuse kohta;<br \/>\nMeil on ka poolautomaatne suurte balloonide v\u00e4rvimise tootmisliin, mis t\u00f6\u00f6tab j\u00f5ukettaga ja mille projekteerimisv\u00f5imsus on 60 kasti \u00fche vahetuse kohta.<\/p>\n<p><img loading=\"lazy\" decoding=\"async\" class=\"alignnone wp-image-630\" src=\"https:\/\/hydraulic-cylinders.net\/wp-content\/uploads\/2023\/08\/hydraulic-cylinder-product-5-300x213.webp\" alt=\"\" width=\"366\" height=\"260\" \/> <img loading=\"lazy\" decoding=\"async\" class=\"alignnone wp-image-631\" src=\"https:\/\/hydraulic-cylinders.net\/wp-content\/uploads\/2023\/08\/hydraulic-cylinder-product-6-300x225.webp\" alt=\"\" width=\"347\" height=\"260\" \/><\/p>\n<h3>(5) Testimine<\/h3>\n<p>Meil on esmaklassilised kontrolliseadmed ja katsestendid, et tagada silindri j\u00f5udlus vastavus n\u00f5uetele.<\/p>\n<p><img loading=\"lazy\" decoding=\"async\" class=\"alignnone wp-image-632\" src=\"https:\/\/hydraulic-cylinders.net\/wp-content\/uploads\/2023\/08\/hydraulic-cylinder-product-8-300x200.webp\" alt=\"\" width=\"389\" height=\"260\" \/><\/p>\n<p>&nbsp;<\/p>\n<p>&nbsp;<\/p>\n<p>Oleme \u00fcks parimaid h\u00fcdrosilindrite tootjaid. Pakume laia valikut h\u00fcdrosilindreid. Pakume ka vastavaid... <a href=\"https:\/\/hzpt.com\/agricultural-pto-gearbox\/\" target=\"_blank\" rel=\"noopener\">p\u00f5llumajanduslikud k\u00e4igukastid<\/a>. Oleme eksportinud oma tooteid klientidele \u00fcle maailma ja teeninud hea maine t\u00e4nu meie suurep\u00e4rasele tootekvaliteedile ja m\u00fc\u00fcgij\u00e4rgsele teenindusele. Me tervitame kliente kodus ja v\u00e4lismaal, et v\u00f5tta meiega \u00fchendust, et pidada l\u00e4bir\u00e4\u00e4kimisi \u00e4ri, vahetada teavet ja <a href=\"https:\/\/www.hydraulic-cylinders.net\/et\/contact-us\/\">teha meiega koost\u00f6\u00f6d<\/a>!<\/p>\n<p>&nbsp;<\/p>","protected":false},"excerpt":{"rendered":"<p>HP5V Series Axial Piston Variable Displacement Hydraulic Pump The HP5V series axial piston variable displacement hydraulic pump is a cutting-edge hydraulic component that offers unmatched efficiency and performance in various industrial applications. Designed with precision engineering and advanced technology, this pump delivers reliable and precise hydraulic power, making it an essential choice for demanding hydraulic [&hellip;]<\/p>","protected":false},"featured_media":1928,"comment_status":"open","ping_status":"closed","template":"","meta":{"_et_pb_use_builder":"","_et_pb_old_content":"","_et_gb_content_width":""},"product_brand":[],"product_cat":[1425],"product_tag":[1380],"class_list":{"0":"post-1919","1":"product","2":"type-product","3":"status-publish","4":"has-post-thumbnail","6":"product_cat-piston-pump","7":"product_tag-hydraulic-cylinder","9":"first","10":"instock","11":"shipping-taxable","12":"product-type-simple"},"amp_enabled":true,"_links":{"self":[{"href":"https:\/\/www.hydraulic-cylinders.net\/et\/wp-json\/wp\/v2\/product\/1919","targetHints":{"allow":["GET"]}}],"collection":[{"href":"https:\/\/www.hydraulic-cylinders.net\/et\/wp-json\/wp\/v2\/product"}],"about":[{"href":"https:\/\/www.hydraulic-cylinders.net\/et\/wp-json\/wp\/v2\/types\/product"}],"replies":[{"embeddable":true,"href":"https:\/\/www.hydraulic-cylinders.net\/et\/wp-json\/wp\/v2\/comments?post=1919"}],"wp:featuredmedia":[{"embeddable":true,"href":"https:\/\/www.hydraulic-cylinders.net\/et\/wp-json\/wp\/v2\/media\/1928"}],"wp:attachment":[{"href":"https:\/\/www.hydraulic-cylinders.net\/et\/wp-json\/wp\/v2\/media?parent=1919"}],"wp:term":[{"taxonomy":"product_brand","embeddable":true,"href":"https:\/\/www.hydraulic-cylinders.net\/et\/wp-json\/wp\/v2\/product_brand?post=1919"},{"taxonomy":"product_cat","embeddable":true,"href":"https:\/\/www.hydraulic-cylinders.net\/et\/wp-json\/wp\/v2\/product_cat?post=1919"},{"taxonomy":"product_tag","embeddable":true,"href":"https:\/\/www.hydraulic-cylinders.net\/et\/wp-json\/wp\/v2\/product_tag?post=1919"}],"curies":[{"name":"wp","href":"https:\/\/api.w.org\/{rel}","templated":true}]}}