{"id":19190,"date":"2025-04-07T06:17:18","date_gmt":"2025-04-07T06:17:18","guid":{"rendered":"https:\/\/www.hydraulic-cylinders.net\/product\/boom-cylinder-for-xcmg-middle-excavator-xe240\/"},"modified":"2025-04-07T06:17:20","modified_gmt":"2025-04-07T06:17:20","slug":"boom-cylinder-for-xcmg-middle-excavator-xe240","status":"publish","type":"product","link":"https:\/\/www.hydraulic-cylinders.net\/et\/toode\/boom-cylinder-for-xcmg-middle-excavator-xe240\/","title":{"rendered":"XCMG keskmise ekskavaatori XE240 poomi silinder"},"content":{"rendered":"<h1>XCMG keskmise ekskavaatori XE240 poomi silinder<\/h1>\n<h2>Toote \u00fclevaade<\/h2>\n<p>XCMG keskmise ekskavaatori XE240 poomi silinder on oluline h\u00fcdrauliline komponent, mis on loodud ekskavaatori poomi liikumise ja t\u00f6\u00f6 h\u00f5lbustamiseks. See on h\u00fcdraulilise silindri t\u00fc\u00fcp, mis on spetsiaalselt loodud ekskavaatori kopa \u00fcles-, alla- ja kallutusliigutuste juhtimiseks. See v\u00f5imaldab t\u00f5husat materjalik\u00e4itlust, muutes selle ehitus- ja kaevet\u00f6\u00f6del kasutatavate raskete masinate asendamatuks osaks.<\/p>\n<p><img decoding=\"async\" src=\"https:\/\/www.hydraulic-cylinders.net\/wp-content\/uploads\/2025\/04\/songte-company-1.webp\" alt=\"Ekskavaatorite poomi silinder\"><\/p>\n<h3>Definitsioon ja funktsionaalsus<\/h3>\n<p>Kopasilindrid on h\u00fcdraulilised ajamid, millel on oluline roll mitmesuguste rasketehnika, n\u00e4iteks ekskavaatorite, laadur-ekskavaatori ja esilaaduri t\u00f6\u00f6s. Need silindrid v\u00f5imaldavad kopa t\u00f5sta, langetada ja kallutada, aidates seel\u00e4bi kaasa sellistele \u00fclesannetele nagu kaevamine, laadimine ja materjalide transportimine. H\u00fcdraulikas\u00fcsteem t\u00f6\u00f6tab h\u00fcdraulilise r\u00f5hu muutmise teel mehaaniliseks j\u00f5uks, v\u00f5imaldades ekskavaatoril oma funktsioone t\u00f5husalt t\u00e4ita. See spetsiaalne silinder on loodud taluma k\u00f5rget r\u00f5hku ja raskeid koormusi, mist\u00f5ttu sobib see ideaalselt kasutamiseks karmides t\u00f6\u00f6keskkondades. Selle t\u00f6\u00f6 efektiivsus suurendab oluliselt tootlikkust ehitus- ja kaevandusprojektides.<\/p>\n<h2>Poomi silindri omadused<\/h2>\n<ul>\n<li><strong>Suur tugevus ja vastupidavus:<\/strong> K\u00f5rgtugevast terasest v\u00f5i alumiiniumist valmistatud poomi silinder on v\u00f5imeline vastu pidama k\u00f5rgele r\u00f5hule ja rasketele koormustele, olles samal ajal kulumis- ja korrosioonikindel, pikendades seel\u00e4bi oma eluiga.<\/li>\n<li><strong>T\u00f5hus h\u00fcdrauliline t\u00f6\u00f6:<\/strong> Silinder kasutab sujuva pikenemise ja tagasit\u00f5mbamise saavutamiseks h\u00fcdraulika\u00f5li r\u00f5hku, reageerides kiiresti operaatori k\u00e4sklustele ning pakkudes v\u00f5imsaid t\u00f5uke- ja t\u00f5mbej\u00f5ude, mis sobivad raskete esemete ja keerukate \u00fclesannete k\u00e4sitsemiseks.<\/li>\n<li><strong>Erinevad t\u00fc\u00fcbid:<\/strong> Saadaval kas \u00fchetoimeliste (h\u00fcdrauliline toime \u00fches suunas) v\u00f5i kahetoimeliste (h\u00fcdrauliline toime m\u00f5lemas suunas) silindritena, m\u00f5ned mudelid on teleskoopilised, et v\u00f5imaldada suuremat pikendamist ilma v\u00e4lism\u00f5\u00f5tmeid suurendamata, mis sobib ruumipiirangutega rakenduste jaoks.<\/li>\n<li><strong>Kohandatud tootmine:<\/strong> Meie tootmisv\u00f5imsused v\u00f5imaldavad meil toota neid silindreid, mis sobivad ideaalselt mitmesuguste h\u00fcdrauliliste silindrite asendamiseks erinevates rakendustes.<\/li>\n<li><strong>J\u00f5udlus \u00e4\u00e4rmuslikes tingimustes:<\/strong> Loodud toimima t\u00f5husalt nii leebetes kui ka rasketes t\u00f6\u00f6keskkondades, tagades usaldusv\u00e4\u00e4rse j\u00f5udluse ja pikaealisuse.<\/li>\n<\/ul>\n<p><img decoding=\"async\" src=\"https:\/\/www.hydraulic-cylinders.net\/wp-content\/uploads\/2025\/04\/songte-cylinder-head-with-all-kinds-excavator-models.webp\" alt=\"Ekskavaatori mudelid\"><\/p>\n<h2>Poomi silindri rakendused<\/h2>\n<h3>Ehitustehnika<\/h3>\n<p>Ekskavaatorites on noole silinder \u00fclioluline kaevamisel, laadimisel ja mulla v\u00f5i prahi teisaldamisel. See v\u00f5imaldab t\u00e4pselt juhtida noole p\u00f6\u00f6rlemist ja positsioneerimist, mis on t\u00f5husa t\u00f6\u00f6 jaoks h\u00e4davajalik. Ekskavaatoritel kasutamisel aitab kopa silinder kaasa nii kaevamis- kui ka t\u00f5stet\u00f6\u00f6dele, suurendades mitmek\u00fclgsust ehitusplatsidel.<\/p>\n<h3>P\u00f5llumajandustehnika<\/h3>\n<p>Esilaadurites kasutatav noole silinder v\u00f5imaldab mulda, heina ja muid materjale t\u00f5sta, kopaga \u00fcles korjata ja transportida. Selle h\u00fcdrauliline t\u00f6\u00f6 annab vajaliku j\u00f5u raskete koormate t\u00f5husaks k\u00e4sitsemiseks, mis on \u00fclioluline p\u00f5llumajandust\u00f6\u00f6de jaoks, n\u00e4iteks s\u00f6\u00f6da laadimiseks v\u00f5i mulla teisaldamiseks istutamiseks.<\/p>\n<h3>Ekskavaatorid<\/h3>\n<p>Kopa silinder v\u00f5imaldab ekskavaatoril t\u00f5husalt pinnasesse tungida, muutes selle kaevamisprotsesside oluliseks komponendiks. Kopa s\u00fcgavuse ja nurga juhtimise abil saavad operaatorid oma kaevamisstrateegiaid optimeerida, tagades masinate t\u00f5husa kasutamise erinevates projektides.<\/p>\n<h3>Laadurid<\/h3>\n<p>Frontaallaadurite puhul on noole silinder oluline koormate t\u00f5husaks t\u00f5stmiseks ja t\u00fchjendamiseks. See v\u00f5imaldab operaatoritel kiiresti hallata suuri materjalimahtusid, parandades seel\u00e4bi tootlikkust ja t\u00f5husust ehitusplatsil.<\/p>\n<h2>Projekteerimiskaalutlused ja valikukriteeriumid<\/h2>\n<h3>Kandev\u00f5ime<\/h3>\n<p>Poomi silindrite projekteerimisel on kandev\u00f5ime esmat\u00e4htis kaalutlus. Silinder peab olema konstrueeritud taluma maksimaalseid koormusi, millega see t\u00f6\u00f6tamise ajal kokku puutub, tagades selle t\u00f6\u00f6kindluse pinge all. Suur kandev\u00f5ime mitte ainult ei taga t\u00f6\u00f6 efektiivsust, vaid parandab ka ohutusstandardeid, ennetades rikkeid, mis v\u00f5ivad p\u00f5hjustada \u00f5nnetusi. Insenerid peavad hindama masinate spetsiifilisi n\u00f5udmisi ja valima materjalid ja konstruktsioonid, mis taluvad neid j\u00f5ude ilma j\u00f5udlust kahjustamata.<\/p>\n<h3>Tihendusv\u00f5ime<\/h3>\n<p>T\u00f5hus tihendus on h\u00fcdrauliliste silindrite puhul kriitilise t\u00e4htsusega lekete v\u00e4ltimiseks ja r\u00f5hu s\u00e4ilitamiseks. Tihendusmaterjalide, n\u00e4iteks pol\u00fcuretaani ja nitriilkummi valikul on oluline roll. Tihendid peavad olema konstrueeritud taluma k\u00f5rget r\u00f5hku ja tagama pikaealisuse erinevates t\u00f6\u00f6tingimustes. Regulaarsed hoolduskontrollid on vajalikud, et tagada tihendite korrektne toimimine, kuna kulunud tihendid v\u00f5ivad v\u00e4hendada efektiivsust ja p\u00f5hjustada mehaanilisi rikkeid.<\/p>\n<h3>Vastupidavus<\/h3>\n<p>Poomisilindrite vastupidavus on pikaajalise j\u00f5udluse tagamiseks h\u00e4davajalik. Need peavad olema valmistatud kvaliteetsetest materjalidest, mis on kulumis- ja korrosioonikindlad, eriti karmides keskkondades. Konstruktsioon peaks sisaldama selliseid omadusi nagu tugevdatud servad ja katted, mis kaitsevad keskkonnategurite eest. Vastupidav silinder v\u00e4hendab vahetuste ja remondit\u00f6\u00f6de sagedust, v\u00e4hendades seel\u00e4bi aja jooksul tegevuskulusid.<\/p>\n<h3>Turvaelemendid<\/h3>\n<p>Ohutus on igas h\u00fcdraulikas\u00fcsteemis esmat\u00e4htis. Poomi silindritel peavad olema funktsioonid, mis takistavad tahtmatut liikumist, n\u00e4iteks lukustusmehhanismid ja r\u00f5huvabastusventiilid, et maandada riske t\u00f6\u00f6tamise ajal. Projekteerimisel tuleks arvestada ka h\u00fcdraulika rikete v\u00f5imalusega, tagades, et s\u00fcsteem suudab h\u00e4daolukordadega toime tulla ilma operaatoritele v\u00f5i k\u00f5rvalseisjatele kahju tekitamata.<\/p>\n<h3>Hoolduse ligip\u00e4\u00e4setavus<\/h3>\n<p>Poomisilindrite projekteerimine hooldust silmas pidades on pikaealisuse ja j\u00f5udluse tagamiseks \u00fclioluline. Komponendid peaksid olema rutiinsete kontrollide ja remondit\u00f6\u00f6de jaoks h\u00f5lpsasti ligip\u00e4\u00e4setavad, mis aitab tuvastada v\u00f5imalikke probleeme enne nende s\u00fcvenemist. Lihtsustatud hooldustavad mitte ainult ei paranda silindri t\u00f6\u00f6 efektiivsust, vaid suurendavad ka t\u00f6\u00f6tajate ohutust, minimeerides remondile kuluvat aega.<\/p>\n<p><img decoding=\"async\" src=\"https:\/\/www.hydraulic-cylinders.net\/wp-content\/uploads\/2025\/04\/songte-oil-pipes-and-spare-parts.webp\" alt=\"\u00d5litorud ja varuosad\"><\/p>\n<h2>Tihendus ja m\u00e4\u00e4rimine<\/h2>\n<p>H\u00fcdrauliliste silindrite optimaalse j\u00f5udluse tagamiseks on oluline t\u00f5hus tihendamine ja m\u00e4\u00e4rimine. H\u00fcdraulilise vedeliku lekke v\u00e4ltimiseks ja s\u00fcsteemi r\u00f5hu s\u00e4ilitamiseks kasutatakse mitmesuguseid tihenduskomponente, sealhulgas kolvitihendeid ja varrastihendeid. Tihendid peavad olema valmistatud vastupidavatest materjalidest, nagu pol\u00fcuretaan ja nitriilkummi, mis pakuvad suurep\u00e4rast kulumiskindlust. Silindri korpuse ja keermestatud otste pinnad tuleks peenelt t\u00f6\u00f6delda, et suurendada vastupidavust ja v\u00e4hendada h\u00f5\u00f5rdumist.<\/p>\n<p>Regulaarne h\u00fcdraulika\u00f5liga m\u00e4\u00e4rimine on h\u00e4davajalik sujuva t\u00f6\u00f6 tagamiseks ja kulumise v\u00e4ltimiseks. Operaatorid peaksid olema koolitatud \u00e4ra tundma ebapiisava m\u00e4\u00e4rimise m\u00e4rke, n\u00e4iteks suurenenud m\u00fcra v\u00f5i aeglane liikumine, ning nad peaksid j\u00e4rgima ranget \u00f5likontrolli ja \u00f5li t\u00e4iendamise ajakava. N\u00f5uetekohane m\u00e4\u00e4rimine mitte ainult ei pikenda silindri eluiga, vaid parandab ka s\u00fcsteemi \u00fcldist j\u00f5udlust.<\/p>\n<h2>Ennetavad hooldusmeetmed<\/h2>\n<ul>\n<li><strong>Regulaarsed kontrollid:<\/strong> Tehke kontrolle, et tuvastada lekkeid, korrosiooni ja muid kulumism\u00e4rke. Probleemide varajane avastamine aitab \u00e4ra hoida suuremaid rikkeid ja kulukaid remondit\u00f6id.<\/li>\n<li><strong>Sobiv m\u00e4\u00e4rimine:<\/strong> Veenduge, et h\u00fcdraulika\u00f5li taset kontrollitakse ja t\u00e4iendatakse regulaarselt. Optimaalse \u00f5litaseme hoidmine hoiab \u00e4ra h\u00f5\u00f5rdumise ja \u00fclekuumenemise, tagades samal ajal sujuva t\u00f6\u00f6.<\/li>\n<li><strong>Tihendite vahetamine:<\/strong> Vahetage tihendeid regulaarselt vastavalt vajadusele, et v\u00e4ltida lekkeid ja s\u00e4ilitada s\u00fcsteemis r\u00f5hk. H\u00e4sti hooldatud tihendid suurendavad t\u00f5husust ja ohutust.<\/li>\n<\/ul>\n<h2>Paigaldusjuhised<\/h2>\n<p>Poomi silindri \u00f5ige paigaldamine on selle j\u00f5udluse ja pikaealisuse seisukohalt kriitilise t\u00e4htsusega. Alustage veendumaks, et silinder on ekskavaatori kinnituspunktidega \u00f5igesti joondatud. Silindri kinnitamiseks ja liikumise v\u00e4ltimiseks t\u00f6\u00f6tamise ajal on oluline kasutada sobivaid kinnitusklambreid. Oluline on j\u00e4rgida tootja spetsifikatsioone poltide ja liitmike p\u00f6\u00f6rdemomentide s\u00e4tete kohta, kuna vale kinnitus v\u00f5ib p\u00f5hjustada enneaegset riket.<\/p>\n<p>P\u00e4rast paigaldamist tehke p\u00f5hjalik kontroll, et k\u00f5ik \u00fchendused oleksid kindlad ja et h\u00fcdraulikavoolikud oleksid keerdude v\u00f5i ummistusteta. Enne ekskavaatori kasutamist kontrollige poomi silindrit, lastes sellel kogu liikumisulatuses t\u00f6\u00f6tada, et veenduda lekete puudumises ja sujuvas toimimises. Regulaarsed paigalduskontrollid peaksid olema osa hooldusrutiinist, et tuvastada nihkeid v\u00f5i l\u00f5tkuseid s\u00f5lmes.<\/p>\n<h2>Levinumad hooldust\u00f6\u00f6d<\/h2>\n<h3>Regulaarsed kontrollid<\/h3>\n<p>Regulaarsete kontrollide l\u00e4biviimine on \u00fclioluline, et tagada noole silindri toimimine. Otsige kulumism\u00e4rke, n\u00e4iteks kriimustusi silindri korpusel v\u00f5i lekkeid tihendite \u00fcmbruses. Koostage rutiinne kontrolligraafik, mis p\u00f5hineb kasutussagedusel, ja veenduge, et kogu personal on koolitatud \u00e4ra tundma v\u00f5imalikke probleeme enne, kui need p\u00f5hjustavad seadme rikkeid.<\/p>\n<h3>Sobiv m\u00e4\u00e4rimine<\/h3>\n<p>N\u00f5uetekohase m\u00e4\u00e4rimise s\u00e4ilitamine on poomi silindri pikaealisuse tagamiseks h\u00e4davajalik. Veenduge, et h\u00fcdraulika\u00f5li taset kontrollitakse ja t\u00e4iendatakse regulaarselt, kuna madal \u00f5litase v\u00f5ib p\u00f5hjustada suuremat kulumist. M\u00e4\u00e4rimist tuleks teha vastavalt tootja soovitustele ja operaatorid peaksid olema valvsad ebapiisava m\u00e4\u00e4rimise m\u00e4rkide, n\u00e4iteks ebatavaliste helide v\u00f5i aeglase t\u00f6\u00f6 suhtes.<\/p>\n<h3>Tihendi vahetamine ja kalibreerimise kontrollimine<\/h3>\n<p>Tihendite regulaarne vahetamine on h\u00fcdraulilise r\u00f5hu s\u00e4ilitamiseks ja lekete v\u00e4ltimiseks kriitilise t\u00e4htsusega. Planeerige tihendite vahetamine osana tavap\u00e4rasest hooldusplaanist ja veenduge, et optimaalse j\u00f5udluse s\u00e4ilitamiseks tehakse n\u00f5uetekohased kalibreerimiskontrollid. Kaaluge j\u00e4lgimiss\u00fcsteemi rakendamist, et j\u00e4lgida tihendite seisukorda ja planeerida vastavalt vahetamist.<\/p>\n<p><img decoding=\"async\" src=\"https:\/\/www.hydraulic-cylinders.net\/wp-content\/uploads\/2025\/04\/songte-chushion-collar.webp\" alt=\"Padjakaelus\"><\/p>\n<h2>Ohutuskaalutlused ja keskkonnategurid<\/h2>\n<p>H\u00fcdrauliliste s\u00fcsteemidega t\u00f6\u00f6tamisel tuleb esikohale seada ohutusmeetmed, et kaitsta operaatoreid ja k\u00f5rvalseisjaid. Veenduge, et kogu personal on koolitatud n\u00f5uetekohaste ohutusprotokollide osas, n\u00e4iteks kandma sobivaid isikukaitsevahendeid (IKV) ja m\u00f5istma seadmete t\u00f6\u00f6piire. Oluline on regulaarselt ohutusprotseduure \u00fcle vaadata ja meeskonnaliikmete vahel selget suhtlust raskete masinate k\u00e4itamise osas hoida. H\u00fcdrauliliste seadmete ohutu t\u00f6\u00f6 tagamiseks tuleks arvesse v\u00f5tta ka keskkonnategureid, nagu ilmastikutingimused ja kohapealsed ohud.<\/p>\n<h2>Rikete diagnoosimine ja levinud probleemid<\/h2>\n<ul>\n<li><strong>Leke:<\/strong> \u00dcks levinumaid probleeme on h\u00fcdraulikavedeliku leke, mis v\u00f5ib tuleneda kulunud tihenditest v\u00f5i kahjustatud voolikutest. Lekete v\u00e4ltimiseks kontrollige tihendeid regulaarselt ja vahetage need vastavalt vajadusele v\u00e4lja.<\/li>\n<li><strong>R\u00f5hukaotus:<\/strong> H\u00fcdraulilise r\u00f5hu langus v\u00f5ib tuleneda leketest, ummistustest v\u00f5i vigastest pumpadest. Kontrollige regulaarselt h\u00fcdros\u00fcsteemi lekete suhtes ja veenduge, et k\u00f5ik komponendid t\u00f6\u00f6tavad korralikult.<\/li>\n<li><strong>Aeglane silindri liikumine:<\/strong> Kui poomi silinder liigub aeglaselt, v\u00f5ib see olla tingitud ebapiisavast m\u00e4\u00e4rimisest v\u00f5i h\u00fcdraulikavedeliku tasemest. Veenduge, et s\u00fcsteem on piisavalt m\u00e4\u00e4ritud ja vedeliku tase on piisav.<\/li>\n<\/ul>\n<h2>Veaotsingu n\u00e4pun\u00e4ited<\/h2>\n<p>Poomi silindri probleemide t\u00f5husaks diagnoosimiseks ja lahendamiseks alustage h\u00fcdraulikavedeliku taseme kontrollimisest ja n\u00e4htavate lekete otsimisest. R\u00f5hulanguse kahtluse korral tehke kogu h\u00fcdraulikas\u00fcsteemi, sealhulgas voolikute ja liitmike p\u00f5hjalik kontroll, et tuvastada v\u00f5imalikud ummistused v\u00f5i lekked. Aeglaste liikumiste korral hinnake m\u00e4\u00e4rimistaset ja kandke vajadusel h\u00fcdraulika\u00f5li funktsionaalsuse taastamiseks. Regulaarse ennetava hoolduse rakendamine aitab samuti nende probleemide esinemist minimeerida, tagades sujuvama t\u00f6\u00f6.<\/p>\n<p><img decoding=\"async\" src=\"https:\/\/www.hydraulic-cylinders.net\/wp-content\/uploads\/2025\/04\/songte-bushings-with-all-kinds-of-excavator-models.webp\" alt=\"Ekskavaatorite puksid\"><\/p>\n<h2>Meie ettev\u00f5ttest<\/h2>\n<p>Oleme juhtiv h\u00fcdrosilindrite tootja ja hulgim\u00fc\u00fcja, mis on spetsialiseerunud kvaliteetsete asendussilindrite tootmisele. Meie ulatuslik tootevalik asetab meid \u00fcheks juhtivaks h\u00fcdrosilindrite tootjaks nii sise- kui ka rahvusvahelistel turgudel. J\u00e4rgime tipptasemel kvaliteeti, kasutades t\u00e4iustatud tootmisprotsesse ja strateegiaid tootmise juhtimise parandamiseks.<\/p>\n<p>Meie ettev\u00f5te on p\u00fchendunud pidevale t\u00e4iustamisele, kasutades tipptehnoloogiat ja t\u00e4ppistootmisseadmeid. Keskendudes innovatsioonile, oleme loonud tugeva tootmisplatvormi, mis vastab klientide mitmekesistele vajadustele suure efektiivsuse, t\u00e4psuse ja kvaliteediga.<\/p>\n<p>Pakume kohandatud lahendusi, mis on loodud vastama konkreetsetele n\u00f5uetele, tagades, et meie tooted s\u00e4ilitavad rahvusvahelised sertifikaadid. Meie m\u00fc\u00fcgij\u00e4rgne teenindus on loodud pakkuma pidevat tuge, rahuldades klientide tegevusalaseid vajadusi ja tugevdades meie p\u00fchendumust kvaliteedile ja teenindusele.<\/p>\n<p><img decoding=\"async\" src=\"https:\/\/www.hydraulic-cylinders.net\/wp-content\/uploads\/2025\/04\/songte-company-4.webp\" alt=\"Ettev\u00f5tte \u00fclevaade\"><br \/>\n<img decoding=\"async\" src=\"https:\/\/www.hydraulic-cylinders.net\/wp-content\/uploads\/2025\/04\/songte-company-3.webp\" alt=\"Tootmis\u00fcksus\"><\/p>\n<p>Autor: lyl<\/p>","protected":false},"excerpt":{"rendered":"<p>Boom Cylinder For XCMG Middle Excavator XE240 Product Overview The Boom Cylinder for XCMG Middle Excavator XE240 is an essential hydraulic component designed to facilitate the movement and operation of the excavator&#8217;s boom. It is a type of hydraulic cylinder specifically engineered to control the up, down, and tilt movements of the excavator&#8217;s bucket. This [&hellip;]<\/p>","protected":false},"featured_media":17876,"comment_status":"open","ping_status":"closed","template":"","meta":{"_et_pb_use_builder":"","_et_pb_old_content":"","_et_gb_content_width":""},"product_brand":[],"product_cat":[1546],"product_tag":[1547,1496],"class_list":{"0":"post-19190","1":"product","2":"type-product","3":"status-publish","4":"has-post-thumbnail","6":"product_cat-boom-cylinders","7":"product_tag-boom-cylinders","8":"product_tag-hydraulic-cylinders","10":"first","11":"instock","12":"shipping-taxable","13":"product-type-simple"},"amp_enabled":true,"_links":{"self":[{"href":"https:\/\/www.hydraulic-cylinders.net\/et\/wp-json\/wp\/v2\/product\/19190","targetHints":{"allow":["GET"]}}],"collection":[{"href":"https:\/\/www.hydraulic-cylinders.net\/et\/wp-json\/wp\/v2\/product"}],"about":[{"href":"https:\/\/www.hydraulic-cylinders.net\/et\/wp-json\/wp\/v2\/types\/product"}],"replies":[{"embeddable":true,"href":"https:\/\/www.hydraulic-cylinders.net\/et\/wp-json\/wp\/v2\/comments?post=19190"}],"wp:featuredmedia":[{"embeddable":true,"href":"https:\/\/www.hydraulic-cylinders.net\/et\/wp-json\/wp\/v2\/media\/17876"}],"wp:attachment":[{"href":"https:\/\/www.hydraulic-cylinders.net\/et\/wp-json\/wp\/v2\/media?parent=19190"}],"wp:term":[{"taxonomy":"product_brand","embeddable":true,"href":"https:\/\/www.hydraulic-cylinders.net\/et\/wp-json\/wp\/v2\/product_brand?post=19190"},{"taxonomy":"product_cat","embeddable":true,"href":"https:\/\/www.hydraulic-cylinders.net\/et\/wp-json\/wp\/v2\/product_cat?post=19190"},{"taxonomy":"product_tag","embeddable":true,"href":"https:\/\/www.hydraulic-cylinders.net\/et\/wp-json\/wp\/v2\/product_tag?post=19190"}],"curies":[{"name":"wp","href":"https:\/\/api.w.org\/{rel}","templated":true}]}}