{"id":19197,"date":"2025-04-07T06:17:36","date_gmt":"2025-04-07T06:17:36","guid":{"rendered":"https:\/\/www.hydraulic-cylinders.net\/product\/boom-cylinder-for-xcmg-large-excavator-xe470ck\/"},"modified":"2025-04-07T06:17:38","modified_gmt":"2025-04-07T06:17:38","slug":"boom-cylinder-for-xcmg-large-excavator-xe470ck","status":"publish","type":"product","link":"https:\/\/www.hydraulic-cylinders.net\/et\/toode\/boom-cylinder-for-xcmg-large-excavator-xe470ck\/","title":{"rendered":"XCMG suure ekskavaatori XE470CK poomi silinder"},"content":{"rendered":"<h1>XCMG suure ekskavaatori XE470CK poomi silinder<\/h1>\n<h2>Toote \u00fclevaade<\/h2>\n<p>XCMG suure ekskavaatori XE470CK poomi silinder on spetsiaalne h\u00fcdrauliline silinder, mis on loodud ekskavaatori poomi liikumise juhtimiseks. See silinder m\u00e4ngib h\u00fcdraulikas\u00fcsteemides olulist rolli, h\u00f5lbustades poomi t\u00f5stmist, langetamist ja kallutamist, mis on oluline mitmesuguste materjalik\u00e4itlust\u00f6\u00f6de jaoks.<\/p>\n<p><img decoding=\"async\" src=\"https:\/\/www.hydraulic-cylinders.net\/wp-content\/uploads\/2025\/04\/songte-company-1.webp\" alt=\"Ekskavaatori poomi silinder\" \/><\/p>\n<h3>Definitsioon ja eesm\u00e4rk<\/h3>\n<p>Noole silinder on h\u00fcdrosilindri t\u00fc\u00fcp, mida kasutatakse spetsiaalselt kopa liikumise juhtimiseks rasketes masinates, n\u00e4iteks ekskavaatorites, laadurites ja esilaadurites. See v\u00f5imaldab t\u00e4pseid toiminguid, v\u00f5imaldades noolel t\u00e4ita selliseid funktsioone nagu kaevamine, t\u00f5stmine ja materjalide teisaldamine. Selle integreerimine h\u00fcdros\u00fcsteemidesse on \u00fclioluline, kuna see tagab sujuva t\u00f6\u00f6 k\u00f5rge r\u00f5hu ja koormuse tingimustes. Noole silindri konstruktsioonis on arvesse v\u00f5etud selliseid tegureid nagu tugevus, vastupidavus ja kulumiskindlus, pikendades selle kasutusiga karmides t\u00f6\u00f6keskkondades.<\/p>\n<h2>Poomi silindri omadused<\/h2>\n<ul>\n<li><strong>Suur tugevus ja vastupidavus:<\/strong> K\u00f5rgtugevast terasest v\u00f5i alumiiniumist valmistatud poomi silinder talub k\u00f5rget r\u00f5hku ja suuri koormusi, olles samal ajal kulumis- ja korrosioonikindel.<\/li>\n<li><strong>T\u00f5hus h\u00fcdrauliline t\u00f6\u00f6:<\/strong> Kasutab sujuvaks pikendamiseks ja tagasit\u00f5mbamiseks h\u00fcdraulika\u00f5li r\u00f5hku, reageerides kiiresti juhtimisk\u00e4sklustele ning pakkudes v\u00f5imsaid t\u00f5uke- ja t\u00f5mbej\u00f5ude, mis sobivad ideaalselt raskete ja keerukate \u00fclesannete t\u00e4itmiseks.<\/li>\n<li><strong>Erinevad t\u00fc\u00fcbid:<\/strong> Saadaval \u00fchetoimelise (kasutades h\u00fcdraulilist j\u00f5udu \u00fches suunas) v\u00f5i kahetoimelise (kasutades h\u00fcdraulilist j\u00f5udu m\u00f5lemas suunas) konfiguratsioonides, et rahuldada erinevaid t\u00f6\u00f6vajadusi, m\u00f5nedel mudelitel on teleskoopkonstruktsioonid, mis suurendavad ulatust ilma v\u00e4lism\u00f5\u00f5tmeid suurendamata.<\/li>\n<\/ul>\n<h2>Tootmisv\u00f5ime<\/h2>\n<p>Oleme spetsialiseerunud poomi silindrite tootmisele, tagades, et meie tooted suudavad ideaalselt asendada olemasolevaid h\u00fcdrosilindreid ilma kvaliteeti v\u00f5i j\u00f5udlust ohverdamata.<\/p>\n<p><img decoding=\"async\" src=\"https:\/\/www.hydraulic-cylinders.net\/wp-content\/uploads\/2025\/04\/songte-cylinder-head-with-all-kinds-excavator-models.webp\" alt=\"Ekskavaatori mudeli \u00fchilduvus\" \/><\/p>\n<h2>Poomi silindri rakendused<\/h2>\n<h3>Ehitustehnika<\/h3>\n<p>Ekskavaatorites on noolesilindrid olulised pinnase v\u00f5i prahi kaevamiseks, laadimiseks ja transportimiseks. Need h\u00f5lbustavad t\u00f5husat kaevamist, v\u00f5imaldades kopal pinnasesse tungida ja materjale t\u00f5husalt t\u00f5sta. Ekskavaator-laadurites abistab noolesilinder nii kaevamis- kui ka t\u00f5stet\u00f6id, suurendades ehitusplatside tootlikkust.<\/p>\n<h3>P\u00f5llumajandustehnika<\/h3>\n<p>Esilaadurites kasutatakse noolesilindreid mulla, heina ja muude materjalide kopeerimiseks, t\u00f5stmiseks ja transportimiseks. Nende v\u00f5ime raskeid koormaid k\u00e4sitseda muudab need hindamatuks p\u00f5llumajandust\u00f6\u00f6des, kus efektiivsus on \u00fclioluline selliste \u00fclesannete puhul nagu istutamine, koristamine ja materjalide teisaldamine.<\/p>\n<h3>Ekskavaatorid<\/h3>\n<p>Ekskavaatorites v\u00f5imaldab noole silinder kopal t\u00f5husalt pinnasesse tungida, v\u00f5imaldades kiiret ja t\u00f5husat kaevamist. See funktsioon on \u00fclioluline ehitus- ja pinnase teisaldamise projektides, kus aeg ja efektiivsus m\u00f5jutavad otseselt tootlikkust ja kulusid.<\/p>\n<h3>Laadurid<\/h3>\n<p>Esilaaduritel aitavad noolesilindrid koormaid t\u00f5husalt t\u00f5sta ja t\u00fchjendada. Nende konstruktsioon tagab, et need taluvad raskete materjalide t\u00f5stmisega kaasnevat koormust, s\u00e4ilitades samal ajal t\u00f6\u00f6 ajal stabiilsuse ja kontrolli.<\/p>\n<h2>Kujunduskaalutlused<\/h2>\n<ul>\n<li><strong>Kandev\u00f5ime:<\/strong> Konstruktsioon peab arvestama silindri maksimaalse koormusega reaalsetes rakendustes, tagades ohutuse ja t\u00f6\u00f6kindluse.<\/li>\n<li><strong>Tihendus:<\/strong> T\u00f5husad tihendusmehhanismid on h\u00fcdraulilise vedeliku lekke v\u00e4ltimiseks \u00fcliolulised, mis v\u00f5ib kahjustada s\u00fcsteemi t\u00f5husust ja p\u00f5hjustada rikkeid.<\/li>\n<li><strong>Vastupidavus:<\/strong> Kasutatavad materjalid ja ehitustehnikad peavad suurendama ballooni kulumiskindlust ja keskkonnategurite vastupidavust, pikendades toote eluiga.<\/li>\n<li><strong>Ohutus:<\/strong> Nii masinate kui ka operaatorite kaitsmiseks tuleks lisada ohutusfunktsioonid, minimeerides \u00f5nnetuste ohtu t\u00f6\u00f6tamise ajal.<\/li>\n<li><strong>Hooldatavus:<\/strong> Projekteerimine peaks v\u00f5imaldama h\u00f5lpsat hooldust ja remonti, sealhulgas juurdep\u00e4\u00e4su kontrollimiseks ning tihendite ja muude komponentide vahetamiseks.<\/li>\n<\/ul>\n<p><img decoding=\"async\" src=\"https:\/\/www.hydraulic-cylinders.net\/wp-content\/uploads\/2025\/04\/songte-oil-pipes-and-spare-parts.webp\" alt=\"H\u00fcdraulikas\u00fcsteemi komponendid\" \/><\/p>\n<h2>Tihendus ja m\u00e4\u00e4rimine<\/h2>\n<p>Poomi silindri t\u00f5husa t\u00f6\u00f6 tagamiseks on \u00fclioluline korralik tihendamine ja m\u00e4\u00e4rimine. H\u00fcdraulilise vedeliku lekke v\u00e4ltimiseks kasutatakse mitmesuguseid tihenduselemente, n\u00e4iteks kolvitihendeid ja vardatihendeid. Tihendid on tavaliselt valmistatud vastupidavatest materjalidest, nagu pol\u00fcuretaan ja nitriilkummi, mis on kulumiskindlad ja keskkonnale kahjulikud. Silindri korpus ja keermestatud otsad on vastupidavuse suurendamiseks peenelt t\u00f6\u00f6deldud. Regulaarne m\u00e4\u00e4rimine h\u00fcdraulika\u00f5liga on vajalik sujuva t\u00f6\u00f6 s\u00e4ilitamiseks ja silindri kasutusea pikendamiseks.<\/p>\n<h2>Ennetavad hooldusmeetmed<\/h2>\n<ul>\n<li><strong>Regulaarsed kontrollid:<\/strong> Rutiinsete kontrollide tegemine aitab tuvastada kulumist ja v\u00f5imalikke rikkeid enne nende s\u00fcvenemist, tagades optimaalse j\u00f5udluse ja ohutuse.<\/li>\n<li><strong>\u00d5ige m\u00e4\u00e4rimine:<\/strong> Liikuvate osade pidev m\u00e4\u00e4rimine on oluline h\u00f5\u00f5rdumise v\u00e4hendamiseks, kulumise v\u00e4ltimiseks ja h\u00fcdraulikas\u00fcsteemi optimaalse toimimise s\u00e4ilitamiseks.<\/li>\n<li><strong>Tihendi vahetamine:<\/strong> Kulunud tihendite regulaarne vahetamine aitab v\u00e4ltida lekkeid ja s\u00e4ilitada h\u00fcdros\u00fcsteemi efektiivsust.<\/li>\n<\/ul>\n<h2>Paigaldusjuhised<\/h2>\n<p>Poomi silindri paigaldamisel optimaalse j\u00f5udluse tagamiseks j\u00e4rgige neid samme:<\/p>\n<ol>\n<li><strong>Ettevalmistus:<\/strong> Puhastage paigalduskoht ja veenduge, et k\u00f5ik pinnad oleksid prahist vabad.<\/li>\n<li><strong>Joondus:<\/strong> Silindri liigse pinge v\u00e4ltimiseks joondage silinder \u00f5igesti kinnitusklambritega.<\/li>\n<li><strong>Turvaline kinnitus:<\/strong> Kasutage silindri kindlale kohale kinnitamiseks sobivaid kinnitusklambreid, v\u00e4ltides t\u00f6\u00f6tamise ajal igasugust liikumist.<\/li>\n<li><strong>H\u00fcdraulilised \u00fchendused:<\/strong> \u00dchendage h\u00fcdraulikavoolikud, veendudes, et pole lekkeid, ja j\u00e4rgige tootja juhiseid pingutusmomentide osas.<\/li>\n<li><strong>Testimine:<\/strong> P\u00e4rast paigaldamist tehke p\u00f5hjalik test, et veenduda selle toimimises, ja vajadusel kohandage s\u00e4tteid.<\/li>\n<\/ol>\n<h2>Levinumad hooldust\u00f6\u00f6d<\/h2>\n<ul>\n<li><strong>Regulaarsed kontrollid:<\/strong> Regulaarsed kontrollid tagavad silindri t\u00f5husa t\u00f6\u00f6 ja aitavad tuvastada probleeme enne, kui need t\u00f5siseks muutuvad.<\/li>\n<li><strong>Sobiv m\u00e4\u00e4rimine:<\/strong> Silindri hea m\u00e4\u00e4rimine v\u00e4hendab kulumist ja pikendab selle eluiga, mist\u00f5ttu on regulaarne m\u00e4\u00e4rimine esmat\u00e4htis.<\/li>\n<li><strong>Tihendi vahetamine:<\/strong> Tihendite kulumise sagedane kontroll ja \u00f5igeaegne vahetamine aitavad s\u00e4ilitada h\u00fcdraulika efektiivsust ja v\u00e4ltida lekkeid.<\/li>\n<\/ul>\n<h2>Ohutuskaalutlused<\/h2>\n<p>H\u00fcdrauliliste silindritega t\u00f6\u00f6tamisel on ohutusmeetmed \u00fcliolulised. N\u00f5uetekohane k\u00e4sitsemine, sealhulgas isikukaitsevahendite (IKV) kasutamine ja t\u00f6\u00f6ohutuse protokollide j\u00e4rgimine, aitab riske maandada. Veenduge, et k\u00f5ik operaatorid on koolitatud ohutute t\u00f6\u00f6tavade osas, et v\u00e4ltida \u00f5nnetusi ja vigastusi.<\/p>\n<h2>Rikete diagnoosimine ja levinud probleemid<\/h2>\n<ul>\n<li><strong>H\u00fcdraulilise vedeliku lekked:<\/strong> Otsige tihendite ja \u00fchenduste \u00fcmbrusest lekke m\u00e4rke; see v\u00f5ib viidata kulunud tihenditele v\u00f5i lahtistele liitmikele.<\/li>\n<li><strong>Aeglane t\u00f6\u00f6:<\/strong> Kui silinder t\u00f6\u00f6tab aeglaselt, v\u00f5ib see olla tingitud madalast h\u00fcdraulikavedeliku tasemest v\u00f5i vedeliku saastumisest.<\/li>\n<li><strong>Ootamatud liikumised:<\/strong> Silindri ebaj\u00e4rjekindel liikumine v\u00f5ib viidata sisemistele kahjustustele v\u00f5i h\u00fcdraulikas\u00fcsteemis olevale \u00f5hule.<\/li>\n<\/ul>\n<h2>Veaotsingu n\u00e4pun\u00e4ited<\/h2>\n<p>Probleemide t\u00f5husaks diagnoosimiseks ja lahendamiseks:<\/p>\n<ol>\n<li>Kontrollige h\u00fcdraulikavedeliku taset ja kvaliteeti, vajadusel vahetage saastunud vedelik v\u00e4lja.<\/li>\n<li>Kontrollige tihendeid ja liitmikke kulumise suhtes ning vahetage need v\u00e4lja, et v\u00e4ltida tulevasi lekkeid.<\/li>\n<li>\u00d5hutage h\u00fcdraulikas\u00fcsteemi, et eemaldada l\u00f5ksu j\u00e4\u00e4nud \u00f5hk, mis v\u00f5ib j\u00f5udlust m\u00f5jutada.<\/li>\n<\/ol>\n<p><img decoding=\"async\" src=\"https:\/\/www.hydraulic-cylinders.net\/wp-content\/uploads\/2025\/04\/songte-bushings-with-all-kinds-of-excavator-models.webp\" alt=\"Ekskavaatori puksmudelid\" \/><\/p>\n<h2>Ettev\u00f5tte \u00fclevaade<\/h2>\n<p>Oleme h\u00fcdrauliliste silindrite asendusdetailide tootja, pakkudes laia tootevalikut, mis teeb meist \u00fche juhtiva tootja ja hulgim\u00fc\u00fcja nii sise- kui ka rahvusvahelisel turul. J\u00e4rgime tipptaseme strateegiat t\u00e4pse tootmisjuhtimise kaudu ja t\u00e4iustame pidevalt oma tootmisplatvormi. Meie p\u00fchendumus k\u00f5rgele efektiivsusele, t\u00e4psusele ja kvaliteedile tagab, et rahuldame klientide mitmekesiseid vajadusi.<\/p>\n<h3>Professionaalsus ja sertifikaadid<\/h3>\n<p>Meie tooted vastavad rahvusvahelistele standarditele ja pakume kohandamisteenuseid, et rahuldada konkreetseid n\u00f5udeid. Meie t\u00e4iustatud tootmisseadmed koos hoolika m\u00fc\u00fcgij\u00e4rgse teenindusega tagavad klientide rahulolu.<\/p>\n<p><img decoding=\"async\" src=\"https:\/\/www.hydraulic-cylinders.net\/wp-content\/uploads\/2025\/04\/songte-company-4.webp\" alt=\"Ettev\u00f5tte rajatis\" \/><br \/>\n<img decoding=\"async\" src=\"https:\/\/www.hydraulic-cylinders.net\/wp-content\/uploads\/2025\/04\/songte-company-3.webp\" alt=\"Ettev\u00f5tte tootmine\" \/><\/p>\n<p>Autor: lyl<\/p>","protected":false},"excerpt":{"rendered":"<p>Boom Cylinder For XCMG Large Excavator XE470CK Product Overview The Boom Cylinder for the XCMG Large Excavator XE470CK is a specialized hydraulic cylinder designed to manage the motion of the excavator&#8217;s boom. This cylinder plays a crucial role in hydraulic systems, facilitating the lifting, lowering, and tilting of the boom, which is essential for various [&hellip;]<\/p>","protected":false},"featured_media":17868,"comment_status":"open","ping_status":"closed","template":"","meta":{"_et_pb_use_builder":"","_et_pb_old_content":"","_et_gb_content_width":""},"product_brand":[],"product_cat":[1546],"product_tag":[1547,1496],"class_list":{"0":"post-19197","1":"product","2":"type-product","3":"status-publish","4":"has-post-thumbnail","6":"product_cat-boom-cylinders","7":"product_tag-boom-cylinders","8":"product_tag-hydraulic-cylinders","10":"first","11":"instock","12":"shipping-taxable","13":"product-type-simple"},"amp_enabled":true,"_links":{"self":[{"href":"https:\/\/www.hydraulic-cylinders.net\/et\/wp-json\/wp\/v2\/product\/19197","targetHints":{"allow":["GET"]}}],"collection":[{"href":"https:\/\/www.hydraulic-cylinders.net\/et\/wp-json\/wp\/v2\/product"}],"about":[{"href":"https:\/\/www.hydraulic-cylinders.net\/et\/wp-json\/wp\/v2\/types\/product"}],"replies":[{"embeddable":true,"href":"https:\/\/www.hydraulic-cylinders.net\/et\/wp-json\/wp\/v2\/comments?post=19197"}],"wp:featuredmedia":[{"embeddable":true,"href":"https:\/\/www.hydraulic-cylinders.net\/et\/wp-json\/wp\/v2\/media\/17868"}],"wp:attachment":[{"href":"https:\/\/www.hydraulic-cylinders.net\/et\/wp-json\/wp\/v2\/media?parent=19197"}],"wp:term":[{"taxonomy":"product_brand","embeddable":true,"href":"https:\/\/www.hydraulic-cylinders.net\/et\/wp-json\/wp\/v2\/product_brand?post=19197"},{"taxonomy":"product_cat","embeddable":true,"href":"https:\/\/www.hydraulic-cylinders.net\/et\/wp-json\/wp\/v2\/product_cat?post=19197"},{"taxonomy":"product_tag","embeddable":true,"href":"https:\/\/www.hydraulic-cylinders.net\/et\/wp-json\/wp\/v2\/product_tag?post=19197"}],"curies":[{"name":"wp","href":"https:\/\/api.w.org\/{rel}","templated":true}]}}