{"id":19198,"date":"2025-04-07T06:17:38","date_gmt":"2025-04-07T06:17:38","guid":{"rendered":"https:\/\/www.hydraulic-cylinders.net\/product\/boom-cylinder-for-xcmg-large-excavator-xe500ca\/"},"modified":"2025-04-07T06:17:41","modified_gmt":"2025-04-07T06:17:41","slug":"boom-cylinder-for-xcmg-large-excavator-xe500ca","status":"publish","type":"product","link":"https:\/\/www.hydraulic-cylinders.net\/et\/toode\/boom-cylinder-for-xcmg-large-excavator-xe500ca\/","title":{"rendered":"XCMG suure ekskavaatori XE500CA poomi silinder"},"content":{"rendered":"<h1>XCMG suure ekskavaatori XE500CA poomi silinder<\/h1>\n<h2>Toote \u00fclevaade<\/h2>\n<p>XCMG suure ekskavaatori XE500CA poomi silinder on spetsiaalne h\u00fcdrauliline silinder, mis on loodud raskete masinate, eriti ekskavaatorite poomi liikumise juhtimiseks. Need silindrid h\u00f5lbustavad poomi t\u00f5stmist, langetamist ja kallutamist, mist\u00f5ttu on see oluline mitmesuguste materjalik\u00e4itlust\u00f6\u00f6de jaoks. H\u00fcdraulilised silindrid, sealhulgas poomi silindrid, t\u00f6\u00f6tavad r\u00f5hu all oleva h\u00fcdraulilise vedeliku abil, mis muustab energia mehaaniliseks j\u00f5uks, v\u00f5imaldades t\u00e4pset juhtimist ja t\u00f6\u00f6tamist n\u00f5udlikes keskkondades.<\/p>\n<p><img decoding=\"async\" src=\"https:\/\/www.hydraulic-cylinders.net\/wp-content\/uploads\/2025\/04\/songte-company-1.webp\" alt=\"Poomi silindri pilt\"><\/p>\n<h3>Funktsionaalsus ja rakendus<\/h3>\n<p>Noole silindrid m\u00e4ngivad ekskavaatorite, laadurite ja esilaadurite h\u00fcdros\u00fcsteemides olulist rolli. V\u00f5imaldades noole t\u00f5husat liikumist, parandavad need silindrid ehitusmasinate \u00fcldist t\u00f6\u00f6v\u00f5imet. Poomi sirutamise, sisset\u00f5mbamise ja kallutamise v\u00f5ime on oluline selliste \u00fclesannete puhul nagu kaevamine, t\u00f5stmine ja materjalide teisaldamine, suurendades seel\u00e4bi tootlikkust ehitusplatsidel.<\/p>\n<h2>Peamised omadused<\/h2>\n<ul>\n<li><strong>Suur tugevus ja vastupidavus:<\/strong> Need silindrid on valmistatud \u00fclitugevast terasest v\u00f5i alumiiniumist ning taluvad k\u00f5rget r\u00f5hku ja suuri koormusi, mist\u00f5ttu sobivad need karmidesse t\u00f6\u00f6keskkondadesse. Nende disain h\u00f5lmab kulumiskindlust ja korrosioonikaitset, tagades pika eluea.<\/li>\n<li><strong>T\u00f5hus h\u00fcdrauliline t\u00f6\u00f6:<\/strong> H\u00fcdraulilise \u00f5li r\u00f5hu abil tagab poomi silinder sujuva pikenemise ja tagasit\u00f5mbamise, reageerides kiiresti t\u00f6\u00f6k\u00e4sklustele ning pakkudes m\u00e4rkimisv\u00e4\u00e4rset t\u00f5uke- ja t\u00f5mbej\u00f5udu, mis sobib ideaalselt raskete ja keerukate \u00fclesannete t\u00e4itmiseks.<\/li>\n<li><strong>Erinevad t\u00fc\u00fcbid:<\/strong> Poomi silindrid on saadaval erinevates konfiguratsioonides, sealhulgas \u00fchetoimelised (\u00fches suunas t\u00f6\u00f6tavad) ja kahetoimelised (m\u00f5lemas suunas t\u00f6\u00f6tavad). Teatud mudelid on teleskoopilised, mis v\u00f5imaldab suuremat pikendust ilma v\u00e4lism\u00f5\u00f5tmeid suurendamata, mis sobib ideaalselt ruumipiirangutega rakenduste jaoks.<\/li>\n<li><strong>Kohandatud tootmine:<\/strong> Meie ettev\u00f5te on spetsialiseerunud poomisilindrite tootmisele, mis suudavad ideaalselt asendada teie seadmetes olemasolevaid h\u00fcdrosilindreid, tagades sujuva integratsiooni ja funktsionaalsuse.<\/li>\n<li><strong>P\u00f5hjalik \u00fchilduvus:<\/strong> Meie silindrid on loodud t\u00f6\u00f6tama laia valiku ekskavaatorimudelitega ning on konstrueeritud mitmek\u00fclgsust ja t\u00f6\u00f6kindlust silmas pidades.<\/li>\n<\/ul>\n<p><img decoding=\"async\" src=\"https:\/\/www.hydraulic-cylinders.net\/wp-content\/uploads\/2025\/04\/songte-cylinder-head-with-all-kinds-excavator-models.webp\" alt=\"Ekskavaatori mudeli \u00fchilduvus\"><\/p>\n<h2>Rakendused<\/h2>\n<ul>\n<li><strong>Ehitustehnika:<\/strong> Noolesilindrid on ekskavaatorite olulised komponendid, kuna need on \u00fcliolulised kaevamisel, laadimisel ja pinnase v\u00f5i prahi teisaldamisel. Ekskavaatoritel aitavad need silindrid nii kaevamisel kui ka t\u00f5stmisel, suurendades masina mitmek\u00fclgsust ja t\u00f5husust.<\/li>\n<li><strong>P\u00f5llumajandusmasinad:<\/strong> Esilaadurites kasutatavad noolesilindrid h\u00f5lbustavad mulla, heina ja muude materjalide koputamist, t\u00f5stmist ja transportimist. Nende vastupidav konstruktsioon ja t\u00f6\u00f6kindel funktsionaalsus muudavad need p\u00f5llumajandust\u00f6\u00f6des asendamatuks.<\/li>\n<li><strong>Ekskavaatorid:<\/strong> Noole silinder v\u00f5imaldab kopal t\u00f5husalt pinnasesse tungida, teostades mitmesuguste kaevet\u00f6\u00f6de jaoks vajalikku kaevamistoimingut. Nende t\u00e4pne juhtimine on detailsete t\u00f6\u00f6de jaoks \u00fclioluline.<\/li>\n<li><strong>Laadurid:<\/strong> Esilaadurites aitavad noolesilindrid koormaid t\u00f5husalt t\u00f5sta ja t\u00fchjendada, aidates oluliselt kaasa materjalik\u00e4itlustoimingute tootlikkusele.<\/li>\n<\/ul>\n<h2>Kujunduskaalutlused<\/h2>\n<ul>\n<li><strong>Kandev\u00f5ime:<\/strong> Poomi silindrite konstruktsioon peab vastama teenindatavate masinate eeldatavatele koormustele. Sellised tegurid nagu h\u00fcdraulilise r\u00f5hu nimiv\u00e4\u00e4rtused ja silindri m\u00f5\u00f5tmed m\u00e4ngivad olulist rolli silindri konstruktsiooni terviklikkuse s\u00e4ilitamisel raskete koormuste korral.<\/li>\n<li><strong>Tihendusmehhanismid:<\/strong> T\u00f5hus tihendamine on h\u00fcdraulilise vedeliku lekke v\u00e4ltimiseks kriitilise t\u00e4htsusega. Poomi silindrid kasutavad optimaalse j\u00f5udluse ja pikaealisuse tagamiseks mitmesuguseid tihendustehnoloogiaid, sealhulgas kolvitihendeid ja vardatihendeid, mis on valmistatud vastupidavatest materjalidest nagu pol\u00fcuretaan ja nitriilkummi.<\/li>\n<li><strong>Vastupidavus:<\/strong> Valmistamiseks valitud materjalid peavad vastu pidama kulumisele pideva kasutamise korral keerulistes keskkondades. Ka silindri pinnat\u00f6\u00f6tlus m\u00e4ngib rolli selle kriimustus- ja korrosioonikindluses, pikendades toote kasutusiga.<\/li>\n<li><strong>Turvaelemendid:<\/strong> Ohutuselementide lisamine on projekteerimisprotsessis \u00fclioluline, et v\u00e4ltida \u00f5nnetusi t\u00f6\u00f6tamise ajal. See v\u00f5ib h\u00f5lmata \u00fcler\u00f5huklappe ja turvalukke h\u00fcdraulilise rikke ohu v\u00e4hendamiseks.<\/li>\n<li><strong>Hoolduse ligip\u00e4\u00e4setavus:<\/strong> H\u00e4sti disainitud poomi silinder peaks v\u00f5imaldama komponentidele h\u00f5lpsat hooldusjuurdep\u00e4\u00e4su, tagades, et rutiinseid kontrolle ja remonti saab teha ilma ulatusliku lahtiv\u00f5tmiseta.<\/li>\n<\/ul>\n<p><img decoding=\"async\" src=\"https:\/\/www.hydraulic-cylinders.net\/wp-content\/uploads\/2025\/04\/songte-oil-pipes-and-spare-parts.webp\" alt=\"H\u00fcdrauliliste silindrite osad\"><\/p>\n<h2>Tihendus ja m\u00e4\u00e4rimine<\/h2>\n<p>T\u00f5hus tihendamine ja m\u00e4\u00e4rimine on noole silindrite t\u00f6\u00f6ks \u00fcliolulised. H\u00fcdraulilise vedeliku lekke v\u00e4ltimiseks kasutatakse mitmesuguseid tihenduselemente, n\u00e4iteks kolvitihendeid ja vardatihendeid. Kulumiskindlatest materjalidest, nagu pol\u00fcuretaan ja nitriilkummi, valmistatud tihendid pakuvad suurep\u00e4rast vastupidavust h\u00fcdraulikas\u00fcsteemide karmidele tingimustele. Lisaks t\u00f6\u00f6deldakse silindri korpust ja keermestatud otsapinda peenelt, et suurendada nende kulumiskindlust. Regulaarne m\u00e4\u00e4rimine h\u00fcdraulika\u00f5liga on oluline sujuva t\u00f6\u00f6 s\u00e4ilitamiseks ja sisemiste komponentide liigse kulumise v\u00e4ltimiseks. \u00d5ige koguse h\u00fcdraulika\u00f5li pealekandmine aitab kaasa ka noole silindri \u00fcldisele efektiivsusele ja pikaealisusele.<\/p>\n<h2>Hooldus ja ennetavad meetmed<\/h2>\n<ul>\n<li><strong>Regulaarsed kontrollid:<\/strong> Poomi silindri perioodiline kontroll on oluline, et varakult tuvastada k\u00f5ik kulumise, lekete v\u00f5i kahjustuste tunnused. See ennetav l\u00e4henemisviis aitab v\u00e4ltida v\u00f5imalikke rikkeid ja pikendab silindri eluiga.<\/li>\n<li><strong>Sobiv m\u00e4\u00e4rimine:<\/strong> H\u00fcdraulika\u00f5li \u00f5ige taseme ja seisukorra tagamine on kriitilise t\u00e4htsusega. Kontrollige regulaarselt saastumist ja lisage \u00f5li vastavalt vajadusele, et tagada liikuvate osade n\u00f5uetekohane m\u00e4\u00e4rimine.<\/li>\n<li><strong>Tihendi vahetamine:<\/strong> Aja jooksul v\u00f5ivad tihendid kuluda ja vajada v\u00e4ljavahetamist. Tihendite kontrollimise ajakava rakendamine aitab s\u00e4ilitada h\u00fcdraulilist terviklikkust ja j\u00f5udlust.<\/li>\n<\/ul>\n<h2>Paigaldusjuhised<\/h2>\n<p>Poomi silindri \u00f5ige paigaldamine on selle j\u00f5udluse ja ohutuse tagamiseks \u00fclioluline. Alustage veendumisest, et k\u00f5ik komponendid on puhtad ja prahist vabad. Joondage silinder \u00f5igesti kinnitusklambritega, kasutades vajadusel joonduse s\u00e4ilitamiseks sobivaid paigaldusrakiseid. Kasutage silindri kinnitamiseks ja t\u00f6\u00f6tamise ajal liikumise v\u00e4ltimiseks sobivaid kinnitusklambreid. P\u00e4rast paigaldamist kontrollige veelkord k\u00f5igi \u00fchenduste ja liitmike tihedust ja lekete puudumist. Samuti on soovitatav enne silindri t\u00e4ielikku kasutuselev\u00f5ttu teha testk\u00e4ivitus, et veenduda selle korrektses toimimises. Vaadake regulaarselt \u00fcle paigaldusprotseduurid, et lisada k\u00f5ik ajakohased parimad tavad.<\/p>\n<h2>Levinumad hooldust\u00f6\u00f6d<\/h2>\n<ul>\n<li><strong>Regulaarsed kontrollid:<\/strong> Sagedased visuaalsed kontrollid lekete, kulumise ja kahjustuste suhtes aitavad \u00e4ra hoida suuremate probleemide teket. Kontrollnimekirja pidamine aitab tagada, et midagi ei j\u00e4\u00e4ks t\u00e4helepanuta.<\/li>\n<li><strong>\u00d5ige m\u00e4\u00e4rimine:<\/strong> H\u00fcdraulika\u00f5li optimaalse taseme tagamine parandab j\u00f5udlust ja pikendab silindri eluiga. Koostage m\u00e4\u00e4rimisgraafik, mis p\u00f5hineb kasutamisel ja keskkonnatingimustel.<\/li>\n<li><strong>Tihendi vahetamine:<\/strong> Kontrollige regulaarselt tihendite kulumist ja vahetage need vastavalt vajadusele v\u00e4lja, et v\u00e4ltida lekkeid. Kvaliteetsete tihendite kasutamine v\u00f5ib oluliselt m\u00f5jutada poomi silindri efektiivsust ja pikaealisust.<\/li>\n<\/ul>\n<h2>Ohutuskaalutlused<\/h2>\n<p>Poomisilindrite ohutu kasutamine on \u00fclioluline. Operaatorid peaksid olema koolitatud h\u00fcdraulikaseadmete \u00f5igeks kasutamiseks ja olema teadlikud masinasse sisseehitatud ohutusfunktsioonidest. Enne t\u00f6\u00f6 alustamist veenduge, et t\u00f6\u00f6ala on vaba ja k\u00f5ik kaitseseadised on paigas. Kontrollige regulaarselt h\u00fcdraulikas\u00fcsteeme v\u00f5imalike lekete v\u00f5i rikete suhtes, mis v\u00f5ivad p\u00f5hjustada ohtlikke olukordi. Nii personali kui ka seadmete kaitsmiseks on oluline j\u00e4rgida tootja juhiseid ja ohutusprotseduure hoolduse ja t\u00f6\u00f6tamise ajal.<\/p>\n<h2>Veaotsing ja levinud probleemid<\/h2>\n<ul>\n<li><strong>Leke:<\/strong> Kui silindrist lekib h\u00fcdraulikavedelikku, kontrollige tihendite kulumist. Kulunud tihendite vahetamine v\u00f5ib selle probleemi sageli lahendada.<\/li>\n<li><strong>Ebapiisav v\u00f5imsus:<\/strong> Kui silinder ei reageeri piisavalt, kontrollige h\u00fcdraulikavedeliku taset ja veenduge, et h\u00fcdraulikavoolikutes pole ummistusi.<\/li>\n<li><strong>Ebatavalised helid:<\/strong> T\u00f6\u00f6tamise ajal kostvad m\u00fcrad v\u00f5ivad viidata h\u00fcdraulikas\u00fcsteemis olevale \u00f5hule v\u00f5i madalale vedeliku tasemele. Esimese sammuna \u00f5hutage s\u00fcsteem ja kontrollige vedelikku.<\/li>\n<\/ul>\n<p>Probleemide kiire lahendamise ja hooldusjuhiste j\u00e4rgimise abil saavad operaatorid minimeerida seisakuid ja parandada oma noolesilindrite j\u00f5udlust.<\/p>\n<p><img decoding=\"async\" src=\"https:\/\/www.hydraulic-cylinders.net\/wp-content\/uploads\/2025\/04\/songte-bushings-with-all-kinds-of-excavator-models.webp\" alt=\"Ekskavaatori puksid\"><\/p>\n<h2>Meie ettev\u00f5ttest<\/h2>\n<p>Oleme juhtiv asendush\u00fcdrauliliste silindrite tootja, pakkudes laia tootevalikut nii sise- kui ka v\u00e4listurgudele. Meie p\u00fchendumust kvaliteedi tipptasemele toetab keerukas tootmisjuhtimise strateegia, mis kasutab t\u00e4iustatud tehnoloogiat ja oskuslikku personali. Investeerides tipptasemel tootmisseadmetesse ja professionaalsetesse testimiss\u00fcsteemidesse, t\u00e4iustame pidevalt oma tootmisprotsesse ja tagame k\u00f5rgeimad kvaliteedistandardid. Keskendudes t\u00f5hususele, t\u00e4psusele ja kvaliteetsele toodangule, oleme h\u00e4sti varustatud, et rahuldada klientide mitmekesiseid vajadusi.<\/p>\n<p><img decoding=\"async\" src=\"https:\/\/www.hydraulic-cylinders.net\/wp-content\/uploads\/2025\/04\/songte-company-4.webp\" alt=\"Ettev\u00f5tte \u00fclevaate pilt\"><br \/>\n<img decoding=\"async\" src=\"https:\/\/www.hydraulic-cylinders.net\/wp-content\/uploads\/2025\/04\/songte-company-3.webp\" alt=\"Tootmis\u00fcksuse pilt\"><\/p>\n<p>Meie asjatundlikkus laieneb kohandatud teenustele, rahvusvahelistele sertifikaatidele ja tugevale m\u00fc\u00fcgij\u00e4rgsele toele, tagades, et meie tooted vastavad klientide mitmekesistele n\u00f5uetele.<\/p>\n<p>Autor: lyl<\/p>","protected":false},"excerpt":{"rendered":"<p>Boom Cylinder For XCMG Large Excavator XE500CA Product Overview The Boom Cylinder for XCMG Large Excavator XE500CA is a specialized hydraulic cylinder designed to control the movement of the boom in heavy machinery, particularly excavators. These cylinders facilitate the lifting, lowering, and tilting of the boom, making it essential for various material handling tasks. Hydraulic [&hellip;]<\/p>","protected":false},"featured_media":17869,"comment_status":"open","ping_status":"closed","template":"","meta":{"_et_pb_use_builder":"","_et_pb_old_content":"","_et_gb_content_width":""},"product_brand":[],"product_cat":[1546],"product_tag":[1547,1496],"class_list":{"0":"post-19198","1":"product","2":"type-product","3":"status-publish","4":"has-post-thumbnail","6":"product_cat-boom-cylinders","7":"product_tag-boom-cylinders","8":"product_tag-hydraulic-cylinders","10":"first","11":"instock","12":"shipping-taxable","13":"product-type-simple"},"amp_enabled":true,"_links":{"self":[{"href":"https:\/\/www.hydraulic-cylinders.net\/et\/wp-json\/wp\/v2\/product\/19198","targetHints":{"allow":["GET"]}}],"collection":[{"href":"https:\/\/www.hydraulic-cylinders.net\/et\/wp-json\/wp\/v2\/product"}],"about":[{"href":"https:\/\/www.hydraulic-cylinders.net\/et\/wp-json\/wp\/v2\/types\/product"}],"replies":[{"embeddable":true,"href":"https:\/\/www.hydraulic-cylinders.net\/et\/wp-json\/wp\/v2\/comments?post=19198"}],"wp:featuredmedia":[{"embeddable":true,"href":"https:\/\/www.hydraulic-cylinders.net\/et\/wp-json\/wp\/v2\/media\/17869"}],"wp:attachment":[{"href":"https:\/\/www.hydraulic-cylinders.net\/et\/wp-json\/wp\/v2\/media?parent=19198"}],"wp:term":[{"taxonomy":"product_brand","embeddable":true,"href":"https:\/\/www.hydraulic-cylinders.net\/et\/wp-json\/wp\/v2\/product_brand?post=19198"},{"taxonomy":"product_cat","embeddable":true,"href":"https:\/\/www.hydraulic-cylinders.net\/et\/wp-json\/wp\/v2\/product_cat?post=19198"},{"taxonomy":"product_tag","embeddable":true,"href":"https:\/\/www.hydraulic-cylinders.net\/et\/wp-json\/wp\/v2\/product_tag?post=19198"}],"curies":[{"name":"wp","href":"https:\/\/api.w.org\/{rel}","templated":true}]}}