{"id":19200,"date":"2025-04-07T06:17:44","date_gmt":"2025-04-07T06:17:44","guid":{"rendered":"https:\/\/www.hydraulic-cylinders.net\/product\/boom-cylinder-for-xcmg-large-excavator-xe370ca\/"},"modified":"2025-04-07T06:17:46","modified_gmt":"2025-04-07T06:17:46","slug":"boom-cylinder-for-xcmg-large-excavator-xe370ca","status":"publish","type":"product","link":"https:\/\/www.hydraulic-cylinders.net\/et\/toode\/boom-cylinder-for-xcmg-large-excavator-xe370ca\/","title":{"rendered":"XCMG suure ekskavaatori XE370CA poomi silinder"},"content":{"rendered":"<h1>XCMG suure ekskavaatori XE370CA poomi silinder<\/h1>\n<h2>Toote \u00fclevaade<\/h2>\n<p>XCMG suure ekskavaatori XE370CA poomi silinder on spetsiaalne h\u00fcdrauliline silinder, mis on loodud poomi liikumise juhtimiseks suurtel ekskavaatoritel. See kriitiline komponent v\u00f5imaldab poomi t\u00e4pset t\u00f5stmist, langetamist ja kallutamist, h\u00f5lbustades laia valikut materjalik\u00e4itlust\u00f6id. H\u00fcdraulilised silindrid, eriti poomi silindrid, m\u00e4ngivad olulist rolli rasketehnika h\u00fcdros\u00fcsteemides, v\u00f5imaldades selliste lisaseadmete nagu kopad ja haaratsid t\u00f5husat t\u00f6\u00f6d.<\/p>\n<p>Need silindrid on konstrueeritud pakkuma usaldusv\u00e4\u00e4rset j\u00f5udlust isegi keerulistes keskkondades, muutes need asendamatuks ehituses, kaevandamises ja muudes rasketes rakendustes. Kvaliteetsetest materjalidest valmistatud silindrid tagavad vastupidavuse ja pikaealisuse, v\u00e4hendades hooldusvajadust ja seisakuid.<\/p>\n<p><img decoding=\"async\" src=\"https:\/\/www.hydraulic-cylinders.net\/wp-content\/uploads\/2025\/04\/songte-company-1.webp\" alt=\"Ekskavaatorite h\u00fcdrauliline silinder\"><\/p>\n<h3>Peamised omadused<\/h3>\n<ul>\n<li><strong>Suur tugevus ja vastupidavus:<\/strong> Need silindrid on valmistatud \u00fclitugevast terasest v\u00f5i alumiiniumist ning taluvad k\u00f5rget r\u00f5hku ja suuri koormusi, mist\u00f5ttu sobivad need ka karmidesse t\u00f6\u00f6tingimustesse.<\/li>\n<li><strong>T\u00f5hus h\u00fcdrauliline t\u00f6\u00f6:<\/strong> Need kasutavad sujuvate v\u00e4lja- ja sisset\u00f5mbamisliigutuste jaoks h\u00fcdraulilist \u00f5lir\u00f5hku, reageerides kiiresti operaatori k\u00e4sklustele ja pakkudes tugevat t\u00f5uke- ja t\u00f5mbej\u00f5udu, mis sobib ideaalselt raskete esemete k\u00e4sitsemiseks.<\/li>\n<li><strong>Erinevad t\u00fc\u00fcbid:<\/strong> Need silindrid on saadaval \u00fche- ja kahetoimelise konstruktsioonina ning neid saab kohandada vastavalt konkreetsetele t\u00f6\u00f6vajadustele. M\u00f5nedel mudelitel on teleskoopkonstruktsioon, mis v\u00f5imaldab suuremat pikendust ilma v\u00e4lism\u00f5\u00f5tmeid suurendamata.<\/li>\n<li><strong>Kohandatud tootmine:<\/strong> Oleme spetsialiseerunud h\u00fcdrauliliste silindrite tootmisele, mis asendavad ideaalselt olemasolevaid mudeleid, tagades \u00fchilduvuse ja j\u00f5udluse.<\/li>\n<li><strong>Rakenduse mitmek\u00fclgsus:<\/strong> Ideaalne mitmesuguste rasketehnika rakenduste jaoks, sh ekskavaatorid, laadur-ekskavaatorid ja esilaadurid.<\/li>\n<\/ul>\n<p><img decoding=\"async\" src=\"https:\/\/www.hydraulic-cylinders.net\/wp-content\/uploads\/2025\/04\/songte-cylinder-head-with-all-kinds-excavator-models.webp\" alt=\"Ekskavaatori mudelite silindripea\"><\/p>\n<h2>Rakendused<\/h2>\n<h3>Ehitustehnika<\/h3>\n<p>Ekskavaatorites on noolesilindrid \u00fcliolulised kaevamisel, laadimisel ja pinnase v\u00f5i prahi teisaldamisel. Need annavad vajaliku j\u00f5u k\u00f5va pinnase l\u00e4bimiseks, v\u00f5imaldades operaatoritel kaevet\u00f6id t\u00f5husalt teha. Ekskavaatoritel aitab noolesilinder lisaks kaevamisele ka raskete koormate t\u00f5stmisele, parandades masina \u00fcldist funktsionaalsust ehitusplatsidel.<\/p>\n<h3>P\u00f5llumajandustehnika<\/h3>\n<p>Esilaadurites on noolesilindrid olulised selliste materjalide nagu pinnas, hein ja muud p\u00f5llumajandussaadused kopeerimiseks, t\u00f5stmiseks ja transportimiseks. Nende v\u00f5imas j\u00f5udlus v\u00f5imaldab p\u00f5llumeestel k\u00e4sitseda raskeid koormaid, aidates kaasa t\u00f5husamale p\u00f5llumajandustegevusele ja tootlikkusele.<\/p>\n<h3>Ekskavaatorid<\/h3>\n<p>Need silindrid v\u00f5imaldavad ekskavaatori kopal t\u00f5husalt pinnasesse tungida, h\u00f5lbustades vundamentide ja kraavide kaevamiseks vajalikku kaevamistoimingut. Nende t\u00f6\u00f6kindlus tagab kaevet\u00f6\u00f6de katkematu j\u00e4tkumise, mis on projekti ajakava jaoks \u00fclioluline.<\/p>\n<h3>Laadurid<\/h3>\n<p>Esilaadurites aitavad noolesilindrid koormaid t\u00f5husalt t\u00f5sta ja t\u00fchjendada. See v\u00f5imekus on oluline ehitus- ja haljastusprojektide puhul, kus \u00f5igeaegne materjalik\u00e4itlus on kriitilise t\u00e4htsusega. Nende silindrite vastupidav konstruktsioon tagab, et need suudavad hakkama saada raskete materjalide t\u00f5stmise ja transportimisega.<\/p>\n<h2>Kujunduskaalutlused<\/h2>\n<h3>Kandev\u00f5ime<\/h3>\n<p>Poomi silindri kandev\u00f5ime on selle projekteerimisel kriitilise t\u00e4htsusega. See peab suutma kanda poomi t\u00f5stetavat maksimaalset raskust, tagades ohutuse ja t\u00f6\u00f6 efektiivsuse. Insenerid arvutavad silindri m\u00f5\u00f5tmed ja materjali tugevuse hoolikalt, et saavutada vajalik kandev\u00f5ime.<\/p>\n<h3>Tihendusv\u00f5ime<\/h3>\n<p>T\u00f5hus tihendus on h\u00fcdrauliliste silindrite puhul \u00fclioluline, et v\u00e4ltida lekkeid ja s\u00e4ilitada r\u00f5hk. Kasutatakse t\u00e4iustatud tihendustehnoloogiaid, sealhulgas vastupidavatest materjalidest, nagu pol\u00fcuretaan ja nitriilkummi, valmistatud tihendeid. Need tihendid tagavad pikaealisuse ja t\u00f6\u00f6kindluse isegi \u00e4\u00e4rmusliku r\u00f5hu ja keskkonnatingimuste korral.<\/p>\n<h3>Vastupidavus<\/h3>\n<p>Vastupidavus on noolesilindrite disainimisel v\u00f5tmetegur. Need peavad vastu pidama rasketele rakendustele, sealhulgas kokkupuutele abrasiivsete ja s\u00f6\u00f6vitavate materjalidega. K\u00f5rgtugevate materjalide ja kaitsekatete valik pikendab oluliselt silindri eluiga ja j\u00f5udlust.<\/p>\n<h3>Ohutus<\/h3>\n<p>Ohutusfunktsioonid on poomi silindrite konstruktsiooni lahutamatu osa, tagades nende rikkeohuta t\u00f6\u00f6tamise. See h\u00f5lmab kaitseventiilide ja r\u00f5hu alandamise mehhanismide lisamist, et v\u00e4ltida \u00fclekoormust ja v\u00f5imalikke \u00f5nnetusi t\u00f6\u00f6tamise ajal.<\/p>\n<h3>Hoolduse ligip\u00e4\u00e4setavus<\/h3>\n<p>H\u00fcdrosilindrite projekteerimine lihtsaks hoolduseks on \u00fclioluline. See h\u00f5lmab ligip\u00e4\u00e4setavust kontrollimiseks, m\u00e4\u00e4rimiseks ja tihendite vahetamiseks. Lihtsat hooldust v\u00f5imaldav disain pikendab silindri eluiga ja tagab selle maksimaalse efektiivsuse.<\/p>\n<p><img decoding=\"async\" src=\"https:\/\/www.hydraulic-cylinders.net\/wp-content\/uploads\/2025\/04\/songte-oil-pipes-and-spare-parts.webp\" alt=\"H\u00fcdrauliliste silindrite osad\"><\/p>\n<h2>Tihendid ja m\u00e4\u00e4rimine<\/h2>\n<p>Optimaalse j\u00f5udluse tagamiseks kasutatakse noolesilindrites mitmesuguseid tihendeid, sealhulgas kolvitihendeid ja vardatihendeid. Vastupidavuse t\u00f5ttu on eelistatud kulumiskindlatest materjalidest, n\u00e4iteks pol\u00fcuretaanist ja nitriilkummist, valmistatud tihendid. Silindri korpus ja keermestatud otsapinnad l\u00e4bivad t\u00e4pse viimistluse, et parandada kulumiskindlust ja tihendusv\u00f5imet.<\/p>\n<p>Regulaarne m\u00e4\u00e4rimine on h\u00fcdraulikas\u00fcsteemi toimimise s\u00e4ilitamiseks h\u00e4davajalik. Sujuva t\u00f6\u00f6 tagamiseks ning tihendite ja sisemiste komponentide kulumise v\u00e4ltimiseks tuleb perioodiliselt lisada piisav kogus h\u00fcdraulika\u00f5li. N\u00f5uetekohane m\u00e4\u00e4rimine mitte ainult ei paranda j\u00f5udlust, vaid pikendab ka silindri eluiga.<\/p>\n<h2>Hooldusmeetmed<\/h2>\n<ul>\n<li><strong>Regulaarsed kontrollid:<\/strong> Tehke regulaarseid kontrolle kulumise, kahjustuste v\u00f5i lekete m\u00e4rke tuvastamiseks. See aitab tuvastada v\u00f5imalikke probleeme enne nende s\u00fcvenemist, tagades t\u00f6\u00f6ohutuse ja -t\u00f5hususe.<\/li>\n<li><strong>\u00d5ige m\u00e4\u00e4rimine:<\/strong> Veenduge, et h\u00fcdraulika\u00f5li tase oleks piisav ja et tihendid oleksid piisavalt m\u00e4\u00e4ritud, et v\u00e4ltida \u00fclekuumenemist ja kulumist.<\/li>\n<li><strong>Tihendi vahetamine:<\/strong> Kontrollige regulaarselt tihendite seisukorda ja vahetage need vastavalt vajadusele, et v\u00e4ltida h\u00fcdraulikavedeliku lekkeid, mis v\u00f5ivad s\u00fcsteemi j\u00f5udlust kahjustada.<\/li>\n<\/ul>\n<h2>Paigaldusjuhised<\/h2>\n<p>Poomi silindri paigaldamine n\u00f5uab hoolikat t\u00e4helepanu detailidele, et tagada n\u00f5uetekohane joondamine ja funktsionaalsus. Alustage veendumaks, et kinnituspinnad on puhtad ja prahist vabad. Kasutage silindri kinnitamiseks sobivaid kinnitusklambreid. Joondage silinder vajaliku nurga alla ja reguleerige vastavalt vajadusele enne kinnitusdetailide pingutamist.<\/p>\n<p>Seej\u00e4rel \u00fchendage h\u00fcdraulikavoolikud, veendudes, et need poleks painutatud ega kahjustatud. Kontrollige \u00f5iget paigutust, et v\u00e4ltida liikuvate osade kulumist. P\u00e4rast \u00fchendamist t\u00e4itke h\u00fcdraulikas\u00fcsteem soovitatava \u00f5liga ja laske s\u00fcsteemist \u00f5hk v\u00e4lja, et tagada optimaalne j\u00f5udlus. P\u00e4rast paigaldamist testige silindrit koormuse all, et veenduda selle n\u00f5uetekohases t\u00f6\u00f6s, ja tehke vajalikud muudatused.<\/p>\n<h2>Levinumad hooldust\u00f6\u00f6d<\/h2>\n<h3>Regulaarsed kontrollid<\/h3>\n<p>Rutiinne kontroll on h\u00fcdrauliliste silindrite pikaealisuse tagamiseks \u00fclioluline. Otsige kulumism\u00e4rke, sealhulgas pragusid, punne v\u00f5i lekkeid. Potentsiaalsete probleemide varajane avastamine aitab \u00e4ra hoida suuremaid probleeme ja kulukaid seisakuid. Tehke regulaarselt visuaalset kontrolli ja tehke plaanilise hoolduse ajal \u00fcksikasjalikke kontrolle.<\/p>\n<h3>Sobiv m\u00e4\u00e4rimine<\/h3>\n<p>Veenduge, et h\u00fcdraulikas\u00fcsteem on piisavalt m\u00e4\u00e4ritud, et v\u00e4ltida h\u00f5\u00f5rdumist ja kulumist. Kontrollige regulaarselt \u00f5litaset ja vahetage \u00f5li vastavalt tootja soovitustele. N\u00f5uetekohane m\u00e4\u00e4rimine tagab sujuva t\u00f6\u00f6 ja minimeerib kuivade komponentide t\u00f5ttu rikete ohtu.<\/p>\n<h3>Tihendi vahetamine ja kalibreerimise kontrollimine<\/h3>\n<p>Aja jooksul v\u00f5ivad tihendid h\u00fcdraulikavedeliku ja keskkonnatingimuste t\u00f5ttu halveneda. S\u00fcsteemi terviklikkuse s\u00e4ilitamiseks kontrollige ja vajadusel vahetage tihendeid regulaarselt. Samuti tuleks teha kalibreerimiskontrolle, et tagada silindri t\u00f6\u00f6tamine etten\u00e4htud parameetrite piires ja v\u00e4ltida t\u00f6\u00f6probleeme.<\/p>\n<p><img decoding=\"async\" src=\"https:\/\/www.hydraulic-cylinders.net\/wp-content\/uploads\/2025\/04\/songte-chushion-collar.webp\" alt=\"Padjakaelus\"><\/p>\n<h2>Ohutuskaalutlused<\/h2>\n<p>H\u00fcdrauliliste silindritega t\u00f6\u00f6tamisel on ohutusmeetmed \u00fcliolulised. Veenduge, et kogu personal on koolitatud h\u00fcdrauliliste seadmete n\u00f5uetekohaseks k\u00e4sitsemiseks ja m\u00f5istab sellega seotud riske. Kasutage sobivaid isikukaitsevahendeid (IKV) ja veenduge, et k\u00f5ik seadme ohutusfunktsioonid t\u00f6\u00f6tavad. Regulaarsed ohutusauditid aitavad tuvastada v\u00f5imalikke ohte ja tagada ohutusstandardite j\u00e4rgimise.<\/p>\n<h2>Levinud probleemide t\u00f5rkeotsing<\/h2>\n<ul>\n<li><strong>Leke:<\/strong> Kontrollige v\u00f5imalike p\u00f5hjustena kahjustatud tihendeid v\u00f5i lahtisi liitmikke. Vajadusel vahetage tihendid v\u00e4lja ja veenduge, et k\u00f5ik \u00fchendused on korralikult kinni.<\/li>\n<li><strong>Aeglane t\u00f6\u00f6:<\/strong> See v\u00f5ib viidata madalale h\u00fcdraulikavedeliku tasemele v\u00f5i s\u00fcsteemis olevale \u00f5hule. Veenduge, et vedelikku on lisatud ja \u00f5hutage s\u00fcsteem \u00f5hust.<\/li>\n<li><strong>Ebaj\u00e4rjekindel j\u00f5udlus:<\/strong> J\u00f5udluse k\u00f5ikumised v\u00f5ivad olla p\u00f5hjustatud h\u00fcdraulikavedeliku saastumisest. S\u00fcsteemi j\u00f5udluse s\u00e4ilitamiseks kontrollige ja vahetage h\u00fcdraulikavedelikku regulaarselt.<\/li>\n<\/ul>\n<h2>Veaotsingu n\u00e4pun\u00e4ited<\/h2>\n<p>H\u00fcdrauliliste silindrite probleemide t\u00f5husaks lahendamiseks alustage p\u00f5hjaliku kontrolliga, et tuvastada n\u00e4htavad probleemid. Lekete korral kontrollige k\u00f5igi voolikute ja liitmike tihedust ja terviklikkust. Aeglase t\u00f6\u00f6 korral veenduge, et h\u00fcdraulikavedeliku tase on \u00f5ige ja et voolikutes pole ummistusi. Regulaarne ennetav hooldus, sealhulgas \u00f5igeaegne vedelikuvahetus ja tihendite kontroll, aitab nende probleemide esinemist minimeerida.<\/p>\n<p><img decoding=\"async\" src=\"https:\/\/www.hydraulic-cylinders.net\/wp-content\/uploads\/2025\/04\/songte-bushings-with-all-kinds-of-excavator-models.webp\" alt=\"Ekskavaatori puksid\"><\/p>\n<h2>Meie ettev\u00f5ttest<\/h2>\n<p>Oleme juhtiv h\u00fcdrosilindrite tootja, mis on spetsialiseerunud kvaliteetsete asendush\u00fcdrosilindrite tootmisele erinevatele masinatele. Laia tootevalikuga oleme end kehtestanud \u00fche juhtiva tootja ja hulgim\u00fc\u00fcjana nii sise- kui ka rahvusvahelistel turgudel. Meie p\u00fchendumust tipptasemele toetab keerukas tootmisprotsess, mis \u00fchendab oskust\u00f6\u00f6j\u00f5u, t\u00e4iustatud digitaalsed tootmisseadmed ja ranged kvaliteedikontrolli s\u00fcsteemid.<\/p>\n<p>Meie ettev\u00f5te keskendub tootmisv\u00f5imaluste suurendamisele pideva t\u00e4iustamise ja innovatsiooni kaudu. Meie prioriteediks on k\u00f5igi oma toodete puhul k\u00f5rge efektiivsus, t\u00e4psus ja kvaliteet, tagades, et rahuldame oma klientide mitmekesiseid vajadusi.<\/p>\n<h3>Professionaalne asjatundlikkus<\/h3>\n<p>Meie meeskond koosneb kogenud inseneridest ja tehnikutest, kes on p\u00fchendunud klientidele kohandatud lahenduste pakkumisele. Pakume kohandatud teenuseid, et t\u00e4ita konkreetseid h\u00fcdrauliliste silindrite n\u00f5udeid, tagades \u00fchilduvuse ja optimaalse j\u00f5udluse.<\/p>\n<h3>Rahvusvahelised sertifikaadid<\/h3>\n<p>J\u00e4rgime rahvusvahelisi tootmisstandardeid ja omame mitmesuguseid sertifikaate, mis kinnitavad meie p\u00fchendumust kvaliteedile ja ohutusele. See tagab, et meie kliendid saavad usaldusv\u00e4\u00e4rseid tooteid, mis vastavad \u00fclemaailmsetele t\u00f6\u00f6stusstandarditele.<\/p>\n<h3>Tootmisseadmed<\/h3>\n<p>Meie tipptasemel tootmis\u00fcksused on varustatud uusima tehnoloogiaga, et tagada k\u00f5rgeimad tootmisstandardid. See h\u00f5lmab automatiseeritud masinaid ja t\u00e4ppist\u00f6\u00f6riistu, mis suurendavad tootmise efektiivsust ja tootekvaliteeti.<\/p>\n<h3>M\u00fc\u00fcgij\u00e4rgne teenindus<\/h3>\n<p>Pakume oma klientidele igak\u00fclgset m\u00fc\u00fcgij\u00e4rgset tuge, sealhulgas teenindust ja hooldust. Meie p\u00fchendunud klienditeenindusmeeskond on valmis vastama p\u00e4ringutele, pakkuma tehnilist tuge ja tagama klientide rahulolu.<\/p>\n<p><img decoding=\"async\" src=\"https:\/\/www.hydraulic-cylinders.net\/wp-content\/uploads\/2025\/04\/songte-company-4.webp\" alt=\"Ettev\u00f5tte pilt 1\"><br \/>\n<img decoding=\"async\" src=\"https:\/\/www.hydraulic-cylinders.net\/wp-content\/uploads\/2025\/04\/songte-company-3.webp\" alt=\"Ettev\u00f5tte pilt 2\"><\/p>\n<p>Autor: lyl<\/p>","protected":false},"excerpt":{"rendered":"<p>Boom Cylinder For XCMG Large Excavator XE370CA Product Overview The Boom Cylinder for XCMG Large Excavator XE370CA is a specialized hydraulic cylinder designed to manage the movement of the boom on large excavators. This critical component enables the precise lifting, lowering, and tilting of the boom, facilitating a wide range of material handling tasks. Hydraulic [&hellip;]<\/p>","protected":false},"featured_media":17871,"comment_status":"open","ping_status":"closed","template":"","meta":{"_et_pb_use_builder":"","_et_pb_old_content":"","_et_gb_content_width":""},"product_brand":[],"product_cat":[1546],"product_tag":[1547,1496],"class_list":{"0":"post-19200","1":"product","2":"type-product","3":"status-publish","4":"has-post-thumbnail","6":"product_cat-boom-cylinders","7":"product_tag-boom-cylinders","8":"product_tag-hydraulic-cylinders","10":"first","11":"instock","12":"shipping-taxable","13":"product-type-simple"},"amp_enabled":true,"_links":{"self":[{"href":"https:\/\/www.hydraulic-cylinders.net\/et\/wp-json\/wp\/v2\/product\/19200","targetHints":{"allow":["GET"]}}],"collection":[{"href":"https:\/\/www.hydraulic-cylinders.net\/et\/wp-json\/wp\/v2\/product"}],"about":[{"href":"https:\/\/www.hydraulic-cylinders.net\/et\/wp-json\/wp\/v2\/types\/product"}],"replies":[{"embeddable":true,"href":"https:\/\/www.hydraulic-cylinders.net\/et\/wp-json\/wp\/v2\/comments?post=19200"}],"wp:featuredmedia":[{"embeddable":true,"href":"https:\/\/www.hydraulic-cylinders.net\/et\/wp-json\/wp\/v2\/media\/17871"}],"wp:attachment":[{"href":"https:\/\/www.hydraulic-cylinders.net\/et\/wp-json\/wp\/v2\/media?parent=19200"}],"wp:term":[{"taxonomy":"product_brand","embeddable":true,"href":"https:\/\/www.hydraulic-cylinders.net\/et\/wp-json\/wp\/v2\/product_brand?post=19200"},{"taxonomy":"product_cat","embeddable":true,"href":"https:\/\/www.hydraulic-cylinders.net\/et\/wp-json\/wp\/v2\/product_cat?post=19200"},{"taxonomy":"product_tag","embeddable":true,"href":"https:\/\/www.hydraulic-cylinders.net\/et\/wp-json\/wp\/v2\/product_tag?post=19200"}],"curies":[{"name":"wp","href":"https:\/\/api.w.org\/{rel}","templated":true}]}}