{"id":19204,"date":"2025-04-07T06:18:01","date_gmt":"2025-04-07T06:18:01","guid":{"rendered":"https:\/\/www.hydraulic-cylinders.net\/product\/boom-cylinder-for-xcmg-large-excavator-xe470c\/"},"modified":"2025-04-07T06:18:03","modified_gmt":"2025-04-07T06:18:03","slug":"boom-cylinder-for-xcmg-large-excavator-xe470c","status":"publish","type":"product","link":"https:\/\/www.hydraulic-cylinders.net\/et\/toode\/boom-cylinder-for-xcmg-large-excavator-xe470c\/","title":{"rendered":"XCMG suure ekskavaatori XE470C poomi silinder"},"content":{"rendered":"<h1>XCMG suure ekskavaatori XE470C poomi silinder<\/h1>\n<h2>Sissejuhatus poomi silindrisse<\/h2>\n<p>Noole silinder on rasketehnika oluline komponent, mis on spetsiaalselt loodud suurtele ekskavaatoritele, n\u00e4iteks XCMG XE470C. See h\u00fcdrauliline silinder on loodud ekskavaatori noole liikumise juhtimiseks, v\u00f5imaldades sellel t\u00f5husalt t\u00f5sta, langetada ja kallutada. Noole silindri funktsionaalsus on lahutamatu osa rasketehnika t\u00f6\u00f6tamisel erinevates rakendustes, h\u00f5lbustades selliseid \u00fclesandeid nagu kaevamine, t\u00f5stmine ja materjalide teisaldamine.<\/p>\n<p><img decoding=\"async\" src=\"https:\/\/www.hydraulic-cylinders.net\/wp-content\/uploads\/2025\/04\/songte-company-1.webp\" alt=\"Poomi silindri pilt\"><\/p>\n<h3>Definitsioon ja \u00fclevaade<\/h3>\n<p>Poomi silinder on h\u00fcdrosilindri t\u00fc\u00fcp, mida kasutatakse spetsiaalselt kontrollitud keskkondades rasketehnikas, n\u00e4iteks ekskavaatorites, laadur-ekskavaatorites ja esilaadurites. Need silindrid on \u00fcliolulised t\u00f5husate materjalik\u00e4itlust\u00f6\u00f6de jaoks, v\u00f5imaldades kaevamist ja mustuse ja prahi transportimist. H\u00fcdraulikas\u00fcsteem kasutab lineaarse liikumise loomiseks survestatud vedelikku, mis muudab selle h\u00e4davajalikuks raskete esemete t\u00f5stmiseks ja t\u00e4psete liigutuste jaoks.<\/p>\n<h2>Poomi silindri omadused<\/h2>\n<ul>\n<li><strong>Suur tugevus ja vastupidavus:<\/strong> Valmistatud \u00fclitugevast terasest v\u00f5i alumiiniumist, mis talub k\u00f5rget r\u00f5hku ja suuri koormusi, on loodud vastu pidama karmidele t\u00f6\u00f6tingimustele, pikendades samal ajal eluiga kulumis- ja korrosioonikindluse kaudu.<\/li>\n<li><strong>T\u00f5hus h\u00fcdrauliline t\u00f6\u00f6:<\/strong> Kasutab sujuvaks pikendamiseks ja tagasit\u00f5mbamiseks h\u00fcdraulika\u00f5li r\u00f5hku, reageerides kiiresti operaatori k\u00e4sklustele ning pakkudes m\u00e4rkimisv\u00e4\u00e4rset t\u00f5uke- ja t\u00f5mbej\u00f5udu, mis sobib raskete ja keerukate \u00fclesannete jaoks.<\/li>\n<li><strong>Erinevad t\u00fc\u00fcbid:<\/strong> Saadaval \u00fchetoimelise (\u00fches suunas t\u00f6\u00f6tav) v\u00f5i kahetoimelise (m\u00f5lemas suunas t\u00f6\u00f6tav) konfiguratsioonina ning m\u00f5nel mudelil on teleskoopkonstruktsioon, mis v\u00f5imaldab suuremat pikendust ilma v\u00e4lism\u00f5\u00f5tmeid suurendamata, mis on eeliseks kitsastes ruumides.<\/li>\n<li><strong>\u00dchilduvus:<\/strong> Meie poomisilindrid on loodud ideaalseteks asendusteks erinevatele h\u00fcdrosilindrite mudelitele, tagades sujuva integratsiooni ja funktsionaalsuse.<\/li>\n<li><strong>Kohandatavad valikud:<\/strong> Pakume kohandatud lahendusi, mis vastavad konkreetsetele operatiivsetele vajadustele, tagades \u00f5ige sobivuse igale rasketehnika rakendusele.<\/li>\n<\/ul>\n<p><img decoding=\"async\" src=\"https:\/\/www.hydraulic-cylinders.net\/wp-content\/uploads\/2025\/04\/songte-cylinder-head-with-all-kinds-excavator-models.webp\" alt=\"Poomi silindri \u00fchilduvuse pilt\"><\/p>\n<h2>Poomi silindri rakendused<\/h2>\n<h3>Ehitustehnika<\/h3>\n<p>Ekskavaatorites m\u00e4ngivad noolesilindrid olulist rolli kaevamisel, laadimisel ja pinnase v\u00f5i prahi teisaldamisel. Noole pikendamise ja sisset\u00f5mbamise v\u00f5ime v\u00f5imaldab operaatoritel t\u00f5husalt j\u00f5uda erinevatele s\u00fcgavustele ja k\u00f5rgustele. Lisaks abistab ekskavaator-laadurites noolesilinder mitte ainult kaevamisel, vaid ka kopa t\u00f5stmisel materjalide veoautodele v\u00f5i konveieritele laadimiseks, optimeerides seel\u00e4bi t\u00f6\u00f6voogu ehitusplatsidel.<\/p>\n<h3>P\u00f5llumajandustehnika<\/h3>\n<p>Esilaadurites kasutatakse noole silindreid mulla, heina ja muude materjalide kopeerimiseks, t\u00f5stmiseks ja transportimiseks. H\u00fcdraulikas\u00fcsteem v\u00f5imaldab p\u00f5llumeestel h\u00f5lpsalt lahtisi materjale k\u00e4sitseda, parandades tootlikkust k\u00fclvi- ja koristushooajal. Noole silindri pakutav t\u00e4psus ja v\u00f5imsus on t\u00f5husa p\u00f5llut\u00f6\u00f6 ja ressursside haldamise jaoks h\u00e4davajalikud.<\/p>\n<h3>Ekskavaatorid<\/h3>\n<p>Ekskavaatorites v\u00f5imaldab noole silinder kaevamist, v\u00f5imaldades kopal t\u00f5husalt pinnasesse tungida. See l\u00e4bitungimisv\u00f5ime on oluline erinevat t\u00fc\u00fcpi kaevet\u00f6\u00f6de puhul, alates kraavide kaevamisest kuni platsi ettevalmistamiseni. H\u00fcdrauliline j\u00f5ud tagab, et kopp ulatub s\u00fcgavale pinnasesse, s\u00e4ilitades samal ajal stabiilsuse ja kontrolli.<\/p>\n<h3>Laadurid<\/h3>\n<p>Esilaaduritel aitavad noolesilindrid koormaid t\u00f5husalt t\u00f5sta ja t\u00fchjendada. Kopa nurga ja k\u00f5rguse juhtimise v\u00f5imalus on materjali t\u00f5husa k\u00e4itlemise jaoks kriitilise t\u00e4htsusega, v\u00f5imaldades operaatoritel maksimeerida tootlikkust, minimeerides samal ajal iga \u00fclesande jaoks kuluvat pingutust ja aega.<\/p>\n<h2>Projekteerimiskaalutlused ja valikukriteeriumid<\/h2>\n<h3>Kandev\u00f5ime<\/h3>\n<p>Poomi silindri kandev\u00f5ime on peamine projekteerimiskriteerium. See peab suutma taluda teisaldatavate materjalide maksimaalset raskust ilma purunemisohuta. Kandev\u00f5ime taga olev projekteerimine h\u00f5lmab ranget testimist ja vastupidavate materjalide valimist, et tagada t\u00f6\u00f6kindlus pinge all.<\/p>\n<h3>Tihendi terviklikkus<\/h3>\n<p>Tihendus on h\u00fcdros\u00fcsteemi r\u00f5hu s\u00e4ilitamiseks \u00fclioluline. N\u00f5uetekohased tihendid hoiavad \u00e4ra lekked ja tagavad t\u00f5husa t\u00f6\u00f6. Kvaliteetsete tihendusmaterjalide ja konstruktsioonide kasutamine minimeerib kulumist, pikendades h\u00fcdrosilindri eluiga.<\/p>\n<h3>Vastupidavus<\/h3>\n<p>Vastupidavus on kriitilise t\u00e4htsusega tegur, eriti karmides keskkondades. Noole silindrid peavad olema konstrueeritud nii, et need taluksid lisaks koormate raskusele ka keskkonnam\u00f5jusid, nagu tolm, niiskus ja temperatuurik\u00f5ikumised. T\u00e4iustatud katted ja t\u00f6\u00f6tlused suurendavad vastupidavust kulumisele ja korrosioonile.<\/p>\n<h3>Turvaelemendid<\/h3>\n<p>H\u00fcdrauliliste silindrite projekteerimisel on ohutus esmat\u00e4htis. Selliste funktsioonide nagu r\u00f5hukaitseventiilide ja \u00fclekoormusandurite lisamine aitab v\u00e4ltida \u00f5nnetusi ja seadmete kahjustusi. Need ohutusmeetmed on olulised operaatorite kaitsmiseks ja masinate pikaealisuse tagamiseks.<\/p>\n<h3>Hoolduse ligip\u00e4\u00e4setavus<\/h3>\n<p>Hooldust\u00f6\u00f6dele ligip\u00e4\u00e4setav disain tagab, et operaatorid saavad teha rutiinseid kontrolle ja remondit\u00f6id ilma ulatusliku lahtiv\u00f5tmiseta. See on seisakuaja minimeerimiseks ja t\u00f6\u00f6 efektiivsuse s\u00e4ilitamiseks \u00fclioluline. Lihtne juurdep\u00e4\u00e4s kriitilistele komponentidele v\u00f5ib oluliselt v\u00e4hendada hoolduskulusid ja t\u00f6\u00f6aega.<\/p>\n<p><img decoding=\"async\" src=\"https:\/\/www.hydraulic-cylinders.net\/wp-content\/uploads\/2025\/04\/songte-oil-pipes-and-spare-parts.webp\" alt=\"H\u00fcdrauliliste komponentide pilt\"><\/p>\n<h2>Tihendus ja m\u00e4\u00e4rimine<\/h2>\n<p>H\u00fcdraulikas\u00fcsteemide terviklikkus s\u00f5ltub t\u00f5husast tihendamisest ja m\u00e4\u00e4rimisest. Vedeliku lekke v\u00e4ltimiseks on olulised mitmesugused tihendid, sealhulgas kolvitihendid ja varrastihendid. Vastupidavuse ja kulumiskindluse t\u00f5ttu kasutatakse tavaliselt selliseid materjale nagu pol\u00fcuretaan ja nitriilkummi. Silindri korpus ja keermestatud otsad l\u00e4bivad t\u00e4pse t\u00f6\u00f6tlemise, et suurendada vastupidavust ja j\u00f5udlust. Regulaarne m\u00e4\u00e4rimine h\u00fcdraulika\u00f5liga on vajalik h\u00fcdraulikas\u00fcsteemi efektiivsuse s\u00e4ilitamiseks ja komponentide eluea pikendamiseks.<\/p>\n<h2>Ennetavad hooldusmeetmed<\/h2>\n<ul>\n<li><strong>Regulaarsed kontrollid:<\/strong> Tehke regulaarseid kontrolle, et tuvastada potentsiaalsed probleemid enne nende s\u00fcvenemist. Otsige kulumise, lekete ja silindri j\u00f5udluse m\u00e4rke.<\/li>\n<li><strong>Sobiv m\u00e4\u00e4rimine:<\/strong> Veenduge, et h\u00fcdraulika\u00f5li lisatakse regulaarselt ja et \u00f5li sobib t\u00f6\u00f6tingimustele. See hoiab \u00e4ra \u00fclekuumenemise ja kulumise.<\/li>\n<li><strong>Tihendi vahetamine:<\/strong> Kontrollige ja vahetage regulaarselt tihendeid, et s\u00e4ilitada nende terviklikkus ja v\u00e4ltida lekkeid, tagades optimaalse h\u00fcdraulilise j\u00f5udluse.<\/li>\n<\/ul>\n<h2>Poomi silindri paigaldusjuhised<\/h2>\n<p>Poomi silindri \u00f5ige paigaldamine on maksimaalse efektiivsuse ja ohutuse tagamiseks \u00fclioluline. Alustage veendumaks, et t\u00f6\u00f6ala on vaba ja seade stabiilne. Joondage h\u00fcdrosilinder t\u00e4pselt kinnituspunktidega; vale joondamine v\u00f5ib p\u00f5hjustada enneaegset kulumist. Kasutage silindri kinnitamiseks sobivaid kinnitusklambreid. Veenduge, et k\u00f5ik h\u00fcdrovoolikud on \u00f5igesti \u00fchendatud, v\u00e4ltides igasuguseid murdumisi v\u00f5i pragusid. P\u00e4rast paigaldamist t\u00fchjendage h\u00fcdros\u00fcsteem \u00f5hust ja kontrollige enne masina kasutamist lekete suhtes.<\/p>\n<h2>Levinumad hooldust\u00f6\u00f6d<\/h2>\n<ul>\n<li><strong>Regulaarsed kontrollid:<\/strong> Planeerige rutiinseid kontrolle, et j\u00e4lgida poomi silindri \u00fcldist seisukorda. Keskenduge lekete ja j\u00f5udlusprobleemide kontrollimisele.<\/li>\n<li><strong>\u00d5ige m\u00e4\u00e4rimine:<\/strong> H\u00f5\u00f5rdumise ja kulumise v\u00e4hendamiseks on oluline piisav m\u00e4\u00e4rimine. Veenduge, et h\u00fcdraulika\u00f5li tase oleks soovituslikul tasemel.<\/li>\n<li><strong>Tihendi vahetamine:<\/strong> J\u00e4lgige tihendite seisukorda ja vahetage need vastavalt vajadusele, et s\u00e4ilitada s\u00fcsteemi terviklikkus ja toimimine.<\/li>\n<\/ul>\n<p>\u00d5ige paigaldamine, m\u00e4\u00e4rimine ja reguleerimine on poomi silindri pikaealisuse ja efektiivsuse jaoks kriitilise t\u00e4htsusega. Paigaldamise ajal veenduge, et silinder oleks \u00f5igesti joondatud, et v\u00e4ltida joondusprobleeme. Silindri t\u00f6\u00f6tamise ajal kinnitamiseks on soovitatav kasutada sobivaid paigaldustugesid. Optimaalse funktsionaalsuse s\u00e4ilitamiseks tuleks rakendada regulaarseid j\u00e4lgimis-, remondi- ja vahetusprotseduure. Nende strateegiate rakendamine v\u00f5ib teie h\u00fcdraulikakomponentide eluiga oluliselt pikendada.<\/p>\n<p><img decoding=\"async\" src=\"https:\/\/www.hydraulic-cylinders.net\/wp-content\/uploads\/2025\/04\/songte-chushion-collar.webp\" alt=\"Padjakrae pilt\"><\/p>\n<h2>Ohutuskaalutlused ja keskkonnategurid<\/h2>\n<p>H\u00fcdrauliliste silindrite kasutamisel on ohutusmeetmete rakendamine \u00f5nnetuste ja seadmete kahjustuste v\u00e4ltimiseks \u00fclioluline. Operaatorid peaksid olema koolitatud \u00e4ra tundma h\u00fcdrauliliste s\u00fcsteemidega seotud v\u00f5imalikke ohte. T\u00f6\u00f6tamise ja hoolduse ajal tuleks kanda sobivaid isikukaitsevahendeid. Poomi silindrite projekteerimisel ja kasutamisel tuleks arvestada ka keskkonnateguritega, n\u00e4iteks kokkupuutega \u00e4\u00e4rmuslike temperatuuride v\u00f5i s\u00f6\u00f6vitavate ainetega, et tagada nende pikaealisus ja j\u00f5udlus.<\/p>\n<h2>Rikete diagnoosimine ja levinud probleemid<\/h2>\n<ul>\n<li><strong>Leke:<\/strong> Lekkeid v\u00f5ib p\u00f5hjustada kulunud tihendid v\u00f5i kahjustatud voolikud. Nende probleemide kiireks tuvastamiseks ja parandamiseks on oluline regulaarne kontroll.<\/li>\n<li><strong>R\u00f5hukaotus:<\/strong> Ebapiisav h\u00fcdrauliline r\u00f5hk v\u00f5ib p\u00f5hjustada ebapiisavat j\u00f5udlust. Kontrollige h\u00fcdraulikavoolikutes ummistusi v\u00f5i lekkeid.<\/li>\n<li><strong>Aeglane reageering:<\/strong> Poomi silindri viivitusega reageerimine v\u00f5ib viidata madalale h\u00fcdraulikavedeliku tasemele v\u00f5i probleemidele h\u00fcdraulikapumbas.<\/li>\n<\/ul>\n<h2>Veaotsingu n\u00e4pun\u00e4ited<\/h2>\n<p>T\u00f5hus rikete diagnoosimine ja lahendamine on t\u00f6\u00f6 efektiivsuse s\u00e4ilitamise v\u00f5tmeks. Lekete korral hinnake tihendite terviklikkust ja vajadusel vahetage need v\u00e4lja. R\u00f5hulanguse tuvastamisel kontrollige h\u00fcdros\u00fcsteemi ummistuste v\u00f5i lekete suhtes ja k\u00f5rvaldage need kohe. Aeglase reageerimise korral veenduge, et h\u00fcdrovedelik on t\u00e4idetud \u00f5ige tasemeni, ja kontrollige pumba toimimist. Ennetavate meetmete rakendamine, n\u00e4iteks regulaarne hooldus ja \u00fclevaatused, aitab minimeerida v\u00f5imalikke probleeme ja parandada h\u00fcdros\u00fcsteemide vastupidavust.<\/p>\n<p><img decoding=\"async\" src=\"https:\/\/www.hydraulic-cylinders.net\/wp-content\/uploads\/2025\/04\/songte-bushings-with-all-kinds-of-excavator-models.webp\" alt=\"Pukside pilt\"><\/p>\n<h2>Meie ettev\u00f5ttest<\/h2>\n<p>Oleme juhtiv asendush\u00fcdrauliliste silindrite tootja, pakkudes laia tootevalikut, mis asetab meid nii sise- kui ka rahvusvahelistel turgudel juhtivate tootjate ja hulgim\u00fc\u00fcjate hulka. Meie p\u00fchendumus tipptasemele ja t\u00e4psed tootmisjuhtimise strateegiad tagavad kvaliteetse tootmise. Kasutades oskuslikke tehnikuid, t\u00e4iustatud digitaalseid tootmisseadmeid ja professionaalseid testimiss\u00fcsteeme, t\u00e4iustame pidevalt oma tootmisplatvormi, j\u00e4rgides samal ajal k\u00f5rgeid efektiivsus-, t\u00e4psus- ja kvaliteedistandardeid, et rahuldada klientide mitmekesiseid vajadusi.<\/p>\n<p><img decoding=\"async\" src=\"https:\/\/www.hydraulic-cylinders.net\/wp-content\/uploads\/2025\/04\/songte-company-4.webp\" alt=\"Ettev\u00f5tte pilt 1\"><br \/>\n<img decoding=\"async\" src=\"https:\/\/www.hydraulic-cylinders.net\/wp-content\/uploads\/2025\/04\/songte-company-3.webp\" alt=\"Ettev\u00f5tte pilt 2\"><\/p>\n<p>Meie asjatundlikkus h\u00f5lmab mitmesuguseid tahke, sealhulgas spetsialiseerumist, rahvusvahelisi sertifikaate, kohandatud teenuseid, tipptasemel tootmisseadmeid ja igak\u00fclgset m\u00fc\u00fcgij\u00e4rgset tuge.<\/p>\n<p>Autor: lyl<\/p>","protected":false},"excerpt":{"rendered":"<p>Boom Cylinder For XCMG Large Excavator XE470C Introduction to Boom Cylinder The Boom Cylinder is a pivotal component in heavy machinery, specifically engineered for large excavators such as the XCMG XE470C. This hydraulic cylinder is designed to control the movement of the excavator&#8217;s boom, allowing it to lift, lower, and tilt effectively. The functionality of [&hellip;]<\/p>","protected":false},"featured_media":17875,"comment_status":"open","ping_status":"closed","template":"","meta":{"_et_pb_use_builder":"","_et_pb_old_content":"","_et_gb_content_width":""},"product_brand":[],"product_cat":[1546],"product_tag":[1547,1496],"class_list":{"0":"post-19204","1":"product","2":"type-product","3":"status-publish","4":"has-post-thumbnail","6":"product_cat-boom-cylinders","7":"product_tag-boom-cylinders","8":"product_tag-hydraulic-cylinders","10":"first","11":"instock","12":"shipping-taxable","13":"product-type-simple"},"amp_enabled":true,"_links":{"self":[{"href":"https:\/\/www.hydraulic-cylinders.net\/et\/wp-json\/wp\/v2\/product\/19204","targetHints":{"allow":["GET"]}}],"collection":[{"href":"https:\/\/www.hydraulic-cylinders.net\/et\/wp-json\/wp\/v2\/product"}],"about":[{"href":"https:\/\/www.hydraulic-cylinders.net\/et\/wp-json\/wp\/v2\/types\/product"}],"replies":[{"embeddable":true,"href":"https:\/\/www.hydraulic-cylinders.net\/et\/wp-json\/wp\/v2\/comments?post=19204"}],"wp:featuredmedia":[{"embeddable":true,"href":"https:\/\/www.hydraulic-cylinders.net\/et\/wp-json\/wp\/v2\/media\/17875"}],"wp:attachment":[{"href":"https:\/\/www.hydraulic-cylinders.net\/et\/wp-json\/wp\/v2\/media?parent=19204"}],"wp:term":[{"taxonomy":"product_brand","embeddable":true,"href":"https:\/\/www.hydraulic-cylinders.net\/et\/wp-json\/wp\/v2\/product_brand?post=19204"},{"taxonomy":"product_cat","embeddable":true,"href":"https:\/\/www.hydraulic-cylinders.net\/et\/wp-json\/wp\/v2\/product_cat?post=19204"},{"taxonomy":"product_tag","embeddable":true,"href":"https:\/\/www.hydraulic-cylinders.net\/et\/wp-json\/wp\/v2\/product_tag?post=19204"}],"curies":[{"name":"wp","href":"https:\/\/api.w.org\/{rel}","templated":true}]}}