{"id":19208,"date":"2025-04-07T06:18:13","date_gmt":"2025-04-07T06:18:13","guid":{"rendered":"https:\/\/www.hydraulic-cylinders.net\/product\/boom-cylinder-for-xcmg-wheel-excavator-xe150w\/"},"modified":"2025-04-07T06:18:16","modified_gmt":"2025-04-07T06:18:16","slug":"boom-cylinder-for-xcmg-wheel-excavator-xe150w","status":"publish","type":"product","link":"https:\/\/www.hydraulic-cylinders.net\/et\/toode\/boom-cylinder-for-xcmg-wheel-excavator-xe150w\/","title":{"rendered":"XCMG ratasekskavaatori XE150W poomi silinder"},"content":{"rendered":"<h1>XCMG ratasekskavaatori XE150W poomi silinder<\/h1>\n<h2>Poomi silindri \u00fclevaade<\/h2>\n<p>Poomi silinder on h\u00fcdraulikas\u00fcsteemide oluline komponent, mis on spetsiaalselt loodud erinevate raskete masinate, n\u00e4iteks ekskavaatorite, ekskavaatorilaadurite ja esilaadurite poomide liikumise juhtimiseks. See v\u00f5imaldab poomil t\u00f5sta, langetada ja kallutada, h\u00f5lbustades t\u00f5husaid materjalik\u00e4itlust\u00f6id. Poomi silinder on h\u00fcdraulikasilindri t\u00fc\u00fcp, mis kasutab nende funktsioonide t\u00e4itmiseks h\u00fcdraulilise vedeliku r\u00f5hku, mist\u00f5ttu on see ehitus- ja p\u00f5llumajandusmasinate k\u00e4itamiseks h\u00e4davajalik.<\/p>\n<p><img decoding=\"async\" src=\"https:\/\/www.hydraulic-cylinders.net\/wp-content\/uploads\/2025\/04\/songte-company-1.webp\" alt=\"Poomi silinder\"><\/p>\n<h3>Funktsionaalsus ja rakendused<\/h3>\n<p>Poomi silinder m\u00e4ngib ekskavaatori h\u00fcdros\u00fcsteemis \u00fcliolulist rolli. V\u00f5imaldades poomil v\u00e4lja ja sisse t\u00f5mbuda, annab see vajaliku j\u00f5u materjalide t\u00f5husaks kaevamiseks, t\u00f5stmiseks ja transportimiseks. Need silindrid on loodud t\u00f6\u00f6tama k\u00f5rge r\u00f5hu all, tagades liikumise t\u00e4psuse ja stabiilsuse t\u00f6\u00f6 ajal. Nende rakendused ulatuvad kaugemale kui ainult ekskavaatorid, muutes need asendamatuks mitmesugustes raskeveokite masinates.<\/p>\n<h2>Poomi silindri omadused<\/h2>\n<ul>\n<li><strong>Suur tugevus ja vastupidavus:<\/strong> K\u00f5rgtugevast terasest v\u00f5i alumiiniumist valmistatud poomi silinder on loodud taluma k\u00f5rget r\u00f5hku ja suuri koormusi, mist\u00f5ttu sobib see karmideks t\u00f6\u00f6keskkondadeks. Selle konstruktsioonis on arvestatud ka kulumiskindluse ja korrosioonikaitsega, mis pikendab selle eluiga.<\/li>\n<li><strong>T\u00f5hus h\u00fcdrauliline t\u00f6\u00f6:<\/strong> Silinder kasutab sujuvaks pikendamiseks ja tagasit\u00f5mbamiseks h\u00fcdraulika\u00f5li r\u00f5hku, mis v\u00f5imaldab kiiret reageerimist juhtimisk\u00e4sklustele ning pakub v\u00f5imsat t\u00f5uke- ja t\u00f5mbej\u00f5udu, mis sobib ideaalselt raskete ja keerukate \u00fclesannete t\u00e4itmiseks.<\/li>\n<li><strong>Erinevad t\u00fc\u00fcbid:<\/strong> Saadaval \u00fchetoimelise (h\u00fcdrauliline toime \u00fches suunas) v\u00f5i kahetoimelise (h\u00fcdrauliline toime m\u00f5lemas suunas) konfiguratsioonina, et rahuldada erinevaid t\u00f6\u00f6vajadusi. M\u00f5ned mudelid on teleskoopilised, v\u00f5imaldades suuremat pikendust ilma v\u00e4lism\u00f5\u00f5tmeid suurendamata, mis sobib ideaalselt ruumikitsastes rakendustes.<\/li>\n<\/ul>\n<h3>Tootmisv\u00f5ime<\/h3>\n<p>Meie tooted suudavad neid h\u00fcdrosilindreid ideaalselt asendada, tagades kvaliteedi ja j\u00f5udluse, mis vastab t\u00f6\u00f6stusstandarditele.<\/p>\n<p><img decoding=\"async\" src=\"https:\/\/www.hydraulic-cylinders.net\/wp-content\/uploads\/2025\/04\/songte-cylinder-head-with-all-kinds-excavator-models.webp\" alt=\"Poomi silindri tootmine\"><\/p>\n<h2>Rakendusstsenaariumid<\/h2>\n<ul>\n<li><strong>Ehitustehnika:<\/strong> Ekskavaatorites on noolesilindrid olulised kaevamiseks, laadimiseks ja pinnase v\u00f5i prahi teisaldamiseks. Need v\u00f5imaldavad ekskavaatoril t\u00e4pselt t\u00e4ita mitmesuguseid \u00fclesandeid, n\u00e4iteks kaevamist ja materjali transporti.<\/li>\n<li><strong>Ekskavaatorlaadurid:<\/strong> Ekskavaator-laaduritel abistab noole silinder nii kaevamis- kui ka t\u00f5stmist\u00f6\u00f6del, suurendades tootlikkust ja t\u00f5husust ehitus- ja haljastust\u00f6\u00f6del.<\/li>\n<li><strong>P\u00f5llumajandusmasinad:<\/strong> Esilaadurites kasutatavad noolesilindrid on \u00fcliolulised mulla, heina ja muude materjalide kopeerimiseks, t\u00f5stmiseks ja transportimiseks. Nende vastupidav konstruktsioon h\u00f5lbustab raskete esemete t\u00f5stmist n\u00f5udvaid p\u00f5llumajandust\u00f6id.<\/li>\n<li><strong>Ekskavaatori funktsioonid:<\/strong> Poomi silinder v\u00f5imaldab ekskavaatori kopal pinnasesse tungida, h\u00f5lbustades ehitusprojektide jaoks olulisi t\u00f5husaid kaevamist\u00f6id.<\/li>\n<li><strong>Laadurid:<\/strong> Esilaadurites pakuvad noolesilindrid vajalikku j\u00f5udu koormate t\u00f5husaks t\u00f5stmiseks ja t\u00fchjendamiseks, mis on ehitusplatsidel materjalide k\u00e4itlemiseks \u00fclioluline.<\/li>\n<\/ul>\n<h2>Projekteerimiskaalutlused ja valikukriteeriumid<\/h2>\n<h3>Kandev\u00f5ime<\/h3>\n<p>Poomi silindri kandev\u00f5ime on kriitilise t\u00e4htsusega tegur. See peab suutma taluda t\u00f6\u00f6 ajal eeldatavat maksimaalset raskust ilma purunemise riskita. Konstruktsioon peaks tagama silindri stabiilsuse muutuvate koormuste korral, v\u00e4hendades \u00f5nnetuste ohtu.<\/p>\n<h3>Tihendi terviklikkus<\/h3>\n<p>T\u00f5hus tihendamine on oluline h\u00fcdraulilise vedeliku lekete v\u00e4ltimiseks, mis v\u00f5ivad p\u00f5hjustada j\u00f5udluse langust ja potentsiaalseid ohte. Tihendite valik peaks p\u00f5hinema konkreetsetel t\u00f6\u00f6tingimustel, sealhulgas temperatuuril ja kokkupuutel saasteainetega.<\/p>\n<h3>Vastupidavus<\/h3>\n<p>Vastupidavus on ehitus- ja p\u00f5llumajandussektoris, kus seadmed puutuvad kokku karmide tingimustega, \u00fclioluline. Kulumis- ja korrosioonikindlate materjalide valimine pikendab poomi silindri eluiga, tagades usaldusv\u00e4\u00e4rse j\u00f5udluse aja jooksul.<\/p>\n<h3>Turvaelemendid<\/h3>\n<p>Poomi silindri konstruktsiooni tuleks integreerida ohutusfunktsioonid, et v\u00e4ltida \u00f5nnetusi t\u00f6\u00f6tamise ajal. See h\u00f5lmab kaitseklappe ja r\u00f5hu alandamise s\u00fcsteeme, mis kaitsevad \u00fclekoormuse eest ja tagavad raskete koormate ohutu k\u00e4sitsemise.<\/p>\n<h3>Hoolduse ligip\u00e4\u00e4setavus<\/h3>\n<p>Konstruktsioon peaks v\u00f5imaldama komponentidele hoolduse eesm\u00e4rgil h\u00f5lpsat juurdep\u00e4\u00e4su. Regulaarne kontroll ja hooldus on h\u00fcdrosilindri eluea pikendamiseks ja optimaalse j\u00f5udluse tagamiseks \u00fcliolulised.<\/p>\n<p><img decoding=\"async\" src=\"https:\/\/www.hydraulic-cylinders.net\/wp-content\/uploads\/2025\/04\/songte-oil-pipes-and-spare-parts.webp\" alt=\"H\u00fcdrauliliste silindrite osad\"><\/p>\n<h2>Tihendus ja m\u00e4\u00e4rimine<\/h2>\n<p>T\u00f5hus tihendamine ja m\u00e4\u00e4rimine on poomi silindrite toimimise seisukohalt \u00fcliolulised. H\u00fcdraulikavedeliku silindris p\u00fcsimise tagamiseks kasutatakse mitmesuguseid tihenduskomponente, n\u00e4iteks kolvi- ja vardatihendeid. Kulumiskindluse t\u00f5ttu on eelistatud vastupidavatest materjalidest, n\u00e4iteks pol\u00fcuretaanist ja nitriilkummist, valmistatud tihendid.<\/p>\n<p>Silindri korpus ja keermestatud otsapinnad peavad kulumiskindluse suurendamiseks l\u00e4bima peene t\u00f6\u00f6tluse. Lisaks on sujuva t\u00f6\u00f6 s\u00e4ilitamiseks ja h\u00f5\u00f5rdumisest tingitud sisemiste kahjustuste v\u00e4ltimiseks vajalik regulaarne m\u00e4\u00e4rimine sobiva h\u00fcdraulika\u00f5liga.<\/p>\n<h2>Regulaarne kontroll ja ennetavad hooldusmeetmed<\/h2>\n<ul>\n<li><strong>Regulaarsed kontrollid:<\/strong> Tehke rutiinseid kontrolle kulumis- v\u00f5i kahjustuste tunnuste tuvastamiseks. See h\u00f5lmab tihendite lekete kontrollimist ja k\u00f5igi komponentide korrektse toimimise tagamist.<\/li>\n<li><strong>\u00d5ige m\u00e4\u00e4rimine:<\/strong> Veenduge, et h\u00fcdraulika\u00f5li tase on piisav ja et kasutatav \u00f5li sobib t\u00f6\u00f6tingimustega optimaalse j\u00f5udluse s\u00e4ilitamiseks.<\/li>\n<li><strong>Tihendi vahetamine:<\/strong> Lekete v\u00e4ltimiseks ja h\u00fcdraulilise r\u00f5hu s\u00e4ilitamiseks vahetage tihendeid vastavalt vajadusele. Regulaarsed kontrollid aitavad kindlaks teha, millal tihendid hakkavad rikki minema.<\/li>\n<\/ul>\n<h2>Paigaldusjuhised<\/h2>\n<p>Poomi silindri \u00f5ige paigaldamine on selle j\u00f5udluse ja pikaealisuse seisukohalt \u00fclioluline. Veenduge, et kinnitusklambrid on \u00f5igesti joondatud ja silinder on kindlalt kinnitatud, et v\u00e4ltida liikumist t\u00f6\u00f6tamise ajal. Kasutage silindri stabiliseerimiseks sobivaid kinnitustugesid ja j\u00e4rgige tootja spetsifikatsioone p\u00f6\u00f6rdemomendi s\u00e4tete kohta.<\/p>\n<p>Paigaldamise ajal p\u00f6\u00f6rake t\u00e4helepanu h\u00fcdraulilistele \u00fchendustele, et v\u00e4ltida lekkeid. Veenduge, et k\u00f5ik voolikud ja liitmikud on \u00f5igesti kinnitatud ja kulumise suhtes kontrollitud. P\u00e4rast paigaldamist testige s\u00fcsteemi, et veenduda silindri etten\u00e4htud otstarbel t\u00f6\u00f6tamises, tehes vajalikud muudatused.<\/p>\n<h2>Levinumad hooldust\u00f6\u00f6d<\/h2>\n<ul>\n<li><strong>Regulaarsed kontrollid:<\/strong> Planeerige regulaarseid kontrolle kulumisj\u00e4lgede v\u00f5i v\u00f5imalike probleemide otsimiseks. See ennetav l\u00e4henemisviis aitab probleeme tuvastada enne, kui need t\u00f5siste riketeni viivad.<\/li>\n<li><strong>\u00d5ige m\u00e4\u00e4rimine:<\/strong> Veenduge, et silinder oleks piisavalt m\u00e4\u00e4ritud \u00f5ige h\u00fcdraulika\u00f5liga, et v\u00e4ltida h\u00f5\u00f5rdumisest tingitud kulumist ja s\u00e4ilitada sujuv t\u00f6\u00f6.<\/li>\n<li><strong>Tihendi vahetamine ja kalibreerimise kontrollimine:<\/strong> Kontrollige regulaarselt tihendeid kahjustuste suhtes ja vajadusel vahetage need v\u00e4lja. Kalibreerimise kontrollimine on samuti oluline, et tagada silindri t\u00f6\u00f6tamine etten\u00e4htud piirides.<\/li>\n<\/ul>\n<h2>Ohutuskaalutlused ja keskkonnategurid<\/h2>\n<p>Poomisilindrite kasutamisel on oluline j\u00e4rgida ohutusmeetmeid, et kaitsta operaatoreid ja seadmeid. Operaatoritele n\u00f5uetekohaste koolitusprogrammide rakendamine tagab, et nad m\u00f5istavad masinate ohutut k\u00e4sitsemist. Lisaks v\u00e4hendab puhta t\u00f6\u00f6keskkonna s\u00e4ilitamine lekete ja leketega seotud riske, aidates kaasa ohutumale t\u00f6\u00f6kohale.<\/p>\n<h2>Levinud probleemide t\u00f5rkeotsing<\/h2>\n<ul>\n<li><strong>Leke:<\/strong> Kontrollige lekkeid tihendite v\u00f5i kahjustatud \u00fchenduste suhtes. Kulunud tihendite vahetamine ja k\u00f5igi liitmike tiheda oleku tagamine v\u00f5ib selle probleemi lahendada.<\/li>\n<li><strong>Aeglane liikumine:<\/strong> Kui poom t\u00f6\u00f6tab aeglaselt, kontrollige h\u00fcdraulikavedeliku taset ja kaaluge h\u00fcdraulikavoolikute ummistuste kontrollimist.<\/li>\n<li><strong>Ebatavalised helid:<\/strong> Krigisev v\u00f5i koputav heli v\u00f5ib viidata sisemistele kahjustustele. On \u00e4\u00e4rmiselt oluline kohe t\u00f6\u00f6 peatada ja silindrit kontrollida.<\/li>\n<\/ul>\n<h2>Veaotsingu n\u00e4pun\u00e4ited<\/h2>\n<p>Poomi silindri probleemide t\u00f5husaks diagnoosimiseks ja lahendamiseks j\u00e4lgige regulaarselt selle toimivust ja olge teadlik k\u00f5igist t\u00f6\u00f6s toimuvatest muutustest. Ennetavad meetmed, n\u00e4iteks hooldusgraafikute j\u00e4rgimine ja kvaliteetsete h\u00fcdraulikavedelike kasutamine, aitavad v\u00e4hendada probleemide t\u00f5en\u00e4osust. H\u00fcdraulilise r\u00f5hu j\u00e4lgimine ja vajalike reguleerimiste tegemine aitab samuti kaasa silindri pikaealisusele.<\/p>\n<p><img decoding=\"async\" src=\"https:\/\/www.hydraulic-cylinders.net\/wp-content\/uploads\/2025\/04\/songte-bushings-with-all-kinds-of-excavator-models.webp\" alt=\"Poomi silindri komponendid\"><\/p>\n<h2>Ettev\u00f5tte \u00fclevaade<\/h2>\n<p>Oleme juhtiv asendush\u00fcdrauliliste silindrite tootja, pakkudes laia tootevalikut, mis on teinud meist \u00fche juhtiva tootja ja hulgim\u00fc\u00fcja nii sise- kui ka rahvusvahelistel turgudel. Meie p\u00fchendumus tipptasemele peegeldub meie t\u00e4iustatud tootmisstrateegiates ning t\u00e4iustatud tehnoloogia ja oskuslike spetsialistide kasutamises.<\/p>\n<p>Meie jaoks on kvaliteet esmat\u00e4htis, kasutades tipptasemel tootmisseadmeid ja tugevat kvaliteedikontrollis\u00fcsteemi, et tagada meie toodete vastavus rangetele t\u00f6\u00f6stusstandarditele. Meie v\u00f5ime lahendusi kohandada vastab klientide mitmekesistele vajadustele ja meie p\u00fchendunud m\u00fc\u00fcgij\u00e4rgne teenindus kinnitab meie p\u00fchendumust klientide rahulolule.<\/p>\n<p><img decoding=\"async\" src=\"https:\/\/www.hydraulic-cylinders.net\/wp-content\/uploads\/2025\/04\/songte-company-4.webp\" alt=\"Ettev\u00f5tte \u00fclevaade\"><br \/>\n<img decoding=\"async\" src=\"https:\/\/www.hydraulic-cylinders.net\/wp-content\/uploads\/2025\/04\/songte-company-3.webp\" alt=\"Ettev\u00f5tte tootmine\"><\/p>\n<p>Autor: lyl<\/p>","protected":false},"excerpt":{"rendered":"<p>Boom Cylinder For XCMG Wheel Excavator XE150W Overview of the Boom Cylinder The boom cylinder is a vital component in hydraulic systems, specifically designed to control the movement of booms in various heavy machinery, such as excavators, backhoes, and front loaders. It enables the boom to lift, lower, and tilt, facilitating efficient material handling tasks. [&hellip;]<\/p>","protected":false},"featured_media":17879,"comment_status":"open","ping_status":"closed","template":"","meta":{"_et_pb_use_builder":"","_et_pb_old_content":"","_et_gb_content_width":""},"product_brand":[],"product_cat":[1546],"product_tag":[1547,1496],"class_list":{"0":"post-19208","1":"product","2":"type-product","3":"status-publish","4":"has-post-thumbnail","6":"product_cat-boom-cylinders","7":"product_tag-boom-cylinders","8":"product_tag-hydraulic-cylinders","10":"first","11":"instock","12":"shipping-taxable","13":"product-type-simple"},"amp_enabled":true,"_links":{"self":[{"href":"https:\/\/www.hydraulic-cylinders.net\/et\/wp-json\/wp\/v2\/product\/19208","targetHints":{"allow":["GET"]}}],"collection":[{"href":"https:\/\/www.hydraulic-cylinders.net\/et\/wp-json\/wp\/v2\/product"}],"about":[{"href":"https:\/\/www.hydraulic-cylinders.net\/et\/wp-json\/wp\/v2\/types\/product"}],"replies":[{"embeddable":true,"href":"https:\/\/www.hydraulic-cylinders.net\/et\/wp-json\/wp\/v2\/comments?post=19208"}],"wp:featuredmedia":[{"embeddable":true,"href":"https:\/\/www.hydraulic-cylinders.net\/et\/wp-json\/wp\/v2\/media\/17879"}],"wp:attachment":[{"href":"https:\/\/www.hydraulic-cylinders.net\/et\/wp-json\/wp\/v2\/media?parent=19208"}],"wp:term":[{"taxonomy":"product_brand","embeddable":true,"href":"https:\/\/www.hydraulic-cylinders.net\/et\/wp-json\/wp\/v2\/product_brand?post=19208"},{"taxonomy":"product_cat","embeddable":true,"href":"https:\/\/www.hydraulic-cylinders.net\/et\/wp-json\/wp\/v2\/product_cat?post=19208"},{"taxonomy":"product_tag","embeddable":true,"href":"https:\/\/www.hydraulic-cylinders.net\/et\/wp-json\/wp\/v2\/product_tag?post=19208"}],"curies":[{"name":"wp","href":"https:\/\/api.w.org\/{rel}","templated":true}]}}