{"id":19209,"date":"2025-04-07T06:18:16","date_gmt":"2025-04-07T06:18:16","guid":{"rendered":"https:\/\/www.hydraulic-cylinders.net\/product\/boom-cylinder-for-xcmg-wheel-excavator-xe210w\/"},"modified":"2025-04-07T06:18:18","modified_gmt":"2025-04-07T06:18:18","slug":"boom-cylinder-for-xcmg-wheel-excavator-xe210w","status":"publish","type":"product","link":"https:\/\/www.hydraulic-cylinders.net\/et\/toode\/boom-cylinder-for-xcmg-wheel-excavator-xe210w\/","title":{"rendered":"XCMG ratasekskavaatori XE210w poomi silinder"},"content":{"rendered":"<h1>XCMG ratasekskavaatori XE210w poomi silinder<\/h1>\n<h2>Toote \u00fclevaade<\/h2>\n<p>XCMG ratasekskavaatori XE210w noole silinder on kriitiline komponent, mis on loodud ekskavaatorite noole liikumise juhtimiseks. Seda t\u00fc\u00fcpi h\u00fcdrosilindril on oluline roll rasketehnika t\u00f5husal mitmesuguste \u00fclesannete t\u00e4itmisel. T\u00e4psemalt v\u00f5imaldab noole silinder noole t\u00f5stmist, langetamist ja kallutamist, h\u00f5lbustades materjalide k\u00e4itlemise \u00fclesandeid, nagu kaevamine, t\u00f5stmine ja materjalide transportimine.<\/p>\n<p><img decoding=\"async\" src=\"https:\/\/www.hydraulic-cylinders.net\/wp-content\/uploads\/2025\/04\/songte-company-1.webp\" alt=\"Poomi silindri pilt\"><\/p>\n<h3>Poomi silindrite definitsioon ja \u00fclevaade<\/h3>\n<p>Noolesilindrid on h\u00fcdraulilised silindrid, mis on spetsiaalselt loodud noole liikumise juhtimiseks rasketehnikas, sealhulgas ekskavaatorites, laadurites ja esilaadurites. Need silindrid on \u00fcliolulised, et v\u00f5imaldada noolel liikuda eri suundades, v\u00f5imaldades operaatoritel t\u00e4ita selliseid \u00fclesandeid nagu pinnase kaevamine, prahi laadimine ja raskete koormate t\u00f5stmine. H\u00fcdraulikas\u00fcsteemi v\u00f5ime avaldada survet t\u00e4hendab efektiivset t\u00f6\u00f6v\u00f5imet, muutes need silindrid t\u00e4nap\u00e4evaste kaevamis- ja ehitusmasinate nurgakiviks.<\/p>\n<h2>Poomi silindri omadused<\/h2>\n<ul>\n<li><strong>Suur tugevus ja vastupidavus:<\/strong> Valmistatud \u00fclitugevast terasest v\u00f5i alumiiniumist, mis on loodud taluma k\u00f5rget r\u00f5hku ja suuri koormusi, sobib karmidesse t\u00f6\u00f6keskkondadesse. Konstruktsioon arvestab ka kulumiskindluse ja korrosioonikindlusega, pikendades selle eluiga.<\/li>\n<li><strong>T\u00f5hus h\u00fcdrauliline t\u00f6\u00f6:<\/strong> Kasutab sujuvaks pikendamiseks ja tagasit\u00f5mbamiseks h\u00fcdraulika\u00f5li r\u00f5hku, reageerib kiiresti juhtimisk\u00e4sklustele ning pakub v\u00f5imsaid t\u00f5uke- ja t\u00f5mbej\u00f5ude, mis sobib ideaalselt raskete materjalide ja keerukate \u00fclesannete k\u00e4sitsemiseks.<\/li>\n<li><strong>Erinevad t\u00fc\u00fcbid:<\/strong> Saadaval \u00fchetoimelise (h\u00fcdrauliline \u00fches suunas) v\u00f5i kahetoimelise (h\u00fcdrauliline m\u00f5lemas suunas) konfiguratsioonina, mis vastab erinevatele t\u00f6\u00f6vajadustele. M\u00f5ned mudelid on teleskoopilised, v\u00f5imaldades suuremat pikendamist ilma v\u00e4lism\u00f5\u00f5tmeid suurendamata, mis sobib ideaalselt ruumikitsastes rakendustes.<\/li>\n<li><strong>Kohandatud tootmine:<\/strong> Meie ettev\u00f5te on spetsialiseerunud nende silindrite tootmisele, mis suudavad suurep\u00e4raselt asendada olemasolevaid h\u00fcdrosilindreid.<\/li>\n<li><strong>Integreerimine erinevate masinatega:<\/strong> Loodud sobima sujuvalt erinevate ekskavaatorimudelitega, tagades \u00fchilduvuse ja t\u00f5hususe t\u00f6\u00f6s.<\/li>\n<\/ul>\n<p><img decoding=\"async\" src=\"https:\/\/www.hydraulic-cylinders.net\/wp-content\/uploads\/2025\/04\/songte-cylinder-head-with-all-kinds-excavator-models.webp\" alt=\"Silindrite \u00fchilduvuse pilt\"><\/p>\n<h2>Poomi silindrite rakendused<\/h2>\n<h3>Ehitustehnika<\/h3>\n<p>Ehitusvaldkonnas leidub noolesilindreid ekskavaatorites, kus need on \u00fcliolulised kaevamisel, laadimisel ja pinnase v\u00f5i prahi teisaldamisel. Nende p\u00f6\u00f6rlemis- ja pikenemisv\u00f5ime h\u00f5lbustab mitte ainult pinnasematerjalide kaevamist, vaid aitab ka neid veoautodele v\u00f5i etten\u00e4htud kohtadesse laadida. Ekskavaator-laadurites aitab noolesilinder nii kaevamisel kui ka t\u00f5stmisel, muutes selle mitmesuguste ehitust\u00f6\u00f6de jaoks asendamatuks.<\/p>\n<h3>P\u00f5llumajandustehnika<\/h3>\n<p>P\u00f5llumajandusmasinates kasutatakse esilaadurites noolesilindreid mulla, heina ja muude materjalide kopeerimiseks, t\u00f5stmiseks ja transportimiseks. Need silindrid suurendavad erinevate p\u00f5llumajandustoimingute t\u00f5husust, v\u00f5imaldades p\u00f5llumajandussaaduste kiiret ja t\u00f5husat k\u00e4itlemist. Nende konstruktsioon tagab, et need suudavad toime tulla raskete koormate t\u00f5stmise ja transportimisega kaasnevate pingetega, s\u00e4ilitades samal ajal t\u00f6\u00f6stabiilsuse.<\/p>\n<h3>Ekskavaatorid<\/h3>\n<p>Ekskavaatorites on noolesilindrid \u00fcliolulised, et kopp saaks pinnasesse tungida ja kaevamine oleks efektiivne. Nende silindrite tekitatud h\u00fcdrauliline j\u00f5ud v\u00f5imaldab operaatoril h\u00f5lpsalt hakkama saada keeruliste pinnasetingimustega ja teha t\u00e4pseid liigutusi, mis on kaevamist\u00f6\u00f6de puhul h\u00e4davajalik.<\/p>\n<h3>Laadurid<\/h3>\n<p>Esilaadurite noolesilindrid aitavad koormaid t\u00f5husalt t\u00f5sta ja t\u00fchjendada. Nende v\u00f5ime pakkuda v\u00f5imast t\u00f5stev\u00f5imet tagab materjalide kiire ja t\u00f5husa k\u00e4sitsemise, parandades ehitusplatsidel \u00fcldist tootlikkust.<\/p>\n<h2>Projekteerimiskaalutlused ja valikukriteeriumid<\/h2>\n<h3>Kandev\u00f5ime<\/h3>\n<p>Noole silindri valimisel on \u00fcks olulisemaid kaalutlusi selle kandev\u00f5ime. See parameeter m\u00e4\u00e4rab, kui palju raskust silinder suudab t\u00f5sta ja k\u00e4sitseda ilma oma terviklikkust kahjustamata. Kandev\u00f5ime m\u00e4\u00e4ramisel m\u00e4ngivad olulist rolli konstruktsioonimaterjal, silindri l\u00e4bim\u00f5\u00f5t ja konstruktsioon. Oluline on sobitada silindri kandev\u00f5ime selle masina t\u00f6\u00f6n\u00f5uetega, millele see paigaldatakse.<\/p>\n<h3>Tihendusmehhanism<\/h3>\n<p>T\u00f5hus tihendus on h\u00fcdrauliliste silindrite puhul \u00fclioluline lekete v\u00e4ltimiseks ja r\u00f5hu s\u00e4ilitamiseks. Tihenduskomponendid peaksid olema valmistatud vastupidavatest materjalidest, n\u00e4iteks pol\u00fcuretaanist v\u00f5i nitriilkummist, mis on kulumiskindlad. Kvaliteetsed tihendid tagavad h\u00fcdraulikas\u00fcsteemi pikaealisuse ja optimeerivad samal ajal j\u00f5udlust. Halvad tihendid v\u00f5ivad p\u00f5hjustada h\u00fcdraulikavedeliku kadu, mille tulemuseks on j\u00f5udluse v\u00e4henemine ja masina v\u00f5imalik kahjustumine.<\/p>\n<h3>Vastupidavus<\/h3>\n<p>Vastupidavus on oluline disainikriteerium. Poomi silinder peab vastu pidama \u00e4\u00e4rmuslikele j\u00f5ududele ja keskkonnatingimustele. Seet\u00f5ttu peaks see olema valmistatud materjalidest, mis on korrosiooni- ja kulumiskindlad. Sellised t\u00f6\u00f6tlusmeetodid nagu pinna karastamine v\u00f5ivad vastupidavust suurendada, tagades pikema kasutusea isegi karmides t\u00f6\u00f6tingimustes.<\/p>\n<h3>Ohutus ja hooldus<\/h3>\n<p>Poomi silindri konstruktsiooni tuleks integreerida ohutusfunktsioonid. See h\u00f5lmab v\u00f5imet toime tulla ootamatute r\u00f5humuutustega ja v\u00f5imalike riketega ilma katastroofiliste tagaj\u00e4rgedeta. Lisaks tuleks arvestada hoolduse lihtsusega, et tagada operaatoritele v\u00f5imalus teha rutiinseid kontrolle ja remonti ilma liigse seisakuta. See v\u00f5ib h\u00f5lmata silindri projekteerimist viisil, mis v\u00f5imaldab h\u00f5lpsat juurdep\u00e4\u00e4su tihenditele ja muudele sisemistele komponentidele.<\/p>\n<p><img decoding=\"async\" src=\"https:\/\/www.hydraulic-cylinders.net\/wp-content\/uploads\/2025\/04\/songte-oil-pipes-and-spare-parts.webp\" alt=\"\u00d5litorude ja varuosade pilt\"><\/p>\n<h2>Tihendus ja m\u00e4\u00e4rimine<\/h2>\n<p>Poomi silindrite optimaalseks toimimiseks on kriitilise t\u00e4htsusega n\u00f5uetekohane tihendamine ja m\u00e4\u00e4rimine. H\u00fcdraulika\u00f5li terviklikkuse s\u00e4ilitamiseks tuleks kasutada mitmesuguseid tihenduskomponente, sealhulgas kolvi- ja varrastihendeid. Vastupidavatest materjalidest, nagu pol\u00fcuretaan ja nitriilkummi, valmistatud tihendid pakuvad suurep\u00e4rast kulumiskindlust ja taluvad k\u00f5rget r\u00f5hku. Silindri korpus ja keermestatud otsad tuleb kulumiskindluse suurendamiseks peenelt t\u00f6\u00f6delda. Regulaarne m\u00e4\u00e4rimine h\u00fcdraulika\u00f5liga on h\u00e4davajalik sujuva t\u00f6\u00f6 tagamiseks ja kulumise v\u00e4ltimiseks. H\u00fcdraulika\u00f5li taseme s\u00e4ilitamiseks ja t\u00f5husa j\u00f5udluse tagamiseks tuleks kehtestada \u00f5ige m\u00e4\u00e4rimisgraafik.<\/p>\n<h2>Regulaarne kontroll ja ennetavad hooldusmeetmed<\/h2>\n<ul>\n<li><strong>Regulaarsed kontrollid:<\/strong> Tehke regulaarseid kontrolle, et tuvastada tihenduskomponentide v\u00f5imalikud lekked v\u00f5i kulumine. See ennetav l\u00e4henemisviis aitab probleeme varakult avastada ja tulevikus suuremaid probleeme v\u00e4ltida.<\/li>\n<li><strong>M\u00e4\u00e4rimine:<\/strong> Veenduge, et h\u00fcdraulika\u00f5li lisatakse regulaarselt ja et kasutatakse ainult soovitatud t\u00fc\u00fcpi \u00f5li, et v\u00e4ltida \u00fchilduvusprobleeme, mis v\u00f5ivad m\u00f5jutada j\u00f5udlust.<\/li>\n<li><strong>Tihendi vahetamine:<\/strong> Kontrollige tihendeid kulumis- v\u00f5i kahjustuste suhtes ja vajadusel vahetage need v\u00e4lja, et s\u00e4ilitada korralik tihendus ja v\u00e4ltida vedeliku kadu.<\/li>\n<\/ul>\n<h2>Paigaldusjuhised<\/h2>\n<p>Poomi silindri \u00f5ige paigaldamine on efektiivse t\u00f6\u00f6 tagamiseks \u00fclioluline. Alustage veendumaks, et k\u00f5ik kinnituspunktid on puhtad ja prahist vabad. Joondage silinder t\u00e4pselt kinnitusklambritega, et v\u00e4ltida silindrile t\u00f6\u00f6tamise ajal liigset survet. Kasutage silindri kinnitamiseks sobivaid kinnitusvahendeid, veendudes, et see on tihedalt paigaldatud, kuid v\u00f5imaldab vajalikku liikumist. T\u00e4psemate juhiste ja p\u00f6\u00f6rdemomentide spetsifikatsioonide saamiseks on soovitatav tutvuda tootja paigaldusjuhendiga. N\u00f5uetekohaste paigaldusprotokollide j\u00e4rgimine parandab oluliselt poomi silindri j\u00f5udlust ja pikaealisust.<\/p>\n<h2>Levinumad hooldust\u00f6\u00f6d<\/h2>\n<ul>\n<li><strong>Regulaarsed kontrollid:<\/strong> Regulaarsete kontrollide tegemine aitab kulumist v\u00f5i v\u00f5imalikke lekkeid varakult tuvastada. Operaatorid peaksid kontrollima tihendite ja liitmike \u00fcmbrust h\u00fcdraulikavedeliku lekete suhtes ning j\u00e4lgima t\u00f6\u00f6 ajal esinevaid ebanormaalseid helisid.<\/li>\n<li><strong>Sobiv m\u00e4\u00e4rimine:<\/strong> H\u00fcdraulilise silindri piisav m\u00e4\u00e4rimine on sujuva t\u00f6\u00f6 tagamiseks h\u00e4davajalik. Operaatorid peaksid tutvuma soovitatava m\u00e4\u00e4rimisgraafiku ja kasutatava h\u00fcdraulikavedeliku t\u00fc\u00fcbiga, j\u00e4rgides tootja juhiseid.<\/li>\n<li><strong>Tihendi vahetamine ja kalibreerimise kontrollimine:<\/strong> Tihendite regulaarne kontroll ja kalibreerimine on kriitilise t\u00e4htsusega. Kui tihendid n\u00e4itavad kulumise v\u00f5i kahjustuse m\u00e4rke, tuleks need lekete v\u00e4ltimiseks viivitamatult v\u00e4lja vahetada. Lisaks tuleks teha kalibreerimiskontrolle, et tagada silindri toimimine etten\u00e4htud spetsifikatsioonide piires. N\u00f5uetekohane kalibreerimine suurendab masina liikumise t\u00e4psust.<\/li>\n<\/ul>\n<h2>Ohutuskaalutlused ja keskkonnategurid<\/h2>\n<p>Poomi silindrite k\u00e4sitsemisel ja kasutamisel on ohutusmeetmed \u00fcliolulised. Operaatorid peaksid olema koolitatud h\u00fcdraulikas\u00fcsteemide v\u00f5imalike ohtude, sealhulgas k\u00f5rgsurvevedeliku sissepritse ohu osas, mis v\u00f5ib p\u00f5hjustada t\u00f5siseid vigastusi. H\u00fcdrauliliste seadmete kontrollimisel v\u00f5i hooldamisel tuleb alati kanda sobivaid isikukaitsevahendeid. Lisaks peaksid operaatorid olema teadlikud keskkonnateguritest, tagades, et k\u00f5ik h\u00fcdraulikavedeliku lekked puhastatakse viivitamatult, et v\u00e4ltida \u00fcmbritseva ala saastumist.<\/p>\n<h2>Vea diagnoosimine ja levinud probleemid<\/h2>\n<ul>\n<li><strong>Vedeliku lekked:<\/strong> \u00dcks levinumaid h\u00fcdrauliliste silindrite probleeme on vedeliku leke. See v\u00f5ib tekkida kulunud tihendite v\u00f5i kahjustatud liitmike t\u00f5ttu. Regulaarne kontroll aitab lekkeid varakult tuvastada.<\/li>\n<li><strong>Halb j\u00f5udlus:<\/strong> Kui poomi silinder ei reageeri ootusp\u00e4raselt, v\u00f5ib see viidata madalale h\u00fcdraulikavedeliku tasemele v\u00f5i \u00f5hule s\u00fcsteemis. Operaatorid peaksid kontrollima vedeliku taset ja vajadusel s\u00fcsteemi \u00f5hutama.<\/li>\n<li><strong>Liigne m\u00fcra:<\/strong> K\u00f5ik ebatavalised helid t\u00f6\u00f6tamise ajal v\u00f5ivad viidata mehaanilistele probleemidele v\u00f5i m\u00e4\u00e4rimise puudumisele. Operaatorid peaksid seadme kahjustamise v\u00e4ltimiseks k\u00f5iki ebatavalisi helisid viivitamatult uurima.<\/li>\n<\/ul>\n<h2>Veaotsingu n\u00e4pun\u00e4ited ja lahendused<\/h2>\n<p>Poomi silindri probleemide t\u00f5husaks diagnoosimiseks ja lahendamiseks peaksid operaatorid j\u00e4rgima s\u00fcstemaatilist l\u00e4henemisviisi. Alustage h\u00fcdraulikavedeliku taseme kontrollimisest, veendudes, et see on soovitatavas vahemikus. Lekete avastamisel tuvastage nende allikas ja vahetage kulunud tihendid v\u00f5i liitmikud v\u00e4lja. J\u00f5udlusprobleemide korral kontrollige, kas h\u00fcdraulikas\u00fcsteemis on \u00f5hku, ja vajadusel \u00f5hutage. Ennetava hoolduse rakendamine, n\u00e4iteks regulaarne kontroll ja m\u00e4\u00e4rimine, aitab oluliselt v\u00e4hendada v\u00f5imalike probleemide tekkimise riski.<\/p>\n<p><img decoding=\"async\" src=\"https:\/\/www.hydraulic-cylinders.net\/wp-content\/uploads\/2025\/04\/songte-bushings-with-all-kinds-of-excavator-models.webp\" alt=\"Ekskavaatorite puksid Pilt\"><\/p>\n<h2>Meie ettev\u00f5ttest<\/h2>\n<p>Oleme alternatiivsetele h\u00fcdraulilistele silindritele spetsialiseerunud tootja, pakkudes laia tootevalikut, mis on meid positsioneerinud \u00fcheks juhtivaks tootjaks ja hulgim\u00fc\u00fcjaks nii sise- kui ka rahvusvahelistel turgudel. J\u00e4rgime kvaliteedi tipptaseme p\u00f5him\u00f5tteid, kasutades t\u00e4iustatud tootmisstrateegiaid ja t\u00e4iustatud tootmisjuhtimise tavasid. Meie investeeringud tehnilisse talenti, tipptasemel digitaalsetesse tootmisseadmetesse ja professionaalsetesse testimiss\u00fcsteemidesse t\u00e4iustavad pidevalt meie tootmisplatvormi, tagades kindla tootmiskvaliteedi. Oleme p\u00fchendunud klientide mitmekesiste vajaduste rahuldamisele suure t\u00f5hususega, t\u00e4psuse ja kvaliteediga.<\/p>\n<p><img decoding=\"async\" src=\"https:\/\/www.hydraulic-cylinders.net\/wp-content\/uploads\/2025\/04\/songte-company-4.webp\" alt=\"Ettev\u00f5tte pilt 1\"><br \/>\n<img decoding=\"async\" src=\"https:\/\/www.hydraulic-cylinders.net\/wp-content\/uploads\/2025\/04\/songte-company-3.webp\" alt=\"Ettev\u00f5tte pilt 2\"><\/p>\n<p>Meie asjatundlikkus h\u00f5lmab mitmesuguseid tahke, nagu professionaalsed teenused, rahvusvahelised sertifikaadid, kohandatud lahendused, t\u00e4iustatud tootmis\u00fcksused ja igak\u00fclgne m\u00fc\u00fcgij\u00e4rgne tugi, tagades, et meie kliendid saavad lisaks suurep\u00e4rastele toodetele ka erakordse teeninduse kogu oma kogemuse v\u00e4ltel.<\/p>\n<p>Autor: lyl<\/p>","protected":false},"excerpt":{"rendered":"<p>Boom Cylinder For XCMG Wheel Excavator XE210w Product Overview The Boom Cylinder for XCMG Wheel Excavator XE210w is a critical component designed to control the movement of the boom on excavators. This type of hydraulic cylinder plays an essential role in enabling heavy machinery to perform various tasks efficiently. Specifically, the boom cylinder allows for [&hellip;]<\/p>","protected":false},"featured_media":17880,"comment_status":"open","ping_status":"closed","template":"","meta":{"_et_pb_use_builder":"","_et_pb_old_content":"","_et_gb_content_width":""},"product_brand":[],"product_cat":[1546],"product_tag":[1547,1496],"class_list":{"0":"post-19209","1":"product","2":"type-product","3":"status-publish","4":"has-post-thumbnail","6":"product_cat-boom-cylinders","7":"product_tag-boom-cylinders","8":"product_tag-hydraulic-cylinders","10":"first","11":"instock","12":"shipping-taxable","13":"product-type-simple"},"amp_enabled":true,"_links":{"self":[{"href":"https:\/\/www.hydraulic-cylinders.net\/et\/wp-json\/wp\/v2\/product\/19209","targetHints":{"allow":["GET"]}}],"collection":[{"href":"https:\/\/www.hydraulic-cylinders.net\/et\/wp-json\/wp\/v2\/product"}],"about":[{"href":"https:\/\/www.hydraulic-cylinders.net\/et\/wp-json\/wp\/v2\/types\/product"}],"replies":[{"embeddable":true,"href":"https:\/\/www.hydraulic-cylinders.net\/et\/wp-json\/wp\/v2\/comments?post=19209"}],"wp:featuredmedia":[{"embeddable":true,"href":"https:\/\/www.hydraulic-cylinders.net\/et\/wp-json\/wp\/v2\/media\/17880"}],"wp:attachment":[{"href":"https:\/\/www.hydraulic-cylinders.net\/et\/wp-json\/wp\/v2\/media?parent=19209"}],"wp:term":[{"taxonomy":"product_brand","embeddable":true,"href":"https:\/\/www.hydraulic-cylinders.net\/et\/wp-json\/wp\/v2\/product_brand?post=19209"},{"taxonomy":"product_cat","embeddable":true,"href":"https:\/\/www.hydraulic-cylinders.net\/et\/wp-json\/wp\/v2\/product_cat?post=19209"},{"taxonomy":"product_tag","embeddable":true,"href":"https:\/\/www.hydraulic-cylinders.net\/et\/wp-json\/wp\/v2\/product_tag?post=19209"}],"curies":[{"name":"wp","href":"https:\/\/api.w.org\/{rel}","templated":true}]}}