{"id":1921,"date":"2023-10-20T03:13:13","date_gmt":"2023-10-20T03:13:13","guid":{"rendered":"https:\/\/hydraulic-cylinders.net\/?post_type=product&#038;p=1921"},"modified":"2023-10-20T03:55:31","modified_gmt":"2023-10-20T03:55:31","slug":"hp3v-s-series-axial-piston-variable-displacement-hydraulic-pump","status":"publish","type":"product","link":"https:\/\/www.hydraulic-cylinders.net\/et\/toode\/hp3v-s-series-axial-piston-variable-displacement-hydraulic-pump\/","title":{"rendered":"HP3V-S seeria aksiaalkolvi muudetava t\u00f6\u00f6mahuga h\u00fcdrauliline pump"},"content":{"rendered":"<h1 style=\"text-align: center;\"><strong>HP3V-S seeria aksiaalkolvi muudetava t\u00f6\u00f6mahuga h\u00fcdrauliline pump<\/strong><\/h1>\n<p><img loading=\"lazy\" decoding=\"async\" class=\"aligncenter wp-image-1935\" src=\"https:\/\/hydraulic-cylinders.net\/wp-content\/uploads\/2023\/10\/hp3v-s-series-axial-piston-variable-displacement-hydraulic-pump-1-300x300.webp\" alt=\"\" width=\"400\" height=\"400\" \/><\/p>\n<p>HP3V-S seeria aksiaalkolb-muutuva nihkega h\u00fcdrauliline pump on tipptasemel lahendus, mis muudab h\u00fcdraulikas\u00fcsteeme revolutsiooniliselt. Oma erakordse efektiivsuse ja silmapaistva j\u00f5udlusega on see pump asendamatu erinevates t\u00f6\u00f6stuslikes rakendustes. See p\u00f5hjalik artikkel uurib HP3V-S seeria aksiaalkolb-muutuva nihkega h\u00fcdraulilise pumba peamisi omadusi, kasutusviise ja hooldusjuhiseid.<\/p>\n<p>HP3V-S seeria aksiaalkolb-muutuva nihkega h\u00fcdrauliline pump on v\u00f5imas ja t\u00f5hus lahendus h\u00fcdraulikas\u00fcsteemidele. T\u00e4nu muudetava nihkega tehnoloogiale, kompaktsele disainile ja vaiksele t\u00f6\u00f6le pakub see pump erakordset j\u00f5udlust erinevates t\u00f6\u00f6stuslikes rakendustes. Soovitatavate kasutusmeetodite ja regulaarsete hooldustavade j\u00e4rgimisel pakub hp3v-s seeria pump j\u00e4tkuvalt suurep\u00e4rast j\u00f5udlust, aidates kaasa h\u00fcdraulikas\u00fcsteemide edule. Kasutage hp3v-s seeria aksiaalkolb-muutuva nihkega h\u00fcdraulilist pumpa efektiivsuse ja j\u00f5udluse potentsiaali \u00e4ra ja avage oma h\u00fcdraulikas\u00fcsteemi t\u00e4ielik potentsiaal.<\/p>\n<p>HP3V-S seeria aksiaalkolvi muudetava t\u00f6\u00f6mahuga h\u00fcdraulilise pumba peamised omadused:<\/p>\n<ul>\n<li>Muutuva nihke tehnoloogia: T\u00e4iustatud muudetava nihke tehnoloogiaga varustatud HP3V-S seeria pump v\u00f5imaldab t\u00e4pset v\u00e4ljundmahu reguleerimist vastavalt konkreetsetele s\u00fcsteemin\u00f5uetele. See funktsioon maksimeerib energiat\u00f5husust, v\u00e4hendab soojuse teket ja optimeerib s\u00fcsteemi \u00fcldist j\u00f5udlust.<\/li>\n<li>Enneolematu efektiivsus: HP3V-S seeria pump kasutab uuenduslikku aksiaalkolvi konstruktsiooni, mis tagab erakordse efektiivsuse. T\u00e4pne h\u00fcdrauliline v\u00f5imsus tagab sujuva t\u00f6\u00f6 ja saab vaevata hakkama k\u00f5rgsurverakendustega.<\/li>\n<li>Kompaktne ja mitmek\u00fclgne: Pumba kompaktne disain v\u00f5imaldab seda h\u00f5lpsalt integreerida piiratud ruumiga h\u00fcdraulikas\u00fcsteemidesse. Selle mitmek\u00fclgsus lubab seda kasutada erinevates rakendustes, ilma et see kahjustaks j\u00f5udlust v\u00f5i funktsionaalsust.<\/li>\n<li>Vaikne ja usaldusv\u00e4\u00e4rne t\u00f6\u00f6: HP3V-S seeria pumba m\u00fcrasummutusfunktsioonid tagavad vaikse t\u00f6\u00f6 erinevates t\u00f6\u00f6stuskeskkondades. See omadus on v\u00e4\u00e4rtuslik rakendustes, mis n\u00f5uavad madalat m\u00fcrataset, soodustades mugavat ja produktiivset t\u00f6\u00f6keskkonda. Lisaks tagab pumba vastupidav konstruktsioon pikaajalise t\u00f6\u00f6kindluse.<\/li>\n<\/ul>\n<h2><strong>HP3V-S seeria aksiaalkolvi muudetava t\u00f6\u00f6mahuga h\u00fcdraulilise pumba parameeter:<\/strong><\/h2>\n<table class=\"table table-bordered table-hover table-colored\" data-sort=\"sortDisabled\">\n<tbody>\n<tr class=\"firstRow\">\n<td colspan=\"2\" align=\"left\" valign=\"middle\">Suurus<\/td>\n<td align=\"center\" valign=\"middle\">HP5VS28<\/td>\n<td align=\"center\" valign=\"middle\">HP5V28<\/td>\n<td align=\"center\" valign=\"middle\">HP5V45<\/td>\n<td align=\"center\" valign=\"middle\">HP5V60<\/td>\n<td align=\"center\" valign=\"middle\">HP5V76<\/td>\n<td align=\"center\" valign=\"middle\">HP5V85<\/td>\n<td align=\"center\" valign=\"middle\">HP5V105<\/td>\n<\/tr>\n<tr>\n<td colspan=\"2\" align=\"left\" valign=\"middle\">T\u00f6\u00f6maht (cm\u00b3\/p\u00f6\u00f6re)<\/td>\n<td align=\"center\" valign=\"middle\">28<\/td>\n<td align=\"center\" valign=\"middle\">28<\/td>\n<td align=\"center\" valign=\"middle\">45<\/td>\n<td align=\"center\" valign=\"middle\">60<\/td>\n<td align=\"center\" valign=\"middle\">76<\/td>\n<td align=\"center\" valign=\"middle\">85<\/td>\n<td align=\"center\" valign=\"middle\">104.3<\/td>\n<\/tr>\n<tr>\n<td rowspan=\"2\" align=\"left\" valign=\"middle\">R\u00f5hk<\/td>\n<td align=\"center\" valign=\"middle\">Nimir\u00f5hk (bar)<\/td>\n<td align=\"center\" valign=\"middle\">250<\/td>\n<td align=\"center\" valign=\"middle\">320<\/td>\n<td align=\"center\" valign=\"middle\">320<\/td>\n<td align=\"center\" valign=\"middle\">250<\/td>\n<td align=\"center\" valign=\"middle\">320<\/td>\n<td align=\"center\" valign=\"middle\">280<\/td>\n<td align=\"center\" valign=\"middle\">350<\/td>\n<\/tr>\n<tr>\n<td align=\"left\" valign=\"middle\">Tippr\u00f5hk (bar)<\/td>\n<td align=\"center\" valign=\"middle\">315<\/td>\n<td align=\"center\" valign=\"middle\">350<\/td>\n<td align=\"center\" valign=\"middle\">350<\/td>\n<td align=\"center\" valign=\"middle\">280<\/td>\n<td align=\"center\" valign=\"middle\">350<\/td>\n<td align=\"center\" valign=\"middle\">320<\/td>\n<td align=\"center\" valign=\"middle\">400<\/td>\n<\/tr>\n<tr>\n<td rowspan=\"2\" align=\"left\" valign=\"middle\">P\u00f6\u00f6rlemiskiirus p\/min<\/td>\n<td align=\"center\" valign=\"middle\">Max iseimeva\u00a0<sup>*1<\/sup>\u00a0(baar)<\/td>\n<td align=\"center\" valign=\"middle\">3000<\/td>\n<td align=\"center\" valign=\"middle\">3000<\/td>\n<td align=\"center\" valign=\"middle\">2700<\/td>\n<td align=\"center\" valign=\"middle\">2400<\/td>\n<td align=\"center\" valign=\"middle\">2400<\/td>\n<td align=\"center\" valign=\"middle\">2400<\/td>\n<td align=\"center\" valign=\"middle\">2200<\/td>\n<\/tr>\n<tr>\n<td align=\"center\" valign=\"middle\">Maks<sup>*2\u00a0<\/sup>\u00a0(baar)<\/td>\n<td align=\"center\" valign=\"middle\">3600<\/td>\n<td align=\"center\" valign=\"middle\">3600<\/td>\n<td align=\"center\" valign=\"middle\">3250<\/td>\n<td align=\"center\" valign=\"middle\">3000<\/td>\n<td align=\"center\" valign=\"middle\">3000<\/td>\n<td align=\"center\" valign=\"middle\">3000<\/td>\n<td align=\"center\" valign=\"middle\">2600<\/td>\n<\/tr>\n<tr>\n<td colspan=\"2\" align=\"left\" valign=\"middle\">Kaal (kg)<\/td>\n<td align=\"center\" valign=\"middle\">17.2<\/td>\n<td align=\"center\" valign=\"middle\">20<\/td>\n<td align=\"center\" valign=\"middle\">24<\/td>\n<td align=\"center\" valign=\"middle\">24<\/td>\n<td align=\"center\" valign=\"middle\">28<\/td>\n<td align=\"center\" valign=\"middle\">28<\/td>\n<td align=\"center\" valign=\"middle\">45<\/td>\n<\/tr>\n<tr>\n<td colspan=\"2\" align=\"left\" valign=\"middle\">Pumba korpuse t\u00e4itmiseks vajaliku \u00f5li kogus (L)<\/td>\n<td align=\"center\" valign=\"middle\">0.55<\/td>\n<td align=\"center\" valign=\"middle\">0.6<\/td>\n<td align=\"center\" valign=\"middle\">0.6<\/td>\n<td align=\"center\" valign=\"middle\">0.6<\/td>\n<td align=\"center\" valign=\"middle\">0.8<\/td>\n<td align=\"center\" valign=\"middle\">0.8<\/td>\n<td align=\"center\" valign=\"middle\">1<\/td>\n<\/tr>\n<tr>\n<td colspan=\"2\" align=\"left\" valign=\"middle\">Temperatuurivahemik (\u2103)<\/td>\n<td colspan=\"7\" align=\"center\" valign=\"middle\">-20~95<\/td>\n<\/tr>\n<tr>\n<td colspan=\"2\" rowspan=\"1\" align=\"left\" valign=\"middle\">Temperatuurivahemik (mm<sup>2<\/sup>\/s)<\/td>\n<td colspan=\"7\" align=\"center\" valign=\"middle\">10-1000<sup>*3<\/sup>(Parim viis viskoossusvahemiku kasutamiseks on 16\u201336 mm<sup>2<\/sup>\/s)<\/td>\n<\/tr>\n<\/tbody>\n<\/table>\n<h2><strong>HP3V-S seeria aksiaalkolvi muudetava nihkega h\u00fcdraulilise pumba eelised:<\/strong><\/h2>\n<p>\u2022 Muutuvpump kaldplaadiga avatud ahela jaoks.<br \/>\n\u2022 V\u00f5rreldes turul olevate toodetega on kasutatud tugevdatud veov\u00f5lli ja \u00fclitugevat silindrimaterjali, mis tagab pideva r\u00f5hu \u00fcle 320 baari.<br \/>\n\u2022 Kandev\u00f5ime ja pika kasutusea suurendamiseks on kasutusele v\u00f5etud vastupidavad laagrid, n\u00e4iteks silindrilised rullid.<br \/>\n\u2022 K\u00f5rge v\u00f5imsuse ja kaalu suhe.<br \/>\n\u2022 Saadaval Ameerika (SAE) ja Jaapani (JIS) kinnitus\u00e4\u00e4rikute ja -v\u00f5llidega.<br \/>\n\u2022 Suurep\u00e4rane t\u00f6\u00f6kindlus ja pikk eluiga.<br \/>\n\u2022 Erinevad juhtimisv\u00f5imalused.<br \/>\n\u2022 Valikuline l\u00e4biajam.<br \/>\n\u2022 Kiire reageerimine juhtimisele.<br \/>\n\u2022 Madal r\u00f5hupulsatsioon ja madal m\u00fcratase.<br \/>\n\u2022 V\u00e4lja t\u00f6\u00f6tatud masinaehituse, liikurs\u00f5idukite, t\u00f6\u00f6stuslike, muude t\u00f6\u00f6stuslike rakenduste ja p\u00f5llumajandusmasinate jaoks<\/p>\n<h2><strong>HP3V-S seeria aksiaalkolvi muudetava t\u00f6\u00f6mahuga h\u00fcdrauliline pump <\/strong><strong>Rakendus:<\/strong><\/h2>\n<p><img loading=\"lazy\" decoding=\"async\" class=\"alignnone wp-image-1938 size-full\" src=\"https:\/\/hydraulic-cylinders.net\/wp-content\/uploads\/2023\/10\/hp3v-s-series-axial-piston-variable-displacement-hydraulic-pump-2.jpg\" alt=\"\" width=\"1145\" height=\"234\" srcset=\"https:\/\/hydraulic-cylinders.net\/wp-content\/uploads\/2023\/10\/hp3v-s-series-axial-piston-variable-displacement-hydraulic-pump-2.jpg 1145w, https:\/\/hydraulic-cylinders.net\/wp-content\/uploads\/2023\/10\/hp3v-s-series-axial-piston-variable-displacement-hydraulic-pump-2-980x200.jpg 980w, https:\/\/hydraulic-cylinders.net\/wp-content\/uploads\/2023\/10\/hp3v-s-series-axial-piston-variable-displacement-hydraulic-pump-2-480x98.jpg 480w\" sizes=\"(min-width: 0px) and (max-width: 480px) 480px, (min-width: 481px) and (max-width: 980px) 980px, (min-width: 981px) 1145px, 100vw\" \/><\/p>\n<h2><strong>HP3V seeria aksiaalkolvi muudetava nihkega h\u00fcdraulilise pumba kasutusmeetod<\/strong><strong>:<\/strong><\/h2>\n<ul>\n<li><strong>Paigaldamine:<\/strong> Valige HP3V-S seeria aksiaalkolb-muutuva t\u00f6\u00f6mahuga h\u00fcdraulilise pumba paigaldamiseks h\u00fcdraulikas\u00fcsteemis sobiv koht. Veenduge \u00f5iges joonduses ja kindlas kinnituses s\u00fcsteemi konstruktsiooni k\u00fclge, kasutades sobivaid kinnitusklambreid v\u00f5i tarvikuid.<\/li>\n<li><strong>Integreerimine h\u00fcdraulikas\u00fcsteemiga:<\/strong> \u00dchendage pump h\u00fcdros\u00fcsteemiga, kasutades \u00fchilduvaid voolikuid, liitmikke ja ventiile. Veenduge, et k\u00f5ik \u00fchendused on kindlad, lekkevabad ja \u00f5igesti pingutatud, et tagada optimaalne h\u00fcdrauliline j\u00f5udlus.<\/li>\n<li><strong>Vedeliku \u00fchilduvus:<\/strong> Veenduge, et s\u00fcsteemis kasutatav h\u00fcdraulikavedelik \u00fchildub HP3V-S seeria pumbaga. Sobiva vedeliku t\u00fc\u00fcbi, viskoossuse ja temperatuurivahemiku kohta vaadake tootja soovitusi. Pumba n\u00f5uetekohase t\u00f6\u00f6 ja pikaealisuse tagamiseks j\u00e4lgige ja hooldage h\u00fcdraulikavedelikku regulaarselt.<\/li>\n<li><strong>T\u00f6\u00f6parameetrid:<\/strong> Tutvuge pumba juhtimisv\u00f5imalustega ja reguleerige t\u00f6\u00f6parameetreid vastavalt h\u00fcdraulikas\u00fcsteemi erin\u00f5uetele. J\u00e4lgige ja muutke pumba t\u00f6\u00f6mahu s\u00e4tteid, et optimeerida j\u00f5udlust ja energiat\u00f5husust.<\/li>\n<\/ul>\n<h2><strong>Kuidas h\u00fcdraulilist silindrit taastada?<\/strong><\/h2>\n<p>H\u00fcdrosilindri taastamine h\u00f5lmab silindri lahtiv\u00f5tmist, kontrollimist, kulunud v\u00f5i kahjustatud komponentide v\u00e4ljavahetamist ja uuesti kokkupanekut. Siin on samm-sammult juhend h\u00fcdrosilindri taastamiseks:<\/p>\n<ol>\n<li><strong>Ettevalmistus:<\/strong>\n<ul>\n<li>Veenduge, et h\u00fcdraulikas\u00fcsteem on r\u00f5huvaba ja lahti \u00fchendatud.<\/li>\n<li>Puhastage silindri v\u00e4lispind saastumise v\u00e4ltimiseks \u00fcmberehitusprotsessi ajal.<\/li>\n<li>Asetage silinder stabiilsele t\u00f6\u00f6pinnale ja kinnitage see klambrite v\u00f5i kruustangide abil.<\/li>\n<\/ul>\n<\/li>\n<li><strong>Lahtiv\u00f5tmine:<\/strong>\n<ul>\n<li>Eemaldage silindri otsakorgid, kasutades tootja poolt kirjeldatud sobivaid t\u00f6\u00f6riistu ja tehnikaid.<\/li>\n<li>Eemaldage kolvi ja varda komplekt ettevaatlikult silindri korpusest.<\/li>\n<li>Korrektse kokkupaneku tagamiseks p\u00f6\u00f6rake t\u00e4helepanu komponentide eemaldamise j\u00e4rjekorrale.<\/li>\n<\/ul>\n<\/li>\n<li><strong>Kontroll:<\/strong>\n<ul>\n<li>Kontrollige k\u00f5iki komponente hoolikalt kulumise, kahjustuste v\u00f5i saastumise tunnuste suhtes.<\/li>\n<li>Kontrollige silindri toru kriimustuste, aukude v\u00f5i rooste suhtes. Kui esineb olulisi kahjustusi, v\u00f5ib toru vajada v\u00e4ljavahetamist.<\/li>\n<li>Kontrollige kolbi, varrast ja tihendeid kulumise, t\u00e4kete v\u00f5i kriimustuste suhtes. Vahetage k\u00f5ik kahjustatud osad v\u00e4lja.<\/li>\n<\/ul>\n<\/li>\n<li><strong>Komponentide asendamine:<\/strong>\n<ul>\n<li>Vahetage v\u00e4lja kolvitihendid, vardatihendid ja k\u00f5ik O-r\u00f5ngad v\u00f5i tihendid, millel on kulumis- v\u00f5i kahjustusm\u00e4rke.<\/li>\n<li>Veenduge, et asenduskomponendid \u00fchilduvad konkreetse h\u00fcdrosilindri mudeliga.<\/li>\n<li>Enne paigaldamist m\u00e4\u00e4rige uued tihendid ja O-r\u00f5ngad h\u00fcdraulika\u00f5liga.<\/li>\n<\/ul>\n<\/li>\n<li><strong>Kokkupanek:<\/strong>\n<ul>\n<li>Alustage kokkupanekut, sisestades kolvi ja varda komplekti tagasi silindri korpusesse.<\/li>\n<li>Kandke silindri korpusele ja tihenditele \u00f5huke kiht h\u00fcdraulika\u00f5li, et h\u00f5lbustada sujuvat kokkupanekut.<\/li>\n<li>Joondage komponendid ettevaatlikult ja libistage kolvikomplekt silindri korpusesse.<\/li>\n<li>Kinnitage otsakorgid, tagades tootja spetsifikatsioonide kohaselt \u00f5ige joonduse ja tiheduse.<\/li>\n<\/ul>\n<\/li>\n<li><strong>Testimine ja paigaldamine:<\/strong>\n<ul>\n<li>Kui silinder on kokku pandud, tehke r\u00f5hutest, et veenduda selle n\u00f5uetekohases toimimises.<\/li>\n<li>\u00dchendage h\u00fcdros\u00fcsteem ja suurendage r\u00f5hku j\u00e4rk-j\u00e4rgult, kontrollides samal ajal lekete v\u00f5i ebanormaalse k\u00e4itumise suhtes.<\/li>\n<li>Kui silinder l\u00e4bib r\u00f5hutesti, on see valmis h\u00fcdros\u00fcsteemi tagasi paigaldamiseks.<\/li>\n<\/ul>\n<\/li>\n<li><strong>Regulaarne hooldus:<\/strong>\n<ul>\n<li>Rakendage regulaarset hooldusgraafikut, et pikendada taastatud h\u00fcdrosilindri eluiga.<\/li>\n<li>J\u00e4lgige silindrit lekete, liigse kulumise v\u00f5i muude probleemide suhtes.<\/li>\n<li>Puhastage regulaarselt v\u00e4lispinda ja hoidke h\u00fcdraulika\u00f5li \u00f5igel tasemel.<\/li>\n<\/ul>\n<\/li>\n<\/ol>\n<h2><strong>Tehase v\u00f5imekus ja suutlikkus:<\/strong><\/h2>\n<h3>(1) Kokkupanek<\/h3>\n<p>Meil on esmaklassiline s\u00f5ltumatu teadus- ja arendustegevuse montaa\u017eiplatvorm. H\u00fcdrosilindrite tootmist\u00f6\u00f6kojas on neli poolautomaatset t\u00f5stesilindrite koosteliini ja \u00fcks automaatne kallutussilindrite koosteliin, mille kavandatud aastane tootmisv\u00f5imsus on 1 miljon t\u00fckki. Spetsiaalsete silindrite t\u00f6\u00f6koda on varustatud erinevate spetsifikatsioonidega poolautomaatse puhastusmontaa\u017eis\u00fcsteemiga, mille kavandatud aastane tootmisv\u00f5imsus on 200 000 ja mis on varustatud kuulsate CNC-t\u00f6\u00f6tlemisseadmete, mehaanilise t\u00f6\u00f6tlemise keskuse, suure t\u00e4psusega silindrite t\u00f6\u00f6tlemise eriseadmete, robotkeevitusmasina, automaatse puhastusmasina, automaatse silindri kokkupanemise masina ja automaatse v\u00e4rvimise tootmisliiniga. Olemasolevad kriitilised seadmed rohkem kui 300 komplekti (komplekti). Seadmete ressursside optimaalne jaotamine ja t\u00f5hus kasutamine tagavad toodete t\u00e4psusn\u00f5uded ja vastavad toodete kvaliteedin\u00f5uetele.<\/p>\n<p><img loading=\"lazy\" decoding=\"async\" class=\"alignnone wp-image-626\" src=\"https:\/\/hydraulic-cylinders.net\/wp-content\/uploads\/2023\/08\/hydraulic-cylinder-product-1-300x158.webp\" alt=\"\" width=\"495\" height=\"260\" srcset=\"https:\/\/hydraulic-cylinders.net\/wp-content\/uploads\/2023\/08\/hydraulic-cylinder-product-1-300x158.webp 495w, https:\/\/hydraulic-cylinders.net\/wp-content\/uploads\/2023\/08\/hydraulic-cylinder-product-1-480x252.webp 480w\" sizes=\"(min-width: 0px) and (max-width: 480px) 480px, (min-width: 481px) 495px, 100vw\" \/> <img loading=\"lazy\" decoding=\"async\" class=\"alignnone wp-image-627\" src=\"https:\/\/hydraulic-cylinders.net\/wp-content\/uploads\/2023\/08\/hydraulic-cylinder-product-2-300x189.webp\" alt=\"\" width=\"413\" height=\"260\" \/><\/p>\n<h3>(2) T\u00f6\u00f6tlemine<\/h3>\n<p>T\u00f6\u00f6deldav t\u00f6\u00f6koda on varustatud kohandatud kallutatud r\u00f6\u00f6pse treipingi keskuse, mehaanilise keskuse, kiire lihvimismasina, keevitusroboti ja muude seotud seadmetega, mis suudavad t\u00f6\u00f6delda silindritorusid, mille maksimaalne sisel\u00e4bim\u00f5\u00f5t on 400 mm ja maksimaalne pikkus on 6 meetrit.<\/p>\n<p><img loading=\"lazy\" decoding=\"async\" class=\"alignnone wp-image-628 size-large\" src=\"https:\/\/hydraulic-cylinders.net\/wp-content\/uploads\/2023\/08\/hydraulic-cylinder-product-3-1024x391.webp\" alt=\"\" width=\"1024\" height=\"391\" srcset=\"https:\/\/hydraulic-cylinders.net\/wp-content\/uploads\/2023\/08\/hydraulic-cylinder-product-3-980x374.webp 980w, https:\/\/hydraulic-cylinders.net\/wp-content\/uploads\/2023\/08\/hydraulic-cylinder-product-3-480x183.webp 480w\" sizes=\"(min-width: 0px) and (max-width: 480px) 480px, (min-width: 481px) and (max-width: 980px) 980px, (min-width: 981px) 1024px, 100vw\" \/><\/p>\n<h3>(3) Keevitamine<\/h3>\n<p><img loading=\"lazy\" decoding=\"async\" class=\"alignnone wp-image-629 size-large\" src=\"https:\/\/hydraulic-cylinders.net\/wp-content\/uploads\/2023\/08\/hydraulic-cylinder-product-4-1024x510.webp\" alt=\"\" width=\"1024\" height=\"510\" srcset=\"https:\/\/hydraulic-cylinders.net\/wp-content\/uploads\/2023\/08\/hydraulic-cylinder-product-4-980x488.webp 980w, https:\/\/hydraulic-cylinders.net\/wp-content\/uploads\/2023\/08\/hydraulic-cylinder-product-4-480x239.webp 480w\" sizes=\"(min-width: 0px) and (max-width: 480px) 480px, (min-width: 481px) and (max-width: 980px) 980px, (min-width: 981px) 1024px, 100vw\" \/><\/p>\n<h3>(4) V\u00e4rvimine ja katmine<\/h3>\n<p>V\u00e4ikese ja keskmise suurusega silindri automaatse veep\u00f5hise v\u00e4rvipinnakattega liinide abil, et saavutada automaatne robotlaadimine ja mahalaadimine ning automaatne pihustamine, projekteerimisv\u00f5imsus 4000 t\u00fckki vahetuse kohta;<br \/>\nMeil on ka poolautomaatne suurte balloonide v\u00e4rvimise tootmisliin, mis t\u00f6\u00f6tab j\u00f5ukettaga ja mille projekteerimisv\u00f5imsus on 60 kasti \u00fche vahetuse kohta.<\/p>\n<p><img loading=\"lazy\" decoding=\"async\" class=\"alignnone wp-image-630\" src=\"https:\/\/hydraulic-cylinders.net\/wp-content\/uploads\/2023\/08\/hydraulic-cylinder-product-5-300x213.webp\" alt=\"\" width=\"366\" height=\"260\" \/> <img loading=\"lazy\" decoding=\"async\" class=\"alignnone wp-image-631\" src=\"https:\/\/hydraulic-cylinders.net\/wp-content\/uploads\/2023\/08\/hydraulic-cylinder-product-6-300x225.webp\" alt=\"\" width=\"347\" height=\"260\" \/><\/p>\n<h3>(5) Testimine<\/h3>\n<p>Meil on esmaklassilised kontrolliseadmed ja katsestendid, et tagada silindri j\u00f5udlus vastavus n\u00f5uetele.<\/p>\n<p><img loading=\"lazy\" decoding=\"async\" class=\"alignnone wp-image-632\" src=\"https:\/\/hydraulic-cylinders.net\/wp-content\/uploads\/2023\/08\/hydraulic-cylinder-product-8-300x200.webp\" alt=\"\" width=\"389\" height=\"260\" \/><\/p>\n<p>&nbsp;<\/p>\n<p>&nbsp;<\/p>\n<p>Oleme \u00fcks parimaid h\u00fcdrosilindrite tootjaid. Pakume laia valikut h\u00fcdrosilindreid. Pakume ka vastavaid... <a href=\"https:\/\/hzpt.com\/agricultural-pto-gearbox\/\" target=\"_blank\" rel=\"noopener\">p\u00f5llumajanduslikud k\u00e4igukastid<\/a>. Oleme eksportinud oma tooteid klientidele \u00fcle maailma ja teeninud hea maine t\u00e4nu meie suurep\u00e4rasele tootekvaliteedile ja m\u00fc\u00fcgij\u00e4rgsele teenindusele. Me tervitame kliente kodus ja v\u00e4lismaal, et v\u00f5tta meiega \u00fchendust, et pidada l\u00e4bir\u00e4\u00e4kimisi \u00e4ri, vahetada teavet ja <a href=\"https:\/\/www.hydraulic-cylinders.net\/et\/contact-us\/\">teha meiega koost\u00f6\u00f6d<\/a>!<\/p>\n<p>&nbsp;<\/p>","protected":false},"excerpt":{"rendered":"<p>HP3V-S Series Axial Piston Variable Displacement Hydraulic Pump The HP3V-S series axial piston variable displacement hydraulic pump is a cutting-edge solution that revolutionizes hydraulic systems. With its exceptional efficiency and outstanding performance, this pump is indispensable in various industrial applications. This comprehensive article will explore the key characteristics, usage methods, and maintenance guidelines for the [&hellip;]<\/p>","protected":false},"featured_media":1936,"comment_status":"open","ping_status":"closed","template":"","meta":{"_et_pb_use_builder":"","_et_pb_old_content":"","_et_gb_content_width":""},"product_brand":[],"product_cat":[1425],"product_tag":[1380],"class_list":{"0":"post-1921","1":"product","2":"type-product","3":"status-publish","4":"has-post-thumbnail","6":"product_cat-piston-pump","7":"product_tag-hydraulic-cylinder","9":"first","10":"instock","11":"shipping-taxable","12":"product-type-simple"},"amp_enabled":true,"_links":{"self":[{"href":"https:\/\/www.hydraulic-cylinders.net\/et\/wp-json\/wp\/v2\/product\/1921","targetHints":{"allow":["GET"]}}],"collection":[{"href":"https:\/\/www.hydraulic-cylinders.net\/et\/wp-json\/wp\/v2\/product"}],"about":[{"href":"https:\/\/www.hydraulic-cylinders.net\/et\/wp-json\/wp\/v2\/types\/product"}],"replies":[{"embeddable":true,"href":"https:\/\/www.hydraulic-cylinders.net\/et\/wp-json\/wp\/v2\/comments?post=1921"}],"wp:featuredmedia":[{"embeddable":true,"href":"https:\/\/www.hydraulic-cylinders.net\/et\/wp-json\/wp\/v2\/media\/1936"}],"wp:attachment":[{"href":"https:\/\/www.hydraulic-cylinders.net\/et\/wp-json\/wp\/v2\/media?parent=1921"}],"wp:term":[{"taxonomy":"product_brand","embeddable":true,"href":"https:\/\/www.hydraulic-cylinders.net\/et\/wp-json\/wp\/v2\/product_brand?post=1921"},{"taxonomy":"product_cat","embeddable":true,"href":"https:\/\/www.hydraulic-cylinders.net\/et\/wp-json\/wp\/v2\/product_cat?post=1921"},{"taxonomy":"product_tag","embeddable":true,"href":"https:\/\/www.hydraulic-cylinders.net\/et\/wp-json\/wp\/v2\/product_tag?post=1921"}],"curies":[{"name":"wp","href":"https:\/\/api.w.org\/{rel}","templated":true}]}}