{"id":19211,"date":"2025-04-07T06:18:21","date_gmt":"2025-04-07T06:18:21","guid":{"rendered":"https:\/\/www.hydraulic-cylinders.net\/product\/boom-cylinder-for-zoomlion-small-excavator-ze60e\/"},"modified":"2025-04-07T06:18:23","modified_gmt":"2025-04-07T06:18:23","slug":"boom-cylinder-for-zoomlion-small-excavator-ze60e","status":"publish","type":"product","link":"https:\/\/www.hydraulic-cylinders.net\/et\/toode\/boom-cylinder-for-zoomlion-small-excavator-ze60e\/","title":{"rendered":"Zoomlion v\u00e4ikese ekskavaatori ZE60E poomi silinder"},"content":{"rendered":"<h1>Zoomlion v\u00e4ikese ekskavaatori ZE60E poomi silinder<\/h1>\n<h2>Toote \u00fclevaade<\/h2>\n<p>Zoomlion v\u00e4ikeekskavaatori ZE60E noole silinder on ekskavaatorite h\u00fcdros\u00fcsteemi oluline komponent. See on spetsiaalselt loodud noole liikumise juhtimiseks, v\u00f5imaldades operaatoritel noolt t\u00f5husalt t\u00f5sta, langetada ja kallutada. See h\u00fcdrosilinder m\u00e4ngib olulist rolli t\u00f6\u00f6tulemuste parandamisel, eriti raskete kaevamis- ja materjalik\u00e4itlust\u00f6\u00f6de puhul. Kopasilindrit kasutatakse peamiselt erinevates rasketehnikas, sealhulgas ekskavaatorites, laadur-ekskavaatorites ja esilaadurites. See v\u00f5imaldab noole liikumist t\u00e4pselt juhtida, h\u00f5lbustades t\u00f5husat materjali k\u00e4sitsemist.<\/p>\n<p><img decoding=\"async\" src=\"https:\/\/www.hydraulic-cylinders.net\/wp-content\/uploads\/2025\/04\/songte-company-1.webp\" alt=\"Poomi silinder\"><\/p>\n<h3>Definitsioon ja funktsionaalsus<\/h3>\n<p>Kopa silinder on h\u00fcdraulilise silindri t\u00fc\u00fcp, mis on oluline kopa liikumise juhtimiseks rasketes masinates. See v\u00f5imaldab kopal t\u00e4ita olulisi funktsioone, nagu t\u00f5stmine, langetamine ja kallutamine, mis on olulised t\u00f5husate materjalik\u00e4itlust\u00f6\u00f6de jaoks. Kopa silindri t\u00f6\u00f6 tugineb h\u00fcdraulilisele r\u00f5hule, mis v\u00f5imaldab sujuvaid ja kiireid liikumisi, mis suurendavad ehitusplatsidel tootlikkust. Selle silindri n\u00f5uetekohane toimimine on ekskavaatorite t\u00f5husa t\u00f6\u00f6 jaoks \u00fclioluline, kuna see m\u00f5jutab otseselt kaevamiss\u00fcgavust, laadimisv\u00f5imet ja \u00fcldist objekti j\u00f5udlust.<\/p>\n<h2>Peamised omadused<\/h2>\n<ul>\n<li><strong>Suur tugevus ja vastupidavus:<\/strong> Valmistatud \u00fclitugevast terasest v\u00f5i alumiiniumist, mis on loodud taluma k\u00f5rget r\u00f5hku ja suuri koormusi, kohandudes samal ajal karmide t\u00f6\u00f6keskkondadega.<\/li>\n<li><strong>T\u00f5hus h\u00fcdrauliline t\u00f6\u00f6:<\/strong> Kasutab sujuvaks pikendamiseks ja tagasit\u00f5mbamiseks h\u00fcdraulika\u00f5li r\u00f5hku, pakkudes kiiret reageerimist juhtimisk\u00e4sklustele ning v\u00f5imsaid t\u00f5uke- ja t\u00f5mbej\u00f5ude.<\/li>\n<li><strong>Erinevad t\u00fc\u00fcbid:<\/strong> Saadaval \u00fchetoimeliste (\u00fches suunas t\u00f6\u00f6tavate) v\u00f5i kahetoimeliste (kahes suunas t\u00f6\u00f6tavate) silindritega, et see sobiks erinevate t\u00f6\u00f6vajadustega, m\u00f5nedel mudelitel on teleskoopkonstruktsioonid suurema ulatuse tagamiseks.<\/li>\n<li><strong>Mitmek\u00fclgsed rakendused:<\/strong> Ideaalne mitmesuguste rasketehnika rakenduste jaoks, tagades \u00fchilduvuse ja funktsionaalsuse erinevate mudelite vahel.<\/li>\n<li><strong>Hoolduss\u00f5bralik:<\/strong> Lihtsaks hooldamiseks loodud ja ligip\u00e4\u00e4setavate komponentidega, tagades pika kasutusea ja optimaalse t\u00f6\u00f6.<\/li>\n<\/ul>\n<p>Me suudame seda toodet toota ja meie pakkumised suudavad neid h\u00fcdrosilindreid ideaalselt asendada.<\/p>\n<p><img decoding=\"async\" src=\"https:\/\/www.hydraulic-cylinders.net\/wp-content\/uploads\/2025\/04\/songte-cylinder-head-with-all-kinds-excavator-models.webp\" alt=\"Ekskavaatori silindrite mudelid\"><\/p>\n<h2>Rakendused<\/h2>\n<h3>Ehitustehnika<\/h3>\n<p>Ehitusmasinates on noole silinder ekskavaatorite lahutamatu osa, h\u00f5lbustades olulisi toiminguid, nagu kaevamine, laadimine ja pinnase v\u00f5i prahi teisaldamine. Need silindrid v\u00f5imaldavad t\u00e4pset juhtimist ja man\u00f6\u00f6verdusv\u00f5imet, tagades t\u00f5husa materjalide k\u00e4itlemise ehitusprojektide ajal. Noole silindri efektiivsus m\u00f5jutab otseselt kaevet\u00f6\u00f6de kiirust ja kvaliteeti, mist\u00f5ttu on see raskete ehitust\u00f6\u00f6de puhul h\u00e4davajalik.<\/p>\n<h3>P\u00f5llumajandustehnika<\/h3>\n<p>P\u00f5llumajanduskeskkonnas kasutatakse esilaadurites noolesilindreid selliste \u00fclesannete jaoks nagu kaevamine, t\u00f5stmine ja mulla, heina ja muude materjalide transportimine. Nende silindrite pakutav t\u00e4pne juhtimine v\u00f5imaldab p\u00f5llumeestel t\u00f5husalt hallata lahtisi materjale, suurendades p\u00f5llumajandustegevuse tootlikkust ja t\u00f5husust. V\u00f5ime t\u00f6\u00f6tada erinevate koormuste ja tingimuste korral muudab noolesilindrid t\u00e4nap\u00e4eva p\u00f5llumajanduses asendamatuks t\u00f6\u00f6riistaks.<\/p>\n<h3>Ekskavaatorid<\/h3>\n<p>Ekskavaatorites vastutab noole silinder kaevamistoimingu v\u00f5imaldamise eest, v\u00f5imaldades kopal pinnasesse tungida. See funktsioon on oluline mitmesuguste kaevet\u00f6\u00f6de, sealhulgas kraavide kaevamise ja platsi ettevalmistamise puhul. Kopa silindri pakutav h\u00fcdrauliline juhtimine suurendab ekskavaatori efektiivsust ja t\u00f5husust, v\u00f5imaldades operaatoritel saavutada soovitud s\u00fcgavust ja materjali h\u00f5lpsalt k\u00e4sitseda.<\/p>\n<h3>Laadurid<\/h3>\n<p>Esilaaduritel aitavad noole silindrid koormaid t\u00f5husalt t\u00f5sta ja t\u00fchjendada. Noole t\u00e4pne juhtimine parandab laaduri v\u00f5imet raskeid materjale k\u00e4sitseda, tagades t\u00fchjendamis- ja t\u00f5stet\u00f6\u00f6de t\u00f5husa teostamise. Nende silindrite vastupidav konstruktsioon tagab t\u00f6\u00f6kindluse n\u00f5udlikes laadimisrakendustes.<\/p>\n<h2>Kujunduskaalutlused<\/h2>\n<h3>Kandev\u00f5ime<\/h3>\n<p>Poomi silindrite projekteerimisel on kandev\u00f5ime kriitilise t\u00e4htsusega tegur. See kaalutlus tagab, et silinder talub t\u00f6\u00f6 ajal esinevat maksimaalset raskust ilma riketeta. Insenerid peavad arvutama eeldatavad koormused ja rakendama ohutustegureid, et tagada silindri t\u00f6\u00f6kindlus rasketes tingimustes.<\/p>\n<h3>Tihendus<\/h3>\n<p>Silindri h\u00fcdraulilise r\u00f5hu s\u00e4ilitamiseks on oluline efektiivne tihendus. Kvaliteetsed tihendid hoiavad \u00e4ra lekked ja tagavad h\u00fcdraulikas\u00fcsteemi t\u00f5husa t\u00f6\u00f6. J\u00f5udluse ja pikaealisuse parandamiseks ning hooldusvajaduse v\u00e4hendamiseks kasutatakse mitmesuguseid tihendusmehhanisme, sealhulgas kolvitihendeid ja varrastihendeid.<\/p>\n<h3>Vastupidavus<\/h3>\n<p>Vastupidavus on noolesilindrite puhul peamine disainikriteerium. Need peavad vastu pidama karmidele t\u00f6\u00f6tingimustele ning olema vastupidavad pideva liikumise ja elementidega kokkupuute t\u00f5ttu tekkivale kulumisele. K\u00f5rgtugevate materjalide ja katete kasutamine pikendab silindri eluiga, muutes selle usaldusv\u00e4\u00e4rseks valikuks rasketehnika rakenduste jaoks.<\/p>\n<h3>Ohutus<\/h3>\n<p>Poomisilindrite projekteerimisel ei saa ohutuskaalutlusi t\u00e4helepanuta j\u00e4tta. Katastroofiliste rikete v\u00e4ltimiseks on integreeritud sellised funktsioonid nagu r\u00f5huvabastusventiilid ja \u00fclekoormuskaitse mehhanismid. Ohutuse tagamine t\u00f6\u00f6 ajal kaitseb mitte ainult seadmeid, vaid ka operaatoreid ja t\u00f6\u00f6tajaid kohapeal.<\/p>\n<h3>Hooldus<\/h3>\n<p>Hoolduse arvestamine projekteerimisel on \u00fclioluline, et tagada poomi silindrite lihtne hooldamine. Insenerid arvestavad komponentide ligip\u00e4\u00e4setavuse, m\u00e4\u00e4rimise lihtsuse ning tihendite ja muude osade vahetamise v\u00f5imalusega ilma ulatusliku lahtiv\u00f5tmiseta. See keskendumine hooldatavusele hoiab masinad t\u00f5husalt t\u00f6\u00f6korras ja v\u00e4hendab seisakuid.<\/p>\n<p><img decoding=\"async\" src=\"https:\/\/www.hydraulic-cylinders.net\/wp-content\/uploads\/2025\/04\/songte-oil-pipes-and-spare-parts.webp\" alt=\"H\u00fcdraulilised komponendid\"><\/p>\n<h2>Tihendus ja m\u00e4\u00e4rimine<\/h2>\n<p>H\u00fcdrosilinder kasutab r\u00f5hu hoidmiseks ja vedeliku lekke v\u00e4ltimiseks mitmesuguseid tihenduskomponente, n\u00e4iteks kolvitihendeid ja vardatihendeid. Vastupidavatest materjalidest, nagu pol\u00fcuretaan ja nitriilkummi, valmistatud tihendid on valitud nende kulumiskindluse t\u00f5ttu. Lisaks l\u00e4bivad silindri korpus ja keermestatud otsapinnad hoolika viimistluse, et suurendada kulumiskindlust. Regulaarne m\u00e4\u00e4rimine h\u00fcdraulika\u00f5liga on oluline sujuva t\u00f6\u00f6 tagamiseks ja tihendite ning liikuvate osade liigse kulumise v\u00e4ltimiseks.<\/p>\n<h2>Ennetavad hooldusmeetmed<\/h2>\n<ul>\n<li><strong>Regulaarsed kontrollid:<\/strong> Tehke h\u00fcdraulikakomponentide regulaarseid kontrolle kulumise v\u00f5i kahjustuste m\u00e4rke avastamiseks. V\u00f5imalike probleemide \u00f5igeaegne tuvastamine aitab v\u00e4ltida kulukaid remondit\u00f6id ja tagada optimaalse j\u00f5udluse.<\/li>\n<li><strong>Sobiv m\u00e4\u00e4rimine:<\/strong> S\u00e4ilitage h\u00fcdraulikas\u00fcsteemis \u00f5ige m\u00e4\u00e4rimistase, et minimeerida h\u00f5\u00f5rdumist ja v\u00e4hendada komponentide kulumist, pikendades toote eluiga.<\/li>\n<li><strong>Tihendi vahetamine:<\/strong> J\u00e4lgige tihendite seisukorda ja vahetage need vastavalt vajadusele, et v\u00e4ltida lekkeid ja s\u00e4ilitada h\u00fcdrauliline efektiivsus.<\/li>\n<\/ul>\n<h2>Paigaldusjuhised<\/h2>\n<p>Poomi silindri \u00f5ige paigaldamine on j\u00f5udluse ja pikaealisuse tagamiseks kriitilise t\u00e4htsusega. Alustage tootja paigaldusjuhendi p\u00f5hjalikust l\u00e4bivaatamisest ja veenduge, et teil on olemas k\u00f5ik vajalikud t\u00f6\u00f6riistad ja seadmed. Joondage silinder \u00f5igesti kinnitusklambritega, veendudes, et see on kindlalt kinnitatud ja vaba igasugustest takistustest, mis v\u00f5iksid t\u00f6\u00f6d takistada. Rakendage k\u00f5igile poltidele ja liitmikele sobivaid p\u00f6\u00f6rdemomente, et v\u00e4ltida nende lahtitulekut t\u00f6\u00f6tamise ajal. Enne kasutamise alustamist kontrollige h\u00fcdraulika\u00fchendusi lekete suhtes. Lisaks veenduge, et h\u00fcdraulikas\u00fcsteem on piisavalt \u00f5hutatud, et v\u00e4ltida ebaefektiivset t\u00f6\u00f6tamist. Kontrollige p\u00e4rast paigaldamist regulaarselt silindri joondust ja seisukorda, et s\u00e4ilitada optimaalne j\u00f5udlus.<\/p>\n<h2>Levinumad hooldust\u00f6\u00f6d<\/h2>\n<ul>\n<li><strong>Regulaarsed kontrollid:<\/strong> Planeerige regulaarseid kontrolle, et tuvastada kulumise, lekete v\u00f5i kahjustuste m\u00e4rke, mis v\u00f5imaldavad \u00f5igeaegset remonti ja hooldust.<\/li>\n<li><strong>\u00d5ige m\u00e4\u00e4rimine:<\/strong> H\u00f5\u00f5rdumise minimeerimiseks, j\u00f5udluse parandamiseks ja h\u00fcdraulikas\u00fcsteemi eluea pikendamiseks tagage liikuvate osade piisav m\u00e4\u00e4rimine.<\/li>\n<li><strong>Tihendi vahetamine:<\/strong> J\u00e4lgige tihendite seisukorda ja vahetage need vastavalt vajadusele, et s\u00e4ilitada h\u00fcdrauliline efektiivsus ja v\u00e4ltida lekkeid.<\/li>\n<\/ul>\n<p>N\u00f5uetekohane paigaldamine, m\u00e4\u00e4rimine ja reguleerimine on poomi silindri pikaealisuse ja efektiivsuse tagamiseks \u00fcliolulised. Paigaldamise ajal on oluline silinder \u00f5igesti joondada ja selle kindlalt kinnitamiseks kasutada sobivaid kinnitusklambreid. Optimaalse t\u00f6\u00f6 s\u00e4ilitamiseks tuleks hoolikalt j\u00e4rgida soovitatud kontrolli-, remondi- ja asendusprotseduure.<\/p>\n<p><img decoding=\"async\" src=\"https:\/\/www.hydraulic-cylinders.net\/wp-content\/uploads\/2025\/04\/songte-chushion-collar.webp\" alt=\"Padjakaelus\"><\/p>\n<h2>Ohutuskaalutlused ja keskkonnategurid<\/h2>\n<p>H\u00fcdrauliliste s\u00fcsteemidega t\u00f6\u00f6tamisel on ohutusmeetmed \u00fcliolulised. Operaatorid peaksid olema koolitatud ohutute t\u00f6\u00f6protseduuride osas ja olema teadlikud h\u00fcdrosilindrite kasutamisega seotud v\u00f5imalikest ohtudest. Tuleb kanda sobivaid kaitsevahendeid ja t\u00f6\u00f6tsoonidesse tuleks paigaldada ohutust\u00f5kked. Lisaks m\u00e4ngivad h\u00fcdrauliliste komponentide materjalide valikul rolli keskkonnategurid, et tagada nende vastupidavus erinevatele tingimustele ilma j\u00f5udlust kahjustamata.<\/p>\n<h2>Rikete diagnoosimine ja levinud probleemid<\/h2>\n<ul>\n<li><strong>Leke:<\/strong> H\u00fcdraulikavedeliku lekete tuvastamine ja k\u00f5rvaldamine on s\u00fcsteemi efektiivsuse s\u00e4ilitamiseks \u00fclioluline. Levinud p\u00f5hjuste hulka kuuluvad kahjustatud tihendid v\u00f5i liitmikud, mis vajavad kohest t\u00e4helepanu.<\/li>\n<li><strong>Halb j\u00f5udlus:<\/strong> Kui silinder ei reageeri ootusp\u00e4raselt, kontrollige h\u00fcdraulikavedeliku taset, s\u00fcsteemis olevat \u00f5hku v\u00f5i v\u00f5imalikke ummistusi torudes.<\/li>\n<li><strong>Kummalised helid:<\/strong> Silindrist kostvad ebatavalised helid v\u00f5ivad viidata sisemistele probleemidele v\u00f5i ebapiisavale m\u00e4\u00e4rimisele, mis n\u00f5uab viivitamatut kontrolli.<\/li>\n<\/ul>\n<p>Juhiste andmine vigade diagnoosimiseks ja lahendamiseks v\u00f5ib oluliselt parandada tegevuse efektiivsust. Regulaarsed hoolduskontrollid ja probleemide lahendamine nende tekkimisel aitavad v\u00e4ltida suuremaid probleeme tulevikus. Ennetavate meetmete rakendamine aitab leevendada v\u00f5imalikke t\u00fcsistusi, tagades sujuva ja usaldusv\u00e4\u00e4rse t\u00f6\u00f6.<\/p>\n<p><img decoding=\"async\" src=\"https:\/\/www.hydraulic-cylinders.net\/wp-content\/uploads\/2025\/04\/songte-bushings-with-all-kinds-of-excavator-models.webp\" alt=\"Ekskavaatorimudelite puksid\"><\/p>\n<h2>Ettev\u00f5tte \u00fclevaade<\/h2>\n<p>Oleme asendush\u00fcdrauliliste silindrite tootja, pakkudes laia tootevalikut, mis positsioneerib meid \u00fcheks juhtivaks h\u00fcdrosilindrite tootjaks ja hulgim\u00fc\u00fcjaks nii sise- kui ka rahvusvahelistel turgudel. Meie p\u00fchendumus tipptasemele p\u00f5hineb t\u00e4iustatud tootmisstrateegiatel, tipptasemel tootmisseadmete ja professionaalsete testimiss\u00fcsteemide kasutamisel meie tootmisv\u00f5imekuse suurendamiseks.<\/p>\n<p>Meie ettev\u00f5te keskendub mitte ainult kvaliteetsete toodete loomisele, vaid ka klientide erivajadustele vastavate kohandatud lahenduste pakkumisele. Meil \u200b\u200bon rahvusvahelised sertifikaadid, et tagada meie toodete vastavus rangetele kvaliteedistandarditele. Meie ulatuslikud investeeringud t\u00e4iustatud tootmisseadmetesse ja -tehnoloogiasse v\u00f5imaldavad meil toota h\u00fcdraulilisi silindreid suure efektiivsuse, t\u00e4psuse ja kvaliteediga, et rahuldada klientide mitmekesiseid n\u00f5udmisi.<\/p>\n<p><img decoding=\"async\" src=\"https:\/\/www.hydraulic-cylinders.net\/wp-content\/uploads\/2025\/04\/songte-company-4.webp\" alt=\"Ettev\u00f5tte \u00fclevaade\"><br \/>\n<img decoding=\"async\" src=\"https:\/\/www.hydraulic-cylinders.net\/wp-content\/uploads\/2025\/04\/songte-company-3.webp\" alt=\"Tootmis\u00fcksus\"><\/p>\n<p>Autor: lyl<\/p>","protected":false},"excerpt":{"rendered":"<p>Boom Cylinder For Zoomlion Small Excavator ZE60E Product Overview The Boom Cylinder for the Zoomlion Small Excavator ZE60E is a crucial component in the hydraulic system of excavators. It is specifically designed to control the movement of the boom, allowing operators to lift, lower, and tilt the boom efficiently. This hydraulic cylinder plays a significant [&hellip;]<\/p>","protected":false},"featured_media":17867,"comment_status":"open","ping_status":"closed","template":"","meta":{"_et_pb_use_builder":"","_et_pb_old_content":"","_et_gb_content_width":""},"product_brand":[],"product_cat":[1546],"product_tag":[1547,1496],"class_list":{"0":"post-19211","1":"product","2":"type-product","3":"status-publish","4":"has-post-thumbnail","6":"product_cat-boom-cylinders","7":"product_tag-boom-cylinders","8":"product_tag-hydraulic-cylinders","10":"first","11":"instock","12":"shipping-taxable","13":"product-type-simple"},"amp_enabled":true,"_links":{"self":[{"href":"https:\/\/www.hydraulic-cylinders.net\/et\/wp-json\/wp\/v2\/product\/19211","targetHints":{"allow":["GET"]}}],"collection":[{"href":"https:\/\/www.hydraulic-cylinders.net\/et\/wp-json\/wp\/v2\/product"}],"about":[{"href":"https:\/\/www.hydraulic-cylinders.net\/et\/wp-json\/wp\/v2\/types\/product"}],"replies":[{"embeddable":true,"href":"https:\/\/www.hydraulic-cylinders.net\/et\/wp-json\/wp\/v2\/comments?post=19211"}],"wp:featuredmedia":[{"embeddable":true,"href":"https:\/\/www.hydraulic-cylinders.net\/et\/wp-json\/wp\/v2\/media\/17867"}],"wp:attachment":[{"href":"https:\/\/www.hydraulic-cylinders.net\/et\/wp-json\/wp\/v2\/media?parent=19211"}],"wp:term":[{"taxonomy":"product_brand","embeddable":true,"href":"https:\/\/www.hydraulic-cylinders.net\/et\/wp-json\/wp\/v2\/product_brand?post=19211"},{"taxonomy":"product_cat","embeddable":true,"href":"https:\/\/www.hydraulic-cylinders.net\/et\/wp-json\/wp\/v2\/product_cat?post=19211"},{"taxonomy":"product_tag","embeddable":true,"href":"https:\/\/www.hydraulic-cylinders.net\/et\/wp-json\/wp\/v2\/product_tag?post=19211"}],"curies":[{"name":"wp","href":"https:\/\/api.w.org\/{rel}","templated":true}]}}