{"id":19214,"date":"2025-04-07T06:18:29","date_gmt":"2025-04-07T06:18:29","guid":{"rendered":"https:\/\/www.hydraulic-cylinders.net\/product\/boom-cylinder-for-zoomlion-small-excavator-ze150e\/"},"modified":"2025-04-07T06:18:32","modified_gmt":"2025-04-07T06:18:32","slug":"boom-cylinder-for-zoomlion-small-excavator-ze150e","status":"publish","type":"product","link":"https:\/\/www.hydraulic-cylinders.net\/et\/toode\/boom-cylinder-for-zoomlion-small-excavator-ze150e\/","title":{"rendered":"Zoomlion v\u00e4ikese ekskavaatori ZE150E poomi silinder"},"content":{"rendered":"<h1>Zoomlion v\u00e4ikese ekskavaatori ZE150E poomi silinder<\/h1>\n<h2>Toote \u00fclevaade<\/h2>\n<p>Zoomlion v\u00e4ikeekskavaatori ZE150E poomi silinder on kriitiline h\u00fcdrauliline komponent, mis on loodud poomi liikumise juhtimiseks erinevates rasketes masinates, eriti ekskavaatorites. See h\u00fcdrauliline silinder m\u00e4ngib olulist rolli poomi t\u00f5stmisel, langetamisel ja kallutamisel, h\u00f5lbustades t\u00f5husaid materjalik\u00e4itlust\u00f6id ehitusplatsidel ja muudes t\u00f6\u00f6stuslikes rakendustes.<\/p>\n<p><img decoding=\"async\" src=\"https:\/\/www.hydraulic-cylinders.net\/wp-content\/uploads\/2025\/04\/songte-company-1.webp\" alt=\"Poomi silinder\"><\/p>\n<h3>Definitsioon ja funktsioon<\/h3>\n<p>Kopa silinder on spetsiaalne h\u00fcdraulilise silindri t\u00fc\u00fcp, mis on loodud raskete masinate, n\u00e4iteks ekskavaatorite, laadur-ekskavaatori ja esilaaduri koppade liikumise juhtimiseks. See v\u00f5imaldab kopal t\u00e4ita olulisi funktsioone, nagu t\u00f5stmine, langetamine ja kallutamine, mis on materjalide t\u00f5husa transportimise jaoks \u00fcliolulised. V\u00f5imalus neid liigutusi t\u00e4pselt juhtida suurendab \u00fcldist t\u00f6\u00f6 efektiivsust.<\/p>\n<h2>Peamised omadused<\/h2>\n<ul>\n<li><strong>Suur tugevus ja vastupidavus:<\/strong> Tavaliselt \u00fclitugevast terasest v\u00f5i alumiiniumist valmistatud silindrid taluvad k\u00f5rget r\u00f5hku ja suuri koormusi, sobides samal ajal ka karmidesse t\u00f6\u00f6tingimustesse. Need on konstrueeritud kulumiskindlust ja korrosioonikindlust silmas pidades, mis pikendab oluliselt nende eluiga.<\/li>\n<li><strong>T\u00f5hus h\u00fcdrauliline t\u00f6\u00f6:<\/strong> H\u00fcdraulika\u00f5li r\u00f5hku kasutades tagab poomi silinder sujuva teleskoopliigutuse, v\u00f5imaldades kiiret reageerimist juhtimisk\u00e4sklustele ning pakkudes m\u00e4rkimisv\u00e4\u00e4rset t\u00f5uke- ja t\u00f5mbej\u00f5udu raskete ja keerukate \u00fclesannete k\u00e4sitlemiseks.<\/li>\n<li><strong>Erinevad t\u00fc\u00fcbid:<\/strong> Need silindrid on saadaval erinevates konfiguratsioonides, sealhulgas \u00fchetoimelised (h\u00fcdrauliline t\u00f6\u00f6 \u00fches suunas) ja kahetoimelised (h\u00fcdrauliline t\u00f6\u00f6 m\u00f5lemas suunas), et rahuldada erinevaid t\u00f6\u00f6vajadusi. M\u00f5ned mudelid on teleskoopilised, mis v\u00f5imaldab suuremat pikendamist ilma v\u00e4lism\u00f5\u00f5tmeid suurendamata, mis sobib ideaalselt piiratud ruumiga rakenduste jaoks.<\/li>\n<\/ul>\n<p>Saame seda toodet toota, pakkudes ideaalseid asendusi erinevatele h\u00fcdrosilindritele.<\/p>\n<p><img decoding=\"async\" src=\"https:\/\/www.hydraulic-cylinders.net\/wp-content\/uploads\/2025\/04\/songte-cylinder-head-with-all-kinds-excavator-models.webp\" alt=\"Ekskavaatori mudelid\"><\/p>\n<h2>Rakendusstsenaariumid<\/h2>\n<h3>Ehitustehnika<\/h3>\n<p>Ekskavaatorites on noolesilindrid h\u00e4davajalikud kaevamiseks, laadimiseks ja pinnase v\u00f5i prahi teisaldamiseks. Need h\u00f5lbustavad kaevamisprotsessi, v\u00f5imaldades kopal t\u00f5husalt pinnasesse tungida, muutes need ehitus- ja lammutust\u00f6\u00f6del asendamatuks.<\/p>\n<h3>P\u00f5llumajandustehnika<\/h3>\n<p>Esilaadurites on noolesilindrid \u00fcliolulised mulla, heina ja muude materjalide kopeerimiseks, t\u00f5stmiseks ja transportimiseks. Nende vastupidav konstruktsioon ja h\u00fcdrauliline efektiivsus muudavad need ideaalseks p\u00f5llumajanduslikeks rakendusteks, suurendades p\u00f5llumajandustegevuse tootlikkust.<\/p>\n<h3>Kaevet\u00f6\u00f6de \u00fclesanded<\/h3>\n<p>Ekskavaatorites v\u00f5imaldab noole silinder kopal kaevamist pinnasesse tungimise teel, muutes selle oluliseks komponendiks kaevet\u00f6\u00f6del erinevates t\u00f6\u00f6stusharudes, sealhulgas ehituses, kaevanduses ja haljastuses.<\/p>\n<h3>Laadimistoimingud<\/h3>\n<p>Frontaallaadurites aitavad need silindrid koormaid t\u00f5husalt t\u00f5sta ja maha laadida, mist\u00f5ttu on need materjalide k\u00e4itlemisel h\u00e4davajalikud erinevates keskkondades, sealhulgas ehitusplatsidel ja ladudes.<\/p>\n<h2>Projekteerimiskaalutlused ja valikustandardid<\/h2>\n<h3>Kandev\u00f5ime<\/h3>\n<p>Noolesilindri kandev\u00f5ime m\u00e4\u00e4rab selle v\u00f5ime teatud raskustega t\u00f5husalt toime tulla. Sobiva kandev\u00f5imega silindri valimine on \u00fclioluline, et tagada ohutus ja j\u00f5udlus t\u00f6\u00f6 ajal. Tootjad peavad arvestama kavandatud kasutuse ja koormusn\u00f5uetega, et v\u00e4ltida rikkeid v\u00f5i \u00f5nnetusi.<\/p>\n<h3>Tihendusv\u00f5ime<\/h3>\n<p>T\u00f5hus tihendamine on h\u00fcdraulilise r\u00f5hu s\u00e4ilitamiseks ja lekete v\u00e4ltimiseks \u00fclioluline. Vastupidavatest materjalidest valmistatud kvaliteetsed tihendid v\u00f5ivad silindri pikaealisust oluliselt pikendada. Optimaalse j\u00f5udluse tagamiseks on oluline valida tihendid, mis on konstrueeritud silindri konkreetsete t\u00f6\u00f6tingimuste jaoks.<\/p>\n<h3>Vastupidavus<\/h3>\n<p>Vastupidavus on noolesilindrite projekteerimisel v\u00f5tmetegur, kuna need peavad vastu pidama karmidele keskkondadele ja intensiivsele kasutamisele. Sellised tegurid nagu materjalivalik, pinnat\u00f6\u00f6tlus ja disainifunktsioonid aitavad kaasa \u00fcldisele vastupidavusele, v\u00e4hendades rikete ohtu ja hooldusvajadust aja jooksul.<\/p>\n<h3>Turvaelemendid<\/h3>\n<p>H\u00fcdraulilistes s\u00fcsteemides on ohutus esmat\u00e4htis. Ohutusmehhanismide, n\u00e4iteks r\u00f5hukaitseventiilide ja \u00fclekoormuskaitse funktsioonide lisamine on \u00f5nnetuste v\u00e4ltimiseks ja ohutu t\u00f6\u00f6 tagamiseks h\u00e4davajalik. Projekteerimisel tuleb seada esikohale kasutaja ohutus, ilma et see kahjustaks j\u00f5udlust.<\/p>\n<h3>Hooldatavus<\/h3>\n<p>H\u00fcdrauliliste silindrite pikaealisuse ja efektiivsuse jaoks on hoolduse lihtsus kriitilise t\u00e4htsusega. Konstruktsioonilised omadused, nagu ligip\u00e4\u00e4setavad m\u00e4\u00e4rimispunktid, h\u00f5lpsasti vahetatavad tihendid ja selged hooldusjuhised, parandavad hooldatavust, tagades, et regulaarset hooldust saab teha minimaalse seisakuajaga.<\/p>\n<p><img decoding=\"async\" src=\"https:\/\/www.hydraulic-cylinders.net\/wp-content\/uploads\/2025\/04\/songte-oil-pipes-and-spare-parts.webp\" alt=\"\u00d5litorud ja varuosad\"><\/p>\n<h2>Tihendus ja m\u00e4\u00e4rimine<\/h2>\n<p>H\u00fcdraulilise terviklikkuse s\u00e4ilitamiseks on olulised mitmesugused tihenduskomponendid, n\u00e4iteks kolvitihendid ja varrastihendid. Pol\u00fcuretaanist ja nitriilkummist tihendeid kasutatakse tavaliselt nende kulumiskindluse t\u00f5ttu. Lisaks on silindri korpus ja keermestatud otsapinnad peenelt t\u00f6\u00f6deldud, et parandada kulumiskindlust. Regulaarne hooldus h\u00f5lmab piisava m\u00e4\u00e4rimise tagamist, lisades perioodiliselt h\u00fcdraulika\u00f5li, et minimeerida liikuvate osade h\u00f5\u00f5rdumist ja kulumist.<\/p>\n<h2>Regulaarne kontroll ja ennetavad hooldusmeetmed<\/h2>\n<ul>\n<li><strong>Rutiinsed kontrollid:<\/strong> Tehke regulaarseid visuaalseid kontrolle, et kontrollida lekkeid, korrosiooni ja tihendite ning \u00fchenduste kulumist. Probleemide varajane avastamine aitab v\u00e4ltida suuremaid probleeme hiljem.<\/li>\n<li><strong>\u00d5ige m\u00e4\u00e4rimine:<\/strong> Veenduge, et k\u00f5ik liikuvad osad oleksid piisavalt m\u00e4\u00e4ritud, et v\u00e4hendada h\u00f5\u00f5rdumist, mis v\u00f5ib p\u00f5hjustada kulumist ja kahjustusi. Kasutage soovitatud h\u00fcdraulika\u00f5li ja j\u00e4rgige tootja poolt m\u00e4\u00e4ratud m\u00e4\u00e4rimisgraafikut.<\/li>\n<li><strong>Tihendi vahetamine:<\/strong> J\u00e4lgige tihendite seisukorda ja vahetage need vastavalt vajadusele. Kulunud v\u00f5i kahjustatud tihendid v\u00f5ivad p\u00f5hjustada lekkeid ja v\u00e4hendada h\u00fcdros\u00fcsteemi efektiivsust.<\/li>\n<\/ul>\n<h2>Paigaldusjuhised<\/h2>\n<p>Poomi silindri paigaldamisel j\u00e4rgige optimaalse j\u00f5udluse saavutamiseks j\u00e4rgmisi samme:<br \/>\n1. **Ettevalmistus:** Veenduge, et t\u00f6\u00f6ala oleks puhas ja prahist vaba. Enne paigaldamise alustamist koguge kokku k\u00f5ik vajalikud t\u00f6\u00f6riistad ja komponendid.<br \/>\n2. **Joodustus:** Joondage silinder \u00f5igesti kinnitusklambritega. Vale joondus v\u00f5ib p\u00f5hjustada enneaegset kulumist ja rikkeid.<br \/>\n3. **Kasutage tugiklambreid:** Kasutage silindri kinnitamiseks paigaldamise ajal sobivaid tugiklambreid, et v\u00e4ltida liikumist, mis v\u00f5iks komponente kahjustada.<br \/>\n4. **Pingutamine:** Pingutage k\u00f5iki polte ja kinnitusvahendeid vastavalt tootja spetsifikatsioonidele, tagades kindla sobivuse ilma \u00fclepingutamiseta, mis v\u00f5ib p\u00f5hjustada pingepragusid.<br \/>\n5. **Testimine:** P\u00e4rast paigaldamist testige silindrit, ts\u00fcklites seda kogu liikumisulatuse ulatuses, et veenduda selle n\u00f5uetekohases toimimises ja kontrollida lekete olemasolu.<\/p>\n<h2>Levinumad hooldust\u00f6\u00f6d<\/h2>\n<ul>\n<li><strong>Regulaarsed kontrollid:<\/strong> Kulumis- v\u00f5i kahjustusm\u00e4rkide tuvastamiseks on oluline teha regulaarseid kontrolle. See h\u00f5lmab lekete v\u00f5i ebatavaliste helide j\u00e4lgimist t\u00f6\u00f6tamise ajal.<\/li>\n<li><strong>\u00d5ige m\u00e4\u00e4rimine:<\/strong> H\u00fcdraulikas\u00fcsteemi efektiivsuse s\u00e4ilitamiseks on kriitilise t\u00e4htsusega piisav m\u00e4\u00e4rimine. Kontrollige ja vahetage h\u00fcdraulika\u00f5li regulaarselt vastavalt tootja juhistele.<\/li>\n<li><strong>Tihendi vahetamine ja kalibreerimine:<\/strong> Kontrollige regulaarselt tihendite kulumist ja vajadusel vahetage need v\u00e4lja. Kalibreerimiskontrollid tagavad, et h\u00fcdros\u00fcsteem t\u00f6\u00f6tab etten\u00e4htud parameetrite piires, suurendades ohutust ja j\u00f5udlust.<\/li>\n<\/ul>\n<p>\u00d5ige paigaldus, regulaarne m\u00e4\u00e4rimine ja reguleerimine on poomi silindri pikaealisuse tagamiseks \u00fcliolulised. Paigaldamise ajal veenduge \u00f5iges joonduses ja kasutage silindri kinnitamiseks soovitatud paigaldusklambreid. Soovitatavate hooldusprotseduuride j\u00e4rgimine aitab s\u00e4ilitada j\u00f5udlust ja v\u00e4ltida kulukaid remondit\u00f6id.<\/p>\n<p><img decoding=\"async\" src=\"https:\/\/www.hydraulic-cylinders.net\/wp-content\/uploads\/2025\/04\/songte-chushion-collar.webp\" alt=\"Padjakaelus\"><\/p>\n<h2>Ohutuskaalutlused ja keskkonnategurid<\/h2>\n<p>H\u00fcdrauliliste silindrite kasutamisel on \u00f5nnetuste v\u00e4ltimiseks oluline rakendada ohutusmeetmeid. See h\u00f5lmab t\u00f6\u00f6juhiste j\u00e4rgimist, sobivate isikukaitsevahendite (IKV) kasutamist ja k\u00f5igi operaatorite ohutusprotokollide alase koolituse tagamist. Regulaarsed ohutusauditid aitavad tuvastada v\u00f5imalikke riske ja parandada \u00fcldist t\u00f6\u00f6ohutust.<\/p>\n<h2>Rikete diagnoosimine ja levinud probleemid<\/h2>\n<ul>\n<li><strong>Leke:<\/strong> Tavaliselt p\u00f5hjustatud kulunud tihenditest v\u00f5i eba\u00f5igest paigaldamisest. Kontrollige tihendeid regulaarselt ja vajadusel vahetage need v\u00e4lja.<\/li>\n<li><strong>V\u00e4hendatud j\u00f5udlus:<\/strong> See v\u00f5ib viidata madalale h\u00fcdraulikavedeliku tasemele v\u00f5i \u00f5hule s\u00fcsteemis. Kontrollige vedeliku taset ja vajadusel \u00f5hutage s\u00fcsteemi.<\/li>\n<li><strong>Ebatavalised helid:<\/strong> T\u00f6\u00f6tamise ajal tekkiv m\u00fcra v\u00f5ib viidata mehaanilistele probleemidele. Tuvastage m\u00fcra allikas ja k\u00f5rvaldage koheselt k\u00f5ik kulunud v\u00f5i kahjustatud komponendid.<\/li>\n<\/ul>\n<h2>Veaotsingu n\u00e4pun\u00e4ited<\/h2>\n<p>Probleemi t\u00f5husaks diagnoosimiseks ja lahendamiseks j\u00e4rgige neid n\u00e4pun\u00e4iteid:<br \/>\n1. **Regulaarne hooldus:** Rakendage regulaarset hooldusgraafikut, et minimeerida v\u00f5imalikke probleeme ja pikendada h\u00fcdrosilindri eluiga.<br \/>\n2. **J\u00e4lgige toimivust:** J\u00e4lgige silindri toimivust ja tegelege viivitamatult k\u00f5igi k\u00f5rvalekalletega tavap\u00e4rasest k\u00e4itumisest.<br \/>\n3. **Ennetavad meetmed:** Koolitage operaatoreid seadmete \u00f5ige kasutamise ja hooldamise osas, et v\u00e4hendada operaatori p\u00f5hjustatud probleemide t\u00f5en\u00e4osust.<\/p>\n<p><img decoding=\"async\" src=\"https:\/\/www.hydraulic-cylinders.net\/wp-content\/uploads\/2025\/04\/songte-bushings-with-all-kinds-of-excavator-models.webp\" alt=\"Ekskavaatorimudelite puksid\"><\/p>\n<h2>Meie ettev\u00f5ttest<\/h2>\n<p>Oleme juhtiv h\u00fcdrosilindrite tootja, pakkudes laia valikut tooteid, mis on loodud nii sise- kui ka rahvusvaheliste turgude n\u00f5udmiste rahuldamiseks. Meie p\u00fchendumust tippkvaliteedile toetavad t\u00e4iustatud tootmisjuhtimise strateegiad, uuenduslik tehnoloogia ja tugevad testimiss\u00fcsteemid. T\u00e4iustame pidevalt oma tootmisv\u00f5imsust, et pakkuda suure t\u00f5hususega, suure t\u00e4psusega ja kvaliteetseid tooteid, mis vastavad klientide mitmekesistele vajadustele.<\/p>\n<p>Lisaks pakume professionaalseid teenuseid, rahvusvahelisi sertifikaate ja kohandatud lahendusi, mis on kohandatud konkreetsetele n\u00f5uetele. Meie tipptasemel tootmisseadmed ja p\u00fchendunud m\u00fc\u00fcgij\u00e4rgne tugi tagavad, et vastame ja \u00fcletame t\u00f6\u00f6stusstandardeid, luues samal ajal klientidega pikaajalisi suhteid.<\/p>\n<p><img decoding=\"async\" src=\"https:\/\/www.hydraulic-cylinders.net\/wp-content\/uploads\/2025\/04\/songte-company-4.webp\" alt=\"Ettev\u00f5tte \u00fclevaade\"><br \/>\n<img decoding=\"async\" src=\"https:\/\/www.hydraulic-cylinders.net\/wp-content\/uploads\/2025\/04\/songte-company-3.webp\" alt=\"Tootmis\u00fcksus\"><\/p>\n<p>Autor: lyl<\/p>","protected":false},"excerpt":{"rendered":"<p>Boom Cylinder For Zoomlion Small Excavator ZE150E Product Overview The Boom Cylinder for Zoomlion Small Excavator ZE150E is a critical hydraulic component designed to control the movement of the boom in various heavy machinery, particularly excavators. This hydraulic cylinder plays a vital role in enabling the boom to lift, lower, and tilt, facilitating efficient material [&hellip;]<\/p>","protected":false},"featured_media":17870,"comment_status":"open","ping_status":"closed","template":"","meta":{"_et_pb_use_builder":"","_et_pb_old_content":"","_et_gb_content_width":""},"product_brand":[],"product_cat":[1546],"product_tag":[1547,1496],"class_list":{"0":"post-19214","1":"product","2":"type-product","3":"status-publish","4":"has-post-thumbnail","6":"product_cat-boom-cylinders","7":"product_tag-boom-cylinders","8":"product_tag-hydraulic-cylinders","10":"first","11":"instock","12":"shipping-taxable","13":"product-type-simple"},"amp_enabled":true,"_links":{"self":[{"href":"https:\/\/www.hydraulic-cylinders.net\/et\/wp-json\/wp\/v2\/product\/19214","targetHints":{"allow":["GET"]}}],"collection":[{"href":"https:\/\/www.hydraulic-cylinders.net\/et\/wp-json\/wp\/v2\/product"}],"about":[{"href":"https:\/\/www.hydraulic-cylinders.net\/et\/wp-json\/wp\/v2\/types\/product"}],"replies":[{"embeddable":true,"href":"https:\/\/www.hydraulic-cylinders.net\/et\/wp-json\/wp\/v2\/comments?post=19214"}],"wp:featuredmedia":[{"embeddable":true,"href":"https:\/\/www.hydraulic-cylinders.net\/et\/wp-json\/wp\/v2\/media\/17870"}],"wp:attachment":[{"href":"https:\/\/www.hydraulic-cylinders.net\/et\/wp-json\/wp\/v2\/media?parent=19214"}],"wp:term":[{"taxonomy":"product_brand","embeddable":true,"href":"https:\/\/www.hydraulic-cylinders.net\/et\/wp-json\/wp\/v2\/product_brand?post=19214"},{"taxonomy":"product_cat","embeddable":true,"href":"https:\/\/www.hydraulic-cylinders.net\/et\/wp-json\/wp\/v2\/product_cat?post=19214"},{"taxonomy":"product_tag","embeddable":true,"href":"https:\/\/www.hydraulic-cylinders.net\/et\/wp-json\/wp\/v2\/product_tag?post=19214"}],"curies":[{"name":"wp","href":"https:\/\/api.w.org\/{rel}","templated":true}]}}