{"id":19218,"date":"2025-04-07T06:18:39","date_gmt":"2025-04-07T06:18:39","guid":{"rendered":"https:\/\/www.hydraulic-cylinders.net\/product\/boom-cylinder-for-zoomlion-middle-excavator-ze230elr\/"},"modified":"2025-04-07T06:18:41","modified_gmt":"2025-04-07T06:18:41","slug":"boom-cylinder-for-zoomlion-middle-excavator-ze230elr","status":"publish","type":"product","link":"https:\/\/www.hydraulic-cylinders.net\/et\/toode\/boom-cylinder-for-zoomlion-middle-excavator-ze230elr\/","title":{"rendered":"Zoomlion keskmise ekskavaatori ZE230ELR poomi silinder"},"content":{"rendered":"<h1>Zoomlion keskmise ekskavaatori ZE230ELR poomi silinder<\/h1>\n<h2>Sissejuhatus poomi silindrisse<\/h2>\n<p>Poomi silinder on oluline komponent, mis on spetsiaalselt loodud rasketehnika, eriti Zoomlion keskmise ekskavaatori ZE230ELR jaoks. See h\u00fcdrosilinder m\u00e4ngib olulist rolli ekskavaatori poomi liikumise juhtimisel, v\u00f5imaldades sellel t\u00f5husalt t\u00f5sta, langetada ja kallutada. H\u00fcdrosilindrina kasutab see liikumise ja j\u00f5u tekitamiseks survestatud h\u00fcdraulilist vedelikku, muutes selle asendamatuks erinevates materjalik\u00e4itlust\u00f6\u00f6des.<\/p>\n<p>Kopa silinder, nagu ka noole silinder, on ekskavaatorite, laadurite ja esilaadurite h\u00fcdraulikas\u00fcsteemide lahutamatu osa. Seda t\u00fc\u00fcpi h\u00fcdrauliline silinder on konstrueeritud ekskavaatori kopa d\u00fcnaamiliste liikumiste juhtimiseks, tagades, et see teostab selliseid toiminguid nagu kaevamine, t\u00f5stmine ja t\u00fchjendamine t\u00e4pselt ja t\u00f5husalt. Nende silindrite konstruktsioon v\u00f5imaldab neil taluda t\u00f6\u00f6 ajal esinevaid olulisi j\u00f5ude, aidates seel\u00e4bi kaasa ehitus- ja rasketehnika \u00fcldisele t\u00f5hususele ja tootlikkusele.<\/p>\n<p><img decoding=\"async\" src=\"https:\/\/www.hydraulic-cylinders.net\/wp-content\/uploads\/2025\/04\/songte-company-1.webp\" alt=\"Poomi silindri pilt\"><\/p>\n<h2>Poomi silindri omadused<\/h2>\n<ul>\n<li><strong>Suur tugevus ja vastupidavus:<\/strong> K\u00f5rgtugevast terasest v\u00f5i alumiiniumist valmistatud noole silinder on loodud taluma k\u00f5rget r\u00f5hku ja suuri koormusi. Selle konstruktsioonis on arvestatud kulumiskindluse ja korrosioonikaitsega, mis pikendab selle eluiga.<\/li>\n<li><strong>T\u00f5hus h\u00fcdrauliline t\u00f6\u00f6:<\/strong> Silinder kasutab sujuva v\u00e4lja- ja sisset\u00f5mbamise v\u00f5imaldamiseks h\u00fcdraulilise vedeliku r\u00f5hku. See reageerib operaatori k\u00e4sklustele kiiresti, pakkudes m\u00e4rkimisv\u00e4\u00e4rset t\u00f5uke- ja t\u00f5mbej\u00f5udu, mist\u00f5ttu sobib see raskete ja keerukate \u00fclesannete t\u00e4itmiseks.<\/li>\n<li><strong>Erinevad t\u00fc\u00fcbid:<\/strong> Poomi silinder on saadaval erinevates konfiguratsioonides, sealhulgas \u00fchetoimelise (\u00fches suunas t\u00f6\u00f6tav) v\u00f5i kahetoimelise (m\u00f5lemas suunas t\u00f6\u00f6tav) mudelina. M\u00f5ned versioonid on teleskoopilised, mis v\u00f5imaldab suuremat pikendust ilma v\u00e4lism\u00f5\u00f5tmeid suurendamata, mis sobib ideaalselt kitsastesse ruumidesse.<\/li>\n<\/ul>\n<p>Meie ettev\u00f5te on spetsialiseerunud selle toote tootmisele, pakkudes ideaalseid alternatiive olemasolevatele h\u00fcdrosilindritele.<\/p>\n<p><img decoding=\"async\" src=\"https:\/\/www.hydraulic-cylinders.net\/wp-content\/uploads\/2025\/04\/songte-cylinder-head-with-all-kinds-excavator-models.webp\" alt=\"Ekskavaatori mudeli pilt\"><\/p>\n<h2>Poomi silindri rakendused<\/h2>\n<h3>Ehitustehnika<\/h3>\n<p>Ehitusmasinate puhul on noole silinder ekskavaatorite jaoks \u00fclioluline, kuna see h\u00f5lbustab pinnase v\u00f5i prahi kaevamist, laadimist ja transportimist. Noole t\u00f5hus t\u00f6\u00f6 v\u00f5imaldab operaatoritel \u00fclesandeid kiiremini ja t\u00e4psemalt t\u00e4ita, suurendades ehitusplatsidel \u00fcldist tootlikkust. Ekskavaatorlaaduritel abistab noole silinder nii kaevamis- kui ka t\u00f5stet\u00f6\u00f6del, n\u00e4idates \u00fcles mitmek\u00fclgsust ja t\u00f5husust erinevates projektides.<\/p>\n<h3>P\u00f5llumajandustehnika<\/h3>\n<p>Esilaadurites kasutatakse noolesilindreid selliste materjalide nagu pinnas, hein ja muud p\u00f5llumajandussaadused kopeerimiseks, t\u00f5stmiseks ja transportimiseks. Nende vastupidav konstruktsioon v\u00f5imaldab neil t\u00f6\u00f6tada keerulistes tingimustes, tagades selliste \u00fclesannete t\u00f5husa t\u00e4itmise nagu p\u00f5llu ettevalmistamine ja materjali transport.<\/p>\n<h3>Ekskavaatorid<\/h3>\n<p>Traditsioonilistes ekskavaatorites v\u00f5imaldab noole silinder kopal t\u00f5husalt pinnasesse tungida, h\u00f5lbustades kaevamisprotsessi. See funktsioon on kriitilise t\u00e4htsusega erinevates rakendustes, sealhulgas haljastuses, vundamendi kaevamisel ja platsi ettevalmistamisel, kus t\u00e4psus ja tugevus on \u00fcliolulised.<\/p>\n<h3>Laadurid<\/h3>\n<p>Esilaadurites aitavad noolesilindrid koormaid t\u00f5husalt t\u00f5sta ja t\u00fchjendada. Nende v\u00f5ime pakkuda m\u00e4rkimisv\u00e4\u00e4rset t\u00f5stej\u00f5udu lihtsustab materjalide teisaldamise protsessi, mis parandab t\u00f6\u00f6voogu ja tegevuse efektiivsust ehitus- ja haljastust\u00f6\u00f6del.<\/p>\n<h2>Projekteerimiskaalutlused ja valikukriteeriumid<\/h2>\n<h3>Kandev\u00f5ime<\/h3>\n<p>Poomi silindri kandev\u00f5ime on kriitilise t\u00e4htsusega projekteerimiskaalutlus. See tuleb konstrueerida nii, et see taluks maksimaalseid oodatavaid koormusi, s\u00e4ilitades samal ajal ohutuse ja t\u00f6\u00f6kindluse. Materjalivalik, konstruktsiooni geomeetria ja \u00fcldine konstruktsioon peavad kajastama kavandatud kasutust ja vajalikku tugevust, tagades silindri t\u00f5husa toimimise erinevates tingimustes.<\/p>\n<h3>Tihendus<\/h3>\n<p>T\u00f5hus tihendus on h\u00fcdraulilise r\u00f5hu s\u00e4ilitamiseks ja vedeliku lekke v\u00e4ltimiseks h\u00e4davajalik. Konstruktsioon peab sisaldama kvaliteetseid tihendeid, mis taluvad t\u00f6\u00f6r\u00f5hku ja keskkonnatingimusi. Nende tihendite regulaarne kontroll ja hooldus on vajalikud silindri optimaalse j\u00f5udluse ja pikaealisuse tagamiseks.<\/p>\n<h3>Vastupidavus<\/h3>\n<p>Vastupidavus on poomisilindri konstruktsiooni p\u00f5hiaspekt. See peaks olema kulumis- ja korrosioonikindel, eriti karmides tingimustes. Materjalide ja kaitsekatete valik m\u00e4ngib olulist rolli silindri eluea pikendamisel ja hoolduskulude v\u00e4hendamisel.<\/p>\n<h3>Ohutus<\/h3>\n<p>Poomisilindri projekteerimisel on ohutus esmat\u00e4htis. Insenerid peavad arvestama v\u00f5imalike riketega ja lisama ohutusfunktsioonid riskide maandamiseks. N\u00f5uetekohased hooldusjuhised ja kasutajate koolitus on samuti olulised ohutu t\u00f6\u00f6 tagamiseks, aidates v\u00e4ltida \u00f5nnetusi ja seadmete kahjustusi.<\/p>\n<h3>Hooldatavus<\/h3>\n<p>Projekteerimisel tuleks keskenduda ka poomi silindri hooldatavusele. See h\u00f5lmab h\u00f5lpsat juurdep\u00e4\u00e4su kontrollimiseks, hoolduseks ja remondiks. Kulunud osade h\u00f5lpsat vahetamist h\u00f5lbustav disain v\u00f5ib oluliselt v\u00e4hendada seisakuid ja parandada t\u00f6\u00f6 efektiivsust.<\/p>\n<p><img decoding=\"async\" src=\"https:\/\/www.hydraulic-cylinders.net\/wp-content\/uploads\/2025\/04\/songte-oil-pipes-and-spare-parts.webp\" alt=\"H\u00fcdrauliliste osade pilt\"><\/p>\n<h2>Tihendus ja m\u00e4\u00e4rimine<\/h2>\n<p>T\u00f5hus tihendamine ja m\u00e4\u00e4rimine on poomi silindri j\u00f5udluse seisukohalt \u00fcliolulised. H\u00fcdraulilise vedeliku lekke v\u00e4ltimiseks kasutatakse mitmesuguseid tihenduselemente, n\u00e4iteks kolvi- ja varrastihendeid. Eelistatud on vastupidavatest materjalidest, nagu pol\u00fcuretaan ja nitriilkummi, valmistatud tihendid nende suurep\u00e4rase kulumiskindluse t\u00f5ttu. Silindri korpuse ja keermestatud otste pinnad l\u00e4bivad peene t\u00f6\u00f6tluse, et suurendada vastupidavust.<\/p>\n<p>Lisaks on sujuva t\u00f6\u00f6 tagamiseks ja kulumise minimeerimiseks oluline regulaarne h\u00fcdraulika\u00f5liga m\u00e4\u00e4rimine. Operaatoreid tuleks koolitada \u00f5ige \u00f5litaseme hoidmise ja sobivate h\u00fcdraulikavedelike kasutamise olulisuse osas silindri optimaalse j\u00f5udluse tagamiseks.<\/p>\n<h2>Regulaarne kontroll ja ennetavad hooldusmeetmed<\/h2>\n<ul>\n<li><strong>Regulaarsed kontrollid:<\/strong> Tehke noole silindril regulaarseid kontrolle kulumise, lekete v\u00f5i kahjustuste suhtes. Edasiste kahjustuste v\u00e4ltimiseks tuleb viivitamatult v\u00f5tta meetmeid k\u00f5igi kontrolli k\u00e4igus tuvastatud probleemide lahendamiseks.<\/li>\n<li><strong>\u00d5ige m\u00e4\u00e4rimine:<\/strong> Veenduge, et h\u00fcdraulikas\u00fcsteem on tootja spetsifikatsioonide kohaselt piisavalt m\u00e4\u00e4ritud. See h\u00f5lmab \u00f5litaseme kontrollimist ja vedelike vahetamist vastavalt vajadusele j\u00f5udluse s\u00e4ilitamiseks.<\/li>\n<li><strong>Tihendi vahetamine:<\/strong> J\u00e4lgige tihendite kulumist ja vahetage need vastavalt vajadusele, et v\u00e4ltida h\u00fcdraulilise vedeliku lekkeid. Regulaarne tihendite kontrollimine on h\u00fcdraulilise s\u00fcsteemi terviklikkuse s\u00e4ilitamiseks \u00fclioluline.<\/li>\n<\/ul>\n<h2>N\u00f5uetekohased paigaldusjuhised<\/h2>\n<p>Poomi silindri \u00f5ige paigaldamine on selle funktsionaalsuse ja pikaealisuse tagamiseks \u00fclioluline. Alustage silindri hoolikast joondamisest kinnituspunktidega, veendudes, et see on sobivate kronsteinidega korralikult toetatud. Vale joondamine v\u00f5ib p\u00f5hjustada silindri enneaegset kulumist ja v\u00f5imalikku riket.<\/p>\n<p>Paigaldamise ajal on oluline j\u00e4rgida tootja juhiseid, sh poltide ja \u00fchenduste pingutusmomentide spetsifikatsioone. P\u00e4rast paigaldamist tehke p\u00f5hjalik kontroll, et veenduda k\u00f5igi komponentide kinnituses ja \u00f5iges joonduses. P\u00e4rast paigaldamist tuleks h\u00fcdraulikas\u00fcsteem t\u00e4ita soovitatud \u00f5liga ja optimaalse t\u00f6\u00f6 tagamiseks \u00f5hk v\u00e4lja lasta.<\/p>\n<h2>Levinumad hooldust\u00f6\u00f6d<\/h2>\n<ul>\n<li><strong>Regulaarsed kontrollid:<\/strong> Regulaarsete kontrollide tegemine v\u00f5imaldab operaatoritel tuvastada potentsiaalseid probleeme enne nende s\u00fcvenemist. Kontrollige h\u00fcdraulikavoolikuid, tihendeid ja \u00fchendusi kulumis- v\u00f5i kahjustuste suhtes.<\/li>\n<li><strong>Sobiv m\u00e4\u00e4rimine:<\/strong> N\u00f5uetekohase m\u00e4\u00e4rimise s\u00e4ilitamine on poomi silindri sujuva t\u00f6\u00f6 tagamiseks \u00fclioluline. Kasutage \u00f5iget t\u00fc\u00fcpi h\u00fcdraulika\u00f5li ja veenduge, et selle tase oleks piisav.<\/li>\n<li><strong>Tihendi vahetamine ja kalibreerimise kontrollimine:<\/strong> Kontrollige regulaarselt tihendite kulumist ja vajadusel vahetage need v\u00e4lja. Lisaks tagavad kalibreerimiskontrollid, et silinder t\u00f6\u00f6tab etten\u00e4htud parameetrite piires, v\u00e4ltides joondusvigu ja t\u00f6\u00f6 ebaefektiivsust.<\/li>\n<\/ul>\n<p>Paigaldamise ajal on silindri \u00f5ige joondamine \u00fclioluline. Silindri kindlale kinnitamisele on soovitatav kasutada sobivaid paigaldusklambreid. \u00d5iged p\u00f6\u00f6rdemomendi spetsifikatsioonid paigaldamise ajal aitavad kaasa ka silindri pikaajalisele toimimisele. Regulaarne hooldus, sealhulgas kontrollid ja \u00f5igeaegne remont, on poomi silindri eluea pikendamiseks h\u00e4davajalik.<\/p>\n<p><img decoding=\"async\" src=\"https:\/\/www.hydraulic-cylinders.net\/wp-content\/uploads\/2025\/04\/songte-chushion-collar.webp\" alt=\"Padjakrae pilt\"><\/p>\n<h2>Ohutuskaalutlused ja keskkonnategurid<\/h2>\n<p>Poomisilindri kasutamisel on ohutusmeetmed \u00fcliolulised. Operaatorid peaksid olema koolitatud \u00f5igete k\u00e4sitsemistehnikate osas, et minimeerida \u00f5nnetuste ohtu. Ohutusprotokollide rakendamine, n\u00e4iteks kaitsevarustuse kandmine ja t\u00f6\u00f6juhiste j\u00e4rgimine, on t\u00f6\u00f6 ajal vigastuste v\u00e4ltimiseks h\u00e4davajalik.<\/p>\n<h2>Veaotsing ja levinud probleemid<\/h2>\n<ul>\n<li><strong>Vedeliku leke:<\/strong> H\u00fcdraulikavedeliku lekete tuvastamisel kontrollige tihendite ja \u00fchenduste kulumist. Kahjustunud komponendid vahetage funktsionaalsuse taastamiseks v\u00e4lja.<\/li>\n<li><strong>Halb j\u00f5udlus:<\/strong> Kui noole silinder ei reageeri t\u00f5husalt, kontrollige, kas h\u00fcdros\u00fcsteemis on \u00f5hku v\u00f5i vedelikutaset on ebapiisav. \u00d5hutage s\u00fcsteemi ja lisage vedelikke vastavalt vajadusele.<\/li>\n<li><strong>M\u00fcrane t\u00f6\u00f6:<\/strong> Ebatavalised helid v\u00f5ivad viidata sisemisele kulumisele v\u00f5i ebapiisavale m\u00e4\u00e4rimisele. Regulaarne hooldus ja m\u00e4\u00e4rimine aitavad neid probleeme leevendada.<\/li>\n<\/ul>\n<p>Poomisilindri probleemide t\u00f5husaks diagnoosimiseks ja lahendamiseks peaksid operaatorid pidama toimivuse ja v\u00f5imalike anomaaliate logi. See dokumentatsioon aitab t\u00f5rkeotsingul ja annab \u00fclevaate ennetavatest meetmetest tulevaste probleemide minimeerimiseks.<\/p>\n<p><img decoding=\"async\" src=\"https:\/\/www.hydraulic-cylinders.net\/wp-content\/uploads\/2025\/04\/songte-bushings-with-all-kinds-of-excavator-models.webp\" alt=\"Pukside pilt\"><\/p>\n<h2>Meie ettev\u00f5ttest<\/h2>\n<p>Oleme juhtiv asendush\u00fcdrauliliste silindrite tootja ja hulgim\u00fc\u00fcja, keda tunnustatakse nii kodu- kui ka rahvusvahelistel turgudel. Meie tootevalik on lai ja me seame esikohale tippkvaliteedi. Kasutades t\u00e4iustatud tootmist\u00f6\u00f6kodasid ja t\u00f6\u00f6stusliku tootmise juhtimisstrateegiaid, t\u00e4iustame pidevalt oma tootmisplatvorme.<\/p>\n<p>Keskendudes tehnoloogilisele arengule, kasutame tootmiskvaliteedi parandamiseks tipptasemel tootmisseadmeid ja spetsiaalseid testimiss\u00fcsteeme. Meie tugev innovatsiooniv\u00f5imekus v\u00f5imaldab meil rahuldada klientide mitmekesiseid vajadusi, tagades meie toodete k\u00f5rge efektiivsuse, t\u00e4psuse ja kvaliteedi.<\/p>\n<p>Meie p\u00fchendumus professionaalsusele, rahvusvahelistele sertifikaatidele, kohandatud teenustele, t\u00e4iustatud tootmisseadmetele ja m\u00fc\u00fcgij\u00e4rgsele toele kindlustab veelgi meie mainet selles valdkonnas.<\/p>\n<p><img decoding=\"async\" src=\"https:\/\/www.hydraulic-cylinders.net\/wp-content\/uploads\/2025\/04\/songte-company-4.webp\" alt=\"Ettev\u00f5tte pilt 1\"><br \/>\n<img decoding=\"async\" src=\"https:\/\/www.hydraulic-cylinders.net\/wp-content\/uploads\/2025\/04\/songte-company-3.webp\" alt=\"Ettev\u00f5tte pilt 2\"><\/p>\n<p>Autor: lyl<\/p>","protected":false},"excerpt":{"rendered":"<p>Boom Cylinder For Zoomlion Middle Excavator ZE230ELR Introduction to the Boom Cylinder The Boom Cylinder is a crucial component specifically designed for heavy machinery, particularly the Zoomlion Middle Excavator ZE230ELR. This hydraulic cylinder plays an essential role in controlling the movement of the excavator&#8217;s boom, enabling it to lift, lower, and tilt effectively. As a [&hellip;]<\/p>","protected":false},"featured_media":17874,"comment_status":"open","ping_status":"closed","template":"","meta":{"_et_pb_use_builder":"","_et_pb_old_content":"","_et_gb_content_width":""},"product_brand":[],"product_cat":[1546],"product_tag":[1547,1496],"class_list":{"0":"post-19218","1":"product","2":"type-product","3":"status-publish","4":"has-post-thumbnail","6":"product_cat-boom-cylinders","7":"product_tag-boom-cylinders","8":"product_tag-hydraulic-cylinders","10":"first","11":"instock","12":"shipping-taxable","13":"product-type-simple"},"amp_enabled":true,"_links":{"self":[{"href":"https:\/\/www.hydraulic-cylinders.net\/et\/wp-json\/wp\/v2\/product\/19218","targetHints":{"allow":["GET"]}}],"collection":[{"href":"https:\/\/www.hydraulic-cylinders.net\/et\/wp-json\/wp\/v2\/product"}],"about":[{"href":"https:\/\/www.hydraulic-cylinders.net\/et\/wp-json\/wp\/v2\/types\/product"}],"replies":[{"embeddable":true,"href":"https:\/\/www.hydraulic-cylinders.net\/et\/wp-json\/wp\/v2\/comments?post=19218"}],"wp:featuredmedia":[{"embeddable":true,"href":"https:\/\/www.hydraulic-cylinders.net\/et\/wp-json\/wp\/v2\/media\/17874"}],"wp:attachment":[{"href":"https:\/\/www.hydraulic-cylinders.net\/et\/wp-json\/wp\/v2\/media?parent=19218"}],"wp:term":[{"taxonomy":"product_brand","embeddable":true,"href":"https:\/\/www.hydraulic-cylinders.net\/et\/wp-json\/wp\/v2\/product_brand?post=19218"},{"taxonomy":"product_cat","embeddable":true,"href":"https:\/\/www.hydraulic-cylinders.net\/et\/wp-json\/wp\/v2\/product_cat?post=19218"},{"taxonomy":"product_tag","embeddable":true,"href":"https:\/\/www.hydraulic-cylinders.net\/et\/wp-json\/wp\/v2\/product_tag?post=19218"}],"curies":[{"name":"wp","href":"https:\/\/api.w.org\/{rel}","templated":true}]}}