{"id":19219,"date":"2025-04-07T06:18:41","date_gmt":"2025-04-07T06:18:41","guid":{"rendered":"https:\/\/www.hydraulic-cylinders.net\/product\/boom-cylinder-for-zoomlion-middle-excavator-ze260e\/"},"modified":"2025-04-07T06:18:43","modified_gmt":"2025-04-07T06:18:43","slug":"boom-cylinder-for-zoomlion-middle-excavator-ze260e","status":"publish","type":"product","link":"https:\/\/www.hydraulic-cylinders.net\/et\/toode\/boom-cylinder-for-zoomlion-middle-excavator-ze260e\/","title":{"rendered":"Zoomlion keskmise ekskavaatori ZE260E poomi silinder"},"content":{"rendered":"<h1>Zoomlion keskmise ekskavaatori ZE260E poomi silinder<\/h1>\n<h2>Toote \u00fclevaade<\/h2>\n<p>Noole silinder on h\u00fcdros\u00fcsteemide oluline komponent, mis on spetsiaalselt loodud koppade liikumise juhtimiseks rasketes masinates, n\u00e4iteks ekskavaatorites, laadur-ekskavaatorites ja esilaadurites. See h\u00fcdrosilinder v\u00f5imaldab koppa t\u00f5sta, langetada ja kallutada, h\u00f5lbustades t\u00f5husat materjalik\u00e4itlust ehituses ja muudes rasketes rakendustes.<\/p>\n<p><img decoding=\"async\" src=\"https:\/\/www.hydraulic-cylinders.net\/wp-content\/uploads\/2025\/04\/songte-company-1.webp\" alt=\"Poomi silinder\"><\/p>\n<h3>Definitsioon ja funktsioon<\/h3>\n<p>Noolesilinder, mida sageli nimetatakse ka kopasilindriks, on konstrueeritud pakkuma t\u00e4pset juhtimist kopa liikumise \u00fcle kaevandusseadmetes. H\u00fcdraulikas\u00fcsteem t\u00f6\u00f6tab vedeliku r\u00f5hu abil, v\u00f5imaldades sujuvaid ja v\u00f5imsaid liikumisi. H\u00fcdraulikavedeliku j\u00f5udu rakendades saab silinder t\u00e4ita kriitilisi \u00fclesandeid, nagu kaevamine, t\u00f5stmine ja materjalide transportimine, mis on erinevates t\u00f6\u00f6stusharudes olulised.<\/p>\n<h2>Poomi silindri omadused<\/h2>\n<ul>\n<li><strong>Suur tugevus ja vastupidavus:<\/strong> K\u00f5rgtugevast terasest v\u00f5i alumiiniumist valmistatud noole silinder talub k\u00f5rget r\u00f5hku ja suuri koormusi, mist\u00f5ttu sobib see karmidesse t\u00f6\u00f6keskkondadesse.<\/li>\n<li><strong>T\u00f5hus h\u00fcdrauliline t\u00f6\u00f6:<\/strong> See kasutab sujuvaks pikendamiseks ja tagasit\u00f5mbamiseks h\u00fcdraulilise vedeliku r\u00f5hku, pakkudes kiiret reageerimist operaatori k\u00e4skudele ning m\u00e4rkimisv\u00e4\u00e4rset t\u00f5uke- ja t\u00f5mbej\u00f5udu.<\/li>\n<li><strong>Erinevad konfiguratsioonid:<\/strong> Saadaval \u00fchetoimelise (\u00fches suunas t\u00f6\u00f6tav) v\u00f5i kahetoimelise (m\u00f5lemas suunas t\u00f6\u00f6tav) konstruktsioonina, mis v\u00f5imaldab kasutajatel valida vastavalt oma t\u00f6\u00f6vajadustele. M\u00f5ned mudelid on teleskoopilised, mis v\u00f5imaldab suuremat pikendamist ilma v\u00e4lism\u00f5\u00f5tmeid suurendamata, mis sobib ideaalselt kitsastesse ruumidesse.<\/li>\n<li><strong>Korrosioonikindlus:<\/strong> Valmistatud kulumis- ja korrosioonikindlatest materjalidest ja katetest, pikendades toote eluiga ja tagades usaldusv\u00e4\u00e4rse j\u00f5udluse aja jooksul.<\/li>\n<li><strong>Lihtne hooldus:<\/strong> Omadused, mis v\u00f5imaldavad lihtsat hooldust, tagades silindri optimaalse t\u00f6\u00f6korras p\u00fcsimise minimaalse seisakuajaga.<\/li>\n<\/ul>\n<p>Meie tooted suudavad neid h\u00fcdrosilindreid ideaalselt asendada.<\/p>\n<p><img decoding=\"async\" src=\"https:\/\/www.hydraulic-cylinders.net\/wp-content\/uploads\/2025\/04\/songte-cylinder-head-with-all-kinds-excavator-models.webp\" alt=\"Ekskavaatori mudelid\"><\/p>\n<h2>Poomi silindri rakendused<\/h2>\n<ul>\n<li><strong>Ehitustehnika:<\/strong> Ekskavaatorites on noolesilindrid kriitilise t\u00e4htsusega mulla v\u00f5i prahi t\u00f5husaks kaevamiseks, laadimiseks ja teisaldamiseks. Kopa liikumise juhtimise v\u00f5imalus suurendab t\u00f6\u00f6objektidel tootlikkust.<\/li>\n<li><strong>Ekskavaatorlaadurid:<\/strong> Kopa silinder aitab nii kaevamisel kui ka materjalide t\u00f5stmisel, muutes selle asendamatuks kaevamisel ja materjalide k\u00e4itlemisel erinevates ehitust\u00f6\u00f6des.<\/li>\n<li><strong>P\u00f5llumajandusmasinad:<\/strong> Esilaadurites kasutatakse neid silindreid mulla, heina ja muude materjalide kopeerimiseks, t\u00f5stmiseks ja transportimiseks, suurendades p\u00f5llumajanduse efektiivsust.<\/li>\n<li><strong>Kaevet\u00f6\u00f6de seadmed:<\/strong> Lubades kopal pinnasesse tungida, h\u00f5lbustab noole silinder kaevamistoiminguid, mis on kraavi kaevamisel ja pinnase ettevalmistamisel olulised.<\/li>\n<li><strong>Laadurid:<\/strong> Frontaallaadurites aitab silinder koormaid t\u00f5husalt t\u00f5sta ja t\u00fchjendada, mis on ehitus- ja t\u00f6\u00f6stuskeskkonnas materjalide k\u00e4itlemisel \u00fclioluline.<\/li>\n<\/ul>\n<h2>Projekteerimiskaalutlused ja valikustandardid<\/h2>\n<ul>\n<li><strong>Kandev\u00f5ime:<\/strong> Konstruktsioon peab vastu pidama t\u00f6\u00f6tamise ajal eeldatavale maksimaalsele koormusele. Koormusn\u00f5uete m\u00f5istmine tagab silindri t\u00f5husa t\u00f6\u00f6 ilma rikkeohuta, j\u00e4rgides ohutusstandardeid.<\/li>\n<li><strong>Tihendus:<\/strong> T\u00f5husad tihendusmehhanismid, sealhulgas kolvi- ja varrastihendid, on vedeliku lekke v\u00e4ltimiseks h\u00e4davajalikud. Kvaliteetsed tihendid pikendavad silindri eluiga ja parandavad h\u00fcdraulilist efektiivsust.<\/li>\n<li><strong>Vastupidavus:<\/strong> Ehitusmaterjalid peaksid vastu pidama raskete masinate t\u00f6\u00f6tamise n\u00f5udlikele tingimustele, sealhulgas kokkupuutele mustuse, prahi ja \u00e4\u00e4rmuslike ilmastikutingimustega, tagades pikaajalise kasutamise.<\/li>\n<li><strong>Turvaelemendid:<\/strong> Ohutusmehhanismide lisamine konstruktsiooni aitab v\u00e4ltida \u00f5nnetusi ja rikkeid, n\u00e4iteks r\u00f5huvabastusventiilid, mis tagavad ohutu t\u00f6\u00f6 erinevate koormuste korral.<\/li>\n<li><strong>Kasutusk\u00f5lblikkus:<\/strong> Lihtsat lahtiv\u00f5tmist ja kokkupanekut v\u00f5imaldav disain soodustab hooldust, muutes osade vahetamise ja vajalike remondit\u00f6\u00f6de tegemise lihtsamaks, et hoida masinaid t\u00f6\u00f6korras.<\/li>\n<\/ul>\n<p><img decoding=\"async\" src=\"https:\/\/www.hydraulic-cylinders.net\/wp-content\/uploads\/2025\/04\/songte-oil-pipes-and-spare-parts.webp\" alt=\"\u00d5litorud ja varuosad\"><\/p>\n<h2>H\u00fcdraulilise silindri tihendamine ja m\u00e4\u00e4rimine<\/h2>\n<p>H\u00fcdrauliliste silindrite pikaealisuse ja efektiivsuse tagamiseks on oluline n\u00f5uetekohane tihendamine ja m\u00e4\u00e4rimine. T\u00f5husate ja kulumiskindlate tihendite loomiseks kasutatakse mitmesuguseid tihendusmaterjale, n\u00e4iteks pol\u00fcuretaani ja nitriilkummi. Silindri korpus ja keermestatud otsad l\u00e4bivad t\u00e4pse t\u00f6\u00f6tlemise, et suurendada vastupidavust ja kulumiskindlust. Sujuva t\u00f6\u00f6 s\u00e4ilitamiseks ja sisemiste komponentide liigse kulumise v\u00e4ltimiseks on vajalik ka regulaarne m\u00e4\u00e4rimine piisava koguse h\u00fcdraulika\u00f5liga.<\/p>\n<h2>Regulaarne kontroll ja ennetavad hooldusmeetmed<\/h2>\n<ul>\n<li><strong>Rutiinsed kontrollid:<\/strong> Optimaalse j\u00f5udluse ja ohutuse tagamiseks kontrollige regulaarselt kulumise, lekete ja kahjustuste m\u00e4rke. Kontrollimine peaks h\u00f5lmama visuaalset kontrolli ja funktsionaalseid teste.<\/li>\n<li><strong>Sobiv m\u00e4\u00e4rimine:<\/strong> Hoidke soovitatud h\u00fcdraulika\u00f5li taset ja veenduge, et kasutatavad m\u00e4\u00e4rdeained sobivad silindri materjalidega, et v\u00e4ltida selle lagunemist.<\/li>\n<li><strong>Tihendi vahetamine:<\/strong> Kuna tihendid aja jooksul kuluvad, on lekete v\u00e4ltimiseks ja h\u00fcdraulilise efektiivsuse s\u00e4ilitamiseks \u00fclioluline nende \u00f5igeaegne vahetamine. Koostage tihendite kasutamise p\u00f5hjal ajakava.<\/li>\n<\/ul>\n<h2>\u00d5iged paigaldusjuhised<\/h2>\n<p>Poomi silindri \u00f5ige paigaldamine on selle t\u00f5husa t\u00f6\u00f6 tagamiseks h\u00e4davajalik. Alustage silindri joondamisest kinnituspunktidega, veendudes, et see on tasane ja \u00f5igesti orienteeritud. Kasutage silindri kinnitamiseks sobivaid kinnitusklambreid. Kontrollige h\u00fcdraulika\u00fchenduste \u00f5iget paigaldust ja v\u00e4ltige \u00fclepingutamist, et v\u00e4ltida kahjustusi. P\u00e4rast paigaldamist tehke p\u00f5hjalik s\u00fcsteemi test, et veenduda silindri korrektses toimimises ilma leketeta, tehes enne masina regulaarset kasutuselev\u00f5ttu k\u00f5ik vajalikud muudatused.<\/p>\n<h2>Hooldus\u00fclesanded<\/h2>\n<ul>\n<li><strong>Regulaarsed kontrollid:<\/strong> Tehke sagedasi kontrolle, et tuvastada kulumism\u00e4rke v\u00f5i v\u00f5imalikke probleeme. Varajane avastamine aitab \u00e4ra hoida t\u00f5sisemaid kahjustusi ja tagada ballooni terviklikkuse.<\/li>\n<li><strong>\u00d5ige m\u00e4\u00e4rimine:<\/strong> Veenduge, et regulaarne m\u00e4\u00e4rimine toimub vastavalt tootja juhistele, kasutades j\u00f5udluse s\u00e4ilitamiseks soovitatud h\u00fcdraulika\u00f5li.<\/li>\n<li><strong>Tihendi vahetamine ja kalibreerimise kontrollimine:<\/strong> Vajadusel vahetage tihendeid ja tehke kalibreerimiskontrolle, et veenduda k\u00f5igi komponentide etten\u00e4htud funktsioneerimises, v\u00e4ltides t\u00f6\u00f6 ebaefektiivsust.<\/li>\n<\/ul>\n<p>\u00d5ige paigaldamine, m\u00e4\u00e4rimine ja reguleerimine on poomi silindri pikaealisuse tagamiseks \u00fcliolulised. Paigaldamise ajal joondage silinder \u00f5igesti ja kasutage sobivaid kinnitusi, et v\u00e4ltida joondusvigu, mis v\u00f5ivad p\u00f5hjustada enneaegset kulumist. H\u00fcdrauliliste komponentide eluea maksimeerimiseks on soovitatav j\u00e4rgida tootja juhiseid kontrollide, remondi ja vahetuse kohta.<\/p>\n<p><img decoding=\"async\" src=\"https:\/\/www.hydraulic-cylinders.net\/wp-content\/uploads\/2025\/04\/songte-chushion-collar.webp\" alt=\"Padjakaelus\"><\/p>\n<h2>Ohutuskaalutlused ja keskkonnategurid<\/h2>\n<p>H\u00fcdrauliliste silindritega t\u00f6\u00f6tamisel on \u00fclioluline rakendada ohutusmeetmeid. Operaatorid peaksid alati kandma sobivaid isikukaitsevahendeid (IKV) ja tagama, et t\u00f6\u00f6piirkond oleks ohtudest vaba. Lisaks on keskkonnam\u00f5ju minimeerimiseks olulised keskkonnakaalutlused, n\u00e4iteks h\u00fcdrauliliste vedelike n\u00f5uetekohane k\u00f5rvaldamine ja seadmete hooldus lekete v\u00e4ltimiseks. Personali ja seadmete kaitsmiseks on vajalik regulaarne koolitus ja ohutusprotokollide j\u00e4rgimine.<\/p>\n<h2>Veaotsing ja levinud probleemid<\/h2>\n<ul>\n<li><strong>Leke:<\/strong> \u00dcks levinumaid probleeme on h\u00fcdraulikavedeliku leke, mis v\u00f5ib tuleneda kulunud tihenditest v\u00f5i silindri kahjustusest. Regulaarsed kontrollid aitavad tuvastada potentsiaalseid lekkekohti.<\/li>\n<li><strong>V\u00e4hendatud j\u00f5udlus:<\/strong> Kui noole silinder ei reageeri ootusp\u00e4raselt, v\u00f5ib see viidata madalale h\u00fcdraulikavedeliku tasemele v\u00f5i ummistustele s\u00fcsteemis. Kontrollige vedeliku taset ja veenduge, et k\u00f5ik voolikud on vabad.<\/li>\n<li><strong>M\u00fcra t\u00f6\u00f6tamise ajal:<\/strong> Ebatavalised helid t\u00f6\u00f6tamise ajal v\u00f5ivad viidata mehaanilistele probleemidele v\u00f5i ebapiisavale m\u00e4\u00e4rimisele. Uurige ja k\u00f5rvaldage k\u00f5ik kummalised helid kohe, et v\u00e4ltida kahjustusi.<\/li>\n<\/ul>\n<h2>Veaotsingu n\u00e4pun\u00e4ited<\/h2>\n<p>Poomi silindri probleemide diagnoosimisel alustage h\u00fcdraulikavedeliku taseme ja tihendite seisukorra kontrollimisest. Lekke tuvastamisel kaaluge vajadusel tihendite v\u00f5i komponentide v\u00e4ljavahetamist. Regulaarne hooldus, sealhulgas m\u00e4\u00e4rimine ja kontrollimine, aitab v\u00e4ltida probleemide tekkimist. Operaatorite korralik koolitus varajaste rikete m\u00e4rkide \u00e4ratundmiseks aitab samuti potentsiaalseid probleeme ennetada, kui need suuremateks probleemideks eskaleeruvad.<\/p>\n<p><img decoding=\"async\" src=\"https:\/\/www.hydraulic-cylinders.net\/wp-content\/uploads\/2025\/04\/songte-bushings-with-all-kinds-of-excavator-models.webp\" alt=\"Ekskavaatorimudelite puksid\"><\/p>\n<h2>Meie ettev\u00f5ttest<\/h2>\n<p>Oleme juhtiv h\u00fcdrosilindrite tootja ja hulgim\u00fc\u00fcja, mis on spetsialiseerunud kvaliteetsetele varuosadele erinevate rakenduste jaoks. Meie lai tootevalik on positsioneerinud meid nii sise- kui ka rahvusvahelistel turgudel v\u00f5tmeisikuks. P\u00fchendudes tipptasemele, kasutame t\u00e4iustatud tootmisjuhtimise strateegiaid, mida t\u00e4iustavad oskuslik tehniline personal ja tipptasemel digitaalsed tootmisseadmed. T\u00e4iustame pidevalt oma tootmisprotsesse, et tagada toote \u00fclim kvaliteet ja rahuldada klientide mitmekesiseid vajadusi.<\/p>\n<p>Meie p\u00fchendumus professionaalsusele peegeldub meie rahvusvahelistes sertifikaatides, eritellimusel teenustes ja tipptasemel tootmisseadmete kasutamises. M\u00fc\u00fcgij\u00e4rgne tugi on meie teenuse v\u00f5tmeelement, mis tagab klientide rahulolu ja toote t\u00f6\u00f6kindluse.<\/p>\n<p><img decoding=\"async\" src=\"https:\/\/www.hydraulic-cylinders.net\/wp-content\/uploads\/2025\/04\/songte-company-4.webp\" alt=\"Ettev\u00f5tte \u00fclevaade\"><br \/>\n<img decoding=\"async\" src=\"https:\/\/www.hydraulic-cylinders.net\/wp-content\/uploads\/2025\/04\/songte-company-3.webp\" alt=\"Ettev\u00f5tte tootmine\"><\/p>\n<p>Autor: lyl<\/p>","protected":false},"excerpt":{"rendered":"<p>Boom Cylinder For Zoomlion Middle Excavator ZE260E Product Overview The Boom Cylinder is a crucial component in hydraulic systems, specifically designed for controlling the movement of buckets in heavy machinery such as excavators, backhoe loaders, and front-end loaders. This hydraulic cylinder enables the bucket to lift, lower, and tilt, facilitating efficient material handling tasks in [&hellip;]<\/p>","protected":false},"featured_media":17875,"comment_status":"open","ping_status":"closed","template":"","meta":{"_et_pb_use_builder":"","_et_pb_old_content":"","_et_gb_content_width":""},"product_brand":[],"product_cat":[1546],"product_tag":[1547,1496],"class_list":{"0":"post-19219","1":"product","2":"type-product","3":"status-publish","4":"has-post-thumbnail","6":"product_cat-boom-cylinders","7":"product_tag-boom-cylinders","8":"product_tag-hydraulic-cylinders","10":"first","11":"instock","12":"shipping-taxable","13":"product-type-simple"},"amp_enabled":true,"_links":{"self":[{"href":"https:\/\/www.hydraulic-cylinders.net\/et\/wp-json\/wp\/v2\/product\/19219","targetHints":{"allow":["GET"]}}],"collection":[{"href":"https:\/\/www.hydraulic-cylinders.net\/et\/wp-json\/wp\/v2\/product"}],"about":[{"href":"https:\/\/www.hydraulic-cylinders.net\/et\/wp-json\/wp\/v2\/types\/product"}],"replies":[{"embeddable":true,"href":"https:\/\/www.hydraulic-cylinders.net\/et\/wp-json\/wp\/v2\/comments?post=19219"}],"wp:featuredmedia":[{"embeddable":true,"href":"https:\/\/www.hydraulic-cylinders.net\/et\/wp-json\/wp\/v2\/media\/17875"}],"wp:attachment":[{"href":"https:\/\/www.hydraulic-cylinders.net\/et\/wp-json\/wp\/v2\/media?parent=19219"}],"wp:term":[{"taxonomy":"product_brand","embeddable":true,"href":"https:\/\/www.hydraulic-cylinders.net\/et\/wp-json\/wp\/v2\/product_brand?post=19219"},{"taxonomy":"product_cat","embeddable":true,"href":"https:\/\/www.hydraulic-cylinders.net\/et\/wp-json\/wp\/v2\/product_cat?post=19219"},{"taxonomy":"product_tag","embeddable":true,"href":"https:\/\/www.hydraulic-cylinders.net\/et\/wp-json\/wp\/v2\/product_tag?post=19219"}],"curies":[{"name":"wp","href":"https:\/\/api.w.org\/{rel}","templated":true}]}}