{"id":19226,"date":"2025-04-07T06:19:05","date_gmt":"2025-04-07T06:19:05","guid":{"rendered":"https:\/\/www.hydraulic-cylinders.net\/product\/boom-cylinder-for-zoomlion-large-excavator-ze480esp\/"},"modified":"2025-04-07T06:19:07","modified_gmt":"2025-04-07T06:19:07","slug":"boom-cylinder-for-zoomlion-large-excavator-ze480esp","status":"publish","type":"product","link":"https:\/\/www.hydraulic-cylinders.net\/et\/toode\/boom-cylinder-for-zoomlion-large-excavator-ze480esp\/","title":{"rendered":"Zoomlion suure ekskavaatori ZE480ESP poomi silinder"},"content":{"rendered":"<h1>Zoomlion suure ekskavaatori ZE480ESP poomi silinder<\/h1>\n<h2>Sissejuhatus poomi silindrisse<\/h2>\n<p>Noole silinder on suurte ekskavaatorite oluline komponent, mis on spetsiaalselt loodud Zoomlion ZE480ESP mudeli jaoks. See h\u00fcdrauliline silinder m\u00e4ngib olulist rolli ekskavaatori noole liikumise juhtimisel, v\u00f5imaldades sellel t\u00f5husalt t\u00f5sta, langetada ja kallutada. H\u00fcdraulilise r\u00f5hu abil v\u00f5imaldab noole silinder raskete koormate t\u00e4pset k\u00e4sitsemist, muutes selle ehitus- ja kaevet\u00f6\u00f6de materjalide k\u00e4itlemise \u00fclesannete oluliseks osaks.<\/p>\n<p><img decoding=\"async\" src=\"https:\/\/www.hydraulic-cylinders.net\/wp-content\/uploads\/2025\/04\/songte-company-1.webp\" alt=\"Poomi silindri pilt\"><\/p>\n<h2>Poomi silindri omadused<\/h2>\n<ul>\n<li><strong>Suur tugevus ja vastupidavus:<\/strong> K\u00f5rgtugevast terasest v\u00f5i alumiiniumist valmistatud poomi silinder on konstrueeritud taluma k\u00f5rget r\u00f5hku ja suuri koormusi. See on loodud vastu pidama karmidele t\u00f6\u00f6keskkondadele, pakkudes samal ajal kulumis- ja korrosioonikindlust, pikendades seel\u00e4bi oma eluiga.<\/li>\n<li><strong>T\u00f5hus h\u00fcdrauliline t\u00f6\u00f6:<\/strong> See silinder kasutab sujuvaks pikendamiseks ja tagasit\u00f5mbamiseks h\u00fcdraulilist \u00f5lir\u00f5hku. See reageerib juhtimisk\u00e4sklustele kiiresti, pakkudes tugevat t\u00f5uke- ja t\u00f5mbev\u00f5imet, mis sobib ideaalselt raskete esemete ja keerukate \u00fclesannete k\u00e4sitsemiseks.<\/li>\n<li><strong>Erinevad t\u00fc\u00fcbid:<\/strong> Poomi silinder on saadaval \u00fchetoimelise (t\u00f6\u00f6tab \u00fches suunas) v\u00f5i kahetoimelise (t\u00f6\u00f6tab m\u00f5lemas suunas) variandina. M\u00f5ned mudelid on teleskoopilised, mis v\u00f5imaldab suuremat pikendust ilma v\u00e4lism\u00f5\u00f5tmeid suurendamata, mis sobib ideaalselt piiratud ruumiga rakenduste jaoks.<\/li>\n<li><strong>T\u00e4ppistehnika:<\/strong> Iga silinder on valmistatud detailidele p\u00f6\u00f6ratud hoolika t\u00e4helepanuga, tagades \u00fchilduvuse erinevate ekskavaatorimudelitega ja t\u00f6\u00f6 efektiivsuse.<\/li>\n<li><strong>Kohandatud tootmine:<\/strong> Oleme spetsialiseerunud noolesilindrite tootmisele, mis asendavad ideaalselt olemasolevaid h\u00fcdrosilindreid, tagades sujuva integreerimise teie masinaparki.<\/li>\n<\/ul>\n<p><img decoding=\"async\" src=\"https:\/\/www.hydraulic-cylinders.net\/wp-content\/uploads\/2025\/04\/songte-cylinder-head-with-all-kinds-excavator-models.webp\" alt=\"Poomi silindri vahetuspilt\"><\/p>\n<h2>Rakendusstsenaariumid<\/h2>\n<h3>Ehitustehnika<\/h3>\n<p>Ehitusplatsidel kasutatakse ekskavaatorites noolesilindreid, mis on kriitilise t\u00e4htsusega kaevamisel, laadimisel ja pinnase v\u00f5i prahi teisaldamisel. Ekskavaatorlaadurites aitab kopasilinder nii kaevamis- kui ka t\u00f5stet\u00f6\u00f6del, pakkudes vajalikku j\u00f5udu projektide t\u00f5husaks l\u00f5puleviimiseks.<\/p>\n<h3>P\u00f5llumajandustehnika<\/h3>\n<p>Esilaadurite puhul h\u00f5lbustavad noolesilindrid mulla, heina ja muude materjalide koputamist, t\u00f5stmist ja transportimist. Nende t\u00f5husus tagab p\u00f5llumajandust\u00f6\u00f6de kiire ja t\u00f5husa teostamise, suurendades talude tootlikkust.<\/p>\n<h3>Ekskavaatorid<\/h3>\n<p>Poomi silinder v\u00f5imaldab ekskavaatoritel t\u00f5husalt pinnasesse tungida, saavutades s\u00fcgava kaevamise, mis on oluline mitmesuguste ehitusprojektide jaoks. Nende disain tagab optimaalse j\u00f5udluse kaevet\u00f6\u00f6de ajal, v\u00f5imaldades operaatoritel oma tootlikkust maksimeerida.<\/p>\n<h3>Laadurid<\/h3>\n<p>Laadurites vastutavad noolesilindrid koormate t\u00f5husa t\u00f5stmise ja mahalaadimise eest. Nende vastupidav konstruktsioon tagab raskete materjalide h\u00f5lpsa k\u00e4sitsemise, v\u00f5imaldades materjalide t\u00f5husat transportimist ja utiliseerimist ehitusplatsil.<\/p>\n<h2>Projekteerimiskaalutlused ja valikukriteeriumid<\/h2>\n<h3>Kandev\u00f5ime<\/h3>\n<p>Poomi silindri valimisel tuleb arvestada selle kandev\u00f5imega. On oluline, et silinder taluks maksimaalset koormust, millega see t\u00f6\u00f6tamise ajal kokku puutub. See mitte ainult ei taga ohutust, vaid suurendab ka seadme t\u00f5husust ja pikaealisust. H\u00e4sti disainitud silinder talub d\u00fcnaamilisi koormusi, pakkudes stabiilsust kogu t\u00f6\u00f6tamise ajal.<\/p>\n<h3>Tihendus<\/h3>\n<p>T\u00f5hus tihendus on silindri h\u00fcdraulilise r\u00f5hu s\u00e4ilitamiseks \u00fclioluline. Kvaliteetsete tihendite, n\u00e4iteks kolvi- ja varrastihendite valik, kasutades selliseid materjale nagu pol\u00fcuretaan v\u00f5i nitriilkummi, v\u00f5ib oluliselt parandada j\u00f5udlust ja t\u00f6\u00f6kindlust. N\u00f5uetekohane tihendus hoiab \u00e4ra vedeliku lekke ja saastumise, tagades optimaalse funktsionaalsuse.<\/p>\n<h3>Vastupidavus<\/h3>\n<p>Vastupidavus on disainis oluline tegur, mis tagab ballooni vastupidavuse karmidele keskkondadele. Sellised omadused nagu korrosioonikindlus ja kulumiskindlus on seadmete eluea pikendamiseks \u00fcliolulised. Tootjad peaksid eelistama materjale ja kateid, mis taluvad \u00e4\u00e4rmuslikke tingimusi.<\/p>\n<h3>Ohutus<\/h3>\n<p>H\u00fcdrauliliste silindrite projekteerimisel on ohutusfunktsioonid \u00fcliolulised. Silindril peaksid olema rikke- ja \u00fclekoormuskaitse s\u00fcsteemid, et v\u00e4ltida katastroofilisi rikkeid t\u00f6\u00f6tamise ajal. Regulaarsed ohutuskontrollid aitavad leevendada h\u00fcdrauliliste toimingutega seotud riske.<\/p>\n<h3>Hooldatavus<\/h3>\n<p>Hoolduse lihtsus on veel \u00fcks oluline kaalutlus. H\u00e4sti disainitud poomi silinder peaks v\u00f5imaldama kiiret kontrolli ja remonti, minimeerides seisakuid. Sellised omadused nagu h\u00f5lpsad juurdep\u00e4\u00e4supunktid m\u00e4\u00e4rimiseks ja kontrollimiseks v\u00f5ivad oluliselt parandada rutiinsete hooldust\u00f6\u00f6de t\u00f5husust.<\/p>\n<p><img decoding=\"async\" src=\"https:\/\/www.hydraulic-cylinders.net\/wp-content\/uploads\/2025\/04\/songte-oil-pipes-and-spare-parts.webp\" alt=\"Poomi silindri osade pilt\"><\/p>\n<h2>Tihendus ja m\u00e4\u00e4rimine<\/h2>\n<p>N\u00f5uetekohane tihendamine ja m\u00e4\u00e4rimine on poomi silindrite j\u00f5udluse seisukohalt kriitilise t\u00e4htsusega. H\u00fcdraulilise terviklikkuse s\u00e4ilitamiseks on olulised mitmesugused tihendid, n\u00e4iteks kolvitihendid ja varrastihendid. Vastupidavate materjalide, n\u00e4iteks pol\u00fcuretaani ja nitriili valik tagab t\u00f5husa tihenduse kulumise vastu. Lisaks tuleks silindri korpus ja keermestatud otsad kulumiskindluse suurendamiseks peenelt t\u00f6\u00f6delda.<\/p>\n<p>Regulaarne h\u00fcdraulika\u00f5liga m\u00e4\u00e4rimine on \u00fclioluline, mist\u00f5ttu on vaja perioodiliselt kontrollida piisava \u00f5litaseme tagamiseks. N\u00f5uetekohane m\u00e4\u00e4rimine v\u00e4hendab h\u00f5\u00f5rdumist, pikendab silindri eluiga ja tagab sujuva t\u00f6\u00f6. N\u00f5uetekohase m\u00e4\u00e4rimise puudumine v\u00f5ib p\u00f5hjustada suurenenud kulumist ja v\u00f5imalikke rikkeid.<\/p>\n<h2>Ennetavad hooldusmeetmed<\/h2>\n<ul>\n<li><strong>Regulaarsed kontrollid:<\/strong> Tehke regulaarseid kontrolle, et tuvastada kulumise v\u00f5i kahjustuste m\u00e4rke. See ennetav l\u00e4henemisviis aitab potentsiaalseid probleeme varakult avastada, ennetades suuremaid rikkeid.<\/li>\n<li><strong>Sobiv m\u00e4\u00e4rimine:<\/strong> Veenduge, et m\u00e4\u00e4rdeaineid kantakse peale \u00f5igesti ja \u00f5igeaegselt, et s\u00e4ilitada silindri optimaalne toimimine ja v\u00e4ltida enneaegset kulumist.<\/li>\n<li><strong>Tihendi vahetamine:<\/strong> H\u00fcdraulilise terviklikkuse s\u00e4ilitamiseks kontrollige ja vajadusel vahetage tihendeid. Kulunud tihendid v\u00f5ivad p\u00f5hjustada lekkeid ja v\u00e4hendada efektiivsust.<\/li>\n<\/ul>\n<h2>Paigaldusjuhised<\/h2>\n<p>Poomi silindri \u00f5ige paigaldamine on selle toimivuse seisukohalt \u00fclioluline. Esiteks veenduge, et teil on paigaldusprotsessi jaoks sobivad t\u00f6\u00f6riistad ja seadmed. Alustage silindri \u00f5igest joondamisest ekskavaatori kinnituspunktidega. Silindri kinnitamiseks on oluline kasutada sobivaid kinnitusklambreid, et v\u00e4ltida igasugust joondusvigu, mis v\u00f5ivad p\u00f5hjustada t\u00f6\u00f6probleeme.<\/p>\n<p>Kui silindrid on joondatud, pingutage polte \u00fchtlaselt, et v\u00e4ltida silindrile avalduvat pinget. P\u00e4rast paigaldamist kontrollige enne h\u00fcdros\u00fcsteemi testimist uuesti joondust. See samm tagab silindri sujuva ja takistusteta t\u00f6\u00f6tamise.<\/p>\n<p>Lisaks tutvuge tootja spetsifikatsioonidega p\u00f6\u00f6rdemomendi s\u00e4tete ja kinnituskonfiguratsioonide kohta, et tagada ohutusstandardite j\u00e4rgimine ja t\u00f6\u00f6 efektiivsus.<\/p>\n<h2>Levinumad hooldust\u00f6\u00f6d<\/h2>\n<ul>\n<li><strong>Regulaarsed kontrollid:<\/strong> Kontrollige poomi silindrit perioodiliselt kahjustuste v\u00f5i kulumise tunnuste suhtes. See aitab potentsiaalseid probleeme varakult avastada, tagades ohutuse ja t\u00f6\u00f6kindluse.<\/li>\n<li><strong>Sobiv m\u00e4\u00e4rimine:<\/strong> Silindri piisav m\u00e4\u00e4rimine on sujuva t\u00f6\u00f6 tagamiseks \u00fclioluline. Kasutage soovitatud h\u00fcdraulika\u00f5li ja j\u00e4rgige hooldusgraafikut.<\/li>\n<li><strong>Tihendi vahetamine:<\/strong> Tihendeid tuleks regulaarselt kontrollida ja kulumise v\u00f5i kahjustuse korral v\u00e4lja vahetada. See \u00fclesanne on lekete v\u00e4ltimiseks ja s\u00fcsteemi r\u00f5hu s\u00e4ilitamiseks kriitilise t\u00e4htsusega.<\/li>\n<\/ul>\n<p>\u00d5ige paigaldamine, m\u00e4\u00e4rimine ja reguleerimine on poomi silindri pikaealisuse tagamiseks \u00fcliolulised. \u00d5ige joondamine paigaldamise ajal hoiab \u00e4ra silindri liigse koormuse, samas kui t\u00f5hus m\u00e4\u00e4rimine v\u00e4hendab kulumist ja s\u00e4ilitab j\u00f5udluse. Samuti on soovitatav j\u00e4rgida n\u00f5uetekohaseid kontrolli- ja remondiprotokolle, et parandada seadme \u00fcldist eluiga ja t\u00f6\u00f6kindlust.<\/p>\n<p><img decoding=\"async\" src=\"https:\/\/www.hydraulic-cylinders.net\/wp-content\/uploads\/2025\/04\/songte-chushion-collar.webp\" alt=\"Silindri paigalduspilt\"><\/p>\n<h2>Ohutuskaalutlused ja keskkonnategurid<\/h2>\n<p>H\u00fcdrauliliste silindritega t\u00f6\u00f6tamisel on ohutusmeetmed \u00fcliolulised. Operaatorid peaksid olema koolitatud h\u00fcdrauliliste s\u00fcsteemide n\u00f5uetekohaseks k\u00e4sitsemiseks ja kasutamiseks, et minimeerida \u00f5nnetuste ohtu. Lisaks tuleb j\u00e4rgida k\u00f5iki ohutusprotokolle, sealhulgas kanda sobivaid isikukaitsevahendeid ja tagada, et masinad oleksid h\u00e4sti hooldatud, et v\u00e4ltida rikkeid.<\/p>\n<h2>Veaotsing ja levinud probleemid<\/h2>\n<h3>Levinud probleemid<\/h3>\n<ul>\n<li><strong>Leke:<\/strong> \u00dcks sagedasemaid probleeme h\u00fcdrauliliste silindritega on leke, mille p\u00f5hjuseks on sageli kulunud tihendid v\u00f5i vale paigaldus.<\/li>\n<li><strong>V\u00e4hendatud j\u00f5udlus:<\/strong> See v\u00f5ib juhtuda madala h\u00fcdraulikavedeliku taseme v\u00f5i s\u00fcsteemi saastumise t\u00f5ttu.<\/li>\n<li><strong>M\u00fcra t\u00f6\u00f6tamise ajal:<\/strong> Ebatavalised helid v\u00f5ivad viidata sisemistele kahjustustele v\u00f5i m\u00e4\u00e4rimisprobleemidele.<\/li>\n<\/ul>\n<h3>Veaotsingu n\u00e4pun\u00e4ited<\/h3>\n<p>Probleemide t\u00f5husaks diagnoosimiseks ja lahendamiseks on oluline l\u00e4bi viia h\u00fcdraulikas\u00fcsteemi p\u00f5hjalik kontroll. Alustage lekete tuvastamisest ja vigaste tihendite vahetamisest. Kui j\u00f5udlus on v\u00e4henenud, kontrollige vedeliku taset ja kvaliteeti, veendudes, et h\u00fcdraulika\u00f5li on puhas ja \u00f5igel tasemel. M\u00fcraprobleemide korral kontrollige silindrit kulumise v\u00f5i ebapiisava m\u00e4\u00e4rimise suhtes ning lahendage k\u00f5ik probleemid viivitamatult, et s\u00e4ilitada funktsionaalsus.<\/p>\n<p>Ennetavate meetmete, n\u00e4iteks regulaarse hoolduse ja \u00fclevaatuste rakendamine v\u00f5ib oluliselt v\u00e4hendada nende levinud probleemide tekkimise t\u00f5en\u00e4osust, suurendades seel\u00e4bi h\u00fcdraulikas\u00fcsteemide t\u00f6\u00f6kindlust.<\/p>\n<p><img decoding=\"async\" src=\"https:\/\/www.hydraulic-cylinders.net\/wp-content\/uploads\/2025\/04\/songte-bushings-with-all-kinds-of-excavator-models.webp\" alt=\"Levinud probleemide pilt\"><\/p>\n<h2>Meie ettev\u00f5ttest<\/h2>\n<p>Oleme juhtiv asendush\u00fcdrauliliste silindrite tootja, pakkudes laia tootevalikut nii sise- kui ka rahvusvahelisele turule. Meie p\u00fchendumus tipptasemele ajendab meid kasutama t\u00e4iustatud tootmisstrateegiaid koos tipptehnoloogiaga tootmise juhtimises.<\/p>\n<p>Meie rajatised on varustatud tipptasemel tootmisseadmete ja professionaalse testimiss\u00fcsteemiga, mis v\u00f5imaldab meil pidevalt oma tootmisv\u00f5imsust t\u00e4iustada. Oleme uhked oma suure efektiivsuse, t\u00e4psuse ja kvaliteedi \u00fcle, rahuldades klientide mitmekesiseid vajadusi.<\/p>\n<p>Lisaks pakume kohandatud teenuseid, rahvusvahelisi sertifikaate ja tugevat m\u00fc\u00fcgij\u00e4rgset tuge, tagades klientide rahulolu ja usalduse meie toodete vastu.<\/p>\n<p><img decoding=\"async\" src=\"https:\/\/www.hydraulic-cylinders.net\/wp-content\/uploads\/2025\/04\/songte-company-4.webp\" alt=\"Ettev\u00f5tte \u00fclevaate pilt\"><br \/>\n<img decoding=\"async\" src=\"https:\/\/www.hydraulic-cylinders.net\/wp-content\/uploads\/2025\/04\/songte-company-3.webp\" alt=\"Tootmis\u00fcksuse pilt\"><\/p>\n<p>Autor lyl<\/p>","protected":false},"excerpt":{"rendered":"<p>Boom Cylinder For Zoomlion Large Excavator ZE480ESP Introduction to Boom Cylinder The Boom Cylinder is a vital component in large excavators, specifically designed for the Zoomlion ZE480ESP model. This hydraulic cylinder plays a crucial role in controlling the movement of the excavator&#8217;s boom, enabling it to lift, lower, and tilt effectively. By utilizing hydraulic pressure, [&hellip;]<\/p>","protected":false},"featured_media":17867,"comment_status":"open","ping_status":"closed","template":"","meta":{"_et_pb_use_builder":"","_et_pb_old_content":"","_et_gb_content_width":""},"product_brand":[],"product_cat":[1546],"product_tag":[1547,1496],"class_list":{"0":"post-19226","1":"product","2":"type-product","3":"status-publish","4":"has-post-thumbnail","6":"product_cat-boom-cylinders","7":"product_tag-boom-cylinders","8":"product_tag-hydraulic-cylinders","10":"first","11":"instock","12":"shipping-taxable","13":"product-type-simple"},"amp_enabled":true,"_links":{"self":[{"href":"https:\/\/www.hydraulic-cylinders.net\/et\/wp-json\/wp\/v2\/product\/19226","targetHints":{"allow":["GET"]}}],"collection":[{"href":"https:\/\/www.hydraulic-cylinders.net\/et\/wp-json\/wp\/v2\/product"}],"about":[{"href":"https:\/\/www.hydraulic-cylinders.net\/et\/wp-json\/wp\/v2\/types\/product"}],"replies":[{"embeddable":true,"href":"https:\/\/www.hydraulic-cylinders.net\/et\/wp-json\/wp\/v2\/comments?post=19226"}],"wp:featuredmedia":[{"embeddable":true,"href":"https:\/\/www.hydraulic-cylinders.net\/et\/wp-json\/wp\/v2\/media\/17867"}],"wp:attachment":[{"href":"https:\/\/www.hydraulic-cylinders.net\/et\/wp-json\/wp\/v2\/media?parent=19226"}],"wp:term":[{"taxonomy":"product_brand","embeddable":true,"href":"https:\/\/www.hydraulic-cylinders.net\/et\/wp-json\/wp\/v2\/product_brand?post=19226"},{"taxonomy":"product_cat","embeddable":true,"href":"https:\/\/www.hydraulic-cylinders.net\/et\/wp-json\/wp\/v2\/product_cat?post=19226"},{"taxonomy":"product_tag","embeddable":true,"href":"https:\/\/www.hydraulic-cylinders.net\/et\/wp-json\/wp\/v2\/product_tag?post=19226"}],"curies":[{"name":"wp","href":"https:\/\/api.w.org\/{rel}","templated":true}]}}