{"id":19227,"date":"2025-04-07T06:19:07","date_gmt":"2025-04-07T06:19:07","guid":{"rendered":"https:\/\/www.hydraulic-cylinders.net\/product\/boom-cylinder-for-zoomlion-large-excavator-ze360e\/"},"modified":"2025-04-07T06:19:10","modified_gmt":"2025-04-07T06:19:10","slug":"boom-cylinder-for-zoomlion-large-excavator-ze360e","status":"publish","type":"product","link":"https:\/\/www.hydraulic-cylinders.net\/et\/toode\/boom-cylinder-for-zoomlion-large-excavator-ze360e\/","title":{"rendered":"Zoomlion suure ekskavaatori ZE360E poomi silinder"},"content":{"rendered":"<h1>Zoomlion suure ekskavaatori ZE360E poomi silinder<\/h1>\n<h2>Sissejuhatus poomi silindrisse<\/h2>\n<p>Noole silinder on rasketehnika, eriti suurte ekskavaatorite, n\u00e4iteks Zoomlion ZE360E, oluline komponent. See h\u00fcdrauliline silinder on loodud noole liikumise juhtimiseks, v\u00f5imaldades sellel t\u00e4pselt t\u00f5sta, langetada ja kallutada. Selle roll h\u00fcdraulikas\u00fcsteemis on oluline mitmesuguste \u00fclesannete t\u00f5husaks ja tulemuslikuks t\u00e4itmiseks.<\/p>\n<p>Kopa silinder on spetsiaalne h\u00fcdrauliline silinder, mis v\u00f5imaldab rasketel masinatel, n\u00e4iteks ekskavaatoritel, laadur-ekskavaatoritel ja esilaaduritel, t\u00e4ita olulisi funktsioone. See v\u00f5imaldab kopa liikumist, mis on oluline materjalide k\u00e4itlemise \u00fclesannete, n\u00e4iteks kaevamise, t\u00f5stmise ja mitmesuguste materjalide transportimise jaoks. H\u00fcdraulikas\u00fcsteemi efektiivsus ja funktsionaalsus s\u00f5ltuvad suuresti poomi silindri korrektsest toimimisest.<\/p>\n<p><img decoding=\"async\" src=\"https:\/\/www.hydraulic-cylinders.net\/wp-content\/uploads\/2025\/04\/songte-company-1.webp\" alt=\"Ekskavaatori poomi silinder\" \/><\/p>\n<h2>Poomi silindri omadused<\/h2>\n<h3>Suur tugevus ja vastupidavus<\/h3>\n<ul>\n<li>Valmistatud \u00fclitugevast terasest v\u00f5i alumiiniumist, et taluda k\u00f5rget r\u00f5hku ja suuri koormusi.<\/li>\n<li>Loodud kulumiskindluse ja korrosioonikaitse tagamiseks, pikendades pikaealisust.<\/li>\n<\/ul>\n<h3>T\u00f5hus h\u00fcdrauliline t\u00f6\u00f6<\/h3>\n<ul>\n<li>Kasutab sujuva pikenemise ja tagasit\u00f5mbamise saavutamiseks h\u00fcdraulilise vedeliku r\u00f5hku.<\/li>\n<li>Reageerib kiiresti operatsioonik\u00e4sklustele, pakkudes m\u00e4rkimisv\u00e4\u00e4rset t\u00f5uke- ja t\u00f5mbej\u00f5udu.<\/li>\n<\/ul>\n<h3>Mitmekesised t\u00fc\u00fcbid<\/h3>\n<ul>\n<li>Saadaval \u00fchetoimelise (h\u00fcdrauliline ajam \u00fches suunas) v\u00f5i kahetoimelise (h\u00fcdrauliline ajam m\u00f5lemas suunas) konfiguratsioonina.<\/li>\n<li>Teatud mudelitel on teleskoopkonstruktsioon, mis v\u00f5imaldab suuremat ulatust ilma v\u00e4lism\u00f5\u00f5tmeid suurendamata, mis sobib ideaalselt kitsastesse ruumidesse.<\/li>\n<\/ul>\n<h2>Meie tootmisv\u00f5imalused<\/h2>\n<p>Oleme spetsialiseerunud kvaliteetsete poomisilindrite tootmisele, mis asendavad ideaalselt olemasolevaid h\u00fcdrosilindreid. Meie tooted on loodud vastama k\u00f5rgeimatele t\u00f6\u00f6stusstandarditele, tagades \u00fchilduvuse ja t\u00f6\u00f6kindluse.<\/p>\n<p><img decoding=\"async\" src=\"https:\/\/www.hydraulic-cylinders.net\/wp-content\/uploads\/2025\/04\/songte-cylinder-head-with-all-kinds-excavator-models.webp\" alt=\"Ekskavaatori mudelid\" \/><\/p>\n<h2>Poomi silindri rakendused<\/h2>\n<h3>Ehitustehnika<\/h3>\n<p>Ekskavaatorites on noolesilindrid h\u00e4davajalikud kaevamiseks, laadimiseks ja mulla v\u00f5i prahi teisaldamiseks. Need pakuvad vajalikku j\u00f5udu nii kaevamis- kui ka t\u00f5stet\u00f6\u00f6deks, tagades t\u00f5husa t\u00f6\u00f6 ehitusplatsidel.<\/p>\n<h3>P\u00f5llumajandustehnika<\/h3>\n<p>Esilaadurites kasutatavad noolesilindrid h\u00f5lbustavad mulla, heina ja muude materjalide koputamist, t\u00f5stmist ja transportimist. Nende vastupidav konstruktsioon v\u00f5imaldab p\u00f5llumajandust\u00f6\u00f6dega t\u00f5husalt toime tulla, aidates kaasa talude tootlikkusele.<\/p>\n<h3>Ekskavaatorid<\/h3>\n<p>Ekskavaatorites v\u00f5imaldab noole silinder kopal tungida pinnasesse, et kaevamine oleks efektiivne. Selle h\u00fcdraulilised omadused v\u00f5imaldavad kiireid ja v\u00f5imsaid kaevamisliigutusi, muutes selle kaevet\u00f6\u00f6del asendamatuks.<\/p>\n<h3>Laadurid<\/h3>\n<p>Esilaaduritel aitavad noolesilindrid koormaid t\u00f5husalt t\u00f5sta ja t\u00fchjendada. Nende h\u00fcdros\u00fcsteem annab raskete materjalide t\u00f5stmiseks vajaliku j\u00f5u, tagades sujuva ja t\u00f5husa materjali k\u00e4itlemise.<\/p>\n<h2>Projekteerimiskaalutlused ja valikukriteeriumid<\/h2>\n<h3>Kandev\u00f5ime<\/h3>\n<p>Noolesilindri valimisel on esmat\u00e4htis kaalutlus selle kandev\u00f5ime. See peab vastu pidama k\u00e4ideldavate materjalide raskusele, ilma et see kahjustaks konstruktsiooni terviklikkust. Silindri spetsifikatsioonid peavad vastama seadmele esitatavatele t\u00f6\u00f6n\u00f5uetele.<\/p>\n<h3>Tihendus ja vastupidavus<\/h3>\n<p>Kvaliteetsel noolesilindril peab olema t\u00f5hus tihend, et v\u00e4ltida h\u00fcdraulilise vedeliku lekkeid, mis v\u00f5ivad p\u00f5hjustada ebaefektiivset t\u00f6\u00f6d ja suurenenud hoolduskulusid. Tihendites kasutatavad materjalid peaksid olema kulumiskindlad ja suutma vastu pidada erinevatele keskkonnatingimustele.<\/p>\n<h3>Turvaelemendid<\/h3>\n<p>H\u00fcdrauliliste silindrite projekteerimisel on ohutus esmat\u00e4htis. Sellised omadused nagu r\u00f5huvabastusventiilid ja turvalukud aitavad t\u00f6\u00f6 ajal \u00f5nnetusi \u00e4ra hoida. Kasutaja ohutuse tagamiseks on oluline valida silinder, mis vastab ohutusstandarditele ja -m\u00e4\u00e4rustele.<\/p>\n<p><img decoding=\"async\" src=\"https:\/\/www.hydraulic-cylinders.net\/wp-content\/uploads\/2025\/04\/songte-oil-pipes-and-spare-parts.webp\" alt=\"H\u00fcdraulilised komponendid\" \/><\/p>\n<h2>Tihendus ja m\u00e4\u00e4rimine<\/h2>\n<p>Poomi silindri efektiivsus s\u00f5ltub suuresti selle tihendus- ja m\u00e4\u00e4rimiss\u00fcsteemidest. R\u00f5hu s\u00e4ilitamiseks ja lekete v\u00e4ltimiseks on olulised mitmesugused tihendid, n\u00e4iteks kolvitihendid ja vardatihendid. Selliste materjalide nagu pol\u00fcuretaan ja nitriilkummi kasutamine on tavaliselt nende kulumiskindlate omaduste t\u00f5ttu. Lisaks tuleks silindri korpust ja keermestatud otsi vastupidavuse ja funktsionaalsuse suurendamiseks t\u00e4ppist\u00f6\u00f6tlust l\u00e4bida.<\/p>\n<p>Regulaarne m\u00e4\u00e4rimine h\u00fcdraulika\u00f5liga on silindri j\u00f5udluse s\u00e4ilitamiseks \u00fclioluline. Piisav m\u00e4\u00e4rimine v\u00e4hendab h\u00f5\u00f5rdumist, pikendab tihendite eluiga ja tagab sujuva t\u00f6\u00f6. Tootja juhiste j\u00e4rgimine m\u00e4\u00e4rimissageduse ja -koguse kohta v\u00f5ib parandada h\u00fcdraulikas\u00fcsteemi \u00fcldist efektiivsust.<\/p>\n<h2>Hooldus ja ennetavad meetmed<\/h2>\n<h3>Regulaarsed kontrollid<\/h3>\n<p>Poomi silindri regulaarsed kontrollid on olulised, et tuvastada potentsiaalsed probleemid enne nende s\u00fcvenemist. Otsige lekete, kulumise v\u00f5i kahjustuste m\u00e4rke. Regulaarsed kontrollid aitavad s\u00e4ilitada optimaalset j\u00f5udlust ja v\u00e4ltida kulukaid remondit\u00f6id.<\/p>\n<h3>Sobiv m\u00e4\u00e4rimine<\/h3>\n<p>Silindri piisav m\u00e4\u00e4rimine on sujuva t\u00f6\u00f6 tagamiseks oluline. Kasutage soovitatud h\u00fcdraulika\u00f5li ja j\u00e4rgige tootja juhiseid m\u00e4\u00e4rimisintervallide kohta. See aitab v\u00e4hendada sisemiste komponentide kulumist.<\/p>\n<h3>Tihendi vahetamine ja kalibreerimine<\/h3>\n<p>Kulunud tihendite vahetamine on h\u00fcdraulilise r\u00f5hu ja efektiivsuse s\u00e4ilitamiseks \u00fclioluline. Silindri regulaarne kalibreerimine tagab selle t\u00f6\u00f6 etten\u00e4htud parameetrite piires, ennetades rikkeid ja pikendades selle kasutusiga.<\/p>\n<p><img decoding=\"async\" src=\"https:\/\/www.hydraulic-cylinders.net\/wp-content\/uploads\/2025\/04\/songte-chushion-collar.webp\" alt=\"Padjakaelus\" \/><\/p>\n<h2>Ohutuskaalutlused ja keskkonnategurid<\/h2>\n<p>Ohutusmeetmete rakendamine noolesilindrite kasutamisel on kriitilise t\u00e4htsusega. Operaatorid peaksid olema koolitatud \u00e4ra tundma h\u00fcdraulikas\u00fcsteemidega seotud v\u00f5imalikke ohte, n\u00e4iteks k\u00f5rgsurveohte. N\u00f5uetekohase kaitsevarustuse kasutamine ja ohutusprotokollide j\u00e4rgimine v\u00f5ivad \u00f5nnetuste ohtu oluliselt v\u00e4hendada.<\/p>\n<h2>Veaotsing ja levinud probleemid<\/h2>\n<h3>Levinud probleemide tuvastamine<\/h3>\n<ul>\n<li><strong>Leke:<\/strong> \u00dcks levinumaid probleeme on h\u00fcdraulikavedeliku leke, mis v\u00f5ib viidata tihendi rikkele.<\/li>\n<li><strong>Halb j\u00f5udlus:<\/strong> Kui silinder ei reageeri t\u00f5husalt, v\u00f5ib see olla tingitud ebapiisavast m\u00e4\u00e4rimisest v\u00f5i sisemistest kahjustustest.<\/li>\n<li><strong>M\u00fcrane t\u00f6\u00f6:<\/strong> Ebatavalised helid t\u00f6\u00f6tamise ajal v\u00f5ivad viidata s\u00fcsteemi j\u00e4\u00e4nud \u00f5hule v\u00f5i komponentide kulumisele.<\/li>\n<\/ul>\n<h3>Veaotsingu n\u00e4pun\u00e4ited<\/h3>\n<p>Nende probleemide lahendamiseks alustage tihendite kontrollimisest ja kontrollige, kas neil on n\u00e4htavaid kahjustusi. Veenduge, et h\u00fcdraulikavedeliku tase on piisav, ja otsige s\u00fcsteemist \u00f5hutaskuid, mis v\u00f5ivad vajada \u00f5hutamist. Regulaarne hooldus aitab neid probleeme v\u00e4ltida.<\/p>\n<p><img decoding=\"async\" src=\"https:\/\/www.hydraulic-cylinders.net\/wp-content\/uploads\/2025\/04\/songte-bushings-with-all-kinds-of-excavator-models.webp\" alt=\"Ekskavaatorimudelite puksid\" \/><\/p>\n<h2>Meie ettev\u00f5ttest<\/h2>\n<p>Oleme juhtiv asendush\u00fcdrauliliste silindrite tootja, pakkudes laia tootevalikut, mis positsioneerib meid v\u00f5tmeisikuna nii sise- kui ka rahvusvahelistel turgudel. Meie p\u00fchendumus tipptasemele peegeldub meie tipptasemel tootmis\u00fcksustes, mis kasutavad tipptehnoloogiat ja oskuslikku personali kvaliteetsete toodete pakkumiseks.<\/p>\n<p>Meie p\u00fchendumus kvaliteedi tagamisele h\u00f5lmab ranget testimist ja rahvusvaheliste sertifikaatide j\u00e4rgimist. Pakume kohandatud lahendusi, et rahuldada klientide konkreetseid vajadusi, tagades, et meie tooted vastavad t\u00f6\u00f6stusstandarditele. Tugeva m\u00fc\u00fcgij\u00e4rgse teenindusega toetame oma kliente kogu toote eluts\u00fckli v\u00e4ltel.<\/p>\n<p><img decoding=\"async\" src=\"https:\/\/www.hydraulic-cylinders.net\/wp-content\/uploads\/2025\/04\/songte-company-4.webp\" alt=\"Ettev\u00f5tte \u00fclevaade\" \/><br \/>\n<img decoding=\"async\" src=\"https:\/\/www.hydraulic-cylinders.net\/wp-content\/uploads\/2025\/04\/songte-company-3.webp\" alt=\"Tootmis\u00fcksus\" \/><\/p>\n<p>Autor: lyl<\/p>","protected":false},"excerpt":{"rendered":"<p>Boom Cylinder For Zoomlion Large Excavator ZE360E Introduction to Boom Cylinder The Boom Cylinder is a crucial component in heavy machinery, particularly in large excavators like the Zoomlion ZE360E. This hydraulic cylinder is designed to control the movement of the boom, allowing it to lift, lower, and tilt with precision. Its role in the hydraulic [&hellip;]<\/p>","protected":false},"featured_media":17868,"comment_status":"open","ping_status":"closed","template":"","meta":{"_et_pb_use_builder":"","_et_pb_old_content":"","_et_gb_content_width":""},"product_brand":[],"product_cat":[1546],"product_tag":[1547,1496],"class_list":{"0":"post-19227","1":"product","2":"type-product","3":"status-publish","4":"has-post-thumbnail","6":"product_cat-boom-cylinders","7":"product_tag-boom-cylinders","8":"product_tag-hydraulic-cylinders","10":"first","11":"instock","12":"shipping-taxable","13":"product-type-simple"},"amp_enabled":true,"_links":{"self":[{"href":"https:\/\/www.hydraulic-cylinders.net\/et\/wp-json\/wp\/v2\/product\/19227","targetHints":{"allow":["GET"]}}],"collection":[{"href":"https:\/\/www.hydraulic-cylinders.net\/et\/wp-json\/wp\/v2\/product"}],"about":[{"href":"https:\/\/www.hydraulic-cylinders.net\/et\/wp-json\/wp\/v2\/types\/product"}],"replies":[{"embeddable":true,"href":"https:\/\/www.hydraulic-cylinders.net\/et\/wp-json\/wp\/v2\/comments?post=19227"}],"wp:featuredmedia":[{"embeddable":true,"href":"https:\/\/www.hydraulic-cylinders.net\/et\/wp-json\/wp\/v2\/media\/17868"}],"wp:attachment":[{"href":"https:\/\/www.hydraulic-cylinders.net\/et\/wp-json\/wp\/v2\/media?parent=19227"}],"wp:term":[{"taxonomy":"product_brand","embeddable":true,"href":"https:\/\/www.hydraulic-cylinders.net\/et\/wp-json\/wp\/v2\/product_brand?post=19227"},{"taxonomy":"product_cat","embeddable":true,"href":"https:\/\/www.hydraulic-cylinders.net\/et\/wp-json\/wp\/v2\/product_cat?post=19227"},{"taxonomy":"product_tag","embeddable":true,"href":"https:\/\/www.hydraulic-cylinders.net\/et\/wp-json\/wp\/v2\/product_tag?post=19227"}],"curies":[{"name":"wp","href":"https:\/\/api.w.org\/{rel}","templated":true}]}}