{"id":19228,"date":"2025-04-07T06:19:10","date_gmt":"2025-04-07T06:19:10","guid":{"rendered":"https:\/\/www.hydraulic-cylinders.net\/product\/boom-cylinder-for-zoomlion-large-excavator-ze520esp\/"},"modified":"2025-04-07T06:19:12","modified_gmt":"2025-04-07T06:19:12","slug":"boom-cylinder-for-zoomlion-large-excavator-ze520esp","status":"publish","type":"product","link":"https:\/\/www.hydraulic-cylinders.net\/et\/toode\/boom-cylinder-for-zoomlion-large-excavator-ze520esp\/","title":{"rendered":"Zoomlion suure ekskavaatori ZE520ESP poomi silinder"},"content":{"rendered":"<h1>Zoomlion suure ekskavaatori ZE520ESP poomi silinder<\/h1>\n<h2>Sissejuhatus poomi silindrisse<\/h2>\n<p>Spetsiaalselt Zoomlion suure ekskavaatori ZE520ESP jaoks loodud noole silinder on rasketehnika h\u00fcdros\u00fcsteemi oluline komponent. See h\u00fcdrosilinder on ekskavaatori noole liikumise juhtimisel keskse t\u00e4htsusega, h\u00f5lbustades lisaseadmete t\u00f5stmist, langetamist ja kallutamist. Need funktsioonid on t\u00f5husate materjalik\u00e4itlust\u00f6\u00f6de jaoks \u00fcliolulised, v\u00f5imaldades operaatoritel kaevamist, laadimist ja transportimist m\u00e4rkimisv\u00e4\u00e4rselt t\u00e4pselt teostada.<\/p>\n<p><img decoding=\"async\" src=\"https:\/\/www.hydraulic-cylinders.net\/wp-content\/uploads\/2025\/04\/songte-company-1.webp\" alt=\"Poomi silindri pilt\"><\/p>\n<h3>Definitsioon ja \u00fclevaade<\/h3>\n<p>Poomi silinder on teatud t\u00fc\u00fcpi h\u00fcdrauliline silinder, mis on spetsiaalselt konstrueeritud poomi liikumise juhtimiseks erinevates rasketes seadmetes, n\u00e4iteks ekskavaatorites, laadur-ekskavaatorites ja esilaadurites. See toimib h\u00fcdraulilise r\u00f5hu abil, mis v\u00f5imaldab poomil sirutada ja sisse t\u00f5mmata, v\u00f5imaldades sellel saavutada erinevaid k\u00f5rgusi ja nurki. See m\u00e4ngib olulist rolli kogu h\u00fcdros\u00fcsteemis, pakkudes vajalikku j\u00f5udu n\u00f5udlike \u00fclesannete t\u00e4itmiseks ehituses ja muudes t\u00f6\u00f6stusharudes.<\/p>\n<h2>Toote omadused<\/h2>\n<ul>\n<li><strong>Suur tugevus ja vastupidavus:<\/strong> Tavaliselt valmistatud \u00fclitugevast terasest v\u00f5i alumiiniumist, need silindrid taluvad k\u00f5rget r\u00f5hku ja suuri koormusi, olles loodud vastu pidama karmidele t\u00f6\u00f6keskkondadele, olles samal ajal vastupidavad kulumisele ja korrosioonile pikema eluea jooksul.<\/li>\n<li><strong>T\u00f5hus h\u00fcdrauliline t\u00f6\u00f6:<\/strong> H\u00fcdraulilise \u00f5li r\u00f5hu abil tagab poomi silinder sujuva pikendamise ja tagasit\u00f5mbamise, v\u00f5imaldades kiiret reageerimist juhtimisk\u00e4sklustele ning pakkudes v\u00f5imsaid t\u00f5uke- ja t\u00f5mbev\u00f5imeid, mis sobivad raskete ja keerukate \u00fclesannete k\u00e4sitlemiseks.<\/li>\n<li><strong>Erinevad t\u00fc\u00fcbid:<\/strong> Saadaval \u00fchetoimelise (\u00fches suunas t\u00f6\u00f6tav) v\u00f5i kahetoimelise (m\u00f5lemas suunas t\u00f6\u00f6tav) konfiguratsioonina, mis v\u00f5imaldab kohandamist vastavalt konkreetsetele t\u00f6\u00f6vajadustele. M\u00f5ned mudelid on teleskoopilised, mis v\u00f5imaldab suuremat pikendamist ilma v\u00e4lism\u00f5\u00f5tmeid suurendamata, mis sobib ideaalselt ruumipiirangutega rakenduste jaoks.<\/li>\n<li><strong>T\u00e4ppistehnika:<\/strong> Iga silinder on valmistatud detailidele p\u00f6\u00f6ratud hoolika t\u00e4helepanuga, tagades optimaalse j\u00f5udluse ja t\u00f6\u00f6kindluse erinevates tingimustes.<\/li>\n<li><strong>\u00dchilduvus:<\/strong> Meie tooted on loodud mitmesuguste h\u00fcdrosilindrite ideaalseks asendamiseks, tagades sujuva integratsiooni olemasolevate masinatega.<\/li>\n<\/ul>\n<p><img decoding=\"async\" src=\"https:\/\/www.hydraulic-cylinders.net\/wp-content\/uploads\/2025\/04\/songte-cylinder-head-with-all-kinds-excavator-models.webp\" alt=\"\u00dchilduvad mudelid\"><\/p>\n<h2>Poomi silindri rakendused<\/h2>\n<h3>Ehitustehnika<\/h3>\n<p>Ekskavaatorites on noolesilindrid kaevamise, laadimise ja pinnase v\u00f5i prahi teisaldamise protsesside jaoks \u00fcliolulised. Need v\u00f5imaldavad noolel kaevamiseks s\u00fcgavale pinnasesse ulatuda ja koormat erinevatesse kohtadesse transportimiseks t\u00f5sta. Ilma noolesilindrita oleks kaevamist\u00f6\u00f6de t\u00f5husus ja efektiivsus oluliselt kahjustatud.<\/p>\n<h3>P\u00f5llumajandustehnika<\/h3>\n<p>Esilaaduritel on noolesilindrid \u00fcliolulised mulla, heina ja mitmesuguste materjalide kopeerimiseks, t\u00f5stmiseks ja transportimiseks. Nende v\u00f5ime pakkuda nendeks toiminguteks vajalikku j\u00f5udu suurendab talude tootlikkust, muutes need p\u00f5llumajandusmasinate jaoks asendamatuks.<\/p>\n<h3>Ekskavaatorid<\/h3>\n<p>Ekskavaatorites v\u00f5imaldab noole silinder kopal t\u00f5husalt pinnasesse tungida, h\u00f5lbustades kaevamisprotsessi. See m\u00e4ngib olulist rolli, v\u00f5imaldades operaatoril teostada keerulisi kaevet\u00f6id, mis n\u00f5uavad t\u00e4psust ja noole liikumise kontrolli.<\/p>\n<h3>Laadurid<\/h3>\n<p>Esilaadurites aitavad noolesilindrid koormaid t\u00f5husalt t\u00f5sta ja maha laadida. Need pakuvad vajalikku h\u00fcdraulilist j\u00f5udu raskete esemete t\u00f5stmiseks, tagades sujuva t\u00f6\u00f6 laadimise ja mahalaadimise ajal erinevates sektorites, sealhulgas ehituses ja j\u00e4\u00e4tmek\u00e4itluses.<\/p>\n<h2>Projekteerimiskaalutlused ja valikukriteeriumid<\/h2>\n<h3>Kandev\u00f5ime<\/h3>\n<p>Poomi silindri kandev\u00f5ime on valiku tegemisel oluline tegur. Oluline on valida silinder, mis suudab taluda t\u00f6\u00f6 ajal eeldatavat maksimaalset koormust, tagades samal ajal ohutus- ja j\u00f5udlusstandardite t\u00e4itmise. \u00d5ige kandev\u00f5ime tagab silindri pikaealisuse ja hoiab \u00e4ra v\u00f5imalikud rikkeid raskete t\u00f6\u00f6de ajal.<\/p>\n<h3>Tihendusmehhanismid<\/h3>\n<p>T\u00f5hus tihendus on h\u00fcdrauliliste silindrite j\u00f5udluse seisukohalt \u00fclioluline. Kvaliteetsed tihendid hoiavad \u00e4ra h\u00fcdraulilise vedeliku lekked, mis v\u00f5ivad v\u00e4hendada efektiivsust ja p\u00f5hjustada keskkonnaohtusid. Tihendite valik, n\u00e4iteks vastupidavatest materjalidest (nt pol\u00fcuretaanist v\u00f5i nitriilkummist) valmistatud kolvi- ja varrastihendid, on optimaalse funktsionaalsuse s\u00e4ilitamiseks \u00fclioluline.<\/p>\n<h3>Vastupidavus<\/h3>\n<p>Poomi silindrite puhul on vastupidavus \u00fclioluline, kuna need puutuvad kokku \u00e4\u00e4rmuslike tingimustega. Oluline on valida silindrid, mis on kulumis- ja korrosioonikindlad, tagades nende usaldusv\u00e4\u00e4rse t\u00f6\u00f6 ka karmides keskkondades. T\u00e4iustatud tootmisprotsessid aitavad kaasa nende komponentide vastupidavusele, minimeerides rikete ohtu.<\/p>\n<h3>Turvaelemendid<\/h3>\n<p>Ohutus on h\u00fcdrauliliste silindrite projekteerimisel oluline kaalutlus. Sellised omadused nagu \u00fclekoormuskaitse ja \u00f5ige r\u00f5hu reguleerimine tagavad silindri t\u00f6\u00f6tamise ohututes piirides. Regulaarsed hoolduskontrollid v\u00f5ivad ohutust veelgi suurendada, v\u00e4hendades \u00f5nnetuste ohtu t\u00f6\u00f6tamise ajal.<\/p>\n<h3>Hooldus ja hooldatavus<\/h3>\n<p>H\u00f5lpsalt hooldatava ja h\u00f5lpsasti kasutatava noolesilindri valimine on \u00fclioluline. Remondiks ja kontrolliks h\u00f5lpsasti ligip\u00e4\u00e4setavad komponendid v\u00e4hendavad seisakuid ja tegevuskulusid. Rutiinsed hooldust\u00f6\u00f6d, nagu m\u00e4\u00e4rimine ja tihendite vahetamine, peaksid olema lihtsad, v\u00f5imaldades silindri optimaalset j\u00f5udlust.<\/p>\n<p><img decoding=\"async\" src=\"https:\/\/www.hydraulic-cylinders.net\/wp-content\/uploads\/2025\/04\/songte-oil-pipes-and-spare-parts.webp\" alt=\"\u00d5litorud ja varuosad\"><\/p>\n<h2>Tihendus ja m\u00e4\u00e4rimine<\/h2>\n<p>Tihendamine ja m\u00e4\u00e4rimine on h\u00fcdrauliliste silindrite j\u00f5udluse seisukohalt kriitilise t\u00e4htsusega tegurid. H\u00fcdraulilise vedeliku lekke v\u00e4ltimiseks kasutatakse mitmesuguseid tihenduselemente, n\u00e4iteks kolvitihendeid ja varrastihendeid. Vastupidavuse t\u00f5ttu on eelistatud kulumiskindlatest materjalidest, n\u00e4iteks pol\u00fcuretaanist ja nitriilkummist, valmistatud tihendid. Silindri korpus ja keermestatud otsad l\u00e4bivad t\u00e4ppist\u00f6\u00f6tlusprotsessi, et suurendada kulumiskindlust. Regulaarne m\u00e4\u00e4rimine sobiva h\u00fcdraulika\u00f5liga on oluline h\u00f5\u00f5rdumise ja kulumise v\u00e4hendamiseks, tagades sujuva t\u00f6\u00f6 ja pikendades silindri eluiga.<\/p>\n<h2>Regulaarne kontroll ja ennetav hooldus<\/h2>\n<ul>\n<li><strong>Regulaarsed kontrollid:<\/strong> H\u00fcdraulilise silindri kulumise, lekete v\u00f5i kahjustuste tuvastamiseks tuleks teha sagedasi kontrolle. Probleemide varajane avastamine aitab tulevikus \u00e4ra hoida suuremaid probleeme ja kulukaid remonte.<\/li>\n<li><strong>Sobiv m\u00e4\u00e4rimine:<\/strong> Sujuva t\u00f6\u00f6 tagamiseks on oluline k\u00f5iki liikuvaid osi korralikult m\u00e4\u00e4rida. \u00d5iget t\u00fc\u00fcpi h\u00fcdraulika\u00f5li kasutamine ja soovitatud m\u00e4\u00e4rimisgraafikute j\u00e4rgimine pikendab silindri eluiga.<\/li>\n<li><strong>Tihendi vahetamine:<\/strong> Tihendid tuleks lekete v\u00e4ltimiseks ja j\u00f5udluse s\u00e4ilitamiseks regulaarselt kontrollida ja vajadusel v\u00e4lja vahetada. Vanad v\u00f5i kahjustatud tihendid v\u00f5ivad p\u00f5hjustada vedeliku kadu ja h\u00fcdraulikas\u00fcsteemi efektiivsuse v\u00e4henemist.<\/li>\n<\/ul>\n<h2>Paigaldusjuhised<\/h2>\n<p>Poomi silindri \u00f5ige paigaldamine on optimaalse j\u00f5udluse ja ohutuse tagamiseks \u00fclioluline. Alustuseks veenduge, et silinder on ekskavaatori kinnituspunktidega \u00f5igesti joondatud. Kasutage silindri kinnitamiseks ja t\u00f6\u00f6tamise ajal valesti joondamise v\u00e4ltimiseks sobivaid kinnitusklambreid. Enne k\u00f5igi poltide pingutamist kontrollige \u00f5iget joondust ja tehke vajalikud muudatused. Kui joondamine on tehtud, pingutage k\u00f5ik kinnitusdetailid vastavalt tootja spetsifikatsioonidele. P\u00e4rast paigaldamist tehke s\u00fcsteemi kontroll, et veenduda lekete puudumises ja silindri sujuvas t\u00f6\u00f6s. Nende juhiste j\u00e4rgimine aitab saavutada eduka paigalduse ja pikendada h\u00fcdrosilindri eluiga.<\/p>\n<p><img decoding=\"async\" src=\"https:\/\/www.hydraulic-cylinders.net\/wp-content\/uploads\/2025\/04\/songte-chushion-collar.webp\" alt=\"Padjakaelus\"><\/p>\n<h2>Ohutuskaalutlused ja keskkonnategurid<\/h2>\n<p>H\u00fcdrauliliste silindrite kasutamisel on ohutusmeetmete j\u00e4rgimine \u00f5nnetuste v\u00e4ltimiseks ja operaatori ohutuse tagamiseks \u00fclioluline. Ohutusprotokollide rakendamine, n\u00e4iteks sobivate isikukaitsevahendite (IKV) kasutamine, regulaarsete ohutuskoolituste l\u00e4biviimine ja k\u00f5igi operaatorite masinatega tuttavaks saamise tagamine on oluline. Lisaks saab h\u00fcdrauliliste vedelike keskkonnam\u00f5ju arvestamise ja biolagunevate valikute valimise abil oluliselt v\u00e4hendada h\u00fcdrauliliste toimingute keskkonnajalaj\u00e4lge.<\/p>\n<h2>Rikete diagnoosimine ja levinud probleemid<\/h2>\n<ul>\n<li><strong>Leke:<\/strong> H\u00fcdraulikavedeliku lekked on levinud probleem, mis v\u00f5ib tuleneda kulunud tihenditest v\u00f5i kahjustatud silindrikomponentidest. Regulaarne kontroll aitab lekkeid varakult tuvastada, v\u00f5imaldades \u00f5igeaegset remonti.<\/li>\n<li><strong>Halb j\u00f5udlus:<\/strong> Kui silinder ei liigu sujuvalt v\u00e4lja ega tagasi, v\u00f5ib see viidata madalale h\u00fcdraulikavedeliku tasemele v\u00f5i sisemisele kulumisele. Optimaalse j\u00f5udluse tagamiseks on vaja regulaarset hooldust ja \u00f5igeaegset vedelike kontrolli.<\/li>\n<li><strong>Ebatavalised helid:<\/strong> Ebatavalised helid t\u00f6\u00f6tamise ajal v\u00f5ivad viidata mehaanilistele probleemidele v\u00f5i m\u00e4\u00e4rimise puudumisele. K\u00f5ik ebatavalised helid tuleks edasiste kahjustuste v\u00e4ltimiseks kohe uurida.<\/li>\n<\/ul>\n<p>T\u00f5husa t\u00f5rkeotsingu jaoks peaksid operaatorid tutvuma tootja juhistega konkreetsete s\u00fcmptomite ja soovitatud parandusmeetmete osas. Regulaarne hooldus ja ennetavad meetmed v\u00f5ivad selliste probleemide tekkimise t\u00f5en\u00e4osust oluliselt v\u00e4hendada, tagades sujuva ja t\u00f5husa t\u00f6\u00f6.<\/p>\n<p><img decoding=\"async\" src=\"https:\/\/www.hydraulic-cylinders.net\/wp-content\/uploads\/2025\/04\/songte-bushings-with-all-kinds-of-excavator-models.webp\" alt=\"Ekskavaatorite puksid\"><\/p>\n<h2>Meie ettev\u00f5te<\/h2>\n<p>Oleme juhtiv asendush\u00fcdrauliliste silindrite tootja ja hulgim\u00fc\u00fcja, pakkudes laia tootevalikut, et rahuldada mitmekesiseid turuvajadusi. Meie p\u00fchendumus tipptasemele ajendab meid v\u00f5tma kasutusele t\u00e4iustatud tootmisstrateegiaid, mis seavad esikohale kvaliteedi ja t\u00f5hususe. Kasutades oskuslikku tehnilist personali, t\u00e4iustatud digitaalseid tootmisseadmeid ja professionaalseid kontrollis\u00fcsteeme, t\u00e4iustame pidevalt oma tootmisplatvormi, et tagada tipptasemel tootekvaliteet.<\/p>\n<p>Meie keskendumine spetsialiseerumisele, rahvusvahelistele sertifikaatidele, kohandatud teenustele ja tugevale m\u00fc\u00fcgij\u00e4rgsele toele tugevdab meie positsiooni selles valdkonnas. T\u00e4nu tugevale innovatsiooniv\u00f5imele oleme uhked, et pakume suure t\u00f5hususega, suure t\u00e4psusega ja kvaliteetseid h\u00fcdraulilisi lahendusi, mis vastavad meie klientide mitmekesistele vajadustele.<\/p>\n<p><img decoding=\"async\" src=\"https:\/\/www.hydraulic-cylinders.net\/wp-content\/uploads\/2025\/04\/songte-company-4.webp\" alt=\"Ettev\u00f5tte \u00fclevaade\"><br \/>\n<img decoding=\"async\" src=\"https:\/\/www.hydraulic-cylinders.net\/wp-content\/uploads\/2025\/04\/songte-company-3.webp\" alt=\"Ettev\u00f5tte rajatised\"><\/p>\n<p>Autor: lyl<\/p>","protected":false},"excerpt":{"rendered":"<p>Boom Cylinder For Zoomlion Large Excavator ZE520ESP Introduction to Boom Cylinder The Boom Cylinder, specifically designed for the Zoomlion Large Excavator ZE520ESP, is an essential component in the hydraulic system of heavy machinery. This hydraulic cylinder is pivotal in controlling the movement of the excavator\u2019s boom, facilitating the lifting, lowering, and tilting of attachments. These [&hellip;]<\/p>","protected":false},"featured_media":17869,"comment_status":"open","ping_status":"closed","template":"","meta":{"_et_pb_use_builder":"","_et_pb_old_content":"","_et_gb_content_width":""},"product_brand":[],"product_cat":[1546],"product_tag":[1547,1496],"class_list":{"0":"post-19228","1":"product","2":"type-product","3":"status-publish","4":"has-post-thumbnail","6":"product_cat-boom-cylinders","7":"product_tag-boom-cylinders","8":"product_tag-hydraulic-cylinders","10":"first","11":"instock","12":"shipping-taxable","13":"product-type-simple"},"amp_enabled":true,"_links":{"self":[{"href":"https:\/\/www.hydraulic-cylinders.net\/et\/wp-json\/wp\/v2\/product\/19228","targetHints":{"allow":["GET"]}}],"collection":[{"href":"https:\/\/www.hydraulic-cylinders.net\/et\/wp-json\/wp\/v2\/product"}],"about":[{"href":"https:\/\/www.hydraulic-cylinders.net\/et\/wp-json\/wp\/v2\/types\/product"}],"replies":[{"embeddable":true,"href":"https:\/\/www.hydraulic-cylinders.net\/et\/wp-json\/wp\/v2\/comments?post=19228"}],"wp:featuredmedia":[{"embeddable":true,"href":"https:\/\/www.hydraulic-cylinders.net\/et\/wp-json\/wp\/v2\/media\/17869"}],"wp:attachment":[{"href":"https:\/\/www.hydraulic-cylinders.net\/et\/wp-json\/wp\/v2\/media?parent=19228"}],"wp:term":[{"taxonomy":"product_brand","embeddable":true,"href":"https:\/\/www.hydraulic-cylinders.net\/et\/wp-json\/wp\/v2\/product_brand?post=19228"},{"taxonomy":"product_cat","embeddable":true,"href":"https:\/\/www.hydraulic-cylinders.net\/et\/wp-json\/wp\/v2\/product_cat?post=19228"},{"taxonomy":"product_tag","embeddable":true,"href":"https:\/\/www.hydraulic-cylinders.net\/et\/wp-json\/wp\/v2\/product_tag?post=19228"}],"curies":[{"name":"wp","href":"https:\/\/api.w.org\/{rel}","templated":true}]}}