{"id":19229,"date":"2025-04-07T06:19:14","date_gmt":"2025-04-07T06:19:14","guid":{"rendered":"https:\/\/www.hydraulic-cylinders.net\/product\/boom-cylinder-for-zoomlion-large-excavator-ze700esp\/"},"modified":"2025-04-07T06:19:17","modified_gmt":"2025-04-07T06:19:17","slug":"boom-cylinder-for-zoomlion-large-excavator-ze700esp","status":"publish","type":"product","link":"https:\/\/www.hydraulic-cylinders.net\/et\/toode\/boom-cylinder-for-zoomlion-large-excavator-ze700esp\/","title":{"rendered":"Zoomlion suure ekskavaatori ZE700ESP poomi silinder"},"content":{"rendered":"<h1>Zoomlion suure ekskavaatori ZE700ESP poomi silinder<\/h1>\n<h2>Sissejuhatus poomi silindrisse<\/h2>\n<p>Noole silinder on rasketehnika, eriti ekskavaatorite, n\u00e4iteks Zoomlion Large Excavator ZE700ESP, oluline komponent. See h\u00fcdrauliline silinder m\u00e4ngib olulist rolli noole k\u00e4e liikumise juhtimisel, v\u00f5imaldades sellel vastavalt vajadusele erinevate toimingute jaoks t\u00f5sta, langetada ja kallutada. Noole silindri v\u00f5imaldatav t\u00e4pne liikumine on \u00fclioluline selliste \u00fclesannete jaoks nagu kaevamine, t\u00f5stmine ja materjalide t\u00f5hus ja ohutu transport.<\/p>\n<p><img decoding=\"async\" src=\"https:\/\/www.hydraulic-cylinders.net\/wp-content\/uploads\/2025\/04\/songte-company-1.webp\" alt=\"Ekskavaatorite poomi silinder\"><\/p>\n<h3>Poomi silindrite funktsioon ja rakendused<\/h3>\n<p>H\u00fcdraulilises s\u00fcsteemis vastutab poomi silinder h\u00fcdraulilise r\u00f5hu teisendamise eest mehaaniliseks j\u00f5uks, v\u00f5imaldades rasketel seadmetel t\u00e4ita keerulisi \u00fclesandeid. See v\u00f5imaldab operaatoril kontrollida poomi asendit ja nurka, muutes takistuste \u00fcmber man\u00f6\u00f6verdamise ja ehitusplatsil \u00fclesannete t\u00f5husa t\u00e4itmise lihtsamaks. Poomi silinder on tavaliselt konstrueeritud taluma k\u00f5rget r\u00f5hku ja suuri koormusi, tagades vastupidavuse ja t\u00f6\u00f6kindluse.<\/p>\n<h2>Poomi silindri omadused<\/h2>\n<ul>\n<li><strong>Suur tugevus ja vastupidavus:<\/strong> K\u00f5rgtugevast terasest v\u00f5i alumiiniumist valmistatud poomi silinder on loodud taluma k\u00f5rget r\u00f5hku ja suuri koormusi, mist\u00f5ttu sobib see karmideks t\u00f6\u00f6keskkondadeks.<\/li>\n<li><strong>T\u00f5hus h\u00fcdrauliline t\u00f6\u00f6:<\/strong> Silinder kasutab sujuvaks ja kiireks pikendamiseks ja tagasit\u00f5mbamiseks h\u00fcdraulika\u00f5li r\u00f5hku, pakkudes tugevaid t\u00f5uke- ja t\u00f5mbej\u00f5ude, mis on vajalikud raskete t\u00f6\u00f6de jaoks.<\/li>\n<li><strong>T\u00fc\u00fcpide mitmekesisus:<\/strong> Poomi silindrid on saadaval nii \u00fche- kui ka kahetoimelise konfiguratsioonina ning neid saab kohandada vastavalt konkreetsetele t\u00f6\u00f6vajadustele.<\/li>\n<li><strong>Ruumis\u00e4\u00e4stlik disain:<\/strong> Teatud mudelitel on teleskoopkonstruktsioonid, mis v\u00f5imaldavad suuremat pikendamist ilma v\u00e4lism\u00f5\u00f5tmeid suurendamata, mis sobib ideaalselt kitsastesse ruumidesse.<\/li>\n<li><strong>Korrosioonikindlus:<\/strong> Projekteeritud korrosioonivastaste omadustega, et pikendada eluiga ja minimeerida hooldusvajadust.<\/li>\n<\/ul>\n<h3>Meie tootmisv\u00f5imalused<\/h3>\n<p>Oleme spetsialiseerunud kvaliteetsete poomisilindrite tootmisele, mis sobivad ideaalselt olemasolevate h\u00fcdrauliliste silindrite asendamiseks erinevates rakendustes, tagades optimaalse j\u00f5udluse ja pikaealisuse.<\/p>\n<p><img decoding=\"async\" src=\"https:\/\/www.hydraulic-cylinders.net\/wp-content\/uploads\/2025\/04\/songte-cylinder-head-with-all-kinds-excavator-models.webp\" alt=\"Ekskavaatori mudelid poomi silindritega\"><\/p>\n<h2>Rakendusstsenaariumid<\/h2>\n<h3>Ehitustehnika<\/h3>\n<p>Ehitusvaldkonnas on noolesilindrid ekskavaatorite lahutamatu osa, kus neil on oluline roll kaevamisel, laadimisel ja pinnase v\u00f5i prahi teisaldamisel. Need v\u00f5imaldavad operaatoritel teha kaevamist\u00f6\u00f6deks vajalikke t\u00e4pseid liigutusi ja h\u00f5lbustavad raskete koormate t\u00f5husat t\u00f5stmist.<\/p>\n<h3>P\u00f5llumajandustehnika<\/h3>\n<p>P\u00f5llumajanduses kasutatakse esilaadurites noolesilindreid mulla, heina ja mitmesuguste muude materjalide kopeerimiseks, t\u00f5stmiseks ja transportimiseks. Nende t\u00f5hus t\u00f6\u00f6 v\u00f5imaldab sujuvamaid laadimis- ja mahalaadimisprotsesse, suurendades talude tootlikkust.<\/p>\n<h3>Ekskavaatorid<\/h3>\n<p>Noole silinder on oluline, et ekskavaatori kopp saaks maasse tungida ja teostada olulisi kaevamistoiminguid. See v\u00f5ime on \u00fclioluline mitmesuguste ehitus- ja haljastusprojektides vajalike kaevet\u00f6\u00f6de jaoks.<\/p>\n<h3>Laadurid<\/h3>\n<p>Esilaaduritel aitavad noolesilindrid koormaid t\u00f5husalt t\u00f5sta ja t\u00fchjendada. Nende vastupidav konstruktsioon v\u00f5imaldab neil k\u00e4sitseda raskeid materjale, tagades t\u00f6\u00f6de t\u00f5husa ja ohutu teostamise.<\/p>\n<h2>Projekteerimiskaalutlused ja valikukriteeriumid<\/h2>\n<h3>Kandev\u00f5ime<\/h3>\n<p>Poomi silindri valimisel on oluline m\u00f5ista selle kandev\u00f5imet. Silinder peab suutma ohutult kanda koormate raskust, mida see k\u00e4sitseb. See h\u00f5lmab selliste tegurite arvessev\u00f5tmist nagu poomi maksimaalne t\u00f5stetav kaal ja t\u00f6\u00f6 ajal tekkivad d\u00fcnaamilised koormused.<\/p>\n<h3>Tihendus<\/h3>\n<p>Poomi silindri tihendusv\u00f5ime on selle j\u00f5udluse seisukohalt kriitilise t\u00e4htsusega. Kvaliteetsed tihendid hoiavad \u00e4ra h\u00fcdraulikavedeliku lekked ja hoiavad s\u00fcsteemis r\u00f5hu. See on eriti oluline h\u00fcdraulikavedeliku kadumise v\u00e4ltimiseks, mis v\u00f5ib v\u00e4hendada efektiivsust ja p\u00f5hjustada seadmete kahjustusi.<\/p>\n<h3>Vastupidavus<\/h3>\n<p>Vastupidavus on noole silindri oluline omadus, eriti n\u00f5udlikes t\u00f6\u00f6keskkondades. Tootmismaterjalid peavad vastu pidama kulumisele ja rebenemisele, samuti karmidele tingimustele, nagu mustus, niiskus ja k\u00f5ikuvad temperatuurid.<\/p>\n<h3>Turvaelemendid<\/h3>\n<p>Noolesilindrite ohutuse silmas pidamine on \u00fclioluline. Sellised omadused nagu integreeritud kaitseklapid aitavad v\u00e4ltida \u00fclekoormusi, tagades seadmete ohutu t\u00f6\u00f6tamise t\u00f5stmise ja langetamise ajal, kaitstes seel\u00e4bi nii masinaid kui ka operaatoreid.<\/p>\n<h3>Hoolduse ligip\u00e4\u00e4setavus<\/h3>\n<p>Hoolduse lihtsus on veel \u00fcks oluline projekteerimiskaalutlus. Poomi silindrid peaksid olema konstrueeritud nii, et kriitilistele komponentidele oleks lihtne juurdep\u00e4\u00e4s kontrollimiseks ja hooldamiseks. H\u00e4sti planeeritud hooldusstrateegia v\u00f5ib pikendada silindri eluiga ja parandada seadmete \u00fcldist t\u00f6\u00f6kindlust.<\/p>\n<p><img decoding=\"async\" src=\"https:\/\/www.hydraulic-cylinders.net\/wp-content\/uploads\/2025\/04\/songte-oil-pipes-and-spare-parts.webp\" alt=\"H\u00fcdraulilised osad ja tarvikud\"><\/p>\n<h2>Tihendus ja m\u00e4\u00e4rimine<\/h2>\n<p>Poomi silindri efektiivsust m\u00f5jutavad oluliselt selle tihendus- ja m\u00e4\u00e4rimiss\u00fcsteemid. H\u00fcdraulilise vedeliku mahutavuse tagamiseks kasutatakse mitmesuguseid tihendeid, n\u00e4iteks kolvitihendeid ja vardatihendeid. Tavaliselt kasutatakse nende kulumiskindlate omaduste t\u00f5ttu materjale nagu pol\u00fcuretaan ja nitriilkummi. Silindri ja keermestatud otste pinnad on hoolikalt viimistletud, et suurendada kulumiskindlust. Regulaarne m\u00e4\u00e4rimine h\u00fcdraulika\u00f5liga on oluline optimaalse j\u00f5udluse s\u00e4ilitamiseks ja liikuvate osade vahelise h\u00f5\u00f5rdumise v\u00e4hendamiseks.<\/p>\n<h2>Ennetavad hooldusmeetmed<\/h2>\n<ul>\n<li><strong>Regulaarsed kontrollid:<\/strong> Tehke regulaarseid kontrolle, et tuvastada kulumis- v\u00f5i kahjustuste m\u00e4rke, mis aitavad tulevikus t\u00f5sisemaid probleeme v\u00e4ltida.<\/li>\n<li><strong>\u00d5ige m\u00e4\u00e4rimine:<\/strong> Veenduge, et h\u00fcdraulika\u00f5li tase oleks piisav, ja m\u00e4\u00e4rige liikuvaid osi vastavalt vajadusele, et v\u00e4hendada h\u00f5\u00f5rdumist ja pikendada kasutusiga.<\/li>\n<li><strong>Tihendi vahetamine:<\/strong> Kontrollige regulaarselt tihendite kulumist ja vahetage need vastavalt vajadusele, et v\u00e4ltida lekkeid ja s\u00e4ilitada h\u00fcdrauliline r\u00f5hk.<\/li>\n<\/ul>\n<h2>Paigaldusjuhised<\/h2>\n<p>Poomi silindri \u00f5ige paigaldamine on selle j\u00f5udluse seisukohalt \u00fclioluline. Alustage veendumaks, et kinnituspinnad on puhtad ja prahist vabad. Joondage silinder hoolikalt, et v\u00e4ltida joondusvigu, mis v\u00f5ivad p\u00f5hjustada enneaegset kulumist v\u00f5i riket. Kasutage silindri kinnitamiseks sobivaid kinnitusklambreid, veendudes, et see on tihedalt kinnitatud. P\u00e4rast paigaldamist kontrollige h\u00fcdraulika lekete suhtes ja veenduge, et h\u00fcdraulikavoolikud on \u00f5igesti \u00fchendatud. Nende sammude j\u00e4rgimine aitab saavutada poomi silindri optimaalse j\u00f5udluse.<\/p>\n<h2>Levinumad hooldust\u00f6\u00f6d<\/h2>\n<ul>\n<li><strong>Regulaarsed kontrollid:<\/strong> Sagedaste kontrollide tegemine aitab tuvastada v\u00f5imalikke probleeme enne, kui need suuremateks muutuvad. Kontrollige silindrit lekete v\u00f5i f\u00fc\u00fcsiliste kahjustuste suhtes.<\/li>\n<li><strong>Sobiv m\u00e4\u00e4rimine:<\/strong> Veenduge, et poomi silinder on piisavalt m\u00e4\u00e4ritud \u00f5iget t\u00fc\u00fcpi h\u00fcdraulika\u00f5liga, et v\u00e4hendada sisemiste komponentide kulumist.<\/li>\n<li><strong>Tihendi vahetamine:<\/strong> H\u00fcdraulilise r\u00f5hu ja efektiivsuse s\u00e4ilitamiseks vahetage tihendeid regulaarselt ennetava hooldusgraafiku osana.<\/li>\n<\/ul>\n<h2>Ohutuskaalutlused ja keskkonnategurid<\/h2>\n<p>Noolesilindrite kasutamisel on \u00f5nnetuste ja vigastuste v\u00e4ltimiseks oluline j\u00e4rgida ohutusmeetmeid. Operaatorid peaksid olema koolitatud h\u00fcdraulikavedelike n\u00f5uetekohase k\u00e4sitsemise ja kasutamise osas, et tagada ohutus t\u00f5stmise ja teisaldamise ajal. Lisaks tuleks arvestada h\u00fcdraulikavedelike keskkonnam\u00f5juga ja kehtestada n\u00f5uetekohased k\u00f5rvaldamismeetodid, et minimeerida \u00f6koloogilist kahju.<\/p>\n<h2>Veaotsing ja levinud probleemid<\/h2>\n<ul>\n<li><strong>H\u00fcdraulilised lekked:<\/strong> Kui m\u00e4rkate h\u00fcdraulikavedeliku taseme langust, kontrollige tihendeid ja \u00fchendusi lekete suhtes ning vahetage kahjustatud osad kohe v\u00e4lja.<\/li>\n<li><strong>Aeglane t\u00f6\u00f6:<\/strong> Poomi silindri aeglane reageering v\u00f5ib viidata madalale h\u00fcdraulikavedeliku tasemele v\u00f5i \u00f5hule s\u00fcsteemis. Kontrollige ja lisage h\u00fcdraulikavedelikku vastavalt vajadusele.<\/li>\n<li><strong>Ebatavalised helid:<\/strong> Kui t\u00f6\u00f6tamise ajal kuulete krigisemist v\u00f5i muid ebanormaalseid helisid, l\u00f5petage seadme kasutamine ja kontrollige sisemisi kahjustusi v\u00f5i joondush\u00e4ireid.<\/li>\n<\/ul>\n<h2>Veaotsingu n\u00e4pun\u00e4ited<\/h2>\n<p>Poomi silindri probleemide t\u00f5husaks diagnoosimiseks ja lahendamiseks alustage h\u00fcdraulikavedeliku taseme \u00fclevaatamisest ja lekete kontrollimisest. Regulaarne ennetav hooldus aitab minimeerida v\u00f5imalikke probleeme, tegeledes kulumisega enne nende s\u00fcvenemist. N\u00f5uetekohaste ladustamis- ja k\u00e4sitsemisprotseduuride rakendamine tagab ka silindri optimaalse seisukorra.<\/p>\n<p><img decoding=\"async\" src=\"https:\/\/www.hydraulic-cylinders.net\/wp-content\/uploads\/2025\/04\/songte-bushings-with-all-kinds-of-excavator-models.webp\" alt=\"Ekskavaatorimudelite puksid\"><\/p>\n<h2>Ettev\u00f5tte \u00fclevaade<\/h2>\n<p>Oleme juhtiv asendush\u00fcdrauliliste silindrite tootja, teenindades nii sise- kui ka rahvusvahelisi turge. Meie lai tootevalik asetab meid h\u00fcdrauliliste silindrite tootmise ja hulgim\u00fc\u00fcgi sektori tippkonkurendiks. J\u00e4rgime rangeid kvaliteedistandardeid, rakendades keerukaid tootmise juhtimise strateegiaid. Meie oskuslik t\u00f6\u00f6j\u00f5ud, t\u00e4iustatud digitaalsed tootmisseadmed ja professionaalsed kontrolls\u00fcsteemid t\u00e4iustavad pidevalt meie tootmisv\u00f5imalusi, tagades k\u00f5rge efektiivsuse, t\u00e4psuse ja kvaliteedi, et rahuldada klientide mitmekesiseid vajadusi.<\/p>\n<p><img decoding=\"async\" src=\"https:\/\/www.hydraulic-cylinders.net\/wp-content\/uploads\/2025\/04\/songte-company-4.webp\" alt=\"Ettev\u00f5tte \u00fclevaade\"><br \/>\n<img decoding=\"async\" src=\"https:\/\/www.hydraulic-cylinders.net\/wp-content\/uploads\/2025\/04\/songte-company-3.webp\" alt=\"Tootmisrajatised\"><\/p>\n<p>Oleme uhked oma professionaalsuse, rahvusvaheliste sertifikaatide, kohandatud teenindusv\u00f5imaluste, tipptasemel tootmisseadmete ja igak\u00fclgse m\u00fc\u00fcgij\u00e4rgse toe \u00fcle.<\/p>\n<p>Autor: lyl<\/p>","protected":false},"excerpt":{"rendered":"<p>Boom Cylinder For Zoomlion Large Excavator ZE700ESP Introduction to the Boom Cylinder The boom cylinder is a vital component in heavy machinery, particularly in excavators like the Zoomlion Large Excavator ZE700ESP. This hydraulic cylinder plays an essential role in controlling the movement of the boom arm, allowing it to lift, lower, and tilt as needed [&hellip;]<\/p>","protected":false},"featured_media":17870,"comment_status":"open","ping_status":"closed","template":"","meta":{"_et_pb_use_builder":"","_et_pb_old_content":"","_et_gb_content_width":""},"product_brand":[],"product_cat":[1546],"product_tag":[1547,1496],"class_list":{"0":"post-19229","1":"product","2":"type-product","3":"status-publish","4":"has-post-thumbnail","6":"product_cat-boom-cylinders","7":"product_tag-boom-cylinders","8":"product_tag-hydraulic-cylinders","10":"first","11":"instock","12":"shipping-taxable","13":"product-type-simple"},"amp_enabled":true,"_links":{"self":[{"href":"https:\/\/www.hydraulic-cylinders.net\/et\/wp-json\/wp\/v2\/product\/19229","targetHints":{"allow":["GET"]}}],"collection":[{"href":"https:\/\/www.hydraulic-cylinders.net\/et\/wp-json\/wp\/v2\/product"}],"about":[{"href":"https:\/\/www.hydraulic-cylinders.net\/et\/wp-json\/wp\/v2\/types\/product"}],"replies":[{"embeddable":true,"href":"https:\/\/www.hydraulic-cylinders.net\/et\/wp-json\/wp\/v2\/comments?post=19229"}],"wp:featuredmedia":[{"embeddable":true,"href":"https:\/\/www.hydraulic-cylinders.net\/et\/wp-json\/wp\/v2\/media\/17870"}],"wp:attachment":[{"href":"https:\/\/www.hydraulic-cylinders.net\/et\/wp-json\/wp\/v2\/media?parent=19229"}],"wp:term":[{"taxonomy":"product_brand","embeddable":true,"href":"https:\/\/www.hydraulic-cylinders.net\/et\/wp-json\/wp\/v2\/product_brand?post=19229"},{"taxonomy":"product_cat","embeddable":true,"href":"https:\/\/www.hydraulic-cylinders.net\/et\/wp-json\/wp\/v2\/product_cat?post=19229"},{"taxonomy":"product_tag","embeddable":true,"href":"https:\/\/www.hydraulic-cylinders.net\/et\/wp-json\/wp\/v2\/product_tag?post=19229"}],"curies":[{"name":"wp","href":"https:\/\/api.w.org\/{rel}","templated":true}]}}