{"id":1924,"date":"2023-10-20T06:11:20","date_gmt":"2023-10-20T06:11:20","guid":{"rendered":"https:\/\/hydraulic-cylinders.net\/?post_type=product&#038;p=1924"},"modified":"2023-10-20T06:22:44","modified_gmt":"2023-10-20T06:22:44","slug":"hp3g-series-axial-piston-variable-displacement-hydraulic-pump","status":"publish","type":"product","link":"https:\/\/www.hydraulic-cylinders.net\/et\/toode\/hp3g-series-axial-piston-variable-displacement-hydraulic-pump\/","title":{"rendered":"HP3G seeria aksiaalkolvi muudetava t\u00f6\u00f6mahuga h\u00fcdrauliline pump"},"content":{"rendered":"<h1 style=\"text-align: center;\"><strong>HP3G seeria aksiaalkolvi muudetava t\u00f6\u00f6mahuga h\u00fcdrauliline pump<\/strong><\/h1>\n<p><img loading=\"lazy\" decoding=\"async\" class=\"aligncenter wp-image-1947\" src=\"https:\/\/hydraulic-cylinders.net\/wp-content\/uploads\/2023\/10\/hp3g-series-axial-piston-variable-displacement-pump-1-300x300.webp\" alt=\"\" width=\"400\" height=\"400\" \/><\/p>\n<p>HP3G seeria aksiaalkolb-muutuva nihkega h\u00fcdrauliline pump on tipptasemel h\u00fcdrauliline lahendus, mis \u00fchendab endas v\u00f5imsuse, efektiivsuse ja mitmek\u00fclgsuse. See pump, mis on loodud vastama t\u00e4nap\u00e4evaste t\u00f6\u00f6stusrakenduste n\u00f5udmistele, pakub erakordset j\u00f5udlust laias valikus h\u00fcdraulikas\u00fcsteemides. See informatiivne artikkel uurib HP3G seeria aksiaalkolb-muutuva nihkega h\u00fcdraulilise pumba peamisi omadusi, kasutusviise ja hooldusjuhiseid.<\/p>\n<p>HP3G seeria aksiaalkolb-muutuva nihkega h\u00fcdrauliline pump on v\u00f5imas ja t\u00f5hus lahendus h\u00fcdraulikas\u00fcsteemidele. T\u00e4nu muudetava nihkega tehnoloogiale, k\u00f5rgsurvev\u00f5imele ja kompaktsele disainile pakub see pump erakordset j\u00f5udlust erinevates rakendustes. Soovitatavate kasutusmeetodite ja regulaarsete hooldustavade j\u00e4rgimisel pakub HP3G seeria h\u00fcdrauliline pump j\u00e4tkuvalt suurep\u00e4rast j\u00f5udlust, aidates kaasa h\u00fcdraulikas\u00fcsteemide edule. Rakendage HP3G seeria aksiaalkolb-muutuva nihkega h\u00fcdraulilise pumba v\u00f5imsust ja t\u00f5husust, et avada oma h\u00fcdraulikas\u00fcsteemi t\u00e4ielik potentsiaal.<\/p>\n<p>HP3G seeria aksiaalkolvi muudetava t\u00f6\u00f6mahuga h\u00fcdraulilise pumba peamised omadused:<\/p>\n<ol>\n<li>Muutuva nihkega tehnoloogia: HP3G seeria h\u00fcdropump on varustatud t\u00e4iustatud muudetava nihkega tehnoloogiaga, mis v\u00f5imaldab h\u00fcdropumba v\u00e4ljundmahtu t\u00e4pselt reguleerida. See funktsioon optimeerib energiatarbimist, suurendab s\u00fcsteemi t\u00f5husust ja v\u00e4hendab tegevuskulusid.<\/li>\n<li>K\u00f5rgsurvev\u00f5ime: HP3G seeria h\u00fcdropump paistab silma k\u00f5rgsurverakendustes oma vastupidava aksiaalkolvi konstruktsiooniga. See pakub j\u00e4rjepidevat j\u00f5udlust n\u00f5udlikes tingimustes, tagades usaldusv\u00e4\u00e4rse t\u00f6\u00f6 ja t\u00f5husa j\u00f5u\u00fclekande.<\/li>\n<li>Kompaktne ja kerge disain: HP3G seeria h\u00fcdropumba kompaktne ja kerge disain muudab selle h\u00f5lpsaks integreerimiseks erinevatesse h\u00fcdros\u00fcsteemidesse. Selle ruumis\u00e4\u00e4stlikud omadused pakuvad paigalduspaindlikkust, eriti piiratud ruumiga rakendustes.<\/li>\n<li>Lai valik rakendusi: HP3G seeria h\u00fcdropump on v\u00e4ga mitmek\u00fclgne, mist\u00f5ttu sobib see erinevatesse t\u00f6\u00f6stusharudesse, sealhulgas ehitusse, p\u00f5llumajandusse, materjalik\u00e4itlusse ja mujale. Selle kohanemisv\u00f5ime erinevate t\u00f6\u00f6tingimuste ja n\u00f5uetega muudab selle hindamatuks varaks h\u00fcdros\u00fcsteemides kogu maailmas.<\/li>\n<\/ol>\n<h2><strong>HP3G seeria aksiaalkolvi muudetava t\u00f6\u00f6mahuga h\u00fcdraulilise pumba parameeter:<\/strong><\/h2>\n<table class=\"table table-bordered table-hover table-colored\" data-sort=\"sortDisabled\">\n<tbody>\n<tr class=\"firstRow\">\n<td colspan=\"1\" rowspan=\"2\" align=\"center\" valign=\"middle\">Suurus<\/td>\n<td rowspan=\"2\" align=\"center\" valign=\"middle\">T\u00f6\u00f6maht cm\u00b3\/p\u00f6\u00f6re<\/td>\n<td colspan=\"2\" rowspan=\"1\" align=\"center\" valign=\"middle\">R\u00f5hubaar<\/td>\n<td colspan=\"2\" rowspan=\"1\" align=\"center\" valign=\"middle\">P\u00f6\u00f6rlemiskiirus p\/min<\/td>\n<\/tr>\n<tr>\n<td align=\"center\" valign=\"middle\">Hinnatud<\/td>\n<td align=\"center\" valign=\"middle\">Tipp<\/td>\n<td align=\"center\" valign=\"middle\">Hinnatud<\/td>\n<td align=\"center\" valign=\"middle\">Maks<sup>*2<\/sup><\/td>\n<\/tr>\n<tr>\n<td align=\"center\" valign=\"middle\">HP3G28<\/td>\n<td align=\"center\" valign=\"middle\">28<\/td>\n<td align=\"center\" valign=\"middle\">345<\/td>\n<td align=\"center\" valign=\"middle\">380<\/td>\n<td align=\"center\" valign=\"middle\">3400<\/td>\n<td align=\"center\" valign=\"middle\">4000<\/td>\n<\/tr>\n<tr>\n<td align=\"center\" valign=\"middle\">HP3G32<\/td>\n<td align=\"center\" valign=\"middle\">32<\/td>\n<td align=\"center\" valign=\"middle\">345<\/td>\n<td align=\"center\" valign=\"middle\">380<\/td>\n<td align=\"center\" valign=\"middle\">3400<\/td>\n<td align=\"center\" valign=\"middle\">4000<\/td>\n<\/tr>\n<tr>\n<td align=\"center\" valign=\"middle\">HP3G46<\/td>\n<td align=\"center\" valign=\"middle\">46<\/td>\n<td align=\"center\" valign=\"middle\">345<\/td>\n<td align=\"center\" valign=\"middle\">385<\/td>\n<td align=\"center\" valign=\"middle\">3000<\/td>\n<td align=\"center\" valign=\"middle\">4100<\/td>\n<\/tr>\n<\/tbody>\n<\/table>\n<h2><strong>HP3G seeria aksiaalkolvi muudetava t\u00f6\u00f6mahuga h\u00fcdraulilise pumba eelised:<\/strong><\/h2>\n<p>\u2022 Kasutatakse k\u00f5rgsurve suletud ahelaga h\u00fcdraulikas\u00fcsteemides<br \/>\n\u2022 Voolukiirus on proportsionaalne ajami kiiruse ja t\u00f6\u00f6mahuga ning seda saab l\u00f5pmatult muuta<br \/>\n\u2022 K\u00f5rgsurveventiil pumba k\u00f5rgsurve poolel<br \/>\n\u2022 Integreeritud \u00f5lipump, mis tagab jahutuse ja lisab s\u00fcsteemile \u00f5li<br \/>\n\u2022 Suur t\u00f6\u00f6kindlus, pikk eluiga, k\u00f5rge v\u00f5imsuse ja kaalu suhe<\/p>\n<h2><strong>HP3G seeria aksiaalkolvi muudetava t\u00f6\u00f6mahuga h\u00fcdrauliline pump <\/strong><strong>Rakendus:<\/strong><\/h2>\n<p><img loading=\"lazy\" decoding=\"async\" class=\"alignnone wp-image-1950 size-full\" src=\"https:\/\/hydraulic-cylinders.net\/wp-content\/uploads\/2023\/10\/hp3g-series-axial-piston-variable-displacement-pump-2.webp\" alt=\"\" width=\"1140\" height=\"217\" srcset=\"https:\/\/hydraulic-cylinders.net\/wp-content\/uploads\/2023\/10\/hp3g-series-axial-piston-variable-displacement-pump-2.webp 1140w, https:\/\/hydraulic-cylinders.net\/wp-content\/uploads\/2023\/10\/hp3g-series-axial-piston-variable-displacement-pump-2-980x187.webp 980w, https:\/\/hydraulic-cylinders.net\/wp-content\/uploads\/2023\/10\/hp3g-series-axial-piston-variable-displacement-pump-2-480x91.webp 480w\" sizes=\"(min-width: 0px) and (max-width: 480px) 480px, (min-width: 481px) and (max-width: 980px) 980px, (min-width: 981px) 1140px, 100vw\" \/><\/p>\n<h2><strong>HP3G seeria aksiaalse kolvi muudetava nihkega h\u00fcdraulilise pumba kasutusmeetod<\/strong><strong>:<\/strong><\/h2>\n<ul>\n<li><strong>Pumba paigaldamine:<\/strong> Valige HP3G seeria aksiaalkolbmuutuva t\u00f6\u00f6mahuga h\u00fcdraulilise pumba paigaldamiseks sobiv koht h\u00fcdraulikas\u00fcsteemis. Veenduge \u00f5iges joonduses ja kinnitage pump kindlalt s\u00fcsteemi konstruktsiooni k\u00fclge sobivate kinnitusklambrite v\u00f5i lisatarvikute abil.<\/li>\n<li><strong>Vedeliku \u00fchilduvus:<\/strong> Veenduge, et s\u00fcsteemis kasutatav h\u00fcdraulikavedelik \u00fchildub HP3G seeria h\u00fcdraulikapumbaga. Sobiva vedeliku t\u00fc\u00fcbi, viskoossuse ja temperatuurivahemiku kohta vaadake tootja soovitusi. H\u00fcdraulikapumba n\u00f5uetekohase t\u00f6\u00f6 ja pikaealisuse tagamiseks j\u00e4lgige ja hooldage h\u00fcdraulikavedelikku regulaarselt.<\/li>\n<li><strong>Integreerimine h\u00fcdraulikas\u00fcsteemiga:<\/strong> \u00dchendage h\u00fcdropump h\u00fcdros\u00fcsteemiga, kasutades \u00fchilduvaid voolikuid, liitmikke ja ventiile. Veenduge, et k\u00f5ik \u00fchendused oleksid kindlad, lekkevabad ja optimaalse h\u00fcdraulika j\u00f5udluse tagamiseks piisavalt pingutatud.<\/li>\n<li><strong>T\u00f6\u00f6parameetrid:<\/strong> Tutvuge h\u00fcdraulilise pumba juhtimisv\u00f5imalustega ja reguleerige t\u00f6\u00f6parameetreid vastavalt h\u00fcdraulilise s\u00fcsteemi erin\u00f5uetele. J\u00e4lgige ja muutke pumba t\u00f6\u00f6mahu s\u00e4tteid, et optimeerida j\u00f5udlust ja energiat\u00f5husust.<\/li>\n<\/ul>\n<h2><strong>Kuidas kontrollida, kas h\u00fcdrosilinder lekib seestpoolt?<\/strong><\/h2>\n<p>H\u00fcdrosilindri sisemiste lekete kontrollimine on oluline hooldust\u00f6\u00f6, et tagada n\u00f5uetekohane toimimine ja v\u00e4ltida v\u00f5imalikke probleeme. Siin on samm-sammult juhend, kuidas kontrollida, kas h\u00fcdrosilindril on sisemisi lekkeid:<\/p>\n<ol>\n<li><strong>Ohutus ennek\u00f5ike:<\/strong> Enne hooldust\u00f6\u00f6de tegemist veenduge, et h\u00fcdros\u00fcsteem on r\u00f5huvaba ja k\u00f5ik toiteallikad lahti \u00fchendatud, et v\u00e4ltida \u00f5nnetusi.<\/li>\n<li><strong>Visuaalne kontroll:<\/strong> Alustage h\u00fcdrosilindri v\u00e4lispinna visuaalse kontrollimisega \u00f5lilekete suhtes. Otsige \u00f5liplekke, tilkumisi v\u00f5i m\u00e4rgasid kohti silindri korpuse, varda ja tihendite \u00fcmbert. V\u00e4lised lekked v\u00f5ivad viidata ka sisemistele leketele.<\/li>\n<li><strong>Silindri tagasit\u00f5mbumine:<\/strong> Sirutage h\u00fcdrosilinder t\u00e4ielikult v\u00e4lja ja seej\u00e4rel t\u00f5mmake see t\u00e4ielikult sisse. J\u00e4lgige, kas sirutamise v\u00f5i sisset\u00f5mbamise ajal on kiiruses v\u00f5i takistuses m\u00e4rgatavaid muutusi. Ebatavaliselt aeglane v\u00f5i t\u00f5mblev liikumine v\u00f5ib viidata sisemisele lekkele.<\/li>\n<li><strong>Hoidke positsiooni:<\/strong> Sirutage balloon kindlasse asendisse ja hoidke seda m\u00f5nda aega, n\u00e4iteks mitu minutit kuni tund. J\u00e4lgige, kas ballon p\u00fcsib oma asendis ilma triivimata. Triivimine v\u00f5i j\u00e4rkj\u00e4rguline liikumine viitab sisemisele lekkele.<\/li>\n<li><strong>Silindri triivi test:<\/strong> Tehke silindri triivikatse, sirutades silindri t\u00e4ielikult v\u00e4lja ja sulgedes juhtventiili, et isoleerida silinder h\u00fcdraulikas\u00fcsteemist. J\u00e4lgige silindri asendit pikema aja jooksul, n\u00e4iteks mitu tundi, et kontrollida liikumist. Kui silinder triivib v\u00f5i liigub aeglaselt, viitab see sisemisele lekkele.<\/li>\n<li><strong>R\u00f5hulanguse test:<\/strong> \u00dchendage manomeeter h\u00fcdros\u00fcsteemiga ja r\u00f5hkige see maksimaalse t\u00f6\u00f6r\u00f5huni. Sulgege juhtventiil, et silindrit isoleerida. J\u00e4lgige manomeetrit, et aja jooksul ei esineks olulist r\u00f5hulangust. Kiire r\u00f5hulangus viitab sisemisele lekkele.<\/li>\n<li><strong>Lahtiv\u00f5tmine ja kontroll:<\/strong> Kui kahtlustate sisemist leket, kuid pole seda varasemate testide abil tuvastanud, peate p\u00f5hjalikumaks kontrolliks h\u00fcdrosilindri lahti v\u00f5tma. N\u00f5uetekohase lahtiv\u00f5tmise ja kokkupaneku tagamiseks lugege tootja juhiseid v\u00f5i p\u00f6\u00f6rduge abi saamiseks kvalifitseeritud tehniku \u200b\u200bpoole.<\/li>\n<li><strong>Pitseri kontroll:<\/strong> Kontrollige silindri tihendeid, sh kolvitihendit, vardatihendit ja tihenditihendeid kahjustuste, kulumise v\u00f5i halvenemise tunnuste suhtes. Kahjustatud v\u00f5i kulunud tihendid v\u00f5ivad p\u00f5hjustada sisemisi lekkeid. Vahetage k\u00f5ik vigased tihendid sobivate asendustihendite vastu.<\/li>\n<li><strong>Kokkupanek ja testimine:<\/strong> P\u00e4rast vajalike \u00fclevaatuste v\u00f5i remondit\u00f6\u00f6de tegemist pange h\u00fcdrosilinder uuesti kokku ja tehke viimane t\u00f6\u00f6katse. Tehke \u00fclaltoodud katsed, et veenduda sisemiste lekete k\u00f5rvaldamises ja silindri n\u00f5uetekohases toimimises.<\/li>\n<\/ol>\n<h2><strong>Tehase v\u00f5imekus ja suutlikkus:<\/strong><\/h2>\n<h3>(1) Kokkupanek<\/h3>\n<p>Meil on esmaklassiline s\u00f5ltumatu teadus- ja arendustegevuse montaa\u017eiplatvorm. H\u00fcdrosilindrite tootmist\u00f6\u00f6kojas on neli poolautomaatset t\u00f5stesilindrite koosteliini ja \u00fcks automaatne kallutussilindrite koosteliin, mille kavandatud aastane tootmisv\u00f5imsus on 1 miljon t\u00fckki. Spetsiaalsete silindrite t\u00f6\u00f6koda on varustatud erinevate spetsifikatsioonidega poolautomaatse puhastusmontaa\u017eis\u00fcsteemiga, mille kavandatud aastane tootmisv\u00f5imsus on 200 000 ja mis on varustatud kuulsate CNC-t\u00f6\u00f6tlemisseadmete, mehaanilise t\u00f6\u00f6tlemise keskuse, suure t\u00e4psusega silindrite t\u00f6\u00f6tlemise eriseadmete, robotkeevitusmasina, automaatse puhastusmasina, automaatse silindri kokkupanemise masina ja automaatse v\u00e4rvimise tootmisliiniga. Olemasolevad kriitilised seadmed rohkem kui 300 komplekti (komplekti). Seadmete ressursside optimaalne jaotamine ja t\u00f5hus kasutamine tagavad toodete t\u00e4psusn\u00f5uded ja vastavad toodete kvaliteedin\u00f5uetele.<\/p>\n<p><img loading=\"lazy\" decoding=\"async\" class=\"alignnone wp-image-626\" src=\"https:\/\/hydraulic-cylinders.net\/wp-content\/uploads\/2023\/08\/hydraulic-cylinder-product-1-300x158.webp\" alt=\"\" width=\"495\" height=\"260\" srcset=\"https:\/\/hydraulic-cylinders.net\/wp-content\/uploads\/2023\/08\/hydraulic-cylinder-product-1-300x158.webp 495w, https:\/\/hydraulic-cylinders.net\/wp-content\/uploads\/2023\/08\/hydraulic-cylinder-product-1-480x252.webp 480w\" sizes=\"(min-width: 0px) and (max-width: 480px) 480px, (min-width: 481px) 495px, 100vw\" \/> <img loading=\"lazy\" decoding=\"async\" class=\"alignnone wp-image-627\" src=\"https:\/\/hydraulic-cylinders.net\/wp-content\/uploads\/2023\/08\/hydraulic-cylinder-product-2-300x189.webp\" alt=\"\" width=\"413\" height=\"260\" \/><\/p>\n<h3>(2) T\u00f6\u00f6tlemine<\/h3>\n<p>T\u00f6\u00f6deldav t\u00f6\u00f6koda on varustatud kohandatud kallutatud r\u00f6\u00f6pse treipingi keskuse, mehaanilise keskuse, kiire lihvimismasina, keevitusroboti ja muude seotud seadmetega, mis suudavad t\u00f6\u00f6delda silindritorusid, mille maksimaalne sisel\u00e4bim\u00f5\u00f5t on 400 mm ja maksimaalne pikkus on 6 meetrit.<\/p>\n<p><img loading=\"lazy\" decoding=\"async\" class=\"alignnone wp-image-628 size-large\" src=\"https:\/\/hydraulic-cylinders.net\/wp-content\/uploads\/2023\/08\/hydraulic-cylinder-product-3-1024x391.webp\" alt=\"\" width=\"1024\" height=\"391\" srcset=\"https:\/\/hydraulic-cylinders.net\/wp-content\/uploads\/2023\/08\/hydraulic-cylinder-product-3-980x374.webp 980w, https:\/\/hydraulic-cylinders.net\/wp-content\/uploads\/2023\/08\/hydraulic-cylinder-product-3-480x183.webp 480w\" sizes=\"(min-width: 0px) and (max-width: 480px) 480px, (min-width: 481px) and (max-width: 980px) 980px, (min-width: 981px) 1024px, 100vw\" \/><\/p>\n<h3>(3) Keevitamine<\/h3>\n<p><img loading=\"lazy\" decoding=\"async\" class=\"alignnone wp-image-629 size-large\" src=\"https:\/\/hydraulic-cylinders.net\/wp-content\/uploads\/2023\/08\/hydraulic-cylinder-product-4-1024x510.webp\" alt=\"\" width=\"1024\" height=\"510\" srcset=\"https:\/\/hydraulic-cylinders.net\/wp-content\/uploads\/2023\/08\/hydraulic-cylinder-product-4-980x488.webp 980w, https:\/\/hydraulic-cylinders.net\/wp-content\/uploads\/2023\/08\/hydraulic-cylinder-product-4-480x239.webp 480w\" sizes=\"(min-width: 0px) and (max-width: 480px) 480px, (min-width: 481px) and (max-width: 980px) 980px, (min-width: 981px) 1024px, 100vw\" \/><\/p>\n<h3>(4) V\u00e4rvimine ja katmine<\/h3>\n<p>V\u00e4ikese ja keskmise suurusega silindri automaatse veep\u00f5hise v\u00e4rvipinnakattega liinide abil, et saavutada automaatne robotlaadimine ja mahalaadimine ning automaatne pihustamine, projekteerimisv\u00f5imsus 4000 t\u00fckki vahetuse kohta;<br \/>\nMeil on ka poolautomaatne suurte balloonide v\u00e4rvimise tootmisliin, mis t\u00f6\u00f6tab j\u00f5ukettaga ja mille projekteerimisv\u00f5imsus on 60 kasti \u00fche vahetuse kohta.<\/p>\n<p><img loading=\"lazy\" decoding=\"async\" class=\"alignnone wp-image-630\" src=\"https:\/\/hydraulic-cylinders.net\/wp-content\/uploads\/2023\/08\/hydraulic-cylinder-product-5-300x213.webp\" alt=\"\" width=\"366\" height=\"260\" \/> <img loading=\"lazy\" decoding=\"async\" class=\"alignnone wp-image-631\" src=\"https:\/\/hydraulic-cylinders.net\/wp-content\/uploads\/2023\/08\/hydraulic-cylinder-product-6-300x225.webp\" alt=\"\" width=\"347\" height=\"260\" \/><\/p>\n<h3>(5) Testimine<\/h3>\n<p>Meil on esmaklassilised kontrolliseadmed ja katsestendid, et tagada silindri j\u00f5udlus vastavus n\u00f5uetele.<\/p>\n<p><img loading=\"lazy\" decoding=\"async\" class=\"alignnone wp-image-632\" src=\"https:\/\/hydraulic-cylinders.net\/wp-content\/uploads\/2023\/08\/hydraulic-cylinder-product-8-300x200.webp\" alt=\"\" width=\"389\" height=\"260\" \/><\/p>\n<p>&nbsp;<\/p>\n<p>&nbsp;<\/p>\n<p>Oleme \u00fcks parimaid h\u00fcdrosilindrite tootjaid. Pakume laia valikut h\u00fcdrosilindreid. Pakume ka vastavaid... <a href=\"https:\/\/hzpt.com\/agricultural-pto-gearbox\/\" target=\"_blank\" rel=\"noopener\">p\u00f5llumajanduslikud k\u00e4igukastid<\/a>. Oleme eksportinud oma tooteid klientidele \u00fcle maailma ja teeninud hea maine t\u00e4nu meie suurep\u00e4rasele tootekvaliteedile ja m\u00fc\u00fcgij\u00e4rgsele teenindusele. Me tervitame kliente kodus ja v\u00e4lismaal, et v\u00f5tta meiega \u00fchendust, et pidada l\u00e4bir\u00e4\u00e4kimisi \u00e4ri, vahetada teavet ja <a href=\"https:\/\/www.hydraulic-cylinders.net\/et\/contact-us\/\">teha meiega koost\u00f6\u00f6d<\/a>!<\/p>\n<p>&nbsp;<\/p>","protected":false},"excerpt":{"rendered":"<p>HP3G Series Axial Piston Variable Displacement Hydraulic Pump The HP3G series axial piston variable displacement hydraulic pump is a cutting-edge hydraulic solution that combines power, efficiency, and versatility. Designed to meet the demands of modern industrial applications, this pump delivers exceptional performance in a wide range of hydraulic systems. This informative article will explore the [&hellip;]<\/p>","protected":false},"featured_media":1948,"comment_status":"open","ping_status":"closed","template":"","meta":{"_et_pb_use_builder":"","_et_pb_old_content":"","_et_gb_content_width":""},"product_brand":[],"product_cat":[1425],"product_tag":[],"class_list":{"0":"post-1924","1":"product","2":"type-product","3":"status-publish","4":"has-post-thumbnail","6":"product_cat-piston-pump","8":"first","9":"instock","10":"shipping-taxable","11":"product-type-simple"},"amp_enabled":true,"_links":{"self":[{"href":"https:\/\/www.hydraulic-cylinders.net\/et\/wp-json\/wp\/v2\/product\/1924","targetHints":{"allow":["GET"]}}],"collection":[{"href":"https:\/\/www.hydraulic-cylinders.net\/et\/wp-json\/wp\/v2\/product"}],"about":[{"href":"https:\/\/www.hydraulic-cylinders.net\/et\/wp-json\/wp\/v2\/types\/product"}],"replies":[{"embeddable":true,"href":"https:\/\/www.hydraulic-cylinders.net\/et\/wp-json\/wp\/v2\/comments?post=1924"}],"wp:featuredmedia":[{"embeddable":true,"href":"https:\/\/www.hydraulic-cylinders.net\/et\/wp-json\/wp\/v2\/media\/1948"}],"wp:attachment":[{"href":"https:\/\/www.hydraulic-cylinders.net\/et\/wp-json\/wp\/v2\/media?parent=1924"}],"wp:term":[{"taxonomy":"product_brand","embeddable":true,"href":"https:\/\/www.hydraulic-cylinders.net\/et\/wp-json\/wp\/v2\/product_brand?post=1924"},{"taxonomy":"product_cat","embeddable":true,"href":"https:\/\/www.hydraulic-cylinders.net\/et\/wp-json\/wp\/v2\/product_cat?post=1924"},{"taxonomy":"product_tag","embeddable":true,"href":"https:\/\/www.hydraulic-cylinders.net\/et\/wp-json\/wp\/v2\/product_tag?post=1924"}],"curies":[{"name":"wp","href":"https:\/\/api.w.org\/{rel}","templated":true}]}}