{"id":19261,"date":"2025-04-07T06:23:34","date_gmt":"2025-04-07T06:23:34","guid":{"rendered":"https:\/\/www.hydraulic-cylinders.net\/product\/boom-cylinder-for-lishide-middle-excavator-sc200-8h\/"},"modified":"2025-04-07T06:23:36","modified_gmt":"2025-04-07T06:23:36","slug":"boom-cylinder-for-lishide-middle-excavator-sc200-8h","status":"publish","type":"product","link":"https:\/\/www.hydraulic-cylinders.net\/et\/toode\/boom-cylinder-for-lishide-middle-excavator-sc200-8h\/","title":{"rendered":"Lishide'i keskmise ekskavaatori SC200.8H poomi silinder"},"content":{"rendered":"<h1>Lishide'i keskmise ekskavaatori SC200.8H poomi silinder<\/h1>\n<h2>Sissejuhatus poomi silindritesse<\/h2>\n<p>Noole silinder on h\u00fcdros\u00fcsteemide oluline komponent, mis on spetsiaalselt loodud rasketehnika, n\u00e4iteks ekskavaatorite, laadur-ekskavaatori ja esilaaduri jaoks. Need h\u00fcdrosilindrid juhivad kopa liikumist, v\u00f5imaldades sellel t\u00f5sta, langetada ja kallutada. Noole silindri funktsionaalsus on \u00fclioluline t\u00f5husate materjalik\u00e4itlust\u00f6\u00f6de jaoks, pakkudes vajalikku j\u00f5udu raskete koormate t\u00e4pseks man\u00f6\u00f6verdamiseks.<\/p>\n<p><img decoding=\"async\" src=\"https:\/\/www.hydraulic-cylinders.net\/wp-content\/uploads\/2025\/04\/songte-company-1.webp\" alt=\"Poomi silinder\"><\/p>\n<h3>Definitsioon ja \u00fclevaade<\/h3>\n<p>Noole silinder, mis on teatud t\u00fc\u00fcpi h\u00fcdrauliline silinder, m\u00e4ngib olulist rolli mitmesuguste ehitusmasinate t\u00f6\u00f6s. See kasutab h\u00fcdraulilise vedeliku r\u00f5hku lineaarse liikumise loomiseks, muutes h\u00fcdraulilise energia t\u00f5husalt mehaaniliseks t\u00f6\u00f6ks. See mehhanism h\u00f5lbustab kopa t\u00f5stmist ja langetamist, muutes selle kaevamismasinate asendamatuks omaduseks. Noole silindrite disain tagab, et need taluvad raskete t\u00f6\u00f6dega seotud k\u00f5rget r\u00f5hku, pakkudes ehitust\u00f6\u00f6del t\u00f6\u00f6kindlust ja t\u00f5husust.<\/p>\n<h2>Poomi silindri omadused<\/h2>\n<ul>\n<li><strong>Suur tugevus ja vastupidavus:<\/strong> K\u00f5rgtugevast terasest v\u00f5i alumiiniumist valmistatud noolesilindrid on konstrueeritud taluma k\u00f5rget r\u00f5hku ja suuri koormusi, kohandudes samal ajal karmide t\u00f6\u00f6keskkondadega. Need on konstrueeritud kulumiskindlust ja korrosioonikaitset silmas pidades, pikendades nende eluiga.<\/li>\n<li><strong>T\u00f5hus h\u00fcdrauliline t\u00f6\u00f6:<\/strong> Poomi silinder kasutab sujuvaks pikendamiseks ja tagasit\u00f5mbamiseks h\u00fcdraulika\u00f5li r\u00f5hku. See reageerib juhtimisk\u00e4sklustele kiiresti, pakkudes v\u00f5imsat t\u00f5uke- ja t\u00f5mbev\u00f5imet, mist\u00f5ttu sobib see raskete ja keerukate \u00fclesannete t\u00e4itmiseks.<\/li>\n<li><strong>Erinevad t\u00fc\u00fcbid:<\/strong> Poomi silindrid on saadaval erinevates konfiguratsioonides, sealhulgas \u00fchetoimelised (\u00fches suunas t\u00f6\u00f6tavad) v\u00f5i kahetoimelised (m\u00f5lemas suunas t\u00f6\u00f6tavad), mis vastavad erinevatele t\u00f6\u00f6vajadustele. M\u00f5ned mudelid on teleskoopilised, v\u00f5imaldades suuremat pikendust ilma v\u00e4lism\u00f5\u00f5tmeid suurendamata, mis sobib ideaalselt ruumipiirangutega rakenduste jaoks.<\/li>\n<li><strong>\u00dchilduv asendus:<\/strong> Meie tooted on loodud olemasolevate h\u00fcdrosilindrite ideaalseks asendamiseks, tagades sujuva integratsiooni ja funktsionaalsuse.<\/li>\n<li><strong>Kohandatavad lahendused:<\/strong> Pakume kohandatavaid valikuid, et rahuldada klientide konkreetseid vajadusi, suurendades meie poomisilindrite mitmek\u00fclgsust.<\/li>\n<\/ul>\n<p><img decoding=\"async\" src=\"https:\/\/www.hydraulic-cylinders.net\/wp-content\/uploads\/2025\/04\/songte-cylinder-head-with-all-kinds-excavator-models.webp\" alt=\"Ekskavaatori mudelid\"><\/p>\n<h2>Poomi silindri rakendused<\/h2>\n<h3>Ehitustehnika<\/h3>\n<p>Ekskavaatorites on noolesilindrid olulised pinnase v\u00f5i prahi kaevamiseks, laadimiseks ja teisaldamiseks. Need annavad kopale vajaliku j\u00f5u, et see t\u00f5husalt pinnasesse tungiks.<\/p>\n<h3>P\u00f5llumajandustehnika<\/h3>\n<p>Esilaaduritel on noolesilindrid \u00fcliolulised mulla, heina ja muude materjalide kopeerimiseks, t\u00f5stmiseks ja transportimiseks. Nende silindrite t\u00f5hus t\u00f6\u00f6 tagab p\u00f5llumajandust\u00f6\u00f6de \u00f5igeaegse teostamise.<\/p>\n<h3>Ekskavaatorid<\/h3>\n<p>Ekskavaatorite puhul v\u00f5imaldab noole silinder kopal maasse tungida, h\u00f5lbustades t\u00f5husalt kaevamisprotsessi. See funktsioon on oluline mitmesuguste ehitus- ja haljastusprojektide puhul.<\/p>\n<h3>Laadurid<\/h3>\n<p>Esilaaduritel aitavad noolesilindrid koormaid t\u00f5husalt t\u00f5sta ja t\u00fchjendada, tagades optimaalse j\u00f5udluse materjali k\u00e4itlemise ajal.<\/p>\n<h2>Kujunduskaalutlused<\/h2>\n<h3>Kandev\u00f5ime<\/h3>\n<p>Kandev\u00f5ime on noolesilindrite projekteerimisel esmat\u00e4htis kaalutlus. Tootjad peavad tagama, et iga silinder talub t\u00f6\u00f6 ajal tekkida v\u00f5ivat maksimaalset koormust ilma riketeta. See h\u00f5lmab sobivate materjalide ja projekteerimiskonstruktsioonide valimist, mis taluvad d\u00fcnaamilist pinget. K\u00f5rgtugevate materjalide kasutamine aitab saavutada suuremat kandev\u00f5imet, s\u00e4ilitades samal ajal kergema kogukaalu, mis on raskete masinate puhul kriitilise t\u00e4htsusega.<\/p>\n<h3>Tihendus<\/h3>\n<p>T\u00f5hus tihendus on oluline h\u00fcdraulilise vedeliku lekke v\u00e4ltimiseks, mis v\u00f5ib kahjustada poomi silindri efektiivsust. Tihendid peavad olema konstrueeritud taluma k\u00f5rget r\u00f5hku ja kulumist, kasutades selliseid materjale nagu pol\u00fcuretaan ja nitriilkummi. N\u00f5uetekohane tihendus tagab h\u00fcdraulilise vedeliku p\u00fcsimise, s\u00e4ilitades optimaalseks toimimiseks vajaliku r\u00f5hu ja pikendades silindri eluiga.<\/p>\n<h3>Vastupidavus<\/h3>\n<p>Vastupidavus on disainimisel oluline kaalutlus, kuna noole silindrid t\u00f6\u00f6tavad n\u00f5udlikes keskkondades. Sellised tegurid nagu kokkupuude karmide ilmastikutingimustega, tolm ja praht v\u00f5ivad aja jooksul komponente kulutada. Tootjad keskenduvad korrosioonikindlate materjalide kasutamisele ja kaitsekatete pealekandmisele, et pikendada silindri eluiga. Regulaarne hooldus, sealhulgas kontroll ja puhastamine, on silindri optimaalses seisukorras hoidmiseks \u00fclioluline, mis aitab veelgi kaasa selle vastupidavusele.<\/p>\n<h3>Ohutus<\/h3>\n<p>Ohutus on poomi silindrite projekteerimisel esmat\u00e4htis. \u00d5nnetusi p\u00f5hjustavate rikete v\u00e4ltimiseks on integreeritud sellised omadused nagu r\u00f5hukaitseventiilid ja \u00fclekoormuskaitse mehhanismid. Lisaks tehakse p\u00f5hjalikke katseid, et tagada silindrite ohutu toimimine \u00e4\u00e4rmuslikes tingimustes. Operaatorid peavad olema koolitatud ohutu kasutamise tavade osas, et maandada h\u00fcdraulikas\u00fcsteemidega seotud riske.<\/p>\n<h3>Hooldus<\/h3>\n<p>Hooldus on noole silindrite konstruktsiooni teine \u200b\u200b\u200b\u200bkriitiline aspekt. Tihendite ja komponentide lihtne juurdep\u00e4\u00e4s kontrollimiseks ja vahetamiseks on esmat\u00e4htis. Tootjad v\u00f5ivad esitada \u00fcksikasjalikud hooldusjuhised ja -graafikud, et tagada operaatoritele regulaarsete kontrollide ja remondit\u00f6\u00f6de t\u00f5hus teostamine. Regulaarne hooldus v\u00f5ib oluliselt pikendada noole silindrite t\u00f6\u00f6iga, v\u00e4hendades ootamatute rikete t\u00f5en\u00e4osust.<\/p>\n<p><img decoding=\"async\" src=\"https:\/\/www.hydraulic-cylinders.net\/wp-content\/uploads\/2025\/04\/songte-oil-pipes-and-spare-parts.webp\" alt=\"\u00d5litorud ja varuosad\"><\/p>\n<h2>Poomi silindrite tihendamine ja m\u00e4\u00e4rimine<\/h2>\n<p>Tihendamine ja m\u00e4\u00e4rimine on poomi silindrite t\u00f5husa t\u00f6\u00f6 jaoks kriitilise t\u00e4htsusega. H\u00fcdraulilise vedeliku hoidmiseks kasutatakse mitmesuguseid tihendeid, n\u00e4iteks kolvitihendeid ja varrastihendeid. Vastupidavate materjalide, n\u00e4iteks pol\u00fcuretaani ja nitriilkummi valimine tihendite jaoks suurendab kulumiskindlust ja pikaealisust. Silindri korpus ja keermestatud otsad on hoolikalt t\u00f6\u00f6deldud, et parandada kulumiskindlust, tagades silindri pikaealisuse pideva kasutamise korral. Regulaarne m\u00e4\u00e4rimine sobiva h\u00fcdraulika\u00f5liga on oluline h\u00f5\u00f5rdumise minimeerimiseks ja sisemiste komponentide kulumise v\u00e4ltimiseks, s\u00e4ilitades seel\u00e4bi optimaalse j\u00f5udluse.<\/p>\n<h2>Ennetavad hooldusmeetmed<\/h2>\n<ul>\n<li><strong>Regulaarsed kontrollid:<\/strong> Regulaarsete kontrollide tegemine aitab kulumist ja v\u00f5imalikke probleeme enne nende s\u00fcvenemist tuvastada. Otsige lekkeid, tihendite kulumisj\u00e4lgi ja silindri \u00fcldist terviklikkust.<\/li>\n<li><strong>\u00d5ige m\u00e4\u00e4rimine:<\/strong> H\u00fcdraulika\u00f5li piisava taseme ja m\u00e4\u00e4rimispunktide regulaarse hooldamise tagamine on sujuva t\u00f6\u00f6 ja pikaealisuse tagamiseks \u00fclioluline.<\/li>\n<li><strong>Tihendi vahetamine:<\/strong> Aja jooksul v\u00f5ivad tihendid h\u00f5\u00f5rdumise ja r\u00f5hu t\u00f5ttu laguneda. H\u00fcdraulilise efektiivsuse s\u00e4ilitamiseks ja lekete v\u00e4ltimiseks planeerige regulaarset vahetust.<\/li>\n<\/ul>\n<h2>Paigaldusjuhised<\/h2>\n<p>Poomi silindri \u00f5ige paigaldamine on optimaalse j\u00f5udluse saavutamiseks \u00fclioluline. \u00d5ige paigaldamise tagamiseks j\u00e4rgige neid samme:<\/p>\n<ol>\n<li>Veenduge, et t\u00f6\u00f6ala oleks puhas ja takistustest vaba.<\/li>\n<li>Joondage silinder \u00f5igesti kinnituspunktidega, et v\u00e4ltida joondamise probleeme.<\/li>\n<li>Kasutage silindri kindlalt paigale kinnitamiseks sobivaid kinnitusklambreid.<\/li>\n<li>Enne s\u00fcsteemi survestamist kontrollige k\u00f5iki \u00fchendusi ja veenduge, et tihendid on \u00f5igesti paigas.<\/li>\n<li>P\u00e4rast paigaldamist tehke mitu katset, et veenduda silindri sujuvas ja leketeta toimimises.<\/li>\n<\/ol>\n<h2>Poomi silindrite hooldust\u00f6\u00f6d<\/h2>\n<ul>\n<li><strong>Regulaarsed kontrollid:<\/strong> J\u00e4lgige regulaarselt silindri ja \u00fcmbritsevate komponentide seisukorda kulumise v\u00f5i kahjustuste suhtes.<\/li>\n<li><strong>\u00d5ige m\u00e4\u00e4rimine:<\/strong> Veenduge, et k\u00f5ik m\u00e4\u00e4rimispunktid on h\u00e4sti \u00f5litatud ja et h\u00fcdraulika\u00f5li tase on h\u00f5\u00f5rdumise minimeerimiseks piisav.<\/li>\n<li><strong>Tihendite vahetamine:<\/strong> Kontrollige tihendeid kahjustuste v\u00f5i kulumise suhtes ja vahetage need vastavalt vajadusele v\u00e4lja, et s\u00e4ilitada h\u00fcdrauliline terviklikkus.<\/li>\n<\/ul>\n<h2>Ohutuskaalutlused ja keskkonnategurid<\/h2>\n<p>Poomisilindrite kasutamisel on ohutusmeetmete rakendamine \u00fclioluline. Operaatorid peavad olema teadlikud oma \u00fcmbrusest ja tagama t\u00f6\u00f6alade turvalisuse. Seadmete n\u00f5uetekohase k\u00e4sitsemise v\u00e4lja\u00f5pe v\u00e4hendab oluliselt \u00f5nnetuste ohtu. Lisaks v\u00f5ivad silindri j\u00f5udlust m\u00f5jutada keskkonnategurid, n\u00e4iteks \u00e4\u00e4rmuslikud ilmastikutingimused. Nende riskide maandamiseks on oluline seadmeid hoida ohututes tingimustes ja teha regulaarset hooldust.<\/p>\n<h2>Levinud probleemide t\u00f5rkeotsing<\/h2>\n<ul>\n<li><strong>\u00d5lilekked:<\/strong> Kahjustatud tihendite t\u00f5ttu v\u00f5ivad tekkida lekked. Kontrollige tihendeid ja vajadusel vahetage need v\u00e4lja.<\/li>\n<li><strong>Aeglane liikumine:<\/strong> See v\u00f5ib viidata madalale h\u00fcdraulikavedeliku tasemele v\u00f5i ummistusele h\u00fcdraulikavoolikutes. Kontrollige vedeliku taset ja voolikuid ummistuste suhtes.<\/li>\n<li><strong>Ebatavalised helid:<\/strong> T\u00f6\u00f6tamise ajal tekkivad m\u00fcrad v\u00f5ivad viidata sisemistele kahjustustele v\u00f5i ebapiisavale m\u00e4\u00e4rimisele. Uurige kulumise v\u00f5i \u00f5lipuuduse m\u00e4rke.<\/li>\n<\/ul>\n<p>Ennetavate meetmete rakendamine, n\u00e4iteks regulaarne hooldus ja j\u00e4lgimine, aitab minimeerida v\u00f5imalikke probleeme ja pikendada poomi silindri eluiga.<\/p>\n<p><img decoding=\"async\" src=\"https:\/\/www.hydraulic-cylinders.net\/wp-content\/uploads\/2025\/04\/songte-bushings-with-all-kinds-of-excavator-models.webp\" alt=\"Ekskavaatorimudelite puksid\"><\/p>\n<h2>Meie ettev\u00f5ttest<\/h2>\n<p>Oleme juhtiv asendush\u00fcdrauliliste silindrite tootja, pakkudes laia tootevalikut nii sise- kui ka rahvusvahelistele turgudele. Meie p\u00fchendumust tippkvaliteedile toetab t\u00e4iustatud tootmisstrateegia, mis kasutab t\u00e4iustatud tehnoloogiat, oskuslikku personali ja ranget kvaliteedikontrollis\u00fcsteemi. Investeerime pidevalt tipptasemel tootmisseadmetesse ja professionaalsetesse testimiss\u00fcsteemidesse, et suurendada oma tootmisv\u00f5imsust. Meie eesm\u00e4rk on rahuldada klientide mitmekesiseid vajadusi suure t\u00f5hususega, t\u00e4psuse ja kvaliteediga.<\/p>\n<p><img decoding=\"async\" src=\"https:\/\/www.hydraulic-cylinders.net\/wp-content\/uploads\/2025\/04\/songte-company-4.webp\" alt=\"Ettev\u00f5tte \u00fclevaade\"><br \/>\n<img decoding=\"async\" src=\"https:\/\/www.hydraulic-cylinders.net\/wp-content\/uploads\/2025\/04\/songte-company-3.webp\" alt=\"Ettev\u00f5tte tootmine\"><\/p>\n<h2>Kokkuv\u00f5te<\/h2>\n<p>Kokkuv\u00f5tteks v\u00f5ib \u00f6elda, et Lishide'i keskmise ekskavaatori SC200.8H poomi silinder on rasketehnika oluline komponent, mis h\u00f5lbustab t\u00f5husat materjalik\u00e4itlust. Selle omaduste, rakenduste ja hooldusn\u00f5uete m\u00f5istmine tagab optimaalse j\u00f5udluse ja pikaealisuse. Meie ettev\u00f5te on p\u00fchendunud kvaliteetsete h\u00fcdrauliliste lahenduste pakkumisele, mis on kohandatud teie konkreetsetele vajadustele.<\/p>\n<p>Autor: lyl<\/p>","protected":false},"excerpt":{"rendered":"<p>Boom Cylinder For Lishide Middle Excavator SC200.8H Introduction to Boom Cylinders The boom cylinder is a crucial component in hydraulic systems, specifically designed for heavy machinery such as excavators, backhoe loaders, and front-end loaders. These hydraulic cylinders control the movement of the bucket, allowing it to lift, lower, and tilt. The functionality of the boom [&hellip;]<\/p>","protected":false},"featured_media":17871,"comment_status":"open","ping_status":"closed","template":"","meta":{"_et_pb_use_builder":"","_et_pb_old_content":"","_et_gb_content_width":""},"product_brand":[],"product_cat":[1546],"product_tag":[1547,1496],"class_list":{"0":"post-19261","1":"product","2":"type-product","3":"status-publish","4":"has-post-thumbnail","6":"product_cat-boom-cylinders","7":"product_tag-boom-cylinders","8":"product_tag-hydraulic-cylinders","10":"first","11":"instock","12":"shipping-taxable","13":"product-type-simple"},"amp_enabled":true,"_links":{"self":[{"href":"https:\/\/www.hydraulic-cylinders.net\/et\/wp-json\/wp\/v2\/product\/19261","targetHints":{"allow":["GET"]}}],"collection":[{"href":"https:\/\/www.hydraulic-cylinders.net\/et\/wp-json\/wp\/v2\/product"}],"about":[{"href":"https:\/\/www.hydraulic-cylinders.net\/et\/wp-json\/wp\/v2\/types\/product"}],"replies":[{"embeddable":true,"href":"https:\/\/www.hydraulic-cylinders.net\/et\/wp-json\/wp\/v2\/comments?post=19261"}],"wp:featuredmedia":[{"embeddable":true,"href":"https:\/\/www.hydraulic-cylinders.net\/et\/wp-json\/wp\/v2\/media\/17871"}],"wp:attachment":[{"href":"https:\/\/www.hydraulic-cylinders.net\/et\/wp-json\/wp\/v2\/media?parent=19261"}],"wp:term":[{"taxonomy":"product_brand","embeddable":true,"href":"https:\/\/www.hydraulic-cylinders.net\/et\/wp-json\/wp\/v2\/product_brand?post=19261"},{"taxonomy":"product_cat","embeddable":true,"href":"https:\/\/www.hydraulic-cylinders.net\/et\/wp-json\/wp\/v2\/product_cat?post=19261"},{"taxonomy":"product_tag","embeddable":true,"href":"https:\/\/www.hydraulic-cylinders.net\/et\/wp-json\/wp\/v2\/product_tag?post=19261"}],"curies":[{"name":"wp","href":"https:\/\/api.w.org\/{rel}","templated":true}]}}